{"id":24423,"date":"2025-03-13T08:59:08","date_gmt":"2025-03-13T08:59:08","guid":{"rendered":"https:\/\/cloudmlmsoftware.com\/module-denvoi-de-mails-de-masse\/"},"modified":"2025-03-17T10:01:18","modified_gmt":"2025-03-17T10:01:18","slug":"module-denvoi-de-mails-de-masse","status":"publish","type":"page","link":"https:\/\/cloudmlmsoftware.com\/fr\/module-denvoi-de-mails-de-masse\/","title":{"rendered":"Module d&#8217;envoi d&#8217;e-mails de masse"},"content":{"rendered":"\n<div class=\"bannerBgcolor BannerBg pt-16 pb-20 relative overflow-hidden\">\n        <div class=\"animation-wrapper\">\n            <div class=\"particle particle-1\"><\/div>\n            <div class=\"particle particle-2\"><\/div>\n            <div class=\"particle particle-3\"><\/div>\n            <div class=\"particle particle-4\"><\/div>\n        <\/div>\n\n        <div class=\"container mx-auto xl:h-[504px] lg:h-[450px] h-auto relative z-1\">\n            <div class=\"flex flex-wrap items-center\">\n                <div class=\"md:basis-5\/12 sm:basis-12\/12 pr-4 pr-0 py-14\">\n                    <img decoding=\"async\" src=\"\/wp-content\/uploads\/2024\/08\/Modulesbanner.webp\" width=\"467\" height=\"411\" alt=\"meilleur logiciel MLM aux Etats-Unis\" class=\"pulseBannerImg\"\/>\n                <\/div>\n                <div class=\"md:basis-7\/12 sm:basis-12\/12\">\n                    <h1 class=\"lg:text-mainTitleFontSize sm:text-3xl text-3xl text-white lg:leading-snug \">\n                        <span class=\"font-bold animate-charcter-offwhite\">Module d&#8217;envoi d&#8217;e-mails de masse\n                        <\/span>\n                    <\/h1>\n\n                    <p class=\"offlightWhite pt-3 text-md\">La communication par e-mail joue un r\u00f4le vital dans la r\u00e9ussite commerciale. Avec le module d&#8217;e-mail de masse, vous pouvez facilement atteindre un large public, envoyer des promotions cibl\u00e9es et garder votre r\u00e9seau engag\u00e9. Cette fonctionnalit\u00e9 permet aux entreprises de rationaliser les campagnes par e-mail, d&#8217;assurer une livraison efficace des newsletters, des mises \u00e0 jour et du contenu marketing. En automatisant les e-mails en vrac, vous pouvez \u00e9conomiser du temps, r\u00e9duire les co\u00fbts et maximiser l&#8217;engagement, ce qui en fait un outil essentiel pour la croissance des entreprises modernes.   \n<\/p>\n\n                <\/div>\n\n            <\/div>\n        <\/div>\n    <\/div>\n    <!-- ************************************************************************************* -->\n\n\n    <section class=\"p-sectionpadding\">\n        <div class=\"container mx-auto pt-20\">\n            <div class=\"flex flex-wrap items-start md:items-center flex-col-reverse md:flex-row\">\n                <div class=\"flex-1 w-full md:w-8\/12 pr-0 lg:pr-7 pr-0 mt-3\">\n                    <div class=\"relative\">\n\n                        <h2 class=\"lg:text-TitlesemiFontSize text-2xl titleColor lg:leading-snug capitalize\">\n Effortless <span class=\"font-bold\"> Bulk Email Communication <\/span>for Your MLM Business\n                        <\/h2>\n\n\n                        \n\n                        <p class=\"pt-6 font-light leading-6 text-textpara contentColor\">Une communication efficace est la cl\u00e9 du succ\u00e8s de la MLM et les e-mails jouent un r\u00f4le crucial pour maintenir votre r\u00e9seau engag\u00e9. Le module d&#8217;envoi d&#8217;e-mails de masse dans le logiciel Cloud MLM permet aux administrateurs de planifier, de personnaliser et d&#8217;automatiser facilement les e-mails. \n<\/p>\n\n\n                        <p class=\"pt-5 font-light leading-6 text-textpara contentColor\">Notre module d&#8217;e-mail \u00e0 cloud est con\u00e7u pour la vitesse, la pr\u00e9cision et la fiabilit\u00e9, garantissant la livraison transparente des messages promotionnels, des mises \u00e0 jour et des notifications. Restez connect\u00e9 avec votre \u00e9quipe et prospects sans effort tout en maximisant l&#8217;impact de vos campagnes par e-mail.  \n<\/p>\n\n                    <\/div>\n                <\/div>\n\n\n                <div class=\"hidden lg:flex items-end justify-right w-[360px] primaryColor rounded-2xl pt-20 pl-10 ml-0 md:ml-10 mb-2 pb-0 overflow-hidden mt-3\">\n                    <img decoding=\"async\" src=\"\/wp-content\/uploads\/2025\/03\/Bulk-Email-Service.webp\" alt=\"Image\" class=\"relative right-[-10px] w-full\"\/>\n                <\/div>\n            <\/div>\n        <\/div>\n    <\/section>\n    <!-- ================================================================================================ -->\n    <section class=\"p-sectionpadding\">\n        <div class=\"container mx-auto \">\n            <div class=\"relative darkblue rounded-2xl p-7 lg:p-12 py-16 overflow-hidden\">\n                <div class=\"flex flex-wrap items-center\">\n\n                    <div class=\"relative w-full lg:w-5\/12 pr-0 lg:pr-12\">\n                        <img decoding=\"async\" src=\"\/wp-content\/uploads\/2025\/03\/BulkEmail.webp\" alt=\"Service de messagerie de masse\" class=\"mb-4 lg:mb-0 w-full\"\/>\n                    <\/div>\n\n                    <div class=\"lg:flex-shrink-0 w-full lg:w-7\/12 \">\n                        <h4 class=\"lg:text-TitlesemiFontSize text-2xl text-white lg:leading-snug capitalize\">\n                             <span class=\"font-bold\"> Features of Cloud MLM&#8217;s <\/span>\n Mass Email Sending Module\n                        <\/h4>\n                        <ul class=\"flex flex-wrap space-x-2 mt-4 ml-[-12px] list1\">\n                            <li class=\"text-textpara text-white font-light leading-6 mb-3 ml-2\">Entendent efficace des clients &#8211; Envoyez des e-mails en vrac \u00e0 vos listes de marketing et transformez les prospects en clients fid\u00e8les.\n<\/li>\n                            <li class=\"text-textpara text-white font-light leading-6 mb-3 ml-2\">Accessibilit\u00e9 mondiale &#8211; Connectez-vous avec votre \u00e9quipe et vos clients de n&#8217;importe quel appareil, partout dans le monde.\n <\/li>\n                            <li class=\"text-textpara text-white font-light leading-6 mb-3 ml-2\">You can easily add and remove participants in our email system. Our email module offers a 24\/7 automated email service that consumes minimal memory while operating in the background. \n<\/li>\n                            <li class=\"text-textpara text-white font-light leading-6 mb-3 ml-2\"> Int\u00e9gration transparente des m\u00e9dias sociaux &#8211; Am\u00e9liorez la confiance en ins\u00e9rant des liens de r\u00e9seaux sociaux directement dans vos e-mails.\n<\/li>\n                           \n                        <\/ul>\n                    <\/div>\n                <\/div>\n            <\/div>\n        <\/div>\n    <\/section>\n","protected":false},"excerpt":{"rendered":"<p>Module d&#8217;envoi d&#8217;e-mails de masse La communication par e-mail joue un r\u00f4le vital dans la r\u00e9ussite commerciale. Avec le module d&#8217;e-mail de masse, vous pouvez facilement atteindre un large public, envoyer des promotions cibl\u00e9es et garder votre r\u00e9seau engag\u00e9. Cette fonctionnalit\u00e9 permet aux entreprises de rationaliser les campagnes par e-mail, d&#8217;assurer une livraison efficace des [&hellip;]<\/p>\n","protected":false},"author":3,"featured_media":0,"parent":0,"menu_order":0,"comment_status":"closed","ping_status":"closed","template":"moduleemail-page.php","meta":{"_acf_changed":false,"footnotes":""},"class_list":["post-24423","page","type-page","status-publish","hentry"],"acf":[],"yoast_head":"<!-- This site is optimized with the Yoast SEO Premium plugin v23.6 (Yoast SEO v25.9) - https:\/\/yoast.com\/wordpress\/plugins\/seo\/ -->\n<title>Module d&#039;envoi d&#039;e-mails de masse - Cloud MLM Software<\/title>\n<meta name=\"description\" content=\"Envoyez des e-mails en vrac sans effort avec notre module d&#039;envoi de messagerie de masse. Automatiser les campagnes, personnaliser les messages et stimuler l&#039;engagement. Essayez-le aujourd&#039;hui\" \/>\n<meta name=\"robots\" content=\"index, follow, max-snippet:-1, max-image-preview:large, max-video-preview:-1\" \/>\n<link rel=\"canonical\" href=\"https:\/\/cloudmlmsoftware.com\/fr\/module-denvoi-de-mails-de-masse\/\" \/>\n<meta property=\"og:locale\" content=\"fr_FR\" \/>\n<meta property=\"og:type\" content=\"article\" \/>\n<meta property=\"og:title\" content=\"Module d&#039;envoi d&#039;e-mails de masse\" \/>\n<meta property=\"og:description\" content=\"Envoyez des e-mails en vrac sans effort avec notre module d&#039;envoi de messagerie de masse. Automatiser les campagnes, personnaliser les messages et stimuler l&#039;engagement. Essayez-le aujourd&#039;hui\" \/>\n<meta property=\"og:url\" content=\"https:\/\/cloudmlmsoftware.com\/fr\/module-denvoi-de-mails-de-masse\/\" \/>\n<meta property=\"og:site_name\" content=\"Cloud MLM Software\" \/>\n<meta property=\"article:modified_time\" content=\"2025-03-17T10:01:18+00:00\" \/>\n<meta name=\"twitter:card\" content=\"summary_large_image\" \/>\n<meta name=\"twitter:label1\" content=\"Dur\u00e9e de lecture estim\u00e9e\" \/>\n\t<meta name=\"twitter:data1\" content=\"2 minutes\" \/>\n<!-- \/ Yoast SEO Premium plugin. -->","yoast_head_json":{"title":"Module d'envoi d'e-mails de masse - Cloud MLM Software","description":"Envoyez des e-mails en vrac sans effort avec notre module d'envoi de messagerie de masse. Automatiser les campagnes, personnaliser les messages et stimuler l'engagement. Essayez-le aujourd'hui","robots":{"index":"index","follow":"follow","max-snippet":"max-snippet:-1","max-image-preview":"max-image-preview:large","max-video-preview":"max-video-preview:-1"},"canonical":"https:\/\/cloudmlmsoftware.com\/fr\/module-denvoi-de-mails-de-masse\/","og_locale":"fr_FR","og_type":"article","og_title":"Module d'envoi d'e-mails de masse","og_description":"Envoyez des e-mails en vrac sans effort avec notre module d'envoi de messagerie de masse. Automatiser les campagnes, personnaliser les messages et stimuler l'engagement. Essayez-le aujourd'hui","og_url":"https:\/\/cloudmlmsoftware.com\/fr\/module-denvoi-de-mails-de-masse\/","og_site_name":"Cloud MLM Software","article_modified_time":"2025-03-17T10:01:18+00:00","twitter_card":"summary_large_image","twitter_misc":{"Dur\u00e9e de lecture estim\u00e9e":"2 minutes"},"schema":{"@context":"https:\/\/schema.org","@graph":[{"@type":"WebPage","@id":"https:\/\/cloudmlmsoftware.com\/fr\/module-denvoi-de-mails-de-masse\/","url":"https:\/\/cloudmlmsoftware.com\/fr\/module-denvoi-de-mails-de-masse\/","name":"Module d'envoi d'e-mails de masse - Cloud MLM Software","isPartOf":{"@id":"https:\/\/cloudmlmsoftware.com\/fr\/#website"},"datePublished":"2025-03-13T08:59:08+00:00","dateModified":"2025-03-17T10:01:18+00:00","description":"Envoyez des e-mails en vrac sans effort avec notre module d'envoi de messagerie de masse. Automatiser les campagnes, personnaliser les messages et stimuler l'engagement. Essayez-le aujourd'hui","breadcrumb":{"@id":"https:\/\/cloudmlmsoftware.com\/fr\/module-denvoi-de-mails-de-masse\/#breadcrumb"},"inLanguage":"fr-FR","potentialAction":[{"@type":"ReadAction","target":["https:\/\/cloudmlmsoftware.com\/fr\/module-denvoi-de-mails-de-masse\/"]}]},{"@type":"BreadcrumbList","@id":"https:\/\/cloudmlmsoftware.com\/fr\/module-denvoi-de-mails-de-masse\/#breadcrumb","itemListElement":[{"@type":"ListItem","position":1,"name":"Home","item":"https:\/\/cloudmlmsoftware.com\/fr\/"},{"@type":"ListItem","position":2,"name":"Module d&#8217;envoi d&#8217;e-mails de masse"}]},{"@type":"WebSite","@id":"https:\/\/cloudmlmsoftware.com\/fr\/#website","url":"https:\/\/cloudmlmsoftware.com\/fr\/","name":"Cloud MLM Software","description":"","publisher":{"@id":"https:\/\/cloudmlmsoftware.com\/fr\/#organization"},"potentialAction":[{"@type":"SearchAction","target":{"@type":"EntryPoint","urlTemplate":"https:\/\/cloudmlmsoftware.com\/fr\/?s={search_term_string}"},"query-input":{"@type":"PropertyValueSpecification","valueRequired":true,"valueName":"search_term_string"}}],"inLanguage":"fr-FR"},{"@type":"Organization","@id":"https:\/\/cloudmlmsoftware.com\/fr\/#organization","name":"Cloud MLM Software","url":"https:\/\/cloudmlmsoftware.com\/fr\/","logo":{"@type":"ImageObject","inLanguage":"fr-FR","@id":"https:\/\/cloudmlmsoftware.com\/fr\/#\/schema\/logo\/image\/","url":"https:\/\/cloudmlmsoftware.com\/wp-content\/uploads\/2024\/09\/cloudmlm-logo.webp","contentUrl":"https:\/\/cloudmlmsoftware.com\/wp-content\/uploads\/2024\/09\/cloudmlm-logo.webp","width":200,"height":40,"caption":"Cloud MLM Software"},"image":{"@id":"https:\/\/cloudmlmsoftware.com\/fr\/#\/schema\/logo\/image\/"}}]}},"_links":{"self":[{"href":"https:\/\/cloudmlmsoftware.com\/fr\/wp-json\/wp\/v2\/pages\/24423","targetHints":{"allow":["GET"]}}],"collection":[{"href":"https:\/\/cloudmlmsoftware.com\/fr\/wp-json\/wp\/v2\/pages"}],"about":[{"href":"https:\/\/cloudmlmsoftware.com\/fr\/wp-json\/wp\/v2\/types\/page"}],"author":[{"embeddable":true,"href":"https:\/\/cloudmlmsoftware.com\/fr\/wp-json\/wp\/v2\/users\/3"}],"replies":[{"embeddable":true,"href":"https:\/\/cloudmlmsoftware.com\/fr\/wp-json\/wp\/v2\/comments?post=24423"}],"version-history":[{"count":1,"href":"https:\/\/cloudmlmsoftware.com\/fr\/wp-json\/wp\/v2\/pages\/24423\/revisions"}],"predecessor-version":[{"id":24424,"href":"https:\/\/cloudmlmsoftware.com\/fr\/wp-json\/wp\/v2\/pages\/24423\/revisions\/24424"}],"wp:attachment":[{"href":"https:\/\/cloudmlmsoftware.com\/fr\/wp-json\/wp\/v2\/media?parent=24423"}],"curies":[{"name":"wp","href":"https:\/\/api.w.org\/{rel}","templated":true}]}}