{"id":18390,"date":"2024-09-28T06:02:05","date_gmt":"2024-09-28T06:02:05","guid":{"rendered":"https:\/\/cloudmlmsoftware.com\/logiciel-mlm-instances-de-logiciels-dedemonstration-gratuits\/"},"modified":"2024-10-04T06:35:27","modified_gmt":"2024-10-04T06:35:27","slug":"logiciel-mlm-instances-de-logiciels-dedemonstration-gratuits","status":"publish","type":"page","link":"https:\/\/cloudmlmsoftware.com\/fr\/logiciel-mlm-instances-de-logiciels-dedemonstration-gratuits\/","title":{"rendered":"Logiciel MLM Instances de logiciels ded\u00e9monstration gratuits"},"content":{"rendered":"\n<div class=\"bannerBgcolor BannerBg pt-4 md:pt-12 overflow-hidden\">\n   <div class=\"animation-wrapper\">\n      <div class=\"particle particle-1\"><\/div>\n      <div class=\"particle particle-2\"><\/div>\n      <div class=\"particle particle-3\"><\/div>\n      <div class=\"particle particle-4\"><\/div>\n   <\/div>\n   <div class=\"container mx-auto pt-2 md:h-[600px] sm:h-[400px] h-[400px] overflow-hidden relative z-1\">\n      <div class=\"flex flex-wrap items-center\">\n         <div class=\"w-full md:w-8\/12 mx-auto text-center pt-10 mb-8\">\n            <h1 class=\"lg:text-mainTitleFontSize sm:text-3xl text-3xl text-white lg:leading-snug capitalize\">  Logiciel MLM Instances de logiciels de<span class=\"font-bold animate-charcter-offwhite\">d\u00e9monstration <\/span>gratuits  <\/h1>\n            <div class=\"w-8\/12 mx-auto text-center pt-6\"> <a href=\"https:\/\/demo.cloudmlmsoftware.com\" class=\"button primaryColor px-4 py-3 w-[132px] mx-auto rounded-md text-white md:flex text-sm md:text-md sm:block btn1\">Essayez la d\u00e9mo gratuite  <\/a> <\/div>\n         <\/div>\n         <div class=\"w-full p-4 relative z-9\"> <img decoding=\"async\" src=\"\/wp-content\/uploads\/2024\/08\/Demobanner.webp\" alt=\"logiciel MLM\" width=\"692\" height=\"516\" class=\"mx-auto\"\/> <\/div>\n      <\/div>\n   <\/div>\n<\/div>\n<!-- ************************************************************************************* --> \n<section class=\"p-sectionpadding mt-16\">\n   <div class=\"container mx-auto\">\n      <div class=\"flex flex-wrap\">\n         <div class=\"w-full md:w-6\/12 p-6 pl-0 section\">\n            <div class=\"w-ful sticky-section\" id=\"section1\">\n               <h2 class=\"lg:text-TitlesemiFontSize leading-snug capitalize text-2xl titleColor\">Optimize Your MLM Business <span class=\"font-bold\">Advanced Network Management Software. <\/span>  <\/h2>\n               <p class=\"text-textpara font-light contentColor leading-6 mt-3\">  Cloud MLM Software vous permet de pr\u00e9visualiser instantan\u00e9ment n&#8217;importe quel plan de r\u00e9mun\u00e9ration MLM.\nIl s&#8217;agit de la d\u00e9mo du logiciel Binary MLM, de la d\u00e9mo du logiciel Matrix MLM, de la d\u00e9mo du logiciel Unilevel MLM, et bien d&#8217;autres encore.\nVous pouvez tester le logiciel en direct, de l&#8217;enregistrement en tant que client \u00e0 l&#8217;approbation en tant qu&#8217;administrateur, en passant par les options de paiement et de retrait, et m\u00eame par toutes les fonctionnalit\u00e9s disponibles du logiciel MLM.\nN&#8217;oubliez pas qu&#8217;il s&#8217;agit d&#8217;une d\u00e9mo accessible \u00e0 plusieurs personnes \u00e0 la fois.\nSi vous avez besoin d&#8217;une d\u00e9mo personnalis\u00e9e pour vous seul, vous pouvez vous inscrire ici et obtenir les d\u00e9tails d&#8217;acc\u00e8s.      <\/p>\n               <div class=\"mt-5 w-full mt-5\"> <a href=\"https:\/\/cloudmlmsoftware.com\/fr\/contact\/\" class=\"primaryColor px-4 py-3 w-[200px] rounded-md text-white md:flex text-xs md:text-sm btn1 capitalize\" role=\"button\">Contactez-nous pour plus d&#8217;informations<\/a> <\/div>\n            <\/div>\n            <div class=\"w-full sticky-section\" id=\"section2\">\n               <h3 class=\"lg:text-TitlesemiFontSize leading-snug text-2xl capitalize titleColor\">  Un <span class=\"font-bold\"> logiciel MLM<\/span> con\u00e7u pour faciliter la gestion de l&#8217;<span class=\"font-bold\">activit\u00e9 MLM <\/span>et du <span class=\"font-bold\">r\u00e9seau<\/span> <\/h3>\n               <p class=\"text-textpara font-light contentColor leading-6 mt-3\">  Lorsqu&#8217;il s&#8217;agit de g\u00e9rer une entreprise MLM, la t\u00e2che est ardue sans logiciel.\nIl existe des centaines de logiciels disponibles \u00e0 cet effet, mais les logiciels MLM en nuage facilitent vraiment les choses.   <\/p>\n               <p class=\"text-textpara font-light contentColor leading-6 mt-3\">  Les options sont illimit\u00e9es, nous pouvons personnaliser ce logiciel en fonction de vos besoins.\nLes plans peuvent \u00eatre r\u00e9\u00e9crits, les th\u00e8mes peuvent \u00eatre modifi\u00e9s, les skins peuvent \u00eatre cr\u00e9\u00e9s, et nous pouvons reconstruire le logiciel dans n&#8217;importe quel design que vous pr\u00e9f\u00e9rez.\nNous pouvons m\u00eame cr\u00e9er un design s\u00e9par\u00e9 pour votre entreprise.\nEtant le meilleur logiciel MLM du march\u00e9, nous prenons toujours en compte les demandes de fonctionnalit\u00e9s et les rapports de bugs.\nSi vous avez trouv\u00e9 des bugs, ou un comportement inhabituel dans notre section logiciel, vous pouvez nous contacter.\nNous appr\u00e9cions votre soutien.       <\/p>\n               <div class=\"mt-3 w-full mt-5\"> <a href=\"https:\/\/cloudmlmsoftware.com\/fr\/contact\/\" class=\"primaryColor px-4 py-3 w-[200px] rounded-md text-white md:flex text-xs md:text-sm btn1 capitalize\" role=\"button\">Contactez-nous pour plus d&#8217;informations<\/a> <\/div>\n            <\/div>\n         <\/div>\n         <div class=\"w-full md:w-6\/12 p-8 pr-0 sticky-container\">\n            <div class=\"right-image\"> <img decoding=\"async\" src=\"\/wp-content\/uploads\/2024\/08\/Featurebanner.webp\" width=\"\" height=\"\" alt=\"meilleur logiciel mlm\" class=\"active\"\/> <img decoding=\"async\" src=\"\/wp-content\/uploads\/2024\/08\/directselling.webp\" width=\"\" height=\"\" alt=\"meilleur logiciel mlm\" class=\"\"\/> <\/div>\n         <\/div>\n      <\/div>\n   <\/div>\n<\/section>\n","protected":false},"excerpt":{"rendered":"<p>Logiciel MLM Instances de logiciels ded\u00e9monstration gratuits Essayez la d\u00e9mo gratuite Optimize Your MLM Business Advanced Network Management Software. Cloud MLM Software vous permet de pr\u00e9visualiser instantan\u00e9ment n&#8217;importe quel plan de r\u00e9mun\u00e9ration MLM. Il s&#8217;agit de la d\u00e9mo du logiciel Binary MLM, de la d\u00e9mo du logiciel Matrix MLM, de la d\u00e9mo du logiciel Unilevel [&hellip;]<\/p>\n","protected":false},"author":1,"featured_media":0,"parent":0,"menu_order":0,"comment_status":"closed","ping_status":"closed","template":"presetdemo-page.php","meta":{"_acf_changed":false,"footnotes":""},"class_list":["post-18390","page","type-page","status-publish","hentry"],"acf":[],"yoast_head":"<!-- This site is optimized with the Yoast SEO Premium plugin v23.6 (Yoast SEO v25.9) - https:\/\/yoast.com\/wordpress\/plugins\/seo\/ -->\n<title>D\u00e9mo du logiciel MLM - D\u00e9couvrez les fonctionnalit\u00e9s et avantages<\/title>\n<meta name=\"description\" content=\"D\u00e9mo du logiciel MLM, consultez notre essai gratuit pour explorer les outils de gestion des membres et le suivi des ventes pour votre entreprise.\" \/>\n<meta name=\"robots\" content=\"index, follow, max-snippet:-1, max-image-preview:large, max-video-preview:-1\" \/>\n<link rel=\"canonical\" href=\"https:\/\/cloudmlmsoftware.com\/fr\/logiciel-mlm-instances-de-logiciels-dedemonstration-gratuits\/\" \/>\n<meta property=\"og:locale\" content=\"fr_FR\" \/>\n<meta property=\"og:type\" content=\"article\" \/>\n<meta property=\"og:title\" content=\"Logiciel MLM Instances de logiciels ded\u00e9monstration gratuits\" \/>\n<meta property=\"og:description\" content=\"D\u00e9mo du logiciel MLM, consultez notre essai gratuit pour explorer les outils de gestion des membres et le suivi des ventes pour votre entreprise.\" \/>\n<meta property=\"og:url\" content=\"https:\/\/cloudmlmsoftware.com\/fr\/logiciel-mlm-instances-de-logiciels-dedemonstration-gratuits\/\" \/>\n<meta property=\"og:site_name\" content=\"Cloud MLM Software\" \/>\n<meta property=\"article:modified_time\" content=\"2024-10-04T06:35:27+00:00\" \/>\n<meta name=\"twitter:card\" content=\"summary_large_image\" \/>\n<meta name=\"twitter:label1\" content=\"Dur\u00e9e de lecture estim\u00e9e\" \/>\n\t<meta name=\"twitter:data1\" content=\"2 minutes\" \/>\n<!-- \/ Yoast SEO Premium plugin. -->","yoast_head_json":{"title":"D\u00e9mo du logiciel MLM - D\u00e9couvrez les fonctionnalit\u00e9s et avantages","description":"D\u00e9mo du logiciel MLM, consultez notre essai gratuit pour explorer les outils de gestion des membres et le suivi des ventes pour votre entreprise.","robots":{"index":"index","follow":"follow","max-snippet":"max-snippet:-1","max-image-preview":"max-image-preview:large","max-video-preview":"max-video-preview:-1"},"canonical":"https:\/\/cloudmlmsoftware.com\/fr\/logiciel-mlm-instances-de-logiciels-dedemonstration-gratuits\/","og_locale":"fr_FR","og_type":"article","og_title":"Logiciel MLM Instances de logiciels ded\u00e9monstration gratuits","og_description":"D\u00e9mo du logiciel MLM, consultez notre essai gratuit pour explorer les outils de gestion des membres et le suivi des ventes pour votre entreprise.","og_url":"https:\/\/cloudmlmsoftware.com\/fr\/logiciel-mlm-instances-de-logiciels-dedemonstration-gratuits\/","og_site_name":"Cloud MLM Software","article_modified_time":"2024-10-04T06:35:27+00:00","twitter_card":"summary_large_image","twitter_misc":{"Dur\u00e9e de lecture estim\u00e9e":"2 minutes"},"schema":{"@context":"https:\/\/schema.org","@graph":[{"@type":"WebPage","@id":"https:\/\/cloudmlmsoftware.com\/fr\/logiciel-mlm-instances-de-logiciels-dedemonstration-gratuits\/","url":"https:\/\/cloudmlmsoftware.com\/fr\/logiciel-mlm-instances-de-logiciels-dedemonstration-gratuits\/","name":"D\u00e9mo du logiciel MLM - D\u00e9couvrez les fonctionnalit\u00e9s et avantages","isPartOf":{"@id":"https:\/\/cloudmlmsoftware.com\/fr\/#website"},"datePublished":"2024-09-28T06:02:05+00:00","dateModified":"2024-10-04T06:35:27+00:00","description":"D\u00e9mo du logiciel MLM, consultez notre essai gratuit pour explorer les outils de gestion des membres et le suivi des ventes pour votre entreprise.","breadcrumb":{"@id":"https:\/\/cloudmlmsoftware.com\/fr\/logiciel-mlm-instances-de-logiciels-dedemonstration-gratuits\/#breadcrumb"},"inLanguage":"fr-FR","potentialAction":[{"@type":"ReadAction","target":["https:\/\/cloudmlmsoftware.com\/fr\/logiciel-mlm-instances-de-logiciels-dedemonstration-gratuits\/"]}]},{"@type":"BreadcrumbList","@id":"https:\/\/cloudmlmsoftware.com\/fr\/logiciel-mlm-instances-de-logiciels-dedemonstration-gratuits\/#breadcrumb","itemListElement":[{"@type":"ListItem","position":1,"name":"Home","item":"https:\/\/cloudmlmsoftware.com\/fr\/"},{"@type":"ListItem","position":2,"name":"Logiciel MLM Instances de logiciels ded\u00e9monstration gratuits"}]},{"@type":"WebSite","@id":"https:\/\/cloudmlmsoftware.com\/fr\/#website","url":"https:\/\/cloudmlmsoftware.com\/fr\/","name":"Cloud MLM Software","description":"","publisher":{"@id":"https:\/\/cloudmlmsoftware.com\/fr\/#organization"},"potentialAction":[{"@type":"SearchAction","target":{"@type":"EntryPoint","urlTemplate":"https:\/\/cloudmlmsoftware.com\/fr\/?s={search_term_string}"},"query-input":{"@type":"PropertyValueSpecification","valueRequired":true,"valueName":"search_term_string"}}],"inLanguage":"fr-FR"},{"@type":"Organization","@id":"https:\/\/cloudmlmsoftware.com\/fr\/#organization","name":"Cloud MLM Software","url":"https:\/\/cloudmlmsoftware.com\/fr\/","logo":{"@type":"ImageObject","inLanguage":"fr-FR","@id":"https:\/\/cloudmlmsoftware.com\/fr\/#\/schema\/logo\/image\/","url":"https:\/\/cloudmlmsoftware.com\/wp-content\/uploads\/2024\/09\/cloudmlm-logo.webp","contentUrl":"https:\/\/cloudmlmsoftware.com\/wp-content\/uploads\/2024\/09\/cloudmlm-logo.webp","width":200,"height":40,"caption":"Cloud MLM Software"},"image":{"@id":"https:\/\/cloudmlmsoftware.com\/fr\/#\/schema\/logo\/image\/"}}]}},"_links":{"self":[{"href":"https:\/\/cloudmlmsoftware.com\/fr\/wp-json\/wp\/v2\/pages\/18390","targetHints":{"allow":["GET"]}}],"collection":[{"href":"https:\/\/cloudmlmsoftware.com\/fr\/wp-json\/wp\/v2\/pages"}],"about":[{"href":"https:\/\/cloudmlmsoftware.com\/fr\/wp-json\/wp\/v2\/types\/page"}],"author":[{"embeddable":true,"href":"https:\/\/cloudmlmsoftware.com\/fr\/wp-json\/wp\/v2\/users\/1"}],"replies":[{"embeddable":true,"href":"https:\/\/cloudmlmsoftware.com\/fr\/wp-json\/wp\/v2\/comments?post=18390"}],"version-history":[{"count":0,"href":"https:\/\/cloudmlmsoftware.com\/fr\/wp-json\/wp\/v2\/pages\/18390\/revisions"}],"wp:attachment":[{"href":"https:\/\/cloudmlmsoftware.com\/fr\/wp-json\/wp\/v2\/media?parent=18390"}],"curies":[{"name":"wp","href":"https:\/\/api.w.org\/{rel}","templated":true}]}}