{"id":14577,"date":"2024-08-01T08:45:54","date_gmt":"2024-08-01T08:45:54","guid":{"rendered":"https:\/\/cloudmlmsoftware.com\/calculateur-unilevel-mlm\/"},"modified":"2024-10-07T07:07:56","modified_gmt":"2024-10-07T07:07:56","slug":"calculateur-unilevel-mlm","status":"publish","type":"page","link":"https:\/\/cloudmlmsoftware.com\/fr\/calculateur-unilevel-mlm\/","title":{"rendered":"calculateur unilevel-mlm"},"content":{"rendered":"","protected":false},"excerpt":{"rendered":"","protected":false},"author":2,"featured_media":0,"parent":0,"menu_order":0,"comment_status":"closed","ping_status":"closed","template":"mlmcalculatorinner-page.php","meta":{"_acf_changed":false,"footnotes":""},"class_list":["post-14577","page","type-page","status-publish","hentry"],"acf":[],"yoast_head":"<!-- This site is optimized with the Yoast SEO Premium plugin v23.6 (Yoast SEO v25.9) - https:\/\/yoast.com\/wordpress\/plugins\/seo\/ -->\n<title>Calculateur MLM Unilevel - Maximisez vos profits MLM d\u00e8s aujourd&#039;hui<\/title>\n<meta name=\"description\" content=\"Maximisez vos revenus MLM avec notre calculateur MLM Unilevel facile \u00e0 utiliser. D\u00e9couvrez combien vous pouvez gagner. Essayez-le maintenant pour des calculs instantan\u00e9s !\" \/>\n<meta name=\"robots\" content=\"index, follow, max-snippet:-1, max-image-preview:large, max-video-preview:-1\" \/>\n<link rel=\"canonical\" href=\"https:\/\/cloudmlmsoftware.com\/fr\/calculateur-unilevel-mlm\/\" \/>\n<meta property=\"og:locale\" content=\"fr_FR\" \/>\n<meta property=\"og:type\" content=\"article\" \/>\n<meta property=\"og:title\" content=\"calculateur unilevel-mlm\" \/>\n<meta property=\"og:description\" content=\"Maximisez vos revenus MLM avec notre calculateur MLM Unilevel facile \u00e0 utiliser. D\u00e9couvrez combien vous pouvez gagner. Essayez-le maintenant pour des calculs instantan\u00e9s !\" \/>\n<meta property=\"og:url\" content=\"https:\/\/cloudmlmsoftware.com\/fr\/calculateur-unilevel-mlm\/\" \/>\n<meta property=\"og:site_name\" content=\"Cloud MLM Software\" \/>\n<meta property=\"article:modified_time\" content=\"2024-10-07T07:07:56+00:00\" \/>\n<meta name=\"twitter:card\" content=\"summary_large_image\" \/>\n<!-- \/ Yoast SEO Premium plugin. -->","yoast_head_json":{"title":"Calculateur MLM Unilevel - Maximisez vos profits MLM d\u00e8s aujourd'hui","description":"Maximisez vos revenus MLM avec notre calculateur MLM Unilevel facile \u00e0 utiliser. D\u00e9couvrez combien vous pouvez gagner. Essayez-le maintenant pour des calculs instantan\u00e9s !","robots":{"index":"index","follow":"follow","max-snippet":"max-snippet:-1","max-image-preview":"max-image-preview:large","max-video-preview":"max-video-preview:-1"},"canonical":"https:\/\/cloudmlmsoftware.com\/fr\/calculateur-unilevel-mlm\/","og_locale":"fr_FR","og_type":"article","og_title":"calculateur unilevel-mlm","og_description":"Maximisez vos revenus MLM avec notre calculateur MLM Unilevel facile \u00e0 utiliser. D\u00e9couvrez combien vous pouvez gagner. Essayez-le maintenant pour des calculs instantan\u00e9s !","og_url":"https:\/\/cloudmlmsoftware.com\/fr\/calculateur-unilevel-mlm\/","og_site_name":"Cloud MLM Software","article_modified_time":"2024-10-07T07:07:56+00:00","twitter_card":"summary_large_image","schema":{"@context":"https:\/\/schema.org","@graph":[{"@type":"WebPage","@id":"https:\/\/cloudmlmsoftware.com\/fr\/calculateur-unilevel-mlm\/","url":"https:\/\/cloudmlmsoftware.com\/fr\/calculateur-unilevel-mlm\/","name":"Calculateur MLM Unilevel - Maximisez vos profits MLM d\u00e8s aujourd'hui","isPartOf":{"@id":"https:\/\/cloudmlmsoftware.com\/fr\/#website"},"datePublished":"2024-08-01T08:45:54+00:00","dateModified":"2024-10-07T07:07:56+00:00","description":"Maximisez vos revenus MLM avec notre calculateur MLM Unilevel facile \u00e0 utiliser. D\u00e9couvrez combien vous pouvez gagner. Essayez-le maintenant pour des calculs instantan\u00e9s !","breadcrumb":{"@id":"https:\/\/cloudmlmsoftware.com\/fr\/calculateur-unilevel-mlm\/#breadcrumb"},"inLanguage":"fr-FR","potentialAction":[{"@type":"ReadAction","target":["https:\/\/cloudmlmsoftware.com\/fr\/calculateur-unilevel-mlm\/"]}]},{"@type":"BreadcrumbList","@id":"https:\/\/cloudmlmsoftware.com\/fr\/calculateur-unilevel-mlm\/#breadcrumb","itemListElement":[{"@type":"ListItem","position":1,"name":"Home","item":"https:\/\/cloudmlmsoftware.com\/fr\/"},{"@type":"ListItem","position":2,"name":"calculateur unilevel-mlm"}]},{"@type":"WebSite","@id":"https:\/\/cloudmlmsoftware.com\/fr\/#website","url":"https:\/\/cloudmlmsoftware.com\/fr\/","name":"Cloud MLM Software","description":"","publisher":{"@id":"https:\/\/cloudmlmsoftware.com\/fr\/#organization"},"potentialAction":[{"@type":"SearchAction","target":{"@type":"EntryPoint","urlTemplate":"https:\/\/cloudmlmsoftware.com\/fr\/?s={search_term_string}"},"query-input":{"@type":"PropertyValueSpecification","valueRequired":true,"valueName":"search_term_string"}}],"inLanguage":"fr-FR"},{"@type":"Organization","@id":"https:\/\/cloudmlmsoftware.com\/fr\/#organization","name":"Cloud MLM Software","url":"https:\/\/cloudmlmsoftware.com\/fr\/","logo":{"@type":"ImageObject","inLanguage":"fr-FR","@id":"https:\/\/cloudmlmsoftware.com\/fr\/#\/schema\/logo\/image\/","url":"https:\/\/cloudmlmsoftware.com\/wp-content\/uploads\/2024\/09\/cloudmlm-logo.webp","contentUrl":"https:\/\/cloudmlmsoftware.com\/wp-content\/uploads\/2024\/09\/cloudmlm-logo.webp","width":200,"height":40,"caption":"Cloud MLM Software"},"image":{"@id":"https:\/\/cloudmlmsoftware.com\/fr\/#\/schema\/logo\/image\/"}}]}},"_links":{"self":[{"href":"https:\/\/cloudmlmsoftware.com\/fr\/wp-json\/wp\/v2\/pages\/14577","targetHints":{"allow":["GET"]}}],"collection":[{"href":"https:\/\/cloudmlmsoftware.com\/fr\/wp-json\/wp\/v2\/pages"}],"about":[{"href":"https:\/\/cloudmlmsoftware.com\/fr\/wp-json\/wp\/v2\/types\/page"}],"author":[{"embeddable":true,"href":"https:\/\/cloudmlmsoftware.com\/fr\/wp-json\/wp\/v2\/users\/2"}],"replies":[{"embeddable":true,"href":"https:\/\/cloudmlmsoftware.com\/fr\/wp-json\/wp\/v2\/comments?post=14577"}],"version-history":[{"count":0,"href":"https:\/\/cloudmlmsoftware.com\/fr\/wp-json\/wp\/v2\/pages\/14577\/revisions"}],"wp:attachment":[{"href":"https:\/\/cloudmlmsoftware.com\/fr\/wp-json\/wp\/v2\/media?parent=14577"}],"curies":[{"name":"wp","href":"https:\/\/api.w.org\/{rel}","templated":true}]}}