{"id":14516,"date":"2024-07-18T12:28:12","date_gmt":"2024-07-18T12:28:12","guid":{"rendered":"https:\/\/cloudmlmsoftware.com\/logiciel-de-vente-directe\/"},"modified":"2024-09-25T13:10:22","modified_gmt":"2024-09-25T13:10:22","slug":"logiciel-de-vente-directe","status":"publish","type":"page","link":"https:\/\/cloudmlmsoftware.com\/fr\/logiciel-de-vente-directe\/","title":{"rendered":"Logiciel de vente directe"},"content":{"rendered":"\n<div class=\"bannerBgcolor BannerBg pt-16 relative overflow-hidden\">\n        <div class=\"animation-wrapper\">\n            <div class=\"particle particle-1\"><\/div>\n            <div class=\"particle particle-2\"><\/div>\n            <div class=\"particle particle-3\"><\/div>\n            <div class=\"particle particle-4\"><\/div>\n        <\/div>\n\n        <div class=\"container mx-auto pt-2 md:h-[700px] sm:h-[650px] h-full overflow-hidden relative z-1\">\n            <div class=\"flex flex-wrap items-center\">\n                <div class=\"w-full md:w-10\/12 mx-auto text-left md:text-center pt-10 mb-8\">\n                    <h1 class=\"lg:text-mainTitleFontSize sm:text-3xl text-3xl text-white lg:leading-snug capitalize\">\n                        Logiciel de <span class=\"font-bold animate-charcter-offwhite\"> vente directe<\/span> <\/h1>\n                    <p class=\"offWhite pt-3 md:text-lg text-md font-light md:w-11\/12 mx-auto\">Dans la soci\u00e9t\u00e9 moderne, un logiciel bien organis\u00e9 est essentiel pour suivre les clients, auditer les ventes, diriger les agents, traiter les r\u00e9mun\u00e9rations et g\u00e9rer les paiements. Cloud MLM pr\u00e9sente un logiciel de vente directe con\u00e7u \u00e0 cet effet. Il permet de suivre efficacement les b\u00e9n\u00e9fices des ventes et les revenus. Cloud MLM Software Solutions est un fournisseur majeur de solutions logicielles. Notre technologie haut de gamme aide nos clients \u00e0 garder une longueur d\u2019avance dans le secteur comp\u00e9titif de la vente directe. Nous fournissons des solutions logicielles fiables, de premier ordre et accept\u00e9es mondialement \u00e0 nos pr\u00e9cieux clients.      <\/p>\n\n                    <p class=\"offWhite pt-3 md:text-lg text-md font-light md:w-11\/12 mx-auto\">Ce type de logiciel est utilis\u00e9 pour exploiter et g\u00e9rer des entreprises de vente directe, qui impliquent la commercialisation et la vente de biens ou de services directement aux clients sans aucun interm\u00e9diaire. Dans cette m\u00e9thode, le marketing est effectu\u00e9 en porte-\u00e0-porte par les repr\u00e9sentants de l&#8217;entreprise. <\/p>\n                <\/div>\n                <div class=\"w-full p-4 relative z-9\">\n                    <img decoding=\"async\" src=\"\/wp-content\/uploads\/2024\/07\/featurebanner-img.webp\" alt=\"logiciel mlm\" width=\"692\" height=\"516\" class=\"mx-auto\"\/>\n                <\/div>\n            <\/div>\n        <\/div>\n    <\/div>\n    <!-- ************************************************************************************* -->\n    <section class=\"p-sectionpadding\">\n\n        <div class=\"container mx-auto mt-8\">\n            <!-- Left side box -->\n            <div class=\"flex flex-wrap lg:space-x-8\">\n                <div class=\"relative hidden lg:flex lg:flex-1 w-full lg:w-4\/12 primaryColor rounded-2xl p-12 pb-0 mb-2\">\n                    <img decoding=\"async\" src=\"\/wp-content\/uploads\/2024\/07\/customeAdmin-img.webp\" alt=\"Image\" class=\"absolute bottom-0 left-0 right-0 mx-auto\"\/>\n                <\/div>\n                <div class=\"w-full lg:w-8\/12 lighter flex-col flex justify-center rounded-2xl overflow-hidden p-6 lg:p-12 mb-2\">\n                    <h2 class=\"md:text-TitlesemiFontSize titleColor text-2xl lg:leading-snug capitalize\">\n                        <span class=\"font-bold animate-charcter\">Principales fonctionnalit\u00e9s <\/span> du logiciel de vente directe de Cloud MLM <\/h2>\n\n                    <p class=\"text-textpara font-light leading-6 py-3\">Dans les entreprises de vente directe, les distributeurs et les outils commerciaux sont les principaux acteurs. Sans ces \u00e9l\u00e9ments, les entreprises de vente directe ne peuvent pas prosp\u00e9rer. Cloud MLM propose des solutions logicielles qui fournissent des outils pour g\u00e9rer le programme commercial.   <\/p>\n\n                    <p class=\"text-textpara font-light leading-6 pb-3\">Les principales caract\u00e9ristiques de nos solutions logicielles incluent le d\u00e9veloppement d\u2019une forte pr\u00e9sence dans le secteur des CMS de commerce \u00e9lectronique. Nous disposons d&#8217;une \u00e9quipe de d\u00e9veloppeurs Magento certifi\u00e9s poss\u00e9dant des ann\u00e9es d&#8217;exp\u00e9rience et sp\u00e9cialis\u00e9s dans la conception Web orient\u00e9e commerce \u00e9lectronique. Nous proposons \u00e9galement des conceptions Web Magento personnalis\u00e9es.   <\/p>\n                <\/div>\n            <\/div>\n        <\/div>\n    <\/section>\n\n\n    <!-- ************************** -->\n\n    <section class=\"p-sectionpadding\">\n        <div class=\"container mx-auto\">\n            <div class=\"flex flex-wrap items-center\">\n                <div class=\" w-full md:w-7\/12 pb-4\">\n                    <h3 class=\"md:text-TitlesemiFontSize titleColor text-2xl lg:leading-snug capitalize mt-4\"> Les fonctionnalit\u00e9s des <span class=\"font-bold animate-charcter\"> solutions logicielles<\/span> sont <\/h3>\n\n                    <ul class=\"flex flex-wrap mt-5 list1\">\n                        <li class=\"text-textpara contentColor font-light leading-6 mb-3\">Notre logiciel fournit \u00e0 nos clients des plans de vente directe enti\u00e8rement prot\u00e9g\u00e9s et personnalis\u00e9s.<\/li>\n                        <li class=\"text-textpara contentColor font-light leading-6 mb-3\">Les solutions logicielles fournissent un syst\u00e8me de gestion des clients \u00e0 nos clients.<\/li>\n                        <li class=\"text-textpara contentColor font-light leading-6 mb-3\">Gr\u00e2ce \u00e0 nos repr\u00e9sentations graphiques et picturales de logiciels de vente directe, vous pouvez visualiser et comprendre toutes les activit\u00e9s commerciales importantes.<\/li>\n                        <li class=\"text-textpara contentColor font-light leading-6 mb-3\">Notre logiciel simplifie et simplifie les activit\u00e9s de vente directe gr\u00e2ce \u00e0 la gestion des commandes, des stocks et des exp\u00e9ditions.<\/li>\n                        <li class=\"text-textpara contentColor font-light leading-6 mb-3\">Le logiciel permet de g\u00e9rer efficacement divers syst\u00e8mes de commissions.<\/li>\n                        <li class=\"text-textpara contentColor font-light leading-6 mb-3\">Notre logiciel prend en charge plusieurs devises et plusieurs langues.<\/li>\n                        <li class=\"text-textpara contentColor font-light leading-6 mb-3\">Le logiciel est un syst\u00e8me d&#8217;assistance client.<\/li>\n                        <li class=\"text-textpara contentColor font-light leading-6 mb-3\">Il aide \u00e0 g\u00e9rer votre \u00e9quipe et ses r\u00e9seaux individuels. <\/li>\n                        <li class=\"text-textpara contentColor font-light leading-6 mb-3\">Notre logiciel permet de personnaliser chaque profil utilisateur. <\/li>\n                        <li class=\"text-textpara contentColor font-light leading-6 mb-3\">Notre logiciel prend en charge l&#8217;int\u00e9gration SMS, l&#8217;int\u00e9gration de sites Web, l&#8217;int\u00e9gration de m\u00e9dias sociaux et l&#8217;int\u00e9gration mobile. <\/li>\n                        <li class=\"text-textpara contentColor font-light leading-6 mb-3\">Nous assurons la g\u00e9n\u00e9ration de leads. <\/li>\n                    <\/ul>\n                <\/div>\n\n                <div class=\"w-full md:w-5\/12 pl-0 md:pl-16 mt-4\">\n                    <img decoding=\"async\" src=\"\/wp-content\/uploads\/2024\/07\/help-img.webp\" alt=\"Image\" class=\"w-full\"\/>\n                <\/div>\n\n            <\/div>\n        <\/div>\n    <\/section>\n    <!-- ************************** -->\n\n\n    <section class=\"p-sectionpadding\">\n        <div class=\"container mx-auto\">\n            <div class=\"w-full darkblue py-10 lg:py-16 px-6 lg:px-10 rounded-2xl\">\n                <div class=\"relative z-10\">\n                    <div class=\"flex flex-wrap items-center\">\n\n                        <div class=\"w-1\/4 hidden lg:flex\">\n                            <img decoding=\"async\" src=\"\/wp-content\/uploads\/2024\/07\/help-img.webp\" alt=\"Image\" class=\"w-full\"\/>\n                        <\/div>\n\n                        <div class=\"w-full lg:w-3\/4 pl-0 lg:pl-6\">\n                            <h3 class=\"text-white text-3xl lg:leading-snug capitalize mb-5 w-full\">\n                                <span class=\"font-bold animate-charcter-offwhite\">Plans de r\u00e9mun\u00e9ration complets<\/span> avec le logiciel de vente directe Cloud MLM <\/h3>\n\n                            <p class=\"text-white mb-6 w-full font-light\">Le logiciel prend en charge diff\u00e9rents plans de r\u00e9mun\u00e9ration, vous permettant ainsi de choisir celui qui convient le mieux \u00e0 votre mod\u00e8le \u00e9conomique. Voici les divers plans de r\u00e9mun\u00e9ration disponibles avec notre logiciel : <\/p>\n\n                            <div class=\"flex flex-wrap mt-10 w-full\">\n                                <div class=\"w-full md:w-1\/2 font-light\">\n                                    <ul class=\"flex flex-wrap list1 \">\n                                        <li class=\"text-textpara offWhite font-light leading-6 mb-3\">Plan de r\u00e9mun\u00e9ration binaire<\/li>\n                                        <li class=\"text-textpara offWhite font-light leading-6 mb-3\">Plan de r\u00e9mun\u00e9ration de niveau unique<\/li>\n                                        <li class=\"text-textpara offWhite font-light leading-6 mb-3\">Plan de r\u00e9mun\u00e9ration monoline<\/li>\n                                        <li class=\"text-textpara offWhite font-light leading-6 mb-3\">Plan de compensation pour les cadeaux<\/li>\n                                        <li class=\"text-textpara offWhite font-light leading-6 mb-3\">Plan de compensation des marches d&#8217;escalier<\/li>\n                                        <li class=\"text-textpara offWhite font-light leading-6 mb-3\">Plan de compensation pour les hybrides<\/li>\n                                    <\/ul>\n                                <\/div>\n                                <div class=\"w-full md:w-1\/2 font-light\">\n                                    <ul class=\"flex flex-wrap list1\">\n                                        <li class=\"text-textpara offWhite font-light leading-6 mb-3\">Plan de r\u00e9mun\u00e9ration matriciel<\/li>\n                                        <li class=\"text-textpara offWhite font-light leading-6 mb-3\">Plan de compensation des investissements<\/li>\n                                        <li class=\"text-textpara offWhite font-light leading-6 mb-3\">Plan de r\u00e9mun\u00e9ration g\u00e9n\u00e9rationnelle<\/li>\n                                        <li class=\"text-textpara offWhite font-light leading-6 mb-3\">Plan de r\u00e9mun\u00e9ration des partis<\/li>\n                                        <li class=\"text-textpara offWhite font-light leading-6 mb-3\">Plan de compensation de g\u00e9n\u00e9ration<\/li>\n                                        <li class=\"text-textpara offWhite font-light leading-6 mb-3\">Plan de compensation de rupture<\/li>\n                                    <\/ul>\n                                <\/div>\n                            <\/div>\n                        <\/div>\n                        \n                    <\/div>\n                <\/div>\n            <\/div>\n        <\/div>\n\n    <\/section>\n    <!-- ************************************************************************************* -->\n\n    <section class=\"p-sectionpadding\">\n        <div class=\"container mx-auto\">\n            <div class=\"w-full darkblue py-10 lg:py-16 px-6 lg:px-10 rounded-2xl\">\n                <div class=\"relative z-10\">\n                    <div class=\"flex flex-wrap items-center\">\n\n                        <div class=\"w-full lg:w-3\/4 pr-0 lg:pr-6\">\n                            <h3 class=\"text-white text-3xl lg:leading-snug capitalize mb-5 w-full\">\n                                <span class=\"font-bold animate-charcter-offwhite\">Ajouter des fonctionnalit\u00e9s du <\/span> logiciel de vente directe <\/h3>\n\n                            <p class=\"text-white mb-6 w-full font-light\">Le logiciel MLM multi-fonctionnalit\u00e9s, flexible, fiable et personnalisable de aide nos clients \u00e0 g\u00e9rer et \u00e0 contr\u00f4ler votre activit\u00e9 de vente directe de mani\u00e8re efficace et efficiente. En plus des fonctionnalit\u00e9s cl\u00e9s, notre logiciel poss\u00e8de quelques fonctionnalit\u00e9s compl\u00e9mentaires. Ils sont:  <\/p>\n\n                            <div class=\"flex flex-wrap mt-10 w-full\">\n                                <div class=\"w-full md:w-1\/2 font-light\">\n                                    <ul class=\"flex flex-wrap list1 \">\n                                        <li class=\"text-textpara offWhite font-light leading-6 mb-3\">Int\u00e9gration du commerce \u00e9lectronique<\/li>\n                                        <li class=\"text-textpara offWhite font-light leading-6 mb-3\">Int\u00e9gration Bitcoin<\/li>\n                                        <li class=\"text-textpara offWhite font-light leading-6 mb-3\">Syst\u00e8me de page de capture de leads<\/li>\n                                        <li class=\"text-textpara offWhite font-light leading-6 mb-3\">Int\u00e9gration SMS<\/li>\n                                        <li class=\"text-textpara offWhite font-light leading-6 mb-3\">Int\u00e9gration CRM<\/li>\n                                    <\/ul>\n                                <\/div>\n                                <div class=\"w-full md:w-1\/2 font-light\">\n                                    <ul class=\"flex flex-wrap list1\">\n                                        <li class=\"text-textpara offWhite font-light leading-6 mb-3\">Promotion de la crypto-monnaie<\/li>\n                                        <li class=\"text-textpara offWhite font-light leading-6 mb-3\">Site Web r\u00e9pliqu\u00e9<\/li>\n                                        <li class=\"text-textpara offWhite font-light leading-6 mb-3\">Int\u00e9gration de la passerelle de paiement<\/li>\n                                        <li class=\"text-textpara offWhite font-light leading-6 mb-3\">Application mobile<\/li>\n\n                                    <\/ul>\n                                <\/div>\n                            <\/div>\n                        <\/div>\n                        \n                        <div class=\"hidden lg:flex w-1\/4\">\n                            <img decoding=\"async\" src=\"\/wp-content\/uploads\/2024\/07\/help-img.webp\" alt=\"Image\" class=\"w-full\"\/>\n                        <\/div>\n                    <\/div>\n                <\/div>\n            <\/div>\n        <\/div>\n    <\/section>\n    <!-- ************************************************************************************* -->\n    <section class=\"p-sectionpadding\">\n        <div class=\"container mx-auto\">\n\n            <!-- Left side box -->\n            <div class=\"flex flex-wrap items-center\">\n\n\n                <div class=\"w-full md:w-5\/12 pr-0 md:pr-16 mt-4\">\n                    <img decoding=\"async\" src=\"\/wp-content\/uploads\/2024\/07\/help-img.webp\" alt=\"Image\" class=\"w-full\"\/>\n                <\/div>\n\n\n                <div class=\" w-full md:w-7\/12 pb-4\">\n                    <h3 class=\"md:text-TitlesemiFontSize titleColor text-2xl lg:leading-snug capitalize mt-4\"> Pourquoi le <span class=\"font-bold animate-charcter\">logiciel de vente directe<\/span> de Cloud MLM ? \n                    <\/h3>\n\n                    <ul class=\"flex flex-wrap mt-5 list1\">\n                        <li class=\"text-textpara contentColor font-light leading-6 mb-3\">Notre logiciel est un outil pour maintenir vos excellentes performances commerciales.<\/li>\n                        <li class=\"text-textpara contentColor font-light leading-6 mb-3\">Notre logiciel offre des op\u00e9rations commerciales efficaces entre les clients, les administrateurs d&#8217;entreprise et les repr\u00e9sentants.<\/li>\n                        <li class=\"text-textpara contentColor font-light leading-6 mb-3\">C&#8217;est une solution rentable et rentable pour nos clients.<\/li>\n                        <li class=\"text-textpara contentColor font-light leading-6 mb-3\">Nous assurons le bon fonctionnement et une bonne int\u00e9gration des syst\u00e8mes de l\u2019entreprise.<\/li>\n                        <li class=\"text-textpara contentColor font-light leading-6 mb-3\">Notre logiciel facilite une productivit\u00e9 plus \u00e9lev\u00e9e pour les clients.<\/li>\n                        <li class=\"text-textpara contentColor font-light leading-6 mb-3\">Assure la motivation des commerciaux.<\/li>\n                        \n                    <\/ul>\n                    <p class=\"text-textpara font-light leading-6 pt-3\">Un logiciel de vente directe est un outil qui simplifie les op\u00e9rations commerciales. Le succ\u00e8s d\u2019une entreprise d\u00e9pend du choix du bon logiciel Web. Avant de choisir le logiciel, vous devez conna\u00eetre les plans de r\u00e9mun\u00e9ration qu&#8217;il prend en charge, les modules compl\u00e9mentaires et tout ce qui concerne le logiciel. <a href=\"https:\/\/cloudmlmsoftware.com\/contact\" target=\"_blank\" rel=\"noopener\"><span style=\"color:#3498db;\">Cloud MLM<\/span><\/a> offre le meilleur logiciel de vente directe \u00e0 nos clients.  <\/p>\n                <\/div>\n\n              \n            <\/div>\n        <\/div>\n    <\/section>\n","protected":false},"excerpt":{"rendered":"<p>Logiciel de vente directe Dans la soci\u00e9t\u00e9 moderne, un logiciel bien organis\u00e9 est essentiel pour suivre les clients, auditer les ventes, diriger les agents, traiter les r\u00e9mun\u00e9rations et g\u00e9rer les paiements. Cloud MLM pr\u00e9sente un logiciel de vente directe con\u00e7u \u00e0 cet effet. Il permet de suivre efficacement les b\u00e9n\u00e9fices des ventes et les revenus. [&hellip;]<\/p>\n","protected":false},"author":1,"featured_media":0,"parent":0,"menu_order":0,"comment_status":"closed","ping_status":"closed","template":"directsellingsoftware-page.php","meta":{"_acf_changed":false,"footnotes":""},"class_list":["post-14516","page","type-page","status-publish","hentry"],"acf":[],"yoast_head":"<!-- This site is optimized with the Yoast SEO Premium plugin v23.6 (Yoast SEO v25.9) - https:\/\/yoast.com\/wordpress\/plugins\/seo\/ -->\n<title>Logiciel de vente directe - Votre cl\u00e9 pour augmenter les ventes en entreprise<\/title>\n<meta name=\"description\" content=\"Le meilleur logiciel de vente directe pour rationaliser les processus de vente, g\u00e9rer les \u00e9quipes et am\u00e9liorer l&#039;engagement client pour votre entreprise. Essayez la version d&#039;essai gratuite maintenant\" \/>\n<meta name=\"robots\" content=\"index, follow, max-snippet:-1, max-image-preview:large, max-video-preview:-1\" \/>\n<link rel=\"canonical\" href=\"https:\/\/cloudmlmsoftware.com\/fr\/logiciel-de-vente-directe\/\" \/>\n<meta property=\"og:locale\" content=\"fr_FR\" \/>\n<meta property=\"og:type\" content=\"article\" \/>\n<meta property=\"og:title\" content=\"Logiciel de vente directe\" \/>\n<meta property=\"og:description\" content=\"Le meilleur logiciel de vente directe pour rationaliser les processus de vente, g\u00e9rer les \u00e9quipes et am\u00e9liorer l&#039;engagement client pour votre entreprise. Essayez la version d&#039;essai gratuite maintenant\" \/>\n<meta property=\"og:url\" content=\"https:\/\/cloudmlmsoftware.com\/fr\/logiciel-de-vente-directe\/\" \/>\n<meta property=\"og:site_name\" content=\"Cloud MLM Software\" \/>\n<meta property=\"article:modified_time\" content=\"2024-09-25T13:10:22+00:00\" \/>\n<meta name=\"twitter:card\" content=\"summary_large_image\" \/>\n<meta name=\"twitter:label1\" content=\"Dur\u00e9e de lecture estim\u00e9e\" \/>\n\t<meta name=\"twitter:data1\" content=\"5 minutes\" \/>\n<!-- \/ Yoast SEO Premium plugin. -->","yoast_head_json":{"title":"Logiciel de vente directe - Votre cl\u00e9 pour augmenter les ventes en entreprise","description":"Le meilleur logiciel de vente directe pour rationaliser les processus de vente, g\u00e9rer les \u00e9quipes et am\u00e9liorer l'engagement client pour votre entreprise. Essayez la version d'essai gratuite maintenant","robots":{"index":"index","follow":"follow","max-snippet":"max-snippet:-1","max-image-preview":"max-image-preview:large","max-video-preview":"max-video-preview:-1"},"canonical":"https:\/\/cloudmlmsoftware.com\/fr\/logiciel-de-vente-directe\/","og_locale":"fr_FR","og_type":"article","og_title":"Logiciel de vente directe","og_description":"Le meilleur logiciel de vente directe pour rationaliser les processus de vente, g\u00e9rer les \u00e9quipes et am\u00e9liorer l'engagement client pour votre entreprise. Essayez la version d'essai gratuite maintenant","og_url":"https:\/\/cloudmlmsoftware.com\/fr\/logiciel-de-vente-directe\/","og_site_name":"Cloud MLM Software","article_modified_time":"2024-09-25T13:10:22+00:00","twitter_card":"summary_large_image","twitter_misc":{"Dur\u00e9e de lecture estim\u00e9e":"5 minutes"},"schema":{"@context":"https:\/\/schema.org","@graph":[{"@type":"WebPage","@id":"https:\/\/cloudmlmsoftware.com\/fr\/logiciel-de-vente-directe\/","url":"https:\/\/cloudmlmsoftware.com\/fr\/logiciel-de-vente-directe\/","name":"Logiciel de vente directe - Votre cl\u00e9 pour augmenter les ventes en entreprise","isPartOf":{"@id":"https:\/\/cloudmlmsoftware.com\/fr\/#website"},"datePublished":"2024-07-18T12:28:12+00:00","dateModified":"2024-09-25T13:10:22+00:00","description":"Le meilleur logiciel de vente directe pour rationaliser les processus de vente, g\u00e9rer les \u00e9quipes et am\u00e9liorer l'engagement client pour votre entreprise. Essayez la version d'essai gratuite maintenant","breadcrumb":{"@id":"https:\/\/cloudmlmsoftware.com\/fr\/logiciel-de-vente-directe\/#breadcrumb"},"inLanguage":"fr-FR","potentialAction":[{"@type":"ReadAction","target":["https:\/\/cloudmlmsoftware.com\/fr\/logiciel-de-vente-directe\/"]}]},{"@type":"BreadcrumbList","@id":"https:\/\/cloudmlmsoftware.com\/fr\/logiciel-de-vente-directe\/#breadcrumb","itemListElement":[{"@type":"ListItem","position":1,"name":"Home","item":"https:\/\/cloudmlmsoftware.com\/fr\/"},{"@type":"ListItem","position":2,"name":"Logiciel de vente directe"}]},{"@type":"WebSite","@id":"https:\/\/cloudmlmsoftware.com\/fr\/#website","url":"https:\/\/cloudmlmsoftware.com\/fr\/","name":"Cloud MLM Software","description":"","publisher":{"@id":"https:\/\/cloudmlmsoftware.com\/fr\/#organization"},"potentialAction":[{"@type":"SearchAction","target":{"@type":"EntryPoint","urlTemplate":"https:\/\/cloudmlmsoftware.com\/fr\/?s={search_term_string}"},"query-input":{"@type":"PropertyValueSpecification","valueRequired":true,"valueName":"search_term_string"}}],"inLanguage":"fr-FR"},{"@type":"Organization","@id":"https:\/\/cloudmlmsoftware.com\/fr\/#organization","name":"Cloud MLM Software","url":"https:\/\/cloudmlmsoftware.com\/fr\/","logo":{"@type":"ImageObject","inLanguage":"fr-FR","@id":"https:\/\/cloudmlmsoftware.com\/fr\/#\/schema\/logo\/image\/","url":"https:\/\/cloudmlmsoftware.com\/wp-content\/uploads\/2024\/09\/cloudmlm-logo.webp","contentUrl":"https:\/\/cloudmlmsoftware.com\/wp-content\/uploads\/2024\/09\/cloudmlm-logo.webp","width":200,"height":40,"caption":"Cloud MLM Software"},"image":{"@id":"https:\/\/cloudmlmsoftware.com\/fr\/#\/schema\/logo\/image\/"}}]}},"_links":{"self":[{"href":"https:\/\/cloudmlmsoftware.com\/fr\/wp-json\/wp\/v2\/pages\/14516","targetHints":{"allow":["GET"]}}],"collection":[{"href":"https:\/\/cloudmlmsoftware.com\/fr\/wp-json\/wp\/v2\/pages"}],"about":[{"href":"https:\/\/cloudmlmsoftware.com\/fr\/wp-json\/wp\/v2\/types\/page"}],"author":[{"embeddable":true,"href":"https:\/\/cloudmlmsoftware.com\/fr\/wp-json\/wp\/v2\/users\/1"}],"replies":[{"embeddable":true,"href":"https:\/\/cloudmlmsoftware.com\/fr\/wp-json\/wp\/v2\/comments?post=14516"}],"version-history":[{"count":0,"href":"https:\/\/cloudmlmsoftware.com\/fr\/wp-json\/wp\/v2\/pages\/14516\/revisions"}],"wp:attachment":[{"href":"https:\/\/cloudmlmsoftware.com\/fr\/wp-json\/wp\/v2\/media?parent=14516"}],"curies":[{"name":"wp","href":"https:\/\/api.w.org\/{rel}","templated":true}]}}