{"id":14498,"date":"2024-08-01T10:12:53","date_gmt":"2024-08-01T10:12:53","guid":{"rendered":"https:\/\/cloudmlmsoftware.com\/calculateur-mlm-plan-binaire-australien\/"},"modified":"2024-10-04T11:46:44","modified_gmt":"2024-10-04T11:46:44","slug":"calculateur-mlm-plan-binaire-australien","status":"publish","type":"page","link":"https:\/\/cloudmlmsoftware.com\/fr\/calculateur-mlm-plan-binaire-australien\/","title":{"rendered":"calculateur-mlm-plan-binaire-australien"},"content":{"rendered":"","protected":false},"excerpt":{"rendered":"","protected":false},"author":2,"featured_media":0,"parent":0,"menu_order":0,"comment_status":"closed","ping_status":"closed","template":"mlmcalculatorinner-page.php","meta":{"_acf_changed":false,"footnotes":""},"class_list":["post-14498","page","type-page","status-publish","hentry"],"acf":[],"yoast_head":"<!-- This site is optimized with the Yoast SEO Premium plugin v23.6 (Yoast SEO v25.9) - https:\/\/yoast.com\/wordpress\/plugins\/seo\/ -->\n<title>Calculateur MLM binaire australien - Suivi pr\u00e9cis des commissions<\/title>\n<meta name=\"description\" content=\"D\u00e9couvrez comment maximiser vos gains avec notre calculateur MLM binaire australien. Commencez \u00e0 calculer d\u00e8s maintenant pour obtenir de meilleures informations sur les commissions\u00a0!\" \/>\n<meta name=\"robots\" content=\"index, follow, max-snippet:-1, max-image-preview:large, max-video-preview:-1\" \/>\n<link rel=\"canonical\" href=\"https:\/\/cloudmlmsoftware.com\/fr\/calculateur-mlm-plan-binaire-australien\/\" \/>\n<meta property=\"og:locale\" content=\"fr_FR\" \/>\n<meta property=\"og:type\" content=\"article\" \/>\n<meta property=\"og:title\" content=\"calculateur-mlm-plan-binaire-australien\" \/>\n<meta property=\"og:description\" content=\"D\u00e9couvrez comment maximiser vos gains avec notre calculateur MLM binaire australien. Commencez \u00e0 calculer d\u00e8s maintenant pour obtenir de meilleures informations sur les commissions\u00a0!\" \/>\n<meta property=\"og:url\" content=\"https:\/\/cloudmlmsoftware.com\/fr\/calculateur-mlm-plan-binaire-australien\/\" \/>\n<meta property=\"og:site_name\" content=\"Cloud MLM Software\" \/>\n<meta property=\"article:modified_time\" content=\"2024-10-04T11:46:44+00:00\" \/>\n<meta name=\"twitter:card\" content=\"summary_large_image\" \/>\n<!-- \/ Yoast SEO Premium plugin. -->","yoast_head_json":{"title":"Calculateur MLM binaire australien - Suivi pr\u00e9cis des commissions","description":"D\u00e9couvrez comment maximiser vos gains avec notre calculateur MLM binaire australien. Commencez \u00e0 calculer d\u00e8s maintenant pour obtenir de meilleures informations sur les commissions\u00a0!","robots":{"index":"index","follow":"follow","max-snippet":"max-snippet:-1","max-image-preview":"max-image-preview:large","max-video-preview":"max-video-preview:-1"},"canonical":"https:\/\/cloudmlmsoftware.com\/fr\/calculateur-mlm-plan-binaire-australien\/","og_locale":"fr_FR","og_type":"article","og_title":"calculateur-mlm-plan-binaire-australien","og_description":"D\u00e9couvrez comment maximiser vos gains avec notre calculateur MLM binaire australien. Commencez \u00e0 calculer d\u00e8s maintenant pour obtenir de meilleures informations sur les commissions\u00a0!","og_url":"https:\/\/cloudmlmsoftware.com\/fr\/calculateur-mlm-plan-binaire-australien\/","og_site_name":"Cloud MLM Software","article_modified_time":"2024-10-04T11:46:44+00:00","twitter_card":"summary_large_image","schema":{"@context":"https:\/\/schema.org","@graph":[{"@type":"WebPage","@id":"https:\/\/cloudmlmsoftware.com\/fr\/calculateur-mlm-plan-binaire-australien\/","url":"https:\/\/cloudmlmsoftware.com\/fr\/calculateur-mlm-plan-binaire-australien\/","name":"Calculateur MLM binaire australien - Suivi pr\u00e9cis des commissions","isPartOf":{"@id":"https:\/\/cloudmlmsoftware.com\/fr\/#website"},"datePublished":"2024-08-01T10:12:53+00:00","dateModified":"2024-10-04T11:46:44+00:00","description":"D\u00e9couvrez comment maximiser vos gains avec notre calculateur MLM binaire australien. Commencez \u00e0 calculer d\u00e8s maintenant pour obtenir de meilleures informations sur les commissions\u00a0!","breadcrumb":{"@id":"https:\/\/cloudmlmsoftware.com\/fr\/calculateur-mlm-plan-binaire-australien\/#breadcrumb"},"inLanguage":"fr-FR","potentialAction":[{"@type":"ReadAction","target":["https:\/\/cloudmlmsoftware.com\/fr\/calculateur-mlm-plan-binaire-australien\/"]}]},{"@type":"BreadcrumbList","@id":"https:\/\/cloudmlmsoftware.com\/fr\/calculateur-mlm-plan-binaire-australien\/#breadcrumb","itemListElement":[{"@type":"ListItem","position":1,"name":"Home","item":"https:\/\/cloudmlmsoftware.com\/fr\/"},{"@type":"ListItem","position":2,"name":"calculateur-mlm-plan-binaire-australien"}]},{"@type":"WebSite","@id":"https:\/\/cloudmlmsoftware.com\/fr\/#website","url":"https:\/\/cloudmlmsoftware.com\/fr\/","name":"Cloud MLM Software","description":"","publisher":{"@id":"https:\/\/cloudmlmsoftware.com\/fr\/#organization"},"potentialAction":[{"@type":"SearchAction","target":{"@type":"EntryPoint","urlTemplate":"https:\/\/cloudmlmsoftware.com\/fr\/?s={search_term_string}"},"query-input":{"@type":"PropertyValueSpecification","valueRequired":true,"valueName":"search_term_string"}}],"inLanguage":"fr-FR"},{"@type":"Organization","@id":"https:\/\/cloudmlmsoftware.com\/fr\/#organization","name":"Cloud MLM Software","url":"https:\/\/cloudmlmsoftware.com\/fr\/","logo":{"@type":"ImageObject","inLanguage":"fr-FR","@id":"https:\/\/cloudmlmsoftware.com\/fr\/#\/schema\/logo\/image\/","url":"https:\/\/cloudmlmsoftware.com\/wp-content\/uploads\/2024\/09\/cloudmlm-logo.webp","contentUrl":"https:\/\/cloudmlmsoftware.com\/wp-content\/uploads\/2024\/09\/cloudmlm-logo.webp","width":200,"height":40,"caption":"Cloud MLM Software"},"image":{"@id":"https:\/\/cloudmlmsoftware.com\/fr\/#\/schema\/logo\/image\/"}}]}},"_links":{"self":[{"href":"https:\/\/cloudmlmsoftware.com\/fr\/wp-json\/wp\/v2\/pages\/14498","targetHints":{"allow":["GET"]}}],"collection":[{"href":"https:\/\/cloudmlmsoftware.com\/fr\/wp-json\/wp\/v2\/pages"}],"about":[{"href":"https:\/\/cloudmlmsoftware.com\/fr\/wp-json\/wp\/v2\/types\/page"}],"author":[{"embeddable":true,"href":"https:\/\/cloudmlmsoftware.com\/fr\/wp-json\/wp\/v2\/users\/2"}],"replies":[{"embeddable":true,"href":"https:\/\/cloudmlmsoftware.com\/fr\/wp-json\/wp\/v2\/comments?post=14498"}],"version-history":[{"count":0,"href":"https:\/\/cloudmlmsoftware.com\/fr\/wp-json\/wp\/v2\/pages\/14498\/revisions"}],"wp:attachment":[{"href":"https:\/\/cloudmlmsoftware.com\/fr\/wp-json\/wp\/v2\/media?parent=14498"}],"curies":[{"name":"wp","href":"https:\/\/api.w.org\/{rel}","templated":true}]}}