{"id":14486,"date":"2024-05-22T13:33:38","date_gmt":"2024-05-22T13:33:38","guid":{"rendered":"https:\/\/cloudmlmsoftware.com\/gestionnaire-de-sauvegarde\/"},"modified":"2024-11-08T04:37:29","modified_gmt":"2024-11-08T04:37:29","slug":"gestionnaire-de-sauvegarde","status":"publish","type":"page","link":"https:\/\/cloudmlmsoftware.com\/fr\/gestionnaire-de-sauvegarde\/","title":{"rendered":"gestionnaire de sauvegarde"},"content":{"rendered":"\n<div class=\"bannerBgcolor BannerBg pt-16 pb-20 relative overflow-hidden\">\n        <div class=\"animation-wrapper\">\n            <div class=\"particle particle-1\"><\/div>\n            <div class=\"particle particle-2\"><\/div>\n            <div class=\"particle particle-3\"><\/div>\n            <div class=\"particle particle-4\"><\/div>\n        <\/div>\n\n        <div class=\"container mx-auto xl:h-[504px] lg:h-[450px] h-auto relative z-1\">\n            <div class=\"flex flex-wrap items-center\">\n                <div class=\"md:basis-5\/12 sm:basis-12\/12 pr-4 pr-0 py-14\">\n                    <img decoding=\"async\" src=\"\/wp-content\/uploads\/2024\/08\/Modulesbanner.webp\" width=\"467\" height=\"411\" alt=\"meilleur logiciel MLM aux Etats-Unis\" class=\"pulseBannerImg\"\/>\n                <\/div>\n                <div class=\"md:basis-7\/12 sm:basis-12\/12\">\n                    <h1 class=\"lg:text-mainTitleFontSize sm:text-3xl text-3xl text-white lg:leading-snug \">\n                        Gestionnaire de <span class=\"font-bold animate-charcter-offwhite\"> sauvegarde<\/span> <\/h1>\n\n                    <p class=\"offlightWhite pt-3 text-md\">Nous savons qu\u2019aujourd\u2019hui notre monde est enti\u00e8rement num\u00e9ris\u00e9 et que toutes nos activit\u00e9s quotidiennes se d\u00e9roulent en ligne. Par cons\u00e9quent, tout ce que nous faisons en ligne est stock\u00e9 sous forme de donn\u00e9es. Pour stocker ces donn\u00e9es, nous avons besoin d&#8217;un gestionnaire de sauvegarde puissant.   <\/p>\n\n                <\/div>\n\n            <\/div>\n        <\/div>\n    <\/div>\n    <!-- ************************************************************************************* -->\n\n    <section class=\"p-sectionpadding\">\n        <div class=\"container mx-auto pt-20\">\n           <div class=\"flex flex-wrap items-start md:items-center flex-col-reverse md:flex-row\">\n                <div class=\"flex-1 w-full md:w-8\/12 pr-0 lg:pr-7 pr-0 mt-3\">\n                    <div class=\"relative\">\n\n                        <h2 class=\"lg:text-TitlesemiFontSize text-2xl titleColor lg:leading-snug capitalize\"> Qu&#8217;est-ce qu&#8217;un syst\u00e8me de <span class=\"font-bold\">gestion de sauvegarde<\/span> ? <\/h2>\n\n                        <p class=\"pt-6 font-light leading-6 text-textpara contentColor\">Un gestionnaire de sauvegarde doit \u00eatre capable de sauvegarder les donn\u00e9es en mode cod\u00e9 et d\u2019assurer la s\u00e9curit\u00e9 des donn\u00e9es de l\u2019utilisateur. Les donn\u00e9es importantes n\u00e9cessitent plus de s\u00e9curit\u00e9 que les donn\u00e9es ordinaires. Cela signifie que le plan de sauvegarde doit vous aider \u00e0 g\u00e9rer toutes sortes d&#8217;urgences et vous permettre de d\u00e9coder les donn\u00e9es importantes sans interf\u00e9rence.   <\/p>\n\n                    <\/div>\n                <\/div>\n                <div class=\"hidden lg:flex items-end justify-right w-[360px] primaryColor rounded-2xl pt-20 pl-10 ml-0 md:ml-10 mb-2 pb-0 overflow-hidden mt-3\">\n                <img decoding=\"async\" src=\"\/wp-content\/uploads\/2024\/08\/backumdulIntro.svg\" alt=\"Image\" class=\"relative right-[-10px] w-full\"\/>\n            <\/div>\n            <\/div>\n        <\/div>\n    <\/section>\n\n    <!-- ================================================================================================ -->\n    <section class=\"p-sectionpadding\">\n        <div class=\"container mx-auto \">\n            <div class=\"relative darkblue rounded-2xl p-7 md:p-12 py-8 md:py-16 overflow-hidden\">\n                <div class=\"flex flex-wrap items-center\">\n\n                    <div class=\"relative w-full lg:w-5\/12 pr-0 lg:pr-12\">\n                        <img decoding=\"async\" src=\"\/wp-content\/uploads\/2024\/08\/moduleBackup2.webp\" alt=\"Image\" class=\"mb-4 lg:mb-0 w-full\"\/>\n                    <\/div>\n\n                    <div class=\"lg:flex-shrink-0 w-full lg:w-7\/12 \">\n                        <h3 class=\"lg:text-TitlesemiFontSize text-2xl text-white lg:leading-snug capitalize\">\n                             <span class=\"font-bold\">Caract\u00e9ristiques<\/span> d&#8217;un syst\u00e8me de <span class=\"font-bold\">gestion de sauvegarde<\/span> <\/h3>\n                        <ul class=\"flex flex-wrap space-x-2 mt-4 ml-[-12px] list1\">\n                            <li class=\"text-textpara text-white font-light leading-6 mb-3 ml-2\">L&#8217;une des meilleures fonctionnalit\u00e9s d&#8217;un gestionnaire de sauvegarde est qu&#8217;il stocke les donn\u00e9es dans des emplacements distants. <\/li>\n                            <li class=\"text-textpara text-white font-light leading-6 mb-3 ml-2\">Cela permet d&#8217;\u00e9viter la perte de donn\u00e9es due \u00e0 des incidents tels que des virus informatiques, des incendies, des inondations, la foudre, une suppression accidentelle et des pannes de disque dur, entre autres. <\/li>\n<li class=\"text-textpara text-white font-light leading-6 mb-3 ml-2\">Si vous modifiez ou supprimez des donn\u00e9es, cela n\u2019a pas d\u2019importance ; le gestionnaire de sauvegarde stocke toujours la derni\u00e8re copie de vos donn\u00e9es. <\/li>\n\n                        <\/ul>\n                    <\/div>\n                <\/div>\n            <\/div>\n        <\/div>\n    <\/section>\n\n\n    <!-- ************************************************************************************* -->\n    <section class=\"p-sectionpadding\">\n        <div class=\"container mx-auto\">\n            <div class=\"flex flex-wrap flex-col-reverse md:flex-row\">\n\n                <div class=\"flex-1 flex flex-col items-center justify-end w-full md:w-6\/12 lighter rounded-2xl p-7 md:p-20 pb-0 md:pb-0 mr-0 md:mr-10 mb-2 pb-0 overflow-hidden mt-3\">\n                    <h4 class=\"text-xl md:text-2xl titleColor font-semibold lg:leading-snug capitalize mb-7\"> Le premier objectif est de r\u00e9cup\u00e9rer les donn\u00e9es apr\u00e8s leur perte, que ce soit par suppression ou corruption de donn\u00e9es. <\/h4>\n                    <img decoding=\"async\" src=\"\/wp-content\/uploads\/2024\/08\/moduleBackup3.webp\" alt=\"Image\" class=\"w-full rounded-t-xl\"\/>\n                <\/div>\n\n                <div class=\"flex-1 flex flex-col items-center justify-end w-full md:w-6\/12 primaryColor rounded-2xl p-7 pb-0 md:pb-0 md:p-20 ml-0 md:ml-10 mb-2 pb-0 overflow-hidden mt-3\">\n                    <h4 class=\"text-xl md:text-2xl text-white font-semibold lg:leading-snug capitalize mb-7\"> Et le deuxi\u00e8me objectif est de r\u00e9cup\u00e9rer les donn\u00e9es d\u00e8s leurs premiers stades afin de les comparer avec les derniers r\u00e9sultats des donn\u00e9es enregistr\u00e9es. <\/h4>\n                    <img decoding=\"async\" src=\"\/wp-content\/uploads\/2024\/08\/moduleBackup4.webp\" alt=\"Image\" class=\"w-full rounded-t-xl\"\/>\n                <\/div>\n\n            <\/div>\n        <\/div>\n    <\/section>\n    <!-- ************************************************************************************* -->\n\n    <section class=\"p-sectionpadding\">\n        <div class=\"container mx-auto\">\n            <div class=\"flex flex-wrap flex-col-reverse lg:flex-row\">\n                <div class=\"flex-1 w-full lg:w-7\/12 pr-0 lg:pr-7 pr-0 mt-3\">\n                    <div class=\"relative\">\n\n                        <h4 class=\"lg:text-TitlesemiFontSize text-2xl titleColor lg:leading-snug capitalize\">\n                             <span class=\"font-bold\">Fonctionnement <\/span> du syst\u00e8me de <span class=\"font-bold\">gestion de sauvegarde<\/span> de Cloud MLM <\/h4>\n\n                        <p class=\"pt-6 font-light leading-6 text-textpara contentColor\"> Le logiciel fournit le meilleur syst\u00e8me de gestion de sauvegarde \u00e0 nos clients. Notre syst\u00e8me de sauvegarde stocke les donn\u00e9es sur le serveur lui-m\u00eame, et ces donn\u00e9es sont conserv\u00e9es pendant une p\u00e9riode d\u00e9termin\u00e9e avant d&#8217;\u00eatre supprim\u00e9es selon les exigences du client.  <\/p>\n\n\n                        <p class=\"pt-6 font-light leading-6 text-textpara contentColor\">Le syst\u00e8me de sauvegarde de contient au moins une copie de toutes les donn\u00e9es m\u00e9ritant d&#8217;\u00eatre sauvegard\u00e9es. Notre gestionnaire de sauvegarde sauvegarde les donn\u00e9es toutes les heures de la journ\u00e9e et les stocke en toute s\u00e9curit\u00e9. Ainsi, nos clients peuvent facilement acc\u00e9der et d\u00e9coder les donn\u00e9es horaires et les donn\u00e9es hautement confidentielles de notre syst\u00e8me.   <\/p>\n\n\n                    <\/div>\n                <\/div>\n\n\n                <div class=\"w-full lg:w-5\/12 mt-10\">\n                    <div class=\"backUpafter1 relative rounded-xl py-2 mb-2\">\n                        <div class=\"flex items-center\">\n                            <div class=\"w-[30px] h-[30px] mr-[20px] rounded-lg primaryColor flex items-center justify-center font-semibold text-white\">  1  <\/div>\n                            <p class=\"text-textpara font-semibold relative lighter rounded-xl py-4 px-6 w-[calc(100%-50px)]\"> Cron d\u00e9fini sur une p\u00e9riode de temps pr\u00e9f\u00e9r\u00e9e.<\/p>\n                        <\/div>\n                    <\/div>\n                    <div class=\"backUpafter1 relative rounded-xl py-2 mb-2\">\n                        <div class=\"flex items-center\">\n                            <div class=\"w-[30px] h-[30px] mr-[20px] rounded-lg primaryColor flex items-center justify-center font-semibold text-white\">  2  <\/div>\n                            <p class=\"text-textpara font-semibold relative lighter rounded-xl py-4 px-6 w-[calc(100%-50px)]\"> Cryptage des fichiers \u00e0 sauvegarder.<\/p>\n                        <\/div>\n                    <\/div>\n\n                    <div class=\"backUpafter1 relative rounded-xl py-2 mb-2\">\n                        <div class=\"flex items-center\">\n                            <div class=\"w-[30px] h-[30px] mr-[20px] rounded-lg primaryColor flex items-center justify-center font-semibold text-white\">  3  <\/div>\n                            <p class=\"text-textpara font-semibold relative lighter rounded-xl py-4 px-6 w-[calc(100%-50px)]\"> Cryptage de fichiers et de bases de donn\u00e9es avec nos m\u00e9thodes hautement s\u00e9curis\u00e9es.<\/p>\n                        <\/div>\n                    <\/div>\n\n\n                <\/div>\n            <\/div>\n        <\/div>\n    <\/section>\n","protected":false},"excerpt":{"rendered":"<p>Gestionnaire de sauvegarde Nous savons qu\u2019aujourd\u2019hui notre monde est enti\u00e8rement num\u00e9ris\u00e9 et que toutes nos activit\u00e9s quotidiennes se d\u00e9roulent en ligne. Par cons\u00e9quent, tout ce que nous faisons en ligne est stock\u00e9 sous forme de donn\u00e9es. Pour stocker ces donn\u00e9es, nous avons besoin d&#8217;un gestionnaire de sauvegarde puissant. Qu&#8217;est-ce qu&#8217;un syst\u00e8me de gestion de sauvegarde [&hellip;]<\/p>\n","protected":false},"author":1,"featured_media":0,"parent":0,"menu_order":0,"comment_status":"closed","ping_status":"closed","template":"modulebackupmanager-page.php","meta":{"_acf_changed":false,"footnotes":""},"class_list":["post-14486","page","type-page","status-publish","hentry"],"acf":[],"yoast_head":"<!-- This site is optimized with the Yoast SEO Premium plugin v23.6 (Yoast SEO v25.9) - https:\/\/yoast.com\/wordpress\/plugins\/seo\/ -->\n<title>Gestionnaire de sauvegarde efficace - S\u00e9curisez vos donn\u00e9es en toute simplicit\u00e9<\/title>\n<meta name=\"description\" content=\"S\u00e9curisez vos donn\u00e9es avec notre gestionnaire de sauvegarde fiable. Des solutions faciles \u00e0 utiliser et efficaces pour garder vos informations s\u00fbres et accessibles.\" \/>\n<meta name=\"robots\" content=\"index, follow, max-snippet:-1, max-image-preview:large, max-video-preview:-1\" \/>\n<link rel=\"canonical\" href=\"https:\/\/cloudmlmsoftware.com\/fr\/gestionnaire-de-sauvegarde\/\" \/>\n<meta property=\"og:locale\" content=\"fr_FR\" \/>\n<meta property=\"og:type\" content=\"article\" \/>\n<meta property=\"og:title\" content=\"gestionnaire de sauvegarde\" \/>\n<meta property=\"og:description\" content=\"S\u00e9curisez vos donn\u00e9es avec notre gestionnaire de sauvegarde fiable. Des solutions faciles \u00e0 utiliser et efficaces pour garder vos informations s\u00fbres et accessibles.\" \/>\n<meta property=\"og:url\" content=\"https:\/\/cloudmlmsoftware.com\/fr\/gestionnaire-de-sauvegarde\/\" \/>\n<meta property=\"og:site_name\" content=\"Cloud MLM Software\" \/>\n<meta property=\"article:modified_time\" content=\"2024-11-08T04:37:29+00:00\" \/>\n<meta name=\"twitter:card\" content=\"summary_large_image\" \/>\n<meta name=\"twitter:label1\" content=\"Dur\u00e9e de lecture estim\u00e9e\" \/>\n\t<meta name=\"twitter:data1\" content=\"2 minutes\" \/>\n<!-- \/ Yoast SEO Premium plugin. -->","yoast_head_json":{"title":"Gestionnaire de sauvegarde efficace - S\u00e9curisez vos donn\u00e9es en toute simplicit\u00e9","description":"S\u00e9curisez vos donn\u00e9es avec notre gestionnaire de sauvegarde fiable. Des solutions faciles \u00e0 utiliser et efficaces pour garder vos informations s\u00fbres et accessibles.","robots":{"index":"index","follow":"follow","max-snippet":"max-snippet:-1","max-image-preview":"max-image-preview:large","max-video-preview":"max-video-preview:-1"},"canonical":"https:\/\/cloudmlmsoftware.com\/fr\/gestionnaire-de-sauvegarde\/","og_locale":"fr_FR","og_type":"article","og_title":"gestionnaire de sauvegarde","og_description":"S\u00e9curisez vos donn\u00e9es avec notre gestionnaire de sauvegarde fiable. Des solutions faciles \u00e0 utiliser et efficaces pour garder vos informations s\u00fbres et accessibles.","og_url":"https:\/\/cloudmlmsoftware.com\/fr\/gestionnaire-de-sauvegarde\/","og_site_name":"Cloud MLM Software","article_modified_time":"2024-11-08T04:37:29+00:00","twitter_card":"summary_large_image","twitter_misc":{"Dur\u00e9e de lecture estim\u00e9e":"2 minutes"},"schema":{"@context":"https:\/\/schema.org","@graph":[{"@type":"WebPage","@id":"https:\/\/cloudmlmsoftware.com\/fr\/gestionnaire-de-sauvegarde\/","url":"https:\/\/cloudmlmsoftware.com\/fr\/gestionnaire-de-sauvegarde\/","name":"Gestionnaire de sauvegarde efficace - S\u00e9curisez vos donn\u00e9es en toute simplicit\u00e9","isPartOf":{"@id":"https:\/\/cloudmlmsoftware.com\/fr\/#website"},"datePublished":"2024-05-22T13:33:38+00:00","dateModified":"2024-11-08T04:37:29+00:00","description":"S\u00e9curisez vos donn\u00e9es avec notre gestionnaire de sauvegarde fiable. Des solutions faciles \u00e0 utiliser et efficaces pour garder vos informations s\u00fbres et accessibles.","breadcrumb":{"@id":"https:\/\/cloudmlmsoftware.com\/fr\/gestionnaire-de-sauvegarde\/#breadcrumb"},"inLanguage":"fr-FR","potentialAction":[{"@type":"ReadAction","target":["https:\/\/cloudmlmsoftware.com\/fr\/gestionnaire-de-sauvegarde\/"]}]},{"@type":"BreadcrumbList","@id":"https:\/\/cloudmlmsoftware.com\/fr\/gestionnaire-de-sauvegarde\/#breadcrumb","itemListElement":[{"@type":"ListItem","position":1,"name":"Home","item":"https:\/\/cloudmlmsoftware.com\/fr\/"},{"@type":"ListItem","position":2,"name":"gestionnaire de sauvegarde"}]},{"@type":"WebSite","@id":"https:\/\/cloudmlmsoftware.com\/fr\/#website","url":"https:\/\/cloudmlmsoftware.com\/fr\/","name":"Cloud MLM Software","description":"","publisher":{"@id":"https:\/\/cloudmlmsoftware.com\/fr\/#organization"},"potentialAction":[{"@type":"SearchAction","target":{"@type":"EntryPoint","urlTemplate":"https:\/\/cloudmlmsoftware.com\/fr\/?s={search_term_string}"},"query-input":{"@type":"PropertyValueSpecification","valueRequired":true,"valueName":"search_term_string"}}],"inLanguage":"fr-FR"},{"@type":"Organization","@id":"https:\/\/cloudmlmsoftware.com\/fr\/#organization","name":"Cloud MLM Software","url":"https:\/\/cloudmlmsoftware.com\/fr\/","logo":{"@type":"ImageObject","inLanguage":"fr-FR","@id":"https:\/\/cloudmlmsoftware.com\/fr\/#\/schema\/logo\/image\/","url":"https:\/\/cloudmlmsoftware.com\/wp-content\/uploads\/2024\/09\/cloudmlm-logo.webp","contentUrl":"https:\/\/cloudmlmsoftware.com\/wp-content\/uploads\/2024\/09\/cloudmlm-logo.webp","width":200,"height":40,"caption":"Cloud MLM Software"},"image":{"@id":"https:\/\/cloudmlmsoftware.com\/fr\/#\/schema\/logo\/image\/"}}]}},"_links":{"self":[{"href":"https:\/\/cloudmlmsoftware.com\/fr\/wp-json\/wp\/v2\/pages\/14486","targetHints":{"allow":["GET"]}}],"collection":[{"href":"https:\/\/cloudmlmsoftware.com\/fr\/wp-json\/wp\/v2\/pages"}],"about":[{"href":"https:\/\/cloudmlmsoftware.com\/fr\/wp-json\/wp\/v2\/types\/page"}],"author":[{"embeddable":true,"href":"https:\/\/cloudmlmsoftware.com\/fr\/wp-json\/wp\/v2\/users\/1"}],"replies":[{"embeddable":true,"href":"https:\/\/cloudmlmsoftware.com\/fr\/wp-json\/wp\/v2\/comments?post=14486"}],"version-history":[{"count":0,"href":"https:\/\/cloudmlmsoftware.com\/fr\/wp-json\/wp\/v2\/pages\/14486\/revisions"}],"wp:attachment":[{"href":"https:\/\/cloudmlmsoftware.com\/fr\/wp-json\/wp\/v2\/media?parent=14486"}],"curies":[{"name":"wp","href":"https:\/\/api.w.org\/{rel}","templated":true}]}}