{"id":14455,"date":"2024-06-26T12:38:08","date_gmt":"2024-06-26T12:38:08","guid":{"rendered":"https:\/\/cloudmlmsoftware.com\/politique-de-remboursement\/"},"modified":"2024-09-30T05:15:35","modified_gmt":"2024-09-30T05:15:35","slug":"remboursements-et-annulation","status":"publish","type":"page","link":"https:\/\/cloudmlmsoftware.com\/fr\/remboursements-et-annulation\/","title":{"rendered":"Politique de remboursement"},"content":{"rendered":"\n<h2 class=\"lg:text-2xl leading-snug text-2xl capitalize titleColor\">Nous nous effor\u00e7ons de fournir \u00e0 nos clients des logiciels de la plus haute qualit\u00e9 ainsi que les meilleurs services d&#8217;assistance technique, commerciale et informationnelle.<\/h2>\n\n          \n            <p class=\"pt-3\">Pour vous assurer que nos produits logiciels r\u00e9pondent exactement \u00e0 vos besoins, un compte gratuit est disponible sur notre site Web. Des informations compl\u00e8tes sur les produits et services sont \u00e9galement fournies. Pour vous aider \u00e0 prendre la bonne d\u00e9cision, vous pouvez \u00e9galement contacter notre \u00e9quipe d&#8217;assistance.  <\/p>\n\n            <p class=\"pt-5 contentColor text-sm leading-6\">Nous comprenons cependant que des circonstances exceptionnelles peuvent survenir en raison de la nature des produits que nous fournissons. Veuillez donc vous familiariser avec notre politique de remboursement avant de commander notre logiciel afin d&#8217;\u00e9viter toute insatisfaction apr\u00e8s l&#8217;achat.<\/p>\n\n            <p class=\"pt-5 contentColor text-sm leading-6\">\u00c9tant donn\u00e9 que tous nos produits sont des biens intangibles et irr\u00e9vocables (logiciels num\u00e9riques), ils sont accompagn\u00e9s d&#8217;une garantie de remboursement bas\u00e9e sur l&#8217;honneur d&#8217;une semaine apr\u00e8s le lancement. Bas\u00e9 sur l&#8217;honneur signifie que nous serons heureux de vous rembourser votre investissement \u00e0 condition que : <\/p>\n\n            <ul class=\"mt-4 block\">\n                <li class=\"flex items-start space-x-2 rounded-xl mb-3 cursor-pointer w-full md:w-auto\">\n                    <img decoding=\"async\" src=\"\/wp-content\/uploads\/2024\/07\/list1.webp\" width=\"20\" height=\"20\" alt=\"logiciel mlm\"\/>\n                    <b class=\"font-normal contentColor text-sm\">Nous sommes s\u00fbrs que le produit fonctionne mal (c&#8217;est-\u00e0-dire qu&#8217;il ne fonctionne pas selon les fonctionnalit\u00e9s d\u00e9clar\u00e9es sur la page d&#8217;accueil du produit ou dans d&#8217;autres documents officiels du produit) sur l&#8217;ordinateur\/l&#8217;appareil mobile du client ;<\/b>\n                <\/li>\n                <li class=\"flex items-start space-x-2 rounded-xl mb-3 cursor-pointer w-full md:w-auto\">\n                    <img decoding=\"async\" src=\"\/wp-content\/uploads\/2024\/07\/list1.webp\" width=\"20\" height=\"20\" alt=\"logiciel mlm\"\/>\n                    <b class=\"font-normal contentColor text-sm\">Nous recevons de l&#8217;aide pour conna\u00eetre les d\u00e9tails du probl\u00e8me du c\u00f4t\u00e9 du client ;<\/b>\n                <\/li>\n                <li class=\"flex items-start space-x-2 rounded-xl mb-3 cursor-pointer w-full md:w-auto\">\n                    <img decoding=\"async\" src=\"\/wp-content\/uploads\/2024\/07\/list1.webp\" width=\"20\" height=\"20\" alt=\"logiciel mlm\"\/>\n                    <b class=\"font-normal contentColor text-sm\">Nous ne parvenons pas \u00e0 rem\u00e9dier \u00e0 la lacune dans un d\u00e9lai raisonnable.<\/b>\n                <\/li>\n                <li class=\"flex items-start space-x-2 rounded-xl mb-3 cursor-pointer w-full md:w-auto\">\n                    <img decoding=\"async\" src=\"\/wp-content\/uploads\/2024\/07\/list1.webp\" width=\"20\" height=\"20\" alt=\"logiciel mlm\"\/>\n                    <b class=\"font-normal contentColor text-sm\">Le remboursement sera effectu\u00e9 int\u00e9gralement au client sans aucune compensation ni remboursement suppl\u00e9mentaire.<\/b>\n                <\/li>\n\n            <\/ul>\n            <p class=\"pt-5 contentColor text-sm leading-6\">Le logiciel collecte \u00e9galement des informations d&#8217;identification potentiellement personnelles telles que les adresses IP (Internet Protocol) pour les utilisateurs connect\u00e9s et pour les utilisateurs laissant des commentaires sur https:\/\/cloudmlmsoftware. com articles de blog. Le logiciel Cloud MLM ne divulgue les adresses IP des utilisateurs et des commentateurs connect\u00e9s que dans les m\u00eames circonstances qu&#8217;il utilise et divulgue les informations d&#8217;identification personnelle comme d\u00e9crit ci-dessous. <\/p>\n\n            <h3 class=\"leading-snug text-2xl capitalize titleColor pt-4\"> Proc\u00e9dure de retour du produit : <\/h3>\n            <h4 class=\"leading-snug text-2xl capitalize titleColor pt-4\"> Les demandes de remboursement doivent \u00eatre : <\/h4>\n            <ul class=\"mt-4 block\">\n                <li class=\"flex items-start space-x-2 rounded-xl mb-3 cursor-pointer w-full md:w-auto\">\n                    <img decoding=\"async\" src=\"\/wp-content\/uploads\/2024\/07\/list1.webp\" width=\"20\" height=\"20\" alt=\"logiciel mlm\"\/>\n                    <b class=\"font-normal contentColor text-sm\">Fabriqu\u00e9 dans les sept (7) jours suivant la date de lancement.<\/b>\n                <\/li>\n                <li class=\"flex items-start space-x-2 rounded-xl mb-3 cursor-pointer w-full md:w-auto\">\n                    <img decoding=\"async\" src=\"\/wp-content\/uploads\/2024\/07\/list1.webp\" width=\"20\" height=\"20\" alt=\"logiciel mlm\"\/>\n                    <b class=\"font-normal contentColor text-sm\">Envoy\u00e9 par e-mail \u00e0 notre \u00e9quipe du service client.<\/b>\n                <\/li>\n                <li class=\"flex items-start space-x-2 rounded-xl mb-3 cursor-pointer w-full md:w-auto\">\n                    <img decoding=\"async\" src=\"\/wp-content\/uploads\/2024\/07\/list1.webp\" width=\"20\" height=\"20\" alt=\"logiciel mlm\"\/>\n                    <b class=\"font-normal contentColor text-sm\">Contenez l&#8217;adresse e-mail avec laquelle vous vous \u00eates inscrit \u00e0 notre service et les raisons d\u00e9taill\u00e9es et motiv\u00e9es pour lesquelles vous demandez un remboursement.<\/b>\n                <\/li>\n              \n            <\/ul>\n            <p class=\"pt-5 contentColor text-sm leading-6\">Lors de l&#8217;envoi d&#8217;une demande de remboursement, veuillez accorder \u00e0 notre \u00e9quipe du service client jusqu&#8217;\u00e0 un (1) jour ouvrable pour vous r\u00e9pondre sur le probl\u00e8me.<\/p>\n            <p class=\"pt-5 contentColor text-sm leading-6\">Vous devriez vous attendre \u00e0 un e-mail de <a class=\"primaryTextColor\" href=\"mailto:info@cloudmlmsoftware.com\">info@cloudmlmsoftware. com<\/a>, soyez pr\u00eat \u00e0 fournir des informations suppl\u00e9mentaires \u00e0 nos agents d\u2019assistance et suivez toutes les recommandations.<\/p>\n","protected":false},"excerpt":{"rendered":"<p>Nous nous effor\u00e7ons de fournir \u00e0 nos clients des logiciels de la plus haute qualit\u00e9 ainsi que les meilleurs services d&#8217;assistance technique, commerciale et informationnelle. Pour vous assurer que nos produits logiciels r\u00e9pondent exactement \u00e0 vos besoins, un compte gratuit est disponible sur notre site Web. Des informations compl\u00e8tes sur les produits et services sont [&hellip;]<\/p>\n","protected":false},"author":1,"featured_media":0,"parent":0,"menu_order":0,"comment_status":"closed","ping_status":"closed","template":"refundpolicy-page.php","meta":{"_acf_changed":false,"footnotes":""},"class_list":["post-14455","page","type-page","status-publish","hentry"],"acf":[],"yoast_head":"<!-- This site is optimized with the Yoast SEO Premium plugin v23.6 (Yoast SEO v25.9) - https:\/\/yoast.com\/wordpress\/plugins\/seo\/ -->\n<title>Politique de remboursement et d&#039;annulation - Connaissez vos droits<\/title>\n<meta name=\"description\" content=\"Consultez notre politique de remboursement et d&#039;annulation pour des retours sans tracas. D\u00e9couvrez les crit\u00e8res d&#039;\u00e9ligibilit\u00e9, les d\u00e9lais et la proc\u00e9dure de demande de remboursement.\" \/>\n<meta name=\"robots\" content=\"index, follow, max-snippet:-1, max-image-preview:large, max-video-preview:-1\" \/>\n<link rel=\"canonical\" href=\"https:\/\/cloudmlmsoftware.com\/fr\/remboursements-et-annulation\/\" \/>\n<meta property=\"og:locale\" content=\"fr_FR\" \/>\n<meta property=\"og:type\" content=\"article\" \/>\n<meta property=\"og:title\" content=\"Politique de remboursement\" \/>\n<meta property=\"og:description\" content=\"Consultez notre politique de remboursement et d&#039;annulation pour des retours sans tracas. D\u00e9couvrez les crit\u00e8res d&#039;\u00e9ligibilit\u00e9, les d\u00e9lais et la proc\u00e9dure de demande de remboursement.\" \/>\n<meta property=\"og:url\" content=\"https:\/\/cloudmlmsoftware.com\/fr\/remboursements-et-annulation\/\" \/>\n<meta property=\"og:site_name\" content=\"Cloud MLM Software\" \/>\n<meta property=\"article:modified_time\" content=\"2024-09-30T05:15:35+00:00\" \/>\n<meta name=\"twitter:card\" content=\"summary_large_image\" \/>\n<meta name=\"twitter:label1\" content=\"Dur\u00e9e de lecture estim\u00e9e\" \/>\n\t<meta name=\"twitter:data1\" content=\"4 minutes\" \/>\n<!-- \/ Yoast SEO Premium plugin. -->","yoast_head_json":{"title":"Politique de remboursement et d'annulation - Connaissez vos droits","description":"Consultez notre politique de remboursement et d'annulation pour des retours sans tracas. D\u00e9couvrez les crit\u00e8res d'\u00e9ligibilit\u00e9, les d\u00e9lais et la proc\u00e9dure de demande de remboursement.","robots":{"index":"index","follow":"follow","max-snippet":"max-snippet:-1","max-image-preview":"max-image-preview:large","max-video-preview":"max-video-preview:-1"},"canonical":"https:\/\/cloudmlmsoftware.com\/fr\/remboursements-et-annulation\/","og_locale":"fr_FR","og_type":"article","og_title":"Politique de remboursement","og_description":"Consultez notre politique de remboursement et d'annulation pour des retours sans tracas. D\u00e9couvrez les crit\u00e8res d'\u00e9ligibilit\u00e9, les d\u00e9lais et la proc\u00e9dure de demande de remboursement.","og_url":"https:\/\/cloudmlmsoftware.com\/fr\/remboursements-et-annulation\/","og_site_name":"Cloud MLM Software","article_modified_time":"2024-09-30T05:15:35+00:00","twitter_card":"summary_large_image","twitter_misc":{"Dur\u00e9e de lecture estim\u00e9e":"4 minutes"},"schema":{"@context":"https:\/\/schema.org","@graph":[{"@type":"WebPage","@id":"https:\/\/cloudmlmsoftware.com\/fr\/remboursements-et-annulation\/","url":"https:\/\/cloudmlmsoftware.com\/fr\/remboursements-et-annulation\/","name":"Politique de remboursement et d'annulation - Connaissez vos droits","isPartOf":{"@id":"https:\/\/cloudmlmsoftware.com\/fr\/#website"},"datePublished":"2024-06-26T12:38:08+00:00","dateModified":"2024-09-30T05:15:35+00:00","description":"Consultez notre politique de remboursement et d'annulation pour des retours sans tracas. D\u00e9couvrez les crit\u00e8res d'\u00e9ligibilit\u00e9, les d\u00e9lais et la proc\u00e9dure de demande de remboursement.","breadcrumb":{"@id":"https:\/\/cloudmlmsoftware.com\/fr\/remboursements-et-annulation\/#breadcrumb"},"inLanguage":"fr-FR","potentialAction":[{"@type":"ReadAction","target":["https:\/\/cloudmlmsoftware.com\/fr\/remboursements-et-annulation\/"]}]},{"@type":"BreadcrumbList","@id":"https:\/\/cloudmlmsoftware.com\/fr\/remboursements-et-annulation\/#breadcrumb","itemListElement":[{"@type":"ListItem","position":1,"name":"Home","item":"https:\/\/cloudmlmsoftware.com\/fr\/"},{"@type":"ListItem","position":2,"name":"Politique de remboursement"}]},{"@type":"WebSite","@id":"https:\/\/cloudmlmsoftware.com\/fr\/#website","url":"https:\/\/cloudmlmsoftware.com\/fr\/","name":"Cloud MLM Software","description":"","publisher":{"@id":"https:\/\/cloudmlmsoftware.com\/fr\/#organization"},"potentialAction":[{"@type":"SearchAction","target":{"@type":"EntryPoint","urlTemplate":"https:\/\/cloudmlmsoftware.com\/fr\/?s={search_term_string}"},"query-input":{"@type":"PropertyValueSpecification","valueRequired":true,"valueName":"search_term_string"}}],"inLanguage":"fr-FR"},{"@type":"Organization","@id":"https:\/\/cloudmlmsoftware.com\/fr\/#organization","name":"Cloud MLM Software","url":"https:\/\/cloudmlmsoftware.com\/fr\/","logo":{"@type":"ImageObject","inLanguage":"fr-FR","@id":"https:\/\/cloudmlmsoftware.com\/fr\/#\/schema\/logo\/image\/","url":"https:\/\/cloudmlmsoftware.com\/wp-content\/uploads\/2024\/09\/cloudmlm-logo.webp","contentUrl":"https:\/\/cloudmlmsoftware.com\/wp-content\/uploads\/2024\/09\/cloudmlm-logo.webp","width":200,"height":40,"caption":"Cloud MLM Software"},"image":{"@id":"https:\/\/cloudmlmsoftware.com\/fr\/#\/schema\/logo\/image\/"}}]}},"_links":{"self":[{"href":"https:\/\/cloudmlmsoftware.com\/fr\/wp-json\/wp\/v2\/pages\/14455","targetHints":{"allow":["GET"]}}],"collection":[{"href":"https:\/\/cloudmlmsoftware.com\/fr\/wp-json\/wp\/v2\/pages"}],"about":[{"href":"https:\/\/cloudmlmsoftware.com\/fr\/wp-json\/wp\/v2\/types\/page"}],"author":[{"embeddable":true,"href":"https:\/\/cloudmlmsoftware.com\/fr\/wp-json\/wp\/v2\/users\/1"}],"replies":[{"embeddable":true,"href":"https:\/\/cloudmlmsoftware.com\/fr\/wp-json\/wp\/v2\/comments?post=14455"}],"version-history":[{"count":0,"href":"https:\/\/cloudmlmsoftware.com\/fr\/wp-json\/wp\/v2\/pages\/14455\/revisions"}],"wp:attachment":[{"href":"https:\/\/cloudmlmsoftware.com\/fr\/wp-json\/wp\/v2\/media?parent=14455"}],"curies":[{"name":"wp","href":"https:\/\/api.w.org\/{rel}","templated":true}]}}