{"id":14435,"date":"2024-03-25T12:33:50","date_gmt":"2024-03-25T12:33:50","guid":{"rendered":"https:\/\/cloudmlmsoftware.com\/politique-de-confidentialite\/"},"modified":"2024-09-25T14:40:34","modified_gmt":"2024-09-25T14:40:34","slug":"politique-de-confidentialite","status":"publish","type":"page","link":"https:\/\/cloudmlmsoftware.com\/fr\/politique-de-confidentialite\/","title":{"rendered":"politique de confidentialit\u00e9"},"content":{"rendered":"\n<h2 class=\"wp-block-heading lg:text-TitlesemiFontSize leading-snug text-2xl capitalize titleColor\">Votre vie priv\u00e9e est d\u2019une importance cruciale pour nous.<\/h2>\n\n<h3 class=\"wp-block-heading leading-snug text-2xl capitalize titleColor pt-4\">LLP est situ\u00e9 \u00e0 :<\/h3>\n\n<p class=\"pt-3\">Unit\u00e9 1A, 4\u00e8me \u00e9tage, KSITIL, zone \u00e9conomique sp\u00e9ciale, campus Cyberpark, b\u00e2timent Sahya, Nellikkode P. O, Kozhikode, 673016<\/p>\n\n<p class=\"pt-5 contentColor text-sm leading-6\">La politique de Cloud MLM Software est de respecter votre vie priv\u00e9e concernant toute information que nous pouvons collecter lors de l&#8217;exploitation de notre site Web. Cette politique de confidentialit\u00e9 s&#8217;applique \u00e0 https:\/\/cloudmlmsoftware. com (ci-apr\u00e8s, \u00ab nous \u00bb, \u00ab nos \u00bb ou \u00ab https:\/\/cloudmlmsoftware. com \u00bb). Nous respectons votre vie priv\u00e9e et nous engageons \u00e0 prot\u00e9ger les informations personnelles identifiables que vous pouvez nous fournir via le site Web. Nous avons adopt\u00e9 cette politique de confidentialit\u00e9 (\u00ab Politique de confidentialit\u00e9 \u00bb) pour expliquer quelles informations peuvent \u00eatre collect\u00e9es sur notre site Web, comment nous utilisons ces informations et dans quelles circonstances nous pouvons divulguer ces informations \u00e0 des tiers. Cette politique de confidentialit\u00e9 s&#8217;applique uniquement aux informations que nous collectons via le site Web et ne s&#8217;applique pas \u00e0 notre collecte d&#8217;informations provenant d&#8217;autres sources.    <\/p>\n\n<p class=\"pt-5 contentColor text-sm leading-6\">Cette politique de confidentialit\u00e9, ainsi que les conditions g\u00e9n\u00e9rales publi\u00e9es sur notre site Web, d\u00e9finissent les r\u00e8gles et politiques g\u00e9n\u00e9rales r\u00e9gissant votre utilisation de notre site Web. En fonction de vos activit\u00e9s lorsque vous visitez notre site Web, vous devrez peut-\u00eatre accepter des conditions g\u00e9n\u00e9rales suppl\u00e9mentaires. <\/p>\n\n<h3 class=\"wp-block-heading pt-6 leading-snug text-2xl font-semibold capitalize titleColor\">Visiteurs du site Web<\/h3>\n\n<p class=\"pt-5 contentColor text-sm leading-6\">Comme la plupart des op\u00e9rateurs de sites Web, Cloud MLM Software collecte des informations non personnelles du type que les navigateurs Web et les serveurs mettent g\u00e9n\u00e9ralement \u00e0 disposition, telles que le type de navigateur, la pr\u00e9f\u00e9rence linguistique, le site r\u00e9f\u00e9rent, ainsi que la date et l&#8217;heure de chaque demande de visiteur. L&#8217;objectif de Cloud MLM Software dans la collecte d&#8217;informations non personnelles est de mieux comprendre comment les visiteurs de Cloud MLM Software utilisent son site Web. De temps \u00e0 autre, Cloud MLM Software peut divulguer globalement des informations non nominatives, par ex. g. , en publiant un rapport sur les tendances d&#8217;utilisation de son site Internet.  <\/p>\n\n<p class=\"pt-5 contentColor text-sm leading-6\">Le logiciel collecte \u00e9galement des informations potentiellement personnelles, telles que les adresses IP (Internet Protocol) des utilisateurs connect\u00e9s et des utilisateurs laissant des commentaires sur https:\/\/cloudmlmsoftware. com articles de blog. Le logiciel Cloud MLM ne divulgue les adresses IP des utilisateurs et des commentateurs connect\u00e9s que dans les m\u00eames circonstances qu&#8217;il utilise et divulgue les informations d&#8217;identification personnelle comme d\u00e9crit ci-dessous. <\/p>\n\n<h3 class=\"wp-block-heading pt-6 leading-snug text-2xl font-semibold capitalize titleColor\">Collecte d&#8217;informations d&#8217;identification personnelle<\/h3>\n\n<p class=\"pt-3 contentColor text-sm leading-6\">Certains visiteurs des sites Web de Cloud MLM Software choisissent d&#8217;interagir avec Bpract Software Solutions LLP (la soci\u00e9t\u00e9 a d\u00e9velopp\u00e9 ce produit) d&#8217;une mani\u00e8re qui n\u00e9cessite que Bpract Software Solutions LLP collecte des informations d&#8217;identification personnelle. La quantit\u00e9 et le type d&#8217;informations recueillies par Bpract Software Solutions LLP d\u00e9pendent de la nature de l&#8217;interaction. Par exemple, nous demandons aux visiteurs qui s&#8217;inscrivent \u00e0 un blog sur https:\/\/cloudmlmsoftware. com pour fournir un nom d\u2019utilisateur et une adresse e-mail.  <\/p>\n\n<h3 class=\"wp-block-heading pt-6 leading-snug text-2xl font-semibold capitalize titleColor\">S\u00e9curit\u00e9<\/h3>\n\n<p class=\"pt-3 contentColor text-sm leading-6\">La s\u00e9curit\u00e9 de vos informations personnelles est importante pour nous, mais n&#8217;oubliez pas qu&#8217;aucune m\u00e9thode de transmission sur Internet ni aucune m\u00e9thode de stockage \u00e9lectronique n&#8217;est s\u00e9curis\u00e9e \u00e0 100 %. Bien que nous nous efforcions d&#8217;utiliser des moyens commercialement acceptables pour prot\u00e9ger vos informations personnelles, nous ne pouvons garantir leur s\u00e9curit\u00e9 absolue. <\/p>\n\n<h3 class=\"wp-block-heading pt-6 leading-snug text-2xl font-semibold capitalize titleColor\">Publicit\u00e9s<\/h3>\n\n<p class=\"pt-3 contentColor text-sm leading-6\">Les publicit\u00e9s apparaissant sur notre site Web peuvent \u00eatre diffus\u00e9es aux utilisateurs par des partenaires publicitaires, qui peuvent d\u00e9finir des cookies. Ces cookies permettent au serveur publicitaire de reconna\u00eetre votre ordinateur chaque fois qu&#8217;il vous envoie une publicit\u00e9 en ligne pour compiler des informations sur vous ou sur les autres utilisateurs de votre ordinateur. Ces informations permettent aux r\u00e9seaux publicitaires, entre autres choses, de diffuser des publicit\u00e9s cibl\u00e9es qui, selon eux, vous int\u00e9resseront le plus. Cette politique de confidentialit\u00e9 couvre l&#8217;utilisation de cookies par Cloud MLM Software et ne couvre pas l&#8217;utilisation de cookies par des annonceurs.   <\/p>\n\n<h3 class=\"wp-block-heading pt-6 leading-snug text-2xl font-semibold capitalize titleColor\">Liens vers des sites externes<\/h3>\n\n<p class=\"pt-3 contentColor text-sm leading-6\">Notre Service peut contenir des liens vers des sites externes qui ne sont pas exploit\u00e9s par nous. Si vous cliquez sur un lien tiers, vous serez dirig\u00e9 vers le site de ce tiers. Nous vous conseillons fortement de consulter la politique de confidentialit\u00e9 et les conditions g\u00e9n\u00e9rales de chaque site que vous visitez. Nous n&#8217;avons aucun contr\u00f4le et n&#8217;assumons aucune responsabilit\u00e9 quant au contenu, aux politiques de confidentialit\u00e9 ou aux pratiques de tout site, produit ou service tiers.   <\/p>\n\n<h3 class=\"wp-block-heading pt-6 leading-snug text-2xl font-semibold capitalize titleColor\">Protection de certaines informations d&#8217;identification personnelle<\/h3>\n\n<p class=\"pt-3 contentColor text-sm leading-6\">LLP divulgue des informations potentiellement nominatives et personnelles uniquement \u00e0 ceux de ses employ\u00e9s, sous-traitants et organisations affili\u00e9es qui (i) avez besoin de conna\u00eetre ces informations afin de les traiter au nom de Bpract Software Solutions LLP ou de fournir des services disponibles sur le site Web de Cloud MLM Software, et (ii) qui ont accept\u00e9 de ne pas les divulguer \u00e0 des tiers. Certains de ces employ\u00e9s, sous-traitants et organisations affili\u00e9es peuvent \u00eatre situ\u00e9s en dehors de votre pays d&#8217;origine ; en utilisant le site Web de Cloud MLM Software, vous consentez au transfert de ces informations. Bpract Software Solutions LLP ne louera ni ne vendra d&#8217;informations potentiellement personnelles et d&#8217;identification personnelle \u00e0 quiconque. Hormis \u00e0 ses employ\u00e9s, sous-traitants et organisations affili\u00e9es, comme d\u00e9crit ci-dessus, Bpract Software Solutions LLP divulgue des informations potentiellement nominatives et personnelles uniquement en r\u00e9ponse \u00e0 une assignation \u00e0 compara\u00eetre, une ordonnance du tribunal ou une autre demande gouvernementale, ou lorsque Bpract Software Solutions LLP estime de bonne foi, cette divulgation est raisonnablement n\u00e9cessaire pour prot\u00e9ger la propri\u00e9t\u00e9 ou les droits de Bpract Software Solutions LLP, de tiers ou du grand public.     <\/p>\n\n<p class=\"pt-3 contentColor text-sm leading-6\">Si vous \u00eates inscrit sur https:\/\/cloudmlmsoftware. com et avez fourni votre adresse e-mail, Bpract Software Solutions LLP peut occasionnellement vous envoyer un e-mail pour vous informer de nouvelles fonctionnalit\u00e9s, solliciter vos commentaires ou simplement vous tenir au courant de ce qui se passe avec Bpract Software Solutions LLP et nos produits. Nous utilisons principalement notre blog pour communiquer ce type d&#8217;informations, nous esp\u00e9rons donc r\u00e9duire ce type d&#8217;e-mail au minimum. Si vous nous envoyez une demande (par exemple via un e-mail d&#8217;assistance ou via l&#8217;un de nos m\u00e9canismes de retour d&#8217;information), nous nous r\u00e9servons le droit de la publier afin de nous aider \u00e0 clarifier ou \u00e0 r\u00e9pondre \u00e0 votre demande ou pour nous aider \u00e0 assister d&#8217;autres utilisateurs. Bpract Software Solutions LLP prend toutes les mesures raisonnablement n\u00e9cessaires pour se prot\u00e9ger contre l&#8217;acc\u00e8s, l&#8217;utilisation, la modification ou la destruction non autoris\u00e9s d&#8217;informations potentiellement nominatives et d&#8217;identification personnelle.   <\/p>\n\n<h3 class=\"wp-block-heading pt-6 leading-snug text-2xl font-semibold capitalize titleColor\">Statistiques agr\u00e9g\u00e9es<\/h3>\n\n<p class=\"pt-3 contentColor text-sm leading-6\">LLP peut collecter des statistiques sur le comportement des visiteurs de son site Web. Bpract Software Solutions LLP peut afficher ces informations publiquement ou les fournir \u00e0 des tiers. Cependant, Bpract Software Solutions LLP ne divulgue pas vos informations d&#8217;identification personnelle.  <\/p>\n\n<h3 class=\"wp-block-heading pt-6 leading-snug text-2xl font-semibold capitalize titleColor\">Divulgation des affili\u00e9s<\/h3>\n\n<p class=\"pt-3 contentColor text-sm leading-6\">Ce site utilise des liens d&#8217;affiliation et gagne une commission sur certains liens. Cela n&#8217;affecte pas vos achats ni le prix que vous pourriez payer. <\/p>\n\n<h3 class=\"wp-block-heading\">Cookies<\/h3>\n\n<p class=\"pt-3 contentColor text-sm leading-6\">Pour enrichir et perfectionner votre exp\u00e9rience en ligne, Cloud MLM Software utilise des \u00ab Cookies \u00bb, des technologies et services similaires fournis par des tiers pour afficher du contenu personnalis\u00e9, des publicit\u00e9s appropri\u00e9es et stocker vos pr\u00e9f\u00e9rences sur votre ordinateur.<\/p>\n\n<p class=\"pt-3 contentColor text-sm leading-6\">Un cookie est une cha\u00eene d\u2019informations qu\u2019un site Web stocke sur l\u2019ordinateur d\u2019un visiteur et que le navigateur du visiteur fournit au site Web \u00e0 chaque fois que le visiteur revient. Bpract Software Solutions LLP utilise des cookies pour aider Bpract Software Solutions LLP \u00e0 identifier et suivre les visiteurs et leur utilisation de https:\/\/cloudmlmsoftware. com et leurs pr\u00e9f\u00e9rences d\u2019acc\u00e8s au site Web. Les visiteurs de Cloud MLM Software qui ne souhaitent pas que des cookies soient plac\u00e9s sur leur ordinateur doivent configurer leur navigateur pour refuser les cookies avant d&#8217;utiliser les sites Web de Bpract Software Solutions LLP, avec l&#8217;inconv\u00e9nient que certaines fonctionnalit\u00e9s des sites Web de Bpract Software Solutions LLP peuvent ne pas fonctionner correctement sans l&#8217;aide de cookies.  <\/p>\n\n<p class=\"pt-3 contentColor text-sm leading-6\">En poursuivant votre navigation sur notre site Web sans modifier vos param\u00e8tres de cookies, vous reconnaissez et acceptez par la pr\u00e9sente l&#8217;utilisation des cookies par Cloud MLM Software.<\/p>\n\n<h3 class=\"wp-block-heading pt-6 leading-snug text-2xl font-semibold capitalize titleColor\">Commerce \u00e9lectronique<\/h3>\n\n<p class=\"pt-3 contentColor text-sm leading-6\">Ceux qui effectuent des transactions avec Bpract Software Solutions LLP \u2013 en achetant les services ou produits de Bpract Software Solutions LLP, sont invit\u00e9s \u00e0 fournir des informations suppl\u00e9mentaires, y compris si n\u00e9cessaire les informations personnelles et financi\u00e8res requises pour traiter ces transactions. Dans chaque cas, Bpract Software Solutions LLP collecte ces informations uniquement dans la mesure n\u00e9cessaire ou appropri\u00e9e pour atteindre l\u2019objectif de l\u2019interaction du visiteur avec Bpract Software Solutions LLP. Bpract Software Solutions LLP ne divulgue pas d\u2019informations d\u2019identification personnelle autres que celles d\u00e9crites ci-dessous. Et les visiteurs peuvent toujours refuser de fournir des informations d\u2019identification personnelle, avec l\u2019avertissement que cela pourrait les emp\u00eacher de s\u2019engager dans certaines activit\u00e9s li\u00e9es au site Web.   <\/p>\n\n<h3 class=\"wp-block-heading pt-6 leading-snug text-2xl font-semibold capitalize titleColor\">Transferts d&#8217;entreprises<\/h3>\n\n<p class=\"pt-3 contentColor text-sm leading-6\">Si Bpract Software Solutions LLP, ou la quasi-totalit\u00e9 de ses actifs, \u00e9tait acquis, ou dans le cas peu probable o\u00f9 Bpract Software Solutions LLP cesserait ses activit\u00e9s ou ferait faillite, les informations de l&#8217;utilisateur feraient partie des actifs transf\u00e9r\u00e9s ou acquis par un tiers. faire la f\u00eate. Vous reconnaissez que de tels transferts peuvent avoir lieu et que tout acqu\u00e9reur de Bpract Software Solutions LLP peut continuer \u00e0 utiliser vos informations personnelles comme indiqu\u00e9 dans cette politique. <\/p>\n\n<h3 class=\"wp-block-heading pt-6 leading-snug text-2xl font-semibold capitalize titleColor\">Modifications de la politique de confidentialit\u00e9<\/h3>\n\n<p class=\"pt-3 contentColor text-sm leading-6\">Bien que la plupart des changements soient probablement mineurs, Bpract Software Solutions LLP peut modifier sa politique de confidentialit\u00e9 de temps \u00e0 autre, et \u00e0 la seule discr\u00e9tion de Bpract Software Solutions LLP. Bpract Software Solutions LLP encourage les visiteurs \u00e0 consulter fr\u00e9quemment cette page pour conna\u00eetre toute modification apport\u00e9e \u00e0 sa politique de confidentialit\u00e9. Votre utilisation continue de ce site apr\u00e8s toute modification de cette politique de confidentialit\u00e9 constituera votre acceptation de cette modification.  <\/p>\n","protected":false},"excerpt":{"rendered":"<p>Votre vie priv\u00e9e est d\u2019une importance cruciale pour nous. LLP est situ\u00e9 \u00e0 : Unit\u00e9 1A, 4\u00e8me \u00e9tage, KSITIL, zone \u00e9conomique sp\u00e9ciale, campus Cyberpark, b\u00e2timent Sahya, Nellikkode P. O, Kozhikode, 673016 La politique de Cloud MLM Software est de respecter votre vie priv\u00e9e concernant toute information que nous pouvons collecter lors de l&#8217;exploitation de notre [&hellip;]<\/p>\n","protected":false},"author":1,"featured_media":0,"parent":0,"menu_order":0,"comment_status":"closed","ping_status":"closed","template":"","meta":{"_acf_changed":false,"footnotes":""},"class_list":["post-14435","page","type-page","status-publish","hentry"],"acf":[],"yoast_head":"<!-- This site is optimized with the Yoast SEO Premium plugin v23.6 (Yoast SEO v25.9) - https:\/\/yoast.com\/wordpress\/plugins\/seo\/ -->\n<title>Politique de confidentialit\u00e9 | Logiciel MLM Cloud<\/title>\n<meta name=\"description\" content=\"D\u00e9couvrez comment nous prot\u00e9geons vos donn\u00e9es gr\u00e2ce \u00e0 notre politique de confidentialit\u00e9 claire. Restez inform\u00e9 et rassur\u00e9 quant \u00e0 votre s\u00e9curit\u00e9 en ligne : lisez-la maintenant.\" \/>\n<meta name=\"robots\" content=\"index, follow, max-snippet:-1, max-image-preview:large, max-video-preview:-1\" \/>\n<link rel=\"canonical\" href=\"https:\/\/cloudmlmsoftware.com\/fr\/politique-de-confidentialite\/\" \/>\n<meta property=\"og:locale\" content=\"fr_FR\" \/>\n<meta property=\"og:type\" content=\"article\" \/>\n<meta property=\"og:title\" content=\"politique de confidentialit\u00e9\" \/>\n<meta property=\"og:description\" content=\"D\u00e9couvrez comment nous prot\u00e9geons vos donn\u00e9es gr\u00e2ce \u00e0 notre politique de confidentialit\u00e9 claire. Restez inform\u00e9 et rassur\u00e9 quant \u00e0 votre s\u00e9curit\u00e9 en ligne : lisez-la maintenant.\" \/>\n<meta property=\"og:url\" content=\"https:\/\/cloudmlmsoftware.com\/fr\/politique-de-confidentialite\/\" \/>\n<meta property=\"og:site_name\" content=\"Cloud MLM Software\" \/>\n<meta property=\"article:modified_time\" content=\"2024-09-25T14:40:34+00:00\" \/>\n<meta name=\"twitter:card\" content=\"summary_large_image\" \/>\n<meta name=\"twitter:label1\" content=\"Dur\u00e9e de lecture estim\u00e9e\" \/>\n\t<meta name=\"twitter:data1\" content=\"7 minutes\" \/>\n<!-- \/ Yoast SEO Premium plugin. -->","yoast_head_json":{"title":"Politique de confidentialit\u00e9 | Logiciel MLM Cloud","description":"D\u00e9couvrez comment nous prot\u00e9geons vos donn\u00e9es gr\u00e2ce \u00e0 notre politique de confidentialit\u00e9 claire. Restez inform\u00e9 et rassur\u00e9 quant \u00e0 votre s\u00e9curit\u00e9 en ligne : lisez-la maintenant.","robots":{"index":"index","follow":"follow","max-snippet":"max-snippet:-1","max-image-preview":"max-image-preview:large","max-video-preview":"max-video-preview:-1"},"canonical":"https:\/\/cloudmlmsoftware.com\/fr\/politique-de-confidentialite\/","og_locale":"fr_FR","og_type":"article","og_title":"politique de confidentialit\u00e9","og_description":"D\u00e9couvrez comment nous prot\u00e9geons vos donn\u00e9es gr\u00e2ce \u00e0 notre politique de confidentialit\u00e9 claire. Restez inform\u00e9 et rassur\u00e9 quant \u00e0 votre s\u00e9curit\u00e9 en ligne : lisez-la maintenant.","og_url":"https:\/\/cloudmlmsoftware.com\/fr\/politique-de-confidentialite\/","og_site_name":"Cloud MLM Software","article_modified_time":"2024-09-25T14:40:34+00:00","twitter_card":"summary_large_image","twitter_misc":{"Dur\u00e9e de lecture estim\u00e9e":"7 minutes"},"schema":{"@context":"https:\/\/schema.org","@graph":[{"@type":"WebPage","@id":"https:\/\/cloudmlmsoftware.com\/fr\/politique-de-confidentialite\/","url":"https:\/\/cloudmlmsoftware.com\/fr\/politique-de-confidentialite\/","name":"Politique de confidentialit\u00e9 | Logiciel MLM Cloud","isPartOf":{"@id":"https:\/\/cloudmlmsoftware.com\/fr\/#website"},"datePublished":"2024-03-25T12:33:50+00:00","dateModified":"2024-09-25T14:40:34+00:00","description":"D\u00e9couvrez comment nous prot\u00e9geons vos donn\u00e9es gr\u00e2ce \u00e0 notre politique de confidentialit\u00e9 claire. Restez inform\u00e9 et rassur\u00e9 quant \u00e0 votre s\u00e9curit\u00e9 en ligne : lisez-la maintenant.","breadcrumb":{"@id":"https:\/\/cloudmlmsoftware.com\/fr\/politique-de-confidentialite\/#breadcrumb"},"inLanguage":"fr-FR","potentialAction":[{"@type":"ReadAction","target":["https:\/\/cloudmlmsoftware.com\/fr\/politique-de-confidentialite\/"]}]},{"@type":"BreadcrumbList","@id":"https:\/\/cloudmlmsoftware.com\/fr\/politique-de-confidentialite\/#breadcrumb","itemListElement":[{"@type":"ListItem","position":1,"name":"Home","item":"https:\/\/cloudmlmsoftware.com\/fr\/"},{"@type":"ListItem","position":2,"name":"politique de confidentialit\u00e9"}]},{"@type":"WebSite","@id":"https:\/\/cloudmlmsoftware.com\/fr\/#website","url":"https:\/\/cloudmlmsoftware.com\/fr\/","name":"Cloud MLM Software","description":"","publisher":{"@id":"https:\/\/cloudmlmsoftware.com\/fr\/#organization"},"potentialAction":[{"@type":"SearchAction","target":{"@type":"EntryPoint","urlTemplate":"https:\/\/cloudmlmsoftware.com\/fr\/?s={search_term_string}"},"query-input":{"@type":"PropertyValueSpecification","valueRequired":true,"valueName":"search_term_string"}}],"inLanguage":"fr-FR"},{"@type":"Organization","@id":"https:\/\/cloudmlmsoftware.com\/fr\/#organization","name":"Cloud MLM Software","url":"https:\/\/cloudmlmsoftware.com\/fr\/","logo":{"@type":"ImageObject","inLanguage":"fr-FR","@id":"https:\/\/cloudmlmsoftware.com\/fr\/#\/schema\/logo\/image\/","url":"https:\/\/cloudmlmsoftware.com\/wp-content\/uploads\/2024\/09\/cloudmlm-logo.webp","contentUrl":"https:\/\/cloudmlmsoftware.com\/wp-content\/uploads\/2024\/09\/cloudmlm-logo.webp","width":200,"height":40,"caption":"Cloud MLM Software"},"image":{"@id":"https:\/\/cloudmlmsoftware.com\/fr\/#\/schema\/logo\/image\/"}}]}},"_links":{"self":[{"href":"https:\/\/cloudmlmsoftware.com\/fr\/wp-json\/wp\/v2\/pages\/14435","targetHints":{"allow":["GET"]}}],"collection":[{"href":"https:\/\/cloudmlmsoftware.com\/fr\/wp-json\/wp\/v2\/pages"}],"about":[{"href":"https:\/\/cloudmlmsoftware.com\/fr\/wp-json\/wp\/v2\/types\/page"}],"author":[{"embeddable":true,"href":"https:\/\/cloudmlmsoftware.com\/fr\/wp-json\/wp\/v2\/users\/1"}],"replies":[{"embeddable":true,"href":"https:\/\/cloudmlmsoftware.com\/fr\/wp-json\/wp\/v2\/comments?post=14435"}],"version-history":[{"count":0,"href":"https:\/\/cloudmlmsoftware.com\/fr\/wp-json\/wp\/v2\/pages\/14435\/revisions"}],"wp:attachment":[{"href":"https:\/\/cloudmlmsoftware.com\/fr\/wp-json\/wp\/v2\/media?parent=14435"}],"curies":[{"name":"wp","href":"https:\/\/api.w.org\/{rel}","templated":true}]}}