{"id":14427,"date":"2024-08-01T05:21:08","date_gmt":"2024-08-01T05:21:08","guid":{"rendered":"https:\/\/cloudmlmsoftware.com\/logiciel-mlm-pour-startups\/"},"modified":"2024-10-17T12:24:43","modified_gmt":"2024-10-17T12:24:43","slug":"logiciel-mlm-pour-startups","status":"publish","type":"page","link":"https:\/\/cloudmlmsoftware.com\/fr\/logiciel-mlm-pour-startups\/","title":{"rendered":"logiciel-mlm-pour-startups"},"content":{"rendered":"\n<div class=\"bannerBgcolor BannerBg pt-16 pb-20 overflow-hidden relative\">\n   <div class=\"animation-wrapper\">\n      <div class=\"particle particle-1\"><\/div>\n      <div class=\"particle particle-2\"><\/div>\n      <div class=\"particle particle-3\"><\/div>\n      <div class=\"particle particle-4\"><\/div>\n   <\/div>\n   <div class=\"container mx-auto xl:h-[504px] h-auto\">\n      <div class=\"flex flex-wrap md:flex-row flex-col-reverse items-center\">\n         <div class=\"md:basis-7\/12 sm:basis-12\/12 pt-12\">\n            <h1 class=\"lg:text-mainTitleFontSize sm:text-3xl text-3xl text-white lg:leading-snug \"><span class=\"font-bold animate-charcter-offwhite\">Logiciel MLM<\/span> pour startups <\/h1>\n            <p class=\"offlightWhite pt-3 text-md\">Dans l\u2019environnement innovant des start-ups, garder une longueur d\u2019avance avec des solutions innovantes est la cl\u00e9 du succ\u00e8s. Notre logiciel MLM pour les start-ups est con\u00e7u pour doter votre entreprise d&#8217;une technologie cloud \u00e9volutive. Embrassez l&#8217;avenir du marketing de r\u00e9seau avec notre logiciel MLM complet, con\u00e7u pour rationaliser vos op\u00e9rations, am\u00e9liorer la productivit\u00e9 et g\u00e9n\u00e9rer une croissance sans pr\u00e9c\u00e9dent.   <\/p>\n         <\/div>\n         <div class=\"md:basis-5\/12 sm:basis-12\/12 pl-4 pr-0 py-14\"> <img fetchpriority=\"high\" decoding=\"async\" src=\"\/wp-content\/uploads\/2024\/08\/RespMlmDashboard.webp\" alt=\"logiciel MLM\" width=\"512\" height=\"422\" class=\"pulseBannerImg\"\/> <\/div>\n      <\/div>\n   <\/div>\n<\/div>\n<section class=\"p-sectionpadding\">\n   <div class=\"container mx-auto mt-20\">\n      <div class=\"relative primaryColor rounded-2xl p-6 md:p-12 py-6 mdpy-16 overflow-hidden\">\n         <div class=\"flex flex-wrap\">\n            <div class=\"lg:flex-shrink-0 w-full lg:w-7\/12\">\n               <h2 class=\"md:text-TitlesemiFontSize text-2xl titleColor text-white lg:leading-snug capitalize\"> Avantages de la mise en \u0153uvre du logiciel Cloud MLM pour les <span class=\"font-bold\"> entreprises en d\u00e9marrage. <\/span>  <\/h2>\n               <p class=\"text-textpara font-light leading-6 text-white py-3\">Notre logiciel MLM bas\u00e9 sur le cloud offre des solutions \u00e9volutives et rentables avec un acc\u00e8s mondial, garantissant la croissance de l&#8217;entreprise sans avoir besoin d&#8217;une infrastructure \u00e9tendue. B\u00e9n\u00e9ficiez d&#8217;une s\u00e9curit\u00e9 renforc\u00e9e, d&#8217;analyses en temps r\u00e9el pour une prise de d\u00e9cision \u00e9clair\u00e9e et d&#8217;une interface conviviale pour une efficacit\u00e9 et une productivit\u00e9 am\u00e9lior\u00e9es. Simplifiez les op\u00e9rations et prot\u00e9gez vos donn\u00e9es, permettant \u00e0 votre \u00e9quipe de se concentrer sur la croissance strat\u00e9gique depuis n&#8217;importe o\u00f9 dans le monde.   <\/p>\n               <div class=\"text-xl text-white lg:leading-snug capitalize mt-3\"> <span class=\"font-semibold\">Lib\u00e9rez le potentiel de votre start-up avec notre premier logiciel Cloud MLM<\/span> <\/div>\n               <p class=\"text-textpara font-light leading-6 text-white py-3\"> Utilisez la puissance de la technologie et placez votre entreprise sur la voie d\u2019une croissance et d\u2019une prosp\u00e9rit\u00e9 remarquables. Rejoignez-nous dans ce voyage et atteignons la grandeur ensemble. Votre avenir commence maintenant !   <\/p>\n            <\/div>\n            <div class=\"lg:absolute w-full lg:w-5\/12 bottom-0 right-0\"> <img decoding=\"async\" src=\"\/wp-content\/uploads\/2024\/08\/USERDB_Cloudtheme.webp\" alt=\"Image\" class=\"lg:absolute bottom-[-20px] right-[-40px] w-full\"\/> <\/div>\n         <\/div>\n      <\/div>\n   <\/div>\n<\/section>\n<section class=\"p-sectionpadding\">\n   <div class=\"container mx-auto\">\n      <div class=\"relative lighter rounded-2xl p-6 md:p-12 py-6 md:py-16 overflow-hidden\">\n         <div class=\"flex flex-wrap\">\n            <div class=\"w-full lg:w-5\/12 pr-9 flex items-center\"> <img decoding=\"async\" src=\"\/wp-content\/uploads\/2024\/08\/banner_lightDashboard.webp\" alt=\"Image\" class=\"w-full\"\/> <\/div>\n            <div class=\"lg:flex-shrink-0 w-full lg:w-7\/12\">\n               <h3 class=\"lg:text-TitlesemiFontSize text-2xl titleColor lg:leading-snug capitalize\"> Le meilleur choix de logiciel MLM que vous aurez <span class=\"font-bold\">jamais obtenu ! <\/span>  <\/h3>\n               <p class=\"text-textpara font-light leading-6 titleColor py-3\">est un logiciel MLM de haute qualit\u00e9, bas\u00e9 sur l&#8217;IA, con\u00e7u pour les soci\u00e9t\u00e9s MLM comptant d&#8217;innombrables utilisateurs dans le monde entier. Il fournit un logiciel MLM de commerce \u00e9lectronique et des plans MLM associ\u00e9s, tirant parti de l&#8217;intelligence artificielle pour rationaliser vos op\u00e9rations commerciales et les rendre plus efficaces !  <\/p>\n               <div class=\"text-xl titleColor lg:leading-snug mt-3\"> <span class=\"font-semibold\">Disponible au tarif forfaitaire de <span class=\"font-bold text-2xl\">550 $<\/span>  <\/span><\/div>\n               <ul class=\"flex flex-wrap mt-4 ml-[-12px] list1\">\n                  <li class=\"text-textpara contentColor font-light leading-6 mb-3 ml-2\">Logiciel MLM<\/li>\n                  <li class=\"text-textpara contentColor font-light leading-6 mb-3 ml-2\">Centre d&#8217;aide<\/li>\n                  <li class=\"text-textpara contentColor font-light leading-6 mb-3 ml-2\">Module employ\u00e9 <\/li>\n                  <li class=\"text-textpara contentColor font-light leading-6 mb-3 ml-2\">Multilingue (anglais, espagnol, portugais, allemand)<\/li>\n                  <li class=\"text-textpara contentColor font-light leading-6 mb-3 ml-2\">1 Passerelle de paiement <\/li>\n               <\/ul>\n               <a href=\"https:\/\/cloudmlmsoftware.com\/fr\/logiciel-mlm-instances-de-logiciels-dedemonstration-gratuits\/\" class=\"primaryColor mt-2 px-4 h-[40px] w-[132px] btn1 items-center rounded-md text-white md:flex text-xs md:text-sm sm:flex hidden\" role=\"button\">Essayez la d\u00e9mo gratuite  <\/a> \n            <\/div>\n         <\/div>\n      <\/div>\n   <\/div>\n<\/section>\n<section class=\"p-sectionpadding\">\n   <div class=\"container mx-auto \">\n      <div class=\"relative darklight rounded-2xl px-6 md:px-12 pt-8 lg:pt-16 pb-0 lg:pb-16 overflow-hidden\">\n         <div class=\"flex flex-wrap\">\n            <div class=\"lg:flex-shrink-0 w-full lg:w-7\/12 pb-4\">\n               <h3 class=\"lg:text-TitlesemiFontSize text-2xl text-white lg:leading-snug capitalize\">Votre logiciel MLM, votre <span class=\"font-bold\"> nom de marque<\/span>, le <span class=\"font-bold\">th\u00e8me de votre marque.<\/span><\/h3>\n               <p class=\"text-textpara font-light leading-6 offWhite py-3 pt-3 mb-4\">  Cloud MLM a  <a href=\"https:\/\/cloudmlmsoftware.com\/fr\/cloud-mlm-software-features\/\" target=\"_blank\" rel=\"noopener\"> <span style=\"color:#3498db;\"> <b>des caract\u00e9ristiques uniques<\/b><\/a> <\/span> et se compose de fonctions de base et de fonctions avanc\u00e9es.\nIl s&#8217;agit de la meilleure plateforme qui vous aidera \u00e0 g\u00e9rer votre entreprise de MLM plus rapidement et avec succ\u00e8s.\nEn outre, le logiciel Cloud MLM peut facilement changer le nom ou le th\u00e8me de votre marque car il prend en charge des personnalisations illimit\u00e9es.<\/p>\n               <a href=\"https:\/\/cloudmlmsoftware.com\/fr\/contact\/\" class=\"inline-block bg-white text-dark mt-3 w-auto px-4 py-3 my-2 leading-6 mdleading-10 rounded-lg text-xs md:text-sm btn1\">Se connecter maintenant<\/a> \n            <\/div>\n            <div class=\"relative lg:absolute w-full lg:w-5\/12 bottom-0 right-[-48px] lg:right-0\"> <img decoding=\"async\" src=\"\/wp-content\/uploads\/2024\/08\/BrandDArktheme_Home.webp\" alt=\"\" class=\"relative lg:absolute bottom-0 right-0 w-full\" width=\"500\" height=\"391\"\/> <\/div>\n         <\/div>\n      <\/div>\n   <\/div>\n   <div class=\"container mx-auto mt-8\">\n      <div class=\"flex flex-wrap lg:space-x-8\">\n         <div class=\"lg:flex-1 w-full lg:w-4\/12 primaryColor rounded-2xl px-6 md:px-12 pt-10 md:pt-12 lg:pb-0 pb-0 mb-2\">\n            <h4 class=\"lg:text-textMediumtitle text-center text-2xl text-white lg:leading-snug capitalize mb-2\"> Th\u00e8mes <span class=\"font-bold\">personnalis\u00e9s pour les administrateurs<\/span> et les utilisateurs<br\/> <\/h4>\n            <p class=\"text-textpara leading-6 text-white py-4 mb-5 text-center\">Nous fournissons une interface utilisateur personnalis\u00e9e pour les zones d&#8217;administration et d&#8217;utilisation.\nElle permet d&#8217;\u00e9tablir la reconnaissance de la marque de votre entreprise. <\/p>\n            <img decoding=\"async\" src=\"\/wp-content\/uploads\/2024\/08\/USERDB_Cloudtheme.webp\" alt=\"\" class=\"w-full relative md:absolute:bottom-[-20px]\"\/> \n         <\/div>\n         <div class=\"w-full lg:w-8\/12 lighter rounded-2xl overflow-hidden p-8 mb-2\">\n            <div class=\"flex flex-wrap items-center\">\n               <div class=\"relative w-full lg:w-6\/12\"> <img decoding=\"async\" src=\"\/wp-content\/uploads\/2024\/08\/widgets-reports-copy.webp\" alt=\"\" class=\"relative lg:left-[-35px] mb-4 lg:mb-0 w-full top-0 bottom-0 mx-auto\"\/> <\/div>\n               <div class=\"lg:flex-shrink-0 w-full lg:w-6\/12\">\n                  <h4 class=\"lg:text-textMediumtitle text-2xl titleColor lg:leading-snug capitalize\"> <span><span class=\"font-bold\">Widgets et rapports<\/span> en vedette avec plage horaire<\/span> <\/h4>\n                  <p class=\"text-textpara contentColor font-light leading-6 py-3 pt-3 \">Cloud MLM est con\u00e7u pour fournir des widgets utiles et fonctionnels pour votre logiciel MLM personnalis\u00e9, y compris des pages de r\u00e9plication personnalis\u00e9es et des outils d&#8217;affiliation.<\/p>\n                  <a href=\"https:\/\/cloudmlmsoftware.com\/fr\/logiciel-mlm-instances-de-logiciels-dedemonstration-gratuits\/\" class=\"primaryColor mt-2 px-4 h-[40px] w-[132px] btn1 items-center rounded-md text-white md:flex text-xs md:text-sm sm:flex hidden\" role=\"button\">Essayez la d\u00e9mo gratuite  <\/a> \n               <\/div>\n            <\/div>\n         <\/div>\n      <\/div>\n   <\/div>\n<\/section>\n<section class=\"p-sectionpadding\">\n   <div class=\"container mx-auto\">\n      <div class=\"relative lighter rounded-2xl p-6 lg:p-12 py-6 lg:py-16 overflow-hidden\">\n         <div class=\"flex flex-wrap\">\n            <div class=\"lg:flex-shrink-0 w-full lg:w-7\/12 \">\n               <h4 class=\"text-2xl font-semibold lg:leading-snug capitalize titleColor w-full capitalize\">Pourquoi le logiciel Cloud MLM est le meilleur ?<\/h4>\n               <p class=\"font-light py-3 pt-3 w-full mb-4\">Le logiciel est le nouveau terme d\u00e9signant le succ\u00e8s. Associez-vous \u00e0 nous et exploitez les capacit\u00e9s de notre logiciel MLM robuste pour un avenir meilleur dans le marketing de r\u00e9seau. Nous sommes l\u00e0 pour vous aider !   <\/p>\n               <ul class=\"flex flex-wrap space-x-2 mt-4 ml-[-12px] list1\">\n                  <li class=\"text-textpara contentColor font-light leading-6 mb-3 ml-2\">  <b class=\"block font-semibold text-lg\">Logiciel MLM en marque blanche<\/b> Le logiciel MLM en marque blanche permet aux entreprises de lancer leur propre plateforme de marketing de r\u00e9seau de marque. <\/li>\n                  <li class=\"text-textpara contentColor font-light leading-6 mb-3 ml-2\">  <b class=\"block font-semibold text-lg\">Syst\u00e8me logiciel MLM auto-h\u00e9berg\u00e9<\/b> Le logiciel peut \u00eatre install\u00e9 et utilis\u00e9 sur la propre infrastructure de serveur de l&#8217;utilisateur, plut\u00f4t que d&#8217;\u00eatre h\u00e9berg\u00e9 par un fournisseur de services tiers. <\/li>\n                  <li class=\"text-textpara contentColor font-light leading-6 mb-3 ml-2\"> <b class=\"block font-semibold text-lg\">Syst\u00e8me de traduction multilingue<\/b> Ce syst\u00e8me est con\u00e7u pour g\u00e9rer les t\u00e2ches de traduction pour diff\u00e9rentes paires de langues, permettant aux utilisateurs de communiquer et de comprendre le contenu dans diff\u00e9rentes langues. <\/li>\n                  <li class=\"text-textpara contentColor font-light leading-6 mb-3 ml-2\"> <b class=\"block font-semibold text-lg\">Personnalisations illimit\u00e9es<\/b> Le logiciel peut \u00eatre largement modifi\u00e9 et adapt\u00e9 pour r\u00e9pondre aux besoins et exigences sp\u00e9cifiques d&#8217;une entreprise MLM particuli\u00e8re. <\/li>\n               <\/ul>\n            <\/div>\n            <div class=\"relative w-full lg:w-5\/12 flex items-center\"> <img decoding=\"async\" src=\"\/wp-content\/uploads\/2024\/08\/sw.webp\" alt=\"meilleur logiciel mlm\" class=\"w-full\"\/> <\/div>\n         <\/div>\n      <\/div>\n   <\/div>\n<\/section>\n","protected":false},"excerpt":{"rendered":"<p>Logiciel MLM pour startups Dans l\u2019environnement innovant des start-ups, garder une longueur d\u2019avance avec des solutions innovantes est la cl\u00e9 du succ\u00e8s. Notre logiciel MLM pour les start-ups est con\u00e7u pour doter votre entreprise d&#8217;une technologie cloud \u00e9volutive. Embrassez l&#8217;avenir du marketing de r\u00e9seau avec notre logiciel MLM complet, con\u00e7u pour rationaliser vos op\u00e9rations, am\u00e9liorer [&hellip;]<\/p>\n","protected":false},"author":1,"featured_media":0,"parent":0,"menu_order":0,"comment_status":"closed","ping_status":"closed","template":"mlmforstartups-page.php","meta":{"_acf_changed":false,"footnotes":""},"class_list":["post-14427","page","type-page","status-publish","hentry"],"acf":[],"yoast_head":"<!-- This site is optimized with the Yoast SEO Premium plugin v23.6 (Yoast SEO v25.9) - https:\/\/yoast.com\/wordpress\/plugins\/seo\/ -->\n<title>Logiciel MLM pour startups \u2013 Solutions \u00e9volutives pour la croissance<\/title>\n<meta name=\"description\" content=\"Logiciel MLM pour les startups, des solutions abordables, \u00e9volutives et personnalisables pour vous aider \u00e0 d\u00e9velopper rapidement votre activit\u00e9 de marketing de r\u00e9seau.\" \/>\n<meta name=\"robots\" content=\"index, follow, max-snippet:-1, max-image-preview:large, max-video-preview:-1\" \/>\n<link rel=\"canonical\" href=\"https:\/\/cloudmlmsoftware.com\/fr\/logiciel-mlm-pour-startups\/\" \/>\n<meta property=\"og:locale\" content=\"fr_FR\" \/>\n<meta property=\"og:type\" content=\"article\" \/>\n<meta property=\"og:title\" content=\"logiciel-mlm-pour-startups\" \/>\n<meta property=\"og:description\" content=\"Logiciel MLM pour les startups, des solutions abordables, \u00e9volutives et personnalisables pour vous aider \u00e0 d\u00e9velopper rapidement votre activit\u00e9 de marketing de r\u00e9seau.\" \/>\n<meta property=\"og:url\" content=\"https:\/\/cloudmlmsoftware.com\/fr\/logiciel-mlm-pour-startups\/\" \/>\n<meta property=\"og:site_name\" content=\"Cloud MLM Software\" \/>\n<meta property=\"article:modified_time\" content=\"2024-10-17T12:24:43+00:00\" \/>\n<meta name=\"twitter:card\" content=\"summary_large_image\" \/>\n<meta name=\"twitter:label1\" content=\"Dur\u00e9e de lecture estim\u00e9e\" \/>\n\t<meta name=\"twitter:data1\" content=\"4 minutes\" \/>\n<!-- \/ Yoast SEO Premium plugin. -->","yoast_head_json":{"title":"Logiciel MLM pour startups \u2013 Solutions \u00e9volutives pour la croissance","description":"Logiciel MLM pour les startups, des solutions abordables, \u00e9volutives et personnalisables pour vous aider \u00e0 d\u00e9velopper rapidement votre activit\u00e9 de marketing de r\u00e9seau.","robots":{"index":"index","follow":"follow","max-snippet":"max-snippet:-1","max-image-preview":"max-image-preview:large","max-video-preview":"max-video-preview:-1"},"canonical":"https:\/\/cloudmlmsoftware.com\/fr\/logiciel-mlm-pour-startups\/","og_locale":"fr_FR","og_type":"article","og_title":"logiciel-mlm-pour-startups","og_description":"Logiciel MLM pour les startups, des solutions abordables, \u00e9volutives et personnalisables pour vous aider \u00e0 d\u00e9velopper rapidement votre activit\u00e9 de marketing de r\u00e9seau.","og_url":"https:\/\/cloudmlmsoftware.com\/fr\/logiciel-mlm-pour-startups\/","og_site_name":"Cloud MLM Software","article_modified_time":"2024-10-17T12:24:43+00:00","twitter_card":"summary_large_image","twitter_misc":{"Dur\u00e9e de lecture estim\u00e9e":"4 minutes"},"schema":{"@context":"https:\/\/schema.org","@graph":[{"@type":"WebPage","@id":"https:\/\/cloudmlmsoftware.com\/fr\/logiciel-mlm-pour-startups\/","url":"https:\/\/cloudmlmsoftware.com\/fr\/logiciel-mlm-pour-startups\/","name":"Logiciel MLM pour startups \u2013 Solutions \u00e9volutives pour la croissance","isPartOf":{"@id":"https:\/\/cloudmlmsoftware.com\/fr\/#website"},"datePublished":"2024-08-01T05:21:08+00:00","dateModified":"2024-10-17T12:24:43+00:00","description":"Logiciel MLM pour les startups, des solutions abordables, \u00e9volutives et personnalisables pour vous aider \u00e0 d\u00e9velopper rapidement votre activit\u00e9 de marketing de r\u00e9seau.","breadcrumb":{"@id":"https:\/\/cloudmlmsoftware.com\/fr\/logiciel-mlm-pour-startups\/#breadcrumb"},"inLanguage":"fr-FR","potentialAction":[{"@type":"ReadAction","target":["https:\/\/cloudmlmsoftware.com\/fr\/logiciel-mlm-pour-startups\/"]}]},{"@type":"BreadcrumbList","@id":"https:\/\/cloudmlmsoftware.com\/fr\/logiciel-mlm-pour-startups\/#breadcrumb","itemListElement":[{"@type":"ListItem","position":1,"name":"Home","item":"https:\/\/cloudmlmsoftware.com\/fr\/"},{"@type":"ListItem","position":2,"name":"logiciel-mlm-pour-startups"}]},{"@type":"WebSite","@id":"https:\/\/cloudmlmsoftware.com\/fr\/#website","url":"https:\/\/cloudmlmsoftware.com\/fr\/","name":"Cloud MLM Software","description":"","publisher":{"@id":"https:\/\/cloudmlmsoftware.com\/fr\/#organization"},"potentialAction":[{"@type":"SearchAction","target":{"@type":"EntryPoint","urlTemplate":"https:\/\/cloudmlmsoftware.com\/fr\/?s={search_term_string}"},"query-input":{"@type":"PropertyValueSpecification","valueRequired":true,"valueName":"search_term_string"}}],"inLanguage":"fr-FR"},{"@type":"Organization","@id":"https:\/\/cloudmlmsoftware.com\/fr\/#organization","name":"Cloud MLM Software","url":"https:\/\/cloudmlmsoftware.com\/fr\/","logo":{"@type":"ImageObject","inLanguage":"fr-FR","@id":"https:\/\/cloudmlmsoftware.com\/fr\/#\/schema\/logo\/image\/","url":"https:\/\/cloudmlmsoftware.com\/wp-content\/uploads\/2024\/09\/cloudmlm-logo.webp","contentUrl":"https:\/\/cloudmlmsoftware.com\/wp-content\/uploads\/2024\/09\/cloudmlm-logo.webp","width":200,"height":40,"caption":"Cloud MLM Software"},"image":{"@id":"https:\/\/cloudmlmsoftware.com\/fr\/#\/schema\/logo\/image\/"}}]}},"_links":{"self":[{"href":"https:\/\/cloudmlmsoftware.com\/fr\/wp-json\/wp\/v2\/pages\/14427","targetHints":{"allow":["GET"]}}],"collection":[{"href":"https:\/\/cloudmlmsoftware.com\/fr\/wp-json\/wp\/v2\/pages"}],"about":[{"href":"https:\/\/cloudmlmsoftware.com\/fr\/wp-json\/wp\/v2\/types\/page"}],"author":[{"embeddable":true,"href":"https:\/\/cloudmlmsoftware.com\/fr\/wp-json\/wp\/v2\/users\/1"}],"replies":[{"embeddable":true,"href":"https:\/\/cloudmlmsoftware.com\/fr\/wp-json\/wp\/v2\/comments?post=14427"}],"version-history":[{"count":0,"href":"https:\/\/cloudmlmsoftware.com\/fr\/wp-json\/wp\/v2\/pages\/14427\/revisions"}],"wp:attachment":[{"href":"https:\/\/cloudmlmsoftware.com\/fr\/wp-json\/wp\/v2\/media?parent=14427"}],"curies":[{"name":"wp","href":"https:\/\/api.w.org\/{rel}","templated":true}]}}