{"id":14250,"date":"2024-06-26T07:24:09","date_gmt":"2024-06-26T07:24:09","guid":{"rendered":"https:\/\/cloudmlmsoftware.com\/faq\/"},"modified":"2024-09-25T11:17:55","modified_gmt":"2024-09-25T11:17:55","slug":"questions-frequentes","status":"publish","type":"page","link":"https:\/\/cloudmlmsoftware.com\/fr\/questions-frequentes\/","title":{"rendered":"FAQ"},"content":{"rendered":"\n<div class=\"bannerBgcolor BannerBg pt-16 pb-20 relative overflow-hidden\">\n   <div class=\"animation-wrapper\">\n      <div class=\"particle particle-1\"><\/div>\n      <div class=\"particle particle-2\"><\/div>\n      <div class=\"particle particle-3\"><\/div>\n      <div class=\"particle particle-4\"><\/div>\n   <\/div>\n   <div class=\"container mx-auto xl:h-[504px] lg:h-[450px] h-auto relative z-1\">\n      <div class=\"flex flex-wrap items-center\">\n         <div class=\"md:basis-5\/12 sm:basis-12\/12 pr-4 pr-0 py-14\">\n            <img decoding=\"async\" src=\"\/wp-content\/uploads\/2024\/09\/faq_Banner.webp\" width=\"467\" height=\"340\" alt=\"meilleur logiciel MLM aux Etats-Unis\" class=\"pulseBannerImg\"\/>\n         <\/div>\n         <div class=\"md:basis-7\/12 sm:basis-12\/12\">\n            <h1 class=\"lg:text-mainTitleFontSize sm:text-3xl text-3xl text-white lg:leading-snug \"><span class=\"font-bold animate-charcter-offwhite\">Foire aux questions <\/span> sur le logiciel MLM <\/h1>\n            <p class=\"offWhite pt-3 text-md md:text-lg font-light\">Nous fournissons ici les r\u00e9ponses \u00e0 certaines des questions les plus fr\u00e9quemment pos\u00e9es sur notre logiciel Cloud MLM. Si vous avez d&#8217;autres questions, veuillez contacter notre \u00e9quipe de support client.  <\/p>\n         <\/div>\n      <\/div>\n   <\/div>\n<\/div>\n<!-- ************************************************************************************* -->\n<section class=\"p-sectionpadding\">\n   <div class=\"container mx-auto pt-20\">\n      <div class=\"flex flex-wrap\">\n         <div class=\"md:w-4\/12 w-full pr-0 sm:pr-4\">\n            <div class=\"relative flex flex-col-reverse sm:flex-col\" id=\"faqLeft\">\n               <ul id=\"tabs\" class=\"pt-2 md:px-1 w-full w-full lg:w-10\/12 space-y-2 titleColor text-md \">\n                  <li class=\"text-center lighter rounded-lg faqcatgryBtn active\">\n                     <a id=\"default-tab\" class=\"block px-4 py-3\" href=\"#first\">Caract\u00e9ristiques et capacit\u00e9s du logiciel<\/a>\n                  <\/li>\n                  <li class=\"text-center lighter rounded-lg faqcatgryBtn\">\n                     <a class=\"block px-4 py-3\" href=\"#second\">Exigences techniques et configuration<\/a>\n                  <\/li>\n                  <li class=\"text-center lighter rounded-lg faqcatgryBtn\">\n                     <a class=\"block px-4 py-3\" href=\"#third\">Achats et tarification<\/a>\n                  <\/li>\n               <\/ul>\n               <img decoding=\"async\" src=\"\/wp-content\/uploads\/2024\/08\/faq-copy.webp\" class=\"my-8\" width=\"320\" height=\"333\" alt=\"meilleur logiciel MLM aux Etats-Unis\"\/>\n            <\/div>\n         <\/div>\n         <div class=\"md:w-8\/12 w-full pl-0 sm:pl-4 faqRight\" id=\"tab-contents\">\n            <div id=\"first\" class=\"md:p-4\">\n               <ul class=\"accordion-list\">\n                  <li class=\"accdnBtn lightBg mb-4 rounded-xl active\">\n                     <div class=\"p-4 pr-6 relative font-medium cursor-pointer flex justify-between items-center btn-header-link titleColor\">Cloud MLM est-il un logiciel bas\u00e9 sur l&#8217;IA<span class=\"iconarrow2\">?<\/span><\/div>\n                     <div class=\"accordion-content px-4 pb-4 answer\" style=\"display: block;\">\n                        <p class=\"text-textpara contentColor font-light leading-6 mb-3\">Oui, Cloud MLM fournit un syst\u00e8me de gestion AI MLM pour les utilisateurs afin d&#8217;am\u00e9liorer les op\u00e9rations MLM, offrant l&#8217;automatisation, l&#8217;analyse des donn\u00e9es et l&#8217;optimisation des processus de recrutement.<\/p>\n                     <\/div>\n                  <\/li>\n                  <!-- ******************* -->\n                  <li class=\"accdnBtn font-medium lightBg mb-4 rounded-xl\">\n                     <div class=\"p-4 pr-6 relative cursor-pointer flex justify-between items-center btn-header-link titleColor\">Ce logiciel prend-il en charge diff\u00e9rentes langues<span class=\"iconarrow2\">? \u2bc6<\/span><\/div>\n                     <div class=\"accordion-content px-4 pb-4 answer\">\n                        <p class=\"text-textpara contentColor font-light leading-6 mb-3\">Oui, le logiciel Cloud MLM dispose d&#8217;un syst\u00e8me multilingue qui vous permet de faire des affaires dans diff\u00e9rentes langues pour les m\u00eames produits ou services.<\/p>\n                     <\/div>\n                  <\/li>\n                  <!-- ******************* -->\n                  <li class=\"accdnBtn font-medium lightBg mb-4 rounded-xl\">\n                     <div class=\"p-4 pr-6 relative cursor-pointer flex justify-between items-center btn-header-link titleColor\">S&#8217;agit-il d&#8217;un forfait auto-h\u00e9berg\u00e9 ?\nExiste-t-il un plan mensuel ? <span class=\"iconarrow2\">\u2bc6<\/span> \n                     <\/div>\n                     <div class=\"accordion-content px-4 pb-4 answer\">\n                        <p class=\"text-textpara contentColor font-light leading-6 mb-3\">Non, il n&#8217;y a pas de frais mensuels.\nUne fois le logiciel achet\u00e9, vous pouvez l&#8217;utiliser sur vos propres serveurs. <\/p>\n                     <\/div>\n                  <\/li>\n                  <!-- ******************* -->\n                  <li class=\"accdnBtn font-medium lightBg mb-4 rounded-xl\">\n                     <div class=\"p-4 pr-6 relative cursor-pointer flex justify-between items-center btn-header-link titleColor\">Ce logiciel prend-il en charge le bitcoin ou les crypto-monnaies ? <span class=\"iconarrow2\">\u2bc6<\/span>\n                     <\/div>\n                     <div class=\"accordion-content px-4 pb-4 answer\">\n                        <p class=\"text-textpara contentColor font-light leading-6 mb-3\">Oui, le logiciel dispose d&#8217;une API suppl\u00e9mentaire qui vous permet d&#8217;int\u00e9grer des bitcoins ou des crypto-monnaies.<\/p>\n                     <\/div>\n                  <\/li>\n                  <!-- ******************* -->\n                  <li class=\"accdnBtn font-medium lightBg mb-4 rounded-xl\">\n                     <div class=\"p-4 pr-6 relative cursor-pointer flex justify-between items-center btn-header-link titleColor\">Ce logiciel de MLM est-il personnalisable ? <span class=\"iconarrow2\">\u2bc6<\/span>\n                     <\/div>\n                     <div class=\"accordion-content px-4 pb-4 answer\">\n                        <p class=\"text-textpara contentColor font-light leading-6 mb-3\">Oui, ce logiciel permet une personnalisation illimit\u00e9e en fonction de vos besoins.<\/p>\n                     <\/div>\n                  <\/li>\n                  <!-- ******************* -->\n                  <li class=\"accdnBtn font-medium lightBg mb-4 rounded-xl\">\n                     <div class=\"p-4 pr-6 relative cursor-pointer flex justify-between items-center btn-header-link titleColor\">S&#8217;agit-il d&#8217;un logiciel MLM en marque blanche ? <span class=\"iconarrow2\">\u2bc6<\/span>\n                     <\/div>\n                     <div class=\"accordion-content px-4 pb-4 answer\">\n                        <p class=\"text-textpara contentColor font-light leading-6 mb-3\">Oui, le logiciel Cloud MLM est un logiciel MLM en marque blanche.\nVous pouvez utiliser votre propre logo et le nom de votre entreprise sur le logiciel. <\/p>\n                     <\/div>\n                  <\/li>\n                  <!-- ******************* -->\n                  <li class=\"accdnBtn font-medium lightBg mb-4 rounded-xl\">\n                     <div class=\"p-4 pr-6 relative cursor-pointer flex justify-between items-center btn-header-link titleColor\">L&#8217;int\u00e9gration des SMS et des e-mails est-elle disponible dans ce logiciel ? <span class=\"iconarrow2\">\u2bc6<\/span>\n                     <\/div>\n                     <div class=\"accordion-content px-4 pb-4 answer\">\n                        <p class=\"text-textpara contentColor font-light leading-6 mb-3\">Oui, le logiciel est int\u00e9gr\u00e9 aux modules Email et SMS.<\/p>\n                     <\/div>\n                  <\/li>\n                  <!-- ******************* -->\n                  <li class=\"accdnBtn font-medium lightBg mb-4 rounded-xl\">\n                     <div class=\"p-4 pr-6 relative cursor-pointer flex justify-between items-center btn-header-link titleColor\">Proposez-vous l&#8217;installation et le support du logiciel ? <span class=\"iconarrow2\"> \u2bc6<\/span>\n                     <\/div>\n                     <div class=\"accordion-content px-4 pb-4 answer\">\n                        <p class=\"text-textpara contentColor font-light leading-6 mb-3\">Oui, nous fournissons l&#8217;installation et une assistance technique gratuite pendant 6 mois.<\/p>\n                     <\/div>\n                  <\/li>\n                  <!-- ******************* -->\n                  <li class=\"accdnBtn font-medium lightBg mb-4 rounded-xl\">\n                     <div class=\"p-4 pr-6 relative cursor-pointer flex justify-between items-center btn-header-link titleColor\">Est-il possible de vendre des produits en utilisant ce logiciel ? <span class=\"iconarrow2\"> \u2bc6<\/span>\n                     <\/div>\n                     <div class=\"accordion-content px-4 pb-4 answer\">\n                        <p class=\"text-textpara contentColor font-light leading-6 mb-3\">Oui, vous pouvez int\u00e9grer un syst\u00e8me de commerce \u00e9lectronique avec ce logiciel MLM, vous permettant d&#8217;ajouter des produits depuis le backend et de vendre via ce syst\u00e8me.<\/p>\n                     <\/div>\n                  <\/li>\n                  <!-- ******************* -->\n                  <li class=\"accdnBtn font-medium lightBg mb-4 rounded-xl\">\n                     <div class=\"p-4 pr-6 relative cursor-pointer flex justify-between items-center btn-header-link titleColor\">Puis-je v\u00e9rifier les fonctionnalit\u00e9s de votre logiciel avant de l\u2019acheter ? <span class=\"iconarrow2\"> \u2bc6<\/span>\n                     <\/div>\n                     <div class=\"accordion-content px-4 pb-4 answer\">\n                        <p class=\"text-textpara contentColor font-light leading-6 mb-3\">Oui, vous pouvez v\u00e9rifier les fonctionnalit\u00e9s de notre logiciel MLM en consultant notre section de d\u00e9monstration gratuite du logiciel MLM. <\/p>\n                     <\/div>\n                  <\/li>\n                  <!-- ******************* -->\n                  <li class=\"accdnBtn font-medium lightBg mb-4 rounded-xl\">\n                     <div class=\"p-4 pr-6 relative cursor-pointer flex justify-between items-center btn-header-link titleColor\">Le logiciel cloud MLM est-il compatible avec tous les plans de r\u00e9mun\u00e9ration MLM ? <span class=\"iconarrow2\">\u2bc6<\/span>\n                     <\/div>\n                     <div class=\"accordion-content px-4 pb-4 answer\">\n                        <p class=\"text-textpara contentColor font-light leading-6 mb-3\">Oui, le logiciel Cloud MLM prend en charge tous les plans de r\u00e9mun\u00e9ration et les plans MLM personnalis\u00e9s si n\u00e9cessaire. <\/p>\n                     <\/div>\n                  <\/li>\n                  <!-- ******************* -->\n               <\/ul>\n            <\/div>\n            <!-- ================================================= -->\n            <div id=\"second\" class=\"md:p-4 hidden \">\n               <ul class=\"accordion-list\">\n                  <li class=\"accdnBtn lightBg mb-4 rounded-xl\">\n                     <div class=\"p-4 pr-6 font-medium relative cursor-pointer flex justify-between items-center btn-header-link titleColor\">Quelles sont les exigences minimales ? <span class=\"iconarrow2\">\u2bc6<\/span>\n                     <\/div>\n                     <div class=\"accordion-content px-4 pb-4 answer\">\n                        <p class=\"text-textpara contentColor font-light leading-6 mb-3\">Il n&#8217;y en a pas beaucoup, mais vous aurez besoin de PHP >= 7.2, OpenSSL PHP Extension, PDO PHP Extension, Mbstring PHP Extension, Tokenizer PHP Extension, et XML PHP Extension pour faire fonctionner ce logiciel.\nSi vous utilisez un h\u00e9bergement cloud\/partag\u00e9\/VPS ou d\u00e9di\u00e9, nous vous aiderons \u00e0 le faire fonctionner.  .  <\/p>\n                     <\/div>\n                  <\/li>\n                  <li class=\"accdnBtn lightBg mb-4 rounded-xl\">\n                     <div class=\"p-4 pr-6 font-medium relative cursor-pointer flex justify-between items-center btn-header-link titleColor\">Ai-je besoin d&#8217;un certificat SSL ? <span class=\"iconarrow2\">\u2bc6<\/span>\n                     <\/div>\n                     <div class=\"accordion-content px-4 pb-4 answer\">\n                        <p class=\"text-textpara contentColor font-light leading-6 mb-3\">Oui, nous vous encourageons \u00e0 utiliser des certificats SSL pour s\u00e9curiser vos processus de paiement.<\/p>\n                     <\/div>\n                  <\/li>\n                  <!-- ******************* -->\n                  <li class=\"accdnBtn lightBg mb-4 rounded-xl\">\n                     <div class=\"p-4 font-medium pr-6 relative cursor-pointer flex justify-between items-center btn-header-link titleColor\">Le logiciel peut-il \u00eatre t\u00e9l\u00e9charg\u00e9 sur notre serveur ? <span class=\"iconarrow2\">\u2bc6<\/span>\n                     <\/div>\n                     <div class=\"accordion-content px-4 pb-4 answer\">\n                        <p class=\"text-textpara contentColor font-light leading-6 mb-3\">  Oui, le logiciel Cloud MLM est un logiciel MLM auto-h\u00e9berg\u00e9, vous pouvez donc l&#8217;installer sur vos propres serveurs.  <\/p>\n                     <\/div>\n                  <\/li>\n                  <!-- ******************* -->\n                  <li class=\"accdnBtn lightBg mb-4 rounded-xl\">\n                     <div class=\"p-4 font-medium pr-6 relative cursor-pointer flex justify-between items-center btn-header-link titleColor\">Votre logiciel prend-il en charge les API de tiers ? <span class=\"iconarrow2\">\u2bc6<\/span>\n                     <\/div>\n                     <div class=\"accordion-content px-4 pb-4 answer\">\n                        <p class=\"text-textpara contentColor font-light leading-6 mb-3\">  Oui, le logiciel Cloud MLM prend en charge toutes les API tierces par le biais d&#8217;une int\u00e9gration appropri\u00e9e.  <\/p>\n                     <\/div>\n                  <\/li>\n                  <!-- ******************* -->\n                  <!-- ******************* -->\n                  <li class=\"accdnBtn lightBg mb-4 rounded-xl\">\n                     <div class=\"p-4 font-medium pr-6 relative cursor-pointer flex justify-between items-center btn-header-link titleColor\">Puis-je migrer de mon syst\u00e8me existant vers le logiciel Cloud MLM ? <span class=\"iconarrow2\">\u2bc6<\/span>\n                     <\/div>\n                     <div class=\"accordion-content px-4 pb-4 answer\">\n                        <p class=\"text-textpara contentColor font-light leading-6 mb-3\">  Oui, c&#8217;est possible, et le co\u00fbt peut \u00eatre calcul\u00e9 apr\u00e8s analyse de votre base de donn\u00e9es existante.  <\/p>\n                     <\/div>\n                  <\/li>\n                  <!-- ******************* -->\n               <\/ul>\n            <\/div>\n            <!-- ================================================= -->\n            <div id=\"third\" class=\"md:p-4 hidden \">\n               <ul class=\"accordion-list\">\n                  <li class=\"accdnBtn lightBg mb-4 rounded-xl\">\n                     <div class=\"p-4 font-medium pr-6 relative cursor-pointer flex justify-between items-center btn-header-link titleColor\">Le prix est-il n\u00e9gociable ? <span class=\"iconarrow2\">\u2bc6<\/span>\n                     <\/div>\n                     <div class=\"accordion-content px-4 pb-4 answer\">\n                        <p class=\"text-textpara contentColor font-light leading-6 mb-3\">Contactez-nous pour obtenir un logiciel MLM personnalis\u00e9 bas\u00e9 sur vos besoins, et oui, le prix est n\u00e9gociable en fonction de ces besoins.<\/p>\n                     <\/div>\n                  <\/li>\n                  <li class=\"accdnBtn lightBg mb-4 rounded-xl\">\n                     <div class=\"p-4 font-medium pr-6 relative cursor-pointer flex justify-between items-center btn-header-link titleColor\">Comment acheter un logiciel de MLM dans le nuage ? <span class=\"iconarrow2\">\u2bc6<\/span>\n                     <\/div>\n                     <div class=\"accordion-content px-4 pb-4 answer\">\n                        <p class=\"text-textpara contentColor font-light leading-6 mb-3\">Vous pouvez acheter le logiciel Cloud MLM en remplissant le formulaire dans la section Contactez-nous, ou en envoyant un e-mail \u00e0 info@cloudmlmsoftware.com.\nNotre \u00e9quipe vous contactera d\u00e8s que possible pour discuter du plan.\nSi vous \u00eates satisfait, vous pouvez effectuer le paiement en ligne via notre passerelle de paiement.  <\/p>\n                     <\/div>\n                  <\/li>\n                  <li class=\"accdnBtn lightBg mb-4 rounded-xl\">\n                     <div class=\"p-4 font-medium pr-6 relative cursor-pointer flex justify-between items-center btn-header-link titleColor\">Quels sont les paiements pris en charge par le logiciel Cloud MLM ? <span class=\"iconarrow2\">\u2bc6<\/span>\n                     <\/div>\n                     <div class=\"accordion-content px-4 pb-4 answer\">\n                        <p class=\"text-textpara contentColor font-light leading-6 mb-3\">Le logiciel Cloud MLM prend en charge presque toutes les passerelles de paiement comme 2Checkout, Adyen, Amazon Pay, Authorize.net, BitPay, BlueSnap, Braintree, CardinalCommerce, PayPal, Payza, SagePay, Stripe, etc.<\/p>\n                     <\/div>\n                  <\/li>\n                  <li class=\"accdnBtn lightBg mb-4 rounded-xl\">\n                     <div class=\"p-4 font-medium pr-6 relative cursor-pointer flex justify-between items-center btn-header-link titleColor\">Fournissez-vous des documents KYC ? <span class=\"iconarrow2\">\u2bc6<\/span>\n                     <\/div>\n                     <div class=\"accordion-content px-4 pb-4 answer\">\n                        <p class=\"text-textpara contentColor font-light leading-6 mb-3\">Oui, le logiciel dispose d&#8217;un <a href=\"https:\/\/cloudmlmsoftware.com\/kyc-documentation\" target=\"_blank\" rel=\"noopener\"><span style=\"color:#3498db;\"><b>module de v\u00e9rification KYC<\/b><\/span> pour plus de s\u00e9curit\u00e9.<\/a><\/p>\n                     <\/div>\n                  <\/li>\n               <\/ul>\n            <\/div>\n            <!-- ================================================= -->\n         <\/div>\n      <\/div>\n   <\/div>\n<\/section>\n","protected":false},"excerpt":{"rendered":"<p>Foire aux questions sur le logiciel MLM Nous fournissons ici les r\u00e9ponses \u00e0 certaines des questions les plus fr\u00e9quemment pos\u00e9es sur notre logiciel Cloud MLM. Si vous avez d&#8217;autres questions, veuillez contacter notre \u00e9quipe de support client. Caract\u00e9ristiques et capacit\u00e9s du logiciel Exigences techniques et configuration Achats et tarification Cloud MLM est-il un logiciel bas\u00e9 [&hellip;]<\/p>\n","protected":false},"author":1,"featured_media":0,"parent":0,"menu_order":0,"comment_status":"closed","ping_status":"closed","template":"faqs-page.php","meta":{"_acf_changed":false,"footnotes":""},"class_list":["post-14250","page","type-page","status-publish","hentry"],"acf":[],"yoast_head":"<!-- This site is optimized with the Yoast SEO Premium plugin v23.6 (Yoast SEO v25.9) - https:\/\/yoast.com\/wordpress\/plugins\/seo\/ -->\n<title>Questions fr\u00e9quentes sur les logiciels MLM<\/title>\n<meta name=\"description\" content=\"Voici les questions fr\u00e9quemment pos\u00e9es sur le logiciel Cloud MLM, cela vous aidera \u00e0 r\u00e9soudre tous les doutes sur notre produit, service, prix, etc.\" \/>\n<meta name=\"robots\" content=\"index, follow, max-snippet:-1, max-image-preview:large, max-video-preview:-1\" \/>\n<link rel=\"canonical\" href=\"https:\/\/cloudmlmsoftware.com\/fr\/questions-frequentes\/\" \/>\n<meta property=\"og:locale\" content=\"fr_FR\" \/>\n<meta property=\"og:type\" content=\"article\" \/>\n<meta property=\"og:title\" content=\"FAQ\" \/>\n<meta property=\"og:description\" content=\"Voici les questions fr\u00e9quemment pos\u00e9es sur le logiciel Cloud MLM, cela vous aidera \u00e0 r\u00e9soudre tous les doutes sur notre produit, service, prix, etc.\" \/>\n<meta property=\"og:url\" content=\"https:\/\/cloudmlmsoftware.com\/fr\/questions-frequentes\/\" \/>\n<meta property=\"og:site_name\" content=\"Cloud MLM Software\" \/>\n<meta property=\"article:modified_time\" content=\"2024-09-25T11:17:55+00:00\" \/>\n<meta name=\"twitter:card\" content=\"summary_large_image\" \/>\n<meta name=\"twitter:label1\" content=\"Dur\u00e9e de lecture estim\u00e9e\" \/>\n\t<meta name=\"twitter:data1\" content=\"4 minutes\" \/>\n<!-- \/ Yoast SEO Premium plugin. -->","yoast_head_json":{"title":"Questions fr\u00e9quentes sur les logiciels MLM","description":"Voici les questions fr\u00e9quemment pos\u00e9es sur le logiciel Cloud MLM, cela vous aidera \u00e0 r\u00e9soudre tous les doutes sur notre produit, service, prix, etc.","robots":{"index":"index","follow":"follow","max-snippet":"max-snippet:-1","max-image-preview":"max-image-preview:large","max-video-preview":"max-video-preview:-1"},"canonical":"https:\/\/cloudmlmsoftware.com\/fr\/questions-frequentes\/","og_locale":"fr_FR","og_type":"article","og_title":"FAQ","og_description":"Voici les questions fr\u00e9quemment pos\u00e9es sur le logiciel Cloud MLM, cela vous aidera \u00e0 r\u00e9soudre tous les doutes sur notre produit, service, prix, etc.","og_url":"https:\/\/cloudmlmsoftware.com\/fr\/questions-frequentes\/","og_site_name":"Cloud MLM Software","article_modified_time":"2024-09-25T11:17:55+00:00","twitter_card":"summary_large_image","twitter_misc":{"Dur\u00e9e de lecture estim\u00e9e":"4 minutes"},"schema":{"@context":"https:\/\/schema.org","@graph":[{"@type":"WebPage","@id":"https:\/\/cloudmlmsoftware.com\/fr\/questions-frequentes\/","url":"https:\/\/cloudmlmsoftware.com\/fr\/questions-frequentes\/","name":"Questions fr\u00e9quentes sur les logiciels MLM","isPartOf":{"@id":"https:\/\/cloudmlmsoftware.com\/fr\/#website"},"datePublished":"2024-06-26T07:24:09+00:00","dateModified":"2024-09-25T11:17:55+00:00","description":"Voici les questions fr\u00e9quemment pos\u00e9es sur le logiciel Cloud MLM, cela vous aidera \u00e0 r\u00e9soudre tous les doutes sur notre produit, service, prix, etc.","breadcrumb":{"@id":"https:\/\/cloudmlmsoftware.com\/fr\/questions-frequentes\/#breadcrumb"},"inLanguage":"fr-FR","potentialAction":[{"@type":"ReadAction","target":["https:\/\/cloudmlmsoftware.com\/fr\/questions-frequentes\/"]}]},{"@type":"BreadcrumbList","@id":"https:\/\/cloudmlmsoftware.com\/fr\/questions-frequentes\/#breadcrumb","itemListElement":[{"@type":"ListItem","position":1,"name":"Home","item":"https:\/\/cloudmlmsoftware.com\/fr\/"},{"@type":"ListItem","position":2,"name":"FAQ"}]},{"@type":"WebSite","@id":"https:\/\/cloudmlmsoftware.com\/fr\/#website","url":"https:\/\/cloudmlmsoftware.com\/fr\/","name":"Cloud MLM Software","description":"","publisher":{"@id":"https:\/\/cloudmlmsoftware.com\/fr\/#organization"},"potentialAction":[{"@type":"SearchAction","target":{"@type":"EntryPoint","urlTemplate":"https:\/\/cloudmlmsoftware.com\/fr\/?s={search_term_string}"},"query-input":{"@type":"PropertyValueSpecification","valueRequired":true,"valueName":"search_term_string"}}],"inLanguage":"fr-FR"},{"@type":"Organization","@id":"https:\/\/cloudmlmsoftware.com\/fr\/#organization","name":"Cloud MLM Software","url":"https:\/\/cloudmlmsoftware.com\/fr\/","logo":{"@type":"ImageObject","inLanguage":"fr-FR","@id":"https:\/\/cloudmlmsoftware.com\/fr\/#\/schema\/logo\/image\/","url":"https:\/\/cloudmlmsoftware.com\/wp-content\/uploads\/2024\/09\/cloudmlm-logo.webp","contentUrl":"https:\/\/cloudmlmsoftware.com\/wp-content\/uploads\/2024\/09\/cloudmlm-logo.webp","width":200,"height":40,"caption":"Cloud MLM Software"},"image":{"@id":"https:\/\/cloudmlmsoftware.com\/fr\/#\/schema\/logo\/image\/"}}]}},"_links":{"self":[{"href":"https:\/\/cloudmlmsoftware.com\/fr\/wp-json\/wp\/v2\/pages\/14250","targetHints":{"allow":["GET"]}}],"collection":[{"href":"https:\/\/cloudmlmsoftware.com\/fr\/wp-json\/wp\/v2\/pages"}],"about":[{"href":"https:\/\/cloudmlmsoftware.com\/fr\/wp-json\/wp\/v2\/types\/page"}],"author":[{"embeddable":true,"href":"https:\/\/cloudmlmsoftware.com\/fr\/wp-json\/wp\/v2\/users\/1"}],"replies":[{"embeddable":true,"href":"https:\/\/cloudmlmsoftware.com\/fr\/wp-json\/wp\/v2\/comments?post=14250"}],"version-history":[{"count":0,"href":"https:\/\/cloudmlmsoftware.com\/fr\/wp-json\/wp\/v2\/pages\/14250\/revisions"}],"wp:attachment":[{"href":"https:\/\/cloudmlmsoftware.com\/fr\/wp-json\/wp\/v2\/media?parent=14250"}],"curies":[{"name":"wp","href":"https:\/\/api.w.org\/{rel}","templated":true}]}}