{"id":14178,"date":"2024-07-17T11:04:58","date_gmt":"2024-07-17T11:04:58","guid":{"rendered":"https:\/\/cloudmlmsoftware.com\/logiciel-de-marketing-de-reseau\/"},"modified":"2024-09-25T12:45:39","modified_gmt":"2024-09-25T12:45:39","slug":"logiciel-de-marketing-de-reseau","status":"publish","type":"page","link":"https:\/\/cloudmlmsoftware.com\/fr\/logiciel-de-marketing-de-reseau\/","title":{"rendered":"Logiciel de marketing de r\u00e9seau"},"content":{"rendered":"","protected":false},"excerpt":{"rendered":"","protected":false},"author":1,"featured_media":0,"parent":0,"menu_order":0,"comment_status":"closed","ping_status":"closed","template":"networkmarketingsoftware-page.php","meta":{"_acf_changed":false,"footnotes":""},"class_list":["post-14178","page","type-page","status-publish","hentry"],"acf":[],"yoast_head":"<!-- This site is optimized with the Yoast SEO Premium plugin v23.6 (Yoast SEO v25.9) - https:\/\/yoast.com\/wordpress\/plugins\/seo\/ -->\n<title>Logiciel de marketing de r\u00e9seau - Outil de croissance id\u00e9al pour la gestion<\/title>\n<meta name=\"description\" content=\"Les logiciels de marketing de r\u00e9seau sont un outil id\u00e9al pour g\u00e9rer les ventes, recruter des \u00e9quipes et rationaliser les op\u00e9rations. Boostez vos ventes d\u00e8s aujourd&#039;hui\" \/>\n<meta name=\"robots\" content=\"index, follow, max-snippet:-1, max-image-preview:large, max-video-preview:-1\" \/>\n<link rel=\"canonical\" href=\"https:\/\/cloudmlmsoftware.com\/fr\/logiciel-de-marketing-de-reseau\/\" \/>\n<meta property=\"og:locale\" content=\"fr_FR\" \/>\n<meta property=\"og:type\" content=\"article\" \/>\n<meta property=\"og:title\" content=\"Logiciel de marketing de r\u00e9seau\" \/>\n<meta property=\"og:description\" content=\"Les logiciels de marketing de r\u00e9seau sont un outil id\u00e9al pour g\u00e9rer les ventes, recruter des \u00e9quipes et rationaliser les op\u00e9rations. Boostez vos ventes d\u00e8s aujourd&#039;hui\" \/>\n<meta property=\"og:url\" content=\"https:\/\/cloudmlmsoftware.com\/fr\/logiciel-de-marketing-de-reseau\/\" \/>\n<meta property=\"og:site_name\" content=\"Cloud MLM Software\" \/>\n<meta property=\"article:modified_time\" content=\"2024-09-25T12:45:39+00:00\" \/>\n<meta name=\"twitter:card\" content=\"summary_large_image\" \/>\n<!-- \/ Yoast SEO Premium plugin. -->","yoast_head_json":{"title":"Logiciel de marketing de r\u00e9seau - Outil de croissance id\u00e9al pour la gestion","description":"Les logiciels de marketing de r\u00e9seau sont un outil id\u00e9al pour g\u00e9rer les ventes, recruter des \u00e9quipes et rationaliser les op\u00e9rations. Boostez vos ventes d\u00e8s aujourd'hui","robots":{"index":"index","follow":"follow","max-snippet":"max-snippet:-1","max-image-preview":"max-image-preview:large","max-video-preview":"max-video-preview:-1"},"canonical":"https:\/\/cloudmlmsoftware.com\/fr\/logiciel-de-marketing-de-reseau\/","og_locale":"fr_FR","og_type":"article","og_title":"Logiciel de marketing de r\u00e9seau","og_description":"Les logiciels de marketing de r\u00e9seau sont un outil id\u00e9al pour g\u00e9rer les ventes, recruter des \u00e9quipes et rationaliser les op\u00e9rations. Boostez vos ventes d\u00e8s aujourd'hui","og_url":"https:\/\/cloudmlmsoftware.com\/fr\/logiciel-de-marketing-de-reseau\/","og_site_name":"Cloud MLM Software","article_modified_time":"2024-09-25T12:45:39+00:00","twitter_card":"summary_large_image","schema":{"@context":"https:\/\/schema.org","@graph":[{"@type":"WebPage","@id":"https:\/\/cloudmlmsoftware.com\/fr\/logiciel-de-marketing-de-reseau\/","url":"https:\/\/cloudmlmsoftware.com\/fr\/logiciel-de-marketing-de-reseau\/","name":"Logiciel de marketing de r\u00e9seau - Outil de croissance id\u00e9al pour la gestion","isPartOf":{"@id":"https:\/\/cloudmlmsoftware.com\/fr\/#website"},"datePublished":"2024-07-17T11:04:58+00:00","dateModified":"2024-09-25T12:45:39+00:00","description":"Les logiciels de marketing de r\u00e9seau sont un outil id\u00e9al pour g\u00e9rer les ventes, recruter des \u00e9quipes et rationaliser les op\u00e9rations. Boostez vos ventes d\u00e8s aujourd'hui","breadcrumb":{"@id":"https:\/\/cloudmlmsoftware.com\/fr\/logiciel-de-marketing-de-reseau\/#breadcrumb"},"inLanguage":"fr-FR","potentialAction":[{"@type":"ReadAction","target":["https:\/\/cloudmlmsoftware.com\/fr\/logiciel-de-marketing-de-reseau\/"]}]},{"@type":"BreadcrumbList","@id":"https:\/\/cloudmlmsoftware.com\/fr\/logiciel-de-marketing-de-reseau\/#breadcrumb","itemListElement":[{"@type":"ListItem","position":1,"name":"Home","item":"https:\/\/cloudmlmsoftware.com\/fr\/"},{"@type":"ListItem","position":2,"name":"Logiciel de marketing de r\u00e9seau"}]},{"@type":"WebSite","@id":"https:\/\/cloudmlmsoftware.com\/fr\/#website","url":"https:\/\/cloudmlmsoftware.com\/fr\/","name":"Cloud MLM Software","description":"","publisher":{"@id":"https:\/\/cloudmlmsoftware.com\/fr\/#organization"},"potentialAction":[{"@type":"SearchAction","target":{"@type":"EntryPoint","urlTemplate":"https:\/\/cloudmlmsoftware.com\/fr\/?s={search_term_string}"},"query-input":{"@type":"PropertyValueSpecification","valueRequired":true,"valueName":"search_term_string"}}],"inLanguage":"fr-FR"},{"@type":"Organization","@id":"https:\/\/cloudmlmsoftware.com\/fr\/#organization","name":"Cloud MLM Software","url":"https:\/\/cloudmlmsoftware.com\/fr\/","logo":{"@type":"ImageObject","inLanguage":"fr-FR","@id":"https:\/\/cloudmlmsoftware.com\/fr\/#\/schema\/logo\/image\/","url":"https:\/\/cloudmlmsoftware.com\/wp-content\/uploads\/2024\/09\/cloudmlm-logo.webp","contentUrl":"https:\/\/cloudmlmsoftware.com\/wp-content\/uploads\/2024\/09\/cloudmlm-logo.webp","width":200,"height":40,"caption":"Cloud MLM Software"},"image":{"@id":"https:\/\/cloudmlmsoftware.com\/fr\/#\/schema\/logo\/image\/"}}]}},"_links":{"self":[{"href":"https:\/\/cloudmlmsoftware.com\/fr\/wp-json\/wp\/v2\/pages\/14178","targetHints":{"allow":["GET"]}}],"collection":[{"href":"https:\/\/cloudmlmsoftware.com\/fr\/wp-json\/wp\/v2\/pages"}],"about":[{"href":"https:\/\/cloudmlmsoftware.com\/fr\/wp-json\/wp\/v2\/types\/page"}],"author":[{"embeddable":true,"href":"https:\/\/cloudmlmsoftware.com\/fr\/wp-json\/wp\/v2\/users\/1"}],"replies":[{"embeddable":true,"href":"https:\/\/cloudmlmsoftware.com\/fr\/wp-json\/wp\/v2\/comments?post=14178"}],"version-history":[{"count":0,"href":"https:\/\/cloudmlmsoftware.com\/fr\/wp-json\/wp\/v2\/pages\/14178\/revisions"}],"wp:attachment":[{"href":"https:\/\/cloudmlmsoftware.com\/fr\/wp-json\/wp\/v2\/media?parent=14178"}],"curies":[{"name":"wp","href":"https:\/\/api.w.org\/{rel}","templated":true}]}}