{"id":14114,"date":"2024-05-22T13:41:43","date_gmt":"2024-05-22T13:41:43","guid":{"rendered":"https:\/\/cloudmlmsoftware.com\/e-voucher-pour-mlm-software\/"},"modified":"2024-11-08T06:03:42","modified_gmt":"2024-11-08T06:03:42","slug":"e-voucher-pour-le-logiciel-mlm","status":"publish","type":"page","link":"https:\/\/cloudmlmsoftware.com\/fr\/e-voucher-pour-le-logiciel-mlm\/","title":{"rendered":"e-voucher-pour-mlm-software"},"content":{"rendered":"\n<div class=\"bannerBgcolor BannerBg pt-16 pb-20 relative overflow-hidden\">\n        <div class=\"animation-wrapper\">\n            <div class=\"particle particle-1\"><\/div>\n            <div class=\"particle particle-2\"><\/div>\n            <div class=\"particle particle-3\"><\/div>\n            <div class=\"particle particle-4\"><\/div>\n        <\/div>\n\n        <div class=\"container mx-auto xl:h-[504px] lg:h-[450px] h-auto relative z-1\">\n            <div class=\"flex flex-wrap items-center\">\n                <div class=\"md:basis-5\/12 sm:basis-12\/12 pr-4 pr-0 py-14\">\n                    <img decoding=\"async\" src=\"\/wp-content\/uploads\/2024\/08\/Modulesbanner.webp\" width=\"467\" height=\"411\" alt=\"meilleur logiciel MLM aux Etats-Unis\" class=\"pulseBannerImg\"\/>\n                <\/div>\n                <div class=\"md:basis-7\/12 sm:basis-12\/12\">\n                    <h1 class=\"lg:text-mainTitleFontSize sm:text-3xl text-3xl text-white lg:leading-snug capitalize\">\n                         Module <span class=\"font-bold animate-charcter-offwhite\">de bons \u00e9lectroniques<\/span> <\/h1>\n\n\n                    <p class=\"offlightWhite pt-3 text-md\">Un module logiciel MLM est un package permettant d&#8217;\u00e9tendre les fonctionnalit\u00e9s du logiciel MLM. Il existe de nombreux packages de modules que vous pouvez combiner et utiliser avec votre logiciel MLM. Cloud MLM facilite l&#8217;extension des modules avec le logiciel MLM.  <\/p>\n                <\/div>\n\n            <\/div>\n        <\/div>\n    <\/div>\n    <!-- ************************************************************************************* -->\n\n    <section class=\"p-sectionpadding\">\n        <div class=\"container mx-auto pt-20\">\n            <div class=\"flex flex-wrap items-start md:items-center flex-col-reverse md:flex-row\">\n                <div class=\"flex-1 w-full pr-0 md:pr-7 pr-0 mt-3\">\n                    <div class=\"relative\">\n\n                        <h2 class=\"lg:text-TitlesemiFontSize text-2xl titleColor lg:leading-snug capitalize\">\n                            <span class=\"font-bold\">Rationaliser les transactions avec le module E-Voucher : <\/span> <span class=\"font-bold\">avec un mod\u00e8le commercial MLM simplifi\u00e9 pour les utilisateurs<\/span> \n\n                        <\/h2>\n\n                        <p class=\"pt-6 font-light leading-6 text-textpara contentColor\">Le module E-Voucher permet aux utilisateurs d&#8217;effectuer des transactions plus facilement et en toute s\u00e9curit\u00e9. Cette fonctionnalit\u00e9 vous permet de g\u00e9n\u00e9rer des bons \u00e9lectroniques configurables pour des promotions, des r\u00e9compenses et des incitations avec des transactions s\u00e9curis\u00e9es et faciles.  Les membres peuvent acheter, transf\u00e9rer et \u00e9changer des bons \u00e9lectroniques facilement dans l&#8217;interface utilisateur pour stimuler leur engagement. Avec un suivi en temps r\u00e9el et des rapports d\u00e9taill\u00e9s, le module E-Voucher vous offre une visibilit\u00e9 et une gestion compl\u00e8tes de votre syst\u00e8me de gestion des bons en vue de l&#8217;expansion du r\u00e9seau et de la fid\u00e9lisation des membres.  <\/p>\n\n                    <\/div>\n                <\/div>\n                <div class=\"hidden lg:flex items-end justify-right w-[360px] primaryColor rounded-2xl pt-20 pl-10 ml-0 md:ml-10 mb-2 pb-0 overflow-hidden mt-3\">\n                    <img decoding=\"async\" src=\"\/wp-content\/uploads\/2024\/08\/moduleEvoucherIntro.svg\" alt=\"logiciel MLM BST\" class=\"relative right-[-10px] w-full\"\/>\n                <\/div>\n            <\/div>\n        <\/div>\n    <\/section>\n\n    <!-- ================================================================================================ -->\n    <section class=\"p-sectionpadding\">\n        <div class=\"container mx-auto \">\n            <div class=\"relative darkblue rounded-2xl px-7 md:px-12 py-16\">\n\n                <h3 class=\"text-3xl text-white lg:leading-snug capitalize w-full lg:w-6\/12 mx-auto text-center mb-10\">\n                     <span class=\"font-bold\">Caract\u00e9ristiques<\/span> du syst\u00e8me de <span class=\"font-bold\"> bons \u00e9lectroniques <\/span> de Cloud MLM <\/h3>\n\n                <div class=\"flex flex-wrap md:w-10\/12 mx-auto\">\n\n                    <div class=\"relative w-full lg:w-6\/12 pr-0 lg:pr-5\">\n                        <ul class=\"flex flex-wrap space-x-2 mt-4 ml-[-12px] list1 mt-6\">\n                            <li class=\"text-textpara text-white font-light leading-6 mb-3 ml-2\">Interfaces faciles \u00e0 utiliser <\/li>\n                            <li class=\"text-textpara text-white font-light leading-6 mb-3 ml-2\">Les utilisateurs peuvent acheter des produits avec ces codes de bons \u00e9lectroniques.<\/li>\n                            <li class=\"text-textpara text-white font-light leading-6 mb-3 ml-2\">N&#8217;importe quel nombre de types de bons \u00e9lectroniques peut \u00eatre effectu\u00e9<\/li>\n                            <li class=\"text-textpara text-white font-light leading-6 mb-3 ml-2\">S&#8217;il ne reste plus de bon et qu&#8217;il y a un solde dans le portefeuille \u00e9lectronique, les utilisateurs peuvent demander un bon \u00e9lectronique \u00e0 l&#8217;administrateur en un clic.<\/li>\n                            <li class=\"text-textpara text-white font-light leading-6 mb-3 ml-2\">Les bons \u00e9lectroniques seront cr\u00e9\u00e9s sur une base hautement s\u00e9curis\u00e9e et chaque bon \u00e9lectronique sera unique. incapable de deviner ou de force brute, les bons \u00e9lectroniques seront hautement s\u00e9curis\u00e9s. <\/li>\n                            <li class=\"text-textpara text-white font-light leading-6 mb-3 ml-2\">Le bon \u00e9lectronique peut \u00eatre g\u00e9r\u00e9 facilement par l&#8217;administrateur depuis le backend. peut personnaliser les taux de commission, les remises et d&#8217;autres \u00e9l\u00e9ments des bons \u00e9lectroniques. <\/li>\n                            <li class=\"text-textpara text-white font-light leading-6 mb-3 ml-2\">Les rapports sur les bons \u00e9lectroniques peuvent \u00eatre consult\u00e9s ou imprim\u00e9s par l&#8217;administrateur, les utilisateurs peuvent consulter l&#8217;historique de leurs bons \u00e9lectroniques et leurs rapports d&#8217;utilisation. <\/li>\n\n                        <\/ul>\n                    <\/div>\n\n                    <div class=\"lg:flex-shrink-0 w-full lg:w-6\/12 pl-0 lg:pl-5\">\n\n                        <ul class=\"flex flex-wrap space-x-2 mt-4 ml-[-12px] list1 mt-6\">\n                            <li class=\"text-textpara text-white font-light leading-6 mb-3 ml-2\">Les pouvoirs d\u2019encodage et de suivi des bons \u00e9lectroniques r\u00e9duisent le risque de tricherie et de perte des bons.<\/li>\n                            <li class=\"text-textpara text-white font-light leading-6 mb-3 ml-2\">Autoriser le marketing MLM et la gestion des bons via le concept de commande de franchise\/membre.<\/li>\n                            <li class=\"text-textpara text-white font-light leading-6 mb-3 ml-2\">Bloquer\/d\u00e9bloquer la fonction de bons<\/li>\n                            <li class=\"text-textpara text-white font-light leading-6 mb-3 ml-2\">Exportation vers Excel\/Word<\/li>\n                            <li class=\"text-textpara text-white font-light leading-6 mb-3 ml-2\">Suivi complet du bon<\/li>\n                            <li class=\"text-textpara text-white font-light leading-6 mb-3 ml-2\">Application de bureau pour l&#8217;impression de bons<\/li>\n                            <li class=\"text-textpara text-white font-light leading-6 mb-3 ml-2\">Le bon \u00e9lectronique peut \u00eatre envoy\u00e9 par e-mail\/fax\/SMS<\/li>\n                            <li class=\"text-textpara text-white font-light leading-6 mb-3 ml-2\">Divers rapports MIS<\/li>\n                            <li class=\"text-textpara text-white font-light leading-6 mb-3 ml-2\">Sauvegarde automatique<\/li>\n                        <\/ul>\n                    <\/div>\n                <\/div>\n            <\/div>\n        <\/div>\n    <\/section>\n\n    <!-- ************************************************************************************* -->\n    <section class=\"p-sectionpadding\">\n        <div class=\"container mx-auto\">\n            <div class=\"flex flex-wrap\">\n                <div class=\"w-full lg:w-6\/12\">\n                    <h3 class=\"lg:text-TitlesemiFontSize text-2xl titleColor lg:leading-snug mt-3 capitalize\">\n                         <span class=\"font-bold\">Importance <\/span> du module <span class=\"font-bold\"> E-voucher<\/span> de Cloud MLM <\/h3>\n                <\/div>\n\n                <div class=\"w-full flex flex-wrap pt-2 justify-between\">\n                    <div class=\"w-full lg:w-1\/3 my-3\">\n                        <div class=\"primaryColor px-7 lg:px-10 py-3 rounded-xl h-full\">\n                            <h4 class=\"text-white text-2xl font-semibold mt-4\">Gr\u00e2ce \u00e0 l&#8217;utilisation de bons \u00e9lectroniques, les transactions et les paiements peuvent \u00eatre s\u00e9curis\u00e9s.<\/h4>\n                            <p class=\"text-white font-light text-md pt-6\">Il existe diff\u00e9rentes m\u00e9thodes disponibles pour l&#8217;inscription et le paiement des produits. Cependant, tous ne sont pas s\u00e9curis\u00e9s et n\u2019offrent pas de protection aux transactions et aux paiements. Mais gr\u00e2ce \u00e0 la technologie, les transactions et les paiements peuvent d\u00e9sormais \u00eatre s\u00e9curis\u00e9s gr\u00e2ce \u00e0 l\u2019utilisation de bons \u00e9lectroniques. Les bons \u00e9lectroniques sont \u00e9galement appel\u00e9s bons pr\u00e9pay\u00e9s, bons pr\u00e9pay\u00e9s et cartes \u00e0 gratter.   <\/p>\n                        <\/div>\n                    <\/div>\n\n\n                    <div class=\"w-full lg:w-2\/3 px-0 lg:px-4 lg:my-3 flex flex-col justify-between\">\n                        <div class=\"lighter px-7 py-10 rounded-xl h-full flex flex-col justify-center\">\n                            <h4 class=\"titleColor text-xl font-semibold mt-4\">Collecte facilement les paiements des membres du monde entier<\/h4>\n                            <p class=\"contentColor font-light text-md mt-4\">Pour les soci\u00e9t\u00e9s MLM, il devient difficile de collecter les paiements des clients du monde entier. De nombreuses entreprises ont adopt\u00e9 l\u2019utilisation de bons \u00e9lectroniques pour faciliter le recouvrement des paiements \u00e0 l\u2019\u00e9chelle mondiale. <\/p>\n                        <\/div>\n                        <div class=\"lighter px-8 py-10 rounded-xl mt-3 h-full\">\n                            <h4 class=\"titleColor text-xl font-semibold\">Il offre une plus grande flexibilit\u00e9 aux clients et aux entreprises pour effectuer des transactions sur le Web \u00e0 un co\u00fbt tr\u00e8s faible. <\/h4>\n                            <p class=\"contentColor font-light text-md mt-4\">Le syst\u00e8me de bons \u00e9lectroniques est un moyen s\u00e9curis\u00e9 d\u2019accepter le paiement d\u2019une adh\u00e9sion\/parrainage\/produit. Les grandes entreprises bien connues du r\u00e9seau MLM ont adopt\u00e9 la m\u00e9thode des bons \u00e9lectroniques pour collecter les paiements des clients. Il existe de nombreux autres modules dans le logiciel Cloud MLM qui peuvent vous aider \u00e0 dynamiser votre entreprise !  <\/p>\n                        <\/div>\n                    <\/div>\n                <\/div>\n            <\/div>\n        <\/div>\n    <\/section>\n","protected":false},"excerpt":{"rendered":"<p>Module de bons \u00e9lectroniques Un module logiciel MLM est un package permettant d&#8217;\u00e9tendre les fonctionnalit\u00e9s du logiciel MLM. Il existe de nombreux packages de modules que vous pouvez combiner et utiliser avec votre logiciel MLM. Cloud MLM facilite l&#8217;extension des modules avec le logiciel MLM. Rationaliser les transactions avec le module E-Voucher : avec un [&hellip;]<\/p>\n","protected":false},"author":1,"featured_media":0,"parent":0,"menu_order":0,"comment_status":"closed","ping_status":"closed","template":"moduleevoucher-page.php","meta":{"_acf_changed":false,"footnotes":""},"class_list":["post-14114","page","type-page","status-publish","hentry"],"acf":[],"yoast_head":"<!-- This site is optimized with the Yoast SEO Premium plugin v23.6 (Yoast SEO v25.9) - https:\/\/yoast.com\/wordpress\/plugins\/seo\/ -->\n<title>Bon \u00e9lectronique | Simplifiez les r\u00e9compenses et les paiements num\u00e9riques<\/title>\n<meta name=\"description\" content=\"E-Voucher pour des r\u00e9compenses et des paiements num\u00e9riques fluides. G\u00e9rez facilement les bons avec des fonctionnalit\u00e9s s\u00e9curis\u00e9es, efficaces et conviviales.\" \/>\n<meta name=\"robots\" content=\"index, follow, max-snippet:-1, max-image-preview:large, max-video-preview:-1\" \/>\n<link rel=\"canonical\" href=\"https:\/\/cloudmlmsoftware.com\/fr\/e-voucher-pour-le-logiciel-mlm\/\" \/>\n<meta property=\"og:locale\" content=\"fr_FR\" \/>\n<meta property=\"og:type\" content=\"article\" \/>\n<meta property=\"og:title\" content=\"e-voucher-pour-mlm-software\" \/>\n<meta property=\"og:description\" content=\"E-Voucher pour des r\u00e9compenses et des paiements num\u00e9riques fluides. G\u00e9rez facilement les bons avec des fonctionnalit\u00e9s s\u00e9curis\u00e9es, efficaces et conviviales.\" \/>\n<meta property=\"og:url\" content=\"https:\/\/cloudmlmsoftware.com\/fr\/e-voucher-pour-le-logiciel-mlm\/\" \/>\n<meta property=\"og:site_name\" content=\"Cloud MLM Software\" \/>\n<meta property=\"article:modified_time\" content=\"2024-11-08T06:03:42+00:00\" \/>\n<meta name=\"twitter:card\" content=\"summary_large_image\" \/>\n<meta name=\"twitter:label1\" content=\"Dur\u00e9e de lecture estim\u00e9e\" \/>\n\t<meta name=\"twitter:data1\" content=\"3 minutes\" \/>\n<!-- \/ Yoast SEO Premium plugin. -->","yoast_head_json":{"title":"Bon \u00e9lectronique | Simplifiez les r\u00e9compenses et les paiements num\u00e9riques","description":"E-Voucher pour des r\u00e9compenses et des paiements num\u00e9riques fluides. G\u00e9rez facilement les bons avec des fonctionnalit\u00e9s s\u00e9curis\u00e9es, efficaces et conviviales.","robots":{"index":"index","follow":"follow","max-snippet":"max-snippet:-1","max-image-preview":"max-image-preview:large","max-video-preview":"max-video-preview:-1"},"canonical":"https:\/\/cloudmlmsoftware.com\/fr\/e-voucher-pour-le-logiciel-mlm\/","og_locale":"fr_FR","og_type":"article","og_title":"e-voucher-pour-mlm-software","og_description":"E-Voucher pour des r\u00e9compenses et des paiements num\u00e9riques fluides. G\u00e9rez facilement les bons avec des fonctionnalit\u00e9s s\u00e9curis\u00e9es, efficaces et conviviales.","og_url":"https:\/\/cloudmlmsoftware.com\/fr\/e-voucher-pour-le-logiciel-mlm\/","og_site_name":"Cloud MLM Software","article_modified_time":"2024-11-08T06:03:42+00:00","twitter_card":"summary_large_image","twitter_misc":{"Dur\u00e9e de lecture estim\u00e9e":"3 minutes"},"schema":{"@context":"https:\/\/schema.org","@graph":[{"@type":"WebPage","@id":"https:\/\/cloudmlmsoftware.com\/fr\/e-voucher-pour-le-logiciel-mlm\/","url":"https:\/\/cloudmlmsoftware.com\/fr\/e-voucher-pour-le-logiciel-mlm\/","name":"Bon \u00e9lectronique | Simplifiez les r\u00e9compenses et les paiements num\u00e9riques","isPartOf":{"@id":"https:\/\/cloudmlmsoftware.com\/fr\/#website"},"datePublished":"2024-05-22T13:41:43+00:00","dateModified":"2024-11-08T06:03:42+00:00","description":"E-Voucher pour des r\u00e9compenses et des paiements num\u00e9riques fluides. G\u00e9rez facilement les bons avec des fonctionnalit\u00e9s s\u00e9curis\u00e9es, efficaces et conviviales.","breadcrumb":{"@id":"https:\/\/cloudmlmsoftware.com\/fr\/e-voucher-pour-le-logiciel-mlm\/#breadcrumb"},"inLanguage":"fr-FR","potentialAction":[{"@type":"ReadAction","target":["https:\/\/cloudmlmsoftware.com\/fr\/e-voucher-pour-le-logiciel-mlm\/"]}]},{"@type":"BreadcrumbList","@id":"https:\/\/cloudmlmsoftware.com\/fr\/e-voucher-pour-le-logiciel-mlm\/#breadcrumb","itemListElement":[{"@type":"ListItem","position":1,"name":"Home","item":"https:\/\/cloudmlmsoftware.com\/fr\/"},{"@type":"ListItem","position":2,"name":"e-voucher-pour-mlm-software"}]},{"@type":"WebSite","@id":"https:\/\/cloudmlmsoftware.com\/fr\/#website","url":"https:\/\/cloudmlmsoftware.com\/fr\/","name":"Cloud MLM Software","description":"","publisher":{"@id":"https:\/\/cloudmlmsoftware.com\/fr\/#organization"},"potentialAction":[{"@type":"SearchAction","target":{"@type":"EntryPoint","urlTemplate":"https:\/\/cloudmlmsoftware.com\/fr\/?s={search_term_string}"},"query-input":{"@type":"PropertyValueSpecification","valueRequired":true,"valueName":"search_term_string"}}],"inLanguage":"fr-FR"},{"@type":"Organization","@id":"https:\/\/cloudmlmsoftware.com\/fr\/#organization","name":"Cloud MLM Software","url":"https:\/\/cloudmlmsoftware.com\/fr\/","logo":{"@type":"ImageObject","inLanguage":"fr-FR","@id":"https:\/\/cloudmlmsoftware.com\/fr\/#\/schema\/logo\/image\/","url":"https:\/\/cloudmlmsoftware.com\/wp-content\/uploads\/2024\/09\/cloudmlm-logo.webp","contentUrl":"https:\/\/cloudmlmsoftware.com\/wp-content\/uploads\/2024\/09\/cloudmlm-logo.webp","width":200,"height":40,"caption":"Cloud MLM Software"},"image":{"@id":"https:\/\/cloudmlmsoftware.com\/fr\/#\/schema\/logo\/image\/"}}]}},"_links":{"self":[{"href":"https:\/\/cloudmlmsoftware.com\/fr\/wp-json\/wp\/v2\/pages\/14114","targetHints":{"allow":["GET"]}}],"collection":[{"href":"https:\/\/cloudmlmsoftware.com\/fr\/wp-json\/wp\/v2\/pages"}],"about":[{"href":"https:\/\/cloudmlmsoftware.com\/fr\/wp-json\/wp\/v2\/types\/page"}],"author":[{"embeddable":true,"href":"https:\/\/cloudmlmsoftware.com\/fr\/wp-json\/wp\/v2\/users\/1"}],"replies":[{"embeddable":true,"href":"https:\/\/cloudmlmsoftware.com\/fr\/wp-json\/wp\/v2\/comments?post=14114"}],"version-history":[{"count":0,"href":"https:\/\/cloudmlmsoftware.com\/fr\/wp-json\/wp\/v2\/pages\/14114\/revisions"}],"wp:attachment":[{"href":"https:\/\/cloudmlmsoftware.com\/fr\/wp-json\/wp\/v2\/media?parent=14114"}],"curies":[{"name":"wp","href":"https:\/\/api.w.org\/{rel}","templated":true}]}}