{"id":14098,"date":"2024-05-22T13:40:50","date_gmt":"2024-05-22T13:40:50","guid":{"rendered":"https:\/\/cloudmlmsoftware.com\/module-portefeuille-e-pour-logiciel-mlm\/"},"modified":"2024-11-08T05:02:13","modified_gmt":"2024-11-08T05:02:13","slug":"module-e-wallet-pour-le-logiciel-mlm","status":"publish","type":"page","link":"https:\/\/cloudmlmsoftware.com\/fr\/module-e-wallet-pour-le-logiciel-mlm\/","title":{"rendered":"module-portefeuille-e-pour-logiciel-mlm"},"content":{"rendered":"\n<div class=\"bannerBgcolor BannerBg pt-16 pb-20 relative overflow-hidden\">\n        <div class=\"animation-wrapper\">\n            <div class=\"particle particle-1\"><\/div>\n            <div class=\"particle particle-2\"><\/div>\n            <div class=\"particle particle-3\"><\/div>\n            <div class=\"particle particle-4\"><\/div>\n        <\/div>\n\n        <div class=\"container mx-auto xl:h-[504px] lg:h-[450px] h-auto relative z-1\">\n            <div class=\"flex flex-wrap items-center\">\n                <div class=\"md:basis-5\/12 sm:basis-12\/12 pr-4 pr-0 py-14\">\n                    <img decoding=\"async\" src=\"\/wp-content\/uploads\/2024\/08\/Modulesbanner.webp\" width=\"467\" height=\"411\" alt=\"meilleur logiciel MLM aux Etats-Unis\" class=\"pulseBannerImg\"\/>\n                <\/div>\n                <div class=\"md:basis-7\/12 sm:basis-12\/12\">\n                    <h1 class=\"lg:text-mainTitleFontSize sm:text-3xl text-3xl text-white lg:leading-snug capitalize\">\n                         Module de <span class=\"font-bold animate-charcter-offwhite\">portefeuille \u00e9lectronique <\/span> <\/h1>\n\n\n                    <p class=\"offlightWhite pt-3 text-md\"> Un module E-Wallet dans le logiciel MLM est un portefeuille num\u00e9rique s\u00e9curis\u00e9, con\u00e7u pour g\u00e9rer les finances des membres d&#8217;une entreprise MLM. Avec l&#8217;aide d&#8217;un portefeuille \u00e9lectronique, les utilisateurs peuvent stocker leurs commissions et bonus gagn\u00e9s, les transf\u00e9rer \u00e0 d&#8217;autres membres et effectuer facilement des retraits.  <\/p>\n                <\/div>\n\n            <\/div>\n        <\/div>\n    <\/div>\n    <!-- ************************************************************************************* -->\n\n    <section class=\"p-sectionpadding\">\n        <div class=\"container mx-auto pt-20\">\n            <div class=\"flex flex-wrap items-start md:items-center flex-col-reverse md:flex-row\">\n                <div class=\"flex-1 w-full pr-0 md:pr-7 pr-0 mt-3\">\n                    <div class=\"relative\">\n\n                        <h2 class=\"lg:text-TitlesemiFontSize text-2xl titleColor lg:leading-snug capitalize\">\n                            <span class=\"font-bold\">Autonomiser les entreprises MLM<\/span> avec un <span class=\"font-bold\">portefeuille \u00e9lectronique s\u00e9curis\u00e9<\/span> et un <span class=\"font-bold\">syst\u00e8me de bons virtuels <\/span> \n\n                        <\/h2>\n\n                        <p class=\"pt-6 font-light leading-6 text-textpara contentColor\">E-Wallet est s\u00e9curis\u00e9 pour la gestion des gains et des transactions par les membres. Les membres peuvent stocker, transf\u00e9rer et retirer les fonds avec E-Wallet de mani\u00e8re s\u00e9curis\u00e9e et rapide. Le solde sera mis \u00e0 jour instantan\u00e9ment lorsque chaque transaction aura lieu en temps r\u00e9el et les d\u00e9tails complets seront disponibles dans l&#8217;espace membre. Nous prenons \u00e9galement en charge plusieurs devises dans le portefeuille \u00e9lectronique. Ainsi, les membres n\u2019ont pas \u00e0 s\u2019inqui\u00e9ter de leurs probl\u00e8mes de transactions financi\u00e8res lorsqu\u2019ils effectuent un achat, un transfert ou une demande de paiement li\u00e9e \u00e0 votre entreprise MLM.     <\/p>\n\n                        <p class=\"pt-6 font-light leading-6 text-textpara contentColor\"> Le module de portefeuille \u00e9lectronique de change la fa\u00e7on dont vos membres contr\u00f4lent leurs revenus et g\u00e8rent l&#8217;argent au sein de votre entreprise MLM. Vos clients peuvent \u00e9conomiser leurs commissions\/bonus, envoyer de l&#8217;argent \u00e0 d&#8217;autres membres et le retirer quand ils le souhaitent en utilisant l&#8217;interface simple et conviviale d&#8217;E-Wallet.  <\/p>\n\n                    <\/div>\n                <\/div>\n                <div class=\"hidden lg:flex items-end justify-right w-[360px] primaryColor rounded-2xl pt-20 pl-10 ml-0 md:ml-10 mb-2 pb-0 overflow-hidden mt-3\">\n                    <img decoding=\"async\" src=\"\/wp-content\/uploads\/2024\/08\/moduleEvalletIntro.svg\" alt=\"Image\" class=\"relative right-[-10px] w-full\"\/>\n                <\/div>\n            <\/div>\n        <\/div>\n    <\/section>\n\n    <!-- ================================================================================================ -->\n    <section class=\"p-sectionpadding\">\n        <div class=\"container mx-auto \">\n            <div class=\"relative darkblue rounded-2xl p-7 lg:p-12 py-16 overflow-hidden\">\n                <div class=\"flex flex-wrap items-center\">\n\n                    <div class=\"relative w-full lg:w-5\/12 pr-0 lg:pr-12\">\n                        <img decoding=\"async\" src=\"\/wp-content\/uploads\/2024\/08\/moduleEwallet2.webp\" alt=\"Image\" class=\"w-full mb-4\"\/>\n                    <\/div>\n\n                    <div class=\"lg:flex-shrink-0 w-full lg:w-7\/12 \">\n                        <h3 class=\"text-3xl text-white lg:leading-snug capitalize\">\n                             <span class=\"font-bold\">Caract\u00e9ristiques<\/span> du module de <span class=\"font-bold\">portefeuille \u00e9lectronique<\/span> <\/h3>\n  <p class=\"pt-6 font-light leading-6 text-textpara text-white\"> Le syst\u00e8me de portefeuilles \u00e9lectroniques vous aide \u00e0 <\/p>\n                        <ul class=\"flex flex-wrap space-x-2 mt-4 ml-[-12px] list1 mt-6\">\n                            \n                            <li class=\"text-textpara text-white font-light leading-6 mb-3 ml-2\">Int\u00e9grez votre compte bancaire<\/li>\n                            <li class=\"text-textpara text-white font-light leading-6 mb-3 ml-2\">Int\u00e9grez une carte pr\u00e9pay\u00e9e \u00e0 votre portefeuille \u00e9lectronique<\/li>\n                            <li class=\"text-textpara text-white font-light leading-6 mb-3 ml-2\">Int\u00e9grez votre carte de cr\u00e9dit<\/li>\n                            <li class=\"text-textpara text-white font-light leading-6 mb-3 ml-2\">Transf\u00e9rez de l&#8217;argent depuis votre domicile, votre travail ou partout dans le monde.<\/li>\n                        <\/ul>\n                    <\/div>\n                <\/div>\n            <\/div>\n        <\/div>\n    <\/section>\n\n    <!-- ************************************************************************************* -->\n\n    <section class=\"p-sectionpadding\">\n        <div class=\"container mx-auto\">\n\n            <h3 class=\"text-3xl titleColor lg:leading-snug mb-4 capitalize\"> Le module <span class=\"font-bold\">E-Wallet<\/span> de comprend <\/h3>\n\n            <div class=\"w-full flex flex-wrap pt-2\">\n\n                <div class=\"mt-3 w-1\/2 group md:w-3\/12 mt-4 pr-2 md:pr-4\">\n                    <div class=\"lighter p-8 rounded-2xl mt-3 text-lg h-full\">\n                        <img decoding=\"async\" src=\"\/wp-content\/uploads\/2024\/07\/epingeneration-img.webp\" alt=\"Image\" class=\"mt-4 transform scale-100 group-hover:scale-110 transition-transform duration-400\" width=\"42\" height=\"42\"\/>\n                        <h4 class=\"titleColor text-xl font-semibold mt-5\"> G\u00e9n\u00e9ration de broches \u00e9lectroniques <\/h4>\n                    <\/div>\n                <\/div>\n                \n                \n                <!-- *************** -->\n                <div class=\"mt-3 w-1\/2 group md:w-3\/12 mt-4 pr-0 md:pr-3 pl-2 md:pl-0\">\n                    <div class=\"lighter p-8 rounded-2xl mt-3 text-lg h-full\">\n                        <img decoding=\"async\" src=\"\/wp-content\/uploads\/2024\/07\/epinTransfer-img.webp\" alt=\"Image\" class=\"mt-4 mt-4 transform scale-100 group-hover:scale-110 transition-transform duration-400\" width=\"42\" height=\"42\"\/>\n                        <h4 class=\"titleColor text-xl font-semibold mt-5\"> Transfert de broche \u00e9lectronique <\/h4>\n                    <\/div>\n                <\/div>\n                <!-- *************** -->\n\n                <div class=\"mt-3 w-1\/2 group md:w-3\/12 mt-4 pr-2 md:pr-4\">\n                    <div class=\"lighter p-8 rounded-2xl mt-3 text-lg h-full\">\n                        <img decoding=\"async\" src=\"\/wp-content\/uploads\/2024\/07\/Refund-img.webp\" alt=\"Image\" class=\"mt-4 mt-4 transform scale-100 group-hover:scale-110 transition-transform duration-400\" width=\"42\" height=\"42\"\/>\n                        <h4 class=\"titleColor text-xl font-semibold mt-5\"> Remboursement des E-Pin de g\u00e9n\u00e9ration <\/h4>\n                    <\/div>\n                <\/div>\n                <!-- *************** -->\n\n                <div class=\"mt-3 w-1\/2 group md:w-3\/12 mt-4 pr-0 md:pr-0 pl-2 md:pl-0\">\n                    <div class=\"lighter p-8 rounded-2xl mt-3 text-lg h-full pr-0 sm:pr-7\">\n                        <img decoding=\"async\" src=\"\/wp-content\/uploads\/2024\/07\/History-img.webp\" alt=\"Image\" class=\"mt-4 mt-4 transform scale-100 group-hover:scale-110 transition-transform duration-400\" width=\"42\" height=\"42\"\/>\n                        <h4 class=\"titleColor text-xl font-semibold mt-5\"> Historique des transferts E-PIN <\/h4>\n                    <\/div>\n                <\/div>\n                <!-- *************** -->\n                \n                <div class=\"mt-3 w-1\/2 group md:w-3\/12 mt-4 pr-2 md:pr-4\">\n                    <div class=\"lighter p-8 rounded-2xl mt-3 text-lg h-full\">\n                        <img decoding=\"async\" src=\"\/wp-content\/uploads\/2024\/07\/Statement-img.webp\" alt=\"Image\" class=\"mt-4 mt-4 transform scale-100 group-hover:scale-110 transition-transform duration-400\" width=\"42\" height=\"42\"\/>\n                        <h4 class=\"titleColor text-xl font-semibold mt-5\"> D\u00e9claration de portefeuille <\/h4>\n                    <\/div>\n                <\/div>\n                <!-- *************** -->\n                <div class=\"mt-3 w-1\/2 group md:w-3\/12 mt-4 pr-0 md:pr-3 pl-2 md:pl-0\">\n                    <div class=\"lighter p-8 rounded-2xl mt-3 text-lg h-full\">\n                        <img decoding=\"async\" src=\"\/wp-content\/uploads\/2024\/07\/Fund-img.webp\" alt=\"Image\" class=\"mt-4 mt-4 transform scale-100 group-hover:scale-110 transition-transform duration-400\" width=\"42\" height=\"42\"\/>\n                        <h4 class=\"titleColor text-xl font-semibold mt-5\"> Transfert de fonds vers d&#8217;autres identifiants <\/h4>\n                    <\/div>\n                <\/div>\n                <!-- *************** -->\n\n                <div class=\"mt-3 w-1\/2 group md:w-3\/12 mt-4 pr-2 md:pr-4\">\n                    <div class=\"lighter p-8 rounded-2xl mt-3 text-lg h-full\">\n                        <img decoding=\"async\" src=\"\/wp-content\/uploads\/2024\/07\/Add-remove-img.webp\" alt=\"Image\" class=\"mt-4 mt-4 transform scale-100 group-hover:scale-110 transition-transform duration-400\" width=\"42\" height=\"42\"\/>\n                        <h4 class=\"titleColor text-xl font-semibold mt-5\"> Ajouter\/supprimer un fonds au portefeuille <\/h4>\n                    <\/div>\n                <\/div>\n                <!-- *************** -->\n\n                <div class=\"mt-3 w-1\/2 group md:w-3\/12 mt-4 pr-0 md:pr-0 pl-2 md:pl-0\">\n                    <div class=\"lighter p-8 rounded-2xl mt-3 text-lg h-full\">\n                        <img decoding=\"async\" src=\"\/wp-content\/uploads\/2024\/07\/CR-DR-img.webp\" alt=\"Image\" class=\"mt-4 mt-4 transform scale-100 group-hover:scale-110 transition-transform duration-400\" width=\"42\" height=\"42\"\/>\n                        <h4 class=\"titleColor text-xl font-semibold mt-5\"> CR\/DR et toutes les transactions selon les besoins <\/h4>\n                    <\/div>\n                <\/div>\n                <!-- *************** -->\n\n            <\/div>\n        <\/div>\n    <\/section>\n    <!-- ============================================================================================= -->\n\n    <section class=\"p-sectionpadding\">\n        <div class=\"container mx-auto\">\n\n            <div class=\"w-full md:w-5\/12 mx-auto text-center\">\n                <h4 class=\"text-2xl md:text-4xl titleColor md:leading-snug capitalize\">\n                     <span class=\"font-bold\">Importance <\/span> du <span class=\"font-bold\">module<\/span> syst\u00e8me de portefeuille \u00e9lectronique de Cloud MLM\n                <\/h4>\n                \n            <\/div>\n\n            <div class=\"w-full flex items-start flex-wrap pt-6 justify-between\">\n\n                <div class=\"mt-3 w-full lg:w-2\/3 pr-0 lg:pr-10 mt-4\">\n                    \n\n                    <ul class=\"mt-4 block pr-0 sm:pr-10\">\n                        <li class=\"flex items-start space-x-2 darkblue duration-300 py-4 px-4 rounded-xl mb-4 cursor-pointer w-full md:w-auto\">\n                            <img decoding=\"async\" src=\"\/wp-content\/uploads\/2024\/07\/list1.webp\" width=\"20\" height=\"20\" alt=\"logiciel MLM\"\/>\n                            <b class=\"font-normal text-white text-sm\">Pour g\u00e9rer les transactions \u00e9conomiques de tous les clients, le logiciel Cloud MLM est int\u00e9gr\u00e9 au syst\u00e8me e-Wallet qui est un portefeuille virtuel pour les clients.<\/b>\n                        <\/li>\n                        <li class=\"flex items-start space-x-2 darkblue duration-300 py-4 px-4 rounded-xl mb-4 cursor-pointer w-full md:w-auto\">\n                            <img decoding=\"async\" src=\"\/wp-content\/uploads\/2024\/07\/list1.webp\" width=\"20\" height=\"20\" alt=\"logiciel MLM\"\/>\n                            <b class=\"font-normal text-white text-sm\">Le montant du portefeuille \u00e9lectronique est utilis\u00e9 pour acheter les E-pins<\/b>\n                        <\/li>\n                        <li class=\"flex items-start space-x-2 darkblue duration-300 py-4 px-4 rounded-xl mb-4 cursor-pointer w-full md:w-auto\">\n                            <img decoding=\"async\" src=\"\/wp-content\/uploads\/2024\/07\/list1.webp\" width=\"20\" height=\"20\" alt=\"logiciel MLM\"\/>\n                            <b class=\"font-normal text-white text-sm\">Le montant du portefeuille \u00e9lectronique est utilis\u00e9 pour acheter ou commander les produits.<\/b>\n                        <\/li>\n                        <li class=\"flex items-start space-x-2 darkblue duration-300 py-4 px-4 rounded-xl mb-4 cursor-pointer w-full md:w-auto\">\n                            <img decoding=\"async\" src=\"\/wp-content\/uploads\/2024\/07\/list1.webp\" width=\"20\" height=\"20\" alt=\"logiciel MLM\"\/>\n                            <b class=\"font-normal text-white text-sm\">Le montant du portefeuille \u00e9lectronique est utilis\u00e9 pour les nouvelles inscriptions<\/b>\n                        <\/li>\n                        <li class=\"flex items-start space-x-2 darkblue duration-300 py-4 px-4 rounded-xl mb-4 cursor-pointer w-full md:w-auto\">\n                            <img decoding=\"async\" src=\"\/wp-content\/uploads\/2024\/07\/list1.webp\" width=\"20\" height=\"20\" alt=\"logiciel MLM\"\/>\n                            <b class=\"font-normal text-white text-sm\">Le montant d\u00e9duit dans le but de r\u00e9aliser les b\u00e9n\u00e9fices peut facilement \u00eatre transf\u00e9r\u00e9 vers le portefeuille \u00e9lectronique.<\/b>\n                        <\/li>\n                        <li class=\"flex items-start space-x-2 darkblue duration-300 py-4 px-4 rounded-xl mb-4 cursor-pointer w-full md:w-auto\">\n                            <img decoding=\"async\" src=\"\/wp-content\/uploads\/2024\/07\/list1.webp\" width=\"20\" height=\"20\" alt=\"logiciel MLM\"\/>\n                            <b class=\"font-normal text-white text-sm\">L&#8217;argent peut facilement \u00eatre transf\u00e9r\u00e9 vers le portefeuille \u00e9lectronique de n&#8217;importe quel autre client.<\/b>\n                        <\/li>\n\n                    <\/ul>\n\n                <\/div>\n\n                <div class=\"mt-3 w-full lg:w-1\/3\">\n                    <div class=\"primaryColor px-10 py-16 rounded-xl mt-3 flex items-center justify-center\">\n\n                        <p class=\"text-white text-lg mt-4\">Le syst\u00e8me de portefeuille \u00e9lectronique est une passerelle permettant de contr\u00f4ler et de g\u00e9rer toutes les transactions financi\u00e8res d&#8217;encaissement et de retrait des utilisateurs du secteur MLM. Les entreprises MLM peuvent transf\u00e9rer des montants directement sur le compte de portefeuille \u00e9lectronique de leur membre et de leur utilisateur \u00e0 l&#8217;aide du syst\u00e8me de portefeuille \u00e9lectronique Cloud MLM, ainsi que leur permettre d&#8217;envoyer de l&#8217;argent vers d&#8217;autres comptes dans le monde entier. <\/p>\n                    <\/div>\n                <\/div>\n            <\/div>\n        <\/div>\n    <\/section>\n","protected":false},"excerpt":{"rendered":"<p>Module de portefeuille \u00e9lectronique Un module E-Wallet dans le logiciel MLM est un portefeuille num\u00e9rique s\u00e9curis\u00e9, con\u00e7u pour g\u00e9rer les finances des membres d&#8217;une entreprise MLM. Avec l&#8217;aide d&#8217;un portefeuille \u00e9lectronique, les utilisateurs peuvent stocker leurs commissions et bonus gagn\u00e9s, les transf\u00e9rer \u00e0 d&#8217;autres membres et effectuer facilement des retraits. Autonomiser les entreprises MLM avec [&hellip;]<\/p>\n","protected":false},"author":1,"featured_media":0,"parent":0,"menu_order":0,"comment_status":"closed","ping_status":"closed","template":"moduleewallet-page.php","meta":{"_acf_changed":false,"footnotes":""},"class_list":["post-14098","page","type-page","status-publish","hentry"],"acf":[],"yoast_head":"<!-- This site is optimized with the Yoast SEO Premium plugin v23.6 (Yoast SEO v25.9) - https:\/\/yoast.com\/wordpress\/plugins\/seo\/ -->\n<title>Portefeuille \u00e9lectronique | Gestion des paiements num\u00e9riques s\u00e9curis\u00e9e et simple<\/title>\n<meta name=\"description\" content=\"Portefeuille \u00e9lectronique pour une gestion s\u00e9curis\u00e9e et transparente des paiements num\u00e9riques. Simplifiez les transactions avec des fonctionnalit\u00e9s rapides, fiables et conviviales.\" \/>\n<meta name=\"robots\" content=\"index, follow, max-snippet:-1, max-image-preview:large, max-video-preview:-1\" \/>\n<link rel=\"canonical\" href=\"https:\/\/cloudmlmsoftware.com\/fr\/module-e-wallet-pour-le-logiciel-mlm\/\" \/>\n<meta property=\"og:locale\" content=\"fr_FR\" \/>\n<meta property=\"og:type\" content=\"article\" \/>\n<meta property=\"og:title\" content=\"module-portefeuille-e-pour-logiciel-mlm\" \/>\n<meta property=\"og:description\" content=\"Portefeuille \u00e9lectronique pour une gestion s\u00e9curis\u00e9e et transparente des paiements num\u00e9riques. Simplifiez les transactions avec des fonctionnalit\u00e9s rapides, fiables et conviviales.\" \/>\n<meta property=\"og:url\" content=\"https:\/\/cloudmlmsoftware.com\/fr\/module-e-wallet-pour-le-logiciel-mlm\/\" \/>\n<meta property=\"og:site_name\" content=\"Cloud MLM Software\" \/>\n<meta property=\"article:modified_time\" content=\"2024-11-08T05:02:13+00:00\" \/>\n<meta name=\"twitter:card\" content=\"summary_large_image\" \/>\n<meta name=\"twitter:label1\" content=\"Dur\u00e9e de lecture estim\u00e9e\" \/>\n\t<meta name=\"twitter:data1\" content=\"3 minutes\" \/>\n<!-- \/ Yoast SEO Premium plugin. -->","yoast_head_json":{"title":"Portefeuille \u00e9lectronique | Gestion des paiements num\u00e9riques s\u00e9curis\u00e9e et simple","description":"Portefeuille \u00e9lectronique pour une gestion s\u00e9curis\u00e9e et transparente des paiements num\u00e9riques. Simplifiez les transactions avec des fonctionnalit\u00e9s rapides, fiables et conviviales.","robots":{"index":"index","follow":"follow","max-snippet":"max-snippet:-1","max-image-preview":"max-image-preview:large","max-video-preview":"max-video-preview:-1"},"canonical":"https:\/\/cloudmlmsoftware.com\/fr\/module-e-wallet-pour-le-logiciel-mlm\/","og_locale":"fr_FR","og_type":"article","og_title":"module-portefeuille-e-pour-logiciel-mlm","og_description":"Portefeuille \u00e9lectronique pour une gestion s\u00e9curis\u00e9e et transparente des paiements num\u00e9riques. Simplifiez les transactions avec des fonctionnalit\u00e9s rapides, fiables et conviviales.","og_url":"https:\/\/cloudmlmsoftware.com\/fr\/module-e-wallet-pour-le-logiciel-mlm\/","og_site_name":"Cloud MLM Software","article_modified_time":"2024-11-08T05:02:13+00:00","twitter_card":"summary_large_image","twitter_misc":{"Dur\u00e9e de lecture estim\u00e9e":"3 minutes"},"schema":{"@context":"https:\/\/schema.org","@graph":[{"@type":"WebPage","@id":"https:\/\/cloudmlmsoftware.com\/fr\/module-e-wallet-pour-le-logiciel-mlm\/","url":"https:\/\/cloudmlmsoftware.com\/fr\/module-e-wallet-pour-le-logiciel-mlm\/","name":"Portefeuille \u00e9lectronique | Gestion des paiements num\u00e9riques s\u00e9curis\u00e9e et simple","isPartOf":{"@id":"https:\/\/cloudmlmsoftware.com\/fr\/#website"},"datePublished":"2024-05-22T13:40:50+00:00","dateModified":"2024-11-08T05:02:13+00:00","description":"Portefeuille \u00e9lectronique pour une gestion s\u00e9curis\u00e9e et transparente des paiements num\u00e9riques. Simplifiez les transactions avec des fonctionnalit\u00e9s rapides, fiables et conviviales.","breadcrumb":{"@id":"https:\/\/cloudmlmsoftware.com\/fr\/module-e-wallet-pour-le-logiciel-mlm\/#breadcrumb"},"inLanguage":"fr-FR","potentialAction":[{"@type":"ReadAction","target":["https:\/\/cloudmlmsoftware.com\/fr\/module-e-wallet-pour-le-logiciel-mlm\/"]}]},{"@type":"BreadcrumbList","@id":"https:\/\/cloudmlmsoftware.com\/fr\/module-e-wallet-pour-le-logiciel-mlm\/#breadcrumb","itemListElement":[{"@type":"ListItem","position":1,"name":"Home","item":"https:\/\/cloudmlmsoftware.com\/fr\/"},{"@type":"ListItem","position":2,"name":"module-portefeuille-e-pour-logiciel-mlm"}]},{"@type":"WebSite","@id":"https:\/\/cloudmlmsoftware.com\/fr\/#website","url":"https:\/\/cloudmlmsoftware.com\/fr\/","name":"Cloud MLM Software","description":"","publisher":{"@id":"https:\/\/cloudmlmsoftware.com\/fr\/#organization"},"potentialAction":[{"@type":"SearchAction","target":{"@type":"EntryPoint","urlTemplate":"https:\/\/cloudmlmsoftware.com\/fr\/?s={search_term_string}"},"query-input":{"@type":"PropertyValueSpecification","valueRequired":true,"valueName":"search_term_string"}}],"inLanguage":"fr-FR"},{"@type":"Organization","@id":"https:\/\/cloudmlmsoftware.com\/fr\/#organization","name":"Cloud MLM Software","url":"https:\/\/cloudmlmsoftware.com\/fr\/","logo":{"@type":"ImageObject","inLanguage":"fr-FR","@id":"https:\/\/cloudmlmsoftware.com\/fr\/#\/schema\/logo\/image\/","url":"https:\/\/cloudmlmsoftware.com\/wp-content\/uploads\/2024\/09\/cloudmlm-logo.webp","contentUrl":"https:\/\/cloudmlmsoftware.com\/wp-content\/uploads\/2024\/09\/cloudmlm-logo.webp","width":200,"height":40,"caption":"Cloud MLM Software"},"image":{"@id":"https:\/\/cloudmlmsoftware.com\/fr\/#\/schema\/logo\/image\/"}}]}},"_links":{"self":[{"href":"https:\/\/cloudmlmsoftware.com\/fr\/wp-json\/wp\/v2\/pages\/14098","targetHints":{"allow":["GET"]}}],"collection":[{"href":"https:\/\/cloudmlmsoftware.com\/fr\/wp-json\/wp\/v2\/pages"}],"about":[{"href":"https:\/\/cloudmlmsoftware.com\/fr\/wp-json\/wp\/v2\/types\/page"}],"author":[{"embeddable":true,"href":"https:\/\/cloudmlmsoftware.com\/fr\/wp-json\/wp\/v2\/users\/1"}],"replies":[{"embeddable":true,"href":"https:\/\/cloudmlmsoftware.com\/fr\/wp-json\/wp\/v2\/comments?post=14098"}],"version-history":[{"count":0,"href":"https:\/\/cloudmlmsoftware.com\/fr\/wp-json\/wp\/v2\/pages\/14098\/revisions"}],"wp:attachment":[{"href":"https:\/\/cloudmlmsoftware.com\/fr\/wp-json\/wp\/v2\/media?parent=14098"}],"curies":[{"name":"wp","href":"https:\/\/api.w.org\/{rel}","templated":true}]}}