{"id":14076,"date":"2024-05-22T13:36:32","date_gmt":"2024-05-22T13:36:32","guid":{"rendered":"https:\/\/cloudmlmsoftware.com\/module-multi-devises\/"},"modified":"2024-10-22T06:48:25","modified_gmt":"2024-10-22T06:48:25","slug":"module-multi-devises","status":"publish","type":"page","link":"https:\/\/cloudmlmsoftware.com\/fr\/module-multi-devises\/","title":{"rendered":"module multi-devises"},"content":{"rendered":"\n<div class=\"bannerBgcolor BannerBg pt-16 pb-20 relative overflow-hidden\">\n        <div class=\"animation-wrapper\">\n            <div class=\"particle particle-1\"><\/div>\n            <div class=\"particle particle-2\"><\/div>\n            <div class=\"particle particle-3\"><\/div>\n            <div class=\"particle particle-4\"><\/div>\n        <\/div>\n\n        <div class=\"container mx-auto xl:h-[504px] lg:h-[450px] h-auto relative z-1\">\n            <div class=\"flex flex-wrap items-center\">\n                <div class=\"md:basis-5\/12 sm:basis-12\/12 pr-4 pr-0 py-14\">\n                    <img decoding=\"async\" src=\"\/wp-content\/uploads\/2024\/08\/Modulesbanner.webp\" width=\"467\" height=\"411\" alt=\"meilleur logiciel MLM aux Etats-Unis\" class=\"pulseBannerImg\"\/>\n                <\/div>\n                <div class=\"md:basis-7\/12 sm:basis-12\/12\">\n                    <h1 class=\"lg:text-mainTitleFontSize sm:text-3xl text-3xl text-white lg:leading-snug \">\n                        Module <span class=\"font-bold animate-charcter-offwhite\">multi-devises <\/span> <\/h1>\n\n                    <p class=\"offlightWhite pt-3 text-md\">Dans le march\u00e9 mondial actuel, les entreprises doivent exercer leurs activit\u00e9s dans diff\u00e9rents pays et dans diff\u00e9rentes devises. Le logiciel Cloud MLM comprend un module multi-devises, utile lorsque vous devez afficher les conversions dans au moins deux devises.  <\/p>\n\n                <\/div>\n\n            <\/div>\n        <\/div>\n    <\/div>\n    <!-- ************************************************************************************* -->\n\n    <section class=\"p-sectionpadding\">\n        <div class=\"container mx-auto pt-20\">\n            <div class=\"flex flex-wrap items-start md:items-center flex-col-reverse md:flex-row\">\n                <div class=\"flex-1 w-full pr-0 md:pr-7 pr-0 mt-3\">\n                    <div class=\"relative\">\n\n                        <h2 class=\"text-3xl titleColor lg:leading-snug capitalize\">\n                             <span class=\"font-bold\">Donner du pouvoir aux entreprises mondiales :<\/span> int\u00e9gration multi-devises avec le logiciel <span class=\"font-bold\">Cloud MLM<\/span> <\/h2>\n                       \n                        <p class=\"pt-6 font-light leading-6 text-textpara contentColor\">Notre module multi-devises vous permet de faire des affaires avec le m\u00eame produit dans diff\u00e9rentes devises. La seule exigence est que le produit porte le m\u00eame nom dans la langue locale et en anglais. Cette fonctionnalit\u00e9 vous aide \u00e0 mener vos affaires dans la devise que vous connaissez : la v\u00f4tre. En r\u00e8gle g\u00e9n\u00e9rale, la devise par d\u00e9faut d\u00e9finie dans le logiciel MLM de base est le dollar am\u00e9ricain ($). Si vous souhaitez configurer une autre devise dans votre logiciel MLM, nous pouvons int\u00e9grer ce module au logiciel Cloud MLM et le personnaliser pour r\u00e9pondre \u00e0 vos besoins sp\u00e9cifiques. L&#8217;option multidevises fonctionne bien avec la fonctionnalit\u00e9 multilingue, permettant aux utilisateurs de faire des affaires dans diff\u00e9rentes langues et d&#8217;obtenir ainsi plus de r\u00e9ponses de la part des clients.      <\/p>\n                        <p class=\"pt-6 font-light leading-6 text-textpara contentColor\">Le module multi-devises Cloud MLM am\u00e9liore votre site Web avec des fonctionnalit\u00e9s de changement de devise, d&#8217;informations et de m\u00e9tadonn\u00e9es sur les devises, ainsi que d&#8217;affichage des montants et des prix. Nous sommes \u00e9galement pr\u00eats \u00e0 fournir une option d&#8217;int\u00e9gration multi-devises compl\u00e8te avec le logiciel MLM pour les devises sp\u00e9cifiques requises par les clients, offrant ainsi la prise en charge de n&#8217;importe quelle devise au sein de notre pack logiciel MLM. Nos d\u00e9veloppeurs professionnels sont \u00e9quip\u00e9s pour offrir une option multi-devises productive avec votre logiciel MLM. Le logiciel Cloud MLM fournit une int\u00e9gration multidevises avec les plateformes CMS de commerce \u00e9lectronique telles que OpenCart et Magento, adapt\u00e9e aux demandes des clients.    <\/p>\n                    <\/div>\n                <\/div>\n                <div class=\"hidden lg:flex items-end justify-right w-[360px] primaryColor rounded-2xl pt-20 pl-10 ml-0 md:ml-10 mb-2 pb-0 overflow-hidden mt-3\">\n                    <img decoding=\"async\" src=\"\/wp-content\/uploads\/2024\/08\/modulemulticurrencyIntro.svg\" alt=\"Image\" class=\"relative right-[-10px] w-full rounded-tl-xl\"\/>\n                <\/div>\n            <\/div>\n        <\/div>\n    <\/section>\n\n    <!-- ================================================================================================ -->\n    <section class=\"p-sectionpadding\">\n        <div class=\"container mx-auto \">\n            <div class=\"relative darkblue rounded-2xl p-7 md:p-12 py-16 overflow-hidden\">\n                <div class=\"flex flex-wrap items-center\">\n\n                    <div class=\"relative w-full lg:w-5\/12 pr-0 lg:pr-12\">\n                        <img decoding=\"async\" src=\"\/wp-content\/uploads\/2024\/08\/modulemullanguage2.webp\" alt=\"Image\" class=\"mb-4 w-full\"\/>\n                    <\/div>\n\n                    <div class=\"lg:flex-shrink-0 w-full lg:w-7\/12 \">\n                        <h3 class=\"text-3xl text-white lg:leading-snug capitalize\">\n                             <span class=\"font-bold\">Fonctionnalit\u00e9s<\/span> du module <span class=\"font-bold\">multi-devises <\/span> <\/h3>\n                        <ul class=\"flex flex-wrap space-x-2 mt-6 ml-[-12px] list1\">\n                            <li class=\"text-textpara text-white font-light leading-6 mb-3 ml-2\">Il vous permet de faire des affaires dans diff\u00e9rentes devises pour les m\u00eames produits ou services.<\/li>\n                            <li class=\"text-textpara text-white font-light leading-6 mb-3 ml-2\">Exp\u00e9rience client<\/li>\n                            <li class=\"text-textpara text-white font-light leading-6 mb-3 ml-2\">Localisation<\/li>\n                            <li class=\"text-textpara text-white font-light leading-6 mb-3 ml-2\">Progr\u00e8s universel en investissant sur le march\u00e9 international<\/li>\n                            <li class=\"text-textpara text-white font-light leading-6 mb-3 ml-2\">Payer via diff\u00e9rents supports<\/li>\n                            <li class=\"text-textpara text-white font-light leading-6 mb-3 ml-2\">Gagnez plus de clients<\/li>\n                            <li class=\"text-textpara text-white font-light leading-6 mb-3 ml-2\">Le logiciel de marketing Cloud MLM doit aider l&#8217;activit\u00e9 de vente et les cotisations \u00e0 \u00eatre pay\u00e9es en plusieurs devises.<\/li>\n                            <li class=\"text-textpara text-white font-light leading-6 mb-3 ml-2\">D\u00e9finir la devise selon les besoins<\/li>\n\n                        <\/ul>\n                    <\/div>\n                <\/div>\n            <\/div>\n        <\/div>\n    <\/section>\n\n\n    <!-- ************************************************************************************* -->\n    <section class=\"p-sectionpadding\">\n        <div class=\"container mx-auto\">\n            <div class=\"w-full md:w-6\/12\">\n                <h3 class=\"lg:text-TitlesemiFontSize text-2xl titleColor lg:leading-snug mt-3 capitalize\">\n                    <span class=\"font-bold\">Avantages <\/span> du module <span class=\"font-bold\">Multi-Devises<\/span> <\/h3>\n                <p class=\"text-textSubtitle contentColor text-sm font-light pt-5 leading-6 mb-3\"> Voici les avantages de notre module multi-devises. <\/p>\n            <\/div>\n\n            <div class=\"relative primaryColor rounded-2xl p-7 sm:p-9 overflow-hidden mt-8\">\n                <div class=\"flex flex-wrap items-center lg:flex-row flex-col-reverse\">\n                    <div class=\"w-full lg:w-7\/12\">\n                      \n                            <h2 class=\"text-2xl text-white font-light leading-8 py-3 pr-0 sm:pr-10\"> En tant qu&#8217;<span class=\"font-bold\">administrateur <\/span> du logiciel, le module <span class=\"font-bold\"> Cloud MLM<\/span> Multi devises vous aide \u00e0,<\/h2>\n                        \n                        <ul class=\"mt-4 block pr-0 sm:pr-10\">\n                            <li class=\"flex items-center space-x-2 bg-white duration-300 py-3 px-4 rounded-xl mb-3 w-full md:w-auto\">\n                                <img decoding=\"async\" src=\"\/wp-content\/uploads\/2024\/07\/list1.webp\" width=\"20\" height=\"20\" alt=\"logiciel MLM\"\/>\n                                <b class=\"font-normal text-slate-950 text-sm\">Choisissez une devise locale ou la devise principale de votre entreprise<\/b>\n                            <\/li>\n                            <li class=\"flex items-center space-x-2 bg-white duration-300 py-3 px-4 rounded-xl mb-3 w-full md:w-auto\">\n                                <img decoding=\"async\" src=\"\/wp-content\/uploads\/2024\/07\/list1.webp\" width=\"20\" height=\"20\" alt=\"logiciel MLM\"\/>\n                                <b class=\"font-normal text-slate-950 text-sm\">Activez une liste d&#8217;autres devises pour vos revendeurs<\/b>\n                            <\/li>\n                            <li class=\"flex items-center space-x-2 bg-white duration-300 py-3 px-4 rounded-xl mb-3 w-full md:w-auto\">\n                                <img decoding=\"async\" src=\"\/wp-content\/uploads\/2024\/07\/list1.webp\" width=\"20\" height=\"20\" alt=\"logiciel MLM\"\/>\n                                <b class=\"font-normal text-slate-950 text-sm\">Restaurer les taux de conversion des devises lors des pauses p\u00e9riodiques<\/b>\n                            <\/li>\n\n                        <\/ul>\n                    <\/div>\n\n                    <div class=\"lg:flex-shrink-0 w-full lg:w-5\/12 mt-3\">\n                        <img decoding=\"async\" src=\"\/wp-content\/uploads\/2024\/08\/modulemulticurrency3.svg\" alt=\"Image\" class=\"mb-4 w-full\"\/>\n\n                    <\/div>\n                <\/div>\n            <\/div>\n            <!-- ********************** -->\n\n\n            <div class=\"relative offade rounded-2xl p-7 sm:p-12 overflow-hidden mt-16\">\n                <div class=\"flex flex-wrap items-center lg:flex-row flex-col-reverse\">\n                    <div class=\"lg:flex-shrink-0 w-full lg:w-5\/12 mt-3\">\n                        <img decoding=\"async\" src=\"\/wp-content\/uploads\/2024\/08\/modulemultilanguage4.webp\" alt=\"Image\" class=\"relative mb-4 lg:mb-0 bottom-0 lg:bottom-[-90px] left-0 lg:left-[-80px] w-full rounded lg:rounded-tr-xl\"\/>\n                    <\/div>\n\n\n                    <div class=\"w-full lg:w-7\/12\">\n                      \n                            <h2 class=\"text-2xl titleColor font-light leading-8 py-3 pr-0 sm:pr-10\"> En tant que <span class=\"font-bold\"> revendeur<\/span>, le module multi-devises Cloud MLM vous aide \u00e0 :<\/h2>\n                        \n                        <ul class=\"mt-4 block pr-0 sm:pr-10\">\n                            <li class=\"flex items-start space-x-2 bg-white py-3 px-4 rounded-xl mb-3 w-full md:w-auto\">\n                                <img decoding=\"async\" src=\"\/wp-content\/uploads\/2024\/07\/list1.webp\" width=\"20\" height=\"20\" alt=\"logiciel MLM\"\/>\n                                <b class=\"font-normal text-slate-950 text-sm\">Consultez les rapports dans votre devise principale.<\/b>\n                            <\/li>\n                            <li class=\"flex items-start space-x-2 bg-white py-3 px-4 rounded-xl mb-3 w-full md:w-auto\">\n                                <img decoding=\"async\" src=\"\/wp-content\/uploads\/2024\/07\/list1.webp\" width=\"20\" height=\"20\" alt=\"logiciel MLM\"\/>\n                                <b class=\"font-normal text-slate-950 text-sm\">Acceptez la devise souhait\u00e9e tout en entrant dans la colonne Montant d&#8217;une entreprise ou d&#8217;autres fonctions similaires.<\/b>\n                            <\/li>\n                            <li class=\"flex items-start space-x-2 bg-white py-3 px-4 rounded-xl mb-3 w-full md:w-auto\">\n                                <img decoding=\"async\" src=\"\/wp-content\/uploads\/2024\/07\/list1.webp\" width=\"20\" height=\"20\" alt=\"logiciel MLM\"\/>\n                                <b class=\"font-normal text-slate-950 text-sm\">D\u00e9veloppez des commandes commerciales, des commandes d&#8217;investissement et des comptes dans la devise de votre choix.<\/b>\n                            <\/li>\n\n                        <\/ul>\n                    <\/div>\n\n                    \n                <\/div>\n            <\/div>\n            <!-- ********************** -->\n\n        <\/div>\n    <\/section>\n","protected":false},"excerpt":{"rendered":"<p>Module multi-devises Dans le march\u00e9 mondial actuel, les entreprises doivent exercer leurs activit\u00e9s dans diff\u00e9rents pays et dans diff\u00e9rentes devises. Le logiciel Cloud MLM comprend un module multi-devises, utile lorsque vous devez afficher les conversions dans au moins deux devises. Donner du pouvoir aux entreprises mondiales : int\u00e9gration multi-devises avec le logiciel Cloud MLM Notre [&hellip;]<\/p>\n","protected":false},"author":1,"featured_media":0,"parent":0,"menu_order":0,"comment_status":"closed","ping_status":"closed","template":"modulemulticurrency-page.php","meta":{"_acf_changed":false,"footnotes":""},"class_list":["post-14076","page","type-page","status-publish","hentry"],"acf":[],"yoast_head":"<!-- This site is optimized with the Yoast SEO Premium plugin v23.6 (Yoast SEO v25.9) - https:\/\/yoast.com\/wordpress\/plugins\/seo\/ -->\n<title>module multi-devises - Cloud MLM Software<\/title>\n<meta name=\"description\" content=\"Permettez des transactions transparentes dans plusieurs devises avec notre module multi-devises. Simplifiez les paiements internationaux\" \/>\n<meta name=\"robots\" content=\"index, follow, max-snippet:-1, max-image-preview:large, max-video-preview:-1\" \/>\n<link rel=\"canonical\" href=\"https:\/\/cloudmlmsoftware.com\/fr\/module-multi-devises\/\" \/>\n<meta property=\"og:locale\" content=\"fr_FR\" \/>\n<meta property=\"og:type\" content=\"article\" \/>\n<meta property=\"og:title\" content=\"module multi-devises\" \/>\n<meta property=\"og:description\" content=\"Permettez des transactions transparentes dans plusieurs devises avec notre module multi-devises. Simplifiez les paiements internationaux\" \/>\n<meta property=\"og:url\" content=\"https:\/\/cloudmlmsoftware.com\/fr\/module-multi-devises\/\" \/>\n<meta property=\"og:site_name\" content=\"Cloud MLM Software\" \/>\n<meta property=\"article:modified_time\" content=\"2024-10-22T06:48:25+00:00\" \/>\n<meta name=\"twitter:card\" content=\"summary_large_image\" \/>\n<meta name=\"twitter:label1\" content=\"Dur\u00e9e de lecture estim\u00e9e\" \/>\n\t<meta name=\"twitter:data1\" content=\"5 minutes\" \/>\n<!-- \/ Yoast SEO Premium plugin. -->","yoast_head_json":{"title":"module multi-devises - Cloud MLM Software","description":"Permettez des transactions transparentes dans plusieurs devises avec notre module multi-devises. Simplifiez les paiements internationaux","robots":{"index":"index","follow":"follow","max-snippet":"max-snippet:-1","max-image-preview":"max-image-preview:large","max-video-preview":"max-video-preview:-1"},"canonical":"https:\/\/cloudmlmsoftware.com\/fr\/module-multi-devises\/","og_locale":"fr_FR","og_type":"article","og_title":"module multi-devises","og_description":"Permettez des transactions transparentes dans plusieurs devises avec notre module multi-devises. Simplifiez les paiements internationaux","og_url":"https:\/\/cloudmlmsoftware.com\/fr\/module-multi-devises\/","og_site_name":"Cloud MLM Software","article_modified_time":"2024-10-22T06:48:25+00:00","twitter_card":"summary_large_image","twitter_misc":{"Dur\u00e9e de lecture estim\u00e9e":"5 minutes"},"schema":{"@context":"https:\/\/schema.org","@graph":[{"@type":"WebPage","@id":"https:\/\/cloudmlmsoftware.com\/fr\/module-multi-devises\/","url":"https:\/\/cloudmlmsoftware.com\/fr\/module-multi-devises\/","name":"module multi-devises - Cloud MLM Software","isPartOf":{"@id":"https:\/\/cloudmlmsoftware.com\/fr\/#website"},"datePublished":"2024-05-22T13:36:32+00:00","dateModified":"2024-10-22T06:48:25+00:00","description":"Permettez des transactions transparentes dans plusieurs devises avec notre module multi-devises. Simplifiez les paiements internationaux","breadcrumb":{"@id":"https:\/\/cloudmlmsoftware.com\/fr\/module-multi-devises\/#breadcrumb"},"inLanguage":"fr-FR","potentialAction":[{"@type":"ReadAction","target":["https:\/\/cloudmlmsoftware.com\/fr\/module-multi-devises\/"]}]},{"@type":"BreadcrumbList","@id":"https:\/\/cloudmlmsoftware.com\/fr\/module-multi-devises\/#breadcrumb","itemListElement":[{"@type":"ListItem","position":1,"name":"Home","item":"https:\/\/cloudmlmsoftware.com\/fr\/"},{"@type":"ListItem","position":2,"name":"module multi-devises"}]},{"@type":"WebSite","@id":"https:\/\/cloudmlmsoftware.com\/fr\/#website","url":"https:\/\/cloudmlmsoftware.com\/fr\/","name":"Cloud MLM Software","description":"","publisher":{"@id":"https:\/\/cloudmlmsoftware.com\/fr\/#organization"},"potentialAction":[{"@type":"SearchAction","target":{"@type":"EntryPoint","urlTemplate":"https:\/\/cloudmlmsoftware.com\/fr\/?s={search_term_string}"},"query-input":{"@type":"PropertyValueSpecification","valueRequired":true,"valueName":"search_term_string"}}],"inLanguage":"fr-FR"},{"@type":"Organization","@id":"https:\/\/cloudmlmsoftware.com\/fr\/#organization","name":"Cloud MLM Software","url":"https:\/\/cloudmlmsoftware.com\/fr\/","logo":{"@type":"ImageObject","inLanguage":"fr-FR","@id":"https:\/\/cloudmlmsoftware.com\/fr\/#\/schema\/logo\/image\/","url":"https:\/\/cloudmlmsoftware.com\/wp-content\/uploads\/2024\/09\/cloudmlm-logo.webp","contentUrl":"https:\/\/cloudmlmsoftware.com\/wp-content\/uploads\/2024\/09\/cloudmlm-logo.webp","width":200,"height":40,"caption":"Cloud MLM Software"},"image":{"@id":"https:\/\/cloudmlmsoftware.com\/fr\/#\/schema\/logo\/image\/"}}]}},"_links":{"self":[{"href":"https:\/\/cloudmlmsoftware.com\/fr\/wp-json\/wp\/v2\/pages\/14076","targetHints":{"allow":["GET"]}}],"collection":[{"href":"https:\/\/cloudmlmsoftware.com\/fr\/wp-json\/wp\/v2\/pages"}],"about":[{"href":"https:\/\/cloudmlmsoftware.com\/fr\/wp-json\/wp\/v2\/types\/page"}],"author":[{"embeddable":true,"href":"https:\/\/cloudmlmsoftware.com\/fr\/wp-json\/wp\/v2\/users\/1"}],"replies":[{"embeddable":true,"href":"https:\/\/cloudmlmsoftware.com\/fr\/wp-json\/wp\/v2\/comments?post=14076"}],"version-history":[{"count":0,"href":"https:\/\/cloudmlmsoftware.com\/fr\/wp-json\/wp\/v2\/pages\/14076\/revisions"}],"wp:attachment":[{"href":"https:\/\/cloudmlmsoftware.com\/fr\/wp-json\/wp\/v2\/media?parent=14076"}],"curies":[{"name":"wp","href":"https:\/\/api.w.org\/{rel}","templated":true}]}}