{"id":14066,"date":"2024-05-22T13:35:48","date_gmt":"2024-05-22T13:35:48","guid":{"rendered":"https:\/\/cloudmlmsoftware.com\/systeme-multilingue\/"},"modified":"2024-11-07T12:36:02","modified_gmt":"2024-11-07T12:36:02","slug":"systeme-multilingue","status":"publish","type":"page","link":"https:\/\/cloudmlmsoftware.com\/fr\/systeme-multilingue\/","title":{"rendered":"syst\u00e8me multilingue"},"content":{"rendered":"\n<div class=\"bannerBgcolor BannerBg pt-16 pb-20 relative overflow-hidden\">\n        <div class=\"animation-wrapper\">\n            <div class=\"particle particle-1\"><\/div>\n            <div class=\"particle particle-2\"><\/div>\n            <div class=\"particle particle-3\"><\/div>\n            <div class=\"particle particle-4\"><\/div>\n        <\/div>\n\n        <div class=\"container mx-auto xl:h-[504px] lg:h-[450px] h-auto relative z-1\">\n            <div class=\"flex flex-wrap items-center\">\n                <div class=\"md:basis-5\/12 sm:basis-12\/12 pr-4 pr-0 py-14\">\n                    <img decoding=\"async\" src=\"\/wp-content\/uploads\/2024\/08\/Modulesbanner.webp\" width=\"467\" height=\"411\" alt=\"meilleur logiciel MLM aux Etats-Unis\" class=\"pulseBannerImg\"\/>\n                <\/div>\n                <div class=\"md:basis-7\/12 sm:basis-12\/12\">\n                    <h1 class=\"lg:text-mainTitleFontSize sm:text-3xl text-3xl text-white lg:leading-snug \">\n                        Syst\u00e8me <span class=\"font-bold animate-charcter-offwhite\">multilingue<\/span> <\/h1>\n\n                    <p class=\"offlightWhite pt-3 text-md\">Un syst\u00e8me MLM multilingue permet aux utilisateurs du monde entier de naviguer facilement dans votre syst\u00e8me et de g\u00e9rer toutes les activit\u00e9s MLM. Le logiciel Cloud MLM est l&#8217;une des meilleures options pour un syst\u00e8me MLM multilingue dans notre portefeuille de logiciels.  <\/p>\n\n                <\/div>\n\n            <\/div>\n        <\/div>\n    <\/div>\n    <!-- ************************************************************************************* -->\n\n    <section class=\"p-sectionpadding\">\n        <div class=\"container mx-auto pt-20\">\n            <div class=\"flex flex-wrap flex-col-reverse md:flex-row\">\n                <div class=\"flex-1 w-full pr-0 md:pr-7 pr-0 mt-3\">\n                    <div class=\"relative\">\n\n                        <h2 class=\"text-3xl titleColor lg:leading-snug capitalize\">\n                             <span class=\"font-bold\">D\u00e9bloquer les march\u00e9s mondiaux :<\/span> l&#8217;importance des logiciels <span class=\"font-bold\"> MLM multilingues<\/span> <\/h2>\n                       \n                        <p class=\"pt-6 font-light leading-6 text-textpara contentColor\">Nous savons tous que l&#8217;anglais est consid\u00e9r\u00e9 comme une langue universelle. Cependant, ce langage mondial est-il familier \u00e0 des millions de personnes \u00e0 travers le monde ? La r\u00e9ponse est \u00ab non \u00bb : de nombreuses personnes dans le monde ne connaissent que leur langue maternelle. En tant que propri\u00e9taire d\u2019entreprise souhaitant vendre votre produit \u00e0 l\u2019\u00e9chelle mondiale, vous devez en tenir compte.    <\/p>\n                        <p class=\"pt-6 font-light leading-6 text-textpara contentColor\">Aujourd\u2019hui, les logiciels MLM multilingues sont essentiels pour d\u00e9velopper une activit\u00e9 MLM au-del\u00e0 de ses fronti\u00e8res et accro\u00eetre la popularit\u00e9 de l\u2019entreprise. Un syst\u00e8me MLM multilingue permet aux utilisateurs du monde entier de naviguer facilement dans votre syst\u00e8me et de g\u00e9rer toutes les activit\u00e9s MLM. Le logiciel Cloud MLM est l&#8217;une des meilleures options disponibles pour un syst\u00e8me MLM multilingue. Nous avons d\u00e9j\u00e0 configur\u00e9 des langues telles que l&#8217;anglais, l&#8217;espagnol, le fran\u00e7ais, l&#8217;italien, le portugais et le chinois, et nous proposons une section distincte dans le logiciel pour ajouter des langues suppl\u00e9mentaires selon vos besoins.    <\/p>\n                    <\/div>\n                <\/div>\n                <div class=\"hidden lg:flex items-end justify-right w-[360px] primaryColor rounded-2xl pt-20 pl-10 ml-0 md:ml-10 mb-2 pb-0 overflow-hidden mt-3\">\n                    <img decoding=\"async\" src=\"\/wp-content\/uploads\/2024\/08\/modulemultilingualIntro.webp\" alt=\"Image\" class=\"relative right-[-10px] w-full rounded-tl-xl\"\/>\n                <\/div>\n            <\/div>\n        <\/div>\n    <\/section>\n\n    <!-- ================================================================================================ -->\n    <section class=\"p-sectionpadding\">\n        <div class=\"container mx-auto \">\n            <div class=\"relative darkblue rounded-2xl p-7 lg:p-12 py-16 overflow-hidden\">\n                <div class=\"flex flex-wrap items-center\">\n\n                    <div class=\"relative w-full lg:w-5\/12 pr-0 lg:pr-12\">\n                        <img decoding=\"async\" src=\"\/wp-content\/uploads\/2024\/08\/modulemultilingual2-1.webp\" alt=\"Image\" class=\"mb-4 w-full\"\/>\n                    <\/div>\n\n                    <div class=\"lg:flex-shrink-0 w-full lg:w-7\/12 \">\n                        <h3 class=\"text-3xl text-white lg:leading-snug capitalize\">\n                             <span class=\"font-bold\">Briser les fronti\u00e8res :<\/span> solutions MLM multilingues et multidevises transparentes <\/h3>\n                        <p class=\"pt-6 font-light leading-6 text-textpara offWhite\">Avec notre syst\u00e8me MLM multilingue, vous pouvez facilement attirer de nombreux utilisateurs du monde entier et leur vendre des produits. Vous vous demandez peut-\u00eatre comment se d\u00e9roulent les transactions mon\u00e9taires. Ne vous inqui\u00e9tez pas : en plus de plusieurs langues, notre logiciel propose un mode de paiement multidevise. Ce syst\u00e8me permet aux utilisateurs de diff\u00e9rents pays d&#8217;effectuer des transactions dans leur propre devise.    <\/p>\n                        \n                        <p class=\"pt-6 font-light leading-6 text-textpara offWhite\"> Ainsi, les propri\u00e9taires d\u2019entreprise peuvent vendre leurs produits \u00e0 l\u2019\u00e9chelle mondiale et potentiellement augmenter leur chiffre d\u2019affaires. Notre syst\u00e8me multilingue et multidevise fonctionne \u00e0 l&#8217;unisson ; par exemple, si un client espagnol est pr\u00eat \u00e0 acheter un produit de votre entreprise, la langue du tableau de bord utilisateur passe \u00e0 l&#8217;espagnol et le mode de paiement passe simultan\u00e9ment \u00e0 sa devise locale. De plus, notre syst\u00e8me multidevises est livr\u00e9 avec une int\u00e9gration CMS.   <\/p>\n                    <\/div>\n                <\/div>\n            <\/div>\n        <\/div>\n    <\/section>\n","protected":false},"excerpt":{"rendered":"<p>Syst\u00e8me multilingue Un syst\u00e8me MLM multilingue permet aux utilisateurs du monde entier de naviguer facilement dans votre syst\u00e8me et de g\u00e9rer toutes les activit\u00e9s MLM. Le logiciel Cloud MLM est l&#8217;une des meilleures options pour un syst\u00e8me MLM multilingue dans notre portefeuille de logiciels. D\u00e9bloquer les march\u00e9s mondiaux : l&#8217;importance des logiciels MLM multilingues Nous [&hellip;]<\/p>\n","protected":false},"author":1,"featured_media":0,"parent":0,"menu_order":0,"comment_status":"closed","ping_status":"closed","template":"modulemultilingualsystem-page.php","meta":{"_acf_changed":false,"footnotes":""},"class_list":["post-14066","page","type-page","status-publish","hentry"],"acf":[],"yoast_head":"<!-- This site is optimized with the Yoast SEO Premium plugin v23.6 (Yoast SEO v25.9) - https:\/\/yoast.com\/wordpress\/plugins\/seo\/ -->\n<title>Syst\u00e8me multilingue pour les affaires MLM | Port\u00e9e mondiale simplifi\u00e9e<\/title>\n<meta name=\"description\" content=\"\u00c9largissez la port\u00e9e de votre activit\u00e9 de MLM gr\u00e2ce \u00e0 un syst\u00e8me multilingue. Une prise en charge transparente des langues pour une meilleure exp\u00e9rience utilisateur et une croissance internationale.\" \/>\n<meta name=\"robots\" content=\"index, follow, max-snippet:-1, max-image-preview:large, max-video-preview:-1\" \/>\n<link rel=\"canonical\" href=\"https:\/\/cloudmlmsoftware.com\/fr\/systeme-multilingue\/\" \/>\n<meta property=\"og:locale\" content=\"fr_FR\" \/>\n<meta property=\"og:type\" content=\"article\" \/>\n<meta property=\"og:title\" content=\"syst\u00e8me multilingue\" \/>\n<meta property=\"og:description\" content=\"\u00c9largissez la port\u00e9e de votre activit\u00e9 de MLM gr\u00e2ce \u00e0 un syst\u00e8me multilingue. Une prise en charge transparente des langues pour une meilleure exp\u00e9rience utilisateur et une croissance internationale.\" \/>\n<meta property=\"og:url\" content=\"https:\/\/cloudmlmsoftware.com\/fr\/systeme-multilingue\/\" \/>\n<meta property=\"og:site_name\" content=\"Cloud MLM Software\" \/>\n<meta property=\"article:modified_time\" content=\"2024-11-07T12:36:02+00:00\" \/>\n<meta name=\"twitter:card\" content=\"summary_large_image\" \/>\n<meta name=\"twitter:label1\" content=\"Dur\u00e9e de lecture estim\u00e9e\" \/>\n\t<meta name=\"twitter:data1\" content=\"2 minutes\" \/>\n<!-- \/ Yoast SEO Premium plugin. -->","yoast_head_json":{"title":"Syst\u00e8me multilingue pour les affaires MLM | Port\u00e9e mondiale simplifi\u00e9e","description":"\u00c9largissez la port\u00e9e de votre activit\u00e9 de MLM gr\u00e2ce \u00e0 un syst\u00e8me multilingue. Une prise en charge transparente des langues pour une meilleure exp\u00e9rience utilisateur et une croissance internationale.","robots":{"index":"index","follow":"follow","max-snippet":"max-snippet:-1","max-image-preview":"max-image-preview:large","max-video-preview":"max-video-preview:-1"},"canonical":"https:\/\/cloudmlmsoftware.com\/fr\/systeme-multilingue\/","og_locale":"fr_FR","og_type":"article","og_title":"syst\u00e8me multilingue","og_description":"\u00c9largissez la port\u00e9e de votre activit\u00e9 de MLM gr\u00e2ce \u00e0 un syst\u00e8me multilingue. Une prise en charge transparente des langues pour une meilleure exp\u00e9rience utilisateur et une croissance internationale.","og_url":"https:\/\/cloudmlmsoftware.com\/fr\/systeme-multilingue\/","og_site_name":"Cloud MLM Software","article_modified_time":"2024-11-07T12:36:02+00:00","twitter_card":"summary_large_image","twitter_misc":{"Dur\u00e9e de lecture estim\u00e9e":"2 minutes"},"schema":{"@context":"https:\/\/schema.org","@graph":[{"@type":"WebPage","@id":"https:\/\/cloudmlmsoftware.com\/fr\/systeme-multilingue\/","url":"https:\/\/cloudmlmsoftware.com\/fr\/systeme-multilingue\/","name":"Syst\u00e8me multilingue pour les affaires MLM | Port\u00e9e mondiale simplifi\u00e9e","isPartOf":{"@id":"https:\/\/cloudmlmsoftware.com\/fr\/#website"},"datePublished":"2024-05-22T13:35:48+00:00","dateModified":"2024-11-07T12:36:02+00:00","description":"\u00c9largissez la port\u00e9e de votre activit\u00e9 de MLM gr\u00e2ce \u00e0 un syst\u00e8me multilingue. Une prise en charge transparente des langues pour une meilleure exp\u00e9rience utilisateur et une croissance internationale.","breadcrumb":{"@id":"https:\/\/cloudmlmsoftware.com\/fr\/systeme-multilingue\/#breadcrumb"},"inLanguage":"fr-FR","potentialAction":[{"@type":"ReadAction","target":["https:\/\/cloudmlmsoftware.com\/fr\/systeme-multilingue\/"]}]},{"@type":"BreadcrumbList","@id":"https:\/\/cloudmlmsoftware.com\/fr\/systeme-multilingue\/#breadcrumb","itemListElement":[{"@type":"ListItem","position":1,"name":"Home","item":"https:\/\/cloudmlmsoftware.com\/fr\/"},{"@type":"ListItem","position":2,"name":"syst\u00e8me multilingue"}]},{"@type":"WebSite","@id":"https:\/\/cloudmlmsoftware.com\/fr\/#website","url":"https:\/\/cloudmlmsoftware.com\/fr\/","name":"Cloud MLM Software","description":"","publisher":{"@id":"https:\/\/cloudmlmsoftware.com\/fr\/#organization"},"potentialAction":[{"@type":"SearchAction","target":{"@type":"EntryPoint","urlTemplate":"https:\/\/cloudmlmsoftware.com\/fr\/?s={search_term_string}"},"query-input":{"@type":"PropertyValueSpecification","valueRequired":true,"valueName":"search_term_string"}}],"inLanguage":"fr-FR"},{"@type":"Organization","@id":"https:\/\/cloudmlmsoftware.com\/fr\/#organization","name":"Cloud MLM Software","url":"https:\/\/cloudmlmsoftware.com\/fr\/","logo":{"@type":"ImageObject","inLanguage":"fr-FR","@id":"https:\/\/cloudmlmsoftware.com\/fr\/#\/schema\/logo\/image\/","url":"https:\/\/cloudmlmsoftware.com\/wp-content\/uploads\/2024\/09\/cloudmlm-logo.webp","contentUrl":"https:\/\/cloudmlmsoftware.com\/wp-content\/uploads\/2024\/09\/cloudmlm-logo.webp","width":200,"height":40,"caption":"Cloud MLM Software"},"image":{"@id":"https:\/\/cloudmlmsoftware.com\/fr\/#\/schema\/logo\/image\/"}}]}},"_links":{"self":[{"href":"https:\/\/cloudmlmsoftware.com\/fr\/wp-json\/wp\/v2\/pages\/14066","targetHints":{"allow":["GET"]}}],"collection":[{"href":"https:\/\/cloudmlmsoftware.com\/fr\/wp-json\/wp\/v2\/pages"}],"about":[{"href":"https:\/\/cloudmlmsoftware.com\/fr\/wp-json\/wp\/v2\/types\/page"}],"author":[{"embeddable":true,"href":"https:\/\/cloudmlmsoftware.com\/fr\/wp-json\/wp\/v2\/users\/1"}],"replies":[{"embeddable":true,"href":"https:\/\/cloudmlmsoftware.com\/fr\/wp-json\/wp\/v2\/comments?post=14066"}],"version-history":[{"count":0,"href":"https:\/\/cloudmlmsoftware.com\/fr\/wp-json\/wp\/v2\/pages\/14066\/revisions"}],"wp:attachment":[{"href":"https:\/\/cloudmlmsoftware.com\/fr\/wp-json\/wp\/v2\/media?parent=14066"}],"curies":[{"name":"wp","href":"https:\/\/api.w.org\/{rel}","templated":true}]}}