{"id":14056,"date":"2024-05-22T13:34:29","date_gmt":"2024-05-22T13:34:29","guid":{"rendered":"https:\/\/cloudmlmsoftware.com\/documentation-kyc\/"},"modified":"2024-11-07T12:43:32","modified_gmt":"2024-11-07T12:43:32","slug":"documentation-kyc","status":"publish","type":"page","link":"https:\/\/cloudmlmsoftware.com\/fr\/documentation-kyc\/","title":{"rendered":"documentation kyc"},"content":{"rendered":"\n<div class=\"bannerBgcolor BannerBg pt-16 pb-20 relative overflow-hidden\">\n        <div class=\"animation-wrapper\">\n            <div class=\"particle particle-1\"><\/div>\n            <div class=\"particle particle-2\"><\/div>\n            <div class=\"particle particle-3\"><\/div>\n            <div class=\"particle particle-4\"><\/div>\n        <\/div>\n\n        <div class=\"container mx-auto xl:h-[504px] lg:h-[450px] h-auto relative z-1\">\n            <div class=\"flex flex-wrap items-center\">\n                <div class=\"md:basis-5\/12 sm:basis-12\/12 pr-4 pr-0 py-14\">\n                    <img decoding=\"async\" src=\"\/wp-content\/uploads\/2024\/08\/Modulesbanner.webp\" width=\"467\" height=\"411\" alt=\"meilleur logiciel MLM aux Etats-Unis\" class=\"pulseBannerImg\"\/>\n                <\/div>\n                <div class=\"md:basis-7\/12 sm:basis-12\/12\">\n                    <h1 class=\"lg:text-mainTitleFontSize sm:text-3xl text-3xl text-white lg:leading-snug \">\n                        Documentation <span class=\"font-bold animate-charcter-offwhite\">KYC<\/span> <\/h1>\n\n                    <p class=\"offlightWhite pt-3 text-md\">La documentation KYC est fournie non seulement au moment des nouvelles adh\u00e9sions, mais \u00e9galement pour actualiser les comptes. Actualiser les comptes des membres est n\u00e9cessaire dans le business MLM car il y a de nombreux membres ; certains sont plus actifs tandis que d\u2019autres sont inactifs.  <\/p>\n\n                <\/div>\n\n            <\/div>\n        <\/div>\n    <\/div>\n    <!-- ************************************************************************************* -->\n\n    <section class=\"p-sectionpadding\">\n        <div class=\"container mx-auto pt-20\">\n            <div class=\"flex flex-wrap items-start md:items-center flex-col-reverse md:flex-row\">\n                <div class=\"flex-1 w-full pr-0 md:pr-7 pr-0 mt-3\">\n                    <div class=\"relative\">\n\n                        <h2 class=\"lg:text-TitlesemiFontSize text-2xl titleColor lg:leading-snug capitalize\">\n                             <span class=\"font-bold\">Importance <\/span> du <span class=\"font-bold\">KYC<\/span> dans le business MLM ? <\/h2>\n                        <h3 class=\"text-lg mt-6\">Pourquoi la documentation KYC dans le logiciel MLM ?<\/h3>\n                        <p class=\"pt-6 font-light leading-6 text-textpara contentColor\">Le logiciel comprend un module de documentation KYC principalement pour pr\u00e9venir les activit\u00e9s frauduleuses dans le secteur MLM. \u00c9tant donn\u00e9 que la majorit\u00e9 des activit\u00e9s MLM sont men\u00e9es en ligne, certaines personnes peuvent rejoindre l&#8217;entreprise en utilisant de faux noms et se livrer au blanchiment d&#8217;argent. En raison du grand nombre de clients, il est difficile pour les propri\u00e9taires d\u2019entreprise d\u2019identifier facilement ces individus frauduleux.   <\/p>\n                        <p class=\"pt-6 font-light leading-6 text-textpara contentColor\">Cela met en \u00e9vidence l\u2019importance du logiciel MLM dans l\u2019activit\u00e9 MLM. Dans notre logiciel MLM, nous fournissons un module KYC qui aide les propri\u00e9taires d&#8217;entreprise \u00e0 pr\u00e9venir les activit\u00e9s frauduleuses. Pour la documentation KYC, les clients qui rejoignent l&#8217;activit\u00e9 MLM doivent t\u00e9l\u00e9charger leur preuve d&#8217;identit\u00e9, telle qu&#8217;une pi\u00e8ce d&#8217;identit\u00e9 d&#8217;\u00e9lecteur ou un permis de conduire, aupr\u00e8s des propri\u00e9taires. Ce n&#8217;est qu&#8217;apr\u00e8s une soumission r\u00e9ussie que l&#8217;utilisateur peut rejoindre l&#8217;entreprise. De plus, la documentation KYC aide les propri\u00e9taires d&#8217;entreprise \u00e0 enqu\u00eater sur l&#8217;historique de leurs clients pour d\u00e9terminer s&#8217;ils ont d\u00e9j\u00e0 eu des charges financi\u00e8res, permettant ainsi aux propri\u00e9taires de mieux les servir.     <\/p>\n                    <\/div>\n                <\/div>\n                <div class=\"hidden lg:flex items-end justify-right w-[360px] primaryColor rounded-2xl pt-20 pl-10 ml-0 md:ml-10 mb-2 pb-0 overflow-hidden mt-3\">\n                    <img decoding=\"async\" src=\"\/wp-content\/uploads\/2024\/08\/modulekycIntro.svg\" alt=\"Image\" class=\"relative right-[-10px] w-full rounded-tl-xl\"\/>\n                <\/div>\n            <\/div>\n        <\/div>\n    <\/section>\n\n    <!-- ================================================================================================ -->\n    <section class=\"p-sectionpadding\">\n        <div class=\"container mx-auto \">\n            <div class=\"relative darkblue rounded-2xl p-7 lg:p-12 py-16 overflow-hidden\">\n                <div class=\"flex flex-wrap items-center\">\n\n                    <div class=\"relative w-full lg:w-5\/12 pr-0 lg:pr-12\">\n                        <img decoding=\"async\" src=\"\/wp-content\/uploads\/2024\/08\/modulekyc2-1.webp\" alt=\"Image\" class=\"mb-4 lg:mb-0 w-full\"\/>\n                    <\/div>\n\n                    <div class=\"lg:flex-shrink-0 w-full lg:w-7\/12 \">\n                        <h4 class=\"lg:text-TitlesemiFontSize text-2xl text-white lg:leading-snug capitalize\">\n                             <span class=\"font-bold\">P\u00e9riodicit\u00e9 <\/span> de l&#8217;actualisation KYC <\/h4>\n                        <p class=\"pt-6 font-light leading-6 text-textpara offWhite\">La documentation KYC est requise non seulement au moment des nouvelles adh\u00e9sions, mais \u00e9galement au moment des rafra\u00eechissements de compte. Rafra\u00eechir les comptes des membres est essentiel dans le business MLM car les membres sont nombreux ; certains sont plus actifs tandis que d\u2019autres sont inactifs. Les propri\u00e9taires d\u2019entreprise ont avant tout besoin de membres actifs dans leur entreprise, ils leur accordent donc plus de priorit\u00e9 et am\u00e9liorent leurs niveaux. Au niveau de la mise \u00e0 niveau, l&#8217;utilisateur doit fournir une documentation KYC mise \u00e0 jour. De plus, les membres existants qui souhaitent cr\u00e9er un nouveau compte doivent \u00e9galement fournir une nouvelle documentation KYC bas\u00e9e sur les derni\u00e8res politiques KYC.     <\/p>\n                    <\/div>\n                <\/div>\n            <\/div>\n        <\/div>\n    <\/section>\n\n\n    <!-- ************************************************************************************* -->\n    <section class=\"p-sectionpadding\">\n        <div class=\"container mx-auto\">\n            <div class=\"flex flex-wrap flex-col-reverse md:flex-row\">\n\n                <div class=\"w-full md:w-6\/12 primaryColor rounded-2xl p-7 lg:p-10 mb-2 pb-8 md:pb-0 overflow-hidden mr-0 md:mr-5 mt-10 md:mt-3\">\n                <h4 class=\"text-2xl md:text-3xl text-white font-semibold lg:leading-snug capitalize mb-7\"> Confirmation des documents KYC <\/h4>\n                <p class=\"pt-2 font-light leading-8 text-lg text-white\">Sachez que vos clients traitent lorsque l&#8217;entreprise est en mesure de conna\u00eetre et de v\u00e9rifier leurs membres et clients. Les d\u00e9veloppeurs de logiciels comprennent l&#8217;importance de la confidentialit\u00e9 de ces documents et de l&#8217;utilisation de donn\u00e9es sources fiables et ind\u00e9pendantes et de la s\u00e9curit\u00e9 des informations pour maintenir une meilleure politique de confidentialit\u00e9. <\/p>\n            <\/div>\n\n                <div class=\"flex-1 flex flex-col items-center justify-end w-full md:w-6\/12 lighter rounded-2xl p-7 md:p-20 pb-0 md:pb-0 ml-0 md:ml-5 mb-2 pb-0 overflow-hidden mt-3\">\n                    <h4 class=\"text-xl md:text-3xl titleColor text-center font-bold lg:leading-snug capitalize mb-7\"> Ach\u00e8vement du KYC <\/h4>\n                    <img decoding=\"async\" src=\"\/wp-content\/uploads\/2024\/07\/kycphoto-img.webp\" alt=\"Image\" class=\"w-full relative bottom-[-34px]\"\/>\n                <\/div>\n\n              \n\n            <\/div>\n        <\/div>\n    <\/section>\n","protected":false},"excerpt":{"rendered":"<p>Documentation KYC La documentation KYC est fournie non seulement au moment des nouvelles adh\u00e9sions, mais \u00e9galement pour actualiser les comptes. Actualiser les comptes des membres est n\u00e9cessaire dans le business MLM car il y a de nombreux membres ; certains sont plus actifs tandis que d\u2019autres sont inactifs. Importance du KYC dans le business MLM [&hellip;]<\/p>\n","protected":false},"author":1,"featured_media":0,"parent":0,"menu_order":0,"comment_status":"closed","ping_status":"closed","template":"modulekycdocumentation-page.php","meta":{"_acf_changed":false,"footnotes":""},"class_list":["post-14056","page","type-page","status-publish","hentry"],"acf":[],"yoast_head":"<!-- This site is optimized with the Yoast SEO Premium plugin v23.6 (Yoast SEO v25.9) - https:\/\/yoast.com\/wordpress\/plugins\/seo\/ -->\n<title>Module de documentation KYC s\u00e9curis\u00e9 - Simplifier la v\u00e9rification<\/title>\n<meta name=\"description\" content=\"Rationalisez votre processus de v\u00e9rification avec notre module de documentation KYC. Des solutions s\u00e9curis\u00e9es, efficaces et conformes pour des transactions fluides.\" \/>\n<meta name=\"robots\" content=\"index, follow, max-snippet:-1, max-image-preview:large, max-video-preview:-1\" \/>\n<link rel=\"canonical\" href=\"https:\/\/cloudmlmsoftware.com\/fr\/documentation-kyc\/\" \/>\n<meta property=\"og:locale\" content=\"fr_FR\" \/>\n<meta property=\"og:type\" content=\"article\" \/>\n<meta property=\"og:title\" content=\"documentation kyc\" \/>\n<meta property=\"og:description\" content=\"Rationalisez votre processus de v\u00e9rification avec notre module de documentation KYC. Des solutions s\u00e9curis\u00e9es, efficaces et conformes pour des transactions fluides.\" \/>\n<meta property=\"og:url\" content=\"https:\/\/cloudmlmsoftware.com\/fr\/documentation-kyc\/\" \/>\n<meta property=\"og:site_name\" content=\"Cloud MLM Software\" \/>\n<meta property=\"article:modified_time\" content=\"2024-11-07T12:43:32+00:00\" \/>\n<meta name=\"twitter:card\" content=\"summary_large_image\" \/>\n<meta name=\"twitter:label1\" content=\"Dur\u00e9e de lecture estim\u00e9e\" \/>\n\t<meta name=\"twitter:data1\" content=\"2 minutes\" \/>\n<!-- \/ Yoast SEO Premium plugin. -->","yoast_head_json":{"title":"Module de documentation KYC s\u00e9curis\u00e9 - Simplifier la v\u00e9rification","description":"Rationalisez votre processus de v\u00e9rification avec notre module de documentation KYC. Des solutions s\u00e9curis\u00e9es, efficaces et conformes pour des transactions fluides.","robots":{"index":"index","follow":"follow","max-snippet":"max-snippet:-1","max-image-preview":"max-image-preview:large","max-video-preview":"max-video-preview:-1"},"canonical":"https:\/\/cloudmlmsoftware.com\/fr\/documentation-kyc\/","og_locale":"fr_FR","og_type":"article","og_title":"documentation kyc","og_description":"Rationalisez votre processus de v\u00e9rification avec notre module de documentation KYC. Des solutions s\u00e9curis\u00e9es, efficaces et conformes pour des transactions fluides.","og_url":"https:\/\/cloudmlmsoftware.com\/fr\/documentation-kyc\/","og_site_name":"Cloud MLM Software","article_modified_time":"2024-11-07T12:43:32+00:00","twitter_card":"summary_large_image","twitter_misc":{"Dur\u00e9e de lecture estim\u00e9e":"2 minutes"},"schema":{"@context":"https:\/\/schema.org","@graph":[{"@type":"WebPage","@id":"https:\/\/cloudmlmsoftware.com\/fr\/documentation-kyc\/","url":"https:\/\/cloudmlmsoftware.com\/fr\/documentation-kyc\/","name":"Module de documentation KYC s\u00e9curis\u00e9 - Simplifier la v\u00e9rification","isPartOf":{"@id":"https:\/\/cloudmlmsoftware.com\/fr\/#website"},"datePublished":"2024-05-22T13:34:29+00:00","dateModified":"2024-11-07T12:43:32+00:00","description":"Rationalisez votre processus de v\u00e9rification avec notre module de documentation KYC. Des solutions s\u00e9curis\u00e9es, efficaces et conformes pour des transactions fluides.","breadcrumb":{"@id":"https:\/\/cloudmlmsoftware.com\/fr\/documentation-kyc\/#breadcrumb"},"inLanguage":"fr-FR","potentialAction":[{"@type":"ReadAction","target":["https:\/\/cloudmlmsoftware.com\/fr\/documentation-kyc\/"]}]},{"@type":"BreadcrumbList","@id":"https:\/\/cloudmlmsoftware.com\/fr\/documentation-kyc\/#breadcrumb","itemListElement":[{"@type":"ListItem","position":1,"name":"Home","item":"https:\/\/cloudmlmsoftware.com\/fr\/"},{"@type":"ListItem","position":2,"name":"documentation kyc"}]},{"@type":"WebSite","@id":"https:\/\/cloudmlmsoftware.com\/fr\/#website","url":"https:\/\/cloudmlmsoftware.com\/fr\/","name":"Cloud MLM Software","description":"","publisher":{"@id":"https:\/\/cloudmlmsoftware.com\/fr\/#organization"},"potentialAction":[{"@type":"SearchAction","target":{"@type":"EntryPoint","urlTemplate":"https:\/\/cloudmlmsoftware.com\/fr\/?s={search_term_string}"},"query-input":{"@type":"PropertyValueSpecification","valueRequired":true,"valueName":"search_term_string"}}],"inLanguage":"fr-FR"},{"@type":"Organization","@id":"https:\/\/cloudmlmsoftware.com\/fr\/#organization","name":"Cloud MLM Software","url":"https:\/\/cloudmlmsoftware.com\/fr\/","logo":{"@type":"ImageObject","inLanguage":"fr-FR","@id":"https:\/\/cloudmlmsoftware.com\/fr\/#\/schema\/logo\/image\/","url":"https:\/\/cloudmlmsoftware.com\/wp-content\/uploads\/2024\/09\/cloudmlm-logo.webp","contentUrl":"https:\/\/cloudmlmsoftware.com\/wp-content\/uploads\/2024\/09\/cloudmlm-logo.webp","width":200,"height":40,"caption":"Cloud MLM Software"},"image":{"@id":"https:\/\/cloudmlmsoftware.com\/fr\/#\/schema\/logo\/image\/"}}]}},"_links":{"self":[{"href":"https:\/\/cloudmlmsoftware.com\/fr\/wp-json\/wp\/v2\/pages\/14056","targetHints":{"allow":["GET"]}}],"collection":[{"href":"https:\/\/cloudmlmsoftware.com\/fr\/wp-json\/wp\/v2\/pages"}],"about":[{"href":"https:\/\/cloudmlmsoftware.com\/fr\/wp-json\/wp\/v2\/types\/page"}],"author":[{"embeddable":true,"href":"https:\/\/cloudmlmsoftware.com\/fr\/wp-json\/wp\/v2\/users\/1"}],"replies":[{"embeddable":true,"href":"https:\/\/cloudmlmsoftware.com\/fr\/wp-json\/wp\/v2\/comments?post=14056"}],"version-history":[{"count":0,"href":"https:\/\/cloudmlmsoftware.com\/fr\/wp-json\/wp\/v2\/pages\/14056\/revisions"}],"wp:attachment":[{"href":"https:\/\/cloudmlmsoftware.com\/fr\/wp-json\/wp\/v2\/media?parent=14056"}],"curies":[{"name":"wp","href":"https:\/\/api.w.org\/{rel}","templated":true}]}}