{"id":13879,"date":"2024-05-22T13:10:45","date_gmt":"2024-05-22T13:10:45","guid":{"rendered":"https:\/\/cloudmlmsoftware.com\/e-mails\/"},"modified":"2024-10-14T09:09:03","modified_gmt":"2024-10-14T09:09:03","slug":"e-mails","status":"publish","type":"page","link":"https:\/\/cloudmlmsoftware.com\/fr\/e-mails\/","title":{"rendered":"e-mails"},"content":{"rendered":"\n<div class=\"bannerBgcolor BannerBg pt-16 pb-20 relative overflow-hidden\">\n        <div class=\"animation-wrapper\">\n            <div class=\"particle particle-1\"><\/div>\n            <div class=\"particle particle-2\"><\/div>\n            <div class=\"particle particle-3\"><\/div>\n            <div class=\"particle particle-4\"><\/div>\n        <\/div>\n\n        <div class=\"container mx-auto xl:h-[504px] lg:h-[450px] h-auto relative z-1\">\n            <div class=\"flex flex-wrap items-center\">\n                <div class=\"md:basis-5\/12 sm:basis-12\/12 pr-4 pr-0 py-14\">\n                    <img decoding=\"async\" src=\"\/wp-content\/uploads\/2024\/08\/Modulesbanner.webp\" width=\"467\" height=\"411\" alt=\"meilleur logiciel MLM aux Etats-Unis\" class=\"pulseBannerImg\"\/>\n                <\/div>\n                <div class=\"md:basis-7\/12 sm:basis-12\/12\">\n                    <h1 class=\"lg:text-mainTitleFontSize sm:text-3xl text-3xl text-white lg:leading-snug \">\n                        <span class=\"font-bold animate-charcter-offwhite\">E-mails <\/span>\n                    <\/h1>\n\n                    <p class=\"offlightWhite pt-3 text-md\">Les e-mails sont un facteur important qui influence toute entreprise. Maintenant que notre monde est enti\u00e8rement num\u00e9ris\u00e9, de nombreuses entreprises utilisent des techniques de marketing par courrier \u00e9lectronique pour vendre leurs produits et services sur le march\u00e9. Cette technique est tr\u00e8s rentable car elle n\u00e9cessite uniquement de collecter certaines adresses e-mail professionnelles de dirigeants et d&#8217;envoyer simplement des e-mails contenant le contenu de votre produit \u00e0 ces adresses.   <\/p>\n\n                <\/div>\n\n            <\/div>\n        <\/div>\n    <\/div>\n    <!-- ************************************************************************************* -->\n\n\n    <section class=\"p-sectionpadding\">\n        <div class=\"container mx-auto pt-20\">\n            <div class=\"flex flex-wrap items-start md:items-center flex-col-reverse md:flex-row\">\n                <div class=\"flex-1 w-full md:w-8\/12 pr-0 lg:pr-7 pr-0 mt-3\">\n                    <div class=\"relative\">\n\n                        <h2 class=\"lg:text-TitlesemiFontSize text-2xl titleColor lg:leading-snug capitalize\"> <span class=\"font-bold\">Les e-mails sont-ils importants<\/span> pour votre activit\u00e9 MLM ? <\/h2>\n\n\n                        \n\n                        <p class=\"pt-6 font-light leading-6 text-textpara contentColor\">Les e-mails jouent un r\u00f4le crucial dans le business du MLM et leur impact sur les op\u00e9rations commerciales peut \u00eatre significatif. Gr\u00e2ce au logiciel MLM, les e-mails deviennent un outil essentiel de communication et de marketing. Dans le logiciel MLM, il existe g\u00e9n\u00e9ralement un module de messagerie qui permet \u00e0 l&#8217;administrateur de planifier des heures, des sujets et de configurer des options avanc\u00e9es dans un panneau de gestion. Les e-mails sont ensuite envoy\u00e9s automatiquement aux adresses fournies \u00e0 intervalles r\u00e9guliers.    <\/p>\n\n\n                        <p class=\"pt-5 font-light leading-6 text-textpara contentColor\">Avoir un syst\u00e8me de messagerie int\u00e9gr\u00e9 \u00e0 un logiciel MLM est un avantage certain pour toute entreprise. Notre logiciel MLM bas\u00e9 sur le cloud int\u00e8gre un module de messagerie de premier plan con\u00e7u pour fournir des r\u00e9sultats exceptionnels. Avec notre logiciel cloud MLM, vous pouvez utiliser pleinement les capacit\u00e9s du module de messagerie. Ce module est optimis\u00e9 pour la rapidit\u00e9 et la pr\u00e9cision de l&#8217;envoi d&#8217;e-mails et peut \u00eatre facilement g\u00e9r\u00e9 par l&#8217;administrateur de son c\u00f4t\u00e9.    <\/p>\n\n                    <\/div>\n                <\/div>\n\n\n                <div class=\"hidden lg:flex items-end justify-right w-[360px] primaryColor rounded-2xl pt-20 pl-10 ml-0 md:ml-10 mb-2 pb-0 overflow-hidden mt-3\">\n                    <img decoding=\"async\" src=\"\/wp-content\/uploads\/2024\/08\/emailmodule.svg\" alt=\"Image\" class=\"relative right-[-10px] w-full\"\/>\n                <\/div>\n            <\/div>\n        <\/div>\n    <\/section>\n    <!-- ================================================================================================ -->\n    <section class=\"p-sectionpadding\">\n        <div class=\"container mx-auto \">\n            <div class=\"relative darkblue rounded-2xl p-7 lg:p-12 py-16 overflow-hidden\">\n                <div class=\"flex flex-wrap items-center\">\n\n                    <div class=\"relative w-full lg:w-5\/12 pr-0 lg:pr-12\">\n                        <img decoding=\"async\" src=\"\/wp-content\/uploads\/2024\/08\/moduleemail2.webp\" alt=\"Image\" class=\"mb-4 lg:mb-0 w-full\"\/>\n                    <\/div>\n\n                    <div class=\"lg:flex-shrink-0 w-full lg:w-7\/12 \">\n                        <h4 class=\"lg:text-TitlesemiFontSize text-2xl text-white lg:leading-snug capitalize\">\n                             <span class=\"font-bold\">Fonctionnalit\u00e9s du module<\/span> Email de Cloud MLM <\/h4>\n                        <ul class=\"flex flex-wrap space-x-2 mt-4 ml-[-12px] list1\">\n                            <li class=\"text-textpara text-white font-light leading-6 mb-3 ml-2\">Notre syst\u00e8me de modules de messagerie permet d&#8217;augmenter les clients potentiels et les revenus issus des ventes de votre produit en utilisant vos propres listes de marketing par courrier \u00e9lectronique. <\/li>\n                            <li class=\"text-textpara text-white font-light leading-6 mb-3 ml-2\">Le syst\u00e8me de modules de messagerie du logiciel Cloud MLM permet \u00e0 tous types de propri\u00e9taires d&#8217;entreprise de se connecter avec leurs clients et membres depuis n&#8217;importe quel appareil, n&#8217;importe o\u00f9 dans le monde. <\/li>\n                            <li class=\"text-textpara text-white font-light leading-6 mb-3 ml-2\">Vous pouvez facilement ajouter et supprimer des participants dans notre syst\u00e8me de messagerie. Notre module de messagerie offre un service de messagerie automatis\u00e9 24h\/24 et 7j\/7 qui consomme un minimum de m\u00e9moire tout en fonctionnant en arri\u00e8re-plan.  <\/li>\n                            <li class=\"text-textpara text-white font-light leading-6 mb-3 ml-2\"> Notre logiciel est int\u00e9gr\u00e9 aux plugins de r\u00e9seaux sociaux, vous permettant d&#8217;ins\u00e9rer facilement vos liens de r\u00e9seaux sociaux dans les e-mails et d&#8217;am\u00e9liorer la confiance dans votre produit. <\/li>\n                           \n                        <\/ul>\n                    <\/div>\n                <\/div>\n            <\/div>\n        <\/div>\n    <\/section>\n","protected":false},"excerpt":{"rendered":"<p>E-mails Les e-mails sont un facteur important qui influence toute entreprise. Maintenant que notre monde est enti\u00e8rement num\u00e9ris\u00e9, de nombreuses entreprises utilisent des techniques de marketing par courrier \u00e9lectronique pour vendre leurs produits et services sur le march\u00e9. Cette technique est tr\u00e8s rentable car elle n\u00e9cessite uniquement de collecter certaines adresses e-mail professionnelles de dirigeants [&hellip;]<\/p>\n","protected":false},"author":1,"featured_media":0,"parent":0,"menu_order":0,"comment_status":"closed","ping_status":"closed","template":"moduleemail-page.php","meta":{"_acf_changed":false,"footnotes":""},"class_list":["post-13879","page","type-page","status-publish","hentry"],"acf":[],"yoast_head":"<!-- This site is optimized with the Yoast SEO Premium plugin v23.6 (Yoast SEO v25.9) - https:\/\/yoast.com\/wordpress\/plugins\/seo\/ -->\n<title>Syst\u00e8me de messagerie \u00e9lectronique pour une communication efficace<\/title>\n<meta name=\"description\" content=\"Passez \u00e0 notre syst\u00e8me de messagerie \u00e9lectronique avanc\u00e9 pour rationaliser votre communication et augmenter votre productivit\u00e9.\" \/>\n<meta name=\"robots\" content=\"index, follow, max-snippet:-1, max-image-preview:large, max-video-preview:-1\" \/>\n<link rel=\"canonical\" href=\"https:\/\/cloudmlmsoftware.com\/fr\/e-mails\/\" \/>\n<meta property=\"og:locale\" content=\"fr_FR\" \/>\n<meta property=\"og:type\" content=\"article\" \/>\n<meta property=\"og:title\" content=\"e-mails\" \/>\n<meta property=\"og:description\" content=\"Passez \u00e0 notre syst\u00e8me de messagerie \u00e9lectronique avanc\u00e9 pour rationaliser votre communication et augmenter votre productivit\u00e9.\" \/>\n<meta property=\"og:url\" content=\"https:\/\/cloudmlmsoftware.com\/fr\/e-mails\/\" \/>\n<meta property=\"og:site_name\" content=\"Cloud MLM Software\" \/>\n<meta property=\"article:modified_time\" content=\"2024-10-14T09:09:03+00:00\" \/>\n<meta name=\"twitter:card\" content=\"summary_large_image\" \/>\n<meta name=\"twitter:label1\" content=\"Dur\u00e9e de lecture estim\u00e9e\" \/>\n\t<meta name=\"twitter:data1\" content=\"3 minutes\" \/>\n<!-- \/ Yoast SEO Premium plugin. -->","yoast_head_json":{"title":"Syst\u00e8me de messagerie \u00e9lectronique pour une communication efficace","description":"Passez \u00e0 notre syst\u00e8me de messagerie \u00e9lectronique avanc\u00e9 pour rationaliser votre communication et augmenter votre productivit\u00e9.","robots":{"index":"index","follow":"follow","max-snippet":"max-snippet:-1","max-image-preview":"max-image-preview:large","max-video-preview":"max-video-preview:-1"},"canonical":"https:\/\/cloudmlmsoftware.com\/fr\/e-mails\/","og_locale":"fr_FR","og_type":"article","og_title":"e-mails","og_description":"Passez \u00e0 notre syst\u00e8me de messagerie \u00e9lectronique avanc\u00e9 pour rationaliser votre communication et augmenter votre productivit\u00e9.","og_url":"https:\/\/cloudmlmsoftware.com\/fr\/e-mails\/","og_site_name":"Cloud MLM Software","article_modified_time":"2024-10-14T09:09:03+00:00","twitter_card":"summary_large_image","twitter_misc":{"Dur\u00e9e de lecture estim\u00e9e":"3 minutes"},"schema":{"@context":"https:\/\/schema.org","@graph":[{"@type":"WebPage","@id":"https:\/\/cloudmlmsoftware.com\/fr\/e-mails\/","url":"https:\/\/cloudmlmsoftware.com\/fr\/e-mails\/","name":"Syst\u00e8me de messagerie \u00e9lectronique pour une communication efficace","isPartOf":{"@id":"https:\/\/cloudmlmsoftware.com\/fr\/#website"},"datePublished":"2024-05-22T13:10:45+00:00","dateModified":"2024-10-14T09:09:03+00:00","description":"Passez \u00e0 notre syst\u00e8me de messagerie \u00e9lectronique avanc\u00e9 pour rationaliser votre communication et augmenter votre productivit\u00e9.","breadcrumb":{"@id":"https:\/\/cloudmlmsoftware.com\/fr\/e-mails\/#breadcrumb"},"inLanguage":"fr-FR","potentialAction":[{"@type":"ReadAction","target":["https:\/\/cloudmlmsoftware.com\/fr\/e-mails\/"]}]},{"@type":"BreadcrumbList","@id":"https:\/\/cloudmlmsoftware.com\/fr\/e-mails\/#breadcrumb","itemListElement":[{"@type":"ListItem","position":1,"name":"Home","item":"https:\/\/cloudmlmsoftware.com\/fr\/"},{"@type":"ListItem","position":2,"name":"e-mails"}]},{"@type":"WebSite","@id":"https:\/\/cloudmlmsoftware.com\/fr\/#website","url":"https:\/\/cloudmlmsoftware.com\/fr\/","name":"Cloud MLM Software","description":"","publisher":{"@id":"https:\/\/cloudmlmsoftware.com\/fr\/#organization"},"potentialAction":[{"@type":"SearchAction","target":{"@type":"EntryPoint","urlTemplate":"https:\/\/cloudmlmsoftware.com\/fr\/?s={search_term_string}"},"query-input":{"@type":"PropertyValueSpecification","valueRequired":true,"valueName":"search_term_string"}}],"inLanguage":"fr-FR"},{"@type":"Organization","@id":"https:\/\/cloudmlmsoftware.com\/fr\/#organization","name":"Cloud MLM Software","url":"https:\/\/cloudmlmsoftware.com\/fr\/","logo":{"@type":"ImageObject","inLanguage":"fr-FR","@id":"https:\/\/cloudmlmsoftware.com\/fr\/#\/schema\/logo\/image\/","url":"https:\/\/cloudmlmsoftware.com\/wp-content\/uploads\/2024\/09\/cloudmlm-logo.webp","contentUrl":"https:\/\/cloudmlmsoftware.com\/wp-content\/uploads\/2024\/09\/cloudmlm-logo.webp","width":200,"height":40,"caption":"Cloud MLM Software"},"image":{"@id":"https:\/\/cloudmlmsoftware.com\/fr\/#\/schema\/logo\/image\/"}}]}},"_links":{"self":[{"href":"https:\/\/cloudmlmsoftware.com\/fr\/wp-json\/wp\/v2\/pages\/13879","targetHints":{"allow":["GET"]}}],"collection":[{"href":"https:\/\/cloudmlmsoftware.com\/fr\/wp-json\/wp\/v2\/pages"}],"about":[{"href":"https:\/\/cloudmlmsoftware.com\/fr\/wp-json\/wp\/v2\/types\/page"}],"author":[{"embeddable":true,"href":"https:\/\/cloudmlmsoftware.com\/fr\/wp-json\/wp\/v2\/users\/1"}],"replies":[{"embeddable":true,"href":"https:\/\/cloudmlmsoftware.com\/fr\/wp-json\/wp\/v2\/comments?post=13879"}],"version-history":[{"count":0,"href":"https:\/\/cloudmlmsoftware.com\/fr\/wp-json\/wp\/v2\/pages\/13879\/revisions"}],"wp:attachment":[{"href":"https:\/\/cloudmlmsoftware.com\/fr\/wp-json\/wp\/v2\/media?parent=13879"}],"curies":[{"name":"wp","href":"https:\/\/api.w.org\/{rel}","templated":true}]}}