{"id":13170,"date":"2024-03-22T13:59:08","date_gmt":"2024-03-22T13:59:08","guid":{"rendered":"https:\/\/cloudmlmsoftware.com\/services\/developpement-web\/"},"modified":"2024-11-08T09:27:26","modified_gmt":"2024-11-08T09:27:26","slug":"developpement-web","status":"publish","type":"page","link":"https:\/\/cloudmlmsoftware.com\/fr\/services\/developpement-web\/","title":{"rendered":"d\u00e9veloppement web"},"content":{"rendered":"\n<div class=\"bannerBgcolor BannerBg pt-16 relative overflow-hidden\">\n   <div class=\"animation-wrapper\">\n      <div class=\"particle particle-1\"><\/div>\n      <div class=\"particle particle-2\"><\/div>\n      <div class=\"particle particle-3\"><\/div>\n      <div class=\"particle particle-4\"><\/div>\n   <\/div>\n   <div class=\"container mx-auto pt-2 md:h-[600px] sm:h-[400px] h-[550px] overflow-hidden relative z-1\">\n      <div class=\"flex flex-wrap items-center\">\n         <div class=\"w-full md:w-10\/12 mx-auto text-center pt-10 mb-8\">\n            <h1 class=\"lg:text-mainTitleFontSize sm:text-3xl text-3xl text-white lg:leading-snug capitalize\">\n               D\u00e9veloppement <span class=\"font-bold animate-charcter-offwhite\">Web<\/span>\n            <\/h1>\n            <p class=\"offWhite pt-3 text-md md:text-lg font-light md:w-11\/12 mx-auto\">Am\u00e9liorez votre pr\u00e9sence en ligne avec les services de d\u00e9veloppement Web de Cloud MLM Software Solutions. Nous d\u00e9veloppons des sites Web r\u00e9actifs, dynamiques et conviviaux qui correspondent \u00e0 vos objectifs commerciaux, garantissant une exp\u00e9rience fluide et engageante pour vos utilisateurs.  <\/p>\n<div class=\"w-8\/12 mx-auto text-center pt-6\">\n<a href=\"https:\/\/demo.cloudmlmsoftware.com\" class=\"button primaryColor px-4 py-3 w-[132px] mx-auto rounded-md text-white md:flex text-sm md:text-md sm:block btn1\">Essayer \nD\u00e9mo gratuite <\/a>\n<\/div>\n         <\/div>\n        <div class=\"w-full p-4 relative z-9\">\n<img fetchpriority=\"high\" decoding=\"async\" src=\"https:\/\/cloudmlmsoftware.com\/wp-content\/themes\/cloudmlmdemo\/assets\/images\/banner\/ServicesBanner.webp\" alt=\"logiciel MLM\" width=\"900\" height=\"643\" class=\"mx-auto\"\/>\n<img decoding=\"async\" src=\"\/wp-content\/uploads\/2024\/08\/seraniImg1.webp\" alt=\"logiciel MLM\" width=\"32\" height=\"32\" class=\"sevraniImg sevraniImg1\"\/>\n<img decoding=\"async\" src=\"\/wp-content\/uploads\/2024\/08\/seraniImg2.webp\" alt=\"logiciel MLM\" width=\"20\" height=\"20\" class=\"sevraniImg sevraniImg2\"\/>\n<img loading=\"lazy\" decoding=\"async\" src=\"\/wp-content\/uploads\/2024\/08\/seraniImg3.webp\" alt=\"logiciel MLM\" width=\"28\" height=\"28\" class=\"sevraniImg sevraniImg3\"\/>\n<img loading=\"lazy\" decoding=\"async\" src=\"\/wp-content\/uploads\/2024\/08\/seraniImg4.webp\" alt=\"logiciel MLM\" width=\"24\" height=\"24\" class=\"sevraniImg sevraniImg4\"\/>\n<img loading=\"lazy\" decoding=\"async\" src=\"\/wp-content\/uploads\/2024\/08\/seraniImg5.webp\" alt=\"logiciel MLM\" width=\"34\" height=\"34\" class=\"sevraniImg sevraniImg5\"\/>\n<img loading=\"lazy\" decoding=\"async\" src=\"\/wp-content\/uploads\/2024\/08\/seraniImg6.webp\" alt=\"logiciel MLM\" width=\"24\" height=\"24\" class=\"sevraniImg sevraniImg6\"\/>\n<img loading=\"lazy\" decoding=\"async\" src=\"\/wp-content\/uploads\/2024\/08\/seraniImg7.webp\" alt=\"logiciel MLM\" width=\"24\" height=\"24\" class=\"sevraniImg sevraniImg7\"\/>\n<img loading=\"lazy\" decoding=\"async\" src=\"\/wp-content\/uploads\/2024\/08\/seraniImg8.webp\" alt=\"logiciel MLM\" width=\"24\" height=\"24\" class=\"sevraniImg sevraniImg8\"\/>\n<\/div>\n      <\/div>\n   <\/div>\n<\/div>\n<!-- ************************************************************************************* -->\n<section class=\"p-sectionpadding\">\n   <div class=\"container mx-auto mt-20\">\n      <div class=\"relative darkblue rounded-2xl p-6 md:p-12 py-10 md:py-16 overflow-hidden\">\n         <!-- Left side box -->\n         <div class=\"flex flex-wrap md:flex-row flex-col-reverse items-center\">\n            <div class=\" w-full md:w-8\/12 pb-4 pr-0 md:pr-12\">\n               <h2 class=\"md:text-TitlesemiFontSize text-xl text-white lg:leading-snug capitalize\">\n                  <span class=\"font-bold\">Transformez votre activit\u00e9 MLM en ligne :\n<\/span> \nSolutions Web professionnelles de Cloud MLM\n               <\/h2>\n               <p class=\"text-textpara offWhite font-light leading-6 py-3\">\nUn site Web est crucial pour une entreprise MLM, offrant une pr\u00e9sence en ligne professionnelle, un recrutement rationalis\u00e9 et une communication efficace. Il fournit des outils pour suivre les performances, g\u00e9rer les downlines et traiter les transactions, renfor\u00e7ant ainsi la cr\u00e9dibilit\u00e9 et le potentiel de croissance. \n               <\/p>\n               <p class=\"text-textpara offWhite font-light leading-6 py-3\">Software Solutions est une soci\u00e9t\u00e9 qui fournit des sites Web aux entreprises de marketing multi-niveaux. Nous proposons des fonctionnalit\u00e9s et des conceptions adapt\u00e9es aux besoins sp\u00e9cifiques des soci\u00e9t\u00e9s MLM. Nous avons d\u00e9velopp\u00e9 de nombreux sites Web MLM uniques ax\u00e9s sur des objectifs commerciaux, ce qui fait de nous la meilleure soci\u00e9t\u00e9 de d\u00e9veloppement Web au monde.  \n               <\/p>\n            <\/div>\n            <div class=\"relative w-full md:w-4\/12 bottom-0 right-0 mb-6 md:mb-0\">\n               <img decoding=\"async\" src=\"\/wp-content\/uploads\/2024\/08\/webdevservcintro.webp\" alt=\"Image\" class=\"w-full\"\/>\n            <\/div>\n         <\/div>\n      <\/div>\n   <\/div>\n<\/section>\n<!-- ************************** -->\n<section class=\"p-sectionpadding\">\n   <div class=\"container mx-auto\">\n      <div class=\"w-full flex flex-wrap justify-between lg:space-x-8 space-x-0\">\n         <div class=\"lg:flex-1 w-full lg:w-6\/12 primaryColor px-7 pt-12 pb-6 md:pb-[100px] rounded-xl mt-5 text-lg relative overflow-hidden flex flex-col-reverse lg:flex-col\">\n            <div class=\"mt-3\">\n               <h3 class=\"text-2xl text-white lg:leading-snug capitalize\">Fonctionnalit\u00e9s \n d&#8217;<span class=\"font-bold\">administration<\/span>\n               <\/h3>\n               <ul class=\"flex flex-wrap mt-5 list1\">\n                  <li class=\"text-textpara offWhite leading-6 mb-3 ml-2\">G\u00e9rer le profil du membre<\/li>\n                  <li class=\"text-textpara offWhite leading-6 mb-3 ml-2\">Zone de connexion s\u00e9curis\u00e9e avec acc\u00e8s complet <\/li>\n                  <li class=\"text-textpara offWhite leading-6 mb-3 ml-2\">G\u00e9rer les comptes <\/li>\n                  <li class=\"text-textpara offWhite leading-6 mb-3 ml-2\">G\u00e9rer les rapports<\/li>\n                  <li class=\"text-textpara offWhite leading-6 mb-3 ml-2\">Envoyer un message\/alertes<\/li>\n               <\/ul>\n            <\/div>\n            <img decoding=\"async\" src=\"\/wp-content\/uploads\/2024\/08\/directselling.webp\" alt=\"Image\" class=\"md:absolute bottom-0 right-0 w-[270px]\"\/>\n         <\/div>\n         <div class=\"lg:flex-1 w-full lg:w-6\/12 lighter px-7 pt-12 pb-6 md:pb-[100px] rounded-xl mt-5 text-lg relative overflow-hidden flex flex-col-reverse lg:flex-col\">\n            <div class=\"mt-3\">\n               <h3 class=\"text-2xl titleColor lg:leading-snug capitalize\">Fonctionnalit\u00e9s \n <span class=\"font-bold\">utilisateur<\/span>\n               <\/h3>\n               <ul class=\"flex flex-wrap mt-5 list1\">\n                  <li class=\"text-textpara leading-6 mb-3 ml-2\">Inscription en ligne<\/li>\n                  <li class=\"text-textpara leading-6 mb-3 ml-2\">Arbre g\u00e9n\u00e9alogique<\/li>\n                  <li class=\"text-textpara leading-6 mb-3 ml-2\">Afficher\/Modifier le profil du membre<\/li>\n                  <li class=\"text-textpara leading-6 mb-3 ml-2\">Statut des rapports en ligne<\/li>\n                  <li class=\"text-textpara leading-6 mb-3 ml-2\">Trouver les d\u00e9tails de l&#8217;incitation<\/li>\n                  <li class=\"text-textpara leading-6 mb-3 ml-2\">Messagerie en ligne<\/li>\n                  <li class=\"text-textpara leading-6 mb-3 ml-2\">Service d&#8217;assistance<\/li>\n               <\/ul>\n            <\/div>\n            <img decoding=\"async\" src=\"\/wp-content\/uploads\/2024\/08\/USERDB_Cloudtheme.webp\" alt=\"Image\" class=\"md:absolute bottom-0 right-0 w-[270px]\"\/>\n         <\/div>\n      <\/div>\n   <\/div>\n<\/section>\n<!-- ************************************************************************************* -->\n<section class=\"p-sectionpadding\">\n   <div class=\"container mx-auto\">\n      <div class=\"flex flex-wrap\">\n         <div class=\"w-full md:w-7\/12\">\n            <h3 class=\"lg:text-TitlesemiFontSize text-2xl titleColor lg:leading-snug mt-3 capitalize\">\n                <span class=\"font-bold\">\u00c9l\u00e9ments \u00e0 v\u00e9rifier<\/span> lorsque vous s\u00e9lectionnez \n une soci\u00e9t\u00e9 de d\u00e9veloppement de sites Web\n            <\/h3>\n            <p class=\"text-textSubtitle contentColor text-lg font-semibold pt-5 leading-6 mb-3\">\n Certains facteurs que vous devez prendre en compte sont :\n            <\/p>\n         <\/div>\n         <div class=\"w-full flex flex-wrap justify-between mt-10\">\n            <div class=\"w-full flex flex-wrap justify-between lg:space-x-5 space-x-0 space-y-5 lg:space-y-0\">\n               <div class=\"flex-1 w-full lg:w-9\/12\">\n                  <div class=\"w-full flex flex-wrap justify-between lg:space-x-5 space-x-0 space-y-5 lg:space-y-0\">\n                     <div class=\"flex-1 lighter w-full lg:w-8\/12 px-12 py-12 rounded-xl text-lg flex items-center\">\n Assurez-vous que le site Web de votre entreprise est con\u00e7u selon vos sp\u00e9cifications, \u00e0 votre convenance. Confirmez que toutes les questions sont trait\u00e9es et que la soci\u00e9t\u00e9 de d\u00e9veloppement de sites Web comprend parfaitement vos besoins.  <\/div>\n                     <div class=\"lighter w-full lg:w-4\/12 px-12 py-12 rounded-xl mt-3 text-lg w-full\">\n Choisissez une entreprise qui correspond \u00e0 votre budget et commencez \u00e0 travailler en \u00e9troite collaboration avec ses \n d\u00e9veloppeurs.\n                     <\/div>\n                  <\/div>\n               <\/div>\n               <div class=\"w-full darkblue lg:w-3\/12 text-white px-10 py-12 rounded-xl mt-3 text-lg w-full\">\n L\u2019exp\u00e9rience est une variable essentielle \u00e0 garder \u00e0 l\u2019esprit lors du choix d\u2019une entreprise de d\u00e9veloppement \n Web.\n               <\/div>\n            <\/div>\n            <div class=\"w-full flex flex-wrap justify-between lg:space-x-5 space-x-0\">\n               <div class=\"flex-1 w-full lg:w-9\/12 primaryColor px-7 py-12 text-white rounded-xl mt-5 text-lg w-full flex items-center\">\n Pour vous assurer que le site Web de votre entreprise est con\u00e7u selon vos besoins, quand vous \n le souhaitez. V\u00e9rifiez que toutes les questions sont r\u00e9pondues et que la soci\u00e9t\u00e9 de d\u00e9veloppement de \n sites Web a compris ce que vous lui avez demand\u00e9 de faire. \n               <\/div>\n               <div class=\"w-full lg:w-3\/12 primaryColor px-8 py-12 rounded-xl mt-5 text-lg relative overflow-hidden min-h-[148px] lg:flex hidden w-full\">\n                  <img decoding=\"async\" src=\"\/wp-content\/uploads\/2024\/08\/WebsiteDevelopment3.webp\" alt=\"Image\" class=\"w-full\"\/>\n               <\/div>\n            <\/div>\n         <\/div>\n      <\/div>\n   <\/div>\n<\/section>\n<!-- ************************************************************************************* -->\n<section class=\"p-sectionpadding\">\n   <div class=\"container mx-auto\">\n      <div class=\"relative darklight rounded-2xl p-6 md:p-10 py-16 overflow-hidden\">\n         <!-- Left side box -->\n         <div class=\"flex flex-wrap md:flex-row flex-col-reverse items-center\">\n            <div class=\"relative hidden lg:block lg:w-4\/12 pr-0 md:pr-8\">\n               <img decoding=\"async\" src=\"\/wp-content\/uploads\/2024\/08\/webDevelopmentIntro.webp\" alt=\"Image\" class=\"w-full\"\/>\n            <\/div>\n            <div class=\" w-full lg:w-8\/12 pb-4\">\n               <h4 class=\"text-2xl titleColor text-white lg:leading-snug capitalize\">\n                  <span class=\"font-bold\">Lib\u00e9rer le succ\u00e8s : <\/span> \ntrouver le bon partenaire de d\u00e9veloppement de sites Web pour votre budget\n               <\/h4>\n               <p class=\"text-textpara offWhite font-light leading-6 py-3\">Avant de commencer \u00e0 chercher \u00e0 nommer \n un fournisseur de services de d\u00e9veloppement de sites Web, vous devez d\u00e9terminer le budget que vous \n \u00eates pr\u00eat \u00e0 payer. Assurez-vous d&#8217;avoir une entreprise comme Cloud MLM Software Solutions qui est excellente \n et qui ne d\u00e9passe pas votre budget. Effectuez vos propres recherches et voyez comment les prix ont \u00e9t\u00e9 cr\u00e9\u00e9s, puis \u00e9tablissez \n un budget et passez \u00e0 l&#8217;\u00e9tape suivante.  \n               <\/p>\n               <p class=\"text-textpara offWhite font-light leading-6 pt-3\">Notre entreprise peut d\u00e9velopper \n diff\u00e9rents types d&#8217;applications pour votre entreprise et nous sommes cr\u00e9atifs dans la cr\u00e9ation d&#8217;applications professionnelles. Cela inclut \n les logiciels MLM pour le Web et Android. Nous d\u00e9veloppons des applications haut de gamme utilisant les derni\u00e8res \n technologies. Nous avons travaill\u00e9 avec succ\u00e8s avec de nombreuses soci\u00e9t\u00e9s MLM pour atteindre facilement et de mani\u00e8re appropri\u00e9e l\u2019objectif \n ci-dessus.   \n               <\/p>\n            <\/div>\n         <\/div>\n      <\/div>\n   <\/div>\n<\/section>\n<!-- ==================== ========================================================= -->\n","protected":false},"excerpt":{"rendered":"<p>D\u00e9veloppement Web Am\u00e9liorez votre pr\u00e9sence en ligne avec les services de d\u00e9veloppement Web de Cloud MLM Software Solutions. Nous d\u00e9veloppons des sites Web r\u00e9actifs, dynamiques et conviviaux qui correspondent \u00e0 vos objectifs commerciaux, garantissant une exp\u00e9rience fluide et engageante pour vos utilisateurs. Essayer D\u00e9mo gratuite Transformez votre activit\u00e9 MLM en ligne : Solutions Web professionnelles [&hellip;]<\/p>\n","protected":false},"author":1,"featured_media":0,"parent":8123,"menu_order":0,"comment_status":"closed","ping_status":"closed","template":"webdevelopment-page.php","meta":{"_acf_changed":false,"footnotes":""},"class_list":["post-13170","page","type-page","status-publish","hentry"],"acf":[],"yoast_head":"<!-- This site is optimized with the Yoast SEO Premium plugin v23.6 (Yoast SEO v25.9) - https:\/\/yoast.com\/wordpress\/plugins\/seo\/ -->\n<title>Services de d\u00e9veloppement Web | Cr\u00e9ez des sites Web modernes et \u00e9volutifs<\/title>\n<meta name=\"description\" content=\"Services de d\u00e9veloppement Web pour cr\u00e9er des sites Web modernes, \u00e9volutifs et r\u00e9actifs. Am\u00e9liorez les fonctionnalit\u00e9s et l\u2019exp\u00e9rience utilisateur.\" \/>\n<meta name=\"robots\" content=\"index, follow, max-snippet:-1, max-image-preview:large, max-video-preview:-1\" \/>\n<link rel=\"canonical\" href=\"https:\/\/cloudmlmsoftware.com\/fr\/services\/developpement-web\/\" \/>\n<meta property=\"og:locale\" content=\"fr_FR\" \/>\n<meta property=\"og:type\" content=\"article\" \/>\n<meta property=\"og:title\" content=\"d\u00e9veloppement web\" \/>\n<meta property=\"og:description\" content=\"Services de d\u00e9veloppement Web pour cr\u00e9er des sites Web modernes, \u00e9volutifs et r\u00e9actifs. Am\u00e9liorez les fonctionnalit\u00e9s et l\u2019exp\u00e9rience utilisateur.\" \/>\n<meta property=\"og:url\" content=\"https:\/\/cloudmlmsoftware.com\/fr\/services\/developpement-web\/\" \/>\n<meta property=\"og:site_name\" content=\"Cloud MLM Software\" \/>\n<meta property=\"article:modified_time\" content=\"2024-11-08T09:27:26+00:00\" \/>\n<meta property=\"og:image\" content=\"https:\/\/cloudmlmsoftware.com\/wp-content\/themes\/cloudmlmdemo\/assets\/images\/banner\/ServicesBanner.webp\" \/>\n<meta name=\"twitter:card\" content=\"summary_large_image\" \/>\n<meta name=\"twitter:label1\" content=\"Dur\u00e9e de lecture estim\u00e9e\" \/>\n\t<meta name=\"twitter:data1\" content=\"5 minutes\" \/>\n<!-- \/ Yoast SEO Premium plugin. -->","yoast_head_json":{"title":"Services de d\u00e9veloppement Web | Cr\u00e9ez des sites Web modernes et \u00e9volutifs","description":"Services de d\u00e9veloppement Web pour cr\u00e9er des sites Web modernes, \u00e9volutifs et r\u00e9actifs. Am\u00e9liorez les fonctionnalit\u00e9s et l\u2019exp\u00e9rience utilisateur.","robots":{"index":"index","follow":"follow","max-snippet":"max-snippet:-1","max-image-preview":"max-image-preview:large","max-video-preview":"max-video-preview:-1"},"canonical":"https:\/\/cloudmlmsoftware.com\/fr\/services\/developpement-web\/","og_locale":"fr_FR","og_type":"article","og_title":"d\u00e9veloppement web","og_description":"Services de d\u00e9veloppement Web pour cr\u00e9er des sites Web modernes, \u00e9volutifs et r\u00e9actifs. Am\u00e9liorez les fonctionnalit\u00e9s et l\u2019exp\u00e9rience utilisateur.","og_url":"https:\/\/cloudmlmsoftware.com\/fr\/services\/developpement-web\/","og_site_name":"Cloud MLM Software","article_modified_time":"2024-11-08T09:27:26+00:00","og_image":[{"url":"https:\/\/cloudmlmsoftware.com\/wp-content\/themes\/cloudmlmdemo\/assets\/images\/banner\/ServicesBanner.webp","type":"","width":"","height":""}],"twitter_card":"summary_large_image","twitter_misc":{"Dur\u00e9e de lecture estim\u00e9e":"5 minutes"},"schema":{"@context":"https:\/\/schema.org","@graph":[{"@type":"WebPage","@id":"https:\/\/cloudmlmsoftware.com\/fr\/services\/developpement-web\/","url":"https:\/\/cloudmlmsoftware.com\/fr\/services\/developpement-web\/","name":"Services de d\u00e9veloppement Web | Cr\u00e9ez des sites Web modernes et \u00e9volutifs","isPartOf":{"@id":"https:\/\/cloudmlmsoftware.com\/fr\/#website"},"primaryImageOfPage":{"@id":"https:\/\/cloudmlmsoftware.com\/fr\/services\/developpement-web\/#primaryimage"},"image":{"@id":"https:\/\/cloudmlmsoftware.com\/fr\/services\/developpement-web\/#primaryimage"},"thumbnailUrl":"https:\/\/cloudmlmsoftware.com\/wp-content\/themes\/cloudmlmdemo\/assets\/images\/banner\/ServicesBanner.webp","datePublished":"2024-03-22T13:59:08+00:00","dateModified":"2024-11-08T09:27:26+00:00","description":"Services de d\u00e9veloppement Web pour cr\u00e9er des sites Web modernes, \u00e9volutifs et r\u00e9actifs. Am\u00e9liorez les fonctionnalit\u00e9s et l\u2019exp\u00e9rience utilisateur.","breadcrumb":{"@id":"https:\/\/cloudmlmsoftware.com\/fr\/services\/developpement-web\/#breadcrumb"},"inLanguage":"fr-FR","potentialAction":[{"@type":"ReadAction","target":["https:\/\/cloudmlmsoftware.com\/fr\/services\/developpement-web\/"]}]},{"@type":"ImageObject","inLanguage":"fr-FR","@id":"https:\/\/cloudmlmsoftware.com\/fr\/services\/developpement-web\/#primaryimage","url":"https:\/\/cloudmlmsoftware.com\/wp-content\/themes\/cloudmlmdemo\/assets\/images\/banner\/ServicesBanner.webp","contentUrl":"https:\/\/cloudmlmsoftware.com\/wp-content\/themes\/cloudmlmdemo\/assets\/images\/banner\/ServicesBanner.webp"},{"@type":"BreadcrumbList","@id":"https:\/\/cloudmlmsoftware.com\/fr\/services\/developpement-web\/#breadcrumb","itemListElement":[{"@type":"ListItem","position":1,"name":"Home","item":"https:\/\/cloudmlmsoftware.com\/fr\/"},{"@type":"ListItem","position":2,"name":"Services","item":"https:\/\/cloudmlmsoftware.com\/fr\/services\/"},{"@type":"ListItem","position":3,"name":"d\u00e9veloppement web"}]},{"@type":"WebSite","@id":"https:\/\/cloudmlmsoftware.com\/fr\/#website","url":"https:\/\/cloudmlmsoftware.com\/fr\/","name":"Cloud MLM Software","description":"","publisher":{"@id":"https:\/\/cloudmlmsoftware.com\/fr\/#organization"},"potentialAction":[{"@type":"SearchAction","target":{"@type":"EntryPoint","urlTemplate":"https:\/\/cloudmlmsoftware.com\/fr\/?s={search_term_string}"},"query-input":{"@type":"PropertyValueSpecification","valueRequired":true,"valueName":"search_term_string"}}],"inLanguage":"fr-FR"},{"@type":"Organization","@id":"https:\/\/cloudmlmsoftware.com\/fr\/#organization","name":"Cloud MLM Software","url":"https:\/\/cloudmlmsoftware.com\/fr\/","logo":{"@type":"ImageObject","inLanguage":"fr-FR","@id":"https:\/\/cloudmlmsoftware.com\/fr\/#\/schema\/logo\/image\/","url":"https:\/\/cloudmlmsoftware.com\/wp-content\/uploads\/2024\/09\/cloudmlm-logo.webp","contentUrl":"https:\/\/cloudmlmsoftware.com\/wp-content\/uploads\/2024\/09\/cloudmlm-logo.webp","width":200,"height":40,"caption":"Cloud MLM Software"},"image":{"@id":"https:\/\/cloudmlmsoftware.com\/fr\/#\/schema\/logo\/image\/"}}]}},"_links":{"self":[{"href":"https:\/\/cloudmlmsoftware.com\/fr\/wp-json\/wp\/v2\/pages\/13170","targetHints":{"allow":["GET"]}}],"collection":[{"href":"https:\/\/cloudmlmsoftware.com\/fr\/wp-json\/wp\/v2\/pages"}],"about":[{"href":"https:\/\/cloudmlmsoftware.com\/fr\/wp-json\/wp\/v2\/types\/page"}],"author":[{"embeddable":true,"href":"https:\/\/cloudmlmsoftware.com\/fr\/wp-json\/wp\/v2\/users\/1"}],"replies":[{"embeddable":true,"href":"https:\/\/cloudmlmsoftware.com\/fr\/wp-json\/wp\/v2\/comments?post=13170"}],"version-history":[{"count":0,"href":"https:\/\/cloudmlmsoftware.com\/fr\/wp-json\/wp\/v2\/pages\/13170\/revisions"}],"up":[{"embeddable":true,"href":"https:\/\/cloudmlmsoftware.com\/fr\/wp-json\/wp\/v2\/pages\/8123"}],"wp:attachment":[{"href":"https:\/\/cloudmlmsoftware.com\/fr\/wp-json\/wp\/v2\/media?parent=13170"}],"curies":[{"name":"wp","href":"https:\/\/api.w.org\/{rel}","templated":true}]}}