{"id":13149,"date":"2024-03-22T05:18:17","date_gmt":"2024-03-22T05:18:17","guid":{"rendered":"https:\/\/cloudmlmsoftware.com\/services\/developpement-magento\/"},"modified":"2024-11-08T10:27:12","modified_gmt":"2024-11-08T10:27:12","slug":"developpement-magento","status":"publish","type":"page","link":"https:\/\/cloudmlmsoftware.com\/fr\/services\/developpement-magento\/","title":{"rendered":"d\u00e9veloppement magento"},"content":{"rendered":"\n<div class=\"bannerBgcolor BannerBg pt-16 relative overflow-hidden\">\n   <div class=\"animation-wrapper\">\n      <div class=\"particle particle-1\"><\/div>\n      <div class=\"particle particle-2\"><\/div>\n      <div class=\"particle particle-3\"><\/div>\n      <div class=\"particle particle-4\"><\/div>\n   <\/div>\n   <div class=\"container mx-auto pt-2 md:h-[600px] sm:h-[400px] h-[500px] overflow-hidden relative z-1\">\n      <div class=\"flex flex-wrap items-center\">\n         <div class=\"w-full md:w-10\/12 mx-auto text-center pt-10 mb-8\">\n            <h1 class=\"lg:text-mainTitleFontSize sm:text-3xl text-3xl text-white lg:leading-snug capitalize\"> D\u00e9veloppement <span class=\"font-bold animate-charcter-offwhite\">Magento<\/span> <\/h1>\n            <p class=\"offWhite pt-3 text-md md:text-lg font-light md:w-11\/12 mx-auto\">Software Solutions est une soci\u00e9t\u00e9 leader de d\u00e9veloppement Magento o\u00f9 vous pouvez trouver des comp\u00e9tences Magento de niveau master. Nous fournissons des sites Web Magento \u00e9volutifs et performants pour votre entreprise. <\/p>\n<div class=\"w-8\/12 mx-auto text-center pt-6\">\n<a href=\"https:\/\/demo.cloudmlmsoftware.com\" class=\"button primaryColor px-4 py-3 w-[132px] mx-auto rounded-md text-white md:flex text-sm md:text-md sm:block btn1\">Essayez la d\u00e9mo gratuite  <\/a>\n<\/div>\n         <\/div>\n         <div class=\"w-full p-4 relative z-9\">\n<img fetchpriority=\"high\" decoding=\"async\" src=\"https:\/\/cloudmlmsoftware.com\/wp-content\/themes\/cloudmlmdemo\/assets\/images\/banner\/ServicesBanner.webp\" alt=\"logiciel MLM\" width=\"900\" height=\"643\" class=\"mx-auto\"\/>\n<img decoding=\"async\" src=\"\/wp-content\/uploads\/2024\/08\/seraniImg1.webp\" alt=\"logiciel MLM\" width=\"32\" height=\"32\" class=\"sevraniImg sevraniImg1\"\/>\n<img decoding=\"async\" src=\"\/wp-content\/uploads\/2024\/08\/seraniImg2.webp\" alt=\"logiciel MLM\" width=\"20\" height=\"20\" class=\"sevraniImg sevraniImg2\"\/>\n<img loading=\"lazy\" decoding=\"async\" src=\"\/wp-content\/uploads\/2024\/08\/seraniImg3.webp\" alt=\"logiciel MLM\" width=\"28\" height=\"28\" class=\"sevraniImg sevraniImg3\"\/>\n<img loading=\"lazy\" decoding=\"async\" src=\"\/wp-content\/uploads\/2024\/08\/seraniImg4.webp\" alt=\"logiciel MLM\" width=\"24\" height=\"24\" class=\"sevraniImg sevraniImg4\"\/>\n<img loading=\"lazy\" decoding=\"async\" src=\"\/wp-content\/uploads\/2024\/08\/seraniImg5.webp\" alt=\"logiciel MLM\" width=\"34\" height=\"34\" class=\"sevraniImg sevraniImg5\"\/>\n<img loading=\"lazy\" decoding=\"async\" src=\"\/wp-content\/uploads\/2024\/08\/seraniImg6.webp\" alt=\"logiciel MLM\" width=\"24\" height=\"24\" class=\"sevraniImg sevraniImg6\"\/>\n<img loading=\"lazy\" decoding=\"async\" src=\"\/wp-content\/uploads\/2024\/08\/seraniImg7.webp\" alt=\"logiciel MLM\" width=\"24\" height=\"24\" class=\"sevraniImg sevraniImg7\"\/>\n<img loading=\"lazy\" decoding=\"async\" src=\"\/wp-content\/uploads\/2024\/08\/seraniImg8.webp\" alt=\"logiciel MLM\" width=\"24\" height=\"24\" class=\"sevraniImg sevraniImg8\"\/>\n<\/div>\n      <\/div>\n   <\/div>\n<\/div>\n<!-- ************************************************************************************* --> \n<section class=\"p-sectionpadding\">\n   <div class=\"container mx-auto pt-20\">\n      <!-- Left side box --> \n      <div class=\"flex flex-wrap lg:space-x-8\">\n         <div class=\"relative hidden lg:flex lg:flex-1 w-full lg:w-4\/12 primaryColor rounded-2xl p-12 pb-0 mb-2\"> <img decoding=\"async\" src=\"\/wp-content\/uploads\/2024\/08\/majento3.webp\" alt=\"Image\" class=\"absolute bottom-0 left-0 right-0 mx-auto w-[70%]\"\/> <\/div>\n         <div class=\"w-full lg:w-8\/12 lighter flex-col flex justify-center rounded-2xl overflow-hidden p-12 mb-2\">\n            <h2 class=\"md:text-TitlesemiFontSize text-2xl lg:leading-snug capitalize\">\u00c0 propos du commerce <span class=\"font-bold\">\u00e9lectronique Magento<\/span> <\/h2>\n            <p class=\"text-textpara font-light leading-6 py-3\">Plateforme de commerce \u00e9lectronique Magento concernant le choix d&#8217;entreprises open source de commerce \u00e9lectronique le plus grand et le plus populaire au monde, avec une part de march\u00e9 d&#8217;environ 25 %. C&#8217;est la solution id\u00e9ale pour les commer\u00e7ants en ligne car elle offre des services importants et une facilit\u00e9 d&#8217;utilisation aux clients et aux g\u00e9rants de magasins. Avec cette plateforme, vous pouvez facilement am\u00e9liorer votre rentabilit\u00e9 gr\u00e2ce \u00e0 une mise en \u0153uvre rentable, une augmentation du nombre de visiteurs, un support multilingue et multi-pays, etc.  <\/p>\n            <p class=\"text-textpara font-light leading-6 pb-3\">Il se d\u00e9veloppe en tant que magnat du secteur des CMS de commerce \u00e9lectronique. Nous avons une \u00e9quipe de d\u00e9veloppeurs Magento certifi\u00e9s avec des ann\u00e9es d&#8217;exp\u00e9rience et une sp\u00e9cialisation dans l&#8217;orientation e-commerce sur le Web et nous pr\u00e9sentons donc \u00e9galement des conceptions Web Magento personnalis\u00e9es. <\/p>\n         <\/div>\n      <\/div>\n   <\/div>\n<\/section>\n<!-- ************************** --> \n<section class=\"p-sectionpadding\">\n   <div class=\"container mx-auto\">\n      <!-- Left side box --> \n      <div class=\"flex flex-wrap items-center p-4\">\n         <div class=\" w-full md:w-6\/12 pb-4\">\n            <h3 class=\"md:text-TitlesemiFontSize text-2xl lg:leading-snug capitalize mt-4\"> Fonctionnalit\u00e9s du d\u00e9veloppement <span class=\"font-bold\">Magento de Cloud MLM<\/span> <\/h3>\n            <ul class=\"flex flex-wrap space-x-2 mt-5 list1\">\n               <li class=\"text-textpara contentColor font-light leading-6 mb-3 ml-2\">Solutions personnalis\u00e9es -Nous fournissons des solutions personnalis\u00e9es avec une int\u00e9gration coh\u00e9rente<\/li>\n               <li class=\"text-textpara contentColor font-light leading-6 mb-3 ml-2\">Flexibilit\u00e9 pour s\u00e9lectionner le service d&#8217;h\u00e9bergement<\/li>\n               <li class=\"text-textpara contentColor font-light leading-6 mb-3 ml-2\">Support d&#8217;horloge &#8211; Vendez vos produits 24 x 7 heures<\/li>\n               <li class=\"text-textpara contentColor font-light leading-6 mb-3 ml-2\">Modules sur mesure<\/li>\n               <li class=\"text-textpara contentColor font-light leading-6 mb-3 ml-2\">Achats s\u00e9curis\u00e9s &#8211; Nous offrons un achat hautement s\u00e9curis\u00e9 et s\u00e9curis\u00e9<\/li>\n               <li class=\"text-textpara contentColor font-light leading-6 mb-3 ml-2\">Faibles frais de fonctionnement<\/li>\n               <li class=\"text-textpara contentColor font-light leading-6 mb-3 ml-2\">\u00c9tiquette de prix \u2013 Nous recherchons des \u00e9tiquettes de prix comp\u00e9titives <\/li>\n               <li class=\"text-textpara contentColor font-light leading-6 mb-3 ml-2\">Communaut\u00e9 active <\/li>\n            <\/ul>\n         <\/div>\n         <div class=\"w-full md:w-6\/12 pl-0 md:pl-16 mt-4\"> <img decoding=\"async\" src=\"\/wp-content\/uploads\/2024\/08\/majentoApi.webp\" alt=\"Image\" class=\"w-full\"\/> <\/div>\n      <\/div>\n   <\/div>\n<\/section>\n<!-- ************************** --> \n<section class=\"p-sectionpadding\">\n   <div class=\"container mx-auto\">\n      <div class=\"relative darklight rounded-2xl p-12 md:p-12 py-16 overflow-hidden\">\n         <!-- Left side box --> \n         <div class=\"flex flex-wrap items-center mt-4\">\n            <div class=\"relative w-full md:w-3\/12 left-0 md:left-[-50px]\"> <img decoding=\"async\" src=\"\/wp-content\/uploads\/2024\/08\/cloud-magento.webp\" alt=\"Image\" class=\"w-full\"\/> <\/div>\n            <div class=\" w-full md:w-9\/12 pb-4 mt-4\">\n               <h3 class=\"md:text-TitlesemiFontSize text-2xl text-white lg:leading-snug capitalize\">Qu\u2019est-ce que le <span class=\"font-bold\">d\u00e9veloppement Magento ?<\/span>  <\/h3>\n               <p class=\"text-textpara font-light leading-6 offWhite py-3\">Les solutions logicielles sont une expertise dans le domaine de la conception et du d\u00e9veloppement de Magento. Magento offre de nombreux avantages : des solutions de commerce \u00e9lectronique personnalisables et \u00e9volutives, des capacit\u00e9s de r\u00e9f\u00e9rencement robustes, un vaste march\u00e9 de plugins et d&#8217;extensions, une conception adapt\u00e9e aux mobiles, des outils marketing puissants, une gestion multi-magasins et un solide soutien communautaire.  <\/p>\n            <\/div>\n         <\/div>\n      <\/div>\n   <\/div>\n<\/section>\n<!-- ************************** --> \n<section class=\"p-sectionpadding\">\n   <div class=\"container mx-auto\">\n      <div class=\"flex flex-wrap\">\n         <div class=\"w-full md:w-6\/12\">\n            <h3 class=\"lg:text-TitlesemiFontSize text-2xl titleColor lg:leading-snug mt-3\"> Certains des <span class=\"font-bold\">avantages <\/span>  <\/h3>\n            <p class=\"text-textSubtitle contentColor text-sm font-light pt-5 leading-6 mb-3\"> Magento vous permet de bien jouer vos cartes. Il fournit une collection de fonctionnalit\u00e9s flexibles et des milliers d&#8217;extensions avec lesquelles vous pouvez jouer pour cr\u00e9er une solution parfaite pour vos besoins de commerce \u00e9lectronique.  <\/p>\n         <\/div>\n         <div class=\"w-full flex flex-wrap pt-2 justify-between\">\n            <div class=\"magentotBgDark px-16 py-16 rounded-xl mt-3 w-full lg:w-1\/3 lg:my-4 my-0 lg:mt-[27px] relative overflow-hidden\">\n               <img decoding=\"async\" src=\"\/wp-content\/uploads\/2024\/07\/magentologolight.webp\"\/> \n               <p class=\"text-white text-3xl mt-4\">Riche en fonctionnalit\u00e9s et puissant<\/p>\n               <img decoding=\"async\" src=\"\/wp-content\/uploads\/2024\/07\/magentolightIcon.webp\" class=\"absolute bottom-[-20px] right-[-40px]\"\/> \n            <\/div>\n            <div class=\"w-full lg:w-1\/3 px-0 lg:px-4 lg:py-4 py-0 flex flex-col justify-between pl-0 lg:pl-8\">\n               <div class=\"lighter px-8 py-10 rounded-xl mt-3 text-lg text-center\"> Avec notre \u00e9quipe de d\u00e9veloppeurs Magento agr\u00e9\u00e9s et professionnels, chaque site Web est enti\u00e8rement optimis\u00e9 pour la persistance et l\u2019efficacit\u00e9. <\/div>\n               <div class=\"lighter px-10 py-12 rounded-xl mt-3 text-lg text-center\"> Nous prot\u00e9geons les boutiques en ligne de nos clients Magento avec une surveillance continue et des am\u00e9liorations du site. De l\u2019int\u00e9gration de nouvelles fonctionnalit\u00e9s aux crashs de sites Web, nous offrons une protection imm\u00e9diate.  <\/div>\n            <\/div>\n            <div class=\"w-full lg:w-1\/3 px-0 lg:px-4 lg:py-4 py-0 flex flex-col justify-between\">\n               <div class=\"lighter px-10 py-12 rounded-xl mt-3 text-lg text-center\"> Des services tels que la gestion de catalogue et le commerce mobile aident \u00e0 \u00e9largir votre client\u00e8le, tandis que les outils de marketing et d&#8217;analyse vous aident \u00e0 contr\u00f4ler ce qui fonctionne et ce qui ne fonctionne pas. <\/div>\n               <div class=\"lighter px-10 py-[55px] rounded-xl mt-3 text-lg text-center mt-8\"> Nos d\u00e9veloppeurs Magento certifi\u00e9s cr\u00e9ent des extensions fiables qui augmentent la productivit\u00e9 et les revenus. <\/div>\n            <\/div>\n         <\/div>\n      <\/div>\n   <\/div>\n<\/section>\n<!-- ************************************************************************************* --> \n<section class=\"p-sectionpadding\">\n   <div class=\"container mx-auto\">\n      <div class=\"flex flex-wrap items-center\">\n         <div class=\"w-full darkblue py-12 px-3 lg:px-12 rounded-2xl\">\n            <div class=\"relative z-10 pl-6 lg:pl-0\">\n               <div class=\"text-left lg:text-center\">\n                  <h3 class=\"text-white text-3xl lg:leading-snug capitalize mb-5 w-full lg:w-4\/12 mx-auto\"> Services de <span class=\"font-bold\">d\u00e9veloppement Magento<\/span> <\/h3>\n                  <p class=\"text-white mb-6 w-full lg:w-8\/12 mx-auto font-light\">Notre \u00e9quipe de d\u00e9veloppeurs poss\u00e8de toutes les comp\u00e9tences n\u00e9cessaires pour d\u00e9velopper des boutiques de commerce \u00e9lectronique modernes et \u00e0 grande \u00e9chelle qui r\u00e9pondent aux besoins de votre entreprise. Si vous souhaitez nous choisir pour votre projet, v\u00e9rifiez nos services li\u00e9s \u00e0 Magento : <\/p>\n               <\/div>\n               <div class=\"flex flex-wrap mt-16 w-full md:w-10\/12 mx-auto\">\n                  <div class=\"w-full md:w-1\/2 font-light\">\n                     <ul class=\"flex flex-wrap space-x-2 list1 \">\n                        <li class=\"text-textpara offWhite font-light leading-6 mb-3 ml-2\">Conception de commerce \u00e9lectronique Magento<\/li>\n                        <li class=\"text-textpara offWhite font-light leading-6 mb-3 ml-2\">Personnalisation Magento<\/li>\n                        <li class=\"text-textpara offWhite font-light leading-6 mb-3 ml-2\">D\u00e9veloppement du commerce \u00e9lectronique Magento<\/li>\n                        <li class=\"text-textpara offWhite font-light leading-6 mb-3 ml-2\">D\u00e9veloppement de th\u00e8me Magento<\/li>\n                        <li class=\"text-textpara offWhite font-light leading-6 mb-3 ml-2\">D\u00e9veloppement de vitrine Magento personnalis\u00e9e<\/li>\n                        <li class=\"text-textpara offWhite font-light leading-6 mb-3 ml-2\">D\u00e9veloppement de sites Web Magento<\/li>\n                     <\/ul>\n                  <\/div>\n                  <div class=\"w-full md:w-1\/2 font-light\">\n                     <ul class=\"flex flex-wrap space-x-2 list1\">\n                        <li class=\"text-textpara offWhite font-light leading-6 mb-3 ml-2\">Services de conception de th\u00e8mes Magento personnalis\u00e9s<\/li>\n                        <li class=\"text-textpara offWhite font-light leading-6 mb-3 ml-2\">Int\u00e9gration de la passerelle de paiement Magento<\/li>\n                        <li class=\"text-textpara offWhite font-light leading-6 mb-3 ml-2\">Services de marketing et d&#8217;optimisation du commerce \u00e9lectronique Magento<\/li>\n                        <li class=\"text-textpara offWhite font-light leading-6 mb-3 ml-2\">Int\u00e9gration des m\u00e9thodes d&#8217;exp\u00e9dition Magento<\/li>\n                        <li class=\"text-textpara offWhite font-light leading-6 mb-3 ml-2\">Services de skinning Magento<\/li>\n                     <\/ul>\n                  <\/div>\n               <\/div>\n            <\/div>\n         <\/div>\n      <\/div>\n   <\/div>\n<\/section>\n<!-- ************************************************************************************* --> \n<section class=\"p-sectionpadding\">\n   <div class=\"container mx-auto\">\n      <div class=\"relative lighter rounded-2xl p-6 md:p-12 py-16 overflow-hidden\">\n         <!-- Left side box --> \n         <div class=\"flex flex-wrap md:flex-row flex-col-reverse\">\n            <div class=\" w-full md:w-9\/12 pb-4\">\n               <h4 class=\"md:text-TitlesemiFontSize text-2xl lg:leading-snug capitalize\"> <span class=\"font-bold\">Efficacit\u00e9<\/span> dans le d\u00e9veloppement de sites Web Magento <\/h4>\n               <p class=\"text-textpara font-light leading-6 py-3\">Aujourd&#8217;hui, Magento est devenu le premier nom en mati\u00e8re de conception et de d\u00e9veloppement de sites Web de commerce \u00e9lectronique. The Cloud MLM Software Solutions est une soci\u00e9t\u00e9 de d\u00e9veloppement de sites Web Magento efficace. Nous fournissons une plate-forme utile pour les services de d\u00e9veloppement Magento int\u00e9grant des capacit\u00e9s permettant d&#8217;assurer la meilleure pr\u00e9sence commerciale dans le domaine Web. Nous remarquerons les mod\u00e8les de d\u00e9veloppement Magento les plus remarquables et les plus rentables pour votre d\u00e9veloppement de commerce \u00e9lectronique.    <\/p>\n            <\/div>\n            <div class=\"relative w-full md:w-3\/12 bottom-0 right-0 mb-6 md:mb-0 pl-0 md:pl-12\"> <img decoding=\"async\" src=\"\/wp-content\/uploads\/2024\/08\/majento4.webp\" alt=\"Image\" class=\"w-full\"\/> <\/div>\n         <\/div>\n      <\/div>\n   <\/div>\n<\/section>\n","protected":false},"excerpt":{"rendered":"<p>D\u00e9veloppement Magento Software Solutions est une soci\u00e9t\u00e9 leader de d\u00e9veloppement Magento o\u00f9 vous pouvez trouver des comp\u00e9tences Magento de niveau master. Nous fournissons des sites Web Magento \u00e9volutifs et performants pour votre entreprise. Essayez la d\u00e9mo gratuite \u00c0 propos du commerce \u00e9lectronique Magento Plateforme de commerce \u00e9lectronique Magento concernant le choix d&#8217;entreprises open source de [&hellip;]<\/p>\n","protected":false},"author":1,"featured_media":0,"parent":8123,"menu_order":0,"comment_status":"closed","ping_status":"closed","template":"magento-page.php","meta":{"_acf_changed":false,"footnotes":""},"class_list":["post-13149","page","type-page","status-publish","hentry"],"acf":[],"yoast_head":"<!-- This site is optimized with the Yoast SEO Premium plugin v23.6 (Yoast SEO v25.9) - https:\/\/yoast.com\/wordpress\/plugins\/seo\/ -->\n<title>Services de d\u00e9veloppement Magento | Cr\u00e9ez des sites de commerce \u00e9lectronique robustes<\/title>\n<meta name=\"description\" content=\"Services de d\u00e9veloppement Magento offrant des solutions de boutique en ligne riches en fonctionnalit\u00e9s, s\u00e9curis\u00e9es et conviviales pour tous vos besoins de commerce \u00e9lectronique.\" \/>\n<meta name=\"robots\" content=\"index, follow, max-snippet:-1, max-image-preview:large, max-video-preview:-1\" \/>\n<link rel=\"canonical\" href=\"https:\/\/cloudmlmsoftware.com\/fr\/services\/developpement-magento\/\" \/>\n<meta property=\"og:locale\" content=\"fr_FR\" \/>\n<meta property=\"og:type\" content=\"article\" \/>\n<meta property=\"og:title\" content=\"d\u00e9veloppement magento\" \/>\n<meta property=\"og:description\" content=\"Services de d\u00e9veloppement Magento offrant des solutions de boutique en ligne riches en fonctionnalit\u00e9s, s\u00e9curis\u00e9es et conviviales pour tous vos besoins de commerce \u00e9lectronique.\" \/>\n<meta property=\"og:url\" content=\"https:\/\/cloudmlmsoftware.com\/fr\/services\/developpement-magento\/\" \/>\n<meta property=\"og:site_name\" content=\"Cloud MLM Software\" \/>\n<meta property=\"article:modified_time\" content=\"2024-11-08T10:27:12+00:00\" \/>\n<meta property=\"og:image\" content=\"https:\/\/cloudmlmsoftware.com\/wp-content\/themes\/cloudmlmdemo\/assets\/images\/banner\/ServicesBanner.webp\" \/>\n<meta name=\"twitter:card\" content=\"summary_large_image\" \/>\n<meta name=\"twitter:label1\" content=\"Dur\u00e9e de lecture estim\u00e9e\" \/>\n\t<meta name=\"twitter:data1\" content=\"4 minutes\" \/>\n<!-- \/ Yoast SEO Premium plugin. -->","yoast_head_json":{"title":"Services de d\u00e9veloppement Magento | Cr\u00e9ez des sites de commerce \u00e9lectronique robustes","description":"Services de d\u00e9veloppement Magento offrant des solutions de boutique en ligne riches en fonctionnalit\u00e9s, s\u00e9curis\u00e9es et conviviales pour tous vos besoins de commerce \u00e9lectronique.","robots":{"index":"index","follow":"follow","max-snippet":"max-snippet:-1","max-image-preview":"max-image-preview:large","max-video-preview":"max-video-preview:-1"},"canonical":"https:\/\/cloudmlmsoftware.com\/fr\/services\/developpement-magento\/","og_locale":"fr_FR","og_type":"article","og_title":"d\u00e9veloppement magento","og_description":"Services de d\u00e9veloppement Magento offrant des solutions de boutique en ligne riches en fonctionnalit\u00e9s, s\u00e9curis\u00e9es et conviviales pour tous vos besoins de commerce \u00e9lectronique.","og_url":"https:\/\/cloudmlmsoftware.com\/fr\/services\/developpement-magento\/","og_site_name":"Cloud MLM Software","article_modified_time":"2024-11-08T10:27:12+00:00","og_image":[{"url":"https:\/\/cloudmlmsoftware.com\/wp-content\/themes\/cloudmlmdemo\/assets\/images\/banner\/ServicesBanner.webp","type":"","width":"","height":""}],"twitter_card":"summary_large_image","twitter_misc":{"Dur\u00e9e de lecture estim\u00e9e":"4 minutes"},"schema":{"@context":"https:\/\/schema.org","@graph":[{"@type":"WebPage","@id":"https:\/\/cloudmlmsoftware.com\/fr\/services\/developpement-magento\/","url":"https:\/\/cloudmlmsoftware.com\/fr\/services\/developpement-magento\/","name":"Services de d\u00e9veloppement Magento | Cr\u00e9ez des sites de commerce \u00e9lectronique robustes","isPartOf":{"@id":"https:\/\/cloudmlmsoftware.com\/fr\/#website"},"primaryImageOfPage":{"@id":"https:\/\/cloudmlmsoftware.com\/fr\/services\/developpement-magento\/#primaryimage"},"image":{"@id":"https:\/\/cloudmlmsoftware.com\/fr\/services\/developpement-magento\/#primaryimage"},"thumbnailUrl":"https:\/\/cloudmlmsoftware.com\/wp-content\/themes\/cloudmlmdemo\/assets\/images\/banner\/ServicesBanner.webp","datePublished":"2024-03-22T05:18:17+00:00","dateModified":"2024-11-08T10:27:12+00:00","description":"Services de d\u00e9veloppement Magento offrant des solutions de boutique en ligne riches en fonctionnalit\u00e9s, s\u00e9curis\u00e9es et conviviales pour tous vos besoins de commerce \u00e9lectronique.","breadcrumb":{"@id":"https:\/\/cloudmlmsoftware.com\/fr\/services\/developpement-magento\/#breadcrumb"},"inLanguage":"fr-FR","potentialAction":[{"@type":"ReadAction","target":["https:\/\/cloudmlmsoftware.com\/fr\/services\/developpement-magento\/"]}]},{"@type":"ImageObject","inLanguage":"fr-FR","@id":"https:\/\/cloudmlmsoftware.com\/fr\/services\/developpement-magento\/#primaryimage","url":"https:\/\/cloudmlmsoftware.com\/wp-content\/themes\/cloudmlmdemo\/assets\/images\/banner\/ServicesBanner.webp","contentUrl":"https:\/\/cloudmlmsoftware.com\/wp-content\/themes\/cloudmlmdemo\/assets\/images\/banner\/ServicesBanner.webp"},{"@type":"BreadcrumbList","@id":"https:\/\/cloudmlmsoftware.com\/fr\/services\/developpement-magento\/#breadcrumb","itemListElement":[{"@type":"ListItem","position":1,"name":"Home","item":"https:\/\/cloudmlmsoftware.com\/fr\/"},{"@type":"ListItem","position":2,"name":"Services","item":"https:\/\/cloudmlmsoftware.com\/fr\/services\/"},{"@type":"ListItem","position":3,"name":"d\u00e9veloppement magento"}]},{"@type":"WebSite","@id":"https:\/\/cloudmlmsoftware.com\/fr\/#website","url":"https:\/\/cloudmlmsoftware.com\/fr\/","name":"Cloud MLM Software","description":"","publisher":{"@id":"https:\/\/cloudmlmsoftware.com\/fr\/#organization"},"potentialAction":[{"@type":"SearchAction","target":{"@type":"EntryPoint","urlTemplate":"https:\/\/cloudmlmsoftware.com\/fr\/?s={search_term_string}"},"query-input":{"@type":"PropertyValueSpecification","valueRequired":true,"valueName":"search_term_string"}}],"inLanguage":"fr-FR"},{"@type":"Organization","@id":"https:\/\/cloudmlmsoftware.com\/fr\/#organization","name":"Cloud MLM Software","url":"https:\/\/cloudmlmsoftware.com\/fr\/","logo":{"@type":"ImageObject","inLanguage":"fr-FR","@id":"https:\/\/cloudmlmsoftware.com\/fr\/#\/schema\/logo\/image\/","url":"https:\/\/cloudmlmsoftware.com\/wp-content\/uploads\/2024\/09\/cloudmlm-logo.webp","contentUrl":"https:\/\/cloudmlmsoftware.com\/wp-content\/uploads\/2024\/09\/cloudmlm-logo.webp","width":200,"height":40,"caption":"Cloud MLM Software"},"image":{"@id":"https:\/\/cloudmlmsoftware.com\/fr\/#\/schema\/logo\/image\/"}}]}},"_links":{"self":[{"href":"https:\/\/cloudmlmsoftware.com\/fr\/wp-json\/wp\/v2\/pages\/13149","targetHints":{"allow":["GET"]}}],"collection":[{"href":"https:\/\/cloudmlmsoftware.com\/fr\/wp-json\/wp\/v2\/pages"}],"about":[{"href":"https:\/\/cloudmlmsoftware.com\/fr\/wp-json\/wp\/v2\/types\/page"}],"author":[{"embeddable":true,"href":"https:\/\/cloudmlmsoftware.com\/fr\/wp-json\/wp\/v2\/users\/1"}],"replies":[{"embeddable":true,"href":"https:\/\/cloudmlmsoftware.com\/fr\/wp-json\/wp\/v2\/comments?post=13149"}],"version-history":[{"count":0,"href":"https:\/\/cloudmlmsoftware.com\/fr\/wp-json\/wp\/v2\/pages\/13149\/revisions"}],"up":[{"embeddable":true,"href":"https:\/\/cloudmlmsoftware.com\/fr\/wp-json\/wp\/v2\/pages\/8123"}],"wp:attachment":[{"href":"https:\/\/cloudmlmsoftware.com\/fr\/wp-json\/wp\/v2\/media?parent=13149"}],"curies":[{"name":"wp","href":"https:\/\/api.w.org\/{rel}","templated":true}]}}