{"id":13112,"date":"2024-03-21T14:08:07","date_gmt":"2024-03-21T14:08:07","guid":{"rendered":"https:\/\/cloudmlmsoftware.com\/services\/developpement-opencart\/"},"modified":"2024-11-08T09:59:08","modified_gmt":"2024-11-08T09:59:08","slug":"developpement-opencart","status":"publish","type":"page","link":"https:\/\/cloudmlmsoftware.com\/fr\/services\/developpement-opencart\/","title":{"rendered":"d\u00e9veloppement opencart"},"content":{"rendered":"\n<div class=\"bannerBgcolor BannerBg pt-16 relative overflow-hidden\">\n   <div class=\"animation-wrapper\">\n      <div class=\"particle particle-1\"><\/div>\n      <div class=\"particle particle-2\"><\/div>\n      <div class=\"particle particle-3\"><\/div>\n      <div class=\"particle particle-4\"><\/div>\n   <\/div>\n   <div class=\"container mx-auto pt-2 md:h-[600px] sm:h-[400px] h-[550px] overflow-hidden relative z-1\">\n      <div class=\"flex flex-wrap items-center\">\n         <div class=\"w-full md:w-10\/12 mx-auto text-center pt-10 mb-8\">\n            <h1 class=\"lg:text-mainTitleFontSize sm:text-3xl text-3xl text-white lg:leading-snug capitalize\"> D\u00e9veloppement <span class=\"font-bold animate-charcter-offwhite\">Opencart<\/span> <\/h1>\n            <p class=\"offWhite pt-3 text-md md:text-lg font-light md:w-11\/12 mx-auto\">fournit des services de d\u00e9veloppement Opencart intelligents pour vous aider \u00e0 accomplir facilement et efficacement les t\u00e2ches commerciales compl\u00e8tes, \u00e0 am\u00e9liorer les performances de votre magasin, \u00e0 am\u00e9liorer votre perception du flux commercial et enfin \u00e0 mieux satisfaire les exigences de vos clients.<\/p>\n<div class=\"w-8\/12 mx-auto text-center pt-6\">\n<a href=\"https:\/\/demo.cloudmlmsoftware.com\" class=\"button primaryColor px-4 py-3 w-[132px] mx-auto rounded-md text-white md:flex text-sm md:text-md sm:block btn1\">Essayez la d\u00e9mo gratuite  <\/a>\n<\/div>\n         <\/div>\n        <div class=\"w-full p-4 relative z-9\">\n<img fetchpriority=\"high\" decoding=\"async\" src=\"https:\/\/cloudmlmsoftware.com\/wp-content\/themes\/cloudmlmdemo\/assets\/images\/banner\/ServicesBanner.webp\" alt=\"logiciel MLM\" width=\"900\" height=\"643\" class=\"mx-auto\"\/>\n<img decoding=\"async\" src=\"\/wp-content\/uploads\/2024\/08\/seraniImg1.webp\" alt=\"logiciel MLM\" width=\"32\" height=\"32\" class=\"sevraniImg sevraniImg1\"\/>\n<img decoding=\"async\" src=\"\/wp-content\/uploads\/2024\/08\/seraniImg2.webp\" alt=\"logiciel MLM\" width=\"20\" height=\"20\" class=\"sevraniImg sevraniImg2\"\/>\n<img loading=\"lazy\" decoding=\"async\" src=\"\/wp-content\/uploads\/2024\/08\/seraniImg3.webp\" alt=\"logiciel MLM\" width=\"28\" height=\"28\" class=\"sevraniImg sevraniImg3\"\/>\n<img loading=\"lazy\" decoding=\"async\" src=\"\/wp-content\/uploads\/2024\/08\/seraniImg4.webp\" alt=\"logiciel MLM\" width=\"24\" height=\"24\" class=\"sevraniImg sevraniImg4\"\/>\n<img loading=\"lazy\" decoding=\"async\" src=\"\/wp-content\/uploads\/2024\/08\/seraniImg5.webp\" alt=\"logiciel MLM\" width=\"34\" height=\"34\" class=\"sevraniImg sevraniImg5\"\/>\n<img loading=\"lazy\" decoding=\"async\" src=\"\/wp-content\/uploads\/2024\/08\/seraniImg6.webp\" alt=\"logiciel MLM\" width=\"24\" height=\"24\" class=\"sevraniImg sevraniImg6\"\/>\n<img loading=\"lazy\" decoding=\"async\" src=\"\/wp-content\/uploads\/2024\/08\/seraniImg7.webp\" alt=\"logiciel MLM\" width=\"24\" height=\"24\" class=\"sevraniImg sevraniImg7\"\/>\n<img loading=\"lazy\" decoding=\"async\" src=\"\/wp-content\/uploads\/2024\/08\/seraniImg8.webp\" alt=\"logiciel MLM\" width=\"24\" height=\"24\" class=\"sevraniImg sevraniImg8\"\/>\n<\/div>\n      <\/div>\n   <\/div>\n<\/div>\n<!-- ************************************************************************************* --> \n<section class=\"p-sectionpadding\">\n   <div class=\"container mx-auto mt-20\">\n      <div class=\"relative darklight rounded-2xl p-6 md:p-12 py-16 overflow-hidden\">\n         <!-- Left side box --> \n         <div class=\"flex flex-wrap md:flex-row flex-col-reverse\">\n            <div class=\"w-full md:w-9\/12 pb-4 md:pr-12 pr-0\">\n               <h2 class=\"md:text-TitlesemiFontSize text-2xl text-white lg:leading-snug capitalize\">Qu\u2019est-ce qu\u2019<span class=\"font-bold\">Opencart ?<\/span> <\/h2>\n               <p class=\"text-textpara font-light leading-6 offWhite py-3\">Opencart est l&#8217;une des solutions de panier d&#8217;achat open source dynamique dot\u00e9e de fonctionnalit\u00e9s riches. Il est convivial, convivial pour les moteurs de recherche et est livr\u00e9 avec une interface visuellement attrayante. Cette solution de commerce \u00e9lectronique aide les vendeurs en ligne \u00e0 cr\u00e9er leur propre entreprise en ligne et \u00e0 effectuer du commerce \u00e9lectronique \u00e0 moindre co\u00fbt.  <\/p>\n               <p class=\"text-textpara font-light leading-6 offWhite pb-3\">fournit des services de d\u00e9veloppement Opencart intelligents pour vous aider \u00e0 accomplir facilement et efficacement les t\u00e2ches commerciales compl\u00e8tes, \u00e0 am\u00e9liorer les performances de votre magasin, \u00e0 am\u00e9liorer votre perception du flux commercial et enfin \u00e0 mieux satisfaire les exigences de vos clients.<\/p>\n            <\/div>\n            <div class=\"relative w-full md:w-3\/12 bottom-0 right-0 mb-6 md:mb-0\"> <img decoding=\"async\" src=\"\/wp-content\/uploads\/2024\/08\/opencartservice.webp\" alt=\"Image\" class=\"w-full\"\/> <\/div>\n         <\/div>\n      <\/div>\n   <\/div>\n<\/section>\n<!-- ************************** --> \n<section class=\"p-sectionpadding\">\n   <div class=\"container mx-auto\">\n      <!-- Left side box --> \n      <div class=\"flex flex-wrap items-center\">\n         <div class=\"w-full md:w-6\/12 pr-0 md:pr-16 mt-4\"> <img decoding=\"async\" src=\"\/wp-content\/uploads\/2024\/08\/opencar-innerpage.webp\" alt=\"Image\" class=\"w-full\"\/> <\/div>\n         <div class=\" w-full md:w-6\/12 pb-4\">\n            <h2 class=\"md:text-TitlesemiFontSize text-2xl lg:leading-snug capitalize mt-4\">  <span class=\"font-bold\">Services de d\u00e9veloppement Opencart<\/span> que nous proposons <\/h2>\n            <ul class=\"flex flex-wrap space-x-2 mt-2 list1\">\n               <li class=\"text-textpara contentColor font-light leading-6 mb-3 ml-2\">Conception, d\u00e9veloppement et int\u00e9gration sur mesure<\/li>\n               <li class=\"text-textpara contentColor font-light leading-6 mb-3 ml-2\">Personnalisation \/ installation d&#8217;Opencart<\/li>\n               <li class=\"text-textpara contentColor font-light leading-6 mb-3 ml-2\">D\u00e9veloppement de boutique de commerce \u00e9lectronique personnalis\u00e9e<\/li>\n               <li class=\"text-textpara contentColor font-light leading-6 mb-3 ml-2\">Conception et d\u00e9veloppement de th\u00e8mes adaptables Opencart<\/li>\n               <li class=\"text-textpara contentColor font-light leading-6 mb-3 ml-2\">Services d&#8217;assistance et de maintenance<\/li>\n               <li class=\"text-textpara contentColor font-light leading-6 mb-3 ml-2\">Int\u00e9gration de la passerelle de paiement<\/li>\n               <li class=\"text-textpara contentColor font-light leading-6 mb-3 ml-2\">D\u00e9veloppement et personnalisation du module Opencart <\/li>\n            <\/ul>\n         <\/div>\n      <\/div>\n   <\/div>\n<\/section>\n<!-- ************************** --> \n<section class=\"p-sectionpadding\">\n   <div class=\"container mx-auto\">\n      <div class=\"relative darklight rounded-2xl p-6 md:p-12 py-16 overflow-hidden\">\n         <!-- Left side box --> \n         <div class=\"flex flex-wrap items-center mt-4\">\n            <div class=\"relative w-full md:w-3\/12\"> <img decoding=\"async\" src=\"\/wp-content\/uploads\/2024\/08\/opencart4.webp\" alt=\"Image\" class=\"w-full\"\/> <\/div>\n            <div class=\" w-full md:w-9\/12 pb-4 mt-4 pl-0 md:pl-12\">\n               <h2 class=\"md:text-TitlesemiFontSize text-2xl text-white lg:leading-snug capitalize\">Comment les <span class=\"font-bold\">services de d\u00e9veloppement Opencart<\/span> aident votre entreprise de commerce \u00e9lectronique ? <\/h2>\n               <p class=\"text-textpara font-light leading-6 offWhite py-3\">Aujourd&#8217;hui, diverses solutions de panier d&#8217;achat sont disponibles dans le secteur du marketing en ligne. Parmi ceux-ci, le logiciel de panier d\u2019achat de commerce \u00e9lectronique Opencart est en fait l\u2019outil le plus accessible. En plus de fournir une interface simple \u00e0 utiliser mais visuellement attrayante pour les portails de commerce \u00e9lectronique, il offre presque tout ce qu&#8217;il faut pour transformer un simple site de commerce \u00e9lectronique en un site attirant les ventes.  <\/p>\n               <p class=\"text-textpara font-light leading-6 offWhite pb-3\">Il existe la possibilit\u00e9 pour un sponsor d&#8217;utiliser un logiciel MLM et d&#8217;apporter un nombre illimit\u00e9 de r\u00e9f\u00e9rences. Cela peut \u00e9galement beaucoup contribuer \u00e0 leur r\u00e9ussite. <\/p>\n            <\/div>\n         <\/div>\n      <\/div>\n   <\/div>\n<\/section>\n<!-- ************************** --> \n<section class=\"p-sectionpadding\">\n   <div class=\"container mx-auto\">\n      <div class=\"flex flex-wrap\">\n         <div class=\"w-full md:w-6\/12\">\n            <h2 class=\"lg:text-TitlesemiFontSize text-2xl titleColor lg:leading-snug mt-3\"> Certains des <span class=\"font-bold\">avantages <\/span>  <\/h2>\n         <\/div>\n         <div class=\"w-full flex flex-wrap pt-2 justify-between\">\n            <div class=\"opencartBgDark px-10 py-16 rounded-xl mt-3 w-full lg:w-1\/3 lg:my-4 my-0 lg:mt-[27px] relative overflow-hidden\">\n               <img decoding=\"async\" src=\"\/wp-content\/uploads\/2024\/07\/opencartLogolight.webp\"\/> \n               <p class=\"text-white text-2xl mt-4\"><\/p>\n               <img decoding=\"async\" src=\"\/wp-content\/uploads\/2024\/07\/opencartlightIcon.webp\" class=\"absolute bottom-[-20px] right-[-40px]\"\/> \n            <\/div>\n            <div class=\"w-full lg:w-1\/3 px-0 lg:px-4 lg:py-4 py-0 flex flex-col justify-between pl-0 lg:pl-8\">\n               <div class=\"lighter px-8 py-12 rounded-xl mt-3 text-lg text-center\"> Produits et types \u00e9tendus, options multilingues et multidevises, sauvegarde et restauration d&#8217;urgence <\/div>\n               <div class=\"lighter px-10 py-[60px] rounded-xl mt-3 text-lg text-center\"> Mod\u00e8les attrayants accessibles pour Opencart. <\/div>\n            <\/div>\n            <div class=\"w-full lg:w-1\/3 px-0 lg:px-4 lg:py-4 py-0 flex flex-col justify-between\">\n               <div class=\"lighter px-7 py-12 rounded-xl mt-3 text-lg text-center\"> Optimis\u00e9 pour le r\u00e9f\u00e9rencement gr\u00e2ce \u00e0 des fonctionnalit\u00e9s intrins\u00e8ques telles que l&#8217;\u00e9tiquetage personnalis\u00e9, les URL bas\u00e9es sur les produits et les types autoris\u00e9s <\/div>\n               <div class=\"lighter px-10 py-12 rounded-xl mt-3 text-lg text-center mt-7\"> Le support illimit\u00e9 applicable via la communaut\u00e9 permet une aide r\u00e9guli\u00e8re pour les mises \u00e0 jour, les rapports de bogues, l&#8217;int\u00e9gration et le support conceptuel. <\/div>\n            <\/div>\n         <\/div>\n      <\/div>\n   <\/div>\n<\/section>\n<!-- ************************************************************************************* --> \n<section class=\"p-sectionpadding\">\n   <div class=\"container mx-auto\">\n      <div class=\"flex flex-wrap items-center\">\n         <div class=\"w-full darkblue py-12 px-3 lg:px-12 rounded-2xl\">\n            <div class=\"relative z-10 pl-6 lg:pl-0\">\n               <div class=\"text-left lg:text-center\">\n                  <h3 class=\"text-white text-3xl lg:leading-snug capitalize mb-5 w-full md:w-4\/12 mx-auto\"> Pourquoi <span class=\"font-bold\">Cloud MLM<\/span> pour le d\u00e9veloppement <span class=\"font-bold\">Open Cart<\/span> ? <\/h3>\n                  <p class=\"text-white mb-6 w-full lg:w-6\/12 mx-auto font-light\">Notre \u00e9quipe de d\u00e9veloppement Opencart est constitu\u00e9e avec une connaissance approfondie des comp\u00e9tences et technologies cl\u00e9s suivantes<\/p>\n               <\/div>\n               <div class=\"flex flex-wrap mt-16 w-full md:w-10\/12 mx-auto\">\n                  <div class=\"w-full md:w-1\/2 font-light\">\n                     <ul class=\"flex flex-wrap space-x-2 mt-2 list1 lg:pr-6 pr-0\">\n                        <li class=\"text-textpara offWhite font-light leading-6 mb-3 ml-2\">Nous ma\u00eetrisons parfaitement PHP, MySQL, SQL Server, . Net, AJAX, HTML\/CSS, D HTML, XML et java Script.<\/li>\n                        <li class=\"text-textpara offWhite font-light leading-6 mb-3 ml-2\">Nous sommes ax\u00e9s sur le client et sommes connus pour notre distribution rapide<\/li>\n                        <li class=\"text-textpara offWhite font-light leading-6 mb-3 ml-2\">\u00c9quipe comp\u00e9tente et professionnelle de d\u00e9veloppeurs Opencart.<\/li>\n                        <li class=\"text-textpara offWhite font-light leading-6 mb-3 ml-2\">Les solutions Opencart personnalis\u00e9es conviennent aux projets \u00e0 grande et \u00e0 petite \u00e9chelle<\/li>\n                        <li class=\"text-textpara offWhite font-light leading-6 mb-3 ml-2\">Assistance client 24h\/24 et 7j\/7<\/li>\n                     <\/ul>\n                  <\/div>\n                  <div class=\"w-full md:w-1\/2 font-light\">\n                     <ul class=\"flex flex-wrap space-x-2 mt-2 list1\">\n                        <li class=\"text-textpara offWhite font-light leading-6 mb-3 ml-2\">Communication coh\u00e9rente<\/li>\n                        <li class=\"text-textpara offWhite font-light leading-6 mb-3 ml-2\">Nous vous g\u00e9rons prot\u00e9g\u00e9 pour la gamme compl\u00e8te des services de d\u00e9veloppement Opencart<\/li>\n                        <li class=\"text-textpara offWhite font-light leading-6 mb-3 ml-2\">Nous proposons des prix modestes<\/li>\n                        <li class=\"text-textpara offWhite font-light leading-6 mb-3 ml-2\">Int\u00e9gration de la passerelle de paiement<\/li>\n                        <li class=\"text-textpara offWhite font-light leading-6 mb-3 ml-2\">100% de satisfaction client<\/li>\n                     <\/ul>\n                  <\/div>\n               <\/div>\n            <\/div>\n         <\/div>\n      <\/div>\n   <\/div>\n<\/section>\n<!-- ************************************************************************************* --> \n<section class=\"p-sectionpadding\">\n   <div class=\"container mx-auto mt-8\">\n      <!-- Left side box --> \n      <div class=\"flex flex-wrap lg:space-x-8\">\n         <div class=\"lg:flex-1 w-full lg:w-4\/12 primaryColor rounded-2xl p-12 pb-0 mb-2\">\n            <h4 class=\"text-3xl text-white lg:leading-snug capitalize\">Comp\u00e9tences <span class=\"font-bold\">de en tant que<\/span> soci\u00e9t\u00e9 de <span class=\"font-bold\">d\u00e9veloppement Opencart<\/span> <\/h4>\n            <img decoding=\"async\" src=\"\/wp-content\/uploads\/2024\/08\/opencart3.webp\" alt=\"Image\" class=\"w-full mt-4 rounded-t-lg\"\/> \n         <\/div>\n         <div class=\"w-full lg:w-8\/12 lighter flex-col flex justify-center rounded-2xl overflow-hidden p-12 mb-2\">\n            <h4 class=\"text-3xl titleColor lg:leading-snug capitalize\"> <span class=\"font-bold\">Avec Opencart,<\/span> nous pouvons <\/h4>\n            <ul class=\"mt-6 lg:pr-6 pr-0\">\n               <li class=\"text-textpara offWhite leading-6 mb-3 flex items-start space-x-2\">\n                  <div class=\"primaryColor p-1 rounded-lg flex items-center justify-center w-8 h-8\"> <img decoding=\"async\" src=\"\/wp-content\/uploads\/2024\/07\/Develop-and-integrate.webp\" width=\"20\" height=\"20\" alt=\"logiciel MLM\"\/> <\/div>\n                  <span class=\"titleColor\">D\u00e9velopper et int\u00e9grer un nouveau th\u00e8me personnalis\u00e9 pour votre boutique en ligne<\/span> \n               <\/li>\n               <li class=\"text-textpara offWhite leading-6 mb-3 flex items-start space-x-2\">\n                  <div class=\"primaryColor p-1 rounded-lg flex items-center justify-center w-8 h-8\"> <img decoding=\"async\" src=\"\/wp-content\/uploads\/2024\/07\/Change-default-modules.webp\" width=\"20\" height=\"20\" alt=\"logiciel MLM\"\/> <\/div>\n                  <span class=\"titleColor\">Modifiez les modules par d\u00e9faut selon vos besoins.<\/span> \n               <\/li>\n               <li class=\"text-textpara offWhite leading-6 mb-3 flex items-start space-x-2\">\n                  <div class=\"primaryColor p-1 rounded-lg flex items-center justify-center w-8 h-8\"> <img decoding=\"async\" src=\"\/wp-content\/uploads\/2024\/07\/Create-extra.webp\" width=\"20\" height=\"20\" alt=\"logiciel MLM\"\/> <\/div>\n                  <span class=\"titleColor\">Cr\u00e9ez des modules et des d\u00e9veloppements personnalis\u00e9s suppl\u00e9mentaires adapt\u00e9s \u00e0 vos besoins.<\/span> \n               <\/li>\n               <li class=\"text-textpara offWhite leading-6 mb-3 flex items-start space-x-2\">\n                  <div class=\"primaryColor p-1 rounded-lg flex items-center justify-center w-8 h-8\"> <img decoding=\"async\" src=\"\/wp-content\/uploads\/2024\/07\/Debug.webp\" width=\"20\" height=\"20\" alt=\"logiciel MLM\"\/> <\/div>\n                  <span class=\"titleColor\">D\u00e9boguez votre Opencart actuel.<\/span> \n               <\/li>\n               <li class=\"text-textpara offWhite leading-6 mb-3 flex items-start space-x-2\">\n                  <div class=\"primaryColor p-1 rounded-lg flex items-center justify-center w-8 h-8\"> <img decoding=\"async\" src=\"\/wp-content\/uploads\/2024\/07\/Test-your-store.webp\" width=\"20\" height=\"20\" alt=\"logiciel MLM\"\/> <\/div>\n                  <span class=\"titleColor\">Testez la capacit\u00e9 de stress de votre magasin<\/span> \n               <\/li>\n            <\/ul>\n         <\/div>\n      <\/div>\n   <\/div>\n<\/section>\n","protected":false},"excerpt":{"rendered":"<p>D\u00e9veloppement Opencart fournit des services de d\u00e9veloppement Opencart intelligents pour vous aider \u00e0 accomplir facilement et efficacement les t\u00e2ches commerciales compl\u00e8tes, \u00e0 am\u00e9liorer les performances de votre magasin, \u00e0 am\u00e9liorer votre perception du flux commercial et enfin \u00e0 mieux satisfaire les exigences de vos clients. Essayez la d\u00e9mo gratuite Qu\u2019est-ce qu\u2019Opencart ? Opencart est l&#8217;une [&hellip;]<\/p>\n","protected":false},"author":1,"featured_media":0,"parent":8123,"menu_order":0,"comment_status":"closed","ping_status":"closed","template":"opencart-page.php","meta":{"_acf_changed":false,"footnotes":""},"class_list":["post-13112","page","type-page","status-publish","hentry"],"acf":[],"yoast_head":"<!-- This site is optimized with the Yoast SEO Premium plugin v23.6 (Yoast SEO v25.9) - https:\/\/yoast.com\/wordpress\/plugins\/seo\/ -->\n<title>Services de d\u00e9veloppement Opencart | Cr\u00e9ez de puissantes boutiques en ligne<\/title>\n<meta name=\"description\" content=\"Services de d\u00e9veloppement Opencart pour cr\u00e9er des boutiques en ligne puissantes et personnalisables. Am\u00e9liorez les fonctionnalit\u00e9s et l\u2019exp\u00e9rience utilisateur avec des solutions expertes.\" \/>\n<meta name=\"robots\" content=\"index, follow, max-snippet:-1, max-image-preview:large, max-video-preview:-1\" \/>\n<link rel=\"canonical\" href=\"https:\/\/cloudmlmsoftware.com\/fr\/services\/developpement-opencart\/\" \/>\n<meta property=\"og:locale\" content=\"fr_FR\" \/>\n<meta property=\"og:type\" content=\"article\" \/>\n<meta property=\"og:title\" content=\"d\u00e9veloppement opencart\" \/>\n<meta property=\"og:description\" content=\"Services de d\u00e9veloppement Opencart pour cr\u00e9er des boutiques en ligne puissantes et personnalisables. Am\u00e9liorez les fonctionnalit\u00e9s et l\u2019exp\u00e9rience utilisateur avec des solutions expertes.\" \/>\n<meta property=\"og:url\" content=\"https:\/\/cloudmlmsoftware.com\/fr\/services\/developpement-opencart\/\" \/>\n<meta property=\"og:site_name\" content=\"Cloud MLM Software\" \/>\n<meta property=\"article:modified_time\" content=\"2024-11-08T09:59:08+00:00\" \/>\n<meta property=\"og:image\" content=\"https:\/\/cloudmlmsoftware.com\/wp-content\/themes\/cloudmlmdemo\/assets\/images\/banner\/ServicesBanner.webp\" \/>\n<meta name=\"twitter:card\" content=\"summary_large_image\" \/>\n<meta name=\"twitter:label1\" content=\"Dur\u00e9e de lecture estim\u00e9e\" \/>\n\t<meta name=\"twitter:data1\" content=\"3 minutes\" \/>\n<!-- \/ Yoast SEO Premium plugin. -->","yoast_head_json":{"title":"Services de d\u00e9veloppement Opencart | Cr\u00e9ez de puissantes boutiques en ligne","description":"Services de d\u00e9veloppement Opencart pour cr\u00e9er des boutiques en ligne puissantes et personnalisables. Am\u00e9liorez les fonctionnalit\u00e9s et l\u2019exp\u00e9rience utilisateur avec des solutions expertes.","robots":{"index":"index","follow":"follow","max-snippet":"max-snippet:-1","max-image-preview":"max-image-preview:large","max-video-preview":"max-video-preview:-1"},"canonical":"https:\/\/cloudmlmsoftware.com\/fr\/services\/developpement-opencart\/","og_locale":"fr_FR","og_type":"article","og_title":"d\u00e9veloppement opencart","og_description":"Services de d\u00e9veloppement Opencart pour cr\u00e9er des boutiques en ligne puissantes et personnalisables. Am\u00e9liorez les fonctionnalit\u00e9s et l\u2019exp\u00e9rience utilisateur avec des solutions expertes.","og_url":"https:\/\/cloudmlmsoftware.com\/fr\/services\/developpement-opencart\/","og_site_name":"Cloud MLM Software","article_modified_time":"2024-11-08T09:59:08+00:00","og_image":[{"url":"https:\/\/cloudmlmsoftware.com\/wp-content\/themes\/cloudmlmdemo\/assets\/images\/banner\/ServicesBanner.webp","type":"","width":"","height":""}],"twitter_card":"summary_large_image","twitter_misc":{"Dur\u00e9e de lecture estim\u00e9e":"3 minutes"},"schema":{"@context":"https:\/\/schema.org","@graph":[{"@type":"WebPage","@id":"https:\/\/cloudmlmsoftware.com\/fr\/services\/developpement-opencart\/","url":"https:\/\/cloudmlmsoftware.com\/fr\/services\/developpement-opencart\/","name":"Services de d\u00e9veloppement Opencart | Cr\u00e9ez de puissantes boutiques en ligne","isPartOf":{"@id":"https:\/\/cloudmlmsoftware.com\/fr\/#website"},"primaryImageOfPage":{"@id":"https:\/\/cloudmlmsoftware.com\/fr\/services\/developpement-opencart\/#primaryimage"},"image":{"@id":"https:\/\/cloudmlmsoftware.com\/fr\/services\/developpement-opencart\/#primaryimage"},"thumbnailUrl":"https:\/\/cloudmlmsoftware.com\/wp-content\/themes\/cloudmlmdemo\/assets\/images\/banner\/ServicesBanner.webp","datePublished":"2024-03-21T14:08:07+00:00","dateModified":"2024-11-08T09:59:08+00:00","description":"Services de d\u00e9veloppement Opencart pour cr\u00e9er des boutiques en ligne puissantes et personnalisables. Am\u00e9liorez les fonctionnalit\u00e9s et l\u2019exp\u00e9rience utilisateur avec des solutions expertes.","breadcrumb":{"@id":"https:\/\/cloudmlmsoftware.com\/fr\/services\/developpement-opencart\/#breadcrumb"},"inLanguage":"fr-FR","potentialAction":[{"@type":"ReadAction","target":["https:\/\/cloudmlmsoftware.com\/fr\/services\/developpement-opencart\/"]}]},{"@type":"ImageObject","inLanguage":"fr-FR","@id":"https:\/\/cloudmlmsoftware.com\/fr\/services\/developpement-opencart\/#primaryimage","url":"https:\/\/cloudmlmsoftware.com\/wp-content\/themes\/cloudmlmdemo\/assets\/images\/banner\/ServicesBanner.webp","contentUrl":"https:\/\/cloudmlmsoftware.com\/wp-content\/themes\/cloudmlmdemo\/assets\/images\/banner\/ServicesBanner.webp"},{"@type":"BreadcrumbList","@id":"https:\/\/cloudmlmsoftware.com\/fr\/services\/developpement-opencart\/#breadcrumb","itemListElement":[{"@type":"ListItem","position":1,"name":"Home","item":"https:\/\/cloudmlmsoftware.com\/fr\/"},{"@type":"ListItem","position":2,"name":"Services","item":"https:\/\/cloudmlmsoftware.com\/fr\/services\/"},{"@type":"ListItem","position":3,"name":"d\u00e9veloppement opencart"}]},{"@type":"WebSite","@id":"https:\/\/cloudmlmsoftware.com\/fr\/#website","url":"https:\/\/cloudmlmsoftware.com\/fr\/","name":"Cloud MLM Software","description":"","publisher":{"@id":"https:\/\/cloudmlmsoftware.com\/fr\/#organization"},"potentialAction":[{"@type":"SearchAction","target":{"@type":"EntryPoint","urlTemplate":"https:\/\/cloudmlmsoftware.com\/fr\/?s={search_term_string}"},"query-input":{"@type":"PropertyValueSpecification","valueRequired":true,"valueName":"search_term_string"}}],"inLanguage":"fr-FR"},{"@type":"Organization","@id":"https:\/\/cloudmlmsoftware.com\/fr\/#organization","name":"Cloud MLM Software","url":"https:\/\/cloudmlmsoftware.com\/fr\/","logo":{"@type":"ImageObject","inLanguage":"fr-FR","@id":"https:\/\/cloudmlmsoftware.com\/fr\/#\/schema\/logo\/image\/","url":"https:\/\/cloudmlmsoftware.com\/wp-content\/uploads\/2024\/09\/cloudmlm-logo.webp","contentUrl":"https:\/\/cloudmlmsoftware.com\/wp-content\/uploads\/2024\/09\/cloudmlm-logo.webp","width":200,"height":40,"caption":"Cloud MLM Software"},"image":{"@id":"https:\/\/cloudmlmsoftware.com\/fr\/#\/schema\/logo\/image\/"}}]}},"_links":{"self":[{"href":"https:\/\/cloudmlmsoftware.com\/fr\/wp-json\/wp\/v2\/pages\/13112","targetHints":{"allow":["GET"]}}],"collection":[{"href":"https:\/\/cloudmlmsoftware.com\/fr\/wp-json\/wp\/v2\/pages"}],"about":[{"href":"https:\/\/cloudmlmsoftware.com\/fr\/wp-json\/wp\/v2\/types\/page"}],"author":[{"embeddable":true,"href":"https:\/\/cloudmlmsoftware.com\/fr\/wp-json\/wp\/v2\/users\/1"}],"replies":[{"embeddable":true,"href":"https:\/\/cloudmlmsoftware.com\/fr\/wp-json\/wp\/v2\/comments?post=13112"}],"version-history":[{"count":0,"href":"https:\/\/cloudmlmsoftware.com\/fr\/wp-json\/wp\/v2\/pages\/13112\/revisions"}],"up":[{"embeddable":true,"href":"https:\/\/cloudmlmsoftware.com\/fr\/wp-json\/wp\/v2\/pages\/8123"}],"wp:attachment":[{"href":"https:\/\/cloudmlmsoftware.com\/fr\/wp-json\/wp\/v2\/media?parent=13112"}],"curies":[{"name":"wp","href":"https:\/\/api.w.org\/{rel}","templated":true}]}}