{"id":13087,"date":"2024-03-21T13:51:56","date_gmt":"2024-03-21T13:51:56","guid":{"rendered":"https:\/\/cloudmlmsoftware.com\/services\/integration-e-commerce\/"},"modified":"2024-11-08T09:53:37","modified_gmt":"2024-11-08T09:53:37","slug":"integration-e-commerce","status":"publish","type":"page","link":"https:\/\/cloudmlmsoftware.com\/fr\/services\/integration-e-commerce\/","title":{"rendered":"int\u00e9gration-e-commerce"},"content":{"rendered":"\n<div class=\"bannerBgcolor BannerBg pt-16 relative overflow-hidden\">\n   <div class=\"animation-wrapper\">\n      <div class=\"particle particle-1\"><\/div>\n      <div class=\"particle particle-2\"><\/div>\n      <div class=\"particle particle-3\"><\/div>\n      <div class=\"particle particle-4\"><\/div>\n   <\/div>\n   <div class=\"container mx-auto pt-2 md:h-[600px] sm:h-[400px] h-[500px] overflow-hidden relative z-1\">\n      <div class=\"flex flex-wrap items-center\">\n         <div class=\"w-full md:w-10\/12 mx-auto text-center pt-10 mb-8\">\n            <h1 class=\"lg:text-mainTitleFontSize sm:text-3xl text-3xl text-white lg:leading-snug capitalize\"> Int\u00e9gration <span class=\"font-bold animate-charcter-offwhite\">du commerce<\/span> \u00e9lectronique <\/h1>\n            <p class=\"offWhite pt-3 text-md md:text-lg font-light md:w-11\/12 mx-auto\">Le logiciel est fourni avec des modules de base pour permettre l&#8217;int\u00e9gration avec diverses solutions de commerce \u00e9lectronique. Nous avons une \u00e9quipe d&#8217;experts charg\u00e9e d&#8217;int\u00e9grer le commerce \u00e9lectronique avec le logiciel MLM. <\/p>\n<div class=\"w-8\/12 mx-auto text-center pt-6\">\n<a href=\"https:\/\/demo.cloudmlmsoftware.com\" class=\"button primaryColor px-4 py-3 w-[132px] mx-auto rounded-md text-white md:flex text-sm md:text-md sm:block btn1\">Essayer \nD\u00e9mo gratuite <\/a>\n<\/div>\n         <\/div>\n         <div class=\"w-full p-4 relative z-9\">\n<img fetchpriority=\"high\" decoding=\"async\" src=\"https:\/\/cloudmlmsoftware.com\/wp-content\/themes\/cloudmlmdemo\/assets\/images\/banner\/ServicesBanner.webp\" alt=\"logiciel MLM\" width=\"900\" height=\"643\" class=\"mx-auto\"\/>\n<img decoding=\"async\" src=\"\/wp-content\/uploads\/2024\/08\/seraniImg1.webp\" alt=\"logiciel MLM\" width=\"32\" height=\"32\" class=\"sevraniImg sevraniImg1\"\/>\n<img decoding=\"async\" src=\"\/wp-content\/uploads\/2024\/08\/seraniImg2.webp\" alt=\"logiciel MLM\" width=\"20\" height=\"20\" class=\"sevraniImg sevraniImg2\"\/>\n<img loading=\"lazy\" decoding=\"async\" src=\"\/wp-content\/uploads\/2024\/08\/seraniImg3.webp\" alt=\"logiciel MLM\" width=\"28\" height=\"28\" class=\"sevraniImg sevraniImg3\"\/>\n<img loading=\"lazy\" decoding=\"async\" src=\"\/wp-content\/uploads\/2024\/08\/seraniImg4.webp\" alt=\"logiciel MLM\" width=\"24\" height=\"24\" class=\"sevraniImg sevraniImg4\"\/>\n<img loading=\"lazy\" decoding=\"async\" src=\"\/wp-content\/uploads\/2024\/08\/seraniImg5.webp\" alt=\"logiciel MLM\" width=\"34\" height=\"34\" class=\"sevraniImg sevraniImg5\"\/>\n<img loading=\"lazy\" decoding=\"async\" src=\"\/wp-content\/uploads\/2024\/08\/seraniImg6.webp\" alt=\"logiciel MLM\" width=\"24\" height=\"24\" class=\"sevraniImg sevraniImg6\"\/>\n<img loading=\"lazy\" decoding=\"async\" src=\"\/wp-content\/uploads\/2024\/08\/seraniImg7.webp\" alt=\"logiciel MLM\" width=\"24\" height=\"24\" class=\"sevraniImg sevraniImg7\"\/>\n<img loading=\"lazy\" decoding=\"async\" src=\"\/wp-content\/uploads\/2024\/08\/seraniImg8.webp\" alt=\"logiciel MLM\" width=\"24\" height=\"24\" class=\"sevraniImg sevraniImg8\"\/>\n<\/div>\n      <\/div>\n   <\/div>\n<\/div>\n      <!-- ************************************************************************************* --> \n \n<section class=\"p-sectionpadding\">\n   <div class=\"container mx-auto pt-20\">\n<div class=\"relative wordpressBg rounded-2xl p-7 sm:p-12 overflow-hidden mt-20\">\n         <div class=\"flex flex-wrap items-center\">\n            <div class=\"lg:flex-shrink-0 w-full lg:w-6\/12 mt-3 \">\n               <img decoding=\"async\" src=\"\/wp-content\/uploads\/2024\/10\/wordpress-logo.webp\" width=\"180\" height=\"51\" alt=\"logiciel MLM\"\/> \n               <h4 class=\"lg:text-TitlesemiFontSize text-2xl text-slate-950 lg:leading-snug capitalize\"> int\u00e9gration<\/h4>\n               <p class=\"text-textpara text-slate-950 font-light leading-6 py-3 pt-3 \">WordPress est un syst\u00e8me de gestion de contenu polyvalent et largement utilis\u00e9, mais le personnaliser et l&#8217;int\u00e9grer \u00e0 d&#8217;autres plates-formes peut s&#8217;av\u00e9rer difficile. Notre \u00e9quipe est sp\u00e9cialis\u00e9e dans le d\u00e9veloppement WordPress, y compris la conception de th\u00e8mes personnalis\u00e9s, l&#8217;int\u00e9gration d&#8217;API et la conversion de sites Web existants vers WordPress. \n<\/p>\n               <p class=\"text-textpara text-slate-950 font-light leading-6 py-3 pt-3\">Avec un processus de d\u00e9veloppement structur\u00e9 et une liste de contr\u00f4le d\u00e9taill\u00e9e, nous garantissons une int\u00e9gration WordPress parfaite. Votre site Web sera optimis\u00e9 pour les performances, exempt de bugs et pris en charge m\u00eame apr\u00e8s le lancement. <\/p>\n             <p class=\"text-textpara text-slate-950 font-light leading-6 py-3 pt-3\">Avons-nous un accord ? En savoir plus sur le <a class=\"transition-transform transform-gpu hover:scale-[1.02] wordpressTextColor cursor-pointer\" href=\"https:\/\/cloudmlmsoftware.com\/fr\/services\/integration-de-woocommerce-avec-le-logiciel-cloud-mlm\/\"><b>d\u00e9veloppement WordPress.<\/b><\/a> <\/p>\n            <\/div>\n            <div class=\"w-full lg:w-6\/12\">\n               <h4 class=\"text-md text-slate-950 font-light leading-6 py-3 pl-0 sm:pl-10\"> Pourquoi choisir notre WordPress ?<\/h4>\n               <ul class=\"mt-4 block pl-0 sm:pl-10\">\n                  <li class=\"flex items-center space-x-2 bg-white duration-300 py-3 px-4 rounded-xl mb-3 w-full md:w-auto\"> <img decoding=\"async\" src=\"\/wp-content\/uploads\/2024\/07\/list1.webp\" width=\"20\" height=\"20\" alt=\"logiciel MLM\"\/> <b class=\"font-normal text-slate-950 text-sm\">Convertir PSD en th\u00e8mes WordPress personnalis\u00e9s<\/b> <\/li>\n                  <li class=\"flex items-center space-x-2 bg-white duration-300 py-3 px-4 rounded-xl mb-3 w-full md:w-auto\"> <img decoding=\"async\" src=\"\/wp-content\/uploads\/2024\/07\/list1.webp\" width=\"20\" height=\"20\" alt=\"logiciel MLM\"\/> <b class=\"font-normal text-slate-950 text-sm\">Concevoir et d\u00e9velopper des th\u00e8mes WordPress personnalis\u00e9s<\/b> <\/li>\n                  <li class=\"flex items-center space-x-2 bg-white duration-300 py-3 px-4 rounded-xl mb-3 w-full md:w-auto\"> <img decoding=\"async\" src=\"\/wp-content\/uploads\/2024\/07\/list1.webp\" width=\"20\" height=\"20\" alt=\"logiciel MLM\"\/> <b class=\"font-normal text-slate-950 text-sm\">Int\u00e9grez WordPress avec diverses API<\/b> <\/li>\n                  <li class=\"flex items-center space-x-2 bg-white duration-300 py-3 px-4 rounded-xl mb-3 w-full md:w-auto\"> <img decoding=\"async\" src=\"\/wp-content\/uploads\/2024\/07\/list1.webp\" width=\"20\" height=\"20\" alt=\"logiciel MLM\"\/> <b class=\"font-normal text-slate-950 text-sm\">Int\u00e9grez WordPress au logiciel MLM<\/b> <\/li>\n               <\/ul>\n            <\/div>\n         <\/div>\n      <\/div>\n<!-- ************************************************************************************* --> \n\n      <div class=\"relative opencartBg rounded-2xl p-7 sm:p-12 overflow-hidden mt-20\">\n         <div class=\"flex flex-wrap items-center lg:flex-row flex-col-reverse\">\n            <div class=\"w-full lg:w-6\/12\">\n               <h2 class=\"text-lg text-slate-950 font-light leading-6 py-3 pr-0 sm:pr-10\"> Nous proposons des pratiques de codage de haut niveau pour tous nos produits. Nous pouvons: <\/h2>\n               <ul class=\"mt-4 block pr-0 sm:pr-10\">\n                  <li class=\"flex items-center space-x-2 bg-white duration-300 py-3 px-4 rounded-xl mb-3 w-full md:w-auto\"> <img decoding=\"async\" src=\"\/wp-content\/uploads\/2024\/07\/list1.webp\" width=\"20\" height=\"20\" alt=\"logiciel MLM\"\/> <b class=\"font-normal text-slate-950 text-sm\">Convertissez PSD en mod\u00e8le opencart.<\/b> <\/li>\n                  <li class=\"flex items-center space-x-2 bg-white duration-300 py-3 px-4 rounded-xl mb-3 w-full md:w-auto\"> <img decoding=\"async\" src=\"\/wp-content\/uploads\/2024\/07\/list1.webp\" width=\"20\" height=\"20\" alt=\"logiciel MLM\"\/> <b class=\"font-normal text-slate-950 text-sm\">Concevez et d\u00e9veloppez un mod\u00e8le opencart \u00e0 partir de z\u00e9ro.<\/b> <\/li>\n                  <li class=\"flex items-center space-x-2 bg-white duration-300 py-3 px-4 rounded-xl mb-3 w-full md:w-auto\"> <img decoding=\"async\" src=\"\/wp-content\/uploads\/2024\/07\/list1.webp\" width=\"20\" height=\"20\" alt=\"logiciel MLM\"\/> <b class=\"font-normal text-slate-950 text-sm\">Int\u00e9grer opencart \u00e0 diverses API,<\/b> <\/li>\n                  <li class=\"flex items-center space-x-2 bg-white duration-300 py-3 px-4 rounded-xl mb-3 w-full md:w-auto\"> <img decoding=\"async\" src=\"\/wp-content\/uploads\/2024\/07\/list1.webp\" width=\"20\" height=\"20\" alt=\"logiciel MLM\"\/> <b class=\"font-normal text-slate-950 text-sm\">Int\u00e9grez opencart au logiciel MLM.<\/b> <\/li>\n               <\/ul>\n            <\/div>\n            <div class=\"lg:flex-shrink-0 w-full lg:w-6\/12 mt-3\">\n               <img decoding=\"async\" src=\"\/wp-content\/uploads\/2024\/07\/opencart-logo.webp\" width=\"260\" height=\"51\" alt=\"logiciel MLM\"\/> \n               <h3 class=\"lg:text-TitlesemiFontSize text-2xl text-slate-950 lg:leading-snug capitalize\"> D\u00e9veloppement <\/h3>\n               <p class=\"text-textpara contentColor font-light leading-6 py-3 pt-3 text-slate-950\">Opencart est le syst\u00e8me de commerce \u00e9lectronique le plus populaire et le plus flexible du march\u00e9. Il est open source et gratuit \u00e0 utiliser, m\u00eame si vous aurez peut-\u00eatre du mal \u00e0 le personnaliser selon vos besoins. Nous disposons d&#8217;une \u00e9quipe d&#8217;experts pour le d\u00e9veloppement de paniers ouverts, qui comprend la conception, l&#8217;int\u00e9gration et la conversion de mod\u00e8les opencart personnalis\u00e9s en opencart.  <\/p>\n               <p class=\"text-textpara text-slate-950 font-light leading-6 py-3 pt-3\">Avec un ensemble de r\u00e8gles fixes et une liste de contr\u00f4le pour le d\u00e9veloppement d&#8217;opencart, nous le faisons parfaitement. il n&#8217;est donc jamais bogu\u00e9 et isol\u00e9 apr\u00e8s la production.  <\/p>\n               <p class=\"text-textpara text-slate-950 font-light leading-6 py-3 pt-3\">D\u00e9couvrez le processus de d\u00e9veloppement sur la page de <a class=\"opencartTextColor cursor-pointer\" href=\"https:\/\/cloudmlmsoftware.com\/fr\/services\/developpement-opencart\/\"><b>d\u00e9veloppement d&#8217;Opencart.<\/b><\/a><\/p>\n            <\/div>\n         <\/div>\n      <\/div>\n      <!-- ************************************************************************************* --> \n      <div class=\"relative magentotBg rounded-2xl p-7 sm:p-12 overflow-hidden mt-20\">\n         <div class=\"flex flex-wrap items-center\">\n            <div class=\"lg:flex-shrink-0 w-full lg:w-6\/12 mt-3 \">\n               <img decoding=\"async\" src=\"\/wp-content\/uploads\/2024\/07\/Magento-logo.webp\" width=\"180\" height=\"51\" alt=\"logiciel MLM\"\/> \n               <h4 class=\"lg:text-TitlesemiFontSize text-2xl text-slate-950 lg:leading-snug capitalize\"> D\u00e9veloppement <\/h4>\n               <p class=\"text-textpara text-slate-950 font-light leading-6 py-3 pt-3 \">Magento a \u00e9t\u00e9 reconnu comme le favori de ces derni\u00e8res ann\u00e9es. Gr\u00e2ce \u00e0 sa grande \u00e9volutivit\u00e9 et sa s\u00e9curit\u00e9, Magento se place au premier rang des solutions de commerce \u00e9lectronique. <\/p>\n               <p class=\"text-textpara text-slate-950 font-light leading-6 py-3 pt-3\">Le d\u00e9veloppement de Magento se fait par une planification et une ex\u00e9cution approfondies, mais ne vous inqui\u00e9tez pas, nous prenons votre entreprise au s\u00e9rieux, nous am\u00e9liorons votre entreprise de notre c\u00f4t\u00e9. <\/p>\n               <p class=\"text-textpara text-slate-950 font-light leading-6 py-3 pt-3\">Avons-nous un accord ? En savoir plus sur la <a class=\"transition-transform transform-gpu hover:scale-[1.02] magentoTextColor cursor-pointer\" href=\"\"><b>page de d\u00e9veloppement Magento.<\/b><\/a> <\/p>\n            <\/div>\n            <div class=\"w-full lg:w-6\/12\">\n               <h4 class=\"text-md text-slate-950 font-light leading-6 py-3 pl-0 sm:pl-10\"> Le d\u00e9veloppement Magento est g\u00e9r\u00e9 par un groupe de programmeurs talentueux qui facilitent le d\u00e9veloppement de Magento. Ici, nous pouvons : <\/h4>\n               <ul class=\"mt-4 block pl-0 sm:pl-10\">\n                  <li class=\"flex items-center space-x-2 bg-white duration-300 py-3 px-4 rounded-xl mb-3 w-full md:w-auto\"> <img decoding=\"async\" src=\"\/wp-content\/uploads\/2024\/07\/list1.webp\" width=\"20\" height=\"20\" alt=\"logiciel MLM\"\/> <b class=\"font-normal text-slate-950 text-sm\">D\u00e9velopper un mod\u00e8le PSD vers Magento<\/b> <\/li>\n                  <li class=\"flex items-center space-x-2 bg-white duration-300 py-3 px-4 rounded-xl mb-3 w-full md:w-auto\"> <img decoding=\"async\" src=\"\/wp-content\/uploads\/2024\/07\/list1.webp\" width=\"20\" height=\"20\" alt=\"logiciel MLM\"\/> <b class=\"font-normal text-slate-950 text-sm\">Concevoir et d\u00e9velopper un mod\u00e8le Magento<\/b> <\/li>\n                  <li class=\"flex items-center space-x-2 bg-white duration-300 py-3 px-4 rounded-xl mb-3 w-full md:w-auto\"> <img decoding=\"async\" src=\"\/wp-content\/uploads\/2024\/07\/list1.webp\" width=\"20\" height=\"20\" alt=\"logiciel MLM\"\/> <b class=\"font-normal text-slate-950 text-sm\">Int\u00e9grez Magento \u00e0 diverses API<\/b> <\/li>\n                  <li class=\"flex items-center space-x-2 bg-white duration-300 py-3 px-4 rounded-xl mb-3 w-full md:w-auto\"> <img decoding=\"async\" src=\"\/wp-content\/uploads\/2024\/07\/list1.webp\" width=\"20\" height=\"20\" alt=\"logiciel MLM\"\/> <b class=\"font-normal text-slate-950 text-sm\">Int\u00e9grer Magento au logiciel MLM<\/b> <\/li>\n               <\/ul>\n            <\/div>\n         <\/div>\n      <\/div>\n      <!-- ************************************************************************************* --> \n      <div class=\"relative shopifyBg rounded-2xl p-7 sm:p-12 overflow-hidden mt-20\">\n         <div class=\"flex flex-wrap items-center\">\n            <div class=\"w-full lg:w-6\/12\">\n               <h4 class=\"text-md text-slate-950 font-light leading-6 py-3 pr-0 sm:pr-10\"> Notre approche m\u00e9ticuleuse, guid\u00e9e par un ensemble structur\u00e9 de r\u00e8gles et une liste de contr\u00f4le approfondie, garantit que nos projets de d\u00e9veloppement Shopify sont ex\u00e9cut\u00e9s parfaitement, ce qui se traduit par des int\u00e9grations stables et efficaces. <\/h4>\n               <ul class=\"mt-4 block pr-0 sm:pr-10\">\n                  <li class=\"flex items-center space-x-2 bg-white duration-300 py-3 px-4 rounded-xl mb-3 w-full md:w-auto\"> <img decoding=\"async\" src=\"\/wp-content\/uploads\/2024\/07\/list1.webp\" width=\"20\" height=\"20\" alt=\"logiciel MLM\"\/> <b class=\"font-normal text-slate-950 text-sm\">Mod\u00e8les Shopify personnalis\u00e9s<\/b> <\/li>\n                  <li class=\"flex items-center space-x-2 bg-white duration-300 py-3 px-4 rounded-xl mb-3 w-full md:w-auto\"> <img decoding=\"async\" src=\"\/wp-content\/uploads\/2024\/07\/list1.webp\" width=\"20\" height=\"20\" alt=\"logiciel MLM\"\/> <b class=\"font-normal text-slate-950 text-sm\">Conception de mod\u00e8les sur mesure<\/b> <\/li>\n                  <li class=\"flex items-center space-x-2 bg-white duration-300 py-3 px-4 rounded-xl mb-3 w-full md:w-auto\"> <img decoding=\"async\" src=\"\/wp-content\/uploads\/2024\/07\/list1.webp\" width=\"20\" height=\"20\" alt=\"logiciel MLM\"\/> <b class=\"font-normal text-slate-950 text-sm\">Int\u00e9gration d&#8217;API<\/b> <\/li>\n                  <li class=\"flex items-center space-x-2 bg-white duration-300 py-3 px-4 rounded-xl mb-3 w-full md:w-auto\"> <img decoding=\"async\" src=\"\/wp-content\/uploads\/2024\/07\/list1.webp\" width=\"20\" height=\"20\" alt=\"logiciel MLM\"\/> <b class=\"font-normal text-slate-950 text-sm\">Int\u00e9gration du logiciel MLM<\/b> <\/li>\n               <\/ul>\n            <\/div>\n            <div class=\"lg:flex-shrink-0 w-full lg:w-6\/12 mt-3 \">\n               <img decoding=\"async\" src=\"\/wp-content\/uploads\/2024\/08\/Shopify_Logo.webp\" width=\"180\" height=\"51\" alt=\"logiciel MLM\"\/> \n               <h4 class=\"lg:text-TitlesemiFontSize text-2xl text-slate-950 lg:leading-snug capitalize\"> Int\u00e9gration <\/h4>\n               <p class=\"text-textpara text-slate-950 font-light leading-6 py-3 pt-3 \">Int\u00e9gration du commerce \u00e9lectronique avec Shopify par le logiciel Cloud MLM<\/p>\n               <p class=\"text-textpara text-slate-950 font-light leading-6 py-3 pt-3\">Shopify se distingue comme une plateforme de commerce \u00e9lectronique leader connue pour sa polyvalence et son interface conviviale. Cependant, le personnaliser pour r\u00e9pondre aux besoins sp\u00e9cifiques de l\u2019entreprise peut s\u2019av\u00e9rer une t\u00e2che complexe. Chez Cloud MLM Software, notre \u00e9quipe d&#8217;experts excelle dans le d\u00e9veloppement de Shopify, offrant des services allant de la conception de mod\u00e8les personnalis\u00e9s \u00e0 l&#8217;int\u00e9gration transparente de sites Web de commerce \u00e9lectronique existants dans Shopify.   <\/p>\n               <p class=\"text-textpara text-slate-950 font-light leading-6 py-3 pt-3\">Pour des informations d\u00e9taill\u00e9es sur notre processus de d\u00e9veloppement, visitez notre <a class=\"transition-transform transform-gpu hover:scale-[1.02] shopifyTextColor cursor-pointer\" href=\"https:\/\/cloudmlmsoftware.com\/fr\/services\/integration-de-shopify-dans-le-logiciel-cloud-mlm\/\"><b>page de d\u00e9veloppement Shopify.<\/b><\/a><\/p>\n            <\/div>\n         <\/div>\n      <\/div>\n      <!-- ************************************************************************************* --> \n   <\/div>\n<\/section>\n","protected":false},"excerpt":{"rendered":"<p>Int\u00e9gration du commerce \u00e9lectronique Le logiciel est fourni avec des modules de base pour permettre l&#8217;int\u00e9gration avec diverses solutions de commerce \u00e9lectronique. Nous avons une \u00e9quipe d&#8217;experts charg\u00e9e d&#8217;int\u00e9grer le commerce \u00e9lectronique avec le logiciel MLM. Essayer D\u00e9mo gratuite int\u00e9gration WordPress est un syst\u00e8me de gestion de contenu polyvalent et largement utilis\u00e9, mais le personnaliser [&hellip;]<\/p>\n","protected":false},"author":1,"featured_media":0,"parent":8123,"menu_order":0,"comment_status":"closed","ping_status":"closed","template":"ecommerse-page.php","meta":{"_acf_changed":false,"footnotes":""},"class_list":["post-13087","page","type-page","status-publish","hentry"],"acf":[],"yoast_head":"<!-- This site is optimized with the Yoast SEO Premium plugin v23.6 (Yoast SEO v25.9) - https:\/\/yoast.com\/wordpress\/plugins\/seo\/ -->\n<title>Services d&#039;int\u00e9gration du commerce \u00e9lectronique | Solutions en ligne transparentes<\/title>\n<meta name=\"description\" content=\"Services d&#039;int\u00e9gration de commerce \u00e9lectronique pour connecter de mani\u00e8re transparente votre boutique. Augmentez l\u2019efficacit\u00e9, rationalisez les op\u00e9rations et am\u00e9liorez l\u2019exp\u00e9rience utilisateur.\" \/>\n<meta name=\"robots\" content=\"index, follow, max-snippet:-1, max-image-preview:large, max-video-preview:-1\" \/>\n<link rel=\"canonical\" href=\"https:\/\/cloudmlmsoftware.com\/fr\/services\/integration-e-commerce\/\" \/>\n<meta property=\"og:locale\" content=\"fr_FR\" \/>\n<meta property=\"og:type\" content=\"article\" \/>\n<meta property=\"og:title\" content=\"int\u00e9gration-e-commerce\" \/>\n<meta property=\"og:description\" content=\"Services d&#039;int\u00e9gration de commerce \u00e9lectronique pour connecter de mani\u00e8re transparente votre boutique. Augmentez l\u2019efficacit\u00e9, rationalisez les op\u00e9rations et am\u00e9liorez l\u2019exp\u00e9rience utilisateur.\" \/>\n<meta property=\"og:url\" content=\"https:\/\/cloudmlmsoftware.com\/fr\/services\/integration-e-commerce\/\" \/>\n<meta property=\"og:site_name\" content=\"Cloud MLM Software\" \/>\n<meta property=\"article:modified_time\" content=\"2024-11-08T09:53:37+00:00\" \/>\n<meta property=\"og:image\" content=\"https:\/\/cloudmlmsoftware.com\/wp-content\/themes\/cloudmlmdemo\/assets\/images\/banner\/ServicesBanner.webp\" \/>\n<meta name=\"twitter:card\" content=\"summary_large_image\" \/>\n<meta name=\"twitter:label1\" content=\"Dur\u00e9e de lecture estim\u00e9e\" \/>\n\t<meta name=\"twitter:data1\" content=\"7 minutes\" \/>\n<!-- \/ Yoast SEO Premium plugin. -->","yoast_head_json":{"title":"Services d'int\u00e9gration du commerce \u00e9lectronique | Solutions en ligne transparentes","description":"Services d'int\u00e9gration de commerce \u00e9lectronique pour connecter de mani\u00e8re transparente votre boutique. Augmentez l\u2019efficacit\u00e9, rationalisez les op\u00e9rations et am\u00e9liorez l\u2019exp\u00e9rience utilisateur.","robots":{"index":"index","follow":"follow","max-snippet":"max-snippet:-1","max-image-preview":"max-image-preview:large","max-video-preview":"max-video-preview:-1"},"canonical":"https:\/\/cloudmlmsoftware.com\/fr\/services\/integration-e-commerce\/","og_locale":"fr_FR","og_type":"article","og_title":"int\u00e9gration-e-commerce","og_description":"Services d'int\u00e9gration de commerce \u00e9lectronique pour connecter de mani\u00e8re transparente votre boutique. Augmentez l\u2019efficacit\u00e9, rationalisez les op\u00e9rations et am\u00e9liorez l\u2019exp\u00e9rience utilisateur.","og_url":"https:\/\/cloudmlmsoftware.com\/fr\/services\/integration-e-commerce\/","og_site_name":"Cloud MLM Software","article_modified_time":"2024-11-08T09:53:37+00:00","og_image":[{"url":"https:\/\/cloudmlmsoftware.com\/wp-content\/themes\/cloudmlmdemo\/assets\/images\/banner\/ServicesBanner.webp","type":"","width":"","height":""}],"twitter_card":"summary_large_image","twitter_misc":{"Dur\u00e9e de lecture estim\u00e9e":"7 minutes"},"schema":{"@context":"https:\/\/schema.org","@graph":[{"@type":"WebPage","@id":"https:\/\/cloudmlmsoftware.com\/fr\/services\/integration-e-commerce\/","url":"https:\/\/cloudmlmsoftware.com\/fr\/services\/integration-e-commerce\/","name":"Services d'int\u00e9gration du commerce \u00e9lectronique | Solutions en ligne transparentes","isPartOf":{"@id":"https:\/\/cloudmlmsoftware.com\/fr\/#website"},"primaryImageOfPage":{"@id":"https:\/\/cloudmlmsoftware.com\/fr\/services\/integration-e-commerce\/#primaryimage"},"image":{"@id":"https:\/\/cloudmlmsoftware.com\/fr\/services\/integration-e-commerce\/#primaryimage"},"thumbnailUrl":"https:\/\/cloudmlmsoftware.com\/wp-content\/themes\/cloudmlmdemo\/assets\/images\/banner\/ServicesBanner.webp","datePublished":"2024-03-21T13:51:56+00:00","dateModified":"2024-11-08T09:53:37+00:00","description":"Services d'int\u00e9gration de commerce \u00e9lectronique pour connecter de mani\u00e8re transparente votre boutique. Augmentez l\u2019efficacit\u00e9, rationalisez les op\u00e9rations et am\u00e9liorez l\u2019exp\u00e9rience utilisateur.","breadcrumb":{"@id":"https:\/\/cloudmlmsoftware.com\/fr\/services\/integration-e-commerce\/#breadcrumb"},"inLanguage":"fr-FR","potentialAction":[{"@type":"ReadAction","target":["https:\/\/cloudmlmsoftware.com\/fr\/services\/integration-e-commerce\/"]}]},{"@type":"ImageObject","inLanguage":"fr-FR","@id":"https:\/\/cloudmlmsoftware.com\/fr\/services\/integration-e-commerce\/#primaryimage","url":"https:\/\/cloudmlmsoftware.com\/wp-content\/themes\/cloudmlmdemo\/assets\/images\/banner\/ServicesBanner.webp","contentUrl":"https:\/\/cloudmlmsoftware.com\/wp-content\/themes\/cloudmlmdemo\/assets\/images\/banner\/ServicesBanner.webp"},{"@type":"BreadcrumbList","@id":"https:\/\/cloudmlmsoftware.com\/fr\/services\/integration-e-commerce\/#breadcrumb","itemListElement":[{"@type":"ListItem","position":1,"name":"Home","item":"https:\/\/cloudmlmsoftware.com\/fr\/"},{"@type":"ListItem","position":2,"name":"Services","item":"https:\/\/cloudmlmsoftware.com\/fr\/services\/"},{"@type":"ListItem","position":3,"name":"int\u00e9gration-e-commerce"}]},{"@type":"WebSite","@id":"https:\/\/cloudmlmsoftware.com\/fr\/#website","url":"https:\/\/cloudmlmsoftware.com\/fr\/","name":"Cloud MLM Software","description":"","publisher":{"@id":"https:\/\/cloudmlmsoftware.com\/fr\/#organization"},"potentialAction":[{"@type":"SearchAction","target":{"@type":"EntryPoint","urlTemplate":"https:\/\/cloudmlmsoftware.com\/fr\/?s={search_term_string}"},"query-input":{"@type":"PropertyValueSpecification","valueRequired":true,"valueName":"search_term_string"}}],"inLanguage":"fr-FR"},{"@type":"Organization","@id":"https:\/\/cloudmlmsoftware.com\/fr\/#organization","name":"Cloud MLM Software","url":"https:\/\/cloudmlmsoftware.com\/fr\/","logo":{"@type":"ImageObject","inLanguage":"fr-FR","@id":"https:\/\/cloudmlmsoftware.com\/fr\/#\/schema\/logo\/image\/","url":"https:\/\/cloudmlmsoftware.com\/wp-content\/uploads\/2024\/09\/cloudmlm-logo.webp","contentUrl":"https:\/\/cloudmlmsoftware.com\/wp-content\/uploads\/2024\/09\/cloudmlm-logo.webp","width":200,"height":40,"caption":"Cloud MLM Software"},"image":{"@id":"https:\/\/cloudmlmsoftware.com\/fr\/#\/schema\/logo\/image\/"}}]}},"_links":{"self":[{"href":"https:\/\/cloudmlmsoftware.com\/fr\/wp-json\/wp\/v2\/pages\/13087","targetHints":{"allow":["GET"]}}],"collection":[{"href":"https:\/\/cloudmlmsoftware.com\/fr\/wp-json\/wp\/v2\/pages"}],"about":[{"href":"https:\/\/cloudmlmsoftware.com\/fr\/wp-json\/wp\/v2\/types\/page"}],"author":[{"embeddable":true,"href":"https:\/\/cloudmlmsoftware.com\/fr\/wp-json\/wp\/v2\/users\/1"}],"replies":[{"embeddable":true,"href":"https:\/\/cloudmlmsoftware.com\/fr\/wp-json\/wp\/v2\/comments?post=13087"}],"version-history":[{"count":0,"href":"https:\/\/cloudmlmsoftware.com\/fr\/wp-json\/wp\/v2\/pages\/13087\/revisions"}],"up":[{"embeddable":true,"href":"https:\/\/cloudmlmsoftware.com\/fr\/wp-json\/wp\/v2\/pages\/8123"}],"wp:attachment":[{"href":"https:\/\/cloudmlmsoftware.com\/fr\/wp-json\/wp\/v2\/media?parent=13087"}],"curies":[{"name":"wp","href":"https:\/\/api.w.org\/{rel}","templated":true}]}}