{"id":8438,"date":"2024-03-21T14:08:07","date_gmt":"2024-03-21T14:08:07","guid":{"rendered":"https:\/\/cloudmlmsoftware.com\/servicios\/desarrollo-de-opencart\/"},"modified":"2024-11-08T09:58:27","modified_gmt":"2024-11-08T09:58:27","slug":"desarrollo-opencart","status":"publish","type":"page","link":"https:\/\/cloudmlmsoftware.com\/es\/services\/desarrollo-opencart\/","title":{"rendered":"desarrollo de opencart"},"content":{"rendered":"\n<div class=\"bannerBgcolor BannerBg pt-16 relative overflow-hidden\">\n   <div class=\"animation-wrapper\">\n      <div class=\"particle particle-1\"><\/div>\n      <div class=\"particle particle-2\"><\/div>\n      <div class=\"particle particle-3\"><\/div>\n      <div class=\"particle particle-4\"><\/div>\n   <\/div>\n   <div class=\"container mx-auto pt-2 md:h-[600px] sm:h-[400px] h-[550px] overflow-hidden relative z-1\">\n      <div class=\"flex flex-wrap items-center\">\n         <div class=\"w-full md:w-10\/12 mx-auto text-center pt-10 mb-8\">\n            <h1 class=\"lg:text-mainTitleFontSize sm:text-3xl text-3xl text-white lg:leading-snug capitalize\"> Desarrollo <span class=\"font-bold animate-charcter-offwhite\">Opencart <\/span>  <\/h1>\n            <p class=\"offWhite pt-3 text-md md:text-lg font-light md:w-11\/12 mx-auto\">Cloud MLM proporciona Servicios de Desarrollo Opencart inteligentes para ayudarte a realizar las tareas empresariales integrales de forma f\u00e1cil y eficaz, mejorar el rendimiento de tu tienda, impulsar tu percepci\u00f3n en el flujo empresarial y, por \u00faltimo, satisfacer mejor los requisitos de tus clientes.<\/p>\n<div class=\"w-8\/12 mx-auto text-center pt-6\">\n<a href=\"https:\/\/demo.cloudmlmsoftware.com\" class=\"button primaryColor px-4 py-3 w-[132px] mx-auto rounded-md text-white md:flex text-sm md:text-md sm:block btn1\">Prueba la Demo Gratis <\/a>\n<\/div>\n         <\/div>\n        <div class=\"w-full p-4 relative z-9\">\n<img fetchpriority=\"high\" decoding=\"async\" src=\"https:\/\/cloudmlmsoftware.com\/wp-content\/themes\/cloudmlmdemo\/assets\/images\/banner\/ServicesBanner.webp\" alt=\"software mlm\" width=\"900\" height=\"643\" class=\"mx-auto\"\/>\n<img decoding=\"async\" src=\"\/wp-content\/uploads\/2024\/08\/seraniImg1.webp\" alt=\"software mlm\" width=\"32\" height=\"32\" class=\"sevraniImg sevraniImg1\"\/>\n<img decoding=\"async\" src=\"\/wp-content\/uploads\/2024\/08\/seraniImg2.webp\" alt=\"software mlm\" width=\"20\" height=\"20\" class=\"sevraniImg sevraniImg2\"\/>\n<img loading=\"lazy\" decoding=\"async\" src=\"\/wp-content\/uploads\/2024\/08\/seraniImg3.webp\" alt=\"software mlm\" width=\"28\" height=\"28\" class=\"sevraniImg sevraniImg3\"\/>\n<img loading=\"lazy\" decoding=\"async\" src=\"\/wp-content\/uploads\/2024\/08\/seraniImg4.webp\" alt=\"software mlm\" width=\"24\" height=\"24\" class=\"sevraniImg sevraniImg4\"\/>\n<img loading=\"lazy\" decoding=\"async\" src=\"\/wp-content\/uploads\/2024\/08\/seraniImg5.webp\" alt=\"software mlm\" width=\"34\" height=\"34\" class=\"sevraniImg sevraniImg5\"\/>\n<img loading=\"lazy\" decoding=\"async\" src=\"\/wp-content\/uploads\/2024\/08\/seraniImg6.webp\" alt=\"software mlm\" width=\"24\" height=\"24\" class=\"sevraniImg sevraniImg6\"\/>\n<img loading=\"lazy\" decoding=\"async\" src=\"\/wp-content\/uploads\/2024\/08\/seraniImg7.webp\" alt=\"software mlm\" width=\"24\" height=\"24\" class=\"sevraniImg sevraniImg7\"\/>\n<img loading=\"lazy\" decoding=\"async\" src=\"\/wp-content\/uploads\/2024\/08\/seraniImg8.webp\" alt=\"software mlm\" width=\"24\" height=\"24\" class=\"sevraniImg sevraniImg8\"\/>\n<\/div>\n      <\/div>\n   <\/div>\n<\/div>\n<!-- ************************************************************************************* --> \n<section class=\"p-sectionpadding\">\n   <div class=\"container mx-auto mt-20\">\n      <div class=\"relative darklight rounded-2xl p-6 md:p-12 py-16 overflow-hidden\">\n         <!-- Left side box --> \n         <div class=\"flex flex-wrap md:flex-row flex-col-reverse\">\n            <div class=\"w-full md:w-9\/12 pb-4 md:pr-12 pr-0\">\n               <h2 class=\"md:text-TitlesemiFontSize text-2xl text-white lg:leading-snug capitalize\">\u00bfQu\u00e9 es <span class=\"font-bold\">Opencart?<\/span> <\/h2>\n               <p class=\"text-textpara font-light leading-6 offWhite py-3\">Opencart es una de las soluciones de carrito de la compra de c\u00f3digo abierto m\u00e1s din\u00e1micas y con m\u00e1s funciones.\nEs f\u00e1cil de usar, amigable con los motores de b\u00fasqueda y viene con una interfaz visualmente atractiva.\nEsta soluci\u00f3n de comercio electr\u00f3nico ayuda a los vendedores en l\u00ednea con la capacidad de crear su propio negocio en l\u00ednea y llevar a cabo en el comercio electr\u00f3nico a bajo costo.  <\/p>\n               <p class=\"text-textpara font-light leading-6 offWhite pb-3\">Cloud MLM proporciona Servicios de Desarrollo Opencart inteligentes para ayudarte a realizar las tareas empresariales integrales de forma f\u00e1cil y eficaz, mejorar el rendimiento de tu tienda, aumentar tu percepci\u00f3n del flujo empresarial y, por \u00faltimo, satisfacer mejor los requisitos de tus clientes.<\/p>\n            <\/div>\n            <div class=\"relative w-full md:w-3\/12 bottom-0 right-0 mb-6 md:mb-0\"> <img decoding=\"async\" src=\"\/wp-content\/uploads\/2024\/08\/opencartservice.webp\" alt=\"Imagen\" class=\"w-full\"\/> <\/div>\n         <\/div>\n      <\/div>\n   <\/div>\n<\/section>\n<!-- ************************** --> \n<section class=\"p-sectionpadding\">\n   <div class=\"container mx-auto\">\n      <!-- Left side box --> \n      <div class=\"flex flex-wrap items-center\">\n         <div class=\"w-full md:w-6\/12 pr-0 md:pr-16 mt-4\"> <img decoding=\"async\" src=\"\/wp-content\/uploads\/2024\/08\/opencar-innerpage.webp\" alt=\"Imagen\" class=\"w-full\"\/> <\/div>\n         <div class=\" w-full md:w-6\/12 pb-4\">\n            <h2 class=\"md:text-TitlesemiFontSize text-2xl lg:leading-snug capitalize mt-4\">  <span class=\"font-bold\"> Servicios de desarrollo Opencart <\/span> que ofrecemos  <\/h2>\n            <ul class=\"flex flex-wrap space-x-2 mt-2 list1\">\n               <li class=\"text-textpara contentColor font-light leading-6 mb-3 ml-2\">Dise\u00f1o, desarrollo e integraci\u00f3n personalizados<\/li>\n               <li class=\"text-textpara contentColor font-light leading-6 mb-3 ml-2\">Opencart Personalizaci\u00f3n \/ instalaci\u00f3n<\/li>\n               <li class=\"text-textpara contentColor font-light leading-6 mb-3 ml-2\">Desarrollo de tiendas de comercio electr\u00f3nico personalizadas<\/li>\n               <li class=\"text-textpara contentColor font-light leading-6 mb-3 ml-2\">Dise\u00f1o y desarrollo de temas adaptables a Opencart<\/li>\n               <li class=\"text-textpara contentColor font-light leading-6 mb-3 ml-2\">Servicios de apoyo y mantenimiento<\/li>\n               <li class=\"text-textpara contentColor font-light leading-6 mb-3 ml-2\">Integraci\u00f3n de pasarelas de pago<\/li>\n               <li class=\"text-textpara contentColor font-light leading-6 mb-3 ml-2\">Desarrollo y personalizaci\u00f3n de m\u00f3dulos Opencart  <\/li>\n            <\/ul>\n         <\/div>\n      <\/div>\n   <\/div>\n<\/section>\n<!-- ************************** --> \n<section class=\"p-sectionpadding\">\n   <div class=\"container mx-auto\">\n      <div class=\"relative darklight rounded-2xl p-6 md:p-12 py-16 overflow-hidden\">\n         <!-- Left side box --> \n         <div class=\"flex flex-wrap items-center mt-4\">\n            <div class=\"relative w-full md:w-3\/12\"> <img decoding=\"async\" src=\"\/wp-content\/uploads\/2024\/08\/opencart4.webp\" alt=\"Imagen\" class=\"w-full\"\/> <\/div>\n            <div class=\" w-full md:w-9\/12 pb-4 mt-4 pl-0 md:pl-12\">\n               <h2 class=\"md:text-TitlesemiFontSize text-2xl text-white lg:leading-snug capitalize\">\u00bfC\u00f3mo ayudan <span class=\"font-bold\"> los servicios de desarrollo de Opencart <\/span> a tu negocio de comercio electr\u00f3nico?  <\/h2>\n               <p class=\"text-textpara font-light leading-6 offWhite py-3\">Hoy en d\u00eda hay varias soluciones de carritos de la compra disponibles en la industria del marketing online.\nEntre ellas, el software de carrito de la compra para comercio electr\u00f3nico Opencart es realmente la herramienta m\u00e1s accesible.\nAdem\u00e1s de proporcionar una interfaz f\u00e1cil de usar y visualmente atractiva para los portales de comercio electr\u00f3nico, ofrece casi todo lo necesario para convertir un simple sitio de comercio electr\u00f3nico en uno atractivo para las ventas.  <\/p>\n               <p class=\"text-textpara font-light leading-6 offWhite pb-3\">Existe la posibilidad de que un patrocinador utilice un software MLM y consiga un n\u00famero ilimitado de referidos.\nEsto tambi\u00e9n puede contribuir mucho a su \u00e9xito. <\/p>\n            <\/div>\n         <\/div>\n      <\/div>\n   <\/div>\n<\/section>\n<!-- ************************** --> \n<section class=\"p-sectionpadding\">\n   <div class=\"container mx-auto\">\n      <div class=\"flex flex-wrap\">\n         <div class=\"w-full md:w-6\/12\">\n            <h2 class=\"lg:text-TitlesemiFontSize text-2xl titleColor lg:leading-snug mt-3\">  Algunos <span class=\"font-bold\"> beneficios <\/span>  <\/h2>\n         <\/div>\n         <div class=\"w-full flex flex-wrap pt-2 justify-between\">\n            <div class=\"opencartBgDark px-10 py-16 rounded-xl mt-3 w-full lg:w-1\/3 lg:my-4 my-0 lg:mt-[27px] relative overflow-hidden\">\n               <img decoding=\"async\" src=\"\/wp-content\/uploads\/2024\/07\/opencartLogolight.webp\"\/> \n               <p class=\"text-white text-2xl mt-4\"><\/p>\n               <img decoding=\"async\" src=\"\/wp-content\/uploads\/2024\/07\/opencartlightIcon.webp\" class=\"absolute bottom-[-20px] right-[-40px]\"\/> \n            <\/div>\n            <div class=\"w-full lg:w-1\/3 px-0 lg:px-4 lg:py-4 py-0 flex flex-col justify-between pl-0 lg:pl-8\">\n               <div class=\"lighter px-8 py-12 rounded-xl mt-3 text-lg text-center\">  Amplia gama de productos y tipos, opciones multiidioma y multimoneda, copia de seguridad y restauraci\u00f3n de emergencia  <\/div>\n               <div class=\"lighter px-10 py-[60px] rounded-xl mt-3 text-lg text-center\">  Plantillas atractivas accesibles para Opencart.  <\/div>\n            <\/div>\n            <div class=\"w-full lg:w-1\/3 px-0 lg:px-4 lg:py-4 py-0 flex flex-col justify-between\">\n               <div class=\"lighter px-7 py-12 rounded-xl mt-3 text-lg text-center\">  SEO amigable gracias a caracter\u00edsticas intr\u00ednsecas como etiquetado personalizado, URLs basadas en productos y tipos autorizados  <\/div>\n               <div class=\"lighter px-10 py-12 rounded-xl mt-3 text-lg text-center mt-7\">  El soporte ilimitado aplicable a trav\u00e9s de la comunidad permite ayuda regular para actualizaciones, informes de errores, integraci\u00f3n y soporte conceptual.  <\/div>\n            <\/div>\n         <\/div>\n      <\/div>\n   <\/div>\n<\/section>\n<!-- ************************************************************************************* --> \n<section class=\"p-sectionpadding\">\n   <div class=\"container mx-auto\">\n      <div class=\"flex flex-wrap items-center\">\n         <div class=\"w-full darkblue py-12 px-3 lg:px-12 rounded-2xl\">\n            <div class=\"relative z-10 pl-6 lg:pl-0\">\n               <div class=\"text-left lg:text-center\">\n                  <h3 class=\"text-white text-3xl lg:leading-snug capitalize mb-5 w-full md:w-4\/12 mx-auto\">  \u00bfPor qu\u00e9 <span class=\"font-bold\">Cloud MLM <\/span> para el desarrollo de <span class=\"font-bold\"> Open Cart<\/span>?  <\/h3>\n                  <p class=\"text-white mb-6 w-full lg:w-6\/12 mx-auto font-light\">Nuestro equipo de desarrollo de Opencart est\u00e1 formado por personas con profundos conocimientos en las siguientes habilidades y tecnolog\u00edas clave<\/p>\n               <\/div>\n               <div class=\"flex flex-wrap mt-16 w-full md:w-10\/12 mx-auto\">\n                  <div class=\"w-full md:w-1\/2 font-light\">\n                     <ul class=\"flex flex-wrap space-x-2 mt-2 list1 lg:pr-6 pr-0\">\n                        <li class=\"text-textpara offWhite font-light leading-6 mb-3 ml-2\">Somos expertos en PHP, MySQL, SQL Server, .Net, AJAX, HTML\/CSS, D HTML, XML y Java Script.<\/li>\n                        <li class=\"text-textpara offWhite font-light leading-6 mb-3 ml-2\">Nos basamos en el cliente, y somos conocidos por la distribuci\u00f3n puntual<\/li>\n                        <li class=\"text-textpara offWhite font-light leading-6 mb-3 ml-2\">Equipo de desarrolladores de Opencart bien capacitado y profesional.<\/li>\n                        <li class=\"text-textpara offWhite font-light leading-6 mb-3 ml-2\">Soluciones Opencart a medida para proyectos grandes y peque\u00f1os<\/li>\n                        <li class=\"text-textpara offWhite font-light leading-6 mb-3 ml-2\">Asistencia al cliente 24*7<\/li>\n                     <\/ul>\n                  <\/div>\n                  <div class=\"w-full md:w-1\/2 font-light\">\n                     <ul class=\"flex flex-wrap space-x-2 mt-2 list1\">\n                        <li class=\"text-textpara offWhite font-light leading-6 mb-3 ml-2\">Comunicaci\u00f3n coherente<\/li>\n                        <li class=\"text-textpara offWhite font-light leading-6 mb-3 ml-2\">Te gestionamos protegido todo el espectro de servicios de desarrollo Opencart<\/li>\n                        <li class=\"text-textpara offWhite font-light leading-6 mb-3 ml-2\">Ofrecemos precios m\u00f3dicos<\/li>\n                        <li class=\"text-textpara offWhite font-light leading-6 mb-3 ml-2\">Integraci\u00f3n de pasarelas de pago<\/li>\n                        <li class=\"text-textpara offWhite font-light leading-6 mb-3 ml-2\">100% de satisfacci\u00f3n del cliente<\/li>\n                     <\/ul>\n                  <\/div>\n               <\/div>\n            <\/div>\n         <\/div>\n      <\/div>\n   <\/div>\n<\/section>\n<!-- ************************************************************************************* --> \n<section class=\"p-sectionpadding\">\n   <div class=\"container mx-auto mt-8\">\n      <!-- Left side box --> \n      <div class=\"flex flex-wrap lg:space-x-8\">\n         <div class=\"lg:flex-1 w-full lg:w-4\/12 primaryColor rounded-2xl p-12 pb-0 mb-2\">\n            <h4 class=\"text-3xl text-white lg:leading-snug capitalize\">Competencias <span class=\"font-bold\">de Cloud MLM <\/span> como empresa de <span class=\"font-bold\">desarrollo Opencart<\/span>  <\/h4>\n            <img decoding=\"async\" src=\"\/wp-content\/uploads\/2024\/08\/opencart3.webp\" alt=\"Imagen\" class=\"w-full mt-4 rounded-t-lg\"\/> \n         <\/div>\n         <div class=\"w-full lg:w-8\/12 lighter flex-col flex justify-center rounded-2xl overflow-hidden p-12 mb-2\">\n            <h4 class=\"text-3xl titleColor lg:leading-snug capitalize\"> <span class=\"font-bold\">Con Opencart, <\/span><br\/> podemos  <\/h4>\n            <ul class=\"mt-6 lg:pr-6 pr-0\">\n               <li class=\"text-textpara offWhite leading-6 mb-3 flex items-start space-x-2\">\n                  <div class=\"primaryColor p-1 rounded-lg flex items-center justify-center w-8 h-8\"> <img decoding=\"async\" src=\"\/wp-content\/uploads\/2024\/07\/Develop-and-integrate.webp\" width=\"20\" height=\"20\" alt=\"software mlm\"\/> <\/div>\n                  <span class=\"titleColor\">Desarrollar e integrar un nuevo tema personalizado para tu tienda online<\/span> \n               <\/li>\n               <li class=\"text-textpara offWhite leading-6 mb-3 flex items-start space-x-2\">\n                  <div class=\"primaryColor p-1 rounded-lg flex items-center justify-center w-8 h-8\"> <img decoding=\"async\" src=\"\/wp-content\/uploads\/2024\/07\/Change-default-modules.webp\" width=\"20\" height=\"20\" alt=\"software mlm\"\/> <\/div>\n                  <span class=\"titleColor\">Cambia los m\u00f3dulos por defecto seg\u00fan tus necesidades.<\/span> \n               <\/li>\n               <li class=\"text-textpara offWhite leading-6 mb-3 flex items-start space-x-2\">\n                  <div class=\"primaryColor p-1 rounded-lg flex items-center justify-center w-8 h-8\"> <img decoding=\"async\" src=\"\/wp-content\/uploads\/2024\/07\/Create-extra.webp\" width=\"20\" height=\"20\" alt=\"software mlm\"\/> <\/div>\n                  <span class=\"titleColor\">Crea m\u00f3dulos y desarrollos personalizados adicionales que se adapten a tus necesidades.<\/span> \n               <\/li>\n               <li class=\"text-textpara offWhite leading-6 mb-3 flex items-start space-x-2\">\n                  <div class=\"primaryColor p-1 rounded-lg flex items-center justify-center w-8 h-8\"> <img decoding=\"async\" src=\"\/wp-content\/uploads\/2024\/07\/Debug.webp\" width=\"20\" height=\"20\" alt=\"software mlm\"\/> <\/div>\n                  <span class=\"titleColor\">Depura tu Opencart actual.<\/span> \n               <\/li>\n               <li class=\"text-textpara offWhite leading-6 mb-3 flex items-start space-x-2\">\n                  <div class=\"primaryColor p-1 rounded-lg flex items-center justify-center w-8 h-8\"> <img decoding=\"async\" src=\"\/wp-content\/uploads\/2024\/07\/Test-your-store.webp\" width=\"20\" height=\"20\" alt=\"software mlm\"\/> <\/div>\n                  <span class=\"titleColor\">Pon a prueba la capacidad de estr\u00e9s de tu tienda<\/span> \n               <\/li>\n            <\/ul>\n         <\/div>\n      <\/div>\n   <\/div>\n<\/section>\n","protected":false},"excerpt":{"rendered":"<p>Desarrollo Opencart Cloud MLM proporciona Servicios de Desarrollo Opencart inteligentes para ayudarte a realizar las tareas empresariales integrales de forma f\u00e1cil y eficaz, mejorar el rendimiento de tu tienda, impulsar tu percepci\u00f3n en el flujo empresarial y, por \u00faltimo, satisfacer mejor los requisitos de tus clientes. Prueba la Demo Gratis \u00bfQu\u00e9 es Opencart? Opencart es [&hellip;]<\/p>\n","protected":false},"author":1,"featured_media":0,"parent":8126,"menu_order":0,"comment_status":"closed","ping_status":"closed","template":"opencart-page.php","meta":{"_acf_changed":false,"footnotes":""},"class_list":["post-8438","page","type-page","status-publish","hentry"],"acf":[],"yoast_head":"<!-- This site is optimized with the Yoast SEO Premium plugin v23.6 (Yoast SEO v25.9) - https:\/\/yoast.com\/wordpress\/plugins\/seo\/ -->\n<title>Servicios de desarrollo de Opencart | Construya poderosas tiendas en l\u00ednea<\/title>\n<meta name=\"description\" content=\"Servicios de desarrollo Opencart para crear tiendas online potentes y personalizables. Mejore la funcionalidad y la experiencia del usuario con soluciones expertas.\" \/>\n<meta name=\"robots\" content=\"index, follow, max-snippet:-1, max-image-preview:large, max-video-preview:-1\" \/>\n<link rel=\"canonical\" href=\"https:\/\/cloudmlmsoftware.com\/es\/services\/desarrollo-opencart\/\" \/>\n<meta property=\"og:locale\" content=\"es_ES\" \/>\n<meta property=\"og:type\" content=\"article\" \/>\n<meta property=\"og:title\" content=\"desarrollo de opencart\" \/>\n<meta property=\"og:description\" content=\"Servicios de desarrollo Opencart para crear tiendas online potentes y personalizables. Mejore la funcionalidad y la experiencia del usuario con soluciones expertas.\" \/>\n<meta property=\"og:url\" content=\"https:\/\/cloudmlmsoftware.com\/es\/services\/desarrollo-opencart\/\" \/>\n<meta property=\"og:site_name\" content=\"Cloud MLM Software\" \/>\n<meta property=\"article:modified_time\" content=\"2024-11-08T09:58:27+00:00\" \/>\n<meta property=\"og:image\" content=\"https:\/\/cloudmlmsoftware.com\/wp-content\/themes\/cloudmlmdemo\/assets\/images\/banner\/ServicesBanner.webp\" \/>\n<meta name=\"twitter:card\" content=\"summary_large_image\" \/>\n<meta name=\"twitter:label1\" content=\"Tiempo de lectura\" \/>\n\t<meta name=\"twitter:data1\" content=\"3 minutos\" \/>\n<!-- \/ Yoast SEO Premium plugin. -->","yoast_head_json":{"title":"Servicios de desarrollo de Opencart | Construya poderosas tiendas en l\u00ednea","description":"Servicios de desarrollo Opencart para crear tiendas online potentes y personalizables. Mejore la funcionalidad y la experiencia del usuario con soluciones expertas.","robots":{"index":"index","follow":"follow","max-snippet":"max-snippet:-1","max-image-preview":"max-image-preview:large","max-video-preview":"max-video-preview:-1"},"canonical":"https:\/\/cloudmlmsoftware.com\/es\/services\/desarrollo-opencart\/","og_locale":"es_ES","og_type":"article","og_title":"desarrollo de opencart","og_description":"Servicios de desarrollo Opencart para crear tiendas online potentes y personalizables. Mejore la funcionalidad y la experiencia del usuario con soluciones expertas.","og_url":"https:\/\/cloudmlmsoftware.com\/es\/services\/desarrollo-opencart\/","og_site_name":"Cloud MLM Software","article_modified_time":"2024-11-08T09:58:27+00:00","og_image":[{"url":"https:\/\/cloudmlmsoftware.com\/wp-content\/themes\/cloudmlmdemo\/assets\/images\/banner\/ServicesBanner.webp","type":"","width":"","height":""}],"twitter_card":"summary_large_image","twitter_misc":{"Tiempo de lectura":"3 minutos"},"schema":{"@context":"https:\/\/schema.org","@graph":[{"@type":"WebPage","@id":"https:\/\/cloudmlmsoftware.com\/es\/services\/desarrollo-opencart\/","url":"https:\/\/cloudmlmsoftware.com\/es\/services\/desarrollo-opencart\/","name":"Servicios de desarrollo de Opencart | Construya poderosas tiendas en l\u00ednea","isPartOf":{"@id":"https:\/\/cloudmlmsoftware.com\/es\/#website"},"primaryImageOfPage":{"@id":"https:\/\/cloudmlmsoftware.com\/es\/services\/desarrollo-opencart\/#primaryimage"},"image":{"@id":"https:\/\/cloudmlmsoftware.com\/es\/services\/desarrollo-opencart\/#primaryimage"},"thumbnailUrl":"https:\/\/cloudmlmsoftware.com\/wp-content\/themes\/cloudmlmdemo\/assets\/images\/banner\/ServicesBanner.webp","datePublished":"2024-03-21T14:08:07+00:00","dateModified":"2024-11-08T09:58:27+00:00","description":"Servicios de desarrollo Opencart para crear tiendas online potentes y personalizables. Mejore la funcionalidad y la experiencia del usuario con soluciones expertas.","breadcrumb":{"@id":"https:\/\/cloudmlmsoftware.com\/es\/services\/desarrollo-opencart\/#breadcrumb"},"inLanguage":"es","potentialAction":[{"@type":"ReadAction","target":["https:\/\/cloudmlmsoftware.com\/es\/services\/desarrollo-opencart\/"]}]},{"@type":"ImageObject","inLanguage":"es","@id":"https:\/\/cloudmlmsoftware.com\/es\/services\/desarrollo-opencart\/#primaryimage","url":"https:\/\/cloudmlmsoftware.com\/wp-content\/themes\/cloudmlmdemo\/assets\/images\/banner\/ServicesBanner.webp","contentUrl":"https:\/\/cloudmlmsoftware.com\/wp-content\/themes\/cloudmlmdemo\/assets\/images\/banner\/ServicesBanner.webp"},{"@type":"BreadcrumbList","@id":"https:\/\/cloudmlmsoftware.com\/es\/services\/desarrollo-opencart\/#breadcrumb","itemListElement":[{"@type":"ListItem","position":1,"name":"Home","item":"https:\/\/cloudmlmsoftware.com\/es\/"},{"@type":"ListItem","position":2,"name":"Servicios","item":"https:\/\/cloudmlmsoftware.com\/es\/services\/"},{"@type":"ListItem","position":3,"name":"desarrollo de opencart"}]},{"@type":"WebSite","@id":"https:\/\/cloudmlmsoftware.com\/es\/#website","url":"https:\/\/cloudmlmsoftware.com\/es\/","name":"Cloud MLM Software","description":"","publisher":{"@id":"https:\/\/cloudmlmsoftware.com\/es\/#organization"},"potentialAction":[{"@type":"SearchAction","target":{"@type":"EntryPoint","urlTemplate":"https:\/\/cloudmlmsoftware.com\/es\/?s={search_term_string}"},"query-input":{"@type":"PropertyValueSpecification","valueRequired":true,"valueName":"search_term_string"}}],"inLanguage":"es"},{"@type":"Organization","@id":"https:\/\/cloudmlmsoftware.com\/es\/#organization","name":"Cloud MLM Software","url":"https:\/\/cloudmlmsoftware.com\/es\/","logo":{"@type":"ImageObject","inLanguage":"es","@id":"https:\/\/cloudmlmsoftware.com\/es\/#\/schema\/logo\/image\/","url":"https:\/\/cloudmlmsoftware.com\/wp-content\/uploads\/2024\/09\/cloudmlm-logo.webp","contentUrl":"https:\/\/cloudmlmsoftware.com\/wp-content\/uploads\/2024\/09\/cloudmlm-logo.webp","width":200,"height":40,"caption":"Cloud MLM Software"},"image":{"@id":"https:\/\/cloudmlmsoftware.com\/es\/#\/schema\/logo\/image\/"}}]}},"_links":{"self":[{"href":"https:\/\/cloudmlmsoftware.com\/es\/wp-json\/wp\/v2\/pages\/8438","targetHints":{"allow":["GET"]}}],"collection":[{"href":"https:\/\/cloudmlmsoftware.com\/es\/wp-json\/wp\/v2\/pages"}],"about":[{"href":"https:\/\/cloudmlmsoftware.com\/es\/wp-json\/wp\/v2\/types\/page"}],"author":[{"embeddable":true,"href":"https:\/\/cloudmlmsoftware.com\/es\/wp-json\/wp\/v2\/users\/1"}],"replies":[{"embeddable":true,"href":"https:\/\/cloudmlmsoftware.com\/es\/wp-json\/wp\/v2\/comments?post=8438"}],"version-history":[{"count":0,"href":"https:\/\/cloudmlmsoftware.com\/es\/wp-json\/wp\/v2\/pages\/8438\/revisions"}],"up":[{"embeddable":true,"href":"https:\/\/cloudmlmsoftware.com\/es\/wp-json\/wp\/v2\/pages\/8126"}],"wp:attachment":[{"href":"https:\/\/cloudmlmsoftware.com\/es\/wp-json\/wp\/v2\/media?parent=8438"}],"curies":[{"name":"wp","href":"https:\/\/api.w.org\/{rel}","templated":true}]}}