{"id":8074,"date":"2024-06-26T10:23:43","date_gmt":"2024-06-26T10:23:43","guid":{"rendered":"https:\/\/cloudmlmsoftware.com\/acerca-de-la-empresa\/"},"modified":"2024-09-25T11:04:39","modified_gmt":"2024-09-25T11:04:39","slug":"acerca-de-la-compania","status":"publish","type":"page","link":"https:\/\/cloudmlmsoftware.com\/es\/acerca-de-la-compania\/","title":{"rendered":"acerca de la empresa"},"content":{"rendered":"\n<div class=\"bannerBgcolor BannerBg pt-16 pb-20 overflow-hidden relative\">\n        <div class=\"animation-wrapper\">\n            <div class=\"particle particle-1\"><\/div>\n            <div class=\"particle particle-2\"><\/div>\n            <div class=\"particle particle-3\"><\/div>\n            <div class=\"particle particle-4\"><\/div>\n        <\/div>\n        <div class=\"container mx-auto xl:h-[550px] h-auto\">\n            <div class=\"flex flex-wrap md:flex-row flex-col-reverse items-center\">\n                <div class=\"md:basis-7\/12 sm:basis-12\/12 pt-12 md:pt-0\">\n                    <h1 class=\"lg:text-mainTitleFontSize sm:text-3xl text-3xl text-white lg:leading-snug \"> Aqu\u00ed hay algunos peque\u00f1os <span class=\"font-bold animate-charcter-offwhite\">&#8216;datos&#8217;<\/span> sobre <span class=\"font-bold animate-charcter-offwhite\">las soluciones de software Bpract<\/span>\n                    <\/h1>\n\n                    <p class=\"offlightWhite pt-3 text-md\">ofrece productos de software innovadores, con el software Cloud MLM como nuestra oferta principal. Nos centramos en la calidad, la excelencia y las soluciones orientadas al cliente en la industria tecnol\u00f3gica.  <\/p>\n                <\/div>\n                <div class=\"md:basis-5\/12 sm:basis-12\/12 pl-4 pr-0 py-4\">\n                    <img decoding=\"async\" src=\"\/wp-content\/uploads\/2024\/09\/about_banner-4.webp\" alt=\"el mejor software de mlm\" width=\"484\" height=\"408\"\/>\n\n                <\/div>\n            <\/div>\n        <\/div>\n    <\/div>\n    <!-- ************************************************************************************* -->\n    <section class=\"p-sectionpadding\">\n\n        <div class=\"container mx-auto mt-8\">\n            <!-- Left side box -->\n            <div class=\"flex flex-wrap lg:space-x-8\">\n                <div class=\"relative hidden lg:flex lg:flex-1 w-full lg:w-4\/12 primaryColor rounded-2xl p-12 pb-0 mb-2\">\n                    <img decoding=\"async\" src=\"\/wp-content\/uploads\/2024\/08\/banner_lightDashboard.webp\" alt=\"Imagen\" class=\"absolute bottom-[-2px] left-0 right-0 mx-auto w-[86%]\"\/>\n                <\/div>\n                <div class=\"w-full lg:w-8\/12 lighter flex-col flex justify-center rounded-2xl overflow-hidden p-6 lg:p-12 mb-2\">\n                    <h2 class=\"md:text-TitlesemiFontSize titleColor text-2xl lg:leading-snug capitalize\">\n                        <span class=\"font-bold\">Bpract software solutions<\/span> ofrece el mejor software de MLM <\/h2>\n\n                    <p class=\"text-textpara font-light leading-6 py-3\">tiene m\u00e1s de ocho a\u00f1os de experiencia brindando los mejores servicios a nuestros clientes en todo el mundo. El software Cloud MLM es uno de los productos de primer nivel de Bpract y ofrece una experiencia perfecta a sus usuarios.  <\/p>\n\n                    <p class=\"text-textpara font-light leading-6 pb-3\">Es una herramienta especialmente dise\u00f1ada que ayuda a gestionar todas las operaciones dentro del sistema de mercadeo en red con planes de compensaci\u00f3n \u00fanicos, herramientas avanzadas y un equipo de apoyo. Si est\u00e1 buscando una soluci\u00f3n de software eficaz, MLM en la nube es la mejor opci\u00f3n para usted. Conf\u00eda en <a href=\"https:\/\/bpract.com\/\" target=\"_blank\" rel=\"noopener\"><span style=\"color:#3498db;\"><b>Bpract software Solutions LLP<\/b><\/span><\/a> y gestiona tus tareas complejas de la forma m\u00e1s sencilla posible. \u00a1Te guiaremos!   <\/p>\n                <\/div>\n            <\/div>\n        <\/div>\n    <\/section>\n\n\n    <!-- ************************** -->\n    <section class=\"p-sectionpadding\">\n        <div class=\"container mx-auto\">\n            <div class=\"relative darkblue rounded-2xl p-6 md:p-12 py-16 overflow-hidden\">\n                <!-- Left side box -->\n                <div class=\"flex flex-wrap md:flex-row flex-col-reverse\">\n                    <div class=\"relative hidden lg:flex w-4\/12 bottom-0 right-0 mb-6 md:mb-0\">\n                        <img decoding=\"async\" src=\"\/wp-content\/uploads\/2024\/09\/who-weAre.webp\" alt=\"Los 5 mejores programas de mlm\" class=\"md:absolute bottom-[-80px] left-[-50px] w-full rounded-tr-xl\"\/>\n                    <\/div>\n\n                    <div class=\" w-full lg:w-8\/12 pb-4\">\n                        <h2 class=\"md:text-TitlesemiFontSize text-2xl text-white lg:leading-snug capitalize\">\n                            <span class=\"font-bold\">\u00bfQui\u00e9nes somos? <\/span>\n                        <\/h2>\n                        <h3 class=\"text-xl offWhite lg:leading-snug font-light capitalize my-3\"> El software MLM m\u00e1s confiable del mercado <\/h3>\n\n                        <p class=\"text-textpara offWhite font-light leading-6 py-2\">\u00bfBusca las mejores soluciones de software MLM para desarrollar software MLM para su negocio MLM? \u00a1\u00a1Entonces est\u00e1s en el lugar indicado!!. El software Cloud MLM es una de las empresas de desarrollo de software MLM m\u00e1s grandes del mundo y tiene a\u00f1os de experiencia en la industria MLM. Si dirige cualquier tipo de negocio de MLM, tener las herramientas adecuadas para gestionar sus actividades es la clave del \u00e9xito.<\/p>\n\n                        <p class=\"text-textpara offWhite font-light leading-6 py-2\">Nuestro software MLM est\u00e1 dise\u00f1ado de tal manera que puede ayudarlo a completar varias tareas de su negocio utilizando su variedad de funciones. Siempre entregamos software de calidad a nuestros clientes analizando sus necesidades comerciales. El software est\u00e1 dise\u00f1ado para hacer que el proceso de generaci\u00f3n de leads sea m\u00e1s productivo. Puede realizar un seguimiento de los miembros de su l\u00ednea descendente que reclut\u00f3, as\u00ed como de cualquier cliente potencial o cliente potencial.  <\/p>\n\n                        <div class=\"w-full flex flex-wrap mt-8\">\n                            <div class=\"lg:flex-1 w-full lg:w-4\/12\">\n                                <b class=\"font-semibold offWhite\">VIAJE INICIADO<\/b>\n                                <div class=\"text-[65px] primaryTextColor font-bold leading-none\">2015<\/div>\n                            <\/div>\n                            <div class=\"w-full lg:w-8\/12\">\n                                <ul class=\"flex flex-wrap mt-5 lg:mt-0 list1\">\n                                    <li class=\"text-textpara offWhite leading-6 mb-3\">Soluciones f\u00e1ciles y de emergencia en cualquier momento<\/li>\n                                    <li class=\"text-textpara offWhite leading-6 mb-3\">Obteniendo un precio asequible hasta 6 a\u00f1os<\/li>\n                                    <li class=\"text-textpara offWhite leading-6 mb-3\">Equipos m\u00e1s confiables y experimentados<\/li>\n                                <\/ul>\n                            <\/div>\n                        <\/div>\n                    <\/div>\n\n                <\/div>\n            <\/div>\n        <\/div>\n    <\/section>\n    <!-- =========================================================== -->\n    <section class=\"p-sectionpadding\">\n        <div class=\"container mx-auto\">\n            <div class=\"flex flex-wrap\">\n           \n                <div class=\"w-full flex flex-wrap justify-between items-center mt-4\">\n\n                    <div class=\"w-full lg:w-4\/12\">\n                    \n                        <h3 class=\"lg:text-4xl text-2xl titleColor lg:leading-snug mt-3\">\n                            <span class=\"font-bold\">Ser una de las mejores empresas de desarrollo de software MLM. <\/span> Damos m\u00e1s importancia a la calidad de nuestro software y lo entregamos honestamente a nuestros clientes. <\/h3>\n                    <\/div>\n              \n                    <div class=\"w-full lg:w-7\/12\">\n                        <div class=\"w-full flex flex-wrap pt-2\">\n\n                            <div class=\"w-full lg:w-6\/12 flex flex-col justify-between\">\n                                <p class=\"contentColor text-lg pt-5 leading-6 mb-3\"> Nuestros principales objetivos son, <\/p>\n\n                                <div class=\"lightBg text-lg p-6 md:p-12 rounded-xl mt-3 titleColor font-light relative overflow-hidden h-full\">\n                                    <span class=\"dummycountMatrix\">01<\/span> Ofrecer el mejor software MLM para empresas independientemente de su tipo, tama\u00f1o y estructura. <\/div>\n                                <div class=\"lightBg text-lg titleColor p-6 md:p-12 rounded-xl mt-3 lg:mt-5 h-full font-light relative overflow-hidden\">\n                                    <span class=\"dummycountMatrix\">03<\/span> Seguir siendo la mejor empresa de desarrollo de software MLM en el futuro. <\/div>\n                            <\/div>\n\n                            <div class=\"w-full lg:w-6\/12 pl-0 lg:pl-5 flex flex-col justify-between\">\n                                <div class=\"lightBg text-lg p-6 md:p-12 rounded-xl mt-3 h-full titleColor font-light relative overflow-hidden\">\n                                    <span class=\"dummycountMatrix\">02<\/span> Descubra y explore nuevas tecnolog\u00edas en nuestro software MLM de manera rentable. <\/div>\n                                <div class=\"lightBg text-lg p-6 md:p-12 rounded-xl mt-3 lg:mt-5 h-full titleColor font-light relative overflow-hidden\">\n                                    <span class=\"dummycountMatrix\">04<\/span> Ampliar nuestros servicios de desarrollo de software MLM en todo el mundo. <\/div>\n                            <\/div>\n\n                        <\/div>\n                    <\/div>\n\n                <\/div>\n            <\/div>\n        <\/div>\n    <\/section>\n    <!-- ========================================================================= -->\n    <section class=\"p-sectionpadding\">\n        <div class=\"container mx-auto\">\n\n            <div class=\"relative primaryColor rounded-2xl p-6 sm:p-12 overflow-hidden\">\n                <div class=\"flex flex-wrap\">\n                    <div class=\"w-full md:w-6\/12 pr-0 md:pr-6\">\n                        <h4 class=\"lg:text-TitlesemiFontSize text-2xl text-white lg:leading-snug mt-3\">\n                             <span class=\"font-bold\">\u00bfPor qu\u00e9<\/span> elegir el software MLM en la nube? <\/h4>\n                        <p class=\"text-textSubtitle text-white text-sm font-light pt-5 leading-6 mb-3\"> El software es la mejor decisi\u00f3n de software de MLM que jam\u00e1s haya tomado. Si es una empresa nueva o una red m\u00e1s grande, le brindamos todas las funciones necesarias para administrar su negocio de mlm en l\u00ednea. El software MLM creado por Cloud MLM proporciona una personalizaci\u00f3n total a sus usuarios sin l\u00edmites. El software MLM tambi\u00e9n tiene varios colores y temas personalizados entre los cuales sus usuarios pueden seleccionar su forma preferida.    <\/p>\n                    <\/div>\n                    <div class=\"w-full lg:w-6\/12\">\n                        <h3 class=\"lg:text-TitlesemiFontSize text-2xl text-white lg:leading-snug mt-3\">\n                            <span class=\"font-bold\"> \u00bfQu\u00e9 ofrecemos? <\/span>\n                        <\/h3>\n\n                        <p class=\"text-textSubtitle text-white text-sm font-light pt-5 leading-6 mb-3\"> Los servicios que ofrecemos a nuestros clientes son <\/p>\n\n                        <ul class=\"mt-4 block pr-0 sm:pr-10\">\n\n                            <li class=\"flex items-start space-x-2 bg-white duration-300 py-3 px-4 rounded-xl mb-3 w-full md:w-auto\">\n                            <img decoding=\"async\" src=\"https:\/\/cloudmlmsoftware.com\/wp-content\/uploads\/2024\/07\/list1.webp\" width=\"20\" height=\"20\" alt=\"lista\"\/>\n                            <b class=\"font-normal text-slate-950 text-sm\">Software MLM autohospedado basado en web.<\/b>\n                            <\/li>\n                            <li class=\"flex items-start space-x-2 bg-white duration-300 py-3 px-4 rounded-xl mb-3 w-full md:w-auto\">\n                            <img decoding=\"async\" src=\"https:\/\/cloudmlmsoftware.com\/wp-content\/uploads\/2024\/07\/list1.webp\" width=\"20\" height=\"20\" alt=\"lista\"\/>\n                            <b class=\"font-normal text-slate-950 text-sm\">Personalizaciones de software de marketing multinivel sin l\u00edmites.<\/b>\n                            <\/li>\n                            <li class=\"flex items-start space-x-2 bg-white duration-300 py-3 px-4 rounded-xl mb-3 w-full md:w-auto\">\n                            <img decoding=\"async\" src=\"https:\/\/cloudmlmsoftware.com\/wp-content\/uploads\/2024\/07\/list1.webp\" width=\"20\" height=\"20\" alt=\"lista\"\/>\n                            <b class=\"font-normal text-slate-950 text-sm\">Ofrece Analistas de Negocios para despejar dudas en planes MLM.<\/b>\n                            <\/li>\n                            <li class=\"flex items-start space-x-2 bg-white duration-300 py-3 px-4 rounded-xl mb-3 w-full md:w-auto\">\n                            <img decoding=\"async\" src=\"https:\/\/cloudmlmsoftware.com\/wp-content\/uploads\/2024\/07\/list1.webp\" width=\"20\" height=\"20\" alt=\"lista\"\/>\n                            <b class=\"font-normal text-slate-950 text-sm\">Planes de compensaci\u00f3n mlm rentables.<\/b>\n                            <\/li>\n                            \n                        <\/ul>\n                    <\/div>\n                <\/div>\n            <\/div>\n        <\/div>\n    <\/section>\n    <!-- ========================================================================= -->\n    <section class=\"p-sectionpadding\">\n        <div class=\"container mx-auto\">\n            <div class=\"w-full darkblue px-6 lg:px-10 py-10 md:py-16 rounded-2xl\">\n\n\n                <div class=\"flex flex-wrap md:flex-row flex-col-reverse w-full mb-4 items-center\">\n                    <div class=\"w-full md:w-1\/2 font-light\">\n                        <h4 class=\"text-white text-3xl lg:leading-snug capitalize mb-5\"> \u00bfD\u00f3nde nos <span class=\"font-bold\"> encontramos?<\/span> \n                        <\/h4>\n\n                        <p class=\"text-textSubtitle text-white text-sm font-light leading-6 mb-3\"> Contamos con un equipo de desarrolladores de software con un profundo conocimiento en marketing multinivel y su exitoso algoritmo. Utilizamos las \u00faltimas tecnolog\u00edas para construir, asegurar y garantizar que usted tenga la mejor experiencia. Proporcionamos todo lo que necesita para crear campa\u00f1as de marketing exitosas y realizar un seguimiento de sus actividades de venta y reclutamiento, todo desde un panel conveniente que ayudar\u00e1 a que su negocio crezca con \u00e9xito.  <\/p>\n\n                        <p class=\"text-textSubtitle titleColor font-light py-7 leading-6 mb-3 lighter px-6 rounded-md mt-6 border-l-8 border-sky-500\"> Nos reunimos con nuestros clientes en redes sociales como Skype, Whatsapp y Hangout, utilizamos dichas plataformas para iniciar planes con empresas en su software MLM. <\/p>\n                    <\/div>\n\n                    <div class=\"w-full md:w-1\/2 font-light mb-4\">\n                            <img decoding=\"async\" src=\"\/wp-content\/uploads\/2024\/07\/wemeet.webp\" width=\"503\" height=\"336\" alt=\"Software de multinivel\"\/>    \n                    <\/div>\n                <\/div>\n            <\/div>\n\n        <\/div>\n    <\/section>\n\n    <!-- ========================================================================= -->\n\n\n    <section class=\"p-sectionpadding\">\n        <div class=\"container mx-auto\">\n\n            <div class=\"text-left lg:text-center\">\n\n                <h3 class=\"titleColor text-2xl lg:text-3xl lg:leading-snug capitalize mb-5 w-full lg:w-6\/12 mx-auto\"> \u00bfC\u00f3mo obtuvimos el t\u00edtulo de <span class=\"font-bold\">&#8220;Mejor empresa de desarrollo de software MLM&#8221;?<\/span> Aqu\u00ed las pocas razones <\/h3>\n            <\/div>\n            <div class=\"flex flex-wrap mt-8 md:mt-16 w-full\">\n                <div class=\"w-full md:w-1\/2 font-light\">\n                    <ul class=\"flex flex-wrap list1 pr-0 md:pr-6\">\n                        <li class=\"text-textpara contentColor font-light leading-6 mb-3\">Utilizamos tecnolog\u00edas de primer nivel para crear el software MLM.<\/li>\n                        <li class=\"text-textpara contentColor font-light leading-6 mb-3\">Capas adicionales para seguridad y velocidad en software MLM.<\/li>\n                        <li class=\"text-textpara contentColor font-light leading-6 mb-3\">El mejor soporte del planeta despu\u00e9s de entregar Software MLM para tu negocio.<\/li>\n                        <li class=\"text-textpara contentColor font-light leading-6 mb-3\">Equipo amigable de administraci\u00f3n y desarrollo que trabaja duro para hacerlo mejor y a\u00fan mejor.<\/li>\n                        <li class=\"text-textpara contentColor font-light leading-6 mb-3\">Personaliza como imaginas<\/li>\n                        <li class=\"text-textpara contentColor font-light leading-6 mb-3\">Software MLM para negocios de marketing multinivel y demostraci\u00f3n gratuita para planes binarios, matriciales y uninivel.<\/li>\n                        <li class=\"text-textpara contentColor font-light leading-6 mb-3\">Software MLM para mercadeo en red multinivel y negocios de venta directa, y para necesidades de marketing afiliado.<\/li>\n                    <\/ul>\n                <\/div>\n                <div class=\"w-full md:w-1\/2 font-light\">\n                    <ul class=\"flex flex-wrap list1\">\n                        <li class=\"text-textpara contentColor font-light leading-6 mb-3\">Al utilizar el software Cloud MLM, es muy f\u00e1cil gestionar el marketing online de forma m\u00e1s sencilla y segura.<\/li>\n                        <li class=\"text-textpara contentColor font-light leading-6 mb-3\">Nuestro software MLM nunca complica las cosas, sino que las hace m\u00e1s f\u00e1ciles para usted y sus socios comerciales junto con sus usuarios.<\/li>\n                        <li class=\"text-textpara contentColor font-light leading-6 mb-3\">Somos el mejor equipo que desarrolla software MLM para empresas comerciales de MLM y brindamos una demostraci\u00f3n gratuita de software con planes binarios, matriciales y uninivel.<\/li>\n                        <li class=\"text-textpara contentColor font-light leading-6 mb-3\">Soporte de planes ilimitados. \u00a1Binario, Matrix, uninivel, donaci\u00f3n, recarga, tablero y muchos m\u00e1s planes personalizados para elegir! Tu plan, tu software.  <\/li>\n                        <li class=\"text-textpara contentColor font-light leading-6 mb-3\">El software es la soluci\u00f3n final para gestionar negocios de MLM, con m\u00f3dulos probados y procesos automatizados, el mejor software de MLM del mundo.<\/li>\n                    <\/ul>\n                <\/div>\n            <\/div>\n        <\/div>\n\n\n    <\/section>\n","protected":false},"excerpt":{"rendered":"<p>Aqu\u00ed hay algunos peque\u00f1os &#8216;datos&#8217; sobre las soluciones de software Bpract ofrece productos de software innovadores, con el software Cloud MLM como nuestra oferta principal. Nos centramos en la calidad, la excelencia y las soluciones orientadas al cliente en la industria tecnol\u00f3gica. Bpract software solutions ofrece el mejor software de MLM tiene m\u00e1s de ocho [&hellip;]<\/p>\n","protected":false},"author":1,"featured_media":0,"parent":0,"menu_order":0,"comment_status":"closed","ping_status":"closed","template":"about-page.php","meta":{"_acf_changed":false,"footnotes":""},"class_list":["post-8074","page","type-page","status-publish","hentry"],"acf":[],"yoast_head":"<!-- This site is optimized with the Yoast SEO Premium plugin v23.6 (Yoast SEO v25.9) - https:\/\/yoast.com\/wordpress\/plugins\/seo\/ -->\n<title>Acerca de la empresa | Software de MLM en la nube<\/title>\n<meta name=\"description\" content=\"Cloud MLM Software es una de las mejores empresas de desarrollo de software MLM del mundo. Aqu\u00ed se explican los detalles sobre nuestra empresa, nuestros productos y nuestros servicios.\" \/>\n<meta name=\"robots\" content=\"index, follow, max-snippet:-1, max-image-preview:large, max-video-preview:-1\" \/>\n<link rel=\"canonical\" href=\"https:\/\/cloudmlmsoftware.com\/es\/acerca-de-la-compania\/\" \/>\n<meta property=\"og:locale\" content=\"es_ES\" \/>\n<meta property=\"og:type\" content=\"article\" \/>\n<meta property=\"og:title\" content=\"acerca de la empresa\" \/>\n<meta property=\"og:description\" content=\"Cloud MLM Software es una de las mejores empresas de desarrollo de software MLM del mundo. Aqu\u00ed se explican los detalles sobre nuestra empresa, nuestros productos y nuestros servicios.\" \/>\n<meta property=\"og:url\" content=\"https:\/\/cloudmlmsoftware.com\/es\/acerca-de-la-compania\/\" \/>\n<meta property=\"og:site_name\" content=\"Cloud MLM Software\" \/>\n<meta property=\"article:modified_time\" content=\"2024-09-25T11:04:39+00:00\" \/>\n<meta property=\"og:image\" content=\"https:\/\/cloudmlmsoftware.com\/wp-content\/uploads\/2024\/07\/list1.webp\" \/>\n<meta name=\"twitter:card\" content=\"summary_large_image\" \/>\n<meta name=\"twitter:label1\" content=\"Tiempo de lectura\" \/>\n\t<meta name=\"twitter:data1\" content=\"6 minutos\" \/>\n<!-- \/ Yoast SEO Premium plugin. -->","yoast_head_json":{"title":"Acerca de la empresa | Software de MLM en la nube","description":"Cloud MLM Software es una de las mejores empresas de desarrollo de software MLM del mundo. Aqu\u00ed se explican los detalles sobre nuestra empresa, nuestros productos y nuestros servicios.","robots":{"index":"index","follow":"follow","max-snippet":"max-snippet:-1","max-image-preview":"max-image-preview:large","max-video-preview":"max-video-preview:-1"},"canonical":"https:\/\/cloudmlmsoftware.com\/es\/acerca-de-la-compania\/","og_locale":"es_ES","og_type":"article","og_title":"acerca de la empresa","og_description":"Cloud MLM Software es una de las mejores empresas de desarrollo de software MLM del mundo. Aqu\u00ed se explican los detalles sobre nuestra empresa, nuestros productos y nuestros servicios.","og_url":"https:\/\/cloudmlmsoftware.com\/es\/acerca-de-la-compania\/","og_site_name":"Cloud MLM Software","article_modified_time":"2024-09-25T11:04:39+00:00","og_image":[{"url":"https:\/\/cloudmlmsoftware.com\/wp-content\/uploads\/2024\/07\/list1.webp","type":"","width":"","height":""}],"twitter_card":"summary_large_image","twitter_misc":{"Tiempo de lectura":"6 minutos"},"schema":{"@context":"https:\/\/schema.org","@graph":[{"@type":"WebPage","@id":"https:\/\/cloudmlmsoftware.com\/es\/acerca-de-la-compania\/","url":"https:\/\/cloudmlmsoftware.com\/es\/acerca-de-la-compania\/","name":"Acerca de la empresa | Software de MLM en la nube","isPartOf":{"@id":"https:\/\/cloudmlmsoftware.com\/es\/#website"},"primaryImageOfPage":{"@id":"https:\/\/cloudmlmsoftware.com\/es\/acerca-de-la-compania\/#primaryimage"},"image":{"@id":"https:\/\/cloudmlmsoftware.com\/es\/acerca-de-la-compania\/#primaryimage"},"thumbnailUrl":"https:\/\/cloudmlmsoftware.com\/wp-content\/uploads\/2024\/07\/list1.webp","datePublished":"2024-06-26T10:23:43+00:00","dateModified":"2024-09-25T11:04:39+00:00","description":"Cloud MLM Software es una de las mejores empresas de desarrollo de software MLM del mundo. Aqu\u00ed se explican los detalles sobre nuestra empresa, nuestros productos y nuestros servicios.","breadcrumb":{"@id":"https:\/\/cloudmlmsoftware.com\/es\/acerca-de-la-compania\/#breadcrumb"},"inLanguage":"es","potentialAction":[{"@type":"ReadAction","target":["https:\/\/cloudmlmsoftware.com\/es\/acerca-de-la-compania\/"]}]},{"@type":"ImageObject","inLanguage":"es","@id":"https:\/\/cloudmlmsoftware.com\/es\/acerca-de-la-compania\/#primaryimage","url":"https:\/\/cloudmlmsoftware.com\/wp-content\/uploads\/2024\/07\/list1.webp","contentUrl":"https:\/\/cloudmlmsoftware.com\/wp-content\/uploads\/2024\/07\/list1.webp"},{"@type":"BreadcrumbList","@id":"https:\/\/cloudmlmsoftware.com\/es\/acerca-de-la-compania\/#breadcrumb","itemListElement":[{"@type":"ListItem","position":1,"name":"Home","item":"https:\/\/cloudmlmsoftware.com\/es\/"},{"@type":"ListItem","position":2,"name":"acerca de la empresa"}]},{"@type":"WebSite","@id":"https:\/\/cloudmlmsoftware.com\/es\/#website","url":"https:\/\/cloudmlmsoftware.com\/es\/","name":"Cloud MLM Software","description":"","publisher":{"@id":"https:\/\/cloudmlmsoftware.com\/es\/#organization"},"potentialAction":[{"@type":"SearchAction","target":{"@type":"EntryPoint","urlTemplate":"https:\/\/cloudmlmsoftware.com\/es\/?s={search_term_string}"},"query-input":{"@type":"PropertyValueSpecification","valueRequired":true,"valueName":"search_term_string"}}],"inLanguage":"es"},{"@type":"Organization","@id":"https:\/\/cloudmlmsoftware.com\/es\/#organization","name":"Cloud MLM Software","url":"https:\/\/cloudmlmsoftware.com\/es\/","logo":{"@type":"ImageObject","inLanguage":"es","@id":"https:\/\/cloudmlmsoftware.com\/es\/#\/schema\/logo\/image\/","url":"https:\/\/cloudmlmsoftware.com\/wp-content\/uploads\/2024\/09\/cloudmlm-logo.webp","contentUrl":"https:\/\/cloudmlmsoftware.com\/wp-content\/uploads\/2024\/09\/cloudmlm-logo.webp","width":200,"height":40,"caption":"Cloud MLM Software"},"image":{"@id":"https:\/\/cloudmlmsoftware.com\/es\/#\/schema\/logo\/image\/"}}]}},"_links":{"self":[{"href":"https:\/\/cloudmlmsoftware.com\/es\/wp-json\/wp\/v2\/pages\/8074","targetHints":{"allow":["GET"]}}],"collection":[{"href":"https:\/\/cloudmlmsoftware.com\/es\/wp-json\/wp\/v2\/pages"}],"about":[{"href":"https:\/\/cloudmlmsoftware.com\/es\/wp-json\/wp\/v2\/types\/page"}],"author":[{"embeddable":true,"href":"https:\/\/cloudmlmsoftware.com\/es\/wp-json\/wp\/v2\/users\/1"}],"replies":[{"embeddable":true,"href":"https:\/\/cloudmlmsoftware.com\/es\/wp-json\/wp\/v2\/comments?post=8074"}],"version-history":[{"count":0,"href":"https:\/\/cloudmlmsoftware.com\/es\/wp-json\/wp\/v2\/pages\/8074\/revisions"}],"wp:attachment":[{"href":"https:\/\/cloudmlmsoftware.com\/es\/wp-json\/wp\/v2\/media?parent=8074"}],"curies":[{"name":"wp","href":"https:\/\/api.w.org\/{rel}","templated":true}]}}