{"id":8068,"date":"2024-07-01T12:35:50","date_gmt":"2024-07-01T12:35:50","guid":{"rendered":"https:\/\/cloudmlmsoftware.com\/testimonios\/"},"modified":"2024-09-25T11:35:10","modified_gmt":"2024-09-25T11:35:10","slug":"testimonials","status":"publish","type":"page","link":"https:\/\/cloudmlmsoftware.com\/es\/testimonials\/","title":{"rendered":"Testimonios"},"content":{"rendered":"\n<div class=\"bannerBgcolor BannerBg pt-16 pb-20 relative overflow-hidden\">\n        <div class=\"animation-wrapper\">\n            <div class=\"particle particle-1\"><\/div>\n            <div class=\"particle particle-2\"><\/div>\n            <div class=\"particle particle-3\"><\/div>\n            <div class=\"particle particle-4\"><\/div>\n        <\/div>\n\n        <div class=\"container mx-auto xl:h-[504px] lg:h-[450px] h-auto relative z-1\">\n            <div class=\"flex flex-wrap items-center\">\n                <div class=\"md:basis-5\/12 sm:basis-12\/12 pr-4 pr-0 py-14\">\n                    <img decoding=\"async\" src=\"\/wp-content\/uploads\/2024\/09\/testimonialBanner.webp\" width=\"467\" height=\"340\" alt=\"El mejor software de mlm en EE. UU.\"\/>\n                <\/div>\n                <div class=\"md:basis-7\/12 sm:basis-12\/12\">\n                    <h1 class=\"lg:text-mainTitleFontSize sm:text-3xl text-3xl text-white lg:leading-snug \"><span class=\"font-bold animate-charcter-offwhite\">Lo que nuestros clientes <\/span> dicen sobre nosotros<\/h1>\n                    <h2 class=\"offWhite pt-3 text-lg font-light\">Construimos relaciones de confianza con nuestros clientes. Tambi\u00e9n les proporcionamos un excelente software. Nuestro lema es satisfacer las necesidades de nuestros clientes. Estamos encantados de publicar las respuestas positivas de algunos de nuestros clientes a continuaci\u00f3n.   <\/h2>\n\n\n                <\/div>\n\n            <\/div>\n        <\/div>\n    <\/div>\n","protected":false},"excerpt":{"rendered":"<p>Lo que nuestros clientes dicen sobre nosotros Construimos relaciones de confianza con nuestros clientes. Tambi\u00e9n les proporcionamos un excelente software. Nuestro lema es satisfacer las necesidades de nuestros clientes. Estamos encantados de publicar las respuestas positivas de algunos de nuestros clientes a continuaci\u00f3n.<\/p>\n","protected":false},"author":1,"featured_media":0,"parent":0,"menu_order":0,"comment_status":"closed","ping_status":"closed","template":"testimonials-page.php","meta":{"_acf_changed":false,"footnotes":""},"class_list":["post-8068","page","type-page","status-publish","hentry"],"acf":[],"yoast_head":"<!-- This site is optimized with the Yoast SEO Premium plugin v23.6 (Yoast SEO v25.9) - https:\/\/yoast.com\/wordpress\/plugins\/seo\/ -->\n<title>Testimonios | Software de MLM en la nube<\/title>\n<meta name=\"description\" content=\"Lea las valiosas rese\u00f1as de nuestros clientes sobre el software MLM en la nube, esto le ayudar\u00e1 a comprender por qu\u00e9 nos convertimos en los mejores en la industria de MLM.\" \/>\n<meta name=\"robots\" content=\"index, follow, max-snippet:-1, max-image-preview:large, max-video-preview:-1\" \/>\n<link rel=\"canonical\" href=\"https:\/\/cloudmlmsoftware.com\/es\/testimonials\/\" \/>\n<meta property=\"og:locale\" content=\"es_ES\" \/>\n<meta property=\"og:type\" content=\"article\" \/>\n<meta property=\"og:title\" content=\"Testimonios\" \/>\n<meta property=\"og:description\" content=\"Lea las valiosas rese\u00f1as de nuestros clientes sobre el software MLM en la nube, esto le ayudar\u00e1 a comprender por qu\u00e9 nos convertimos en los mejores en la industria de MLM.\" \/>\n<meta property=\"og:url\" content=\"https:\/\/cloudmlmsoftware.com\/es\/testimonials\/\" \/>\n<meta property=\"og:site_name\" content=\"Cloud MLM Software\" \/>\n<meta property=\"article:modified_time\" content=\"2024-09-25T11:35:10+00:00\" \/>\n<meta name=\"twitter:card\" content=\"summary_large_image\" \/>\n<meta name=\"twitter:label1\" content=\"Tiempo de lectura\" \/>\n\t<meta name=\"twitter:data1\" content=\"1 minuto\" \/>\n<!-- \/ Yoast SEO Premium plugin. -->","yoast_head_json":{"title":"Testimonios | Software de MLM en la nube","description":"Lea las valiosas rese\u00f1as de nuestros clientes sobre el software MLM en la nube, esto le ayudar\u00e1 a comprender por qu\u00e9 nos convertimos en los mejores en la industria de MLM.","robots":{"index":"index","follow":"follow","max-snippet":"max-snippet:-1","max-image-preview":"max-image-preview:large","max-video-preview":"max-video-preview:-1"},"canonical":"https:\/\/cloudmlmsoftware.com\/es\/testimonials\/","og_locale":"es_ES","og_type":"article","og_title":"Testimonios","og_description":"Lea las valiosas rese\u00f1as de nuestros clientes sobre el software MLM en la nube, esto le ayudar\u00e1 a comprender por qu\u00e9 nos convertimos en los mejores en la industria de MLM.","og_url":"https:\/\/cloudmlmsoftware.com\/es\/testimonials\/","og_site_name":"Cloud MLM Software","article_modified_time":"2024-09-25T11:35:10+00:00","twitter_card":"summary_large_image","twitter_misc":{"Tiempo de lectura":"1 minuto"},"schema":{"@context":"https:\/\/schema.org","@graph":[{"@type":"WebPage","@id":"https:\/\/cloudmlmsoftware.com\/es\/testimonials\/","url":"https:\/\/cloudmlmsoftware.com\/es\/testimonials\/","name":"Testimonios | Software de MLM en la nube","isPartOf":{"@id":"https:\/\/cloudmlmsoftware.com\/es\/#website"},"datePublished":"2024-07-01T12:35:50+00:00","dateModified":"2024-09-25T11:35:10+00:00","description":"Lea las valiosas rese\u00f1as de nuestros clientes sobre el software MLM en la nube, esto le ayudar\u00e1 a comprender por qu\u00e9 nos convertimos en los mejores en la industria de MLM.","breadcrumb":{"@id":"https:\/\/cloudmlmsoftware.com\/es\/testimonials\/#breadcrumb"},"inLanguage":"es","potentialAction":[{"@type":"ReadAction","target":["https:\/\/cloudmlmsoftware.com\/es\/testimonials\/"]}]},{"@type":"BreadcrumbList","@id":"https:\/\/cloudmlmsoftware.com\/es\/testimonials\/#breadcrumb","itemListElement":[{"@type":"ListItem","position":1,"name":"Home","item":"https:\/\/cloudmlmsoftware.com\/es\/"},{"@type":"ListItem","position":2,"name":"Testimonios"}]},{"@type":"WebSite","@id":"https:\/\/cloudmlmsoftware.com\/es\/#website","url":"https:\/\/cloudmlmsoftware.com\/es\/","name":"Cloud MLM Software","description":"","publisher":{"@id":"https:\/\/cloudmlmsoftware.com\/es\/#organization"},"potentialAction":[{"@type":"SearchAction","target":{"@type":"EntryPoint","urlTemplate":"https:\/\/cloudmlmsoftware.com\/es\/?s={search_term_string}"},"query-input":{"@type":"PropertyValueSpecification","valueRequired":true,"valueName":"search_term_string"}}],"inLanguage":"es"},{"@type":"Organization","@id":"https:\/\/cloudmlmsoftware.com\/es\/#organization","name":"Cloud MLM Software","url":"https:\/\/cloudmlmsoftware.com\/es\/","logo":{"@type":"ImageObject","inLanguage":"es","@id":"https:\/\/cloudmlmsoftware.com\/es\/#\/schema\/logo\/image\/","url":"https:\/\/cloudmlmsoftware.com\/wp-content\/uploads\/2024\/09\/cloudmlm-logo.webp","contentUrl":"https:\/\/cloudmlmsoftware.com\/wp-content\/uploads\/2024\/09\/cloudmlm-logo.webp","width":200,"height":40,"caption":"Cloud MLM Software"},"image":{"@id":"https:\/\/cloudmlmsoftware.com\/es\/#\/schema\/logo\/image\/"}}]}},"_links":{"self":[{"href":"https:\/\/cloudmlmsoftware.com\/es\/wp-json\/wp\/v2\/pages\/8068","targetHints":{"allow":["GET"]}}],"collection":[{"href":"https:\/\/cloudmlmsoftware.com\/es\/wp-json\/wp\/v2\/pages"}],"about":[{"href":"https:\/\/cloudmlmsoftware.com\/es\/wp-json\/wp\/v2\/types\/page"}],"author":[{"embeddable":true,"href":"https:\/\/cloudmlmsoftware.com\/es\/wp-json\/wp\/v2\/users\/1"}],"replies":[{"embeddable":true,"href":"https:\/\/cloudmlmsoftware.com\/es\/wp-json\/wp\/v2\/comments?post=8068"}],"version-history":[{"count":0,"href":"https:\/\/cloudmlmsoftware.com\/es\/wp-json\/wp\/v2\/pages\/8068\/revisions"}],"wp:attachment":[{"href":"https:\/\/cloudmlmsoftware.com\/es\/wp-json\/wp\/v2\/media?parent=8068"}],"curies":[{"name":"wp","href":"https:\/\/api.w.org\/{rel}","templated":true}]}}