{"id":8008,"date":"2024-08-10T06:02:15","date_gmt":"2024-08-10T06:02:15","guid":{"rendered":"https:\/\/cloudmlmsoftware.com\/cloud-mlm-mobile-app\/"},"modified":"2025-10-09T07:06:24","modified_gmt":"2025-10-09T07:06:24","slug":"aplicacion-movil-mlm-en-la-nube","status":"publish","type":"page","link":"https:\/\/cloudmlmsoftware.com\/es\/aplicacion-movil-mlm-en-la-nube\/","title":{"rendered":"cloud-mlm-mobile-app"},"content":{"rendered":"\n<div class=\"bannerBgcolor BannerBg pt-16 pb-20 overflow-hidden relative\">\n   <div class=\"animation-wrapper\">\n      <div class=\"particle particle-1\"><\/div>\n      <div class=\"particle particle-2\"><\/div>\n      <div class=\"particle particle-3\"><\/div>\n      <div class=\"particle particle-4\"><\/div>\n   <\/div>\n   <div class=\"container mx-auto xl:h-[504px] h-auto\">\n      <div class=\"flex flex-wrap md:flex-row flex-col-reverse items-center\">\n         <div class=\"md:basis-7\/12 sm:basis-12\/12 pt-12\">\n            <h1 class=\"lg:text-mainTitleFontSize sm:text-3xl text-3xl text-white lg:leading-snug my-4\">Aplicaci\u00f3n m\u00f3vil <span class=\"font-bold animate-charcter\">Cloud <\/span>MLM <br\/>  <\/h1>\n            <p class=\"offlightWhite pt-3 text-md\">Mantenernos a la vanguardia de las innovaciones tecnol\u00f3gicas ha sido siempre nuestra prioridad.\nPresentamos la aplicaci\u00f3n m\u00f3vil Cloud MLM, una soluci\u00f3n integral dise\u00f1ada para revolucionar la forma de operar de las empresas de marketing multinivel.\nCon el objetivo de mejorar las operaciones de MLM, esta aplicaci\u00f3n m\u00f3vil dota a los usuarios de las herramientas necesarias para una gesti\u00f3n eficaz, una comunicaci\u00f3n en tiempo real y un crecimiento estrat\u00e9gico.    <\/p>\n              <div class=\"flex space-x-2 mt-5\"> <img decoding=\"async\" src=\"\/wp-content\/themes\/cloudmlmdemo\/assets\/images\/icon\/App-Store.webp\" \n     width=\"150\" \n     height=\"45\" \n     alt=\"Apple App Store download button for Cloud MLM Mobile App\" \n     class=\"btn1\">\n <a href=\"https:\/\/play.google.com\/store\/apps\/details?id=com.bpract.cloudmlm&#038;pli=1\" target=\"_blank\" rel=\"noopener\" class=\"relative\"><img decoding=\"async\" src=\"\/wp-content\/themes\/cloudmlmdemo\/assets\/images\/icon\/Google-Play.webp\" width=\"150\" height=\"45\" alt=\"mlm software\" class=\"transition-transform transform-gpu hover:scale-[1.02]\"><\/a> <\/div>\n         <\/div>\n         <div class=\"md:basis-5\/12 sm:basis-12\/12 pl-4 pr-0 py-14\"> <img decoding=\"async\" src=\"https:\/\/cloudmlmsoftware.com\/wp-content\/uploads\/2024\/07\/bannerImg.webp\" alt=\"software mlm\" width=\"512\" height=\"422\" class=\"pulseBannerImg\"\/> <\/div>\n      <\/div>\n   <\/div>\n<\/div>\n<!-- ************************************************************************************* --> \n<section class=\"p-sectionpadding\">\n   <div class=\"container mx-auto pt-20\">\n      <div class=\"flex flex-wrap lg:space-x-8\">\n         <div class=\"relative hidden lg:flex lg:flex-1 w-full lg:w-4\/12 primaryColor rounded-2xl p-12 pb-0 mb-2\"> <img decoding=\"async\" src=\"\/wp-content\/uploads\/2024\/07\/customeAdmin-img.webp\" alt=\"Imagen\" class=\"absolute bottom-0 left-0 right-0 mx-auto\"\/> <\/div>\n         <div class=\"w-full lg:w-8\/12 lighter flex-col flex justify-center rounded-2xl overflow-hidden p-12 mb-2\">\n            <h2 class=\"md:text-TitlesemiFontSize text-2xl lg:leading-snug capitalize\">Con\u00e9ctate con el mundo con <span class=\"font-bold\">la aplicaci\u00f3n m\u00f3vil Cloud MLM<\/span> <\/h2>\n            <p class=\"text-textpara font-light leading-6 py-3\">En el mundo del marketing en red, cada conexi\u00f3n cuenta.\nLa vanguardista aplicaci\u00f3n m\u00f3vil de Cloud MLM Software satisface las distintas necesidades de los usuarios y les ayuda a mantenerse conectados.\nCon a\u00f1os de experiencia y conocimientos avanzados en el suministro de soluciones de software MLM de primera categor\u00eda, comprendemos los retos y oportunidades \u00fanicos del sector.    <\/p>\n            <p class=\"text-textpara font-light leading-6 pb-3\">Somos expertos en ofrecer las mejores soluciones, tanto si se trata de una aplicaci\u00f3n MLM para iOS como de una aplicaci\u00f3n MLM para Android.\nNuestra aplicaci\u00f3n m\u00f3vil garantiza que siempre est\u00e9s conectado a tu red.\nTodas las oportunidades est\u00e1n a tu alcance con el uso definitivo de la aplicaci\u00f3n m\u00f3vil Cloud MLM.    <\/p>\n         <\/div>\n      <\/div>\n   <\/div>\n<\/section>\n<!-- ************************************************************************************* --> \n<section class=\"p-sectionpadding\">\n   <div class=\"container mx-auto\">\n      <div class=\"flex flex-wrap\">\n         <div class=\"w-full md:w-6\/12\">\n            <h3 class=\"lg:text-TitlesemiFontSize text-2xl titleColor lg:leading-snug mt-3\">  Dando forma al futuro del MLM con nuestra <span class=\"font-bold\"> aplicaci\u00f3n <\/span> m\u00f3vil   <\/h3>\n            <p class=\"text-textSubtitle contentColor text-sm font-light pt-5 leading-6 mb-3\">La aplicaci\u00f3n m\u00f3vil Cloud MLM garantiza una comunicaci\u00f3n fluida entre los usuarios y su l\u00ednea ascendente, descendente y clientes potenciales.  <\/p>\n         <\/div>\n         <div class=\"w-full flex flex-wrap pt-2 justify-between\">\n            <div class=\"primaryColor px-8 py-10 mt-2 rounded-xl mt-3 w-full lg:w-1\/3 lg:my-4 my-0 relative overflow-hidden\">\n               <h4 class=\"text-white text-2xl mt-4\">Dando forma al futuro del MLM con nuestra aplicaci\u00f3n m\u00f3vil<\/h4>\n               <p class=\"text-textSubtitle text-white text-sm font-light pt-3 leading-6 mb-3\">La aplicaci\u00f3n m\u00f3vil Cloud MLM garantiza una comunicaci\u00f3n fluida entre los usuarios y su l\u00ednea ascendente, descendente y clientes potenciales.<\/p>\n               <img decoding=\"async\" src=\"\/wp-content\/uploads\/2024\/07\/customeAdmin-img.webp\" alt=\"Imagen\" class=\"relative lg:absolute bottom-[-50px] left-0 right-0 mx-auto\"\/> \n            <\/div>\n            <div class=\"w-full lg:w-1\/3 px-0 lg:px-2 lg:py-2 py-0 flex flex-col justify-between pl-0 lg:pl-4\">\n               <div class=\"lighter px-8 py-8 rounded-xl mt-2 text-lg\">\n                  <h4 class=\"font-semibold text-lg\">Conectividad sin esfuerzo<\/h4>\n                  <p class=\"text-textSubtitle contentColor text-sm font-light pt-3 leading-6 mb-3\">  Integra el chat, el correo electr\u00f3nico y las llamadas dentro de la aplicaci\u00f3n para agilizar la comunicaci\u00f3n dentro de la red, mejorando la colaboraci\u00f3n y la asistencia.  <\/p>\n               <\/div>\n               <div class=\"lighter px-8 py-8 rounded-xl mt-2 text-lg\">\n                  <h4 class=\"font-semibold text-lg\">Seguimiento de resultados<\/h4>\n                  <p class=\"text-textSubtitle contentColor text-sm font-light pt-3 leading-6 mb-3\">  Nuestra aplicaci\u00f3n de marketing en red est\u00e1 equipada con completas herramientas de informes y supervisi\u00f3n del rendimiento.<\/p>\n               <\/div>\n            <\/div>\n            <div class=\"w-full lg:w-1\/3 px-0 lg:px-2 lg:py-2 py-0 flex flex-col justify-between\">\n               <div class=\"lighter px-8 py-8 rounded-xl mt-2 text-lg\">\n                  <h4 class=\"font-semibold text-lg\">Movilidad y flexibilidad<\/h4>\n                  <p class=\"text-textSubtitle contentColor text-sm font-light pt-3 leading-6 mb-3\">Gracias a su flexibilidad, nuestra avanzada aplicaci\u00f3n m\u00f3vil puede comunicar, seguir el progreso del equipo y realizar operaciones empresariales sin esfuerzo.\nhazlo breve.   <\/p>\n               <\/div>\n               <div class=\"lighter px-8 py-8 rounded-xl mt-2 text-lg\">\n                  <h4 class=\"font-semibold text-lg\">Comunicaci\u00f3n instant\u00e1nea<\/h4>\n                  <p class=\"text-textSubtitle contentColor text-sm font-light pt-3 leading-6 mb-3\">  La aplicaci\u00f3n m\u00f3vil Cloud MLM garantiza una comunicaci\u00f3n fluida entre los usuarios y su l\u00ednea ascendente, descendente y clientes potenciales.<\/p>\n               <\/div>\n            <\/div>\n         <\/div>\n      <\/div>\n   <\/div>\n<\/section>\n<!-- ************************************************************************************* --> \n<section class=\"p-sectionpadding\">\n   <div class=\"container mx-auto\">\n      <div class=\"w-full flex lg:flex-wrap flex-wrap-reverse pt-2 justify-between\">\n         <div class=\"w-full lg:w-1\/3 px-0 lg:px-2 lg:py-2 py-0 flex flex-col justify-between pl-0 lg:pl-4\">\n            <div class=\"lighter px-4 py-4 rounded-xl mt-2 text-lg\">\n               <h4 class=\"font-semibold text-lg\">Cuadro de mandos<\/h4>\n               <p class=\"text-textSubtitle contentColor text-sm font-light pt-2 leading-6 mb-2\">  Los usuarios reciben una visi\u00f3n completa de su negocio MLM, destacando factores clave como las ventas, las comisiones y la eficacia del equipo.  <\/p>\n            <\/div>\n            <div class=\"lighter px-4 py-4 rounded-xl mt-2 text-lg\">\n               <h4 class=\"font-semibold text-lg\">Billetera electr\u00f3nica<\/h4>\n               <p class=\"text-textSubtitle contentColor text-sm font-light pt-2 leading-6 mb-2\">  La aplicaci\u00f3n m\u00f3vil MLM proporciona a los usuarios un entorno seguro para mantener y controlar sus finanzas digitales dentro del negocio MLM.<\/p>\n            <\/div>\n            <div class=\"lighter px-4 py-4 rounded-xl mt-2 text-lg\">\n               <h4 class=\"font-semibold text-lg\">Gesti\u00f3n de la l\u00ednea descendente<\/h4>\n               <p class=\"text-textSubtitle contentColor text-sm font-light pt-2 leading-6 mb-2\">  Herramientas de gesti\u00f3n eficaces para supervisar las actividades de la l\u00ednea descendente, como la captaci\u00f3n, la formaci\u00f3n y el seguimiento de las ventas.\nEsta funci\u00f3n ayuda a elaborar estrategias y apoyar a los miembros de la l\u00ednea descendente para el crecimiento mutuo. <\/p>\n            <\/div>\n         <\/div>\n         <div class=\"w-full lg:w-1\/3 px-0 lg:px-2 lg:py-2 py-0 flex flex-col justify-between\">\n            <div class=\"lighter px-4 py-4 rounded-xl mt-2 text-lg\">\n               <h4 class=\"font-semibold text-lg\">Informes<\/h4>\n               <p class=\"text-textSubtitle contentColor text-sm font-light pt-2 leading-6 mb-2\">Los usuarios tienen acceso a an\u00e1lisis detallados e informaci\u00f3n valiosa sobre ventas, expansi\u00f3n del equipo, comisiones y muchas otras m\u00e9tricas cruciales.  <\/p>\n            <\/div>\n            <div class=\"lighter px-4 py-4 rounded-xl mt-2 text-lg\">\n               <h4 class=\"font-semibold text-lg\">Soporte multiling\u00fce<\/h4>\n               <p class=\"text-textSubtitle contentColor text-sm font-light pt-2 leading-6 mb-2\">La aplicaci\u00f3n m\u00f3vil Cloud MLM admite sistemas de traducci\u00f3n multiling\u00fce dise\u00f1ados para convertir texto o voz de un idioma a otro.<\/p>\n            <\/div>\n            <div class=\"lighter px-4 py-4 rounded-xl mt-2 text-lg\">\n               <h4 class=\"font-semibold text-lg\">Formaci\u00f3n y recursos<\/h4>\n               <p class=\"text-textSubtitle contentColor text-sm font-light pt-2 leading-6 mb-2\">Una biblioteca de materiales y recursos de formaci\u00f3n a la que se puede acceder en cualquier momento y lugar.\nEsto es esencial para el desarrollo continuo y el \u00e9xito de los distribuidores. <\/p>\n            <\/div>\n         <\/div>\n         <div class=\"pl-0 md:pl-8 py-0 mt-2 rounded-xl mt-3 w-full lg:w-1\/3 lg:my-4 my-0 relative overflow-hidden\"> <img decoding=\"async\" src=\"https:\/\/cloudmlmsoftware.com\/sites\/all\/themes\/cloudmlm\/assets\/images\/mobileAppFull.webp\" alt=\"Imagen\" class=\"relative mx-auto\"\/> <\/div>\n      <\/div>\n   <\/div>\n<\/section>\n<!-- ************************************************************************************* --> \n<section class=\"p-sectionpadding\">\n   <div class=\"container mx-auto\">\n      <div class=\"relative lighter rounded-2xl p-6 md:p-12 py-16 overflow-hidden\">\n         <div class=\"flex flex-wrap md:flex-row flex-col-reverse\">\n            <div class=\" w-full md:w-9\/12 pb-4\">\n               <h4 class=\"md:text-TitlesemiFontSize text-2xl lg:leading-snug capitalize\"> <span class=\"font-bold\">Impulsa tus operaciones MLM <\/span> <br\/> con Cloud MLM Apps  <\/h4>\n               <p class=\"text-textpara font-light leading-6 py-3\">Nuestra aplicaci\u00f3n m\u00f3vil MLM est\u00e1 dise\u00f1ada para capacitar a empresarios y empresas de marketing en red con una s\u00f3lida plataforma que simplifica las complejidades y amplifica las oportunidades.\nYa sea para gestionar tu equipo, seguir tu progreso o interactuar con tu red, nuestra aplicaci\u00f3n ofrece un completo conjunto de funciones dise\u00f1adas para llevar tu negocio a nuevas cotas. <\/p>\n            <\/div>\n            <div class=\"relative w-full md:w-3\/12 bottom-0 right-0 mb-6 md:mb-0\"> <img decoding=\"async\" src=\"\/wp-content\/uploads\/2024\/06\/brandtheme-img.webp\" alt=\"Imagen\" class=\"md:absolute bottom-[-80px] right-[-50px] w-full\"\/> <\/div>\n         <\/div>\n      <\/div>\n   <\/div>\n<\/section>\n","protected":false},"excerpt":{"rendered":"<p>Aplicaci\u00f3n m\u00f3vil Cloud MLM Mantenernos a la vanguardia de las innovaciones tecnol\u00f3gicas ha sido siempre nuestra prioridad. Presentamos la aplicaci\u00f3n m\u00f3vil Cloud MLM, una soluci\u00f3n integral dise\u00f1ada para revolucionar la forma de operar de las empresas de marketing multinivel. Con el objetivo de mejorar las operaciones de MLM, esta aplicaci\u00f3n m\u00f3vil dota a los usuarios [&hellip;]<\/p>\n","protected":false},"author":1,"featured_media":0,"parent":0,"menu_order":0,"comment_status":"closed","ping_status":"closed","template":"cloudmlmmobileapp-page.php","meta":{"_acf_changed":false,"footnotes":""},"class_list":["post-8008","page","type-page","status-publish","hentry"],"acf":[],"yoast_head":"<!-- This site is optimized with the Yoast SEO Premium plugin v23.6 (Yoast SEO v25.9) - https:\/\/yoast.com\/wordpress\/plugins\/seo\/ -->\n<title>Aplicaci\u00f3n m\u00f3vil de MLM: mejore su estrategia comercial de MLM<\/title>\n<meta name=\"description\" content=\"Aplicaci\u00f3n m\u00f3vil de MLM dise\u00f1ada para simplificar su negocio de marketing en red. Realice un seguimiento de los clientes potenciales, administre equipos y haga crecer su negocio de MLM\" \/>\n<meta name=\"robots\" content=\"index, follow, max-snippet:-1, max-image-preview:large, max-video-preview:-1\" \/>\n<link rel=\"canonical\" href=\"https:\/\/cloudmlmsoftware.com\/es\/aplicacion-movil-mlm-en-la-nube\/\" \/>\n<meta property=\"og:locale\" content=\"es_ES\" \/>\n<meta property=\"og:type\" content=\"article\" \/>\n<meta property=\"og:title\" content=\"cloud-mlm-mobile-app\" \/>\n<meta property=\"og:description\" content=\"Aplicaci\u00f3n m\u00f3vil de MLM dise\u00f1ada para simplificar su negocio de marketing en red. Realice un seguimiento de los clientes potenciales, administre equipos y haga crecer su negocio de MLM\" \/>\n<meta property=\"og:url\" content=\"https:\/\/cloudmlmsoftware.com\/es\/aplicacion-movil-mlm-en-la-nube\/\" \/>\n<meta property=\"og:site_name\" content=\"Cloud MLM Software\" \/>\n<meta property=\"article:modified_time\" content=\"2025-10-09T07:06:24+00:00\" \/>\n<meta property=\"og:image\" content=\"https:\/\/cloudmlmsoftware.com\/wp-content\/uploads\/2024\/07\/bannerImg.webp\" \/>\n<meta name=\"twitter:card\" content=\"summary_large_image\" \/>\n<meta name=\"twitter:label1\" content=\"Tiempo de lectura\" \/>\n\t<meta name=\"twitter:data1\" content=\"4 minutos\" \/>\n<!-- \/ Yoast SEO Premium plugin. -->","yoast_head_json":{"title":"Aplicaci\u00f3n m\u00f3vil de MLM: mejore su estrategia comercial de MLM","description":"Aplicaci\u00f3n m\u00f3vil de MLM dise\u00f1ada para simplificar su negocio de marketing en red. Realice un seguimiento de los clientes potenciales, administre equipos y haga crecer su negocio de MLM","robots":{"index":"index","follow":"follow","max-snippet":"max-snippet:-1","max-image-preview":"max-image-preview:large","max-video-preview":"max-video-preview:-1"},"canonical":"https:\/\/cloudmlmsoftware.com\/es\/aplicacion-movil-mlm-en-la-nube\/","og_locale":"es_ES","og_type":"article","og_title":"cloud-mlm-mobile-app","og_description":"Aplicaci\u00f3n m\u00f3vil de MLM dise\u00f1ada para simplificar su negocio de marketing en red. Realice un seguimiento de los clientes potenciales, administre equipos y haga crecer su negocio de MLM","og_url":"https:\/\/cloudmlmsoftware.com\/es\/aplicacion-movil-mlm-en-la-nube\/","og_site_name":"Cloud MLM Software","article_modified_time":"2025-10-09T07:06:24+00:00","og_image":[{"url":"https:\/\/cloudmlmsoftware.com\/wp-content\/uploads\/2024\/07\/bannerImg.webp","type":"","width":"","height":""}],"twitter_card":"summary_large_image","twitter_misc":{"Tiempo de lectura":"4 minutos"},"schema":{"@context":"https:\/\/schema.org","@graph":[{"@type":"WebPage","@id":"https:\/\/cloudmlmsoftware.com\/es\/aplicacion-movil-mlm-en-la-nube\/","url":"https:\/\/cloudmlmsoftware.com\/es\/aplicacion-movil-mlm-en-la-nube\/","name":"Aplicaci\u00f3n m\u00f3vil de MLM: mejore su estrategia comercial de MLM","isPartOf":{"@id":"https:\/\/cloudmlmsoftware.com\/es\/#website"},"primaryImageOfPage":{"@id":"https:\/\/cloudmlmsoftware.com\/es\/aplicacion-movil-mlm-en-la-nube\/#primaryimage"},"image":{"@id":"https:\/\/cloudmlmsoftware.com\/es\/aplicacion-movil-mlm-en-la-nube\/#primaryimage"},"thumbnailUrl":"https:\/\/cloudmlmsoftware.com\/wp-content\/uploads\/2024\/07\/bannerImg.webp","datePublished":"2024-08-10T06:02:15+00:00","dateModified":"2025-10-09T07:06:24+00:00","description":"Aplicaci\u00f3n m\u00f3vil de MLM dise\u00f1ada para simplificar su negocio de marketing en red. Realice un seguimiento de los clientes potenciales, administre equipos y haga crecer su negocio de MLM","breadcrumb":{"@id":"https:\/\/cloudmlmsoftware.com\/es\/aplicacion-movil-mlm-en-la-nube\/#breadcrumb"},"inLanguage":"es","potentialAction":[{"@type":"ReadAction","target":["https:\/\/cloudmlmsoftware.com\/es\/aplicacion-movil-mlm-en-la-nube\/"]}]},{"@type":"ImageObject","inLanguage":"es","@id":"https:\/\/cloudmlmsoftware.com\/es\/aplicacion-movil-mlm-en-la-nube\/#primaryimage","url":"https:\/\/cloudmlmsoftware.com\/wp-content\/uploads\/2024\/07\/bannerImg.webp","contentUrl":"https:\/\/cloudmlmsoftware.com\/wp-content\/uploads\/2024\/07\/bannerImg.webp"},{"@type":"BreadcrumbList","@id":"https:\/\/cloudmlmsoftware.com\/es\/aplicacion-movil-mlm-en-la-nube\/#breadcrumb","itemListElement":[{"@type":"ListItem","position":1,"name":"Home","item":"https:\/\/cloudmlmsoftware.com\/es\/"},{"@type":"ListItem","position":2,"name":"cloud-mlm-mobile-app"}]},{"@type":"WebSite","@id":"https:\/\/cloudmlmsoftware.com\/es\/#website","url":"https:\/\/cloudmlmsoftware.com\/es\/","name":"Cloud MLM Software","description":"","publisher":{"@id":"https:\/\/cloudmlmsoftware.com\/es\/#organization"},"potentialAction":[{"@type":"SearchAction","target":{"@type":"EntryPoint","urlTemplate":"https:\/\/cloudmlmsoftware.com\/es\/?s={search_term_string}"},"query-input":{"@type":"PropertyValueSpecification","valueRequired":true,"valueName":"search_term_string"}}],"inLanguage":"es"},{"@type":"Organization","@id":"https:\/\/cloudmlmsoftware.com\/es\/#organization","name":"Cloud MLM Software","url":"https:\/\/cloudmlmsoftware.com\/es\/","logo":{"@type":"ImageObject","inLanguage":"es","@id":"https:\/\/cloudmlmsoftware.com\/es\/#\/schema\/logo\/image\/","url":"https:\/\/cloudmlmsoftware.com\/wp-content\/uploads\/2024\/09\/cloudmlm-logo.webp","contentUrl":"https:\/\/cloudmlmsoftware.com\/wp-content\/uploads\/2024\/09\/cloudmlm-logo.webp","width":200,"height":40,"caption":"Cloud MLM Software"},"image":{"@id":"https:\/\/cloudmlmsoftware.com\/es\/#\/schema\/logo\/image\/"}}]}},"_links":{"self":[{"href":"https:\/\/cloudmlmsoftware.com\/es\/wp-json\/wp\/v2\/pages\/8008","targetHints":{"allow":["GET"]}}],"collection":[{"href":"https:\/\/cloudmlmsoftware.com\/es\/wp-json\/wp\/v2\/pages"}],"about":[{"href":"https:\/\/cloudmlmsoftware.com\/es\/wp-json\/wp\/v2\/types\/page"}],"author":[{"embeddable":true,"href":"https:\/\/cloudmlmsoftware.com\/es\/wp-json\/wp\/v2\/users\/1"}],"replies":[{"embeddable":true,"href":"https:\/\/cloudmlmsoftware.com\/es\/wp-json\/wp\/v2\/comments?post=8008"}],"version-history":[{"count":1,"href":"https:\/\/cloudmlmsoftware.com\/es\/wp-json\/wp\/v2\/pages\/8008\/revisions"}],"predecessor-version":[{"id":28360,"href":"https:\/\/cloudmlmsoftware.com\/es\/wp-json\/wp\/v2\/pages\/8008\/revisions\/28360"}],"wp:attachment":[{"href":"https:\/\/cloudmlmsoftware.com\/es\/wp-json\/wp\/v2\/media?parent=8008"}],"curies":[{"name":"wp","href":"https:\/\/api.w.org\/{rel}","templated":true}]}}