{"id":8006,"date":"2024-08-10T06:06:45","date_gmt":"2024-08-10T06:06:45","guid":{"rendered":"https:\/\/cloudmlmsoftware.com\/script-hyip\/"},"modified":"2024-12-02T06:19:18","modified_gmt":"2024-12-02T06:19:18","slug":"guion-publicitario","status":"publish","type":"page","link":"https:\/\/cloudmlmsoftware.com\/es\/guion-publicitario\/","title":{"rendered":"Script HYIP"},"content":{"rendered":"\n<div class=\"bannerBgcolor BannerBg pt-16 pb-20 overflow-hidden relative\">\n   <div class=\"animation-wrapper\">\n      <div class=\"particle particle-1\"><\/div>\n      <div class=\"particle particle-2\"><\/div>\n      <div class=\"particle particle-3\"><\/div>\n      <div class=\"particle particle-4\"><\/div>\n   <\/div>\n   <div class=\"container mx-auto xl:h-[504px] h-auto\">\n      <div class=\"flex flex-wrap md:flex-row flex-col-reverse items-center\">\n         <div class=\"md:basis-7\/12 sm:basis-12\/12 pt-12\">\n            <h1 class=\"lg:text-mainTitleFontSize sm:text-3xl text-3xl text-white lg:leading-snug my-4\"><span class=\"font-bold\">\u00bfQu\u00e9 es un <\/span><span class=\"font-bold animate-charcter-offwhite\"> script HYIP?<\/span><\/h1>\n            <p class=\"offlightWhite pt-3 text-md\">El software HYIP es una soluci\u00f3n de software avanzada dise\u00f1ada para crear y operar plataformas de inversi\u00f3n en l\u00ednea que prometen altos rendimientos.\nConocido como Programa de Inversi\u00f3n de Alto Rendimiento, o HYIP, se est\u00e1 haciendo popular como opci\u00f3n de inversi\u00f3n debido a su promesa de rendimientos sustanciales en un corto periodo de tiempo. <\/p>\n            <p class=\"offlightWhite pt-3 text-md\">En respuesta a esta tendencia creciente, hemos incorporado un script HYIP a nuestro software MLM, lo que supone una importante innovaci\u00f3n en el sector.\nEste script es una parte clave de cualquier software moderno de Marketing Multinivel (MLM).\nFacilita a las empresas la gesti\u00f3n de los planes de inversi\u00f3n y el seguimiento de las ganancias.    <\/p>\n         <\/div>\n         <div class=\"md:basis-5\/12 sm:basis-12\/12 pl-4 pr-0 py-14\"> <img decoding=\"async\" src=\"\/wp-content\/uploads\/2024\/08\/directselling.webp\" alt=\"software mlm\" width=\"512\" height=\"422\" class=\"pulseBannerImg\"\/> <\/div>\n      <\/div>\n   <\/div>\n<\/div>\n<!-- ********************************************************* --> \n<section class=\"p-sectionpadding\">\n   <div class=\"container mx-auto pt-20\">\n      <div class=\"flex flex-wrap lg:space-x-8 mt-5\">\n         <div class=\"w-full lg:w-8\/12 overflow-hidden lighter rounded-2xl px-6 md:px-8 py-10 md:py-8 mb-2\">\n            <h2 class=\"text-3xl titleColor lg:leading-snug\">  \u00bfPor qu\u00e9 es importante <span class=\"font-bold\"> el script HYIP<\/span> <br\/> en el software MLM?  <\/h2>\n            <p class=\"font-light pt-3 leading-6\">  Integrar el script HYIP en el software MLM es crucial.\nAporta varias ventajas,   <\/p>\n            <ul class=\"flex flex-wrap space-x-2 mt-6 ml-[-12px] list1\">\n               <li class=\"text-textpara contentColor font-light leading-6 mb-3 ml-2\">\n                  <b class=\"font-semibold text-lg\">Gesti\u00f3n eficiente<\/b> \n                  <p class=\"font-light pt-1 leading-6\">  Simplifica la gesti\u00f3n de planes de inversi\u00f3n y pagos complejos.  <\/p>\n               <\/li>\n               <li class=\"text-textpara contentColor font-light leading-6 mb-3 ml-2\">\n                  <b class=\"font-semibold text-lg\">Seguimiento e informes<\/b> \n                  <p class=\"font-light pt-1 leading-6\">  Proporciona informes detallados y opciones de seguimiento para un mejor control.  <\/p>\n               <\/li>\n               <li class=\"text-textpara contentColor font-light leading-6 mb-3 ml-2\">\n                  <b class=\"font-semibold text-lg\">F\u00e1cil de usar<\/b> \n                  <p class=\"font-light pt-1 leading-6\">  Facilita tanto a los administradores como a los usuarios la navegaci\u00f3n y el uso de la plataforma.  <\/p>\n               <\/li>\n            <\/ul>\n         <\/div>\n         <div class=\"lg:flex-1 w-full lg:w-4\/12 primaryColor rounded-2xl px-6 md:px-12 py-10 md:py-12 mb-2 relative overflow-hidden\">\n            <p><\/p>\n            <p class=\"text-white font-light pt-3 leading-6 offWhite\">  Cada negocio es \u00fanico, y tambi\u00e9n lo son sus necesidades.\nPersonalizar el script HYIP es vital porque puede adaptarse a los requisitos espec\u00edficos de un negocio, ajustarse a las necesidades crecientes de las empresas y ofrecer caracter\u00edsticas que sean m\u00e1s atractivas para grupos de usuarios espec\u00edficos.\nEsta flexibilidad garantiza que el script pueda adaptarse y mejorar tu modelo de negocio \u00fanico, amplificando as\u00ed tu presencia y tr\u00e1fico online.    <\/p>\n         <\/div>\n      <\/div>\n      <p> <\/p>\n   <\/div>\n<\/section>\n<!-- ************************************************************************************* --> \n<section class=\"p-sectionpadding\">\n   <div class=\"container mx-auto\">\n      <div class=\"flex flex-wrap lg:space-x-8 mt-5\">\n         <div class=\"lg:flex-1 w-full lg:w-4\/12 primaryColor rounded-2xl px-6 md:px-12 py-10 md:py-12 mb-2 relative overflow-hidden\"> <img decoding=\"async\" src=\"\/wp-content\/uploads\/2024\/09\/features.webp\" alt=\"Imagen\" class=\"relative lg:absolute bottom-0 left-0 right-0 mx-auto\"\/> <\/div>\n         <div class=\"w-full lg:w-8\/12 overflow-hidden lighter rounded-2xl px-6 md:px-8 py-10 md:py-8 mb-2\">\n            <h3 class=\"text-3xl titleColor lg:leading-snug\"> Caracter\u00edsticas clave del <span class=\"font-bold\">script HYIP<\/span> de CloudMLM <\/h3>\n            <p class=\"font-light pt-3 leading-6\">  Nuestro script HYIP, integrado en el software MLM, cuenta con varias funciones.  <\/p>\n            <ul class=\"flex flex-wrap space-x-2 mt-6 ml-[-12px] list1\">\n               <li class=\"text-textpara contentColor font-light leading-6 mb-3 ml-2\">\n                  <b class=\"font-semibold text-lg\">Interfaz f\u00e1cil de usar<\/b> \n                  <p class=\"font-light pt-1 leading-6\">  Nuestro script HYIP cuenta con una interfaz f\u00e1cil de usar que simplifica la navegaci\u00f3n y el funcionamiento, haci\u00e9ndolo accesible para usuarios con distintos niveles de conocimientos t\u00e9cnicos.  <\/p>\n               <\/li>\n               <li class=\"text-textpara contentColor font-light leading-6 mb-3 ml-2\">\n                  <b class=\"font-semibold text-lg\">Soporte multiling\u00fce<\/b> \n                  <p class=\"font-light pt-1 leading-6\">  Para atender a un p\u00fablico global, el script admite varios idiomas, lo que lo hace accesible a usuarios de distintos or\u00edgenes ling\u00fc\u00edsticos.  <\/p>\n               <\/li>\n               <li class=\"text-textpara contentColor font-light leading-6 mb-3 ml-2\">\n                  <b class=\"font-semibold text-lg\">Marco tecnol\u00f3gico<\/b> \n                  <p class=\"font-light pt-1 leading-6\">  Construido sobre el marco PHP-MVC, aprovecha una pila tecnol\u00f3gica conocida y ampliamente utilizada.  <\/p>\n               <\/li>\n            <\/ul>\n         <\/div>\n      <\/div>\n   <\/div>\n<\/section>\n<!-- ********************************************************* --> \n<section class=\"p-sectionpadding\">\n   <div class=\"container mx-auto\">\n      <div class=\"flex flex-wrap\">\n         <div class=\"w-full md:w-8\/12\">\n            <h3 class=\"lg:text-TitlesemiFontSize text-2xl titleColor lg:leading-snug mt-3\"> <span class=\"font-bold\"> Funciones <\/span> avanzadas   <\/h3>\n            <p class=\"text-textSubtitle contentColor text-sm font-light pt-5 leading-6 mb-3\">  Nuestro script HYIP integrado con el software MLM no es s\u00f3lo una soluci\u00f3n tecnol\u00f3gica; es una herramienta estrat\u00e9gica que eleva tu negocio en el \u00e1mbito de las inversiones de alto rendimiento.Destaca por su conjunto de funciones avanzadas.  <\/p>\n         <\/div>\n         <div class=\"w-full flex flex-wrap pt-2 justify-between\">\n            <div class=\"w-full lg:w-1\/3 pr-0 lg:pr-2 lg:py-2 py-0 flex flex-col justify-between\">\n               <div class=\"lighter px-7 py-7 rounded-xl mt-3 text-lg h-full\">\n                  <h4 class=\"font-semibold text-lg\">Marco MVC<\/h4>\n                  <p class=\"text-textSubtitle contentColor text-sm font-light pt-3 leading-6 mb-3\">  Escrito en el marco Modelo Vista Controlador (MVC), simplifica la creaci\u00f3n y gesti\u00f3n de nuevos sitios web de inversi\u00f3n con un conocimiento m\u00ednimo de codificaci\u00f3n.  <\/p>\n               <\/div>\n            <\/div>\n            <div class=\"w-full lg:w-1\/3 px-0 lg:px-2 lg:py-2 py-0 flex flex-col justify-between\">\n               <div class=\"lighter px-7 py-7 rounded-xl mt-3 text-lg h-full\">\n                  <h4 class=\"font-semibold text-lg\">Soporte para m\u00faltiples divisas<\/h4>\n                  <p class=\"text-textSubtitle contentColor text-sm font-light pt-3 leading-6 mb-3\">  Admite varias divisas mundiales, ofreciendo opciones de pago flexibles a los usuarios.  <\/p>\n               <\/div>\n            <\/div>\n            <div class=\"w-full lg:w-1\/3 pl-0 lg:pl-2 lg:py-2 py-0 flex flex-col justify-between\">\n               <div class=\"lighter px-7 py-7 rounded-xl mt-3 text-lg h-full\">\n                  <h4 class=\"font-semibold text-lg\">Configuraci\u00f3n SMTP<\/h4>\n                  <p class=\"text-textSubtitle contentColor text-sm font-light pt-3 leading-6 mb-3\">  Permite personalizar la configuraci\u00f3n del Protocolo simple de transferencia de correo para agilizar las comunicaciones por correo electr\u00f3nico.  <\/p>\n               <\/div>\n            <\/div>\n            <div class=\"w-full lg:w-1\/3 lg:py-2 py-0 flex flex-col justify-between pl-0 lg:pr-2\">\n               <div class=\"lighter px-7 py-7 rounded-xl mt-3 text-lg h-full\">\n                  <h4 class=\"font-semibold text-lg\">Sistemas de pago automatizados<\/h4>\n                  <p class=\"text-textSubtitle contentColor text-sm font-light pt-3 leading-6 mb-3\">  Incluye sistemas de pago automatizados compatibles con varias pasarelas de pago, que garantizan un procesamiento de las transacciones fluido y eficaz.  <\/p>\n               <\/div>\n            <\/div>\n            <div class=\"w-full lg:w-1\/3 px-0 lg:px-2 lg:py-2 py-0 flex flex-col justify-between\">\n               <div class=\"lighter px-7 py-7 rounded-xl mt-3 text-lg h-full\">\n                  <h4 class=\"font-semibold text-lg\">Sistema de dep\u00f3sito f\u00e1cil de usar<\/h4>\n                  <p class=\"text-textSubtitle contentColor text-sm font-light pt-3 leading-6 mb-3\">  Incorpora las principales pasarelas de pago, simplificando el proceso de ingreso para los usuarios.  <\/p>\n               <\/div>\n            <\/div>\n            <div class=\"w-full lg:w-1\/3 pl-0 lg:pl-2 lg:py-2 py-0 flex flex-col justify-between\">\n               <div class=\"lighter px-7 py-7 rounded-xl mt-3 text-lg h-full\">\n                  <h4 class=\"font-semibold text-lg\">Importaci\u00f3n\/Exportaci\u00f3n de datos<\/h4>\n                  <p class=\"text-textSubtitle contentColor text-sm font-light pt-3 leading-6 mb-3\">  Ofrece una gesti\u00f3n sencilla de los datos con soporte para varios formatos de archivo, accesible exclusivamente a los administradores.  <\/p>\n               <\/div>\n            <\/div>\n            <div class=\"w-full lg:w-4\/12 pr-0 lg:pr-2 lg:py-2 py-0 flex flex-col justify-between\">\n               <div class=\"lighter px-7 py-7 rounded-xl mt-3 text-lg h-full\">\n                  <h4 class=\"font-semibold text-lg\">Gesti\u00f3n ilimitada de funciones<\/h4>\n                  <p class=\"text-textSubtitle contentColor text-sm font-light pt-3 leading-6 mb-3\">  Permite el control de acceso basado en roles, mejorando la seguridad de los datos y la eficacia de la gesti\u00f3n.  <\/p>\n               <\/div>\n            <\/div>\n            <div class=\"w-full lg:w-8\/12 pl-0 lg:pl-2 lg:py-2 py-0 flex flex-col justify-between\">\n               <div class=\"lighter px-7 py-7 rounded-xl mt-3 text-lg h-full\">\n                  <p class=\"text-textSubtitle contentColor text-sm font-light pt-3 leading-6 mb-3\">  Estas funciones adicionales, combinadas con las caracter\u00edsticas fundamentales de nuestro script HYIP, crean una herramienta potente, vers\u00e1til y segura, que aumenta la eficacia y el atractivo del software MLM en el competitivo sector de las inversiones.  <\/p>\n               <\/div>\n            <\/div>\n         <\/div>\n      <\/div>\n   <\/div>\n<\/section>\n\n\n<section class=\"p-sectionpadding\">\n   <div class=\"container mx-auto\">\n      <div class=\"relative lighter rounded-2xl p-6 md:p-12 py-16 overflow-hidden\">\n         <div class=\"flex flex-wrap md:flex-row flex-col-reverse\">\n            <div class=\"w-full md:w-9\/12 pb-4\">\n               <h4 class=\"md:text-TitlesemiFontSize text-2xl lg:leading-snug capitalize\">\n                  <span class=\"font-bold\">Empieza con la<\/span> demo del script HYIP <br\/>  <\/h4>\n               <p class=\"text-textpara font-light leading-6 py-3\"> Con su mezcla de personalizaci\u00f3n, funciones avanzadas y dise\u00f1o f\u00e1cil de usar, el m\u00f3dulo HYIP es un activo inestimable para cualquiera que quiera hacerse un hueco en el mundo de las inversiones online. <\/p>\n               <p class=\"text-textpara font-light leading-6 py-3\"> Pruebe nuestra demostraci\u00f3n gratuita de software MLM y desarrolle un script HYIP que se adapte a las necesidades espec\u00edficas de su negocio. <\/p>\n               <div class=\"flex space-x-4 mt-6\">\n                   <a href=\"\/pricing\" target=\"_blank\" rel=\"noopener\" class=\"bg-blue-500 text-white py-2 px-4 rounded hover:bg-blue-600 transition\">Obtener precios <\/a> <a href=\"https:\/\/cloudmlmsoftware.com\/es\/software-mlm-demo-de-software-gratuito\/\" target=\"_blank\" rel=\"noopener\" class=\"bg-blue-500 text-white py-2 px-4 rounded hover:bg-blue-600 transition\">Ver demostraci\u00f3n<\/a> \n               <\/div>\n            <\/div>\n            <div class=\"relative w-full md:w-3\/12 bottom-0 right-0 mb-6 md:mb-0\">\n               <img decoding=\"async\" src=\"\/wp-content\/uploads\/2024\/08\/widgets-reports-copy.webp\" alt=\"Imagen\" class=\"md:absolute bottom-[-80px] right-[-50px] w-full\"\/>\n            <\/div>\n         <\/div>\n      <\/div>\n   <\/div>\n<\/section>\n\n\n<p><\/p>\n","protected":false},"excerpt":{"rendered":"<p>\u00bfQu\u00e9 es un script HYIP? El software HYIP es una soluci\u00f3n de software avanzada dise\u00f1ada para crear y operar plataformas de inversi\u00f3n en l\u00ednea que prometen altos rendimientos. Conocido como Programa de Inversi\u00f3n de Alto Rendimiento, o HYIP, se est\u00e1 haciendo popular como opci\u00f3n de inversi\u00f3n debido a su promesa de rendimientos sustanciales en un [&hellip;]<\/p>\n","protected":false},"author":1,"featured_media":0,"parent":0,"menu_order":0,"comment_status":"closed","ping_status":"closed","template":"hyipscript-page.php","meta":{"_acf_changed":false,"footnotes":""},"class_list":["post-8006","page","type-page","status-publish","hentry"],"acf":[],"yoast_head":"<!-- This site is optimized with the Yoast SEO Premium plugin v23.6 (Yoast SEO v25.9) - https:\/\/yoast.com\/wordpress\/plugins\/seo\/ -->\n<title>Gui\u00f3n publicitario | Mejor gui\u00f3n de HYIP Manager<\/title>\n<meta name=\"description\" content=\"Ampl\u00ede sus oportunidades comerciales personalizando los scripts HYIP. Cumpla sus expectativas con el m\u00f3dulo HYIP, adaptado a los requisitos comerciales espec\u00edficos.\" \/>\n<meta name=\"robots\" content=\"index, follow, max-snippet:-1, max-image-preview:large, max-video-preview:-1\" \/>\n<link rel=\"canonical\" href=\"https:\/\/cloudmlmsoftware.com\/es\/guion-publicitario\/\" \/>\n<meta property=\"og:locale\" content=\"es_ES\" \/>\n<meta property=\"og:type\" content=\"article\" \/>\n<meta property=\"og:title\" content=\"Script HYIP\" \/>\n<meta property=\"og:description\" content=\"Ampl\u00ede sus oportunidades comerciales personalizando los scripts HYIP. Cumpla sus expectativas con el m\u00f3dulo HYIP, adaptado a los requisitos comerciales espec\u00edficos.\" \/>\n<meta property=\"og:url\" content=\"https:\/\/cloudmlmsoftware.com\/es\/guion-publicitario\/\" \/>\n<meta property=\"og:site_name\" content=\"Cloud MLM Software\" \/>\n<meta property=\"article:modified_time\" content=\"2024-12-02T06:19:18+00:00\" \/>\n<meta name=\"twitter:card\" content=\"summary_large_image\" \/>\n<meta name=\"twitter:label1\" content=\"Tiempo de lectura\" \/>\n\t<meta name=\"twitter:data1\" content=\"4 minutos\" \/>\n<!-- \/ Yoast SEO Premium plugin. -->","yoast_head_json":{"title":"Gui\u00f3n publicitario | Mejor gui\u00f3n de HYIP Manager","description":"Ampl\u00ede sus oportunidades comerciales personalizando los scripts HYIP. Cumpla sus expectativas con el m\u00f3dulo HYIP, adaptado a los requisitos comerciales espec\u00edficos.","robots":{"index":"index","follow":"follow","max-snippet":"max-snippet:-1","max-image-preview":"max-image-preview:large","max-video-preview":"max-video-preview:-1"},"canonical":"https:\/\/cloudmlmsoftware.com\/es\/guion-publicitario\/","og_locale":"es_ES","og_type":"article","og_title":"Script HYIP","og_description":"Ampl\u00ede sus oportunidades comerciales personalizando los scripts HYIP. Cumpla sus expectativas con el m\u00f3dulo HYIP, adaptado a los requisitos comerciales espec\u00edficos.","og_url":"https:\/\/cloudmlmsoftware.com\/es\/guion-publicitario\/","og_site_name":"Cloud MLM Software","article_modified_time":"2024-12-02T06:19:18+00:00","twitter_card":"summary_large_image","twitter_misc":{"Tiempo de lectura":"4 minutos"},"schema":{"@context":"https:\/\/schema.org","@graph":[{"@type":"WebPage","@id":"https:\/\/cloudmlmsoftware.com\/es\/guion-publicitario\/","url":"https:\/\/cloudmlmsoftware.com\/es\/guion-publicitario\/","name":"Gui\u00f3n publicitario | Mejor gui\u00f3n de HYIP Manager","isPartOf":{"@id":"https:\/\/cloudmlmsoftware.com\/es\/#website"},"datePublished":"2024-08-10T06:06:45+00:00","dateModified":"2024-12-02T06:19:18+00:00","description":"Ampl\u00ede sus oportunidades comerciales personalizando los scripts HYIP. Cumpla sus expectativas con el m\u00f3dulo HYIP, adaptado a los requisitos comerciales espec\u00edficos.","breadcrumb":{"@id":"https:\/\/cloudmlmsoftware.com\/es\/guion-publicitario\/#breadcrumb"},"inLanguage":"es","potentialAction":[{"@type":"ReadAction","target":["https:\/\/cloudmlmsoftware.com\/es\/guion-publicitario\/"]}]},{"@type":"BreadcrumbList","@id":"https:\/\/cloudmlmsoftware.com\/es\/guion-publicitario\/#breadcrumb","itemListElement":[{"@type":"ListItem","position":1,"name":"Home","item":"https:\/\/cloudmlmsoftware.com\/es\/"},{"@type":"ListItem","position":2,"name":"Script HYIP"}]},{"@type":"WebSite","@id":"https:\/\/cloudmlmsoftware.com\/es\/#website","url":"https:\/\/cloudmlmsoftware.com\/es\/","name":"Cloud MLM Software","description":"","publisher":{"@id":"https:\/\/cloudmlmsoftware.com\/es\/#organization"},"potentialAction":[{"@type":"SearchAction","target":{"@type":"EntryPoint","urlTemplate":"https:\/\/cloudmlmsoftware.com\/es\/?s={search_term_string}"},"query-input":{"@type":"PropertyValueSpecification","valueRequired":true,"valueName":"search_term_string"}}],"inLanguage":"es"},{"@type":"Organization","@id":"https:\/\/cloudmlmsoftware.com\/es\/#organization","name":"Cloud MLM Software","url":"https:\/\/cloudmlmsoftware.com\/es\/","logo":{"@type":"ImageObject","inLanguage":"es","@id":"https:\/\/cloudmlmsoftware.com\/es\/#\/schema\/logo\/image\/","url":"https:\/\/cloudmlmsoftware.com\/wp-content\/uploads\/2024\/09\/cloudmlm-logo.webp","contentUrl":"https:\/\/cloudmlmsoftware.com\/wp-content\/uploads\/2024\/09\/cloudmlm-logo.webp","width":200,"height":40,"caption":"Cloud MLM Software"},"image":{"@id":"https:\/\/cloudmlmsoftware.com\/es\/#\/schema\/logo\/image\/"}}]}},"_links":{"self":[{"href":"https:\/\/cloudmlmsoftware.com\/es\/wp-json\/wp\/v2\/pages\/8006","targetHints":{"allow":["GET"]}}],"collection":[{"href":"https:\/\/cloudmlmsoftware.com\/es\/wp-json\/wp\/v2\/pages"}],"about":[{"href":"https:\/\/cloudmlmsoftware.com\/es\/wp-json\/wp\/v2\/types\/page"}],"author":[{"embeddable":true,"href":"https:\/\/cloudmlmsoftware.com\/es\/wp-json\/wp\/v2\/users\/1"}],"replies":[{"embeddable":true,"href":"https:\/\/cloudmlmsoftware.com\/es\/wp-json\/wp\/v2\/comments?post=8006"}],"version-history":[{"count":0,"href":"https:\/\/cloudmlmsoftware.com\/es\/wp-json\/wp\/v2\/pages\/8006\/revisions"}],"wp:attachment":[{"href":"https:\/\/cloudmlmsoftware.com\/es\/wp-json\/wp\/v2\/media?parent=8006"}],"curies":[{"name":"wp","href":"https:\/\/api.w.org\/{rel}","templated":true}]}}