{"id":24429,"date":"2025-03-13T08:59:08","date_gmt":"2025-03-13T08:59:08","guid":{"rendered":"https:\/\/cloudmlmsoftware.com\/modulo-de-envio-de-correo-electronico-masivo\/"},"modified":"2025-03-17T10:24:49","modified_gmt":"2025-03-17T10:24:49","slug":"modulo-de-envio-de-correo-electronico-masivo","status":"publish","type":"page","link":"https:\/\/cloudmlmsoftware.com\/es\/modulo-de-envio-de-correo-electronico-masivo\/","title":{"rendered":"M\u00f3dulo de env\u00edo de correo electr\u00f3nico masivo"},"content":{"rendered":"\n<div class=\"bannerBgcolor BannerBg pt-16 pb-20 relative overflow-hidden\">\n        <div class=\"animation-wrapper\">\n            <div class=\"particle particle-1\"><\/div>\n            <div class=\"particle particle-2\"><\/div>\n            <div class=\"particle particle-3\"><\/div>\n            <div class=\"particle particle-4\"><\/div>\n        <\/div>\n\n        <div class=\"container mx-auto xl:h-[504px] lg:h-[450px] h-auto relative z-1\">\n            <div class=\"flex flex-wrap items-center\">\n                <div class=\"md:basis-5\/12 sm:basis-12\/12 pr-4 pr-0 py-14\">\n                    <img decoding=\"async\" src=\"\/wp-content\/uploads\/2024\/08\/Modulesbanner.webp\" width=\"467\" height=\"411\" alt=\"El mejor software de mlm en EE. UU.\" class=\"pulseBannerImg\"\/>\n                <\/div>\n                <div class=\"md:basis-7\/12 sm:basis-12\/12\">\n                    <h1 class=\"lg:text-mainTitleFontSize sm:text-3xl text-3xl text-white lg:leading-snug \">\n                        <span class=\"font-bold animate-charcter-offwhite\">M\u00f3dulo de env\u00edo de correo electr\u00f3nico masivo\n                        <\/span>\n                    <\/h1>\n\n                    <p class=\"offlightWhite pt-3 text-md\">La comunicaci\u00f3n por correo electr\u00f3nico juega un papel vital en el \u00e9xito empresarial. Con el m\u00f3dulo de env\u00edo de correo electr\u00f3nico masivo, puede comunicarse f\u00e1cilmente con una gran audiencia, enviar promociones espec\u00edficas y mantener su red comprometida. Esta caracter\u00edstica permite a las empresas optimizar las campa\u00f1as de correo electr\u00f3nico, asegurando la entrega eficiente de boletines, actualizaciones y contenido de marketing. Al automatizar los correos electr\u00f3nicos a granel, puede ahorrar tiempo, reducir los costos y maximizar el compromiso, por lo que es una herramienta esencial para el crecimiento comercial moderno.   \n<\/p>\n\n                <\/div>\n\n            <\/div>\n        <\/div>\n    <\/div>\n    <!-- ************************************************************************************* -->\n\n\n    <section class=\"p-sectionpadding\">\n        <div class=\"container mx-auto pt-20\">\n            <div class=\"flex flex-wrap items-start md:items-center flex-col-reverse md:flex-row\">\n                <div class=\"flex-1 w-full md:w-8\/12 pr-0 lg:pr-7 pr-0 mt-3\">\n                    <div class=\"relative\">\n\n                        <h2 class=\"lg:text-TitlesemiFontSize text-2xl titleColor lg:leading-snug capitalize\">\n Effortless <span class=\"font-bold\"> Bulk Email Communication <\/span>for Your MLM Business\n                        <\/h2>\n\n\n                        \n\n                        <p class=\"pt-6 font-light leading-6 text-textpara contentColor\">La comunicaci\u00f3n efectiva es clave para el \u00e9xito de MLM, y los correos electr\u00f3nicos juegan un papel crucial para mantener su red comprometida. El m\u00f3dulo de env\u00edo de correo electr\u00f3nico masivo en el software Cloud MLM permite a los administradores programar, personalizar y automatizar correos electr\u00f3nicos con facilidad. \n<\/p>\n\n\n                        <p class=\"pt-5 font-light leading-6 text-textpara contentColor\">Nuestro m\u00f3dulo de correo electr\u00f3nico con alimentaci\u00f3n en la nube est\u00e1 dise\u00f1ado para la velocidad, la precisi\u00f3n y la confiabilidad, asegurando la entrega perfecta de mensajes promocionales, actualizaciones y notificaciones. Mant\u00e9ngase conectado con su equipo y prospectos sin esfuerzo mientras maximiza el impacto de sus campa\u00f1as de correo electr\u00f3nico.  \n<\/p>\n\n                    <\/div>\n                <\/div>\n\n\n                <div class=\"hidden lg:flex items-end justify-right w-[360px] primaryColor rounded-2xl pt-20 pl-10 ml-0 md:ml-10 mb-2 pb-0 overflow-hidden mt-3\">\n                    <img decoding=\"async\" src=\"\/wp-content\/uploads\/2025\/03\/Bulk-Email-Service.webp\" alt=\"Imagen\" class=\"relative right-[-10px] w-full\"\/>\n                <\/div>\n            <\/div>\n        <\/div>\n    <\/section>\n    <!-- ================================================================================================ -->\n    <section class=\"p-sectionpadding\">\n        <div class=\"container mx-auto \">\n            <div class=\"relative darkblue rounded-2xl p-7 lg:p-12 py-16 overflow-hidden\">\n                <div class=\"flex flex-wrap items-center\">\n\n                    <div class=\"relative w-full lg:w-5\/12 pr-0 lg:pr-12\">\n                        <img decoding=\"async\" src=\"\/wp-content\/uploads\/2025\/03\/BulkEmail.webp\" alt=\"servicio de correo electr\u00f3nico masivo\" class=\"mb-4 lg:mb-0 w-full\"\/>\n                    <\/div>\n\n                    <div class=\"lg:flex-shrink-0 w-full lg:w-7\/12 \">\n                        <h4 class=\"lg:text-TitlesemiFontSize text-2xl text-white lg:leading-snug capitalize\">\n                             <span class=\"font-bold\"> Features of Cloud MLM&#8217;s <\/span>\n Mass Email Sending Module\n                        <\/h4>\n                        <ul class=\"flex flex-wrap space-x-2 mt-4 ml-[-12px] list1\">\n                            <li class=\"text-textpara text-white font-light leading-6 mb-3 ml-2\">Alcance del cliente efectivo: env\u00ede correos electr\u00f3nicos a granel a sus listas de marketing y convierta los clientes potenciales en clientes leales.\n<\/li>\n                            <li class=\"text-textpara text-white font-light leading-6 mb-3 ml-2\">Accesibilidad global: con\u00e9ctese con su equipo y clientes desde cualquier dispositivo, en cualquier parte del mundo.\n <\/li>\n                            <li class=\"text-textpara text-white font-light leading-6 mb-3 ml-2\">You can easily add and remove participants in our email system. Our email module offers a 24\/7 automated email service that consumes minimal memory while operating in the background. \n<\/li>\n                            <li class=\"text-textpara text-white font-light leading-6 mb-3 ml-2\"> Integraci\u00f3n de redes sociales sin interrupciones: mejore la confianza insertando enlaces de redes sociales directamente en sus correos electr\u00f3nicos.\n<\/li>\n                           \n                        <\/ul>\n                    <\/div>\n                <\/div>\n            <\/div>\n        <\/div>\n    <\/section>\n","protected":false},"excerpt":{"rendered":"<p>M\u00f3dulo de env\u00edo de correo electr\u00f3nico masivo La comunicaci\u00f3n por correo electr\u00f3nico juega un papel vital en el \u00e9xito empresarial. Con el m\u00f3dulo de env\u00edo de correo electr\u00f3nico masivo, puede comunicarse f\u00e1cilmente con una gran audiencia, enviar promociones espec\u00edficas y mantener su red comprometida. Esta caracter\u00edstica permite a las empresas optimizar las campa\u00f1as de correo [&hellip;]<\/p>\n","protected":false},"author":3,"featured_media":0,"parent":0,"menu_order":0,"comment_status":"closed","ping_status":"closed","template":"moduleemail-page.php","meta":{"_acf_changed":false,"footnotes":""},"class_list":["post-24429","page","type-page","status-publish","hentry"],"acf":[],"yoast_head":"<!-- This site is optimized with the Yoast SEO Premium plugin v23.6 (Yoast SEO v25.9) - https:\/\/yoast.com\/wordpress\/plugins\/seo\/ -->\n<title>M\u00f3dulo de env\u00edo de correo electr\u00f3nico masivo - Cloud MLM Software<\/title>\n<meta name=\"description\" content=\"Env\u00ede correos electr\u00f3nicos a granel sin esfuerzo con nuestro m\u00f3dulo de env\u00edo de correo electr\u00f3nico masivo. Automatice campa\u00f1as, personalice los mensajes y aumente el compromiso. Pru\u00e9balo hoy\" \/>\n<meta name=\"robots\" content=\"index, follow, max-snippet:-1, max-image-preview:large, max-video-preview:-1\" \/>\n<link rel=\"canonical\" href=\"https:\/\/cloudmlmsoftware.com\/es\/modulo-de-envio-de-correo-electronico-masivo\/\" \/>\n<meta property=\"og:locale\" content=\"es_ES\" \/>\n<meta property=\"og:type\" content=\"article\" \/>\n<meta property=\"og:title\" content=\"M\u00f3dulo de env\u00edo de correo electr\u00f3nico masivo\" \/>\n<meta property=\"og:description\" content=\"Env\u00ede correos electr\u00f3nicos a granel sin esfuerzo con nuestro m\u00f3dulo de env\u00edo de correo electr\u00f3nico masivo. Automatice campa\u00f1as, personalice los mensajes y aumente el compromiso. Pru\u00e9balo hoy\" \/>\n<meta property=\"og:url\" content=\"https:\/\/cloudmlmsoftware.com\/es\/modulo-de-envio-de-correo-electronico-masivo\/\" \/>\n<meta property=\"og:site_name\" content=\"Cloud MLM Software\" \/>\n<meta property=\"article:modified_time\" content=\"2025-03-17T10:24:49+00:00\" \/>\n<meta name=\"twitter:card\" content=\"summary_large_image\" \/>\n<meta name=\"twitter:label1\" content=\"Tiempo de lectura\" \/>\n\t<meta name=\"twitter:data1\" content=\"2 minutos\" \/>\n<!-- \/ Yoast SEO Premium plugin. -->","yoast_head_json":{"title":"M\u00f3dulo de env\u00edo de correo electr\u00f3nico masivo - Cloud MLM Software","description":"Env\u00ede correos electr\u00f3nicos a granel sin esfuerzo con nuestro m\u00f3dulo de env\u00edo de correo electr\u00f3nico masivo. Automatice campa\u00f1as, personalice los mensajes y aumente el compromiso. Pru\u00e9balo hoy","robots":{"index":"index","follow":"follow","max-snippet":"max-snippet:-1","max-image-preview":"max-image-preview:large","max-video-preview":"max-video-preview:-1"},"canonical":"https:\/\/cloudmlmsoftware.com\/es\/modulo-de-envio-de-correo-electronico-masivo\/","og_locale":"es_ES","og_type":"article","og_title":"M\u00f3dulo de env\u00edo de correo electr\u00f3nico masivo","og_description":"Env\u00ede correos electr\u00f3nicos a granel sin esfuerzo con nuestro m\u00f3dulo de env\u00edo de correo electr\u00f3nico masivo. Automatice campa\u00f1as, personalice los mensajes y aumente el compromiso. Pru\u00e9balo hoy","og_url":"https:\/\/cloudmlmsoftware.com\/es\/modulo-de-envio-de-correo-electronico-masivo\/","og_site_name":"Cloud MLM Software","article_modified_time":"2025-03-17T10:24:49+00:00","twitter_card":"summary_large_image","twitter_misc":{"Tiempo de lectura":"2 minutos"},"schema":{"@context":"https:\/\/schema.org","@graph":[{"@type":"WebPage","@id":"https:\/\/cloudmlmsoftware.com\/es\/modulo-de-envio-de-correo-electronico-masivo\/","url":"https:\/\/cloudmlmsoftware.com\/es\/modulo-de-envio-de-correo-electronico-masivo\/","name":"M\u00f3dulo de env\u00edo de correo electr\u00f3nico masivo - Cloud MLM Software","isPartOf":{"@id":"https:\/\/cloudmlmsoftware.com\/es\/#website"},"datePublished":"2025-03-13T08:59:08+00:00","dateModified":"2025-03-17T10:24:49+00:00","description":"Env\u00ede correos electr\u00f3nicos a granel sin esfuerzo con nuestro m\u00f3dulo de env\u00edo de correo electr\u00f3nico masivo. Automatice campa\u00f1as, personalice los mensajes y aumente el compromiso. Pru\u00e9balo hoy","breadcrumb":{"@id":"https:\/\/cloudmlmsoftware.com\/es\/modulo-de-envio-de-correo-electronico-masivo\/#breadcrumb"},"inLanguage":"es","potentialAction":[{"@type":"ReadAction","target":["https:\/\/cloudmlmsoftware.com\/es\/modulo-de-envio-de-correo-electronico-masivo\/"]}]},{"@type":"BreadcrumbList","@id":"https:\/\/cloudmlmsoftware.com\/es\/modulo-de-envio-de-correo-electronico-masivo\/#breadcrumb","itemListElement":[{"@type":"ListItem","position":1,"name":"Home","item":"https:\/\/cloudmlmsoftware.com\/es\/"},{"@type":"ListItem","position":2,"name":"M\u00f3dulo de env\u00edo de correo electr\u00f3nico masivo"}]},{"@type":"WebSite","@id":"https:\/\/cloudmlmsoftware.com\/es\/#website","url":"https:\/\/cloudmlmsoftware.com\/es\/","name":"Cloud MLM Software","description":"","publisher":{"@id":"https:\/\/cloudmlmsoftware.com\/es\/#organization"},"potentialAction":[{"@type":"SearchAction","target":{"@type":"EntryPoint","urlTemplate":"https:\/\/cloudmlmsoftware.com\/es\/?s={search_term_string}"},"query-input":{"@type":"PropertyValueSpecification","valueRequired":true,"valueName":"search_term_string"}}],"inLanguage":"es"},{"@type":"Organization","@id":"https:\/\/cloudmlmsoftware.com\/es\/#organization","name":"Cloud MLM Software","url":"https:\/\/cloudmlmsoftware.com\/es\/","logo":{"@type":"ImageObject","inLanguage":"es","@id":"https:\/\/cloudmlmsoftware.com\/es\/#\/schema\/logo\/image\/","url":"https:\/\/cloudmlmsoftware.com\/wp-content\/uploads\/2024\/09\/cloudmlm-logo.webp","contentUrl":"https:\/\/cloudmlmsoftware.com\/wp-content\/uploads\/2024\/09\/cloudmlm-logo.webp","width":200,"height":40,"caption":"Cloud MLM Software"},"image":{"@id":"https:\/\/cloudmlmsoftware.com\/es\/#\/schema\/logo\/image\/"}}]}},"_links":{"self":[{"href":"https:\/\/cloudmlmsoftware.com\/es\/wp-json\/wp\/v2\/pages\/24429","targetHints":{"allow":["GET"]}}],"collection":[{"href":"https:\/\/cloudmlmsoftware.com\/es\/wp-json\/wp\/v2\/pages"}],"about":[{"href":"https:\/\/cloudmlmsoftware.com\/es\/wp-json\/wp\/v2\/types\/page"}],"author":[{"embeddable":true,"href":"https:\/\/cloudmlmsoftware.com\/es\/wp-json\/wp\/v2\/users\/3"}],"replies":[{"embeddable":true,"href":"https:\/\/cloudmlmsoftware.com\/es\/wp-json\/wp\/v2\/comments?post=24429"}],"version-history":[{"count":1,"href":"https:\/\/cloudmlmsoftware.com\/es\/wp-json\/wp\/v2\/pages\/24429\/revisions"}],"predecessor-version":[{"id":24430,"href":"https:\/\/cloudmlmsoftware.com\/es\/wp-json\/wp\/v2\/pages\/24429\/revisions\/24430"}],"wp:attachment":[{"href":"https:\/\/cloudmlmsoftware.com\/es\/wp-json\/wp\/v2\/media?parent=24429"}],"curies":[{"name":"wp","href":"https:\/\/api.w.org\/{rel}","templated":true}]}}