{"id":18398,"date":"2024-09-28T06:02:05","date_gmt":"2024-09-28T06:02:05","guid":{"rendered":"https:\/\/cloudmlmsoftware.com\/software-mlm-demo-de-software-gratuito\/"},"modified":"2024-10-04T06:29:07","modified_gmt":"2024-10-04T06:29:07","slug":"software-mlm-demo-de-software-gratuito","status":"publish","type":"page","link":"https:\/\/cloudmlmsoftware.com\/es\/software-mlm-demo-de-software-gratuito\/","title":{"rendered":"Software MLM-Demo de software gratuito"},"content":{"rendered":"\n<div class=\"bannerBgcolor BannerBg pt-4 md:pt-12 overflow-hidden\">\n   <div class=\"animation-wrapper\">\n      <div class=\"particle particle-1\"><\/div>\n      <div class=\"particle particle-2\"><\/div>\n      <div class=\"particle particle-3\"><\/div>\n      <div class=\"particle particle-4\"><\/div>\n   <\/div>\n   <div class=\"container mx-auto pt-2 md:h-[600px] sm:h-[400px] h-[400px] overflow-hidden relative z-1\">\n      <div class=\"flex flex-wrap items-center\">\n         <div class=\"w-full md:w-8\/12 mx-auto text-center pt-10 mb-8\">\n            <h1 class=\"lg:text-mainTitleFontSize sm:text-3xl text-3xl text-white lg:leading-snug capitalize\"> Software MLM-<span class=\"font-bold animate-charcter-offwhite\">Demo de<\/span> software gratuito <\/h1>\n            <div class=\"w-8\/12 mx-auto text-center pt-6\"> <a href=\"https:\/\/demo.cloudmlmsoftware.com\" class=\"button primaryColor px-4 py-3 w-[132px] mx-auto rounded-md text-white md:flex text-sm md:text-md sm:block btn1\">Prueba la Demo Gratis <\/a> <\/div>\n         <\/div>\n         <div class=\"w-full p-4 relative z-9\"> <img decoding=\"async\" src=\"\/wp-content\/uploads\/2024\/08\/Demobanner.webp\" alt=\"software mlm\" width=\"692\" height=\"516\" class=\"mx-auto\"\/> <\/div>\n      <\/div>\n   <\/div>\n<\/div>\n<!-- ************************************************************************************* --> \n<section class=\"p-sectionpadding mt-16\">\n   <div class=\"container mx-auto\">\n      <div class=\"flex flex-wrap\">\n         <div class=\"w-full md:w-6\/12 p-6 pl-0 section\">\n            <div class=\"w-ful sticky-section\" id=\"section1\">\n               <h2 class=\"lg:text-TitlesemiFontSize leading-snug capitalize text-2xl titleColor\">Optimize Your MLM Business <span class=\"font-bold\">Advanced Network Management Software. <\/span>  <\/h2>\n               <p class=\"text-textpara font-light contentColor leading-6 mt-3\"> El software Cloud MLM proporciona una forma de previsualizar cualquier plan de compensaci\u00f3n MLM al instante. Esto incluye una demostraci\u00f3n del software MLM binario, demostraci\u00f3n del software MLM de matriz, demostraci\u00f3n del software MLM unilevel, y muchos m\u00e1s. Puede probar el software en vivo, registr\u00e1ndose como cliente y aprobando como administrador, probar las opciones de pago y retiro e incluso probar todas las caracter\u00edsticas disponibles del software MLM. Por favor, recuerde que esta ser\u00e1 una demostraci\u00f3n accesible por varias personas al mismo tiempo. Si necesita una demostraci\u00f3n personalizada solo para usted, puede registrarse aqu\u00ed y obtener los detalles de acceso.     <\/p>\n               <div class=\"mt-5 w-full mt-5\"> <a href=\"https:\/\/cloudmlmsoftware.com\/es\/contact\/\" class=\"primaryColor px-4 py-3 w-[200px] rounded-md text-white md:flex text-xs md:text-sm btn1 capitalize\" role=\"button\">Contacta para m\u00e1s detalles<\/a> <\/div>\n            <\/div>\n            <div class=\"w-full sticky-section\" id=\"section2\">\n               <h3 class=\"lg:text-TitlesemiFontSize leading-snug text-2xl capitalize titleColor\"> Un <span class=\"font-bold\"> software MLM<\/span> creado para gestionar f\u00e1cilmente <span class=\"font-bold\">el negocio MLM <\/span>y la <span class=\"font-bold\">red<\/span> <\/h3>\n               <p class=\"text-textpara font-light contentColor leading-6 mt-3\"> Cuando se trata de administrar un negocio de MLM, es una tarea dif\u00edcil sin software. Hay cientos de programas disponibles para ese prop\u00f3sito, pero el software MLM en la nube facilita mucho las cosas.  <\/p>\n               <p class=\"text-textpara font-light contentColor leading-6 mt-3\"> Las opciones son ilimitadas, podemos personalizar este software seg\u00fan tus necesidades. Los planes pueden ser reescritos, los temas pueden ser modificados, podemos crear apariencias personalizadas y podemos reconstruir el software en cualquier dise\u00f1o que prefieras. Incluso podr\u00edamos crear un dise\u00f1o separado solo para tu negocio. Siendo el mejor software MLM en el mercado, siempre atendemos las solicitudes de caracter\u00edsticas y los informes de errores. Si has encontrado alg\u00fan error o comportamiento inusual en nuestra secci\u00f3n de software, puedes contactarnos. Valoramos tu apoyo.      <\/p>\n               <div class=\"mt-3 w-full mt-5\"> <a href=\"https:\/\/cloudmlmsoftware.com\/es\/contact\/\" class=\"primaryColor px-4 py-3 w-[200px] rounded-md text-white md:flex text-xs md:text-sm btn1 capitalize\" role=\"button\">Contacta para m\u00e1s detalles<\/a> <\/div>\n            <\/div>\n         <\/div>\n         <div class=\"w-full md:w-6\/12 p-8 pr-0 sticky-container\">\n            <div class=\"right-image\"> <img decoding=\"async\" src=\"\/wp-content\/uploads\/2024\/08\/Featurebanner.webp\" width=\"\" height=\"\" alt=\"el mejor software de mlm\" class=\"active\"\/> <img decoding=\"async\" src=\"\/wp-content\/uploads\/2024\/08\/directselling.webp\" width=\"\" height=\"\" alt=\"el mejor software de mlm\" class=\"\"\/> <\/div>\n         <\/div>\n      <\/div>\n   <\/div>\n<\/section>\n","protected":false},"excerpt":{"rendered":"<p>Software MLM-Demo de software gratuito Prueba la Demo Gratis Optimize Your MLM Business Advanced Network Management Software. El software Cloud MLM proporciona una forma de previsualizar cualquier plan de compensaci\u00f3n MLM al instante. Esto incluye una demostraci\u00f3n del software MLM binario, demostraci\u00f3n del software MLM de matriz, demostraci\u00f3n del software MLM unilevel, y muchos m\u00e1s. [&hellip;]<\/p>\n","protected":false},"author":1,"featured_media":0,"parent":0,"menu_order":0,"comment_status":"closed","ping_status":"closed","template":"presetdemo-page.php","meta":{"_acf_changed":false,"footnotes":""},"class_list":["post-18398","page","type-page","status-publish","hentry"],"acf":[],"yoast_head":"<!-- This site is optimized with the Yoast SEO Premium plugin v23.6 (Yoast SEO v25.9) - https:\/\/yoast.com\/wordpress\/plugins\/seo\/ -->\n<title>Demostraci\u00f3n del software MLM - Descubre funciones y beneficios<\/title>\n<meta name=\"description\" content=\"Demostraci\u00f3n del software MLM ,Explora todas las funciones con una prueba gratuita Herramientas para gestionar miembros y seguimiento de ventas\" \/>\n<meta name=\"robots\" content=\"index, follow, max-snippet:-1, max-image-preview:large, max-video-preview:-1\" \/>\n<link rel=\"canonical\" href=\"https:\/\/cloudmlmsoftware.com\/es\/software-mlm-demo-de-software-gratuito\/\" \/>\n<meta property=\"og:locale\" content=\"es_ES\" \/>\n<meta property=\"og:type\" content=\"article\" \/>\n<meta property=\"og:title\" content=\"Software MLM-Demo de software gratuito\" \/>\n<meta property=\"og:description\" content=\"Demostraci\u00f3n del software MLM ,Explora todas las funciones con una prueba gratuita Herramientas para gestionar miembros y seguimiento de ventas\" \/>\n<meta property=\"og:url\" content=\"https:\/\/cloudmlmsoftware.com\/es\/software-mlm-demo-de-software-gratuito\/\" \/>\n<meta property=\"og:site_name\" content=\"Cloud MLM Software\" \/>\n<meta property=\"article:modified_time\" content=\"2024-10-04T06:29:07+00:00\" \/>\n<meta name=\"twitter:card\" content=\"summary_large_image\" \/>\n<meta name=\"twitter:label1\" content=\"Tiempo de lectura\" \/>\n\t<meta name=\"twitter:data1\" content=\"2 minutos\" \/>\n<!-- \/ Yoast SEO Premium plugin. -->","yoast_head_json":{"title":"Demostraci\u00f3n del software MLM - Descubre funciones y beneficios","description":"Demostraci\u00f3n del software MLM ,Explora todas las funciones con una prueba gratuita Herramientas para gestionar miembros y seguimiento de ventas","robots":{"index":"index","follow":"follow","max-snippet":"max-snippet:-1","max-image-preview":"max-image-preview:large","max-video-preview":"max-video-preview:-1"},"canonical":"https:\/\/cloudmlmsoftware.com\/es\/software-mlm-demo-de-software-gratuito\/","og_locale":"es_ES","og_type":"article","og_title":"Software MLM-Demo de software gratuito","og_description":"Demostraci\u00f3n del software MLM ,Explora todas las funciones con una prueba gratuita Herramientas para gestionar miembros y seguimiento de ventas","og_url":"https:\/\/cloudmlmsoftware.com\/es\/software-mlm-demo-de-software-gratuito\/","og_site_name":"Cloud MLM Software","article_modified_time":"2024-10-04T06:29:07+00:00","twitter_card":"summary_large_image","twitter_misc":{"Tiempo de lectura":"2 minutos"},"schema":{"@context":"https:\/\/schema.org","@graph":[{"@type":"WebPage","@id":"https:\/\/cloudmlmsoftware.com\/es\/software-mlm-demo-de-software-gratuito\/","url":"https:\/\/cloudmlmsoftware.com\/es\/software-mlm-demo-de-software-gratuito\/","name":"Demostraci\u00f3n del software MLM - Descubre funciones y beneficios","isPartOf":{"@id":"https:\/\/cloudmlmsoftware.com\/es\/#website"},"datePublished":"2024-09-28T06:02:05+00:00","dateModified":"2024-10-04T06:29:07+00:00","description":"Demostraci\u00f3n del software MLM ,Explora todas las funciones con una prueba gratuita Herramientas para gestionar miembros y seguimiento de ventas","breadcrumb":{"@id":"https:\/\/cloudmlmsoftware.com\/es\/software-mlm-demo-de-software-gratuito\/#breadcrumb"},"inLanguage":"es","potentialAction":[{"@type":"ReadAction","target":["https:\/\/cloudmlmsoftware.com\/es\/software-mlm-demo-de-software-gratuito\/"]}]},{"@type":"BreadcrumbList","@id":"https:\/\/cloudmlmsoftware.com\/es\/software-mlm-demo-de-software-gratuito\/#breadcrumb","itemListElement":[{"@type":"ListItem","position":1,"name":"Home","item":"https:\/\/cloudmlmsoftware.com\/es\/"},{"@type":"ListItem","position":2,"name":"Software MLM-Demo de software gratuito"}]},{"@type":"WebSite","@id":"https:\/\/cloudmlmsoftware.com\/es\/#website","url":"https:\/\/cloudmlmsoftware.com\/es\/","name":"Cloud MLM Software","description":"","publisher":{"@id":"https:\/\/cloudmlmsoftware.com\/es\/#organization"},"potentialAction":[{"@type":"SearchAction","target":{"@type":"EntryPoint","urlTemplate":"https:\/\/cloudmlmsoftware.com\/es\/?s={search_term_string}"},"query-input":{"@type":"PropertyValueSpecification","valueRequired":true,"valueName":"search_term_string"}}],"inLanguage":"es"},{"@type":"Organization","@id":"https:\/\/cloudmlmsoftware.com\/es\/#organization","name":"Cloud MLM Software","url":"https:\/\/cloudmlmsoftware.com\/es\/","logo":{"@type":"ImageObject","inLanguage":"es","@id":"https:\/\/cloudmlmsoftware.com\/es\/#\/schema\/logo\/image\/","url":"https:\/\/cloudmlmsoftware.com\/wp-content\/uploads\/2024\/09\/cloudmlm-logo.webp","contentUrl":"https:\/\/cloudmlmsoftware.com\/wp-content\/uploads\/2024\/09\/cloudmlm-logo.webp","width":200,"height":40,"caption":"Cloud MLM Software"},"image":{"@id":"https:\/\/cloudmlmsoftware.com\/es\/#\/schema\/logo\/image\/"}}]}},"_links":{"self":[{"href":"https:\/\/cloudmlmsoftware.com\/es\/wp-json\/wp\/v2\/pages\/18398","targetHints":{"allow":["GET"]}}],"collection":[{"href":"https:\/\/cloudmlmsoftware.com\/es\/wp-json\/wp\/v2\/pages"}],"about":[{"href":"https:\/\/cloudmlmsoftware.com\/es\/wp-json\/wp\/v2\/types\/page"}],"author":[{"embeddable":true,"href":"https:\/\/cloudmlmsoftware.com\/es\/wp-json\/wp\/v2\/users\/1"}],"replies":[{"embeddable":true,"href":"https:\/\/cloudmlmsoftware.com\/es\/wp-json\/wp\/v2\/comments?post=18398"}],"version-history":[{"count":0,"href":"https:\/\/cloudmlmsoftware.com\/es\/wp-json\/wp\/v2\/pages\/18398\/revisions"}],"wp:attachment":[{"href":"https:\/\/cloudmlmsoftware.com\/es\/wp-json\/wp\/v2\/media?parent=18398"}],"curies":[{"name":"wp","href":"https:\/\/api.w.org\/{rel}","templated":true}]}}