{"id":14510,"date":"2024-07-18T12:28:12","date_gmt":"2024-07-18T12:28:12","guid":{"rendered":"https:\/\/cloudmlmsoftware.com\/software-de-venta-directa\/"},"modified":"2024-09-25T13:08:45","modified_gmt":"2024-09-25T13:08:45","slug":"software-de-venta-directa","status":"publish","type":"page","link":"https:\/\/cloudmlmsoftware.com\/es\/software-de-venta-directa\/","title":{"rendered":"Software de venta directa"},"content":{"rendered":"\n<div class=\"bannerBgcolor BannerBg pt-16 relative overflow-hidden\">\n        <div class=\"animation-wrapper\">\n            <div class=\"particle particle-1\"><\/div>\n            <div class=\"particle particle-2\"><\/div>\n            <div class=\"particle particle-3\"><\/div>\n            <div class=\"particle particle-4\"><\/div>\n        <\/div>\n\n        <div class=\"container mx-auto pt-2 md:h-[700px] sm:h-[650px] h-full overflow-hidden relative z-1\">\n            <div class=\"flex flex-wrap items-center\">\n                <div class=\"w-full md:w-10\/12 mx-auto text-left md:text-center pt-10 mb-8\">\n                    <h1 class=\"lg:text-mainTitleFontSize sm:text-3xl text-3xl text-white lg:leading-snug capitalize\">\n                        Software de <span class=\"font-bold animate-charcter-offwhite\">venta directa <\/span> <\/h1>\n                    <p class=\"offWhite pt-3 md:text-lg text-md font-light md:w-11\/12 mx-auto\">En la sociedad moderna, un software bien organizado es crucial para rastrear clientes, auditar ventas, dirigir agentes, procesar compensaciones y gestionar pagos. Cloud MLM presenta un software de venta directa dise\u00f1ado para este fin. Ayuda a realizar un seguimiento eficiente de las ganancias y los ingresos por ventas. Cloud MLM Software Solutions es un importante proveedor de soluciones de software. Nuestra tecnolog\u00eda de punta ayuda a los clientes a mantenerse a la vanguardia en el competitivo negocio de la venta directa. Proporcionamos soluciones de software confiables, de primera categor\u00eda y aceptadas globalmente para nuestros valiosos clientes.      <\/p>\n\n                    <p class=\"offWhite pt-3 md:text-lg text-md font-light md:w-11\/12 mx-auto\">Este tipo de software se utiliza para operar y gestionar negocios de venta directa, que implican comercializar y vender bienes o servicios directamente a los clientes sin intermediarios. En este m\u00e9todo, los representantes de la empresa realizan el marketing puerta a puerta. <\/p>\n                <\/div>\n                <div class=\"w-full p-4 relative z-9\">\n                    <img decoding=\"async\" src=\"\/wp-content\/uploads\/2024\/07\/featurebanner-img.webp\" alt=\"software mlm\" width=\"692\" height=\"516\" class=\"mx-auto\"\/>\n                <\/div>\n            <\/div>\n        <\/div>\n    <\/div>\n    <!-- ************************************************************************************* -->\n    <section class=\"p-sectionpadding\">\n\n        <div class=\"container mx-auto mt-8\">\n            <!-- Left side box -->\n            <div class=\"flex flex-wrap lg:space-x-8\">\n                <div class=\"relative hidden lg:flex lg:flex-1 w-full lg:w-4\/12 primaryColor rounded-2xl p-12 pb-0 mb-2\">\n                    <img decoding=\"async\" src=\"\/wp-content\/uploads\/2024\/07\/customeAdmin-img.webp\" alt=\"Imagen\" class=\"absolute bottom-0 left-0 right-0 mx-auto\"\/>\n                <\/div>\n                <div class=\"w-full lg:w-8\/12 lighter flex-col flex justify-center rounded-2xl overflow-hidden p-6 lg:p-12 mb-2\">\n                    <h2 class=\"md:text-TitlesemiFontSize titleColor text-2xl lg:leading-snug capitalize\">\n                        <span class=\"font-bold animate-charcter\">Caracter\u00edsticas clave<\/span> del software de venta directa de Cloud MLM <\/h2>\n\n                    <p class=\"text-textpara font-light leading-6 py-3\">En los negocios de venta directa, los distribuidores y las herramientas comerciales son las partes principales. Sin estos componentes, las empresas de venta directa no pueden prosperar. Cloud MLM ofrece soluciones de software que brindan algunas herramientas para administrar el programa empresarial.   <\/p>\n\n                    <p class=\"text-textpara font-light leading-6 pb-3\">Las caracter\u00edsticas clave de nuestras soluciones de software incluyen el desarrollo de una fuerte presencia en la industria de CMS de comercio electr\u00f3nico. Contamos con un equipo de desarrolladores Magento certificados con a\u00f1os de experiencia especializados en dise\u00f1o web orientado al comercio electr\u00f3nico. Tambi\u00e9n ofrecemos dise\u00f1os web Magento personalizados.   <\/p>\n                <\/div>\n            <\/div>\n        <\/div>\n    <\/section>\n\n\n    <!-- ************************** -->\n\n    <section class=\"p-sectionpadding\">\n        <div class=\"container mx-auto\">\n            <div class=\"flex flex-wrap items-center\">\n                <div class=\" w-full md:w-7\/12 pb-4\">\n                    <h3 class=\"md:text-TitlesemiFontSize titleColor text-2xl lg:leading-snug capitalize mt-4\"> Las caracter\u00edsticas de las <span class=\"font-bold animate-charcter\"> soluciones de software <\/span> son <\/h3>\n\n                    <ul class=\"flex flex-wrap mt-5 list1\">\n                        <li class=\"text-textpara contentColor font-light leading-6 mb-3\">Nuestro software proporciona planes de venta directa totalmente protegidos y personalizados a nuestros clientes.<\/li>\n                        <li class=\"text-textpara contentColor font-light leading-6 mb-3\">Las soluciones de software proporcionan un sistema de gesti\u00f3n de clientes a nuestros clientes.<\/li>\n                        <li class=\"text-textpara contentColor font-light leading-6 mb-3\">A trav\u00e9s de nuestras representaciones gr\u00e1ficas y pict\u00f3ricas de software de venta directa, puede ver y comprender todas las actividades comerciales importantes.<\/li>\n                        <li class=\"text-textpara contentColor font-light leading-6 mb-3\">Nuestro software simplifica y facilita el negocio de venta directa mediante la gesti\u00f3n de pedidos, el inventario y el env\u00edo.<\/li>\n                        <li class=\"text-textpara contentColor font-light leading-6 mb-3\">El software de ayuda a gestionar varios sistemas de comisiones de manera eficiente.<\/li>\n                        <li class=\"text-textpara contentColor font-light leading-6 mb-3\">Nuestro software admite m\u00faltiples monedas y m\u00faltiples idiomas.<\/li>\n                        <li class=\"text-textpara contentColor font-light leading-6 mb-3\">El software de es un sistema de atenci\u00f3n al cliente.<\/li>\n                        <li class=\"text-textpara contentColor font-light leading-6 mb-3\">Ayuda a gestionar su equipo y sus redes individuales. <\/li>\n                        <li class=\"text-textpara contentColor font-light leading-6 mb-3\">Nuestro software ayuda a personalizar todos y cada uno de los perfiles de usuario. <\/li>\n                        <li class=\"text-textpara contentColor font-light leading-6 mb-3\">Nuestro software admite integraci\u00f3n de SMS, integraci\u00f3n de sitios web, integraci\u00f3n de redes sociales e integraci\u00f3n m\u00f3vil. <\/li>\n                        <li class=\"text-textpara contentColor font-light leading-6 mb-3\">Proporcionamos generaci\u00f3n de leads. <\/li>\n                    <\/ul>\n                <\/div>\n\n                <div class=\"w-full md:w-5\/12 pl-0 md:pl-16 mt-4\">\n                    <img decoding=\"async\" src=\"\/wp-content\/uploads\/2024\/07\/help-img.webp\" alt=\"Imagen\" class=\"w-full\"\/>\n                <\/div>\n\n            <\/div>\n        <\/div>\n    <\/section>\n    <!-- ************************** -->\n\n\n    <section class=\"p-sectionpadding\">\n        <div class=\"container mx-auto\">\n            <div class=\"w-full darkblue py-10 lg:py-16 px-6 lg:px-10 rounded-2xl\">\n                <div class=\"relative z-10\">\n                    <div class=\"flex flex-wrap items-center\">\n\n                        <div class=\"w-1\/4 hidden lg:flex\">\n                            <img decoding=\"async\" src=\"\/wp-content\/uploads\/2024\/07\/help-img.webp\" alt=\"Imagen\" class=\"w-full\"\/>\n                        <\/div>\n\n                        <div class=\"w-full lg:w-3\/4 pl-0 lg:pl-6\">\n                            <h3 class=\"text-white text-3xl lg:leading-snug capitalize mb-5 w-full\">\n                                <span class=\"font-bold animate-charcter-offwhite\">Planes de compensaci\u00f3n integrales<\/span> con software de venta directa MLM en la nube <\/h3>\n\n                            <p class=\"text-white mb-6 w-full font-light\">El software admite varios planes de compensaci\u00f3n, lo que garantiza que pueda elegir el que mejor se adapte a su modelo de negocio. Estos son los diversos planes de compensaci\u00f3n disponibles con nuestro software: <\/p>\n\n                            <div class=\"flex flex-wrap mt-10 w-full\">\n                                <div class=\"w-full md:w-1\/2 font-light\">\n                                    <ul class=\"flex flex-wrap list1 \">\n                                        <li class=\"text-textpara offWhite font-light leading-6 mb-3\">Plan de compensaci\u00f3n binaria<\/li>\n                                        <li class=\"text-textpara offWhite font-light leading-6 mb-3\">Plan de compensaci\u00f3n uninivel<\/li>\n                                        <li class=\"text-textpara offWhite font-light leading-6 mb-3\">Plan de compensaci\u00f3n monol\u00ednea<\/li>\n                                        <li class=\"text-textpara offWhite font-light leading-6 mb-3\">Plan de compensaci\u00f3n de regalos<\/li>\n                                        <li class=\"text-textpara offWhite font-light leading-6 mb-3\">Plan de compensaci\u00f3n de escalones<\/li>\n                                        <li class=\"text-textpara offWhite font-light leading-6 mb-3\">Plan de compensaci\u00f3n de h\u00edbridos<\/li>\n                                    <\/ul>\n                                <\/div>\n                                <div class=\"w-full md:w-1\/2 font-light\">\n                                    <ul class=\"flex flex-wrap list1\">\n                                        <li class=\"text-textpara offWhite font-light leading-6 mb-3\">Plan de compensaci\u00f3n matricial<\/li>\n                                        <li class=\"text-textpara offWhite font-light leading-6 mb-3\">Plan de compensaci\u00f3n de inversiones<\/li>\n                                        <li class=\"text-textpara offWhite font-light leading-6 mb-3\">Plan de compensaci\u00f3n generacional<\/li>\n                                        <li class=\"text-textpara offWhite font-light leading-6 mb-3\">Plan de compensaci\u00f3n del partido<\/li>\n                                        <li class=\"text-textpara offWhite font-light leading-6 mb-3\">Plan de compensaci\u00f3n de generaci\u00f3n<\/li>\n                                        <li class=\"text-textpara offWhite font-light leading-6 mb-3\">Plan de compensaci\u00f3n separado<\/li>\n                                    <\/ul>\n                                <\/div>\n                            <\/div>\n                        <\/div>\n                        \n                    <\/div>\n                <\/div>\n            <\/div>\n        <\/div>\n\n    <\/section>\n    <!-- ************************************************************************************* -->\n\n    <section class=\"p-sectionpadding\">\n        <div class=\"container mx-auto\">\n            <div class=\"w-full darkblue py-10 lg:py-16 px-6 lg:px-10 rounded-2xl\">\n                <div class=\"relative z-10\">\n                    <div class=\"flex flex-wrap items-center\">\n\n                        <div class=\"w-full lg:w-3\/4 pr-0 lg:pr-6\">\n                            <h3 class=\"text-white text-3xl lg:leading-snug capitalize mb-5 w-full\">\n                                <span class=\"font-bold animate-charcter-offwhite\">Agregue funciones del <\/span> software de venta directa <\/h3>\n\n                            <p class=\"text-white mb-6 w-full font-light\">El software MLM multifuncional, flexible, confiable y personalizable de ayuda a nuestros clientes a administrar y controlar su negocio de venta directa de manera efectiva y eficiente. Adem\u00e1s de las funciones clave, nuestro software tiene algunas funciones complementarias. Ellos son:  <\/p>\n\n                            <div class=\"flex flex-wrap mt-10 w-full\">\n                                <div class=\"w-full md:w-1\/2 font-light\">\n                                    <ul class=\"flex flex-wrap list1 \">\n                                        <li class=\"text-textpara offWhite font-light leading-6 mb-3\">Integraci\u00f3n de comercio electr\u00f3nico<\/li>\n                                        <li class=\"text-textpara offWhite font-light leading-6 mb-3\">Integraci\u00f3n de bitcoins<\/li>\n                                        <li class=\"text-textpara offWhite font-light leading-6 mb-3\">Sistema de p\u00e1ginas de captura de leads<\/li>\n                                        <li class=\"text-textpara offWhite font-light leading-6 mb-3\">Integraci\u00f3n de SMS<\/li>\n                                        <li class=\"text-textpara offWhite font-light leading-6 mb-3\">Integraci\u00f3n de CRM<\/li>\n                                    <\/ul>\n                                <\/div>\n                                <div class=\"w-full md:w-1\/2 font-light\">\n                                    <ul class=\"flex flex-wrap list1\">\n                                        <li class=\"text-textpara offWhite font-light leading-6 mb-3\">Promoci\u00f3n de criptomonedas<\/li>\n                                        <li class=\"text-textpara offWhite font-light leading-6 mb-3\">Sitio web replicado<\/li>\n                                        <li class=\"text-textpara offWhite font-light leading-6 mb-3\">Integraci\u00f3n de pasarelas de pago<\/li>\n                                        <li class=\"text-textpara offWhite font-light leading-6 mb-3\">Aplicaci\u00f3n m\u00f3vil<\/li>\n\n                                    <\/ul>\n                                <\/div>\n                            <\/div>\n                        <\/div>\n                        \n                        <div class=\"hidden lg:flex w-1\/4\">\n                            <img decoding=\"async\" src=\"\/wp-content\/uploads\/2024\/07\/help-img.webp\" alt=\"Imagen\" class=\"w-full\"\/>\n                        <\/div>\n                    <\/div>\n                <\/div>\n            <\/div>\n        <\/div>\n    <\/section>\n    <!-- ************************************************************************************* -->\n    <section class=\"p-sectionpadding\">\n        <div class=\"container mx-auto\">\n\n            <!-- Left side box -->\n            <div class=\"flex flex-wrap items-center\">\n\n\n                <div class=\"w-full md:w-5\/12 pr-0 md:pr-16 mt-4\">\n                    <img decoding=\"async\" src=\"\/wp-content\/uploads\/2024\/07\/help-img.webp\" alt=\"Imagen\" class=\"w-full\"\/>\n                <\/div>\n\n\n                <div class=\" w-full md:w-7\/12 pb-4\">\n                    <h3 class=\"md:text-TitlesemiFontSize titleColor text-2xl lg:leading-snug capitalize mt-4\"> \u00bfPor qu\u00e9 el <span class=\"font-bold animate-charcter\">software de venta directa<\/span> de Cloud MLM? \n                    <\/h3>\n\n                    <ul class=\"flex flex-wrap mt-5 list1\">\n                        <li class=\"text-textpara contentColor font-light leading-6 mb-3\">Nuestro software es una herramienta para mantener el excelente desempe\u00f1o de su negocio.<\/li>\n                        <li class=\"text-textpara contentColor font-light leading-6 mb-3\">Nuestro software ofrece operaciones comerciales eficientes entre clientes, administradores de empresas y representantes.<\/li>\n                        <li class=\"text-textpara contentColor font-light leading-6 mb-3\">Es una soluci\u00f3n rentable y rentable para nuestros clientes.<\/li>\n                        <li class=\"text-textpara contentColor font-light leading-6 mb-3\">Aseguramos el buen funcionamiento y una buena integraci\u00f3n de los sistemas de la empresa.<\/li>\n                        <li class=\"text-textpara contentColor font-light leading-6 mb-3\">Nuestro software facilita una mayor productividad para los clientes.<\/li>\n                        <li class=\"text-textpara contentColor font-light leading-6 mb-3\">Garantiza la motivaci\u00f3n al personal de ventas.<\/li>\n                        \n                    <\/ul>\n                    <p class=\"text-textpara font-light leading-6 pt-3\">El software de venta directa es una herramienta que simplifica las operaciones comerciales. El \u00e9xito de una empresa depende de la elecci\u00f3n del software basado en web adecuado. Antes de elegir el software, debe conocer los planes de compensaci\u00f3n que admite, los complementos y todo lo relacionado con el software. <a href=\"https:\/\/cloudmlmsoftware.com\/contact\" target=\"_blank\" rel=\"noopener\"><span style=\"color:#3498db;\">Cloud MLM<\/span><\/a> ofrece el mejor software de venta directa para nuestros clientes.  <\/p>\n                <\/div>\n\n              \n            <\/div>\n        <\/div>\n    <\/section>\n","protected":false},"excerpt":{"rendered":"<p>Software de venta directa En la sociedad moderna, un software bien organizado es crucial para rastrear clientes, auditar ventas, dirigir agentes, procesar compensaciones y gestionar pagos. Cloud MLM presenta un software de venta directa dise\u00f1ado para este fin. Ayuda a realizar un seguimiento eficiente de las ganancias y los ingresos por ventas. Cloud MLM Software [&hellip;]<\/p>\n","protected":false},"author":1,"featured_media":0,"parent":0,"menu_order":0,"comment_status":"closed","ping_status":"closed","template":"directsellingsoftware-page.php","meta":{"_acf_changed":false,"footnotes":""},"class_list":["post-14510","page","type-page","status-publish","hentry"],"acf":[],"yoast_head":"<!-- This site is optimized with the Yoast SEO Premium plugin v23.6 (Yoast SEO v25.9) - https:\/\/yoast.com\/wordpress\/plugins\/seo\/ -->\n<title>Software de venta directa: su clave para aumentar las ventas en su negocio<\/title>\n<meta name=\"description\" content=\"El mejor software de venta directa para optimizar los procesos de venta, gestionar equipos y mejorar la interacci\u00f3n con los clientes de su empresa. Pruebe la versi\u00f3n de prueba gratuita ahora\" \/>\n<meta name=\"robots\" content=\"index, follow, max-snippet:-1, max-image-preview:large, max-video-preview:-1\" \/>\n<link rel=\"canonical\" href=\"https:\/\/cloudmlmsoftware.com\/es\/software-de-venta-directa\/\" \/>\n<meta property=\"og:locale\" content=\"es_ES\" \/>\n<meta property=\"og:type\" content=\"article\" \/>\n<meta property=\"og:title\" content=\"Software de venta directa\" \/>\n<meta property=\"og:description\" content=\"El mejor software de venta directa para optimizar los procesos de venta, gestionar equipos y mejorar la interacci\u00f3n con los clientes de su empresa. Pruebe la versi\u00f3n de prueba gratuita ahora\" \/>\n<meta property=\"og:url\" content=\"https:\/\/cloudmlmsoftware.com\/es\/software-de-venta-directa\/\" \/>\n<meta property=\"og:site_name\" content=\"Cloud MLM Software\" \/>\n<meta property=\"article:modified_time\" content=\"2024-09-25T13:08:45+00:00\" \/>\n<meta name=\"twitter:card\" content=\"summary_large_image\" \/>\n<meta name=\"twitter:label1\" content=\"Tiempo de lectura\" \/>\n\t<meta name=\"twitter:data1\" content=\"5 minutos\" \/>\n<!-- \/ Yoast SEO Premium plugin. -->","yoast_head_json":{"title":"Software de venta directa: su clave para aumentar las ventas en su negocio","description":"El mejor software de venta directa para optimizar los procesos de venta, gestionar equipos y mejorar la interacci\u00f3n con los clientes de su empresa. Pruebe la versi\u00f3n de prueba gratuita ahora","robots":{"index":"index","follow":"follow","max-snippet":"max-snippet:-1","max-image-preview":"max-image-preview:large","max-video-preview":"max-video-preview:-1"},"canonical":"https:\/\/cloudmlmsoftware.com\/es\/software-de-venta-directa\/","og_locale":"es_ES","og_type":"article","og_title":"Software de venta directa","og_description":"El mejor software de venta directa para optimizar los procesos de venta, gestionar equipos y mejorar la interacci\u00f3n con los clientes de su empresa. Pruebe la versi\u00f3n de prueba gratuita ahora","og_url":"https:\/\/cloudmlmsoftware.com\/es\/software-de-venta-directa\/","og_site_name":"Cloud MLM Software","article_modified_time":"2024-09-25T13:08:45+00:00","twitter_card":"summary_large_image","twitter_misc":{"Tiempo de lectura":"5 minutos"},"schema":{"@context":"https:\/\/schema.org","@graph":[{"@type":"WebPage","@id":"https:\/\/cloudmlmsoftware.com\/es\/software-de-venta-directa\/","url":"https:\/\/cloudmlmsoftware.com\/es\/software-de-venta-directa\/","name":"Software de venta directa: su clave para aumentar las ventas en su negocio","isPartOf":{"@id":"https:\/\/cloudmlmsoftware.com\/es\/#website"},"datePublished":"2024-07-18T12:28:12+00:00","dateModified":"2024-09-25T13:08:45+00:00","description":"El mejor software de venta directa para optimizar los procesos de venta, gestionar equipos y mejorar la interacci\u00f3n con los clientes de su empresa. Pruebe la versi\u00f3n de prueba gratuita ahora","breadcrumb":{"@id":"https:\/\/cloudmlmsoftware.com\/es\/software-de-venta-directa\/#breadcrumb"},"inLanguage":"es","potentialAction":[{"@type":"ReadAction","target":["https:\/\/cloudmlmsoftware.com\/es\/software-de-venta-directa\/"]}]},{"@type":"BreadcrumbList","@id":"https:\/\/cloudmlmsoftware.com\/es\/software-de-venta-directa\/#breadcrumb","itemListElement":[{"@type":"ListItem","position":1,"name":"Home","item":"https:\/\/cloudmlmsoftware.com\/es\/"},{"@type":"ListItem","position":2,"name":"Software de venta directa"}]},{"@type":"WebSite","@id":"https:\/\/cloudmlmsoftware.com\/es\/#website","url":"https:\/\/cloudmlmsoftware.com\/es\/","name":"Cloud MLM Software","description":"","publisher":{"@id":"https:\/\/cloudmlmsoftware.com\/es\/#organization"},"potentialAction":[{"@type":"SearchAction","target":{"@type":"EntryPoint","urlTemplate":"https:\/\/cloudmlmsoftware.com\/es\/?s={search_term_string}"},"query-input":{"@type":"PropertyValueSpecification","valueRequired":true,"valueName":"search_term_string"}}],"inLanguage":"es"},{"@type":"Organization","@id":"https:\/\/cloudmlmsoftware.com\/es\/#organization","name":"Cloud MLM Software","url":"https:\/\/cloudmlmsoftware.com\/es\/","logo":{"@type":"ImageObject","inLanguage":"es","@id":"https:\/\/cloudmlmsoftware.com\/es\/#\/schema\/logo\/image\/","url":"https:\/\/cloudmlmsoftware.com\/wp-content\/uploads\/2024\/09\/cloudmlm-logo.webp","contentUrl":"https:\/\/cloudmlmsoftware.com\/wp-content\/uploads\/2024\/09\/cloudmlm-logo.webp","width":200,"height":40,"caption":"Cloud MLM Software"},"image":{"@id":"https:\/\/cloudmlmsoftware.com\/es\/#\/schema\/logo\/image\/"}}]}},"_links":{"self":[{"href":"https:\/\/cloudmlmsoftware.com\/es\/wp-json\/wp\/v2\/pages\/14510","targetHints":{"allow":["GET"]}}],"collection":[{"href":"https:\/\/cloudmlmsoftware.com\/es\/wp-json\/wp\/v2\/pages"}],"about":[{"href":"https:\/\/cloudmlmsoftware.com\/es\/wp-json\/wp\/v2\/types\/page"}],"author":[{"embeddable":true,"href":"https:\/\/cloudmlmsoftware.com\/es\/wp-json\/wp\/v2\/users\/1"}],"replies":[{"embeddable":true,"href":"https:\/\/cloudmlmsoftware.com\/es\/wp-json\/wp\/v2\/comments?post=14510"}],"version-history":[{"count":0,"href":"https:\/\/cloudmlmsoftware.com\/es\/wp-json\/wp\/v2\/pages\/14510\/revisions"}],"wp:attachment":[{"href":"https:\/\/cloudmlmsoftware.com\/es\/wp-json\/wp\/v2\/media?parent=14510"}],"curies":[{"name":"wp","href":"https:\/\/api.w.org\/{rel}","templated":true}]}}