{"id":14480,"date":"2024-05-22T13:33:38","date_gmt":"2024-05-22T13:33:38","guid":{"rendered":"https:\/\/cloudmlmsoftware.com\/administrador-de-copias-de-seguridad\/"},"modified":"2024-11-08T04:37:12","modified_gmt":"2024-11-08T04:37:12","slug":"administrador-de-copias-de-seguridad","status":"publish","type":"page","link":"https:\/\/cloudmlmsoftware.com\/es\/administrador-de-copias-de-seguridad\/","title":{"rendered":"administrador de copias de seguridad"},"content":{"rendered":"\n<div class=\"bannerBgcolor BannerBg pt-16 pb-20 relative overflow-hidden\">\n        <div class=\"animation-wrapper\">\n            <div class=\"particle particle-1\"><\/div>\n            <div class=\"particle particle-2\"><\/div>\n            <div class=\"particle particle-3\"><\/div>\n            <div class=\"particle particle-4\"><\/div>\n        <\/div>\n\n        <div class=\"container mx-auto xl:h-[504px] lg:h-[450px] h-auto relative z-1\">\n            <div class=\"flex flex-wrap items-center\">\n                <div class=\"md:basis-5\/12 sm:basis-12\/12 pr-4 pr-0 py-14\">\n                    <img decoding=\"async\" src=\"\/wp-content\/uploads\/2024\/08\/Modulesbanner.webp\" width=\"467\" height=\"411\" alt=\"El mejor software de mlm en EE. UU.\" class=\"pulseBannerImg\"\/>\n                <\/div>\n                <div class=\"md:basis-7\/12 sm:basis-12\/12\">\n                    <h1 class=\"lg:text-mainTitleFontSize sm:text-3xl text-3xl text-white lg:leading-snug \">\n                        <span class=\"font-bold animate-charcter-offwhite\">Administrador de copia de seguridad<\/span> <\/h1>\n\n                    <p class=\"offlightWhite pt-3 text-md\">Sabemos que hoy nuestro mundo est\u00e1 completamente digitalizado, por lo que todas nuestras actividades diarias se realizan online. En consecuencia, todo lo que hacemos en l\u00ednea se almacena como datos. Para almacenar estos datos, necesitamos un administrador de copias de seguridad s\u00f3lido.   <\/p>\n\n                <\/div>\n\n            <\/div>\n        <\/div>\n    <\/div>\n    <!-- ************************************************************************************* -->\n\n    <section class=\"p-sectionpadding\">\n        <div class=\"container mx-auto pt-20\">\n           <div class=\"flex flex-wrap items-start md:items-center flex-col-reverse md:flex-row\">\n                <div class=\"flex-1 w-full md:w-8\/12 pr-0 lg:pr-7 pr-0 mt-3\">\n                    <div class=\"relative\">\n\n                        <h2 class=\"lg:text-TitlesemiFontSize text-2xl titleColor lg:leading-snug capitalize\"> \u00bfQu\u00e9 es un sistema de gesti\u00f3n <span class=\"font-bold\">de copias de seguridad?<\/span> <\/h2>\n\n                        <p class=\"pt-6 font-light leading-6 text-textpara contentColor\">Un administrador de copias de seguridad debe ser capaz de guardar datos en modo codificado y brindar seguridad a los datos del usuario. Los datos importantes requieren m\u00e1s seguridad que los datos ordinarios. Esto significa que el plan de respaldo deber\u00eda ayudarlo a manejar todo tipo de emergencias y permitirle decodificar datos importantes sin interferencias.   <\/p>\n\n                    <\/div>\n                <\/div>\n                <div class=\"hidden lg:flex items-end justify-right w-[360px] primaryColor rounded-2xl pt-20 pl-10 ml-0 md:ml-10 mb-2 pb-0 overflow-hidden mt-3\">\n                <img decoding=\"async\" src=\"\/wp-content\/uploads\/2024\/08\/backumdulIntro.svg\" alt=\"Imagen\" class=\"relative right-[-10px] w-full\"\/>\n            <\/div>\n            <\/div>\n        <\/div>\n    <\/section>\n\n    <!-- ================================================================================================ -->\n    <section class=\"p-sectionpadding\">\n        <div class=\"container mx-auto \">\n            <div class=\"relative darkblue rounded-2xl p-7 md:p-12 py-8 md:py-16 overflow-hidden\">\n                <div class=\"flex flex-wrap items-center\">\n\n                    <div class=\"relative w-full lg:w-5\/12 pr-0 lg:pr-12\">\n                        <img decoding=\"async\" src=\"\/wp-content\/uploads\/2024\/08\/moduleBackup2.webp\" alt=\"Imagen\" class=\"mb-4 lg:mb-0 w-full\"\/>\n                    <\/div>\n\n                    <div class=\"lg:flex-shrink-0 w-full lg:w-7\/12 \">\n                        <h3 class=\"lg:text-TitlesemiFontSize text-2xl text-white lg:leading-snug capitalize\">\n                             <span class=\"font-bold\">Caracter\u00edsticas<\/span> de un sistema <span class=\"font-bold\"> de gesti\u00f3n de copias de seguridad<\/span> <\/h3>\n                        <ul class=\"flex flex-wrap space-x-2 mt-4 ml-[-12px] list1\">\n                            <li class=\"text-textpara text-white font-light leading-6 mb-3 ml-2\">Una de las mejores caracter\u00edsticas de un administrador de copias de seguridad es que almacena datos en ubicaciones remotas. <\/li>\n                            <li class=\"text-textpara text-white font-light leading-6 mb-3 ml-2\">Esto ayuda a prevenir la p\u00e9rdida de datos por incidentes como virus inform\u00e1ticos, incendios, inundaciones, rayos, borrados accidentales y fallas del disco duro, entre otros. <\/li>\n<li class=\"text-textpara text-white font-light leading-6 mb-3 ml-2\">Si editas o eliminas alg\u00fan dato, no importa; el administrador de copias de seguridad siempre almacena la \u00faltima copia de sus datos. <\/li>\n\n                        <\/ul>\n                    <\/div>\n                <\/div>\n            <\/div>\n        <\/div>\n    <\/section>\n\n\n    <!-- ************************************************************************************* -->\n    <section class=\"p-sectionpadding\">\n        <div class=\"container mx-auto\">\n            <div class=\"flex flex-wrap flex-col-reverse md:flex-row\">\n\n                <div class=\"flex-1 flex flex-col items-center justify-end w-full md:w-6\/12 lighter rounded-2xl p-7 md:p-20 pb-0 md:pb-0 mr-0 md:mr-10 mb-2 pb-0 overflow-hidden mt-3\">\n                    <h4 class=\"text-xl md:text-2xl titleColor font-semibold lg:leading-snug capitalize mb-7\"> El primer prop\u00f3sito es recuperar los datos despu\u00e9s de su p\u00e9rdida, ya sea mediante eliminaci\u00f3n o corrupci\u00f3n de datos. <\/h4>\n                    <img decoding=\"async\" src=\"\/wp-content\/uploads\/2024\/08\/moduleBackup3.webp\" alt=\"Imagen\" class=\"w-full rounded-t-xl\"\/>\n                <\/div>\n\n                <div class=\"flex-1 flex flex-col items-center justify-end w-full md:w-6\/12 primaryColor rounded-2xl p-7 pb-0 md:pb-0 md:p-20 ml-0 md:ml-10 mb-2 pb-0 overflow-hidden mt-3\">\n                    <h4 class=\"text-xl md:text-2xl text-white font-semibold lg:leading-snug capitalize mb-7\"> Y el segundo prop\u00f3sito es recuperar los datos de sus primeras etapas para compararlos con los \u00faltimos resultados de datos guardados. <\/h4>\n                    <img decoding=\"async\" src=\"\/wp-content\/uploads\/2024\/08\/moduleBackup4.webp\" alt=\"Imagen\" class=\"w-full rounded-t-xl\"\/>\n                <\/div>\n\n            <\/div>\n        <\/div>\n    <\/section>\n    <!-- ************************************************************************************* -->\n\n    <section class=\"p-sectionpadding\">\n        <div class=\"container mx-auto\">\n            <div class=\"flex flex-wrap flex-col-reverse lg:flex-row\">\n                <div class=\"flex-1 w-full lg:w-7\/12 pr-0 lg:pr-7 pr-0 mt-3\">\n                    <div class=\"relative\">\n\n                        <h4 class=\"lg:text-TitlesemiFontSize text-2xl titleColor lg:leading-snug capitalize\">\n                             <span class=\"font-bold\">Funcionamiento <\/span> del sistema de gesti\u00f3n <span class=\"font-bold\">de copias de seguridad de<\/span> Cloud MLM <\/h4>\n\n                        <p class=\"pt-6 font-light leading-6 text-textpara contentColor\"> El software proporciona el mejor sistema de gesti\u00f3n de copias de seguridad para nuestros clientes. Nuestro sistema de respaldo almacena datos en el servidor y estos datos se conservan durante un per\u00edodo espec\u00edfico antes de ser eliminados seg\u00fan los requisitos del cliente.  <\/p>\n\n\n                        <p class=\"pt-6 font-light leading-6 text-textpara contentColor\">El sistema de copia de seguridad de contiene al menos una copia de todos los datos que vale la pena guardar. Nuestro administrador de copias de seguridad realiza una copia de seguridad de los datos cada hora del d\u00eda y los almacena de forma segura. Por lo tanto, nuestros clientes pueden acceder y decodificar f\u00e1cilmente los datos horarios y los datos altamente confidenciales de nuestro sistema.   <\/p>\n\n\n                    <\/div>\n                <\/div>\n\n\n                <div class=\"w-full lg:w-5\/12 mt-10\">\n                    <div class=\"backUpafter1 relative rounded-xl py-2 mb-2\">\n                        <div class=\"flex items-center\">\n                            <div class=\"w-[30px] h-[30px] mr-[20px] rounded-lg primaryColor flex items-center justify-center font-semibold text-white\">  1  <\/div>\n                            <p class=\"text-textpara font-semibold relative lighter rounded-xl py-4 px-6 w-[calc(100%-50px)]\"> Cron establecido en el per\u00edodo de tiempo de preferencia.<\/p>\n                        <\/div>\n                    <\/div>\n                    <div class=\"backUpafter1 relative rounded-xl py-2 mb-2\">\n                        <div class=\"flex items-center\">\n                            <div class=\"w-[30px] h-[30px] mr-[20px] rounded-lg primaryColor flex items-center justify-center font-semibold text-white\">  2  <\/div>\n                            <p class=\"text-textpara font-semibold relative lighter rounded-xl py-4 px-6 w-[calc(100%-50px)]\"> Cifrar archivos de los que se va a realizar una copia de seguridad.<\/p>\n                        <\/div>\n                    <\/div>\n\n                    <div class=\"backUpafter1 relative rounded-xl py-2 mb-2\">\n                        <div class=\"flex items-center\">\n                            <div class=\"w-[30px] h-[30px] mr-[20px] rounded-lg primaryColor flex items-center justify-center font-semibold text-white\">  3  <\/div>\n                            <p class=\"text-textpara font-semibold relative lighter rounded-xl py-4 px-6 w-[calc(100%-50px)]\"> Cifrar archivos y bases de datos con nuestros m\u00e9todos altamente seguros.<\/p>\n                        <\/div>\n                    <\/div>\n\n\n                <\/div>\n            <\/div>\n        <\/div>\n    <\/section>\n","protected":false},"excerpt":{"rendered":"<p>Administrador de copia de seguridad Sabemos que hoy nuestro mundo est\u00e1 completamente digitalizado, por lo que todas nuestras actividades diarias se realizan online. En consecuencia, todo lo que hacemos en l\u00ednea se almacena como datos. Para almacenar estos datos, necesitamos un administrador de copias de seguridad s\u00f3lido. \u00bfQu\u00e9 es un sistema de gesti\u00f3n de copias [&hellip;]<\/p>\n","protected":false},"author":1,"featured_media":0,"parent":0,"menu_order":0,"comment_status":"closed","ping_status":"closed","template":"modulebackupmanager-page.php","meta":{"_acf_changed":false,"footnotes":""},"class_list":["post-14480","page","type-page","status-publish","hentry"],"acf":[],"yoast_head":"<!-- This site is optimized with the Yoast SEO Premium plugin v23.6 (Yoast SEO v25.9) - https:\/\/yoast.com\/wordpress\/plugins\/seo\/ -->\n<title>Gestor de Copias de Seguridad Eficaz | Asegura tus Datos con Facilidad<\/title>\n<meta name=\"description\" content=\"Protege tus datos con nuestro fiable Gestor de Copias de Seguridad. Soluciones f\u00e1ciles de usar y eficaces para mantener tu informaci\u00f3n segura y accesible.\" \/>\n<meta name=\"robots\" content=\"index, follow, max-snippet:-1, max-image-preview:large, max-video-preview:-1\" \/>\n<link rel=\"canonical\" href=\"https:\/\/cloudmlmsoftware.com\/es\/administrador-de-copias-de-seguridad\/\" \/>\n<meta property=\"og:locale\" content=\"es_ES\" \/>\n<meta property=\"og:type\" content=\"article\" \/>\n<meta property=\"og:title\" content=\"administrador de copias de seguridad\" \/>\n<meta property=\"og:description\" content=\"Protege tus datos con nuestro fiable Gestor de Copias de Seguridad. Soluciones f\u00e1ciles de usar y eficaces para mantener tu informaci\u00f3n segura y accesible.\" \/>\n<meta property=\"og:url\" content=\"https:\/\/cloudmlmsoftware.com\/es\/administrador-de-copias-de-seguridad\/\" \/>\n<meta property=\"og:site_name\" content=\"Cloud MLM Software\" \/>\n<meta property=\"article:modified_time\" content=\"2024-11-08T04:37:12+00:00\" \/>\n<meta name=\"twitter:card\" content=\"summary_large_image\" \/>\n<meta name=\"twitter:label1\" content=\"Tiempo de lectura\" \/>\n\t<meta name=\"twitter:data1\" content=\"2 minutos\" \/>\n<!-- \/ Yoast SEO Premium plugin. -->","yoast_head_json":{"title":"Gestor de Copias de Seguridad Eficaz | Asegura tus Datos con Facilidad","description":"Protege tus datos con nuestro fiable Gestor de Copias de Seguridad. Soluciones f\u00e1ciles de usar y eficaces para mantener tu informaci\u00f3n segura y accesible.","robots":{"index":"index","follow":"follow","max-snippet":"max-snippet:-1","max-image-preview":"max-image-preview:large","max-video-preview":"max-video-preview:-1"},"canonical":"https:\/\/cloudmlmsoftware.com\/es\/administrador-de-copias-de-seguridad\/","og_locale":"es_ES","og_type":"article","og_title":"administrador de copias de seguridad","og_description":"Protege tus datos con nuestro fiable Gestor de Copias de Seguridad. Soluciones f\u00e1ciles de usar y eficaces para mantener tu informaci\u00f3n segura y accesible.","og_url":"https:\/\/cloudmlmsoftware.com\/es\/administrador-de-copias-de-seguridad\/","og_site_name":"Cloud MLM Software","article_modified_time":"2024-11-08T04:37:12+00:00","twitter_card":"summary_large_image","twitter_misc":{"Tiempo de lectura":"2 minutos"},"schema":{"@context":"https:\/\/schema.org","@graph":[{"@type":"WebPage","@id":"https:\/\/cloudmlmsoftware.com\/es\/administrador-de-copias-de-seguridad\/","url":"https:\/\/cloudmlmsoftware.com\/es\/administrador-de-copias-de-seguridad\/","name":"Gestor de Copias de Seguridad Eficaz | Asegura tus Datos con Facilidad","isPartOf":{"@id":"https:\/\/cloudmlmsoftware.com\/es\/#website"},"datePublished":"2024-05-22T13:33:38+00:00","dateModified":"2024-11-08T04:37:12+00:00","description":"Protege tus datos con nuestro fiable Gestor de Copias de Seguridad. Soluciones f\u00e1ciles de usar y eficaces para mantener tu informaci\u00f3n segura y accesible.","breadcrumb":{"@id":"https:\/\/cloudmlmsoftware.com\/es\/administrador-de-copias-de-seguridad\/#breadcrumb"},"inLanguage":"es","potentialAction":[{"@type":"ReadAction","target":["https:\/\/cloudmlmsoftware.com\/es\/administrador-de-copias-de-seguridad\/"]}]},{"@type":"BreadcrumbList","@id":"https:\/\/cloudmlmsoftware.com\/es\/administrador-de-copias-de-seguridad\/#breadcrumb","itemListElement":[{"@type":"ListItem","position":1,"name":"Home","item":"https:\/\/cloudmlmsoftware.com\/es\/"},{"@type":"ListItem","position":2,"name":"administrador de copias de seguridad"}]},{"@type":"WebSite","@id":"https:\/\/cloudmlmsoftware.com\/es\/#website","url":"https:\/\/cloudmlmsoftware.com\/es\/","name":"Cloud MLM Software","description":"","publisher":{"@id":"https:\/\/cloudmlmsoftware.com\/es\/#organization"},"potentialAction":[{"@type":"SearchAction","target":{"@type":"EntryPoint","urlTemplate":"https:\/\/cloudmlmsoftware.com\/es\/?s={search_term_string}"},"query-input":{"@type":"PropertyValueSpecification","valueRequired":true,"valueName":"search_term_string"}}],"inLanguage":"es"},{"@type":"Organization","@id":"https:\/\/cloudmlmsoftware.com\/es\/#organization","name":"Cloud MLM Software","url":"https:\/\/cloudmlmsoftware.com\/es\/","logo":{"@type":"ImageObject","inLanguage":"es","@id":"https:\/\/cloudmlmsoftware.com\/es\/#\/schema\/logo\/image\/","url":"https:\/\/cloudmlmsoftware.com\/wp-content\/uploads\/2024\/09\/cloudmlm-logo.webp","contentUrl":"https:\/\/cloudmlmsoftware.com\/wp-content\/uploads\/2024\/09\/cloudmlm-logo.webp","width":200,"height":40,"caption":"Cloud MLM Software"},"image":{"@id":"https:\/\/cloudmlmsoftware.com\/es\/#\/schema\/logo\/image\/"}}]}},"_links":{"self":[{"href":"https:\/\/cloudmlmsoftware.com\/es\/wp-json\/wp\/v2\/pages\/14480","targetHints":{"allow":["GET"]}}],"collection":[{"href":"https:\/\/cloudmlmsoftware.com\/es\/wp-json\/wp\/v2\/pages"}],"about":[{"href":"https:\/\/cloudmlmsoftware.com\/es\/wp-json\/wp\/v2\/types\/page"}],"author":[{"embeddable":true,"href":"https:\/\/cloudmlmsoftware.com\/es\/wp-json\/wp\/v2\/users\/1"}],"replies":[{"embeddable":true,"href":"https:\/\/cloudmlmsoftware.com\/es\/wp-json\/wp\/v2\/comments?post=14480"}],"version-history":[{"count":0,"href":"https:\/\/cloudmlmsoftware.com\/es\/wp-json\/wp\/v2\/pages\/14480\/revisions"}],"wp:attachment":[{"href":"https:\/\/cloudmlmsoftware.com\/es\/wp-json\/wp\/v2\/media?parent=14480"}],"curies":[{"name":"wp","href":"https:\/\/api.w.org\/{rel}","templated":true}]}}