{"id":14449,"date":"2024-06-26T12:38:08","date_gmt":"2024-06-26T12:38:08","guid":{"rendered":"https:\/\/cloudmlmsoftware.com\/politica-de-reembolso\/"},"modified":"2024-09-30T05:14:54","modified_gmt":"2024-09-30T05:14:54","slug":"reembolsos-y-cancelaciones","status":"publish","type":"page","link":"https:\/\/cloudmlmsoftware.com\/es\/reembolsos-y-cancelaciones\/","title":{"rendered":"Pol\u00edtica de reembolso"},"content":{"rendered":"\n<h2 class=\"lg:text-2xl leading-snug text-2xl capitalize titleColor\">Nos esforzamos por brindar a nuestros clientes el software de la m\u00e1s alta calidad junto con los mejores servicios de soporte t\u00e9cnico, de ventas y de informaci\u00f3n.<\/h2>\n\n          \n            <p class=\"pt-3\">Para ayudar a garantizar que nuestros productos de software sean justo lo que necesita, hay una cuenta gratuita disponible en nuestro sitio web. Tambi\u00e9n se proporciona informaci\u00f3n completa sobre productos y servicios. Para ayudarle a tomar la decisi\u00f3n correcta, tambi\u00e9n puede ponerse en contacto con nuestro equipo de soporte.  <\/p>\n\n            <p class=\"pt-5 contentColor text-sm leading-6\">Sin embargo, entendemos que pueden ocurrir circunstancias excepcionales debido a la naturaleza de los productos que ofrecemos, as\u00ed que familiar\u00edcese con nuestra Pol\u00edtica de reembolso antes de ordenar nuestro software para evitar insatisfacci\u00f3n despu\u00e9s de la compra.<\/p>\n\n            <p class=\"pt-5 contentColor text-sm leading-6\">Dado que todos nuestros productos son bienes intangibles irrevocables (software digital), vienen con una garant\u00eda de devoluci\u00f3n de dinero basada en el honor de 1 semana despu\u00e9s del lanzamiento. Basado en honor significa que estaremos encantados de devolverle su inversi\u00f3n siempre que: <\/p>\n\n            <ul class=\"mt-4 block\">\n                <li class=\"flex items-start space-x-2 rounded-xl mb-3 cursor-pointer w-full md:w-auto\">\n                    <img decoding=\"async\" src=\"\/wp-content\/uploads\/2024\/07\/list1.webp\" width=\"20\" height=\"20\" alt=\"software mlm\"\/>\n                    <b class=\"font-normal contentColor text-sm\">Estamos seguros de que el producto no funciona correctamente (es decir, no funciona de acuerdo con las caracter\u00edsticas declaradas en la p\u00e1gina de inicio del producto u otros documentos oficiales del producto) en la computadora\/dispositivo m\u00f3vil del cliente;<\/b>\n                <\/li>\n                <li class=\"flex items-start space-x-2 rounded-xl mb-3 cursor-pointer w-full md:w-auto\">\n                    <img decoding=\"async\" src=\"\/wp-content\/uploads\/2024\/07\/list1.webp\" width=\"20\" height=\"20\" alt=\"software mlm\"\/>\n                    <b class=\"font-normal contentColor text-sm\">Recibimos asistencia para conocer los detalles del problema por parte del cliente;<\/b>\n                <\/li>\n                <li class=\"flex items-start space-x-2 rounded-xl mb-3 cursor-pointer w-full md:w-auto\">\n                    <img decoding=\"async\" src=\"\/wp-content\/uploads\/2024\/07\/list1.webp\" width=\"20\" height=\"20\" alt=\"software mlm\"\/>\n                    <b class=\"font-normal contentColor text-sm\">No abordamos la deficiencia dentro de un per\u00edodo de tiempo razonable.<\/b>\n                <\/li>\n                <li class=\"flex items-start space-x-2 rounded-xl mb-3 cursor-pointer w-full md:w-auto\">\n                    <img decoding=\"async\" src=\"\/wp-content\/uploads\/2024\/07\/list1.webp\" width=\"20\" height=\"20\" alt=\"software mlm\"\/>\n                    <b class=\"font-normal contentColor text-sm\">El reembolso se emitir\u00e1 al cliente en su totalidad sin compensaciones ni reembolsos adicionales.<\/b>\n                <\/li>\n\n            <\/ul>\n            <p class=\"pt-5 contentColor text-sm leading-6\">El software tambi\u00e9n recopila informaci\u00f3n potencialmente de identificaci\u00f3n personal, como direcciones de Protocolo de Internet (IP), para usuarios que han iniciado sesi\u00f3n y para usuarios que dejan comentarios en https:\/\/cloudmlmsoftware. publicaciones de blog.com. Cloud MLM Software solo divulga las direcciones IP de los usuarios y comentaristas que han iniciado sesi\u00f3n en las mismas circunstancias en las que utiliza y divulga informaci\u00f3n de identificaci\u00f3n personal como se describe a continuaci\u00f3n. <\/p>\n\n            <h3 class=\"leading-snug text-2xl capitalize titleColor pt-4\"> Procedimiento de devoluci\u00f3n del producto: <\/h3>\n            <h4 class=\"leading-snug text-2xl capitalize titleColor pt-4\"> Las solicitudes de reembolso deben ser: <\/h4>\n            <ul class=\"mt-4 block\">\n                <li class=\"flex items-start space-x-2 rounded-xl mb-3 cursor-pointer w-full md:w-auto\">\n                    <img decoding=\"async\" src=\"\/wp-content\/uploads\/2024\/07\/list1.webp\" width=\"20\" height=\"20\" alt=\"software mlm\"\/>\n                    <b class=\"font-normal contentColor text-sm\">Realizado dentro de los siete (7) d\u00edas posteriores a la fecha de lanzamiento.<\/b>\n                <\/li>\n                <li class=\"flex items-start space-x-2 rounded-xl mb-3 cursor-pointer w-full md:w-auto\">\n                    <img decoding=\"async\" src=\"\/wp-content\/uploads\/2024\/07\/list1.webp\" width=\"20\" height=\"20\" alt=\"software mlm\"\/>\n                    <b class=\"font-normal contentColor text-sm\">Enviado por correo electr\u00f3nico a nuestro equipo de atenci\u00f3n al cliente.<\/b>\n                <\/li>\n                <li class=\"flex items-start space-x-2 rounded-xl mb-3 cursor-pointer w-full md:w-auto\">\n                    <img decoding=\"async\" src=\"\/wp-content\/uploads\/2024\/07\/list1.webp\" width=\"20\" height=\"20\" alt=\"software mlm\"\/>\n                    <b class=\"font-normal contentColor text-sm\">Contener la direcci\u00f3n de correo electr\u00f3nico con la que se registr\u00f3 en nuestro servicio y los motivos detallados y fundamentados por los que solicita un reembolso.<\/b>\n                <\/li>\n              \n            <\/ul>\n            <p class=\"pt-5 contentColor text-sm leading-6\">Al enviar una solicitud de reembolso, permita que nuestro equipo de atenci\u00f3n al cliente tenga hasta un (1) d\u00eda h\u00e1bil para comunicarse con usted sobre el problema.<\/p>\n            <p class=\"pt-5 contentColor text-sm leading-6\">Deber\u00eda esperar un correo electr\u00f3nico de <a class=\"primaryTextColor\" href=\"mailto:info@cloudmlmsoftware.com\"> info@cloudmlmsoftware. com<\/a>, prep\u00e1rese para brindarles a nuestros agentes de soporte informaci\u00f3n adicional y siga todas las recomendaciones.<\/p>\n","protected":false},"excerpt":{"rendered":"<p>Nos esforzamos por brindar a nuestros clientes el software de la m\u00e1s alta calidad junto con los mejores servicios de soporte t\u00e9cnico, de ventas y de informaci\u00f3n. Para ayudar a garantizar que nuestros productos de software sean justo lo que necesita, hay una cuenta gratuita disponible en nuestro sitio web. Tambi\u00e9n se proporciona informaci\u00f3n completa [&hellip;]<\/p>\n","protected":false},"author":1,"featured_media":0,"parent":0,"menu_order":0,"comment_status":"closed","ping_status":"closed","template":"refundpolicy-page.php","meta":{"_acf_changed":false,"footnotes":""},"class_list":["post-14449","page","type-page","status-publish","hentry"],"acf":[],"yoast_head":"<!-- This site is optimized with the Yoast SEO Premium plugin v23.6 (Yoast SEO v25.9) - https:\/\/yoast.com\/wordpress\/plugins\/seo\/ -->\n<title>Pol\u00edtica de reembolso y cancelaci\u00f3n: conozca sus derechos<\/title>\n<meta name=\"description\" content=\"Conozca nuestra Pol\u00edtica de reembolsos y cancelaciones para devoluciones sin complicaciones. Obtenga informaci\u00f3n sobre los requisitos, los plazos y c\u00f3mo solicitar reembolsos.\" \/>\n<meta name=\"robots\" content=\"index, follow, max-snippet:-1, max-image-preview:large, max-video-preview:-1\" \/>\n<link rel=\"canonical\" href=\"https:\/\/cloudmlmsoftware.com\/es\/reembolsos-y-cancelaciones\/\" \/>\n<meta property=\"og:locale\" content=\"es_ES\" \/>\n<meta property=\"og:type\" content=\"article\" \/>\n<meta property=\"og:title\" content=\"Pol\u00edtica de reembolso\" \/>\n<meta property=\"og:description\" content=\"Conozca nuestra Pol\u00edtica de reembolsos y cancelaciones para devoluciones sin complicaciones. Obtenga informaci\u00f3n sobre los requisitos, los plazos y c\u00f3mo solicitar reembolsos.\" \/>\n<meta property=\"og:url\" content=\"https:\/\/cloudmlmsoftware.com\/es\/reembolsos-y-cancelaciones\/\" \/>\n<meta property=\"og:site_name\" content=\"Cloud MLM Software\" \/>\n<meta property=\"article:modified_time\" content=\"2024-09-30T05:14:54+00:00\" \/>\n<meta name=\"twitter:card\" content=\"summary_large_image\" \/>\n<meta name=\"twitter:label1\" content=\"Tiempo de lectura\" \/>\n\t<meta name=\"twitter:data1\" content=\"4 minutos\" \/>\n<!-- \/ Yoast SEO Premium plugin. -->","yoast_head_json":{"title":"Pol\u00edtica de reembolso y cancelaci\u00f3n: conozca sus derechos","description":"Conozca nuestra Pol\u00edtica de reembolsos y cancelaciones para devoluciones sin complicaciones. Obtenga informaci\u00f3n sobre los requisitos, los plazos y c\u00f3mo solicitar reembolsos.","robots":{"index":"index","follow":"follow","max-snippet":"max-snippet:-1","max-image-preview":"max-image-preview:large","max-video-preview":"max-video-preview:-1"},"canonical":"https:\/\/cloudmlmsoftware.com\/es\/reembolsos-y-cancelaciones\/","og_locale":"es_ES","og_type":"article","og_title":"Pol\u00edtica de reembolso","og_description":"Conozca nuestra Pol\u00edtica de reembolsos y cancelaciones para devoluciones sin complicaciones. Obtenga informaci\u00f3n sobre los requisitos, los plazos y c\u00f3mo solicitar reembolsos.","og_url":"https:\/\/cloudmlmsoftware.com\/es\/reembolsos-y-cancelaciones\/","og_site_name":"Cloud MLM Software","article_modified_time":"2024-09-30T05:14:54+00:00","twitter_card":"summary_large_image","twitter_misc":{"Tiempo de lectura":"4 minutos"},"schema":{"@context":"https:\/\/schema.org","@graph":[{"@type":"WebPage","@id":"https:\/\/cloudmlmsoftware.com\/es\/reembolsos-y-cancelaciones\/","url":"https:\/\/cloudmlmsoftware.com\/es\/reembolsos-y-cancelaciones\/","name":"Pol\u00edtica de reembolso y cancelaci\u00f3n: conozca sus derechos","isPartOf":{"@id":"https:\/\/cloudmlmsoftware.com\/es\/#website"},"datePublished":"2024-06-26T12:38:08+00:00","dateModified":"2024-09-30T05:14:54+00:00","description":"Conozca nuestra Pol\u00edtica de reembolsos y cancelaciones para devoluciones sin complicaciones. Obtenga informaci\u00f3n sobre los requisitos, los plazos y c\u00f3mo solicitar reembolsos.","breadcrumb":{"@id":"https:\/\/cloudmlmsoftware.com\/es\/reembolsos-y-cancelaciones\/#breadcrumb"},"inLanguage":"es","potentialAction":[{"@type":"ReadAction","target":["https:\/\/cloudmlmsoftware.com\/es\/reembolsos-y-cancelaciones\/"]}]},{"@type":"BreadcrumbList","@id":"https:\/\/cloudmlmsoftware.com\/es\/reembolsos-y-cancelaciones\/#breadcrumb","itemListElement":[{"@type":"ListItem","position":1,"name":"Home","item":"https:\/\/cloudmlmsoftware.com\/es\/"},{"@type":"ListItem","position":2,"name":"Pol\u00edtica de reembolso"}]},{"@type":"WebSite","@id":"https:\/\/cloudmlmsoftware.com\/es\/#website","url":"https:\/\/cloudmlmsoftware.com\/es\/","name":"Cloud MLM Software","description":"","publisher":{"@id":"https:\/\/cloudmlmsoftware.com\/es\/#organization"},"potentialAction":[{"@type":"SearchAction","target":{"@type":"EntryPoint","urlTemplate":"https:\/\/cloudmlmsoftware.com\/es\/?s={search_term_string}"},"query-input":{"@type":"PropertyValueSpecification","valueRequired":true,"valueName":"search_term_string"}}],"inLanguage":"es"},{"@type":"Organization","@id":"https:\/\/cloudmlmsoftware.com\/es\/#organization","name":"Cloud MLM Software","url":"https:\/\/cloudmlmsoftware.com\/es\/","logo":{"@type":"ImageObject","inLanguage":"es","@id":"https:\/\/cloudmlmsoftware.com\/es\/#\/schema\/logo\/image\/","url":"https:\/\/cloudmlmsoftware.com\/wp-content\/uploads\/2024\/09\/cloudmlm-logo.webp","contentUrl":"https:\/\/cloudmlmsoftware.com\/wp-content\/uploads\/2024\/09\/cloudmlm-logo.webp","width":200,"height":40,"caption":"Cloud MLM Software"},"image":{"@id":"https:\/\/cloudmlmsoftware.com\/es\/#\/schema\/logo\/image\/"}}]}},"_links":{"self":[{"href":"https:\/\/cloudmlmsoftware.com\/es\/wp-json\/wp\/v2\/pages\/14449","targetHints":{"allow":["GET"]}}],"collection":[{"href":"https:\/\/cloudmlmsoftware.com\/es\/wp-json\/wp\/v2\/pages"}],"about":[{"href":"https:\/\/cloudmlmsoftware.com\/es\/wp-json\/wp\/v2\/types\/page"}],"author":[{"embeddable":true,"href":"https:\/\/cloudmlmsoftware.com\/es\/wp-json\/wp\/v2\/users\/1"}],"replies":[{"embeddable":true,"href":"https:\/\/cloudmlmsoftware.com\/es\/wp-json\/wp\/v2\/comments?post=14449"}],"version-history":[{"count":0,"href":"https:\/\/cloudmlmsoftware.com\/es\/wp-json\/wp\/v2\/pages\/14449\/revisions"}],"wp:attachment":[{"href":"https:\/\/cloudmlmsoftware.com\/es\/wp-json\/wp\/v2\/media?parent=14449"}],"curies":[{"name":"wp","href":"https:\/\/api.w.org\/{rel}","templated":true}]}}