{"id":14429,"date":"2024-03-25T12:33:50","date_gmt":"2024-03-25T12:33:50","guid":{"rendered":"https:\/\/cloudmlmsoftware.com\/politica-de-privacidad\/"},"modified":"2024-09-25T14:39:49","modified_gmt":"2024-09-25T14:39:49","slug":"politica-de-privacidad","status":"publish","type":"page","link":"https:\/\/cloudmlmsoftware.com\/es\/politica-de-privacidad\/","title":{"rendered":"pol\u00edtica de privacidad"},"content":{"rendered":"\n<h2 class=\"wp-block-heading lg:text-TitlesemiFontSize leading-snug text-2xl capitalize titleColor\">Su privacidad es de vital importancia para nosotros.<\/h2>\n\n<h3 class=\"wp-block-heading leading-snug text-2xl capitalize titleColor pt-4\">LLP est\u00e1 ubicado en:<\/h3>\n\n<p class=\"pt-3\">Unidad 1A, 4to piso, KSITIL, Zona Econ\u00f3mica Especial, Campus Cyberpark, edificio Sahya, Nellikkode P. O, Kozhikode, 673016<\/p>\n\n<p class=\"pt-5 contentColor text-sm leading-6\">Es pol\u00edtica de Cloud MLM Software respetar su privacidad con respecto a cualquier informaci\u00f3n que podamos recopilar mientras opera nuestro sitio web. Esta Pol\u00edtica de Privacidad se aplica a https:\/\/cloudmlmsoftware. com (en adelante, &#8220;nosotros&#8221;, &#8220;nosotros&#8221; o &#8220;https:\/\/cloudmlmsoftware. com&#8221;). Respetamos su privacidad y nos comprometemos a proteger la informaci\u00f3n de identificaci\u00f3n personal que pueda proporcionarnos a trav\u00e9s del sitio web. Hemos adoptado esta pol\u00edtica de privacidad (&#8220;Pol\u00edtica de Privacidad&#8221;) para explicar qu\u00e9 informaci\u00f3n se puede recopilar en nuestro sitio web, c\u00f3mo usamos esta informaci\u00f3n y bajo qu\u00e9 circunstancias podemos revelar la informaci\u00f3n a terceros. Esta Pol\u00edtica de Privacidad se aplica \u00fanicamente a la informaci\u00f3n que recopilamos a trav\u00e9s del sitio web y no se aplica a nuestra recopilaci\u00f3n de informaci\u00f3n de otras fuentes.    <\/p>\n\n<p class=\"pt-5 contentColor text-sm leading-6\">Esta Pol\u00edtica de Privacidad, junto con los T\u00e9rminos y condiciones publicados en nuestro sitio web, establecen las reglas y pol\u00edticas generales que rigen el uso de nuestro sitio web. Dependiendo de sus actividades al visitar nuestro sitio web, es posible que deba aceptar t\u00e9rminos y condiciones adicionales. <\/p>\n\n<h3 class=\"wp-block-heading pt-6 leading-snug text-2xl font-semibold capitalize titleColor\">Visitantes del sitio web<\/h3>\n\n<p class=\"pt-5 contentColor text-sm leading-6\">Como la mayor\u00eda de los operadores de sitios web, Cloud MLM Software recopila informaci\u00f3n de identificaci\u00f3n no personal del tipo que los navegadores y servidores web suelen poner a disposici\u00f3n, como el tipo de navegador, la preferencia de idioma, el sitio de referencia y la fecha y hora de cada solicitud de visitante. El prop\u00f3sito de Cloud MLM Software al recopilar informaci\u00f3n de identificaci\u00f3n no personal es comprender mejor c\u00f3mo los visitantes de Cloud MLM Software utilizan su sitio web. De vez en cuando, Cloud MLM Software puede divulgar informaci\u00f3n de identificaci\u00f3n no personal en conjunto, e. gramo. , publicando un informe sobre las tendencias en el uso de su sitio web.  <\/p>\n\n<p class=\"pt-5 contentColor text-sm leading-6\">El software tambi\u00e9n recopila informaci\u00f3n potencialmente de identificaci\u00f3n personal, como direcciones de Protocolo de Internet (IP), para usuarios que han iniciado sesi\u00f3n y para usuarios que dejan comentarios en https:\/\/cloudmlmsoftware. publicaciones de blog.com. Cloud MLM Software solo divulga las direcciones IP de los usuarios y comentaristas que han iniciado sesi\u00f3n en las mismas circunstancias en las que utiliza y divulga informaci\u00f3n de identificaci\u00f3n personal como se describe a continuaci\u00f3n. <\/p>\n\n<h3 class=\"wp-block-heading pt-6 leading-snug text-2xl font-semibold capitalize titleColor\">Recopilaci\u00f3n de informaci\u00f3n de identificaci\u00f3n personal<\/h3>\n\n<p class=\"pt-3 contentColor text-sm leading-6\">Ciertos visitantes de los sitios web de Cloud MLM Software eligen interactuar con Bpract Software Solutions LLP (la compa\u00f1\u00eda desarroll\u00f3 este producto) de maneras que requieren que Bpract Software Solutions LLP recopile informaci\u00f3n de identificaci\u00f3n personal. La cantidad y el tipo de informaci\u00f3n que recopila Bpract Software Solutions LLP depende de la naturaleza de la interacci\u00f3n. Por ejemplo, solicitamos a los visitantes que se registran en un blog en https:\/\/cloudmlmsoftware. com para proporcionar un nombre de usuario y una direcci\u00f3n de correo electr\u00f3nico.  <\/p>\n\n<h3 class=\"wp-block-heading pt-6 leading-snug text-2xl font-semibold capitalize titleColor\">Seguridad<\/h3>\n\n<p class=\"pt-3 contentColor text-sm leading-6\">La seguridad de su informaci\u00f3n personal es importante para nosotros, pero recuerde que ning\u00fan m\u00e9todo de transmisi\u00f3n a trav\u00e9s de Internet o m\u00e9todo de almacenamiento electr\u00f3nico es 100% seguro. Si bien nos esforzamos por utilizar medios comercialmente aceptables para proteger su informaci\u00f3n personal, no podemos garantizar su seguridad absoluta. <\/p>\n\n<h3 class=\"wp-block-heading pt-6 leading-snug text-2xl font-semibold capitalize titleColor\">anuncios<\/h3>\n\n<p class=\"pt-3 contentColor text-sm leading-6\">Los anuncios que aparecen en nuestro sitio web pueden ser entregados a los usuarios por socios publicitarios, quienes pueden configurar cookies. Estas cookies permiten que el servidor de anuncios reconozca su computadora cada vez que le env\u00edan un anuncio en l\u00ednea para recopilar informaci\u00f3n sobre usted u otras personas que usan su computadora. Esta informaci\u00f3n permite a las redes publicitarias, entre otras cosas, ofrecer anuncios dirigidos que creen que ser\u00e1n de mayor inter\u00e9s para usted. Esta Pol\u00edtica de Privacidad cubre el uso de cookies por parte del software Cloud MLM y no cubre el uso de cookies por parte de ning\u00fan anunciante.   <\/p>\n\n<h3 class=\"wp-block-heading pt-6 leading-snug text-2xl font-semibold capitalize titleColor\">Enlaces a sitios externos<\/h3>\n\n<p class=\"pt-3 contentColor text-sm leading-6\">Nuestro Servicio puede contener enlaces a sitios externos que no son operados por nosotros. Si hace clic en un enlace de un tercero, ser\u00e1 dirigido al sitio de ese tercero. Le recomendamos encarecidamente que revise la Pol\u00edtica de privacidad y los t\u00e9rminos y condiciones de cada sitio que visite. No tenemos control ni asumimos ninguna responsabilidad por el contenido, las pol\u00edticas o pr\u00e1cticas de privacidad de sitios, productos o servicios de terceros.   <\/p>\n\n<h3 class=\"wp-block-heading pt-6 leading-snug text-2xl font-semibold capitalize titleColor\">Protecci\u00f3n de cierta informaci\u00f3n de identificaci\u00f3n personal<\/h3>\n\n<p class=\"pt-3 contentColor text-sm leading-6\">LLP divulga informaci\u00f3n potencialmente de identificaci\u00f3n personal y de identificaci\u00f3n personal solo a aquellos de sus empleados, contratistas y organizaciones afiliadas que (i) necesita conocer esa informaci\u00f3n para procesarla en nombre de Bpract Software Solutions LLP o para proporcionar servicios disponibles en el sitio web de Cloud MLM Software, y (ii) que hayan acordado no revelarlo a otros. Algunos de esos empleados, contratistas y organizaciones afiliadas pueden estar ubicados fuera de su pa\u00eds de origen; Al utilizar el sitio web de Cloud MLM Software, usted acepta la transferencia de dicha informaci\u00f3n. Bpract Software Solutions LLP no alquilar\u00e1 ni vender\u00e1 informaci\u00f3n potencialmente identificable y de identificaci\u00f3n personal a nadie. Aparte de sus empleados, contratistas y organizaciones afiliadas, como se describe anteriormente, Bpract Software Solutions LLP divulga informaci\u00f3n potencialmente de identificaci\u00f3n personal y de identificaci\u00f3n personal solo en respuesta a una citaci\u00f3n, orden judicial u otra solicitud gubernamental, o cuando Bpract Software Solutions LLP cree de buena fe que la divulgaci\u00f3n es razonablemente necesaria para proteger la propiedad o los derechos de Bpract Software Solutions LLP, terceros o el p\u00fablico en general.     <\/p>\n\n<p class=\"pt-3 contentColor text-sm leading-6\">Si se ha registrado en https:\/\/cloudmlmsoftware. com y ha proporcionado su direcci\u00f3n de correo electr\u00f3nico, Bpract Software Solutions LLP ocasionalmente puede enviarle un correo electr\u00f3nico para informarle sobre nuevas funciones, solicitar sus comentarios o simplemente mantenerlo actualizado con lo que est\u00e1 sucediendo con Bpract Software Solutions LLP y nuestros productos. Utilizamos principalmente nuestro blog para comunicar este tipo de informaci\u00f3n, por lo que esperamos mantener este tipo de correo electr\u00f3nico al m\u00ednimo. Si nos env\u00eda una solicitud (por ejemplo, a trav\u00e9s de un correo electr\u00f3nico de soporte o mediante uno de nuestros mecanismos de comentarios), nos reservamos el derecho de publicarla para ayudarnos a aclarar o responder a su solicitud o para ayudarnos a apoyar a otros usuarios. Bpract Software Solutions LLP toma todas las medidas razonablemente necesarias para proteger contra el acceso no autorizado, uso, alteraci\u00f3n o destrucci\u00f3n de informaci\u00f3n potencialmente identificable y de identificaci\u00f3n personal.   <\/p>\n\n<h3 class=\"wp-block-heading pt-6 leading-snug text-2xl font-semibold capitalize titleColor\">Estad\u00edsticas agregadas<\/h3>\n\n<p class=\"pt-3 contentColor text-sm leading-6\">LLP puede recopilar estad\u00edsticas sobre el comportamiento de los visitantes de su sitio web. Bpract Software Solutions LLP puede mostrar esta informaci\u00f3n p\u00fablicamente o proporcion\u00e1rsela a otros. Sin embargo, Bpract Software Solutions LLP no divulga su informaci\u00f3n de identificaci\u00f3n personal.  <\/p>\n\n<h3 class=\"wp-block-heading pt-6 leading-snug text-2xl font-semibold capitalize titleColor\">Divulgaci\u00f3n de afiliados<\/h3>\n\n<p class=\"pt-3 contentColor text-sm leading-6\">Este sitio utiliza enlaces de afiliados y gana una comisi\u00f3n por ciertos enlaces. Esto no afecta tus compras ni el precio que puedas pagar. <\/p>\n\n<h3 class=\"wp-block-heading\">Galletas<\/h3>\n\n<p class=\"pt-3 contentColor text-sm leading-6\">Para enriquecer y perfeccionar su experiencia en l\u00ednea, Cloud MLM Software utiliza &#8220;Cookies&#8221;, tecnolog\u00edas y servicios similares proporcionados por otros para mostrar contenido personalizado, publicidad adecuada y almacenar sus preferencias en su computadora.<\/p>\n\n<p class=\"pt-3 contentColor text-sm leading-6\">Una cookie es una cadena de informaci\u00f3n que un sitio web almacena en la computadora de un visitante y que el navegador del visitante proporciona al sitio web cada vez que el visitante regresa. Bpract Software Solutions LLP utiliza cookies para ayudar a Bpract Software Solutions LLP a identificar y rastrear a los visitantes, su uso de https:\/\/cloudmlmsoftware. com y sus preferencias de acceso al sitio web. Los visitantes de Cloud MLM Software que no deseen que se coloquen cookies en sus computadoras deben configurar sus navegadores para que rechacen las cookies antes de utilizar los sitios web de Bpract Software Solutions LLP, con el inconveniente de que ciertas caracter\u00edsticas de los sitios web de Bpract Software Solutions LLP pueden no funcionar correctamente sin la ayuda de galletas.  <\/p>\n\n<p class=\"pt-3 contentColor text-sm leading-6\">Al continuar navegando en nuestro sitio web sin cambiar la configuraci\u00f3n de cookies, por la presente reconoce y acepta el uso de cookies por parte de Cloud MLM Software.<\/p>\n\n<h3 class=\"wp-block-heading pt-6 leading-snug text-2xl font-semibold capitalize titleColor\">Comercio electr\u00f3nico<\/h3>\n\n<p class=\"pt-3 contentColor text-sm leading-6\">Aquellos que realizan transacciones con Bpract Software Solutions LLP, mediante la compra de servicios o productos de Bpract Software Solutions LLP, deben proporcionar informaci\u00f3n adicional, incluida, seg\u00fan sea necesario, la informaci\u00f3n personal y financiera requerida para procesar esas transacciones. En cada caso, Bpract Software Solutions LLP recopila dicha informaci\u00f3n solo en la medida en que sea necesaria o apropiada para cumplir el prop\u00f3sito de la interacci\u00f3n del visitante con Bpract Software Solutions LLP. Bpract Software Solutions LLP no divulga informaci\u00f3n de identificaci\u00f3n personal distinta a la que se describe a continuaci\u00f3n. Y los visitantes siempre pueden negarse a proporcionar informaci\u00f3n de identificaci\u00f3n personal, con la salvedad de que esto puede impedirles participar en determinadas actividades relacionadas con el sitio web.   <\/p>\n\n<h3 class=\"wp-block-heading pt-6 leading-snug text-2xl font-semibold capitalize titleColor\">Transferencias de Negocios<\/h3>\n\n<p class=\"pt-3 contentColor text-sm leading-6\">Si Bpract Software Solutions LLP, o sustancialmente todos sus activos, fueran adquiridos, o en el improbable caso de que Bpract Software Solutions LLP cierre su negocio o entre en quiebra, la informaci\u00f3n del usuario ser\u00eda uno de los activos transferidos o adquiridos por un tercero. fiesta. Usted reconoce que tales transferencias pueden ocurrir y que cualquier adquirente de Bpract Software Solutions LLP puede continuar usando su informaci\u00f3n personal como se establece en esta pol\u00edtica. <\/p>\n\n<h3 class=\"wp-block-heading pt-6 leading-snug text-2xl font-semibold capitalize titleColor\">Cambios en la pol\u00edtica de privacidad<\/h3>\n\n<p class=\"pt-3 contentColor text-sm leading-6\">Aunque es probable que la mayor\u00eda de los cambios sean menores, Bpract Software Solutions LLP puede cambiar su Pol\u00edtica de Privacidad de vez en cuando, y a su entera discreci\u00f3n. Bpract Software Solutions LLP alienta a los visitantes a consultar con frecuencia esta p\u00e1gina para detectar cambios en su Pol\u00edtica de privacidad. Su uso continuado de este sitio despu\u00e9s de cualquier cambio en esta Pol\u00edtica de Privacidad constituir\u00e1 su aceptaci\u00f3n de dicho cambio.  <\/p>\n","protected":false},"excerpt":{"rendered":"<p>Su privacidad es de vital importancia para nosotros. LLP est\u00e1 ubicado en: Unidad 1A, 4to piso, KSITIL, Zona Econ\u00f3mica Especial, Campus Cyberpark, edificio Sahya, Nellikkode P. O, Kozhikode, 673016 Es pol\u00edtica de Cloud MLM Software respetar su privacidad con respecto a cualquier informaci\u00f3n que podamos recopilar mientras opera nuestro sitio web. Esta Pol\u00edtica de Privacidad [&hellip;]<\/p>\n","protected":false},"author":1,"featured_media":0,"parent":0,"menu_order":0,"comment_status":"closed","ping_status":"closed","template":"","meta":{"_acf_changed":false,"footnotes":""},"class_list":["post-14429","page","type-page","status-publish","hentry"],"acf":[],"yoast_head":"<!-- This site is optimized with the Yoast SEO Premium plugin v23.6 (Yoast SEO v25.9) - https:\/\/yoast.com\/wordpress\/plugins\/seo\/ -->\n<title>Pol\u00edtica de privacidad | Software de MLM en la nube<\/title>\n<meta name=\"description\" content=\"Conozca c\u00f3mo protegemos sus datos con nuestra clara Pol\u00edtica de privacidad. Mant\u00e9ngase informado y seguro sobre su seguridad en l\u00ednea: l\u00e9ala ahora.\" \/>\n<meta name=\"robots\" content=\"index, follow, max-snippet:-1, max-image-preview:large, max-video-preview:-1\" \/>\n<link rel=\"canonical\" href=\"https:\/\/cloudmlmsoftware.com\/es\/politica-de-privacidad\/\" \/>\n<meta property=\"og:locale\" content=\"es_ES\" \/>\n<meta property=\"og:type\" content=\"article\" \/>\n<meta property=\"og:title\" content=\"pol\u00edtica de privacidad\" \/>\n<meta property=\"og:description\" content=\"Conozca c\u00f3mo protegemos sus datos con nuestra clara Pol\u00edtica de privacidad. Mant\u00e9ngase informado y seguro sobre su seguridad en l\u00ednea: l\u00e9ala ahora.\" \/>\n<meta property=\"og:url\" content=\"https:\/\/cloudmlmsoftware.com\/es\/politica-de-privacidad\/\" \/>\n<meta property=\"og:site_name\" content=\"Cloud MLM Software\" \/>\n<meta property=\"article:modified_time\" content=\"2024-09-25T14:39:49+00:00\" \/>\n<meta name=\"twitter:card\" content=\"summary_large_image\" \/>\n<meta name=\"twitter:label1\" content=\"Tiempo de lectura\" \/>\n\t<meta name=\"twitter:data1\" content=\"7 minutos\" \/>\n<!-- \/ Yoast SEO Premium plugin. -->","yoast_head_json":{"title":"Pol\u00edtica de privacidad | Software de MLM en la nube","description":"Conozca c\u00f3mo protegemos sus datos con nuestra clara Pol\u00edtica de privacidad. Mant\u00e9ngase informado y seguro sobre su seguridad en l\u00ednea: l\u00e9ala ahora.","robots":{"index":"index","follow":"follow","max-snippet":"max-snippet:-1","max-image-preview":"max-image-preview:large","max-video-preview":"max-video-preview:-1"},"canonical":"https:\/\/cloudmlmsoftware.com\/es\/politica-de-privacidad\/","og_locale":"es_ES","og_type":"article","og_title":"pol\u00edtica de privacidad","og_description":"Conozca c\u00f3mo protegemos sus datos con nuestra clara Pol\u00edtica de privacidad. Mant\u00e9ngase informado y seguro sobre su seguridad en l\u00ednea: l\u00e9ala ahora.","og_url":"https:\/\/cloudmlmsoftware.com\/es\/politica-de-privacidad\/","og_site_name":"Cloud MLM Software","article_modified_time":"2024-09-25T14:39:49+00:00","twitter_card":"summary_large_image","twitter_misc":{"Tiempo de lectura":"7 minutos"},"schema":{"@context":"https:\/\/schema.org","@graph":[{"@type":"WebPage","@id":"https:\/\/cloudmlmsoftware.com\/es\/politica-de-privacidad\/","url":"https:\/\/cloudmlmsoftware.com\/es\/politica-de-privacidad\/","name":"Pol\u00edtica de privacidad | Software de MLM en la nube","isPartOf":{"@id":"https:\/\/cloudmlmsoftware.com\/es\/#website"},"datePublished":"2024-03-25T12:33:50+00:00","dateModified":"2024-09-25T14:39:49+00:00","description":"Conozca c\u00f3mo protegemos sus datos con nuestra clara Pol\u00edtica de privacidad. Mant\u00e9ngase informado y seguro sobre su seguridad en l\u00ednea: l\u00e9ala ahora.","breadcrumb":{"@id":"https:\/\/cloudmlmsoftware.com\/es\/politica-de-privacidad\/#breadcrumb"},"inLanguage":"es","potentialAction":[{"@type":"ReadAction","target":["https:\/\/cloudmlmsoftware.com\/es\/politica-de-privacidad\/"]}]},{"@type":"BreadcrumbList","@id":"https:\/\/cloudmlmsoftware.com\/es\/politica-de-privacidad\/#breadcrumb","itemListElement":[{"@type":"ListItem","position":1,"name":"Home","item":"https:\/\/cloudmlmsoftware.com\/es\/"},{"@type":"ListItem","position":2,"name":"pol\u00edtica de privacidad"}]},{"@type":"WebSite","@id":"https:\/\/cloudmlmsoftware.com\/es\/#website","url":"https:\/\/cloudmlmsoftware.com\/es\/","name":"Cloud MLM Software","description":"","publisher":{"@id":"https:\/\/cloudmlmsoftware.com\/es\/#organization"},"potentialAction":[{"@type":"SearchAction","target":{"@type":"EntryPoint","urlTemplate":"https:\/\/cloudmlmsoftware.com\/es\/?s={search_term_string}"},"query-input":{"@type":"PropertyValueSpecification","valueRequired":true,"valueName":"search_term_string"}}],"inLanguage":"es"},{"@type":"Organization","@id":"https:\/\/cloudmlmsoftware.com\/es\/#organization","name":"Cloud MLM Software","url":"https:\/\/cloudmlmsoftware.com\/es\/","logo":{"@type":"ImageObject","inLanguage":"es","@id":"https:\/\/cloudmlmsoftware.com\/es\/#\/schema\/logo\/image\/","url":"https:\/\/cloudmlmsoftware.com\/wp-content\/uploads\/2024\/09\/cloudmlm-logo.webp","contentUrl":"https:\/\/cloudmlmsoftware.com\/wp-content\/uploads\/2024\/09\/cloudmlm-logo.webp","width":200,"height":40,"caption":"Cloud MLM Software"},"image":{"@id":"https:\/\/cloudmlmsoftware.com\/es\/#\/schema\/logo\/image\/"}}]}},"_links":{"self":[{"href":"https:\/\/cloudmlmsoftware.com\/es\/wp-json\/wp\/v2\/pages\/14429","targetHints":{"allow":["GET"]}}],"collection":[{"href":"https:\/\/cloudmlmsoftware.com\/es\/wp-json\/wp\/v2\/pages"}],"about":[{"href":"https:\/\/cloudmlmsoftware.com\/es\/wp-json\/wp\/v2\/types\/page"}],"author":[{"embeddable":true,"href":"https:\/\/cloudmlmsoftware.com\/es\/wp-json\/wp\/v2\/users\/1"}],"replies":[{"embeddable":true,"href":"https:\/\/cloudmlmsoftware.com\/es\/wp-json\/wp\/v2\/comments?post=14429"}],"version-history":[{"count":0,"href":"https:\/\/cloudmlmsoftware.com\/es\/wp-json\/wp\/v2\/pages\/14429\/revisions"}],"wp:attachment":[{"href":"https:\/\/cloudmlmsoftware.com\/es\/wp-json\/wp\/v2\/media?parent=14429"}],"curies":[{"name":"wp","href":"https:\/\/api.w.org\/{rel}","templated":true}]}}