{"id":14419,"date":"2024-08-01T05:21:08","date_gmt":"2024-08-01T05:21:08","guid":{"rendered":"https:\/\/cloudmlmsoftware.com\/software-mlm-para-start-ups\/"},"modified":"2024-10-07T06:57:43","modified_gmt":"2024-10-07T06:57:43","slug":"software-mlm-para-start-ups","status":"publish","type":"page","link":"https:\/\/cloudmlmsoftware.com\/es\/software-mlm-para-start-ups\/","title":{"rendered":"software-mlm-para-start-ups"},"content":{"rendered":"\n<div class=\"bannerBgcolor BannerBg pt-16 pb-20 overflow-hidden relative\">\n   <div class=\"animation-wrapper\">\n      <div class=\"particle particle-1\"><\/div>\n      <div class=\"particle particle-2\"><\/div>\n      <div class=\"particle particle-3\"><\/div>\n      <div class=\"particle particle-4\"><\/div>\n   <\/div>\n   <div class=\"container mx-auto xl:h-[504px] h-auto\">\n      <div class=\"flex flex-wrap md:flex-row flex-col-reverse items-center\">\n         <div class=\"md:basis-7\/12 sm:basis-12\/12 pt-12\">\n            <h1 class=\"lg:text-mainTitleFontSize sm:text-3xl text-3xl text-white lg:leading-snug \"><span class=\"font-bold animate-charcter-offwhite\">Software MLM<\/span> para startups <\/h1>\n            <p class=\"offlightWhite pt-3 text-md\">En el entorno innovador de las empresas emergentes, mantenerse a la vanguardia con soluciones innovadoras es clave para el \u00e9xito. Nuestro software MLM para empresas emergentes est\u00e1 dise\u00f1ado para potenciar su negocio con tecnolog\u00eda escalable basada en la nube. Abrace el futuro del mercadeo en red con nuestro completo software MLM, dise\u00f1ado para optimizar sus operaciones, mejorar la productividad e impulsar un crecimiento sin precedentes.   <\/p>\n         <\/div>\n         <div class=\"md:basis-5\/12 sm:basis-12\/12 pl-4 pr-0 py-14\"> <img fetchpriority=\"high\" decoding=\"async\" src=\"\/wp-content\/uploads\/2024\/08\/RespMlmDashboard.webp\" alt=\"software de mlm\" width=\"512\" height=\"422\" class=\"pulseBannerImg\"\/> <\/div>\n      <\/div>\n   <\/div>\n<\/div>\n<section class=\"p-sectionpadding\">\n   <div class=\"container mx-auto mt-20\">\n      <div class=\"relative primaryColor rounded-2xl p-6 md:p-12 py-6 mdpy-16 overflow-hidden\">\n         <div class=\"flex flex-wrap\">\n            <div class=\"lg:flex-shrink-0 w-full lg:w-7\/12\">\n               <h2 class=\"md:text-TitlesemiFontSize text-2xl titleColor text-white lg:leading-snug capitalize\"> Beneficios de implementar software MLM en la nube para <span class=\"font-bold\">empresas emergentes. <\/span>  <\/h2>\n               <p class=\"text-textpara font-light leading-6 text-white py-3\">Nuestro software MLM basado en la nube ofrece soluciones escalables y rentables con acceso global, lo que garantiza el crecimiento empresarial sin la necesidad de una infraestructura extensa. Disfrute de seguridad mejorada, an\u00e1lisis en tiempo real para una toma de decisiones informada y una interfaz f\u00e1cil de usar para mejorar la eficiencia y la productividad. Simplifique las operaciones y proteja sus datos, permitiendo a su equipo centrarse en el crecimiento estrat\u00e9gico desde cualquier parte del mundo.   <\/p>\n               <div class=\"text-xl text-white lg:leading-snug capitalize mt-3\"> <span class=\"font-semibold\">Libere el potencial de su nueva empresa con nuestro principal software Cloud MLM<\/span> <\/div>\n               <p class=\"text-textpara font-light leading-6 text-white py-3\"> Utilice el poder de la tecnolog\u00eda y encamine su negocio hacia un camino de notable crecimiento y prosperidad. \u00danase a nosotros en este viaje y alcancemos la grandeza juntos. \u00a1Tu futuro comienza ahora!   <\/p>\n            <\/div>\n            <div class=\"lg:absolute w-full lg:w-5\/12 bottom-0 right-0\"> <img decoding=\"async\" src=\"\/wp-content\/uploads\/2024\/08\/USERDB_Cloudtheme.webp\" alt=\"Imagen\" class=\"lg:absolute bottom-[-20px] right-[-40px] w-full\"\/> <\/div>\n         <\/div>\n      <\/div>\n   <\/div>\n<\/section>\n<section class=\"p-sectionpadding\">\n   <div class=\"container mx-auto\">\n      <div class=\"relative lighter rounded-2xl p-6 md:p-12 py-6 md:py-16 overflow-hidden\">\n         <div class=\"flex flex-wrap\">\n            <div class=\"w-full lg:w-5\/12 pr-9 flex items-center\"> <img decoding=\"async\" src=\"\/wp-content\/uploads\/2024\/08\/banner_lightDashboard.webp\" alt=\"Imagen\" class=\"w-full\"\/> <\/div>\n            <div class=\"lg:flex-shrink-0 w-full lg:w-7\/12\">\n               <h3 class=\"lg:text-TitlesemiFontSize text-2xl titleColor lg:leading-snug capitalize\"> <span class=\"font-bold\">\u00a1La mejor opci\u00f3n<\/span> de software MLM que jam\u00e1s hayas obtenido!  <\/h3>\n               <p class=\"text-textpara font-light leading-6 titleColor py-3\">es un software de MLM de alta calidad impulsado por inteligencia artificial y dise\u00f1ado para empresas de MLM con innumerables usuarios en todo el mundo. Proporciona software MLM de comercio electr\u00f3nico y planes MLM relacionados, aprovechando la inteligencia artificial para optimizar sus operaciones comerciales y hacerlas m\u00e1s eficientes.  <\/p>\n               <div class=\"text-xl titleColor lg:leading-snug mt-3\"> <span class=\"font-semibold\">Disponible a una tarifa fija de <span class=\"font-bold text-2xl\">$550<\/span>  <\/span><\/div>\n               <ul class=\"flex flex-wrap mt-4 ml-[-12px] list1\">\n                  <li class=\"text-textpara contentColor font-light leading-6 mb-3 ml-2\">Software de multinivel<\/li>\n                  <li class=\"text-textpara contentColor font-light leading-6 mb-3 ml-2\">Centro de ayuda<\/li>\n                  <li class=\"text-textpara contentColor font-light leading-6 mb-3 ml-2\">M\u00f3dulo de empleado <\/li>\n                  <li class=\"text-textpara contentColor font-light leading-6 mb-3 ml-2\">Multi idioma (ingl\u00e9s, espa\u00f1ol, portugu\u00e9s, alem\u00e1n)<\/li>\n                  <li class=\"text-textpara contentColor font-light leading-6 mb-3 ml-2\">1 Pasarela de pago <\/li>\n               <\/ul>\n               <a href=\"https:\/\/cloudmlmsoftware.com\/es\/software-mlm-demo-de-software-gratuito\/\" class=\"primaryColor mt-2 px-4 h-[40px] w-[132px] btn1 items-center rounded-md text-white md:flex text-xs md:text-sm sm:flex hidden\" role=\"button\">Prueba la Demo Gratis <\/a> \n            <\/div>\n         <\/div>\n      <\/div>\n   <\/div>\n<\/section>\n<section class=\"p-sectionpadding\">\n   <div class=\"container mx-auto \">\n      <div class=\"relative darklight rounded-2xl px-6 md:px-12 pt-8 lg:pt-16 pb-0 lg:pb-16 overflow-hidden\">\n         <div class=\"flex flex-wrap\">\n            <div class=\"lg:flex-shrink-0 w-full lg:w-7\/12 pb-4\">\n               <h3 class=\"lg:text-TitlesemiFontSize text-2xl text-white lg:leading-snug capitalize\">Tu Software MLM, el <span class=\"font-bold\">nombre de tu marca, el<\/span> <span class=\"font-bold\">tema de tu marca.<\/span><\/h3>\n               <p class=\"text-textpara font-light leading-6 offWhite py-3 pt-3 mb-4\"> tiene <a href=\"https:\/\/cloudmlmsoftware.com\/es\/cloud-mlm-software-features\/\" target=\"_blank\" rel=\"noopener\"> <span style=\"color:#3498db;\"> <b>caracter\u00edsticas \u00fanicas<\/b><\/a><\/span> y consta de caracter\u00edsticas b\u00e1sicas y avanzadas. Es la mejor plataforma que lo guiar\u00e1 para administrar su negocio de MLM de manera m\u00e1s r\u00e1pida y exitosa. Adem\u00e1s, el software Cloud MLM puede cambiar f\u00e1cilmente el nombre de su marca o el tema de su marca, ya que admite personalizaciones ilimitadas.<\/p>\n              <a href=\"https:\/\/cloudmlmsoftware.com\/es\/contact\/\" class=\"inline-block bg-white text-dark mt-3 w-auto px-4 py-3 my-2 leading-6 mdleading-10 rounded-lg text-xs md:text-sm btn1\">Conectarse ahora<\/a> \n            \n            <\/div>\n            <div class=\"relative lg:absolute w-full lg:w-5\/12 bottom-0 right-[-48px] lg:right-0\"> <img decoding=\"async\" src=\"\/wp-content\/uploads\/2024\/08\/BrandDArktheme_Home.webp\" alt=\"\" class=\"relative lg:absolute bottom-0 right-0 w-full\" width=\"500\" height=\"391\"\/> <\/div>\n         <\/div>\n      <\/div>\n   <\/div>\n   <div class=\"container mx-auto mt-8\">\n      <div class=\"flex flex-wrap lg:space-x-8\">\n         <div class=\"lg:flex-1 w-full lg:w-4\/12 primaryColor rounded-2xl px-6 md:px-12 pt-10 md:pt-12 lg:pb-0 pb-0 mb-2\">\n            <h4 class=\"lg:text-textMediumtitle text-center text-2xl text-white lg:leading-snug capitalize mb-2\"> Temas <span class=\"font-bold\"> personalizados para administradores <\/span> y usuarios<br\/> <\/h4>\n            <p class=\"text-textpara leading-6 text-white py-4 mb-5 text-center\">Proporcionamos una interfaz de usuario personalizada para las \u00e1reas de administraci\u00f3n y de usuario.\nAyuda a establecer el reconocimiento de marca de tu empresa. <\/p>\n            <img decoding=\"async\" src=\"\/wp-content\/uploads\/2024\/08\/USERDB_Cloudtheme.webp\" alt=\"\" class=\"w-full relative md:absolute:bottom-[-20px]\"\/> \n         <\/div>\n         <div class=\"w-full lg:w-8\/12 lighter rounded-2xl overflow-hidden p-8 mb-2\">\n            <div class=\"flex flex-wrap items-center\">\n               <div class=\"relative w-full lg:w-6\/12\"> <img decoding=\"async\" src=\"\/wp-content\/uploads\/2024\/08\/widgets-reports-copy.webp\" alt=\"\" class=\"relative lg:left-[-35px] mb-4 lg:mb-0 w-full top-0 bottom-0 mx-auto\"\/> <\/div>\n               <div class=\"lg:flex-shrink-0 w-full lg:w-6\/12\">\n                  <h4 class=\"lg:text-textMediumtitle text-2xl titleColor lg:leading-snug capitalize\"> <span><span class=\"font-bold\">Widgets e informes<\/span> destacados con intervalo de tiempo<\/span> <\/h4>\n                  <p class=\"text-textpara contentColor font-light leading-6 py-3 pt-3 \">Cloud MLM est\u00e1 dise\u00f1ado para proporcionar widgets \u00fatiles y destacados para tu software MLM personalizado, incluyendo p\u00e1ginas de r\u00e9plica personalizadas y herramientas de afiliaci\u00f3n.<\/p>\n                  <a href=\"https:\/\/cloudmlmsoftware.com\/es\/software-mlm-demo-de-software-gratuito\/\" class=\"primaryColor mt-2 px-4 h-[40px] w-[132px] btn1 items-center rounded-md text-white md:flex text-xs md:text-sm sm:flex hidden\" role=\"button\">Prueba la Demo Gratis <\/a> \n               <\/div>\n            <\/div>\n         <\/div>\n      <\/div>\n   <\/div>\n<\/section>\n<section class=\"p-sectionpadding\">\n   <div class=\"container mx-auto\">\n      <div class=\"relative lighter rounded-2xl p-6 lg:p-12 py-6 lg:py-16 overflow-hidden\">\n         <div class=\"flex flex-wrap\">\n            <div class=\"lg:flex-shrink-0 w-full lg:w-7\/12 \">\n               <h4 class=\"text-2xl font-semibold lg:leading-snug capitalize titleColor w-full capitalize\">\u00bfPor qu\u00e9 el software Cloud MLM es el mejor?<\/h4>\n               <p class=\"font-light py-3 pt-3 w-full mb-4\">El software es el nuevo t\u00e9rmino para referirse al \u00e9xito. As\u00f3ciese con nosotros y aproveche las capacidades de nuestro s\u00f3lido software MLM para un futuro mejor en el mercadeo en red. \u00a1Estamos aqu\u00ed para ayudarte!   <\/p>\n               <ul class=\"flex flex-wrap space-x-2 mt-4 ml-[-12px] list1\">\n                  <li class=\"text-textpara contentColor font-light leading-6 mb-3 ml-2\">  <b class=\"block font-semibold text-lg\">Software mlm de marca blanca<\/b> El software MLM de marca blanca permite a las empresas lanzar su propia plataforma de mercadeo en red de marca. <\/li>\n                  <li class=\"text-textpara contentColor font-light leading-6 mb-3 ml-2\">  <b class=\"block font-semibold text-lg\">Sistema de software mlm <\/b> autohospedado El software se puede instalar y operar en la propia infraestructura del servidor del usuario, en lugar de ser alojado por un proveedor de servicios externo. <\/li>\n                  <li class=\"text-textpara contentColor font-light leading-6 mb-3 ml-2\"> <b class=\"block font-semibold text-lg\">Sistema de traducci\u00f3n multiling\u00fce<\/b> Este sistema est\u00e1 dise\u00f1ado para manejar tareas de traducci\u00f3n para varios pares de idiomas, permitiendo a los usuarios comunicarse y comprender contenido en diferentes idiomas. <\/li>\n                  <li class=\"text-textpara contentColor font-light leading-6 mb-3 ml-2\"> <b class=\"block font-semibold text-lg\">Personalizaciones ilimitadas<\/b> El software se puede modificar y adaptar ampliamente para satisfacer las necesidades y requisitos espec\u00edficos de una empresa de MLM en particular. <\/li>\n               <\/ul>\n            <\/div>\n            <div class=\"relative w-full lg:w-5\/12 flex items-center\"> <img decoding=\"async\" src=\"\/wp-content\/uploads\/2024\/08\/sw.webp\" alt=\"el mejor software de mlm\" class=\"w-full\"\/> <\/div>\n         <\/div>\n      <\/div>\n   <\/div>\n<\/section>\n","protected":false},"excerpt":{"rendered":"<p>Software MLM para startups En el entorno innovador de las empresas emergentes, mantenerse a la vanguardia con soluciones innovadoras es clave para el \u00e9xito. Nuestro software MLM para empresas emergentes est\u00e1 dise\u00f1ado para potenciar su negocio con tecnolog\u00eda escalable basada en la nube. Abrace el futuro del mercadeo en red con nuestro completo software MLM, [&hellip;]<\/p>\n","protected":false},"author":1,"featured_media":0,"parent":0,"menu_order":0,"comment_status":"closed","ping_status":"closed","template":"mlmforstartups-page.php","meta":{"_acf_changed":false,"footnotes":""},"class_list":["post-14419","page","type-page","status-publish","hentry"],"acf":[],"yoast_head":"<!-- This site is optimized with the Yoast SEO Premium plugin v23.6 (Yoast SEO v25.9) - https:\/\/yoast.com\/wordpress\/plugins\/seo\/ -->\n<title>Software MLM para empresas emergentes: soluciones escalables para el crecimiento<\/title>\n<meta name=\"description\" content=\"Software MLM para empresas emergentes: soluciones asequibles, escalables y personalizables para ayudarle a hacer crecer su negocio de marketing en red r\u00e1pidamente.\" \/>\n<meta name=\"robots\" content=\"index, follow, max-snippet:-1, max-image-preview:large, max-video-preview:-1\" \/>\n<link rel=\"canonical\" href=\"https:\/\/cloudmlmsoftware.com\/es\/software-mlm-para-start-ups\/\" \/>\n<meta property=\"og:locale\" content=\"es_ES\" \/>\n<meta property=\"og:type\" content=\"article\" \/>\n<meta property=\"og:title\" content=\"software-mlm-para-start-ups\" \/>\n<meta property=\"og:description\" content=\"Software MLM para empresas emergentes: soluciones asequibles, escalables y personalizables para ayudarle a hacer crecer su negocio de marketing en red r\u00e1pidamente.\" \/>\n<meta property=\"og:url\" content=\"https:\/\/cloudmlmsoftware.com\/es\/software-mlm-para-start-ups\/\" \/>\n<meta property=\"og:site_name\" content=\"Cloud MLM Software\" \/>\n<meta property=\"article:modified_time\" content=\"2024-10-07T06:57:43+00:00\" \/>\n<meta name=\"twitter:card\" content=\"summary_large_image\" \/>\n<meta name=\"twitter:label1\" content=\"Tiempo de lectura\" \/>\n\t<meta name=\"twitter:data1\" content=\"4 minutos\" \/>\n<!-- \/ Yoast SEO Premium plugin. -->","yoast_head_json":{"title":"Software MLM para empresas emergentes: soluciones escalables para el crecimiento","description":"Software MLM para empresas emergentes: soluciones asequibles, escalables y personalizables para ayudarle a hacer crecer su negocio de marketing en red r\u00e1pidamente.","robots":{"index":"index","follow":"follow","max-snippet":"max-snippet:-1","max-image-preview":"max-image-preview:large","max-video-preview":"max-video-preview:-1"},"canonical":"https:\/\/cloudmlmsoftware.com\/es\/software-mlm-para-start-ups\/","og_locale":"es_ES","og_type":"article","og_title":"software-mlm-para-start-ups","og_description":"Software MLM para empresas emergentes: soluciones asequibles, escalables y personalizables para ayudarle a hacer crecer su negocio de marketing en red r\u00e1pidamente.","og_url":"https:\/\/cloudmlmsoftware.com\/es\/software-mlm-para-start-ups\/","og_site_name":"Cloud MLM Software","article_modified_time":"2024-10-07T06:57:43+00:00","twitter_card":"summary_large_image","twitter_misc":{"Tiempo de lectura":"4 minutos"},"schema":{"@context":"https:\/\/schema.org","@graph":[{"@type":"WebPage","@id":"https:\/\/cloudmlmsoftware.com\/es\/software-mlm-para-start-ups\/","url":"https:\/\/cloudmlmsoftware.com\/es\/software-mlm-para-start-ups\/","name":"Software MLM para empresas emergentes: soluciones escalables para el crecimiento","isPartOf":{"@id":"https:\/\/cloudmlmsoftware.com\/es\/#website"},"datePublished":"2024-08-01T05:21:08+00:00","dateModified":"2024-10-07T06:57:43+00:00","description":"Software MLM para empresas emergentes: soluciones asequibles, escalables y personalizables para ayudarle a hacer crecer su negocio de marketing en red r\u00e1pidamente.","breadcrumb":{"@id":"https:\/\/cloudmlmsoftware.com\/es\/software-mlm-para-start-ups\/#breadcrumb"},"inLanguage":"es","potentialAction":[{"@type":"ReadAction","target":["https:\/\/cloudmlmsoftware.com\/es\/software-mlm-para-start-ups\/"]}]},{"@type":"BreadcrumbList","@id":"https:\/\/cloudmlmsoftware.com\/es\/software-mlm-para-start-ups\/#breadcrumb","itemListElement":[{"@type":"ListItem","position":1,"name":"Home","item":"https:\/\/cloudmlmsoftware.com\/es\/"},{"@type":"ListItem","position":2,"name":"software-mlm-para-start-ups"}]},{"@type":"WebSite","@id":"https:\/\/cloudmlmsoftware.com\/es\/#website","url":"https:\/\/cloudmlmsoftware.com\/es\/","name":"Cloud MLM Software","description":"","publisher":{"@id":"https:\/\/cloudmlmsoftware.com\/es\/#organization"},"potentialAction":[{"@type":"SearchAction","target":{"@type":"EntryPoint","urlTemplate":"https:\/\/cloudmlmsoftware.com\/es\/?s={search_term_string}"},"query-input":{"@type":"PropertyValueSpecification","valueRequired":true,"valueName":"search_term_string"}}],"inLanguage":"es"},{"@type":"Organization","@id":"https:\/\/cloudmlmsoftware.com\/es\/#organization","name":"Cloud MLM Software","url":"https:\/\/cloudmlmsoftware.com\/es\/","logo":{"@type":"ImageObject","inLanguage":"es","@id":"https:\/\/cloudmlmsoftware.com\/es\/#\/schema\/logo\/image\/","url":"https:\/\/cloudmlmsoftware.com\/wp-content\/uploads\/2024\/09\/cloudmlm-logo.webp","contentUrl":"https:\/\/cloudmlmsoftware.com\/wp-content\/uploads\/2024\/09\/cloudmlm-logo.webp","width":200,"height":40,"caption":"Cloud MLM Software"},"image":{"@id":"https:\/\/cloudmlmsoftware.com\/es\/#\/schema\/logo\/image\/"}}]}},"_links":{"self":[{"href":"https:\/\/cloudmlmsoftware.com\/es\/wp-json\/wp\/v2\/pages\/14419","targetHints":{"allow":["GET"]}}],"collection":[{"href":"https:\/\/cloudmlmsoftware.com\/es\/wp-json\/wp\/v2\/pages"}],"about":[{"href":"https:\/\/cloudmlmsoftware.com\/es\/wp-json\/wp\/v2\/types\/page"}],"author":[{"embeddable":true,"href":"https:\/\/cloudmlmsoftware.com\/es\/wp-json\/wp\/v2\/users\/1"}],"replies":[{"embeddable":true,"href":"https:\/\/cloudmlmsoftware.com\/es\/wp-json\/wp\/v2\/comments?post=14419"}],"version-history":[{"count":0,"href":"https:\/\/cloudmlmsoftware.com\/es\/wp-json\/wp\/v2\/pages\/14419\/revisions"}],"wp:attachment":[{"href":"https:\/\/cloudmlmsoftware.com\/es\/wp-json\/wp\/v2\/media?parent=14419"}],"curies":[{"name":"wp","href":"https:\/\/api.w.org\/{rel}","templated":true}]}}