{"id":14265,"date":"2024-06-26T07:24:09","date_gmt":"2024-06-26T07:24:09","guid":{"rendered":"https:\/\/cloudmlmsoftware.com\/preguntas-frecuentes\/"},"modified":"2024-09-25T11:13:49","modified_gmt":"2024-09-25T11:13:49","slug":"preguntas-frecuentes","status":"publish","type":"page","link":"https:\/\/cloudmlmsoftware.com\/es\/preguntas-frecuentes\/","title":{"rendered":"preguntas frecuentes"},"content":{"rendered":"\n<div class=\"bannerBgcolor BannerBg pt-16 pb-20 relative overflow-hidden\">\n   <div class=\"animation-wrapper\">\n      <div class=\"particle particle-1\"><\/div>\n      <div class=\"particle particle-2\"><\/div>\n      <div class=\"particle particle-3\"><\/div>\n      <div class=\"particle particle-4\"><\/div>\n   <\/div>\n   <div class=\"container mx-auto xl:h-[504px] lg:h-[450px] h-auto relative z-1\">\n      <div class=\"flex flex-wrap items-center\">\n         <div class=\"md:basis-5\/12 sm:basis-12\/12 pr-4 pr-0 py-14\">\n            <img decoding=\"async\" src=\"\/wp-content\/uploads\/2024\/09\/faq_Banner.webp\" width=\"467\" height=\"340\" alt=\"El mejor software de mlm en EE. UU.\" class=\"pulseBannerImg\"\/>\n         <\/div>\n         <div class=\"md:basis-7\/12 sm:basis-12\/12\">\n            <h1 class=\"lg:text-mainTitleFontSize sm:text-3xl text-3xl text-white lg:leading-snug \"><span class=\"font-bold animate-charcter-offwhite\">Preguntas frecuentes<\/span> sobre el software MLM <\/h1>\n            <p class=\"offWhite pt-3 text-md md:text-lg font-light\">Aqu\u00ed proporcionamos las respuestas a algunas de las preguntas m\u00e1s frecuentes sobre nuestro software Cloud MLM. Si tiene m\u00e1s preguntas, comun\u00edquese con nuestro equipo de atenci\u00f3n al cliente.  <\/p>\n         <\/div>\n      <\/div>\n   <\/div>\n<\/div>\n<!-- ************************************************************************************* -->\n<section class=\"p-sectionpadding\">\n   <div class=\"container mx-auto pt-20\">\n      <div class=\"flex flex-wrap\">\n         <div class=\"md:w-4\/12 w-full pr-0 sm:pr-4\">\n            <div class=\"relative flex flex-col-reverse sm:flex-col\" id=\"faqLeft\">\n               <ul id=\"tabs\" class=\"pt-2 md:px-1 w-full w-full lg:w-10\/12 space-y-2 titleColor text-md \">\n                  <li class=\"text-center lighter rounded-lg faqcatgryBtn active\">\n                     <a id=\"default-tab\" class=\"block px-4 py-3\" href=\"#first\">Funciones y capacidades del software<\/a>\n                  <\/li>\n                  <li class=\"text-center lighter rounded-lg faqcatgryBtn\">\n                     <a class=\"block px-4 py-3\" href=\"#second\">Requisitos t\u00e9cnicos y configuraci\u00f3n<\/a>\n                  <\/li>\n                  <li class=\"text-center lighter rounded-lg faqcatgryBtn\">\n                     <a class=\"block px-4 py-3\" href=\"#third\">Compras y precios<\/a>\n                  <\/li>\n               <\/ul>\n               <img decoding=\"async\" src=\"\/wp-content\/uploads\/2024\/08\/faq-copy.webp\" class=\"my-8\" width=\"320\" height=\"333\" alt=\"El mejor software de mlm en EE. UU.\"\/>\n            <\/div>\n         <\/div>\n         <div class=\"md:w-8\/12 w-full pl-0 sm:pl-4 faqRight\" id=\"tab-contents\">\n            <div id=\"first\" class=\"md:p-4\">\n               <ul class=\"accordion-list\">\n                  <li class=\"accdnBtn lightBg mb-4 rounded-xl active\">\n                     <div class=\"p-4 pr-6 relative font-medium cursor-pointer flex justify-between items-center btn-header-link titleColor\">\u00bfEs el MLM en la nube un software con inteligencia artificial<span class=\"iconarrow2\">?\u2bc6<\/span><\/div>\n                     <div class=\"accordion-content px-4 pb-4 answer\" style=\"display: block;\">\n                        <p class=\"text-textpara contentColor font-light leading-6 mb-3\">S\u00ed, Cloud MLM proporciona un sistema de gesti\u00f3n de MLM con IA para que los usuarios mejoren las operaciones de MLM, ofreciendo automatizaci\u00f3n, an\u00e1lisis de datos y optimizaci\u00f3n de los procesos de contrataci\u00f3n.<\/p>\n                     <\/div>\n                  <\/li>\n                  <!-- ******************* -->\n                  <li class=\"accdnBtn font-medium lightBg mb-4 rounded-xl\">\n                     <div class=\"p-4 pr-6 relative cursor-pointer flex justify-between items-center btn-header-link titleColor\">\u00bfEste software admite diferentes idiomas<span class=\"iconarrow2\">?\u2bc6<\/span><\/div>\n                     <div class=\"accordion-content px-4 pb-4 answer\">\n                        <p class=\"text-textpara contentColor font-light leading-6 mb-3\">S\u00ed, el software Cloud MLM tiene un sistema multiling\u00fce, que te permite hacer negocios en diferentes idiomas para los mismos productos o servicios.<\/p>\n                     <\/div>\n                  <\/li>\n                  <!-- ******************* -->\n                  <li class=\"accdnBtn font-medium lightBg mb-4 rounded-xl\">\n                     <div class=\"p-4 pr-6 relative cursor-pointer flex justify-between items-center btn-header-link titleColor\">\u00bfSe trata de un paquete autoalojado?\n\u00bfHay alg\u00fan plan mensual? <span class=\"iconarrow2\">\u2bc6<\/span> \n                     <\/div>\n                     <div class=\"accordion-content px-4 pb-4 answer\">\n                        <p class=\"text-textpara contentColor font-light leading-6 mb-3\">No, no hay cuota mensual.\nUna vez comprado el software, es tuyo para utilizarlo en tus propios servidores. <\/p>\n                     <\/div>\n                  <\/li>\n                  <!-- ******************* -->\n                  <li class=\"accdnBtn font-medium lightBg mb-4 rounded-xl\">\n                     <div class=\"p-4 pr-6 relative cursor-pointer flex justify-between items-center btn-header-link titleColor\">\u00bfEste software admite bitcoin o criptomonedas? <span class=\"iconarrow2\">\u2bc6<\/span>\n                     <\/div>\n                     <div class=\"accordion-content px-4 pb-4 answer\">\n                        <p class=\"text-textpara contentColor font-light leading-6 mb-3\">S\u00ed, el software tiene una API adicional para que puedas integrar bitcoin o criptomonedas junto con \u00e9l.<\/p>\n                     <\/div>\n                  <\/li>\n                  <!-- ******************* -->\n                  <li class=\"accdnBtn font-medium lightBg mb-4 rounded-xl\">\n                     <div class=\"p-4 pr-6 relative cursor-pointer flex justify-between items-center btn-header-link titleColor\">\u00bfSe puede personalizar este software MLM? <span class=\"iconarrow2\">\u2bc6<\/span>\n                     <\/div>\n                     <div class=\"accordion-content px-4 pb-4 answer\">\n                        <p class=\"text-textpara contentColor font-light leading-6 mb-3\">S\u00ed, este software ofrece personalizaciones ilimitadas en funci\u00f3n de tus necesidades.<\/p>\n                     <\/div>\n                  <\/li>\n                  <!-- ******************* -->\n                  <li class=\"accdnBtn font-medium lightBg mb-4 rounded-xl\">\n                     <div class=\"p-4 pr-6 relative cursor-pointer flex justify-between items-center btn-header-link titleColor\">\u00bfEs un software MLM de marca blanca? <span class=\"iconarrow2\">\u2bc6<\/span>\n                     <\/div>\n                     <div class=\"accordion-content px-4 pb-4 answer\">\n                        <p class=\"text-textpara contentColor font-light leading-6 mb-3\">S\u00ed, el software Cloud MLM es un software MLM de marca blanca.\nPuedes utilizar tu propio logotipo y el nombre de tu empresa en el software. <\/p>\n                     <\/div>\n                  <\/li>\n                  <!-- ******************* -->\n                  <li class=\"accdnBtn font-medium lightBg mb-4 rounded-xl\">\n                     <div class=\"p-4 pr-6 relative cursor-pointer flex justify-between items-center btn-header-link titleColor\">\u00bfEst\u00e1 disponible la integraci\u00f3n de SMS y correo electr\u00f3nico en este software? <span class=\"iconarrow2\">\u2bc6<\/span>\n                     <\/div>\n                     <div class=\"accordion-content px-4 pb-4 answer\">\n                        <p class=\"text-textpara contentColor font-light leading-6 mb-3\">S\u00ed, el software est\u00e1 integrado con m\u00f3dulos de correo electr\u00f3nico y SMS.<\/p>\n                     <\/div>\n                  <\/li>\n                  <!-- ******************* -->\n                  <li class=\"accdnBtn font-medium lightBg mb-4 rounded-xl\">\n                     <div class=\"p-4 pr-6 relative cursor-pointer flex justify-between items-center btn-header-link titleColor\">\u00bfOfrecen instalaci\u00f3n y soporte para el software? <span class=\"iconarrow2\">\u2bc6<\/span>\n                     <\/div>\n                     <div class=\"accordion-content px-4 pb-4 answer\">\n                        <p class=\"text-textpara contentColor font-light leading-6 mb-3\">S\u00ed, brindamos instalaci\u00f3n y soporte t\u00e9cnico gratuito durante 6 meses.<\/p>\n                     <\/div>\n                  <\/li>\n                  <!-- ******************* -->\n                  <li class=\"accdnBtn font-medium lightBg mb-4 rounded-xl\">\n                     <div class=\"p-4 pr-6 relative cursor-pointer flex justify-between items-center btn-header-link titleColor\">\u00bfEs posible vender productos utilizando este software? <span class=\"iconarrow2\">\u2bc6<\/span>\n                     <\/div>\n                     <div class=\"accordion-content px-4 pb-4 answer\">\n                        <p class=\"text-textpara contentColor font-light leading-6 mb-3\">S\u00ed, puede integrar un sistema de comercio electr\u00f3nico con este software MLM, lo que le permitir\u00e1 agregar productos desde el backend y vender a trav\u00e9s de este sistema.<\/p>\n                     <\/div>\n                  <\/li>\n                  <!-- ******************* -->\n                  <li class=\"accdnBtn font-medium lightBg mb-4 rounded-xl\">\n                     <div class=\"p-4 pr-6 relative cursor-pointer flex justify-between items-center btn-header-link titleColor\">\u00bfPuedo comprobar las caracter\u00edsticas de su software antes de comprarlo? <span class=\"iconarrow2\">\u2bc6<\/span>\n                     <\/div>\n                     <div class=\"accordion-content px-4 pb-4 answer\">\n                        <p class=\"text-textpara contentColor font-light leading-6 mb-3\">S\u00ed, puede comprobar las funciones de nuestro software MLM visitando nuestra secci\u00f3n de demostraci\u00f3n gratuita del software MLM. <\/p>\n                     <\/div>\n                  <\/li>\n                  <!-- ******************* -->\n                  <li class=\"accdnBtn font-medium lightBg mb-4 rounded-xl\">\n                     <div class=\"p-4 pr-6 relative cursor-pointer flex justify-between items-center btn-header-link titleColor\">\u00bfEl software MLM en la nube es compatible con todos los planes de compensaci\u00f3n de MLM? <span class=\"iconarrow2\"> \u2bc6<\/span>\n                     <\/div>\n                     <div class=\"accordion-content px-4 pb-4 answer\">\n                        <p class=\"text-textpara contentColor font-light leading-6 mb-3\">S\u00ed, el software Cloud MLM admite todos los planes de compensaci\u00f3n y planes MLM personalizados si es necesario. <\/p>\n                     <\/div>\n                  <\/li>\n                  <!-- ******************* -->\n               <\/ul>\n            <\/div>\n            <!-- ================================================= -->\n            <div id=\"second\" class=\"md:p-4 hidden \">\n               <ul class=\"accordion-list\">\n                  <li class=\"accdnBtn lightBg mb-4 rounded-xl\">\n                     <div class=\"p-4 pr-6 font-medium relative cursor-pointer flex justify-between items-center btn-header-link titleColor\">\u00bfCu\u00e1les son los requisitos m\u00ednimos? <span class=\"iconarrow2\">\u2bc6<\/span>\n                     <\/div>\n                     <div class=\"accordion-content px-4 pb-4 answer\">\n                        <p class=\"text-textpara contentColor font-light leading-6 mb-3\">No hay muchos, pero necesitar\u00e1s PHP >= 7.2, Extensi\u00f3n PHP OpenSSL, Extensi\u00f3n PHP PDO, Extensi\u00f3n PHP Mbstring, Extensi\u00f3n PHP Tokenizer y Extensi\u00f3n PHP XML para ejecutar este software.\nSi utilizas alojamiento en la nube\/compartido\/VPS o dedicado, te ayudaremos a hacerlo funcionar.  .  <\/p>\n                     <\/div>\n                  <\/li>\n                  <li class=\"accdnBtn lightBg mb-4 rounded-xl\">\n                     <div class=\"p-4 pr-6 font-medium relative cursor-pointer flex justify-between items-center btn-header-link titleColor\">\u00bfNecesito un certificado SSL? <span class=\"iconarrow2\">\u2bc6<\/span>\n                     <\/div>\n                     <div class=\"accordion-content px-4 pb-4 answer\">\n                        <p class=\"text-textpara contentColor font-light leading-6 mb-3\">S\u00ed, te animamos a que utilices certificados SSL para que tus procesos de pago sean seguros.<\/p>\n                     <\/div>\n                  <\/li>\n                  <!-- ******************* -->\n                  <li class=\"accdnBtn lightBg mb-4 rounded-xl\">\n                     <div class=\"p-4 font-medium pr-6 relative cursor-pointer flex justify-between items-center btn-header-link titleColor\">\u00bfSe puede subir el software a nuestro servidor? <span class=\"iconarrow2\">\u2bc6<\/span>\n                     <\/div>\n                     <div class=\"accordion-content px-4 pb-4 answer\">\n                        <p class=\"text-textpara contentColor font-light leading-6 mb-3\">  S\u00ed, el software Cloud MLM es un software MLM autoalojado, por lo que puedes instalarlo en tus propios servidores  <\/p>\n                     <\/div>\n                  <\/li>\n                  <!-- ******************* -->\n                  <li class=\"accdnBtn lightBg mb-4 rounded-xl\">\n                     <div class=\"p-4 font-medium pr-6 relative cursor-pointer flex justify-between items-center btn-header-link titleColor\">\u00bfAdmite tu software API de terceros? <span class=\"iconarrow2\">\u2bc6<\/span>\n                     <\/div>\n                     <div class=\"accordion-content px-4 pb-4 answer\">\n                        <p class=\"text-textpara contentColor font-light leading-6 mb-3\">  S\u00ed, el software MLM en la nube admite todas las API de terceros mediante una integraci\u00f3n adecuada.  <\/p>\n                     <\/div>\n                  <\/li>\n                  <!-- ******************* -->\n                  <!-- ******************* -->\n                  <li class=\"accdnBtn lightBg mb-4 rounded-xl\">\n                     <div class=\"p-4 font-medium pr-6 relative cursor-pointer flex justify-between items-center btn-header-link titleColor\">Puedo migrar de mi sistema actual al software MLM en la Nube? <span class=\"iconarrow2\">\u2bc6<\/span>\n                     <\/div>\n                     <div class=\"accordion-content px-4 pb-4 answer\">\n                        <p class=\"text-textpara contentColor font-light leading-6 mb-3\">  S\u00ed, es posible, y el coste puede calcularse tras analizar tu base de datos existente  <\/p>\n                     <\/div>\n                  <\/li>\n                  <!-- ******************* -->\n               <\/ul>\n            <\/div>\n            <!-- ================================================= -->\n            <div id=\"third\" class=\"md:p-4 hidden \">\n               <ul class=\"accordion-list\">\n                  <li class=\"accdnBtn lightBg mb-4 rounded-xl\">\n                     <div class=\"p-4 font-medium pr-6 relative cursor-pointer flex justify-between items-center btn-header-link titleColor\">\u00bfEs negociable el precio? <span class=\"iconarrow2\">\u2bc6<\/span>\n                     <\/div>\n                     <div class=\"accordion-content px-4 pb-4 answer\">\n                        <p class=\"text-textpara contentColor font-light leading-6 mb-3\">Ponte en contacto con nosotros para obtener un software MLM personalizado basado en tus requisitos, y s\u00ed, el precio es negociable en funci\u00f3n de esos requisitos.<\/p>\n                     <\/div>\n                  <\/li>\n                  <li class=\"accdnBtn lightBg mb-4 rounded-xl\">\n                     <div class=\"p-4 font-medium pr-6 relative cursor-pointer flex justify-between items-center btn-header-link titleColor\">\u00bfC\u00f3mo puedo comprar software MLM en la nube? <span class=\"iconarrow2\">\u2bc6<\/span>\n                     <\/div>\n                     <div class=\"accordion-content px-4 pb-4 answer\">\n                        <p class=\"text-textpara contentColor font-light leading-6 mb-3\">Puedes comprar el software Cloud MLM rellenando el formulario de la secci\u00f3n Contacta con nosotros, o puedes enviar un correo electr\u00f3nico a info@cloudmlmsoftware.com.\nNuestro equipo se pondr\u00e1 en contacto contigo lo antes posible para discutir el plan.\nSi est\u00e1s satisfecho, puedes realizar el pago online a trav\u00e9s de nuestra pasarela de pago.  <\/p>\n                     <\/div>\n                  <\/li>\n                  <li class=\"accdnBtn lightBg mb-4 rounded-xl\">\n                     <div class=\"p-4 font-medium pr-6 relative cursor-pointer flex justify-between items-center btn-header-link titleColor\">\u00bfQu\u00e9 pagos admite el software Cloud MLM? <span class=\"iconarrow2\">\u2bc6<\/span>\n                     <\/div>\n                     <div class=\"accordion-content px-4 pb-4 answer\">\n                        <p class=\"text-textpara contentColor font-light leading-6 mb-3\">El software MLM en la nube es compatible con casi todas las pasarelas de pago, como 2Checkout, Adyen, Amazon Pay, Authorize.net, BitPay, BlueSnap, Braintree, CardinalCommerce, PayPal, Payza, SagePay, Stripe, etc.<\/p>\n                     <\/div>\n                  <\/li>\n                  <li class=\"accdnBtn lightBg mb-4 rounded-xl\">\n                     <div class=\"p-4 font-medium pr-6 relative cursor-pointer flex justify-between items-center btn-header-link titleColor\">\u00bfProporcion\u00e1is documentaci\u00f3n KYC? <span class=\"iconarrow2\">\u2bc6<\/span>\n                     <\/div>\n                     <div class=\"accordion-content px-4 pb-4 answer\">\n                        <p class=\"text-textpara contentColor font-light leading-6 mb-3\">S\u00ed, el programa tiene un <a href=\"https:\/\/cloudmlmsoftware.com\/kyc-documentation\" target=\"_blank\" rel=\"noopener\"><span style=\"color:#3498db;\"><b>m\u00f3dulo de verificaci\u00f3n KYC<\/b> para mayor seguridad.<\/span><\/a><\/p>\n                     <\/div>\n                  <\/li>\n               <\/ul>\n            <\/div>\n            <!-- ================================================= -->\n         <\/div>\n      <\/div>\n   <\/div>\n<\/section>\n","protected":false},"excerpt":{"rendered":"<p>Preguntas frecuentes sobre el software MLM Aqu\u00ed proporcionamos las respuestas a algunas de las preguntas m\u00e1s frecuentes sobre nuestro software Cloud MLM. Si tiene m\u00e1s preguntas, comun\u00edquese con nuestro equipo de atenci\u00f3n al cliente. Funciones y capacidades del software Requisitos t\u00e9cnicos y configuraci\u00f3n Compras y precios \u00bfEs el MLM en la nube un software con [&hellip;]<\/p>\n","protected":false},"author":1,"featured_media":0,"parent":0,"menu_order":0,"comment_status":"closed","ping_status":"closed","template":"faqs-page.php","meta":{"_acf_changed":false,"footnotes":""},"class_list":["post-14265","page","type-page","status-publish","hentry"],"acf":[],"yoast_head":"<!-- This site is optimized with the Yoast SEO Premium plugin v23.6 (Yoast SEO v25.9) - https:\/\/yoast.com\/wordpress\/plugins\/seo\/ -->\n<title>Preguntas frecuentes sobre software MLM<\/title>\n<meta name=\"description\" content=\"Estas son las preguntas frecuentes sobre Cloud MLM Software, esto te ayudar\u00e1 a resolver todas las dudas sobre nuestro producto, servicio, precio, etc.\" \/>\n<meta name=\"robots\" content=\"index, follow, max-snippet:-1, max-image-preview:large, max-video-preview:-1\" \/>\n<link rel=\"canonical\" href=\"https:\/\/cloudmlmsoftware.com\/es\/preguntas-frecuentes\/\" \/>\n<meta property=\"og:locale\" content=\"es_ES\" \/>\n<meta property=\"og:type\" content=\"article\" \/>\n<meta property=\"og:title\" content=\"preguntas frecuentes\" \/>\n<meta property=\"og:description\" content=\"Estas son las preguntas frecuentes sobre Cloud MLM Software, esto te ayudar\u00e1 a resolver todas las dudas sobre nuestro producto, servicio, precio, etc.\" \/>\n<meta property=\"og:url\" content=\"https:\/\/cloudmlmsoftware.com\/es\/preguntas-frecuentes\/\" \/>\n<meta property=\"og:site_name\" content=\"Cloud MLM Software\" \/>\n<meta property=\"article:modified_time\" content=\"2024-09-25T11:13:49+00:00\" \/>\n<meta name=\"twitter:card\" content=\"summary_large_image\" \/>\n<meta name=\"twitter:label1\" content=\"Tiempo de lectura\" \/>\n\t<meta name=\"twitter:data1\" content=\"4 minutos\" \/>\n<!-- \/ Yoast SEO Premium plugin. -->","yoast_head_json":{"title":"Preguntas frecuentes sobre software MLM","description":"Estas son las preguntas frecuentes sobre Cloud MLM Software, esto te ayudar\u00e1 a resolver todas las dudas sobre nuestro producto, servicio, precio, etc.","robots":{"index":"index","follow":"follow","max-snippet":"max-snippet:-1","max-image-preview":"max-image-preview:large","max-video-preview":"max-video-preview:-1"},"canonical":"https:\/\/cloudmlmsoftware.com\/es\/preguntas-frecuentes\/","og_locale":"es_ES","og_type":"article","og_title":"preguntas frecuentes","og_description":"Estas son las preguntas frecuentes sobre Cloud MLM Software, esto te ayudar\u00e1 a resolver todas las dudas sobre nuestro producto, servicio, precio, etc.","og_url":"https:\/\/cloudmlmsoftware.com\/es\/preguntas-frecuentes\/","og_site_name":"Cloud MLM Software","article_modified_time":"2024-09-25T11:13:49+00:00","twitter_card":"summary_large_image","twitter_misc":{"Tiempo de lectura":"4 minutos"},"schema":{"@context":"https:\/\/schema.org","@graph":[{"@type":"WebPage","@id":"https:\/\/cloudmlmsoftware.com\/es\/preguntas-frecuentes\/","url":"https:\/\/cloudmlmsoftware.com\/es\/preguntas-frecuentes\/","name":"Preguntas frecuentes sobre software MLM","isPartOf":{"@id":"https:\/\/cloudmlmsoftware.com\/es\/#website"},"datePublished":"2024-06-26T07:24:09+00:00","dateModified":"2024-09-25T11:13:49+00:00","description":"Estas son las preguntas frecuentes sobre Cloud MLM Software, esto te ayudar\u00e1 a resolver todas las dudas sobre nuestro producto, servicio, precio, etc.","breadcrumb":{"@id":"https:\/\/cloudmlmsoftware.com\/es\/preguntas-frecuentes\/#breadcrumb"},"inLanguage":"es","potentialAction":[{"@type":"ReadAction","target":["https:\/\/cloudmlmsoftware.com\/es\/preguntas-frecuentes\/"]}]},{"@type":"BreadcrumbList","@id":"https:\/\/cloudmlmsoftware.com\/es\/preguntas-frecuentes\/#breadcrumb","itemListElement":[{"@type":"ListItem","position":1,"name":"Home","item":"https:\/\/cloudmlmsoftware.com\/es\/"},{"@type":"ListItem","position":2,"name":"preguntas frecuentes"}]},{"@type":"WebSite","@id":"https:\/\/cloudmlmsoftware.com\/es\/#website","url":"https:\/\/cloudmlmsoftware.com\/es\/","name":"Cloud MLM Software","description":"","publisher":{"@id":"https:\/\/cloudmlmsoftware.com\/es\/#organization"},"potentialAction":[{"@type":"SearchAction","target":{"@type":"EntryPoint","urlTemplate":"https:\/\/cloudmlmsoftware.com\/es\/?s={search_term_string}"},"query-input":{"@type":"PropertyValueSpecification","valueRequired":true,"valueName":"search_term_string"}}],"inLanguage":"es"},{"@type":"Organization","@id":"https:\/\/cloudmlmsoftware.com\/es\/#organization","name":"Cloud MLM Software","url":"https:\/\/cloudmlmsoftware.com\/es\/","logo":{"@type":"ImageObject","inLanguage":"es","@id":"https:\/\/cloudmlmsoftware.com\/es\/#\/schema\/logo\/image\/","url":"https:\/\/cloudmlmsoftware.com\/wp-content\/uploads\/2024\/09\/cloudmlm-logo.webp","contentUrl":"https:\/\/cloudmlmsoftware.com\/wp-content\/uploads\/2024\/09\/cloudmlm-logo.webp","width":200,"height":40,"caption":"Cloud MLM Software"},"image":{"@id":"https:\/\/cloudmlmsoftware.com\/es\/#\/schema\/logo\/image\/"}}]}},"_links":{"self":[{"href":"https:\/\/cloudmlmsoftware.com\/es\/wp-json\/wp\/v2\/pages\/14265","targetHints":{"allow":["GET"]}}],"collection":[{"href":"https:\/\/cloudmlmsoftware.com\/es\/wp-json\/wp\/v2\/pages"}],"about":[{"href":"https:\/\/cloudmlmsoftware.com\/es\/wp-json\/wp\/v2\/types\/page"}],"author":[{"embeddable":true,"href":"https:\/\/cloudmlmsoftware.com\/es\/wp-json\/wp\/v2\/users\/1"}],"replies":[{"embeddable":true,"href":"https:\/\/cloudmlmsoftware.com\/es\/wp-json\/wp\/v2\/comments?post=14265"}],"version-history":[{"count":0,"href":"https:\/\/cloudmlmsoftware.com\/es\/wp-json\/wp\/v2\/pages\/14265\/revisions"}],"wp:attachment":[{"href":"https:\/\/cloudmlmsoftware.com\/es\/wp-json\/wp\/v2\/media?parent=14265"}],"curies":[{"name":"wp","href":"https:\/\/api.w.org\/{rel}","templated":true}]}}