{"id":14102,"date":"2024-05-22T13:41:43","date_gmt":"2024-05-22T13:41:43","guid":{"rendered":"https:\/\/cloudmlmsoftware.com\/vale-e-para-software-mlm\/"},"modified":"2024-11-08T06:02:58","modified_gmt":"2024-11-08T06:02:58","slug":"e-voucher-para-el-software-de-mlm","status":"publish","type":"page","link":"https:\/\/cloudmlmsoftware.com\/es\/e-voucher-para-el-software-de-mlm\/","title":{"rendered":"vale-e-para-software-mlm"},"content":{"rendered":"\n<div class=\"bannerBgcolor BannerBg pt-16 pb-20 relative overflow-hidden\">\n        <div class=\"animation-wrapper\">\n            <div class=\"particle particle-1\"><\/div>\n            <div class=\"particle particle-2\"><\/div>\n            <div class=\"particle particle-3\"><\/div>\n            <div class=\"particle particle-4\"><\/div>\n        <\/div>\n\n        <div class=\"container mx-auto xl:h-[504px] lg:h-[450px] h-auto relative z-1\">\n            <div class=\"flex flex-wrap items-center\">\n                <div class=\"md:basis-5\/12 sm:basis-12\/12 pr-4 pr-0 py-14\">\n                    <img decoding=\"async\" src=\"\/wp-content\/uploads\/2024\/08\/Modulesbanner.webp\" width=\"467\" height=\"411\" alt=\"El mejor software de mlm en EE. UU.\" class=\"pulseBannerImg\"\/>\n                <\/div>\n                <div class=\"md:basis-7\/12 sm:basis-12\/12\">\n                    <h1 class=\"lg:text-mainTitleFontSize sm:text-3xl text-3xl text-white lg:leading-snug capitalize\">\n                         M\u00f3dulo de <span class=\"font-bold animate-charcter-offwhite\"> vale electr\u00f3nico<\/span> <\/h1>\n\n\n                    <p class=\"offlightWhite pt-3 text-md\">Un m\u00f3dulo de software MLM es un paquete para ampliar la funcionalidad del software MLM. Hay muchos paquetes de m\u00f3dulos que puede combinar y usar con su software MLM. Cloud MLM facilita la ampliaci\u00f3n de m\u00f3dulos con software MLM.  <\/p>\n                <\/div>\n\n            <\/div>\n        <\/div>\n    <\/div>\n    <!-- ************************************************************************************* -->\n\n    <section class=\"p-sectionpadding\">\n        <div class=\"container mx-auto pt-20\">\n            <div class=\"flex flex-wrap items-start md:items-center flex-col-reverse md:flex-row\">\n                <div class=\"flex-1 w-full pr-0 md:pr-7 pr-0 mt-3\">\n                    <div class=\"relative\">\n\n                        <h2 class=\"lg:text-TitlesemiFontSize text-2xl titleColor lg:leading-snug capitalize\">\n                            <span class=\"font-bold\">Agilizaci\u00f3n de transacciones con el m\u00f3dulo de cupones electr\u00f3nicos:<\/span> <span class=\"font-bold\">simplificaci\u00f3n del modelo de negocio MLM para los usuarios<\/span> \n\n                        <\/h2>\n\n                        <p class=\"pt-6 font-light leading-6 text-textpara contentColor\">El m\u00f3dulo E-Voucher permite a los usuarios realizar transacciones de forma m\u00e1s f\u00e1cil y segura. Esta funci\u00f3n le permite generar cupones electr\u00f3nicos configurables para promociones, recompensas e incentivos con transacciones seguras y sencillas.  Los miembros pueden comprar, transferir y canjear cupones electr\u00f3nicos c\u00f3modamente en la interfaz de usuario para impulsar su participaci\u00f3n. Con seguimiento en tiempo real y amplios informes, el m\u00f3dulo E-Voucher le brinda visibilidad y gesti\u00f3n completas de su sistema de gesti\u00f3n de vales para la expansi\u00f3n de la red y la retenci\u00f3n de miembros.  <\/p>\n\n                    <\/div>\n                <\/div>\n                <div class=\"hidden lg:flex items-end justify-right w-[360px] primaryColor rounded-2xl pt-20 pl-10 ml-0 md:ml-10 mb-2 pb-0 overflow-hidden mt-3\">\n                    <img decoding=\"async\" src=\"\/wp-content\/uploads\/2024\/08\/moduleEvoucherIntro.svg\" alt=\"software mlm bst\" class=\"relative right-[-10px] w-full\"\/>\n                <\/div>\n            <\/div>\n        <\/div>\n    <\/section>\n\n    <!-- ================================================================================================ -->\n    <section class=\"p-sectionpadding\">\n        <div class=\"container mx-auto \">\n            <div class=\"relative darkblue rounded-2xl px-7 md:px-12 py-16\">\n\n                <h3 class=\"text-3xl text-white lg:leading-snug capitalize w-full lg:w-6\/12 mx-auto text-center mb-10\">\n                     <span class=\"font-bold\">Caracter\u00edsticas<\/span> del sistema de cupones <span class=\"font-bold\"> electr\u00f3nicos<\/span> de Cloud MLM <\/h3>\n\n                <div class=\"flex flex-wrap md:w-10\/12 mx-auto\">\n\n                    <div class=\"relative w-full lg:w-6\/12 pr-0 lg:pr-5\">\n                        <ul class=\"flex flex-wrap space-x-2 mt-4 ml-[-12px] list1 mt-6\">\n                            <li class=\"text-textpara text-white font-light leading-6 mb-3 ml-2\">Interfaces f\u00e1ciles de usar <\/li>\n                            <li class=\"text-textpara text-white font-light leading-6 mb-3 ml-2\">Los usuarios pueden comprar productos con estos c\u00f3digos de cup\u00f3n electr\u00f3nico.<\/li>\n                            <li class=\"text-textpara text-white font-light leading-6 mb-3 ml-2\">Se puede realizar cualquier cantidad de tipos de cupones electr\u00f3nicos<\/li>\n                            <li class=\"text-textpara text-white font-light leading-6 mb-3 ml-2\">Si no queda ning\u00fan cup\u00f3n y hay saldo en la billetera electr\u00f3nica, los usuarios pueden solicitar un cup\u00f3n electr\u00f3nico al administrador con solo hacer clic en un bot\u00f3n.<\/li>\n                            <li class=\"text-textpara text-white font-light leading-6 mb-3 ml-2\">Los vales electr\u00f3nicos se crear\u00e1n de forma muy segura y cada vale electr\u00f3nico ser\u00e1 \u00fanico. Al no poder adivinar ni usar la fuerza bruta, los cupones electr\u00f3nicos ser\u00e1n muy seguros. <\/li>\n                            <li class=\"text-textpara text-white font-light leading-6 mb-3 ml-2\">El administrador puede gestionar f\u00e1cilmente el cup\u00f3n electr\u00f3nico desde el backend. Puede personalizar las tasas de comisi\u00f3n, descuentos y otros elementos de los cupones electr\u00f3nicos. <\/li>\n                            <li class=\"text-textpara text-white font-light leading-6 mb-3 ml-2\">El administrador puede ver o imprimir los informes de cupones electr\u00f3nicos, los usuarios pueden ver su historial de cupones electr\u00f3nicos y sus informes de uso. <\/li>\n\n                        <\/ul>\n                    <\/div>\n\n                    <div class=\"lg:flex-shrink-0 w-full lg:w-6\/12 pl-0 lg:pl-5\">\n\n                        <ul class=\"flex flex-wrap space-x-2 mt-4 ml-[-12px] list1 mt-6\">\n                            <li class=\"text-textpara text-white font-light leading-6 mb-3 ml-2\">Los poderes de codificaci\u00f3n y seguimiento de vales electr\u00f3nicos reducen el riesgo de trampas y p\u00e9rdida de vales.<\/li>\n                            <li class=\"text-textpara text-white font-light leading-6 mb-3 ml-2\">Permitir el marketing MLM y la gesti\u00f3n de vales a trav\u00e9s del concepto de pedido de franquicia\/miembro.<\/li>\n                            <li class=\"text-textpara text-white font-light leading-6 mb-3 ml-2\">Bloquear\/desbloquear la instalaci\u00f3n de vales<\/li>\n                            <li class=\"text-textpara text-white font-light leading-6 mb-3 ml-2\">Exportar a Excel\/Word<\/li>\n                            <li class=\"text-textpara text-white font-light leading-6 mb-3 ml-2\">Seguimiento completo del bono<\/li>\n                            <li class=\"text-textpara text-white font-light leading-6 mb-3 ml-2\">Aplicaci\u00f3n de escritorio para impresi\u00f3n de vales<\/li>\n                            <li class=\"text-textpara text-white font-light leading-6 mb-3 ml-2\">El cup\u00f3n electr\u00f3nico se puede enviar por correo electr\u00f3nico, fax o SMS.<\/li>\n                            <li class=\"text-textpara text-white font-light leading-6 mb-3 ml-2\">Varios informes MIS<\/li>\n                            <li class=\"text-textpara text-white font-light leading-6 mb-3 ml-2\">Copia de seguridad autom\u00e1tica<\/li>\n                        <\/ul>\n                    <\/div>\n                <\/div>\n            <\/div>\n        <\/div>\n    <\/section>\n\n    <!-- ************************************************************************************* -->\n    <section class=\"p-sectionpadding\">\n        <div class=\"container mx-auto\">\n            <div class=\"flex flex-wrap\">\n                <div class=\"w-full lg:w-6\/12\">\n                    <h3 class=\"lg:text-TitlesemiFontSize text-2xl titleColor lg:leading-snug mt-3 capitalize\">\n                         <span class=\"font-bold\">Importancia <\/span> del m\u00f3dulo de cupones <span class=\"font-bold\">electr\u00f3nicos<\/span> de Cloud MLM <\/h3>\n                <\/div>\n\n                <div class=\"w-full flex flex-wrap pt-2 justify-between\">\n                    <div class=\"w-full lg:w-1\/3 my-3\">\n                        <div class=\"primaryColor px-7 lg:px-10 py-3 rounded-xl h-full\">\n                            <h4 class=\"text-white text-2xl font-semibold mt-4\">Mediante el uso de vales electr\u00f3nicos, las transacciones y los pagos pueden ser seguros<\/h4>\n                            <p class=\"text-white font-light text-md pt-6\">Hay varios m\u00e9todos disponibles para la inscripci\u00f3n y el pago de productos. Sin embargo, no todos son seguros y no brindan protecci\u00f3n para las transacciones y pagos. Pero con la ayuda de la tecnolog\u00eda, las transacciones y los pagos ahora pueden ser seguros mediante el uso de cupones electr\u00f3nicos. Los vales electr\u00f3nicos tambi\u00e9n se conocen como vales prepagos, cupones prepagos y tarjetas rasca y gana.   <\/p>\n                        <\/div>\n                    <\/div>\n\n\n                    <div class=\"w-full lg:w-2\/3 px-0 lg:px-4 lg:my-3 flex flex-col justify-between\">\n                        <div class=\"lighter px-7 py-10 rounded-xl h-full flex flex-col justify-center\">\n                            <h4 class=\"titleColor text-xl font-semibold mt-4\">Recoge pagos f\u00e1cilmente de miembros de todo el mundo<\/h4>\n                            <p class=\"contentColor font-light text-md mt-4\">Para las empresas de MLM resulta dif\u00edcil cobrar pagos de clientes de todo el mundo. Muchas empresas han adoptado el uso de cupones electr\u00f3nicos para facilitar el cobro de pagos global. <\/p>\n                        <\/div>\n                        <div class=\"lighter px-8 py-10 rounded-xl mt-3 h-full\">\n                            <h4 class=\"titleColor text-xl font-semibold\">Ofrece mayor flexibilidad a clientes y empresas para realizar transacciones en la web a un costo muy bajo. <\/h4>\n                            <p class=\"contentColor font-light text-md mt-4\">El sistema de cupones electr\u00f3nicos es una forma segura de aceptar membres\u00edas, patrocinios o pagos de productos. Las grandes y conocidas empresas de la red MLM han adoptado el m\u00e9todo de vale electr\u00f3nico para cobrar el pago a los clientes. \u00a1Hay muchos m\u00e1s m\u00f3dulos en el software Cloud MLM que pueden ayudarlo a impulsar su negocio!  <\/p>\n                        <\/div>\n                    <\/div>\n                <\/div>\n            <\/div>\n        <\/div>\n    <\/section>\n","protected":false},"excerpt":{"rendered":"<p>M\u00f3dulo de vale electr\u00f3nico Un m\u00f3dulo de software MLM es un paquete para ampliar la funcionalidad del software MLM. Hay muchos paquetes de m\u00f3dulos que puede combinar y usar con su software MLM. Cloud MLM facilita la ampliaci\u00f3n de m\u00f3dulos con software MLM. Agilizaci\u00f3n de transacciones con el m\u00f3dulo de cupones electr\u00f3nicos: simplificaci\u00f3n del modelo [&hellip;]<\/p>\n","protected":false},"author":1,"featured_media":0,"parent":0,"menu_order":0,"comment_status":"closed","ping_status":"closed","template":"moduleevoucher-page.php","meta":{"_acf_changed":false,"footnotes":""},"class_list":["post-14102","page","type-page","status-publish","hentry"],"acf":[],"yoast_head":"<!-- This site is optimized with the Yoast SEO Premium plugin v23.6 (Yoast SEO v25.9) - https:\/\/yoast.com\/wordpress\/plugins\/seo\/ -->\n<title>Vale electr\u00f3nico | Simplifique las recompensas y los pagos digitales<\/title>\n<meta name=\"description\" content=\"Vale electr\u00f3nico para recompensas y pagos digitales sin interrupciones. Administre cupones f\u00e1cilmente con funciones seguras, eficientes y f\u00e1ciles de usar.\" \/>\n<meta name=\"robots\" content=\"index, follow, max-snippet:-1, max-image-preview:large, max-video-preview:-1\" \/>\n<link rel=\"canonical\" href=\"https:\/\/cloudmlmsoftware.com\/es\/e-voucher-para-el-software-de-mlm\/\" \/>\n<meta property=\"og:locale\" content=\"es_ES\" \/>\n<meta property=\"og:type\" content=\"article\" \/>\n<meta property=\"og:title\" content=\"vale-e-para-software-mlm\" \/>\n<meta property=\"og:description\" content=\"Vale electr\u00f3nico para recompensas y pagos digitales sin interrupciones. Administre cupones f\u00e1cilmente con funciones seguras, eficientes y f\u00e1ciles de usar.\" \/>\n<meta property=\"og:url\" content=\"https:\/\/cloudmlmsoftware.com\/es\/e-voucher-para-el-software-de-mlm\/\" \/>\n<meta property=\"og:site_name\" content=\"Cloud MLM Software\" \/>\n<meta property=\"article:modified_time\" content=\"2024-11-08T06:02:58+00:00\" \/>\n<meta name=\"twitter:card\" content=\"summary_large_image\" \/>\n<meta name=\"twitter:label1\" content=\"Tiempo de lectura\" \/>\n\t<meta name=\"twitter:data1\" content=\"3 minutos\" \/>\n<!-- \/ Yoast SEO Premium plugin. -->","yoast_head_json":{"title":"Vale electr\u00f3nico | Simplifique las recompensas y los pagos digitales","description":"Vale electr\u00f3nico para recompensas y pagos digitales sin interrupciones. Administre cupones f\u00e1cilmente con funciones seguras, eficientes y f\u00e1ciles de usar.","robots":{"index":"index","follow":"follow","max-snippet":"max-snippet:-1","max-image-preview":"max-image-preview:large","max-video-preview":"max-video-preview:-1"},"canonical":"https:\/\/cloudmlmsoftware.com\/es\/e-voucher-para-el-software-de-mlm\/","og_locale":"es_ES","og_type":"article","og_title":"vale-e-para-software-mlm","og_description":"Vale electr\u00f3nico para recompensas y pagos digitales sin interrupciones. Administre cupones f\u00e1cilmente con funciones seguras, eficientes y f\u00e1ciles de usar.","og_url":"https:\/\/cloudmlmsoftware.com\/es\/e-voucher-para-el-software-de-mlm\/","og_site_name":"Cloud MLM Software","article_modified_time":"2024-11-08T06:02:58+00:00","twitter_card":"summary_large_image","twitter_misc":{"Tiempo de lectura":"3 minutos"},"schema":{"@context":"https:\/\/schema.org","@graph":[{"@type":"WebPage","@id":"https:\/\/cloudmlmsoftware.com\/es\/e-voucher-para-el-software-de-mlm\/","url":"https:\/\/cloudmlmsoftware.com\/es\/e-voucher-para-el-software-de-mlm\/","name":"Vale electr\u00f3nico | Simplifique las recompensas y los pagos digitales","isPartOf":{"@id":"https:\/\/cloudmlmsoftware.com\/es\/#website"},"datePublished":"2024-05-22T13:41:43+00:00","dateModified":"2024-11-08T06:02:58+00:00","description":"Vale electr\u00f3nico para recompensas y pagos digitales sin interrupciones. Administre cupones f\u00e1cilmente con funciones seguras, eficientes y f\u00e1ciles de usar.","breadcrumb":{"@id":"https:\/\/cloudmlmsoftware.com\/es\/e-voucher-para-el-software-de-mlm\/#breadcrumb"},"inLanguage":"es","potentialAction":[{"@type":"ReadAction","target":["https:\/\/cloudmlmsoftware.com\/es\/e-voucher-para-el-software-de-mlm\/"]}]},{"@type":"BreadcrumbList","@id":"https:\/\/cloudmlmsoftware.com\/es\/e-voucher-para-el-software-de-mlm\/#breadcrumb","itemListElement":[{"@type":"ListItem","position":1,"name":"Home","item":"https:\/\/cloudmlmsoftware.com\/es\/"},{"@type":"ListItem","position":2,"name":"vale-e-para-software-mlm"}]},{"@type":"WebSite","@id":"https:\/\/cloudmlmsoftware.com\/es\/#website","url":"https:\/\/cloudmlmsoftware.com\/es\/","name":"Cloud MLM Software","description":"","publisher":{"@id":"https:\/\/cloudmlmsoftware.com\/es\/#organization"},"potentialAction":[{"@type":"SearchAction","target":{"@type":"EntryPoint","urlTemplate":"https:\/\/cloudmlmsoftware.com\/es\/?s={search_term_string}"},"query-input":{"@type":"PropertyValueSpecification","valueRequired":true,"valueName":"search_term_string"}}],"inLanguage":"es"},{"@type":"Organization","@id":"https:\/\/cloudmlmsoftware.com\/es\/#organization","name":"Cloud MLM Software","url":"https:\/\/cloudmlmsoftware.com\/es\/","logo":{"@type":"ImageObject","inLanguage":"es","@id":"https:\/\/cloudmlmsoftware.com\/es\/#\/schema\/logo\/image\/","url":"https:\/\/cloudmlmsoftware.com\/wp-content\/uploads\/2024\/09\/cloudmlm-logo.webp","contentUrl":"https:\/\/cloudmlmsoftware.com\/wp-content\/uploads\/2024\/09\/cloudmlm-logo.webp","width":200,"height":40,"caption":"Cloud MLM Software"},"image":{"@id":"https:\/\/cloudmlmsoftware.com\/es\/#\/schema\/logo\/image\/"}}]}},"_links":{"self":[{"href":"https:\/\/cloudmlmsoftware.com\/es\/wp-json\/wp\/v2\/pages\/14102","targetHints":{"allow":["GET"]}}],"collection":[{"href":"https:\/\/cloudmlmsoftware.com\/es\/wp-json\/wp\/v2\/pages"}],"about":[{"href":"https:\/\/cloudmlmsoftware.com\/es\/wp-json\/wp\/v2\/types\/page"}],"author":[{"embeddable":true,"href":"https:\/\/cloudmlmsoftware.com\/es\/wp-json\/wp\/v2\/users\/1"}],"replies":[{"embeddable":true,"href":"https:\/\/cloudmlmsoftware.com\/es\/wp-json\/wp\/v2\/comments?post=14102"}],"version-history":[{"count":0,"href":"https:\/\/cloudmlmsoftware.com\/es\/wp-json\/wp\/v2\/pages\/14102\/revisions"}],"wp:attachment":[{"href":"https:\/\/cloudmlmsoftware.com\/es\/wp-json\/wp\/v2\/media?parent=14102"}],"curies":[{"name":"wp","href":"https:\/\/api.w.org\/{rel}","templated":true}]}}