{"id":14092,"date":"2024-05-22T13:40:50","date_gmt":"2024-05-22T13:40:50","guid":{"rendered":"https:\/\/cloudmlmsoftware.com\/modulo-de-monedero-e-para-software-mlm\/"},"modified":"2024-11-08T04:57:35","modified_gmt":"2024-11-08T04:57:35","slug":"e-wallet-modulo-para-el-software-mlm","status":"publish","type":"page","link":"https:\/\/cloudmlmsoftware.com\/es\/e-wallet-modulo-para-el-software-mlm\/","title":{"rendered":"m\u00f3dulo-de-monedero-e-para-software-mlm"},"content":{"rendered":"\n<div class=\"bannerBgcolor BannerBg pt-16 pb-20 relative overflow-hidden\">\n        <div class=\"animation-wrapper\">\n            <div class=\"particle particle-1\"><\/div>\n            <div class=\"particle particle-2\"><\/div>\n            <div class=\"particle particle-3\"><\/div>\n            <div class=\"particle particle-4\"><\/div>\n        <\/div>\n\n        <div class=\"container mx-auto xl:h-[504px] lg:h-[450px] h-auto relative z-1\">\n            <div class=\"flex flex-wrap items-center\">\n                <div class=\"md:basis-5\/12 sm:basis-12\/12 pr-4 pr-0 py-14\">\n                    <img decoding=\"async\" src=\"\/wp-content\/uploads\/2024\/08\/Modulesbanner.webp\" width=\"467\" height=\"411\" alt=\"El mejor software de mlm en EE. UU.\" class=\"pulseBannerImg\"\/>\n                <\/div>\n                <div class=\"md:basis-7\/12 sm:basis-12\/12\">\n                    <h1 class=\"lg:text-mainTitleFontSize sm:text-3xl text-3xl text-white lg:leading-snug capitalize\">\n                         M\u00f3dulo <span class=\"font-bold animate-charcter-offwhite\">de billetera electr\u00f3nica <\/span> <\/h1>\n\n\n                    <p class=\"offlightWhite pt-3 text-md\"> Un m\u00f3dulo E-Wallet en el software MLM es una billetera digital segura, dise\u00f1ada para administrar las finanzas de los miembros de una empresa MLM. Con la ayuda de E Wallet, los usuarios pueden almacenar las comisiones y bonos ganados, transferirlos a otros miembros y tambi\u00e9n realizar retiros f\u00e1cilmente.  <\/p>\n                <\/div>\n\n            <\/div>\n        <\/div>\n    <\/div>\n    <!-- ************************************************************************************* -->\n\n    <section class=\"p-sectionpadding\">\n        <div class=\"container mx-auto pt-20\">\n            <div class=\"flex flex-wrap items-start md:items-center flex-col-reverse md:flex-row\">\n                <div class=\"flex-1 w-full pr-0 md:pr-7 pr-0 mt-3\">\n                    <div class=\"relative\">\n\n                        <h2 class=\"lg:text-TitlesemiFontSize text-2xl titleColor lg:leading-snug capitalize\">\n                            Potenciar <span class=\"font-bold\">las empresas de MLM<\/span> con una billetera <span class=\"font-bold\">electr\u00f3nica segura<\/span> y un <span class=\"font-bold\">sistema de cupones virtuales <\/span> \n\n                        <\/h2>\n\n                        <p class=\"pt-6 font-light leading-6 text-textpara contentColor\">E-Wallet es seguro para la gesti\u00f3n de ganancias y transacciones por parte de los miembros. Los miembros pueden almacenar, transferir y retirar fondos con E-Wallet de forma segura y r\u00e1pida. El saldo se actualizar\u00e1 instant\u00e1neamente cuando cada transacci\u00f3n se realice en tiempo real y los detalles completos estar\u00e1n disponibles en el \u00e1rea de miembros. Tambi\u00e9n admitimos m\u00faltiples monedas en E-Wallet. Por lo tanto, los miembros no necesitan preocuparse por sus problemas de transacciones de dinero mientras realizan compras, transferencias o solicitudes de pago relacionadas con su negocio MLM.     <\/p>\n\n                        <p class=\"pt-6 font-light leading-6 text-textpara contentColor\"> El m\u00f3dulo de billetera electr\u00f3nica de est\u00e1 cambiando la forma en que sus miembros controlan sus ganancias y administran el dinero dentro de su negocio de MLM. Sus clientes pueden guardar sus comisiones\/bonos, enviar dinero a otros miembros y retirarlo cuando lo deseen utilizando la interfaz sencilla y f\u00e1cil de usar de E-Wallet.  <\/p>\n\n                    <\/div>\n                <\/div>\n                <div class=\"hidden lg:flex items-end justify-right w-[360px] primaryColor rounded-2xl pt-20 pl-10 ml-0 md:ml-10 mb-2 pb-0 overflow-hidden mt-3\">\n                    <img decoding=\"async\" src=\"\/wp-content\/uploads\/2024\/08\/moduleEvalletIntro.svg\" alt=\"Imagen\" class=\"relative right-[-10px] w-full\"\/>\n                <\/div>\n            <\/div>\n        <\/div>\n    <\/section>\n\n    <!-- ================================================================================================ -->\n    <section class=\"p-sectionpadding\">\n        <div class=\"container mx-auto \">\n            <div class=\"relative darkblue rounded-2xl p-7 lg:p-12 py-16 overflow-hidden\">\n                <div class=\"flex flex-wrap items-center\">\n\n                    <div class=\"relative w-full lg:w-5\/12 pr-0 lg:pr-12\">\n                        <img decoding=\"async\" src=\"\/wp-content\/uploads\/2024\/08\/moduleEwallet2.webp\" alt=\"Imagen\" class=\"w-full mb-4\"\/>\n                    <\/div>\n\n                    <div class=\"lg:flex-shrink-0 w-full lg:w-7\/12 \">\n                        <h3 class=\"text-3xl text-white lg:leading-snug capitalize\">\n                             <span class=\"font-bold\">Caracter\u00edsticas <\/span> del m\u00f3dulo <span class=\"font-bold\">de billetera electr\u00f3nica <\/span> <\/h3>\n  <p class=\"pt-6 font-light leading-6 text-textpara text-white\"> El sistema de billeteras electr\u00f3nicas le ayuda a <\/p>\n                        <ul class=\"flex flex-wrap space-x-2 mt-4 ml-[-12px] list1 mt-6\">\n                            \n                            <li class=\"text-textpara text-white font-light leading-6 mb-3 ml-2\">Integra tu cuenta bancaria<\/li>\n                            <li class=\"text-textpara text-white font-light leading-6 mb-3 ml-2\">Integre la tarjeta prepago a su billetera electr\u00f3nica<\/li>\n                            <li class=\"text-textpara text-white font-light leading-6 mb-3 ml-2\">Integra tu tarjeta de cr\u00e9dito<\/li>\n                            <li class=\"text-textpara text-white font-light leading-6 mb-3 ml-2\">Transfiere dinero desde casa, trabajo o cualquier parte del mundo.<\/li>\n                        <\/ul>\n                    <\/div>\n                <\/div>\n            <\/div>\n        <\/div>\n    <\/section>\n\n    <!-- ************************************************************************************* -->\n\n    <section class=\"p-sectionpadding\">\n        <div class=\"container mx-auto\">\n\n            <h3 class=\"text-3xl titleColor lg:leading-snug mb-4 capitalize\"> El <span class=\"font-bold\">m\u00f3dulo E-Wallet<\/span> de incluye <\/h3>\n\n            <div class=\"w-full flex flex-wrap pt-2\">\n\n                <div class=\"mt-3 w-1\/2 group md:w-3\/12 mt-4 pr-2 md:pr-4\">\n                    <div class=\"lighter p-8 rounded-2xl mt-3 text-lg h-full\">\n                        <img decoding=\"async\" src=\"\/wp-content\/uploads\/2024\/07\/epingeneration-img.webp\" alt=\"Imagen\" class=\"mt-4 transform scale-100 group-hover:scale-110 transition-transform duration-400\" width=\"42\" height=\"42\"\/>\n                        <h4 class=\"titleColor text-xl font-semibold mt-5\"> Generaci\u00f3n de pines electr\u00f3nicos <\/h4>\n                    <\/div>\n                <\/div>\n                \n                \n                <!-- *************** -->\n                <div class=\"mt-3 w-1\/2 group md:w-3\/12 mt-4 pr-0 md:pr-3 pl-2 md:pl-0\">\n                    <div class=\"lighter p-8 rounded-2xl mt-3 text-lg h-full\">\n                        <img decoding=\"async\" src=\"\/wp-content\/uploads\/2024\/07\/epinTransfer-img.webp\" alt=\"Imagen\" class=\"mt-4 mt-4 transform scale-100 group-hover:scale-110 transition-transform duration-400\" width=\"42\" height=\"42\"\/>\n                        <h4 class=\"titleColor text-xl font-semibold mt-5\"> Transferencia de PIN electr\u00f3nico <\/h4>\n                    <\/div>\n                <\/div>\n                <!-- *************** -->\n\n                <div class=\"mt-3 w-1\/2 group md:w-3\/12 mt-4 pr-2 md:pr-4\">\n                    <div class=\"lighter p-8 rounded-2xl mt-3 text-lg h-full\">\n                        <img decoding=\"async\" src=\"\/wp-content\/uploads\/2024\/07\/Refund-img.webp\" alt=\"Imagen\" class=\"mt-4 mt-4 transform scale-100 group-hover:scale-110 transition-transform duration-400\" width=\"42\" height=\"42\"\/>\n                        <h4 class=\"titleColor text-xl font-semibold mt-5\"> Reembolso de Generaci\u00f3n E-Pin s <\/h4>\n                    <\/div>\n                <\/div>\n                <!-- *************** -->\n\n                <div class=\"mt-3 w-1\/2 group md:w-3\/12 mt-4 pr-0 md:pr-0 pl-2 md:pl-0\">\n                    <div class=\"lighter p-8 rounded-2xl mt-3 text-lg h-full pr-0 sm:pr-7\">\n                        <img decoding=\"async\" src=\"\/wp-content\/uploads\/2024\/07\/History-img.webp\" alt=\"Imagen\" class=\"mt-4 mt-4 transform scale-100 group-hover:scale-110 transition-transform duration-400\" width=\"42\" height=\"42\"\/>\n                        <h4 class=\"titleColor text-xl font-semibold mt-5\"> Historial de transferencia de PIN electr\u00f3nico <\/h4>\n                    <\/div>\n                <\/div>\n                <!-- *************** -->\n                \n                <div class=\"mt-3 w-1\/2 group md:w-3\/12 mt-4 pr-2 md:pr-4\">\n                    <div class=\"lighter p-8 rounded-2xl mt-3 text-lg h-full\">\n                        <img decoding=\"async\" src=\"\/wp-content\/uploads\/2024\/07\/Statement-img.webp\" alt=\"Imagen\" class=\"mt-4 mt-4 transform scale-100 group-hover:scale-110 transition-transform duration-400\" width=\"42\" height=\"42\"\/>\n                        <h4 class=\"titleColor text-xl font-semibold mt-5\"> Declaraci\u00f3n de billetera <\/h4>\n                    <\/div>\n                <\/div>\n                <!-- *************** -->\n                <div class=\"mt-3 w-1\/2 group md:w-3\/12 mt-4 pr-0 md:pr-3 pl-2 md:pl-0\">\n                    <div class=\"lighter p-8 rounded-2xl mt-3 text-lg h-full\">\n                        <img decoding=\"async\" src=\"\/wp-content\/uploads\/2024\/07\/Fund-img.webp\" alt=\"Imagen\" class=\"mt-4 mt-4 transform scale-100 group-hover:scale-110 transition-transform duration-400\" width=\"42\" height=\"42\"\/>\n                        <h4 class=\"titleColor text-xl font-semibold mt-5\"> Transferencia de fondos a otras identificaciones <\/h4>\n                    <\/div>\n                <\/div>\n                <!-- *************** -->\n\n                <div class=\"mt-3 w-1\/2 group md:w-3\/12 mt-4 pr-2 md:pr-4\">\n                    <div class=\"lighter p-8 rounded-2xl mt-3 text-lg h-full\">\n                        <img decoding=\"async\" src=\"\/wp-content\/uploads\/2024\/07\/Add-remove-img.webp\" alt=\"Imagen\" class=\"mt-4 mt-4 transform scale-100 group-hover:scale-110 transition-transform duration-400\" width=\"42\" height=\"42\"\/>\n                        <h4 class=\"titleColor text-xl font-semibold mt-5\"> Agregar\/eliminar fondos a la billetera <\/h4>\n                    <\/div>\n                <\/div>\n                <!-- *************** -->\n\n                <div class=\"mt-3 w-1\/2 group md:w-3\/12 mt-4 pr-0 md:pr-0 pl-2 md:pl-0\">\n                    <div class=\"lighter p-8 rounded-2xl mt-3 text-lg h-full\">\n                        <img decoding=\"async\" src=\"\/wp-content\/uploads\/2024\/07\/CR-DR-img.webp\" alt=\"Imagen\" class=\"mt-4 mt-4 transform scale-100 group-hover:scale-110 transition-transform duration-400\" width=\"42\" height=\"42\"\/>\n                        <h4 class=\"titleColor text-xl font-semibold mt-5\"> CR\/DR y todas las transacciones seg\u00fan la necesidad <\/h4>\n                    <\/div>\n                <\/div>\n                <!-- *************** -->\n\n            <\/div>\n        <\/div>\n    <\/section>\n    <!-- ============================================================================================= -->\n\n    <section class=\"p-sectionpadding\">\n        <div class=\"container mx-auto\">\n\n            <div class=\"w-full md:w-5\/12 mx-auto text-center\">\n                <h4 class=\"text-2xl md:text-4xl titleColor md:leading-snug capitalize\">\n                     <span class=\"font-bold\">Importancia<\/span> del <span class=\"font-bold\">m\u00f3dulo<\/span> del sistema de billetera electr\u00f3nica de Cloud MLM\n                <\/h4>\n                \n            <\/div>\n\n            <div class=\"w-full flex items-start flex-wrap pt-6 justify-between\">\n\n                <div class=\"mt-3 w-full lg:w-2\/3 pr-0 lg:pr-10 mt-4\">\n                    \n\n                    <ul class=\"mt-4 block pr-0 sm:pr-10\">\n                        <li class=\"flex items-start space-x-2 darkblue duration-300 py-4 px-4 rounded-xl mb-4 cursor-pointer w-full md:w-auto\">\n                            <img decoding=\"async\" src=\"\/wp-content\/uploads\/2024\/07\/list1.webp\" width=\"20\" height=\"20\" alt=\"software mlm\"\/>\n                            <b class=\"font-normal text-white text-sm\">Para manejar las transacciones econ\u00f3micas de todos los clientes, el software Cloud MLM est\u00e1 integrado con el sistema e-Wallet, que es una billetera virtual para los clientes.<\/b>\n                        <\/li>\n                        <li class=\"flex items-start space-x-2 darkblue duration-300 py-4 px-4 rounded-xl mb-4 cursor-pointer w-full md:w-auto\">\n                            <img decoding=\"async\" src=\"\/wp-content\/uploads\/2024\/07\/list1.webp\" width=\"20\" height=\"20\" alt=\"software mlm\"\/>\n                            <b class=\"font-normal text-white text-sm\">El importe del monedero electr\u00f3nico se utiliza para comprar los pines electr\u00f3nicos.<\/b>\n                        <\/li>\n                        <li class=\"flex items-start space-x-2 darkblue duration-300 py-4 px-4 rounded-xl mb-4 cursor-pointer w-full md:w-auto\">\n                            <img decoding=\"async\" src=\"\/wp-content\/uploads\/2024\/07\/list1.webp\" width=\"20\" height=\"20\" alt=\"software mlm\"\/>\n                            <b class=\"font-normal text-white text-sm\">El importe del monedero electr\u00f3nico se utiliza para comprar o pedir productos.<\/b>\n                        <\/li>\n                        <li class=\"flex items-start space-x-2 darkblue duration-300 py-4 px-4 rounded-xl mb-4 cursor-pointer w-full md:w-auto\">\n                            <img decoding=\"async\" src=\"\/wp-content\/uploads\/2024\/07\/list1.webp\" width=\"20\" height=\"20\" alt=\"software mlm\"\/>\n                            <b class=\"font-normal text-white text-sm\">El importe del monedero electr\u00f3nico se utiliza para los nuevos registros.<\/b>\n                        <\/li>\n                        <li class=\"flex items-start space-x-2 darkblue duration-300 py-4 px-4 rounded-xl mb-4 cursor-pointer w-full md:w-auto\">\n                            <img decoding=\"async\" src=\"\/wp-content\/uploads\/2024\/07\/list1.webp\" width=\"20\" height=\"20\" alt=\"software mlm\"\/>\n                            <b class=\"font-normal text-white text-sm\">La cantidad deducida con el prop\u00f3sito de entregar las ganancias se puede transferir f\u00e1cilmente a la billetera electr\u00f3nica.<\/b>\n                        <\/li>\n                        <li class=\"flex items-start space-x-2 darkblue duration-300 py-4 px-4 rounded-xl mb-4 cursor-pointer w-full md:w-auto\">\n                            <img decoding=\"async\" src=\"\/wp-content\/uploads\/2024\/07\/list1.webp\" width=\"20\" height=\"20\" alt=\"software mlm\"\/>\n                            <b class=\"font-normal text-white text-sm\">El dinero se puede transferir f\u00e1cilmente a la billetera electr\u00f3nica de cualquier otro cliente.<\/b>\n                        <\/li>\n\n                    <\/ul>\n\n                <\/div>\n\n                <div class=\"mt-3 w-full lg:w-1\/3\">\n                    <div class=\"primaryColor px-10 py-16 rounded-xl mt-3 flex items-center justify-center\">\n\n                        <p class=\"text-white text-lg mt-4\">El sistema de billetera electr\u00f3nica es una puerta de entrada para controlar y administrar todas las transacciones financieras de ingreso y retiro de efectivo de los usuarios en el negocio MLM. Las empresas de MLM pueden transferir montos directamente a la cuenta de billetera electr\u00f3nica de sus miembros y usuarios utilizando el sistema de billetera electr\u00f3nica Cloud MLM, adem\u00e1s de permitirles enviar el dinero a otras cuentas en todo el mundo. <\/p>\n                    <\/div>\n                <\/div>\n            <\/div>\n        <\/div>\n    <\/section>\n","protected":false},"excerpt":{"rendered":"<p>M\u00f3dulo de billetera electr\u00f3nica Un m\u00f3dulo E-Wallet en el software MLM es una billetera digital segura, dise\u00f1ada para administrar las finanzas de los miembros de una empresa MLM. Con la ayuda de E Wallet, los usuarios pueden almacenar las comisiones y bonos ganados, transferirlos a otros miembros y tambi\u00e9n realizar retiros f\u00e1cilmente. Potenciar las empresas [&hellip;]<\/p>\n","protected":false},"author":1,"featured_media":0,"parent":0,"menu_order":0,"comment_status":"closed","ping_status":"closed","template":"moduleewallet-page.php","meta":{"_acf_changed":false,"footnotes":""},"class_list":["post-14092","page","type-page","status-publish","hentry"],"acf":[],"yoast_head":"<!-- This site is optimized with the Yoast SEO Premium plugin v23.6 (Yoast SEO v25.9) - https:\/\/yoast.com\/wordpress\/plugins\/seo\/ -->\n<title>Cartera electr\u00f3nica | Gesti\u00f3n de pagos digitales segura y sencilla<\/title>\n<meta name=\"description\" content=\"E-Wallet para una gesti\u00f3n de pagos digitales segura y fluida. Simplifique las transacciones con funciones r\u00e1pidas, confiables y f\u00e1ciles de usar.\" \/>\n<meta name=\"robots\" content=\"index, follow, max-snippet:-1, max-image-preview:large, max-video-preview:-1\" \/>\n<link rel=\"canonical\" href=\"https:\/\/cloudmlmsoftware.com\/es\/e-wallet-modulo-para-el-software-mlm\/\" \/>\n<meta property=\"og:locale\" content=\"es_ES\" \/>\n<meta property=\"og:type\" content=\"article\" \/>\n<meta property=\"og:title\" content=\"m\u00f3dulo-de-monedero-e-para-software-mlm\" \/>\n<meta property=\"og:description\" content=\"E-Wallet para una gesti\u00f3n de pagos digitales segura y fluida. Simplifique las transacciones con funciones r\u00e1pidas, confiables y f\u00e1ciles de usar.\" \/>\n<meta property=\"og:url\" content=\"https:\/\/cloudmlmsoftware.com\/es\/e-wallet-modulo-para-el-software-mlm\/\" \/>\n<meta property=\"og:site_name\" content=\"Cloud MLM Software\" \/>\n<meta property=\"article:modified_time\" content=\"2024-11-08T04:57:35+00:00\" \/>\n<meta name=\"twitter:card\" content=\"summary_large_image\" \/>\n<meta name=\"twitter:label1\" content=\"Tiempo de lectura\" \/>\n\t<meta name=\"twitter:data1\" content=\"3 minutos\" \/>\n<!-- \/ Yoast SEO Premium plugin. -->","yoast_head_json":{"title":"Cartera electr\u00f3nica | Gesti\u00f3n de pagos digitales segura y sencilla","description":"E-Wallet para una gesti\u00f3n de pagos digitales segura y fluida. Simplifique las transacciones con funciones r\u00e1pidas, confiables y f\u00e1ciles de usar.","robots":{"index":"index","follow":"follow","max-snippet":"max-snippet:-1","max-image-preview":"max-image-preview:large","max-video-preview":"max-video-preview:-1"},"canonical":"https:\/\/cloudmlmsoftware.com\/es\/e-wallet-modulo-para-el-software-mlm\/","og_locale":"es_ES","og_type":"article","og_title":"m\u00f3dulo-de-monedero-e-para-software-mlm","og_description":"E-Wallet para una gesti\u00f3n de pagos digitales segura y fluida. Simplifique las transacciones con funciones r\u00e1pidas, confiables y f\u00e1ciles de usar.","og_url":"https:\/\/cloudmlmsoftware.com\/es\/e-wallet-modulo-para-el-software-mlm\/","og_site_name":"Cloud MLM Software","article_modified_time":"2024-11-08T04:57:35+00:00","twitter_card":"summary_large_image","twitter_misc":{"Tiempo de lectura":"3 minutos"},"schema":{"@context":"https:\/\/schema.org","@graph":[{"@type":"WebPage","@id":"https:\/\/cloudmlmsoftware.com\/es\/e-wallet-modulo-para-el-software-mlm\/","url":"https:\/\/cloudmlmsoftware.com\/es\/e-wallet-modulo-para-el-software-mlm\/","name":"Cartera electr\u00f3nica | Gesti\u00f3n de pagos digitales segura y sencilla","isPartOf":{"@id":"https:\/\/cloudmlmsoftware.com\/es\/#website"},"datePublished":"2024-05-22T13:40:50+00:00","dateModified":"2024-11-08T04:57:35+00:00","description":"E-Wallet para una gesti\u00f3n de pagos digitales segura y fluida. Simplifique las transacciones con funciones r\u00e1pidas, confiables y f\u00e1ciles de usar.","breadcrumb":{"@id":"https:\/\/cloudmlmsoftware.com\/es\/e-wallet-modulo-para-el-software-mlm\/#breadcrumb"},"inLanguage":"es","potentialAction":[{"@type":"ReadAction","target":["https:\/\/cloudmlmsoftware.com\/es\/e-wallet-modulo-para-el-software-mlm\/"]}]},{"@type":"BreadcrumbList","@id":"https:\/\/cloudmlmsoftware.com\/es\/e-wallet-modulo-para-el-software-mlm\/#breadcrumb","itemListElement":[{"@type":"ListItem","position":1,"name":"Home","item":"https:\/\/cloudmlmsoftware.com\/es\/"},{"@type":"ListItem","position":2,"name":"m\u00f3dulo-de-monedero-e-para-software-mlm"}]},{"@type":"WebSite","@id":"https:\/\/cloudmlmsoftware.com\/es\/#website","url":"https:\/\/cloudmlmsoftware.com\/es\/","name":"Cloud MLM Software","description":"","publisher":{"@id":"https:\/\/cloudmlmsoftware.com\/es\/#organization"},"potentialAction":[{"@type":"SearchAction","target":{"@type":"EntryPoint","urlTemplate":"https:\/\/cloudmlmsoftware.com\/es\/?s={search_term_string}"},"query-input":{"@type":"PropertyValueSpecification","valueRequired":true,"valueName":"search_term_string"}}],"inLanguage":"es"},{"@type":"Organization","@id":"https:\/\/cloudmlmsoftware.com\/es\/#organization","name":"Cloud MLM Software","url":"https:\/\/cloudmlmsoftware.com\/es\/","logo":{"@type":"ImageObject","inLanguage":"es","@id":"https:\/\/cloudmlmsoftware.com\/es\/#\/schema\/logo\/image\/","url":"https:\/\/cloudmlmsoftware.com\/wp-content\/uploads\/2024\/09\/cloudmlm-logo.webp","contentUrl":"https:\/\/cloudmlmsoftware.com\/wp-content\/uploads\/2024\/09\/cloudmlm-logo.webp","width":200,"height":40,"caption":"Cloud MLM Software"},"image":{"@id":"https:\/\/cloudmlmsoftware.com\/es\/#\/schema\/logo\/image\/"}}]}},"_links":{"self":[{"href":"https:\/\/cloudmlmsoftware.com\/es\/wp-json\/wp\/v2\/pages\/14092","targetHints":{"allow":["GET"]}}],"collection":[{"href":"https:\/\/cloudmlmsoftware.com\/es\/wp-json\/wp\/v2\/pages"}],"about":[{"href":"https:\/\/cloudmlmsoftware.com\/es\/wp-json\/wp\/v2\/types\/page"}],"author":[{"embeddable":true,"href":"https:\/\/cloudmlmsoftware.com\/es\/wp-json\/wp\/v2\/users\/1"}],"replies":[{"embeddable":true,"href":"https:\/\/cloudmlmsoftware.com\/es\/wp-json\/wp\/v2\/comments?post=14092"}],"version-history":[{"count":0,"href":"https:\/\/cloudmlmsoftware.com\/es\/wp-json\/wp\/v2\/pages\/14092\/revisions"}],"wp:attachment":[{"href":"https:\/\/cloudmlmsoftware.com\/es\/wp-json\/wp\/v2\/media?parent=14092"}],"curies":[{"name":"wp","href":"https:\/\/api.w.org\/{rel}","templated":true}]}}