{"id":14070,"date":"2024-05-22T13:36:32","date_gmt":"2024-05-22T13:36:32","guid":{"rendered":"https:\/\/cloudmlmsoftware.com\/modulo-multidivisa\/"},"modified":"2024-10-22T06:48:40","modified_gmt":"2024-10-22T06:48:40","slug":"modulo-multidivisa","status":"publish","type":"page","link":"https:\/\/cloudmlmsoftware.com\/es\/modulo-multidivisa\/","title":{"rendered":"m\u00f3dulo multidivisa"},"content":{"rendered":"\n<div class=\"bannerBgcolor BannerBg pt-16 pb-20 relative overflow-hidden\">\n        <div class=\"animation-wrapper\">\n            <div class=\"particle particle-1\"><\/div>\n            <div class=\"particle particle-2\"><\/div>\n            <div class=\"particle particle-3\"><\/div>\n            <div class=\"particle particle-4\"><\/div>\n        <\/div>\n\n        <div class=\"container mx-auto xl:h-[504px] lg:h-[450px] h-auto relative z-1\">\n            <div class=\"flex flex-wrap items-center\">\n                <div class=\"md:basis-5\/12 sm:basis-12\/12 pr-4 pr-0 py-14\">\n                    <img decoding=\"async\" src=\"\/wp-content\/uploads\/2024\/08\/Modulesbanner.webp\" width=\"467\" height=\"411\" alt=\"El mejor software de mlm en EE. UU.\" class=\"pulseBannerImg\"\/>\n                <\/div>\n                <div class=\"md:basis-7\/12 sm:basis-12\/12\">\n                    <h1 class=\"lg:text-mainTitleFontSize sm:text-3xl text-3xl text-white lg:leading-snug \">\n                        M\u00f3dulo <span class=\"font-bold animate-charcter-offwhite\">multimoneda <\/span> <\/h1>\n\n                    <p class=\"offlightWhite pt-3 text-md\">En el mercado global actual, las empresas necesitan realizar negocios en diferentes pa\u00edses y monedas. El software Cloud MLM incluye un m\u00f3dulo multidivisa, que resulta \u00fatil cuando necesitas mostrar conversiones en al menos dos monedas.  <\/p>\n\n                <\/div>\n\n            <\/div>\n        <\/div>\n    <\/div>\n    <!-- ************************************************************************************* -->\n\n    <section class=\"p-sectionpadding\">\n        <div class=\"container mx-auto pt-20\">\n            <div class=\"flex flex-wrap items-start md:items-center flex-col-reverse md:flex-row\">\n                <div class=\"flex-1 w-full pr-0 md:pr-7 pr-0 mt-3\">\n                    <div class=\"relative\">\n\n                        <h2 class=\"text-3xl titleColor lg:leading-snug capitalize\">\n                             <span class=\"font-bold\">Potenciando los negocios globales:<\/span> integraci\u00f3n de m\u00faltiples monedas con el software <span class=\"font-bold\">MLM en la nube<\/span> <\/h2>\n                       \n                        <p class=\"pt-6 font-light leading-6 text-textpara contentColor\">Nuestro m\u00f3dulo multidivisa le permite realizar negocios con el mismo producto en diferentes monedas. El \u00fanico requisito es que el producto tenga el mismo nombre tanto en el idioma local como en ingl\u00e9s. Esta funci\u00f3n le ayuda a realizar su negocio en la moneda con la que est\u00e1 familiarizado: la suya. Normalmente, la moneda predeterminada establecida en el software MLM b\u00e1sico es el d\u00f3lar estadounidense ($). Si desea configurar otra moneda en su software MLM, podemos integrar este m\u00f3dulo con el software Cloud MLM y personalizarlo para satisfacer sus necesidades espec\u00edficas. La opci\u00f3n multidivisa funciona bien con la funci\u00f3n multiling\u00fce, lo que permite a los usuarios realizar negocios en varios idiomas y as\u00ed obtener m\u00e1s respuestas de los clientes.      <\/p>\n                        <p class=\"pt-6 font-light leading-6 text-textpara contentColor\">El m\u00f3dulo multidivisa de Cloud MLM mejora su sitio web con capacidades para cambios de moneda, informaci\u00f3n y metadatos de moneda, y visualizaci\u00f3n de montos y precios. Tambi\u00e9n estamos preparados para proporcionar una opci\u00f3n completa de integraci\u00f3n multidivisa junto con el software MLM para las monedas espec\u00edficas requeridas por los clientes, ofreciendo soporte para cualquier moneda dentro de nuestro paquete de software MLM. Nuestros desarrolladores profesionales est\u00e1n equipados para ofrecer una opci\u00f3n productiva multidivisa con su software MLM. El software Cloud MLM proporciona integraci\u00f3n multidivisa con plataformas CMS de comercio electr\u00f3nico como OpenCart y Magento, adaptadas a las demandas de los clientes.    <\/p>\n                    <\/div>\n                <\/div>\n                <div class=\"hidden lg:flex items-end justify-right w-[360px] primaryColor rounded-2xl pt-20 pl-10 ml-0 md:ml-10 mb-2 pb-0 overflow-hidden mt-3\">\n                    <img decoding=\"async\" src=\"\/wp-content\/uploads\/2024\/08\/modulemulticurrencyIntro.svg\" alt=\"Imagen\" class=\"relative right-[-10px] w-full rounded-tl-xl\"\/>\n                <\/div>\n            <\/div>\n        <\/div>\n    <\/section>\n\n    <!-- ================================================================================================ -->\n    <section class=\"p-sectionpadding\">\n        <div class=\"container mx-auto \">\n            <div class=\"relative darkblue rounded-2xl p-7 md:p-12 py-16 overflow-hidden\">\n                <div class=\"flex flex-wrap items-center\">\n\n                    <div class=\"relative w-full lg:w-5\/12 pr-0 lg:pr-12\">\n                        <img decoding=\"async\" src=\"\/wp-content\/uploads\/2024\/08\/modulemullanguage2.webp\" alt=\"Imagen\" class=\"mb-4 w-full\"\/>\n                    <\/div>\n\n                    <div class=\"lg:flex-shrink-0 w-full lg:w-7\/12 \">\n                        <h3 class=\"text-3xl text-white lg:leading-snug capitalize\">\n                             <span class=\"font-bold\">Caracter\u00edsticas<\/span> del m\u00f3dulo <span class=\"font-bold\"> multimoneda <\/span> <\/h3>\n                        <ul class=\"flex flex-wrap space-x-2 mt-6 ml-[-12px] list1\">\n                            <li class=\"text-textpara text-white font-light leading-6 mb-3 ml-2\">Le permite hacer negocios en varias monedas para los mismos productos o servicios.<\/li>\n                            <li class=\"text-textpara text-white font-light leading-6 mb-3 ml-2\">Experiencia del cliente<\/li>\n                            <li class=\"text-textpara text-white font-light leading-6 mb-3 ml-2\">Localizaci\u00f3n<\/li>\n                            <li class=\"text-textpara text-white font-light leading-6 mb-3 ml-2\">Progreso universal mediante la inversi\u00f3n en el mercado internacional.<\/li>\n                            <li class=\"text-textpara text-white font-light leading-6 mb-3 ml-2\">Pagando a trav\u00e9s de diferentes medios<\/li>\n                            <li class=\"text-textpara text-white font-light leading-6 mb-3 ml-2\">Gana m\u00e1s Clientes<\/li>\n                            <li class=\"text-textpara text-white font-light leading-6 mb-3 ml-2\">El software de marketing Cloud MLM debe ayudar al negocio de ventas y a pagar las cuotas en varias monedas.<\/li>\n                            <li class=\"text-textpara text-white font-light leading-6 mb-3 ml-2\">Establecer moneda seg\u00fan sus necesidades<\/li>\n\n                        <\/ul>\n                    <\/div>\n                <\/div>\n            <\/div>\n        <\/div>\n    <\/section>\n\n\n    <!-- ************************************************************************************* -->\n    <section class=\"p-sectionpadding\">\n        <div class=\"container mx-auto\">\n            <div class=\"w-full md:w-6\/12\">\n                <h3 class=\"lg:text-TitlesemiFontSize text-2xl titleColor lg:leading-snug mt-3 capitalize\">\n                    <span class=\"font-bold\">Ventajas<\/span> del m\u00f3dulo <span class=\"font-bold\">Multimoneda <\/span> <\/h3>\n                <p class=\"text-textSubtitle contentColor text-sm font-light pt-5 leading-6 mb-3\"> Estas son las ventajas de nuestro m\u00f3dulo multidivisa. <\/p>\n            <\/div>\n\n            <div class=\"relative primaryColor rounded-2xl p-7 sm:p-9 overflow-hidden mt-8\">\n                <div class=\"flex flex-wrap items-center lg:flex-row flex-col-reverse\">\n                    <div class=\"w-full lg:w-7\/12\">\n                      \n                            <h2 class=\"text-2xl text-white font-light leading-8 py-3 pr-0 sm:pr-10\"> Como <span class=\"font-bold\">administrador<\/span> del software, el m\u00f3dulo de divisas m\u00faltiples de <span class=\"font-bold\">Cloud MLM<\/span> le ayuda a:<\/h2>\n                        \n                        <ul class=\"mt-4 block pr-0 sm:pr-10\">\n                            <li class=\"flex items-center space-x-2 bg-white duration-300 py-3 px-4 rounded-xl mb-3 w-full md:w-auto\">\n                                <img decoding=\"async\" src=\"\/wp-content\/uploads\/2024\/07\/list1.webp\" width=\"20\" height=\"20\" alt=\"software mlm\"\/>\n                                <b class=\"font-normal text-slate-950 text-sm\">Elija una moneda local o la moneda principal para su negocio<\/b>\n                            <\/li>\n                            <li class=\"flex items-center space-x-2 bg-white duration-300 py-3 px-4 rounded-xl mb-3 w-full md:w-auto\">\n                                <img decoding=\"async\" src=\"\/wp-content\/uploads\/2024\/07\/list1.webp\" width=\"20\" height=\"20\" alt=\"software mlm\"\/>\n                                <b class=\"font-normal text-slate-950 text-sm\">Activa una lista de otras Monedas para tus distribuidores<\/b>\n                            <\/li>\n                            <li class=\"flex items-center space-x-2 bg-white duration-300 py-3 px-4 rounded-xl mb-3 w-full md:w-auto\">\n                                <img decoding=\"async\" src=\"\/wp-content\/uploads\/2024\/07\/list1.webp\" width=\"20\" height=\"20\" alt=\"software mlm\"\/>\n                                <b class=\"font-normal text-slate-950 text-sm\">Restaurar las tasas de conversi\u00f3n de divisas en pausas peri\u00f3dicas<\/b>\n                            <\/li>\n\n                        <\/ul>\n                    <\/div>\n\n                    <div class=\"lg:flex-shrink-0 w-full lg:w-5\/12 mt-3\">\n                        <img decoding=\"async\" src=\"\/wp-content\/uploads\/2024\/08\/modulemulticurrency3.svg\" alt=\"Imagen\" class=\"mb-4 w-full\"\/>\n\n                    <\/div>\n                <\/div>\n            <\/div>\n            <!-- ********************** -->\n\n\n            <div class=\"relative offade rounded-2xl p-7 sm:p-12 overflow-hidden mt-16\">\n                <div class=\"flex flex-wrap items-center lg:flex-row flex-col-reverse\">\n                    <div class=\"lg:flex-shrink-0 w-full lg:w-5\/12 mt-3\">\n                        <img decoding=\"async\" src=\"\/wp-content\/uploads\/2024\/08\/modulemultilanguage4.webp\" alt=\"Imagen\" class=\"relative mb-4 lg:mb-0 bottom-0 lg:bottom-[-90px] left-0 lg:left-[-80px] w-full rounded lg:rounded-tr-xl\"\/>\n                    <\/div>\n\n\n                    <div class=\"w-full lg:w-7\/12\">\n                      \n                            <h2 class=\"text-2xl titleColor font-light leading-8 py-3 pr-0 sm:pr-10\"> Como <span class=\"font-bold\">distribuidor<\/span>, el m\u00f3dulo multidivisa de Cloud MLM le ayuda a:<\/h2>\n                        \n                        <ul class=\"mt-4 block pr-0 sm:pr-10\">\n                            <li class=\"flex items-start space-x-2 bg-white py-3 px-4 rounded-xl mb-3 w-full md:w-auto\">\n                                <img decoding=\"async\" src=\"\/wp-content\/uploads\/2024\/07\/list1.webp\" width=\"20\" height=\"20\" alt=\"software mlm\"\/>\n                                <b class=\"font-normal text-slate-950 text-sm\">Vea informes en su moneda principal.<\/b>\n                            <\/li>\n                            <li class=\"flex items-start space-x-2 bg-white py-3 px-4 rounded-xl mb-3 w-full md:w-auto\">\n                                <img decoding=\"async\" src=\"\/wp-content\/uploads\/2024\/07\/list1.webp\" width=\"20\" height=\"20\" alt=\"software mlm\"\/>\n                                <b class=\"font-normal text-slate-950 text-sm\">Acepte la moneda deseada mientras ingresa en la columna de monto para un negocio u otras funciones similares.<\/b>\n                            <\/li>\n                            <li class=\"flex items-start space-x-2 bg-white py-3 px-4 rounded-xl mb-3 w-full md:w-auto\">\n                                <img decoding=\"async\" src=\"\/wp-content\/uploads\/2024\/07\/list1.webp\" width=\"20\" height=\"20\" alt=\"software mlm\"\/>\n                                <b class=\"font-normal text-slate-950 text-sm\">Desarrollar \u00f3rdenes comerciales, \u00f3rdenes de inversi\u00f3n y cuentas en esa moneda preferida.<\/b>\n                            <\/li>\n\n                        <\/ul>\n                    <\/div>\n\n                    \n                <\/div>\n            <\/div>\n            <!-- ********************** -->\n\n        <\/div>\n    <\/section>\n","protected":false},"excerpt":{"rendered":"<p>M\u00f3dulo multimoneda En el mercado global actual, las empresas necesitan realizar negocios en diferentes pa\u00edses y monedas. El software Cloud MLM incluye un m\u00f3dulo multidivisa, que resulta \u00fatil cuando necesitas mostrar conversiones en al menos dos monedas. Potenciando los negocios globales: integraci\u00f3n de m\u00faltiples monedas con el software MLM en la nube Nuestro m\u00f3dulo multidivisa [&hellip;]<\/p>\n","protected":false},"author":1,"featured_media":0,"parent":0,"menu_order":0,"comment_status":"closed","ping_status":"closed","template":"modulemulticurrency-page.php","meta":{"_acf_changed":false,"footnotes":""},"class_list":["post-14070","page","type-page","status-publish","hentry"],"acf":[],"yoast_head":"<!-- This site is optimized with the Yoast SEO Premium plugin v23.6 (Yoast SEO v25.9) - https:\/\/yoast.com\/wordpress\/plugins\/seo\/ -->\n<title>m\u00f3dulo multidivisa - Cloud MLM Software<\/title>\n<meta name=\"description\" content=\"Habilite transacciones fluidas en m\u00faltiples monedas con nuestro m\u00f3dulo multidivisa. Simplifique los pagos globales\" \/>\n<meta name=\"robots\" content=\"index, follow, max-snippet:-1, max-image-preview:large, max-video-preview:-1\" \/>\n<link rel=\"canonical\" href=\"https:\/\/cloudmlmsoftware.com\/es\/modulo-multidivisa\/\" \/>\n<meta property=\"og:locale\" content=\"es_ES\" \/>\n<meta property=\"og:type\" content=\"article\" \/>\n<meta property=\"og:title\" content=\"m\u00f3dulo multidivisa\" \/>\n<meta property=\"og:description\" content=\"Habilite transacciones fluidas en m\u00faltiples monedas con nuestro m\u00f3dulo multidivisa. Simplifique los pagos globales\" \/>\n<meta property=\"og:url\" content=\"https:\/\/cloudmlmsoftware.com\/es\/modulo-multidivisa\/\" \/>\n<meta property=\"og:site_name\" content=\"Cloud MLM Software\" \/>\n<meta property=\"article:modified_time\" content=\"2024-10-22T06:48:40+00:00\" \/>\n<meta name=\"twitter:card\" content=\"summary_large_image\" \/>\n<meta name=\"twitter:label1\" content=\"Tiempo de lectura\" \/>\n\t<meta name=\"twitter:data1\" content=\"5 minutos\" \/>\n<!-- \/ Yoast SEO Premium plugin. -->","yoast_head_json":{"title":"m\u00f3dulo multidivisa - Cloud MLM Software","description":"Habilite transacciones fluidas en m\u00faltiples monedas con nuestro m\u00f3dulo multidivisa. Simplifique los pagos globales","robots":{"index":"index","follow":"follow","max-snippet":"max-snippet:-1","max-image-preview":"max-image-preview:large","max-video-preview":"max-video-preview:-1"},"canonical":"https:\/\/cloudmlmsoftware.com\/es\/modulo-multidivisa\/","og_locale":"es_ES","og_type":"article","og_title":"m\u00f3dulo multidivisa","og_description":"Habilite transacciones fluidas en m\u00faltiples monedas con nuestro m\u00f3dulo multidivisa. Simplifique los pagos globales","og_url":"https:\/\/cloudmlmsoftware.com\/es\/modulo-multidivisa\/","og_site_name":"Cloud MLM Software","article_modified_time":"2024-10-22T06:48:40+00:00","twitter_card":"summary_large_image","twitter_misc":{"Tiempo de lectura":"5 minutos"},"schema":{"@context":"https:\/\/schema.org","@graph":[{"@type":"WebPage","@id":"https:\/\/cloudmlmsoftware.com\/es\/modulo-multidivisa\/","url":"https:\/\/cloudmlmsoftware.com\/es\/modulo-multidivisa\/","name":"m\u00f3dulo multidivisa - Cloud MLM Software","isPartOf":{"@id":"https:\/\/cloudmlmsoftware.com\/es\/#website"},"datePublished":"2024-05-22T13:36:32+00:00","dateModified":"2024-10-22T06:48:40+00:00","description":"Habilite transacciones fluidas en m\u00faltiples monedas con nuestro m\u00f3dulo multidivisa. Simplifique los pagos globales","breadcrumb":{"@id":"https:\/\/cloudmlmsoftware.com\/es\/modulo-multidivisa\/#breadcrumb"},"inLanguage":"es","potentialAction":[{"@type":"ReadAction","target":["https:\/\/cloudmlmsoftware.com\/es\/modulo-multidivisa\/"]}]},{"@type":"BreadcrumbList","@id":"https:\/\/cloudmlmsoftware.com\/es\/modulo-multidivisa\/#breadcrumb","itemListElement":[{"@type":"ListItem","position":1,"name":"Home","item":"https:\/\/cloudmlmsoftware.com\/es\/"},{"@type":"ListItem","position":2,"name":"m\u00f3dulo multidivisa"}]},{"@type":"WebSite","@id":"https:\/\/cloudmlmsoftware.com\/es\/#website","url":"https:\/\/cloudmlmsoftware.com\/es\/","name":"Cloud MLM Software","description":"","publisher":{"@id":"https:\/\/cloudmlmsoftware.com\/es\/#organization"},"potentialAction":[{"@type":"SearchAction","target":{"@type":"EntryPoint","urlTemplate":"https:\/\/cloudmlmsoftware.com\/es\/?s={search_term_string}"},"query-input":{"@type":"PropertyValueSpecification","valueRequired":true,"valueName":"search_term_string"}}],"inLanguage":"es"},{"@type":"Organization","@id":"https:\/\/cloudmlmsoftware.com\/es\/#organization","name":"Cloud MLM Software","url":"https:\/\/cloudmlmsoftware.com\/es\/","logo":{"@type":"ImageObject","inLanguage":"es","@id":"https:\/\/cloudmlmsoftware.com\/es\/#\/schema\/logo\/image\/","url":"https:\/\/cloudmlmsoftware.com\/wp-content\/uploads\/2024\/09\/cloudmlm-logo.webp","contentUrl":"https:\/\/cloudmlmsoftware.com\/wp-content\/uploads\/2024\/09\/cloudmlm-logo.webp","width":200,"height":40,"caption":"Cloud MLM Software"},"image":{"@id":"https:\/\/cloudmlmsoftware.com\/es\/#\/schema\/logo\/image\/"}}]}},"_links":{"self":[{"href":"https:\/\/cloudmlmsoftware.com\/es\/wp-json\/wp\/v2\/pages\/14070","targetHints":{"allow":["GET"]}}],"collection":[{"href":"https:\/\/cloudmlmsoftware.com\/es\/wp-json\/wp\/v2\/pages"}],"about":[{"href":"https:\/\/cloudmlmsoftware.com\/es\/wp-json\/wp\/v2\/types\/page"}],"author":[{"embeddable":true,"href":"https:\/\/cloudmlmsoftware.com\/es\/wp-json\/wp\/v2\/users\/1"}],"replies":[{"embeddable":true,"href":"https:\/\/cloudmlmsoftware.com\/es\/wp-json\/wp\/v2\/comments?post=14070"}],"version-history":[{"count":0,"href":"https:\/\/cloudmlmsoftware.com\/es\/wp-json\/wp\/v2\/pages\/14070\/revisions"}],"wp:attachment":[{"href":"https:\/\/cloudmlmsoftware.com\/es\/wp-json\/wp\/v2\/media?parent=14070"}],"curies":[{"name":"wp","href":"https:\/\/api.w.org\/{rel}","templated":true}]}}