{"id":14060,"date":"2024-05-22T13:35:48","date_gmt":"2024-05-22T13:35:48","guid":{"rendered":"https:\/\/cloudmlmsoftware.com\/sistema-multilingue\/"},"modified":"2024-11-07T12:35:14","modified_gmt":"2024-11-07T12:35:14","slug":"sistema-multilingue","status":"publish","type":"page","link":"https:\/\/cloudmlmsoftware.com\/es\/sistema-multilingue\/","title":{"rendered":"sistema multiling\u00fce"},"content":{"rendered":"\n<div class=\"bannerBgcolor BannerBg pt-16 pb-20 relative overflow-hidden\">\n        <div class=\"animation-wrapper\">\n            <div class=\"particle particle-1\"><\/div>\n            <div class=\"particle particle-2\"><\/div>\n            <div class=\"particle particle-3\"><\/div>\n            <div class=\"particle particle-4\"><\/div>\n        <\/div>\n\n        <div class=\"container mx-auto xl:h-[504px] lg:h-[450px] h-auto relative z-1\">\n            <div class=\"flex flex-wrap items-center\">\n                <div class=\"md:basis-5\/12 sm:basis-12\/12 pr-4 pr-0 py-14\">\n                    <img decoding=\"async\" src=\"\/wp-content\/uploads\/2024\/08\/Modulesbanner.webp\" width=\"467\" height=\"411\" alt=\"El mejor software de mlm en EE. UU.\" class=\"pulseBannerImg\"\/>\n                <\/div>\n                <div class=\"md:basis-7\/12 sm:basis-12\/12\">\n                    <h1 class=\"lg:text-mainTitleFontSize sm:text-3xl text-3xl text-white lg:leading-snug \">\n                        Sistema <span class=\"font-bold animate-charcter-offwhite\">multiling\u00fce<\/span> <\/h1>\n\n                    <p class=\"offlightWhite pt-3 text-md\">Un sistema MLM en varios idiomas permite a los usuarios de todo el mundo navegar f\u00e1cilmente a trav\u00e9s de su sistema y administrar todas las actividades de MLM. El software Cloud MLM es una de las mejores opciones para un sistema MLM multiling\u00fce en nuestra cartera de software.  <\/p>\n\n                <\/div>\n\n            <\/div>\n        <\/div>\n    <\/div>\n    <!-- ************************************************************************************* -->\n\n    <section class=\"p-sectionpadding\">\n        <div class=\"container mx-auto pt-20\">\n            <div class=\"flex flex-wrap flex-col-reverse md:flex-row\">\n                <div class=\"flex-1 w-full pr-0 md:pr-7 pr-0 mt-3\">\n                    <div class=\"relative\">\n\n                        <h2 class=\"text-3xl titleColor lg:leading-snug capitalize\">\n                             <span class=\"font-bold\">Desbloqueo de los mercados globales:<\/span> la importancia del software <span class=\"font-bold\">multiling\u00fce MLM<\/span> <\/h2>\n                       \n                        <p class=\"pt-6 font-light leading-6 text-textpara contentColor\">Todos sabemos que el ingl\u00e9s se considera un idioma universal. Sin embargo, \u00bfes este lenguaje global familiar para millones de personas en todo el mundo? La respuesta es \u201cno\u201d: muchas personas en el mundo s\u00f3lo conocen su lengua materna. Como propietario de un negocio que desea vender su producto a nivel mundial, debe considerar esto.    <\/p>\n                        <p class=\"pt-6 font-light leading-6 text-textpara contentColor\">Hoy en d\u00eda, el software multiling\u00fce de MLM es esencial para expandir un negocio de MLM m\u00e1s all\u00e1 de sus fronteras y aumentar la popularidad de la empresa. Un sistema MLM en varios idiomas permite a los usuarios de todo el mundo navegar f\u00e1cilmente por su sistema y administrar todas las actividades de MLM. El software Cloud MLM es una de las mejores opciones disponibles para un sistema MLM multiling\u00fce. Ya hemos configurado idiomas como ingl\u00e9s, espa\u00f1ol, franc\u00e9s, italiano, portugu\u00e9s y chino, y proporcionamos una secci\u00f3n separada en el software para agregar idiomas adicionales seg\u00fan sus necesidades.    <\/p>\n                    <\/div>\n                <\/div>\n                <div class=\"hidden lg:flex items-end justify-right w-[360px] primaryColor rounded-2xl pt-20 pl-10 ml-0 md:ml-10 mb-2 pb-0 overflow-hidden mt-3\">\n                    <img decoding=\"async\" src=\"\/wp-content\/uploads\/2024\/08\/modulemultilingualIntro.webp\" alt=\"Imagen\" class=\"relative right-[-10px] w-full rounded-tl-xl\"\/>\n                <\/div>\n            <\/div>\n        <\/div>\n    <\/section>\n\n    <!-- ================================================================================================ -->\n    <section class=\"p-sectionpadding\">\n        <div class=\"container mx-auto \">\n            <div class=\"relative darkblue rounded-2xl p-7 lg:p-12 py-16 overflow-hidden\">\n                <div class=\"flex flex-wrap items-center\">\n\n                    <div class=\"relative w-full lg:w-5\/12 pr-0 lg:pr-12\">\n                        <img decoding=\"async\" src=\"\/wp-content\/uploads\/2024\/08\/modulemultilingual2-1.webp\" alt=\"Imagen\" class=\"mb-4 w-full\"\/>\n                    <\/div>\n\n                    <div class=\"lg:flex-shrink-0 w-full lg:w-7\/12 \">\n                        <h3 class=\"text-3xl text-white lg:leading-snug capitalize\">\n                             <span class=\"font-bold\">Rompiendo fronteras:<\/span> soluciones MLM perfectamente multiling\u00fces y multidivisa <\/h3>\n                        <p class=\"pt-6 font-light leading-6 text-textpara offWhite\">Con nuestro sistema MLM en varios idiomas, puede atraer f\u00e1cilmente a muchos usuarios de todo el mundo y venderles productos. Quiz\u00e1s se pregunte c\u00f3mo se realizan las transacciones monetarias. No se preocupe: adem\u00e1s de varios idiomas, nuestro software proporciona un m\u00e9todo de pago multidivisa. Este sistema permite a los usuarios de varios pa\u00edses realizar transacciones de dinero en sus propias monedas.    <\/p>\n                        \n                        <p class=\"pt-6 font-light leading-6 text-textpara offWhite\"> De este modo, los propietarios de empresas pueden vender sus productos a nivel mundial y potencialmente aumentar los ingresos por ventas. Nuestro sistema multiidioma y multidivisa funciona al un\u00edsono; por ejemplo, si un cliente de Espa\u00f1a est\u00e1 listo para comprar un producto de su empresa, el idioma del panel de usuario cambia a espa\u00f1ol y el m\u00e9todo de pago cambia a su moneda local simult\u00e1neamente. Adem\u00e1s, nuestro sistema multidivisa viene con integraci\u00f3n CMS.   <\/p>\n                    <\/div>\n                <\/div>\n            <\/div>\n        <\/div>\n    <\/section>\n","protected":false},"excerpt":{"rendered":"<p>Sistema multiling\u00fce Un sistema MLM en varios idiomas permite a los usuarios de todo el mundo navegar f\u00e1cilmente a trav\u00e9s de su sistema y administrar todas las actividades de MLM. El software Cloud MLM es una de las mejores opciones para un sistema MLM multiling\u00fce en nuestra cartera de software. Desbloqueo de los mercados globales: [&hellip;]<\/p>\n","protected":false},"author":1,"featured_media":0,"parent":0,"menu_order":0,"comment_status":"closed","ping_status":"closed","template":"modulemultilingualsystem-page.php","meta":{"_acf_changed":false,"footnotes":""},"class_list":["post-14060","page","type-page","status-publish","hentry"],"acf":[],"yoast_head":"<!-- This site is optimized with the Yoast SEO Premium plugin v23.6 (Yoast SEO v25.9) - https:\/\/yoast.com\/wordpress\/plugins\/seo\/ -->\n<title>Sistema multiling\u00fce para negocios MLM | Alcance global simplificado<\/title>\n<meta name=\"description\" content=\"Ampl\u00eda el alcance de tu negocio MLM con un sistema multiling\u00fce. Soporte ling\u00fc\u00edstico sin fisuras para una mejor experiencia de usuario y crecimiento internacional.\" \/>\n<meta name=\"robots\" content=\"index, follow, max-snippet:-1, max-image-preview:large, max-video-preview:-1\" \/>\n<link rel=\"canonical\" href=\"https:\/\/cloudmlmsoftware.com\/es\/sistema-multilingue\/\" \/>\n<meta property=\"og:locale\" content=\"es_ES\" \/>\n<meta property=\"og:type\" content=\"article\" \/>\n<meta property=\"og:title\" content=\"sistema multiling\u00fce\" \/>\n<meta property=\"og:description\" content=\"Ampl\u00eda el alcance de tu negocio MLM con un sistema multiling\u00fce. Soporte ling\u00fc\u00edstico sin fisuras para una mejor experiencia de usuario y crecimiento internacional.\" \/>\n<meta property=\"og:url\" content=\"https:\/\/cloudmlmsoftware.com\/es\/sistema-multilingue\/\" \/>\n<meta property=\"og:site_name\" content=\"Cloud MLM Software\" \/>\n<meta property=\"article:modified_time\" content=\"2024-11-07T12:35:14+00:00\" \/>\n<meta name=\"twitter:card\" content=\"summary_large_image\" \/>\n<meta name=\"twitter:label1\" content=\"Tiempo de lectura\" \/>\n\t<meta name=\"twitter:data1\" content=\"2 minutos\" \/>\n<!-- \/ Yoast SEO Premium plugin. -->","yoast_head_json":{"title":"Sistema multiling\u00fce para negocios MLM | Alcance global simplificado","description":"Ampl\u00eda el alcance de tu negocio MLM con un sistema multiling\u00fce. Soporte ling\u00fc\u00edstico sin fisuras para una mejor experiencia de usuario y crecimiento internacional.","robots":{"index":"index","follow":"follow","max-snippet":"max-snippet:-1","max-image-preview":"max-image-preview:large","max-video-preview":"max-video-preview:-1"},"canonical":"https:\/\/cloudmlmsoftware.com\/es\/sistema-multilingue\/","og_locale":"es_ES","og_type":"article","og_title":"sistema multiling\u00fce","og_description":"Ampl\u00eda el alcance de tu negocio MLM con un sistema multiling\u00fce. Soporte ling\u00fc\u00edstico sin fisuras para una mejor experiencia de usuario y crecimiento internacional.","og_url":"https:\/\/cloudmlmsoftware.com\/es\/sistema-multilingue\/","og_site_name":"Cloud MLM Software","article_modified_time":"2024-11-07T12:35:14+00:00","twitter_card":"summary_large_image","twitter_misc":{"Tiempo de lectura":"2 minutos"},"schema":{"@context":"https:\/\/schema.org","@graph":[{"@type":"WebPage","@id":"https:\/\/cloudmlmsoftware.com\/es\/sistema-multilingue\/","url":"https:\/\/cloudmlmsoftware.com\/es\/sistema-multilingue\/","name":"Sistema multiling\u00fce para negocios MLM | Alcance global simplificado","isPartOf":{"@id":"https:\/\/cloudmlmsoftware.com\/es\/#website"},"datePublished":"2024-05-22T13:35:48+00:00","dateModified":"2024-11-07T12:35:14+00:00","description":"Ampl\u00eda el alcance de tu negocio MLM con un sistema multiling\u00fce. Soporte ling\u00fc\u00edstico sin fisuras para una mejor experiencia de usuario y crecimiento internacional.","breadcrumb":{"@id":"https:\/\/cloudmlmsoftware.com\/es\/sistema-multilingue\/#breadcrumb"},"inLanguage":"es","potentialAction":[{"@type":"ReadAction","target":["https:\/\/cloudmlmsoftware.com\/es\/sistema-multilingue\/"]}]},{"@type":"BreadcrumbList","@id":"https:\/\/cloudmlmsoftware.com\/es\/sistema-multilingue\/#breadcrumb","itemListElement":[{"@type":"ListItem","position":1,"name":"Home","item":"https:\/\/cloudmlmsoftware.com\/es\/"},{"@type":"ListItem","position":2,"name":"sistema multiling\u00fce"}]},{"@type":"WebSite","@id":"https:\/\/cloudmlmsoftware.com\/es\/#website","url":"https:\/\/cloudmlmsoftware.com\/es\/","name":"Cloud MLM Software","description":"","publisher":{"@id":"https:\/\/cloudmlmsoftware.com\/es\/#organization"},"potentialAction":[{"@type":"SearchAction","target":{"@type":"EntryPoint","urlTemplate":"https:\/\/cloudmlmsoftware.com\/es\/?s={search_term_string}"},"query-input":{"@type":"PropertyValueSpecification","valueRequired":true,"valueName":"search_term_string"}}],"inLanguage":"es"},{"@type":"Organization","@id":"https:\/\/cloudmlmsoftware.com\/es\/#organization","name":"Cloud MLM Software","url":"https:\/\/cloudmlmsoftware.com\/es\/","logo":{"@type":"ImageObject","inLanguage":"es","@id":"https:\/\/cloudmlmsoftware.com\/es\/#\/schema\/logo\/image\/","url":"https:\/\/cloudmlmsoftware.com\/wp-content\/uploads\/2024\/09\/cloudmlm-logo.webp","contentUrl":"https:\/\/cloudmlmsoftware.com\/wp-content\/uploads\/2024\/09\/cloudmlm-logo.webp","width":200,"height":40,"caption":"Cloud MLM Software"},"image":{"@id":"https:\/\/cloudmlmsoftware.com\/es\/#\/schema\/logo\/image\/"}}]}},"_links":{"self":[{"href":"https:\/\/cloudmlmsoftware.com\/es\/wp-json\/wp\/v2\/pages\/14060","targetHints":{"allow":["GET"]}}],"collection":[{"href":"https:\/\/cloudmlmsoftware.com\/es\/wp-json\/wp\/v2\/pages"}],"about":[{"href":"https:\/\/cloudmlmsoftware.com\/es\/wp-json\/wp\/v2\/types\/page"}],"author":[{"embeddable":true,"href":"https:\/\/cloudmlmsoftware.com\/es\/wp-json\/wp\/v2\/users\/1"}],"replies":[{"embeddable":true,"href":"https:\/\/cloudmlmsoftware.com\/es\/wp-json\/wp\/v2\/comments?post=14060"}],"version-history":[{"count":0,"href":"https:\/\/cloudmlmsoftware.com\/es\/wp-json\/wp\/v2\/pages\/14060\/revisions"}],"wp:attachment":[{"href":"https:\/\/cloudmlmsoftware.com\/es\/wp-json\/wp\/v2\/media?parent=14060"}],"curies":[{"name":"wp","href":"https:\/\/api.w.org\/{rel}","templated":true}]}}