{"id":14050,"date":"2024-05-22T13:34:29","date_gmt":"2024-05-22T13:34:29","guid":{"rendered":"https:\/\/cloudmlmsoftware.com\/documentacion-kyc\/"},"modified":"2024-11-07T12:42:35","modified_gmt":"2024-11-07T12:42:35","slug":"documentacion-kyc","status":"publish","type":"page","link":"https:\/\/cloudmlmsoftware.com\/es\/documentacion-kyc\/","title":{"rendered":"documentaci\u00f3n-kyc"},"content":{"rendered":"\n<div class=\"bannerBgcolor BannerBg pt-16 pb-20 relative overflow-hidden\">\n        <div class=\"animation-wrapper\">\n            <div class=\"particle particle-1\"><\/div>\n            <div class=\"particle particle-2\"><\/div>\n            <div class=\"particle particle-3\"><\/div>\n            <div class=\"particle particle-4\"><\/div>\n        <\/div>\n\n        <div class=\"container mx-auto xl:h-[504px] lg:h-[450px] h-auto relative z-1\">\n            <div class=\"flex flex-wrap items-center\">\n                <div class=\"md:basis-5\/12 sm:basis-12\/12 pr-4 pr-0 py-14\">\n                    <img decoding=\"async\" src=\"\/wp-content\/uploads\/2024\/08\/Modulesbanner.webp\" width=\"467\" height=\"411\" alt=\"El mejor software de mlm en EE. UU.\" class=\"pulseBannerImg\"\/>\n                <\/div>\n                <div class=\"md:basis-7\/12 sm:basis-12\/12\">\n                    <h1 class=\"lg:text-mainTitleFontSize sm:text-3xl text-3xl text-white lg:leading-snug \">\n                        Documentaci\u00f3n <span class=\"font-bold animate-charcter-offwhite\">KYC<\/span> <\/h1>\n\n                    <p class=\"offlightWhite pt-3 text-md\">La documentaci\u00f3n KYC se proporciona no solo en el momento de nuevas uniones sino tambi\u00e9n para actualizar cuentas. Actualizar las cuentas de los miembros es necesario en el negocio MLM porque hay muchos miembros; algunos son m\u00e1s activos mientras que otros est\u00e1n inactivos.  <\/p>\n\n                <\/div>\n\n            <\/div>\n        <\/div>\n    <\/div>\n    <!-- ************************************************************************************* -->\n\n    <section class=\"p-sectionpadding\">\n        <div class=\"container mx-auto pt-20\">\n            <div class=\"flex flex-wrap items-start md:items-center flex-col-reverse md:flex-row\">\n                <div class=\"flex-1 w-full pr-0 md:pr-7 pr-0 mt-3\">\n                    <div class=\"relative\">\n\n                        <h2 class=\"lg:text-TitlesemiFontSize text-2xl titleColor lg:leading-snug capitalize\">\n                             \u00bf<span class=\"font-bold\">Importancia<\/span> de <span class=\"font-bold\">KYC<\/span> en los negocios MLM? <\/h2>\n                        <h3 class=\"text-lg mt-6\">\u00bfPor qu\u00e9 la documentaci\u00f3n KYC en el software mlm?<\/h3>\n                        <p class=\"pt-6 font-light leading-6 text-textpara contentColor\">El software incluye un m\u00f3dulo de documentaci\u00f3n KYC principalmente para evitar actividades fraudulentas en el negocio MLM. Dado que la mayor\u00eda de las actividades de MLM se llevan a cabo en l\u00ednea, algunas personas pueden unirse al negocio usando nombres falsos y participar en el lavado de dinero. Debido a la gran cantidad de clientes, a los propietarios de empresas les resulta dif\u00edcil identificar f\u00e1cilmente a estas personas fraudulentas.   <\/p>\n                        <p class=\"pt-6 font-light leading-6 text-textpara contentColor\">Esto resalta la importancia del software MLM en el negocio MLM. En nuestro software MLM, proporcionamos un m\u00f3dulo KYC que ayuda a los propietarios de empresas a prevenir actividades fraudulentas. Para obtener la documentaci\u00f3n KYC, los clientes que se unen al negocio de MLM deben cargar su prueba de identidad, como una identificaci\u00f3n de votante o una licencia de conducir, a los propietarios. S\u00f3lo despu\u00e9s de un env\u00edo exitoso el usuario podr\u00e1 unirse a la empresa. Adem\u00e1s, la documentaci\u00f3n KYC ayuda a los propietarios de empresas a investigar el historial de incorporaci\u00f3n de clientes para determinar si tienen alguna carga financiera previa, lo que les permite brindarles un mejor servicio.     <\/p>\n                    <\/div>\n                <\/div>\n                <div class=\"hidden lg:flex items-end justify-right w-[360px] primaryColor rounded-2xl pt-20 pl-10 ml-0 md:ml-10 mb-2 pb-0 overflow-hidden mt-3\">\n                    <img decoding=\"async\" src=\"\/wp-content\/uploads\/2024\/08\/modulekycIntro.svg\" alt=\"Imagen\" class=\"relative right-[-10px] w-full rounded-tl-xl\"\/>\n                <\/div>\n            <\/div>\n        <\/div>\n    <\/section>\n\n    <!-- ================================================================================================ -->\n    <section class=\"p-sectionpadding\">\n        <div class=\"container mx-auto \">\n            <div class=\"relative darkblue rounded-2xl p-7 lg:p-12 py-16 overflow-hidden\">\n                <div class=\"flex flex-wrap items-center\">\n\n                    <div class=\"relative w-full lg:w-5\/12 pr-0 lg:pr-12\">\n                        <img decoding=\"async\" src=\"\/wp-content\/uploads\/2024\/08\/modulekyc2-1.webp\" alt=\"Imagen\" class=\"mb-4 lg:mb-0 w-full\"\/>\n                    <\/div>\n\n                    <div class=\"lg:flex-shrink-0 w-full lg:w-7\/12 \">\n                        <h4 class=\"lg:text-TitlesemiFontSize text-2xl text-white lg:leading-snug capitalize\">\n                             <span class=\"font-bold\">Periodicidad<\/span> de la actualizaci\u00f3n KYC <\/h4>\n                        <p class=\"pt-6 font-light leading-6 text-textpara offWhite\">La documentaci\u00f3n KYC se requiere no solo en el momento de nuevas uniones sino tambi\u00e9n en el momento de actualizar la cuenta. Actualizar las cuentas de los miembros es esencial en el negocio de MLM porque hay numerosos miembros; algunos son m\u00e1s activos mientras que otros est\u00e1n inactivos. Los due\u00f1os de negocios necesitan principalmente miembros activos en su negocio, por lo que les dan m\u00e1s prioridad y mejoran sus niveles. A nivel de actualizaci\u00f3n, el usuario debe proporcionar documentaci\u00f3n KYC actualizada. Adem\u00e1s, los miembros existentes que deseen crear una nueva cuenta tambi\u00e9n deben proporcionar documentaci\u00f3n KYC nueva basada en las \u00faltimas pol\u00edticas KYC.     <\/p>\n                    <\/div>\n                <\/div>\n            <\/div>\n        <\/div>\n    <\/section>\n\n\n    <!-- ************************************************************************************* -->\n    <section class=\"p-sectionpadding\">\n        <div class=\"container mx-auto\">\n            <div class=\"flex flex-wrap flex-col-reverse md:flex-row\">\n\n                <div class=\"w-full md:w-6\/12 primaryColor rounded-2xl p-7 lg:p-10 mb-2 pb-8 md:pb-0 overflow-hidden mr-0 md:mr-5 mt-10 md:mt-3\">\n                <h4 class=\"text-2xl md:text-3xl text-white font-semibold lg:leading-snug capitalize mb-7\"> Confirmaci\u00f3n de documentos KYC <\/h4>\n                <p class=\"pt-2 font-light leading-8 text-lg text-white\">Sepa que sus clientes est\u00e1n procesando donde la empresa puede conocer y verificar a sus miembros y clientes. Los desarrolladores de software de entienden la importancia de la privacidad de estos documentos y utilizan fuentes confiables e independientes de datos y seguridad de la informaci\u00f3n para mantener una mejor pol\u00edtica de privacidad. <\/p>\n            <\/div>\n\n                <div class=\"flex-1 flex flex-col items-center justify-end w-full md:w-6\/12 lighter rounded-2xl p-7 md:p-20 pb-0 md:pb-0 ml-0 md:ml-5 mb-2 pb-0 overflow-hidden mt-3\">\n                    <h4 class=\"text-xl md:text-3xl titleColor text-center font-bold lg:leading-snug capitalize mb-7\"> Finalizaci\u00f3n de KYC <\/h4>\n                    <img decoding=\"async\" src=\"\/wp-content\/uploads\/2024\/07\/kycphoto-img.webp\" alt=\"Imagen\" class=\"w-full relative bottom-[-34px]\"\/>\n                <\/div>\n\n              \n\n            <\/div>\n        <\/div>\n    <\/section>\n","protected":false},"excerpt":{"rendered":"<p>Documentaci\u00f3n KYC La documentaci\u00f3n KYC se proporciona no solo en el momento de nuevas uniones sino tambi\u00e9n para actualizar cuentas. Actualizar las cuentas de los miembros es necesario en el negocio MLM porque hay muchos miembros; algunos son m\u00e1s activos mientras que otros est\u00e1n inactivos. \u00bfImportancia de KYC en los negocios MLM? \u00bfPor qu\u00e9 la [&hellip;]<\/p>\n","protected":false},"author":1,"featured_media":0,"parent":0,"menu_order":0,"comment_status":"closed","ping_status":"closed","template":"modulekycdocumentation-page.php","meta":{"_acf_changed":false,"footnotes":""},"class_list":["post-14050","page","type-page","status-publish","hentry"],"acf":[],"yoast_head":"<!-- This site is optimized with the Yoast SEO Premium plugin v23.6 (Yoast SEO v25.9) - https:\/\/yoast.com\/wordpress\/plugins\/seo\/ -->\n<title>M\u00f3dulo de documentaci\u00f3n KYC seguro | Simplifique la verificaci\u00f3n<\/title>\n<meta name=\"description\" content=\"Agiliza tu proceso de verificaci\u00f3n con nuestro m\u00f3dulo de Documentaci\u00f3n KYC. Soluciones seguras, eficientes y conformes para transacciones fluidas.\" \/>\n<meta name=\"robots\" content=\"index, follow, max-snippet:-1, max-image-preview:large, max-video-preview:-1\" \/>\n<link rel=\"canonical\" href=\"https:\/\/cloudmlmsoftware.com\/es\/documentacion-kyc\/\" \/>\n<meta property=\"og:locale\" content=\"es_ES\" \/>\n<meta property=\"og:type\" content=\"article\" \/>\n<meta property=\"og:title\" content=\"documentaci\u00f3n-kyc\" \/>\n<meta property=\"og:description\" content=\"Agiliza tu proceso de verificaci\u00f3n con nuestro m\u00f3dulo de Documentaci\u00f3n KYC. Soluciones seguras, eficientes y conformes para transacciones fluidas.\" \/>\n<meta property=\"og:url\" content=\"https:\/\/cloudmlmsoftware.com\/es\/documentacion-kyc\/\" \/>\n<meta property=\"og:site_name\" content=\"Cloud MLM Software\" \/>\n<meta property=\"article:modified_time\" content=\"2024-11-07T12:42:35+00:00\" \/>\n<meta name=\"twitter:card\" content=\"summary_large_image\" \/>\n<meta name=\"twitter:label1\" content=\"Tiempo de lectura\" \/>\n\t<meta name=\"twitter:data1\" content=\"2 minutos\" \/>\n<!-- \/ Yoast SEO Premium plugin. -->","yoast_head_json":{"title":"M\u00f3dulo de documentaci\u00f3n KYC seguro | Simplifique la verificaci\u00f3n","description":"Agiliza tu proceso de verificaci\u00f3n con nuestro m\u00f3dulo de Documentaci\u00f3n KYC. Soluciones seguras, eficientes y conformes para transacciones fluidas.","robots":{"index":"index","follow":"follow","max-snippet":"max-snippet:-1","max-image-preview":"max-image-preview:large","max-video-preview":"max-video-preview:-1"},"canonical":"https:\/\/cloudmlmsoftware.com\/es\/documentacion-kyc\/","og_locale":"es_ES","og_type":"article","og_title":"documentaci\u00f3n-kyc","og_description":"Agiliza tu proceso de verificaci\u00f3n con nuestro m\u00f3dulo de Documentaci\u00f3n KYC. Soluciones seguras, eficientes y conformes para transacciones fluidas.","og_url":"https:\/\/cloudmlmsoftware.com\/es\/documentacion-kyc\/","og_site_name":"Cloud MLM Software","article_modified_time":"2024-11-07T12:42:35+00:00","twitter_card":"summary_large_image","twitter_misc":{"Tiempo de lectura":"2 minutos"},"schema":{"@context":"https:\/\/schema.org","@graph":[{"@type":"WebPage","@id":"https:\/\/cloudmlmsoftware.com\/es\/documentacion-kyc\/","url":"https:\/\/cloudmlmsoftware.com\/es\/documentacion-kyc\/","name":"M\u00f3dulo de documentaci\u00f3n KYC seguro | Simplifique la verificaci\u00f3n","isPartOf":{"@id":"https:\/\/cloudmlmsoftware.com\/es\/#website"},"datePublished":"2024-05-22T13:34:29+00:00","dateModified":"2024-11-07T12:42:35+00:00","description":"Agiliza tu proceso de verificaci\u00f3n con nuestro m\u00f3dulo de Documentaci\u00f3n KYC. Soluciones seguras, eficientes y conformes para transacciones fluidas.","breadcrumb":{"@id":"https:\/\/cloudmlmsoftware.com\/es\/documentacion-kyc\/#breadcrumb"},"inLanguage":"es","potentialAction":[{"@type":"ReadAction","target":["https:\/\/cloudmlmsoftware.com\/es\/documentacion-kyc\/"]}]},{"@type":"BreadcrumbList","@id":"https:\/\/cloudmlmsoftware.com\/es\/documentacion-kyc\/#breadcrumb","itemListElement":[{"@type":"ListItem","position":1,"name":"Home","item":"https:\/\/cloudmlmsoftware.com\/es\/"},{"@type":"ListItem","position":2,"name":"documentaci\u00f3n-kyc"}]},{"@type":"WebSite","@id":"https:\/\/cloudmlmsoftware.com\/es\/#website","url":"https:\/\/cloudmlmsoftware.com\/es\/","name":"Cloud MLM Software","description":"","publisher":{"@id":"https:\/\/cloudmlmsoftware.com\/es\/#organization"},"potentialAction":[{"@type":"SearchAction","target":{"@type":"EntryPoint","urlTemplate":"https:\/\/cloudmlmsoftware.com\/es\/?s={search_term_string}"},"query-input":{"@type":"PropertyValueSpecification","valueRequired":true,"valueName":"search_term_string"}}],"inLanguage":"es"},{"@type":"Organization","@id":"https:\/\/cloudmlmsoftware.com\/es\/#organization","name":"Cloud MLM Software","url":"https:\/\/cloudmlmsoftware.com\/es\/","logo":{"@type":"ImageObject","inLanguage":"es","@id":"https:\/\/cloudmlmsoftware.com\/es\/#\/schema\/logo\/image\/","url":"https:\/\/cloudmlmsoftware.com\/wp-content\/uploads\/2024\/09\/cloudmlm-logo.webp","contentUrl":"https:\/\/cloudmlmsoftware.com\/wp-content\/uploads\/2024\/09\/cloudmlm-logo.webp","width":200,"height":40,"caption":"Cloud MLM Software"},"image":{"@id":"https:\/\/cloudmlmsoftware.com\/es\/#\/schema\/logo\/image\/"}}]}},"_links":{"self":[{"href":"https:\/\/cloudmlmsoftware.com\/es\/wp-json\/wp\/v2\/pages\/14050","targetHints":{"allow":["GET"]}}],"collection":[{"href":"https:\/\/cloudmlmsoftware.com\/es\/wp-json\/wp\/v2\/pages"}],"about":[{"href":"https:\/\/cloudmlmsoftware.com\/es\/wp-json\/wp\/v2\/types\/page"}],"author":[{"embeddable":true,"href":"https:\/\/cloudmlmsoftware.com\/es\/wp-json\/wp\/v2\/users\/1"}],"replies":[{"embeddable":true,"href":"https:\/\/cloudmlmsoftware.com\/es\/wp-json\/wp\/v2\/comments?post=14050"}],"version-history":[{"count":0,"href":"https:\/\/cloudmlmsoftware.com\/es\/wp-json\/wp\/v2\/pages\/14050\/revisions"}],"wp:attachment":[{"href":"https:\/\/cloudmlmsoftware.com\/es\/wp-json\/wp\/v2\/media?parent=14050"}],"curies":[{"name":"wp","href":"https:\/\/api.w.org\/{rel}","templated":true}]}}