{"id":13870,"date":"2024-05-22T13:10:45","date_gmt":"2024-05-22T13:10:45","guid":{"rendered":"https:\/\/cloudmlmsoftware.com\/correos-electronicos\/"},"modified":"2024-10-14T09:10:28","modified_gmt":"2024-10-14T09:10:28","slug":"correos-electronicos","status":"publish","type":"page","link":"https:\/\/cloudmlmsoftware.com\/es\/correos-electronicos\/","title":{"rendered":"correos electr\u00f3nicos"},"content":{"rendered":"\n<div class=\"bannerBgcolor BannerBg pt-16 pb-20 relative overflow-hidden\">\n        <div class=\"animation-wrapper\">\n            <div class=\"particle particle-1\"><\/div>\n            <div class=\"particle particle-2\"><\/div>\n            <div class=\"particle particle-3\"><\/div>\n            <div class=\"particle particle-4\"><\/div>\n        <\/div>\n\n        <div class=\"container mx-auto xl:h-[504px] lg:h-[450px] h-auto relative z-1\">\n            <div class=\"flex flex-wrap items-center\">\n                <div class=\"md:basis-5\/12 sm:basis-12\/12 pr-4 pr-0 py-14\">\n                    <img decoding=\"async\" src=\"\/wp-content\/uploads\/2024\/08\/Modulesbanner.webp\" width=\"467\" height=\"411\" alt=\"El mejor software de mlm en EE. UU.\" class=\"pulseBannerImg\"\/>\n                <\/div>\n                <div class=\"md:basis-7\/12 sm:basis-12\/12\">\n                    <h1 class=\"lg:text-mainTitleFontSize sm:text-3xl text-3xl text-white lg:leading-snug \">\n                        <span class=\"font-bold animate-charcter-offwhite\">Correos electr\u00f3nicos <\/span>\n                    <\/h1>\n\n                    <p class=\"offlightWhite pt-3 text-md\">Los correos electr\u00f3nicos son un factor importante que influye en cualquier negocio. Ahora que nuestro mundo est\u00e1 completamente digitalizado, muchas empresas utilizan t\u00e9cnicas de marketing por correo electr\u00f3nico para vender sus productos y servicios en el mercado. Esta t\u00e9cnica es muy rentable porque s\u00f3lo requiere recopilar algunas direcciones de correo electr\u00f3nico comerciales de ejecutivos y simplemente enviar correos electr\u00f3nicos con el contenido de su producto a esas direcciones.   <\/p>\n\n                <\/div>\n\n            <\/div>\n        <\/div>\n    <\/div>\n    <!-- ************************************************************************************* -->\n\n\n    <section class=\"p-sectionpadding\">\n        <div class=\"container mx-auto pt-20\">\n            <div class=\"flex flex-wrap items-start md:items-center flex-col-reverse md:flex-row\">\n                <div class=\"flex-1 w-full md:w-8\/12 pr-0 lg:pr-7 pr-0 mt-3\">\n                    <div class=\"relative\">\n\n                        <h2 class=\"lg:text-TitlesemiFontSize text-2xl titleColor lg:leading-snug capitalize\"> \u00bfSon <span class=\"font-bold\"> los correos electr\u00f3nicos importantes <\/span> para su negocio de MLM? <\/h2>\n\n\n                        \n\n                        <p class=\"pt-6 font-light leading-6 text-textpara contentColor\">Los correos electr\u00f3nicos desempe\u00f1an un papel crucial en el negocio del MLM y su impacto en las operaciones comerciales puede ser significativo. Al utilizar el software MLM, los correos electr\u00f3nicos se convierten en una herramienta vital para la comunicaci\u00f3n y el marketing. En el software MLM, normalmente hay un m\u00f3dulo de correo electr\u00f3nico que permite al administrador programar horarios, temas y configurar opciones avanzadas dentro de un panel de administraci\u00f3n. Luego, los correos electr\u00f3nicos se env\u00edan autom\u00e1ticamente a las direcciones proporcionadas a intervalos regulares.    <\/p>\n\n\n                        <p class=\"pt-5 font-light leading-6 text-textpara contentColor\">Tener un sistema de correo electr\u00f3nico integrado en el software MLM es una ventaja definitiva para cualquier empresa. Nuestro software MLM basado en la nube incorpora un m\u00f3dulo de correo electr\u00f3nico de primer nivel dise\u00f1ado para ofrecer resultados sobresalientes. Con nuestro software MLM en la nube, puede utilizar plenamente las capacidades del m\u00f3dulo de correo electr\u00f3nico. Este m\u00f3dulo est\u00e1 optimizado para brindar velocidad y precisi\u00f3n en el env\u00edo de correos electr\u00f3nicos y el administrador puede administrarlo f\u00e1cilmente.    <\/p>\n\n                    <\/div>\n                <\/div>\n\n\n                <div class=\"hidden lg:flex items-end justify-right w-[360px] primaryColor rounded-2xl pt-20 pl-10 ml-0 md:ml-10 mb-2 pb-0 overflow-hidden mt-3\">\n                    <img decoding=\"async\" src=\"\/wp-content\/uploads\/2024\/08\/emailmodule.svg\" alt=\"Imagen\" class=\"relative right-[-10px] w-full\"\/>\n                <\/div>\n            <\/div>\n        <\/div>\n    <\/section>\n    <!-- ================================================================================================ -->\n    <section class=\"p-sectionpadding\">\n        <div class=\"container mx-auto \">\n            <div class=\"relative darkblue rounded-2xl p-7 lg:p-12 py-16 overflow-hidden\">\n                <div class=\"flex flex-wrap items-center\">\n\n                    <div class=\"relative w-full lg:w-5\/12 pr-0 lg:pr-12\">\n                        <img decoding=\"async\" src=\"\/wp-content\/uploads\/2024\/08\/moduleemail2.webp\" alt=\"Imagen\" class=\"mb-4 lg:mb-0 w-full\"\/>\n                    <\/div>\n\n                    <div class=\"lg:flex-shrink-0 w-full lg:w-7\/12 \">\n                        <h4 class=\"lg:text-TitlesemiFontSize text-2xl text-white lg:leading-snug capitalize\">\n                             <span class=\"font-bold\">Caracter\u00edsticas del m\u00f3dulo<\/span> de correo electr\u00f3nico de Cloud MLM <\/h4>\n                        <ul class=\"flex flex-wrap space-x-2 mt-4 ml-[-12px] list1\">\n                            <li class=\"text-textpara text-white font-light leading-6 mb-3 ml-2\">Nuestro sistema de m\u00f3dulos de correo electr\u00f3nico ayuda a aumentar los clientes potenciales y los ingresos por las ventas de su producto mediante la utilizaci\u00f3n de sus propias listas de marketing por correo electr\u00f3nico. <\/li>\n                            <li class=\"text-textpara text-white font-light leading-6 mb-3 ml-2\">El sistema de m\u00f3dulo de correo electr\u00f3nico del software Cloud MLM permite a todo tipo de propietarios de empresas conectarse con sus clientes y miembros desde cualquier dispositivo, en cualquier parte del mundo. <\/li>\n                            <li class=\"text-textpara text-white font-light leading-6 mb-3 ml-2\">Puede agregar y eliminar participantes f\u00e1cilmente en nuestro sistema de correo electr\u00f3nico. Nuestro m\u00f3dulo de correo electr\u00f3nico ofrece un servicio de correo electr\u00f3nico automatizado 24 horas al d\u00eda, 7 d\u00edas a la semana, que consume una memoria m\u00ednima mientras opera en segundo plano.  <\/li>\n                            <li class=\"text-textpara text-white font-light leading-6 mb-3 ml-2\"> Nuestro software est\u00e1 integrado con complementos de redes sociales, lo que le permite insertar f\u00e1cilmente sus enlaces de redes sociales en correos electr\u00f3nicos y mejorar la confianza en su producto. <\/li>\n                           \n                        <\/ul>\n                    <\/div>\n                <\/div>\n            <\/div>\n        <\/div>\n    <\/section>\n","protected":false},"excerpt":{"rendered":"<p>Correos electr\u00f3nicos Los correos electr\u00f3nicos son un factor importante que influye en cualquier negocio. Ahora que nuestro mundo est\u00e1 completamente digitalizado, muchas empresas utilizan t\u00e9cnicas de marketing por correo electr\u00f3nico para vender sus productos y servicios en el mercado. Esta t\u00e9cnica es muy rentable porque s\u00f3lo requiere recopilar algunas direcciones de correo electr\u00f3nico comerciales de [&hellip;]<\/p>\n","protected":false},"author":1,"featured_media":0,"parent":0,"menu_order":0,"comment_status":"closed","ping_status":"closed","template":"moduleemail-page.php","meta":{"_acf_changed":false,"footnotes":""},"class_list":["post-13870","page","type-page","status-publish","hentry"],"acf":[],"yoast_head":"<!-- This site is optimized with the Yoast SEO Premium plugin v23.6 (Yoast SEO v25.9) - https:\/\/yoast.com\/wordpress\/plugins\/seo\/ -->\n<title>Sistema de correo electr\u00f3nico para una comunicaci\u00f3n eficiente<\/title>\n<meta name=\"description\" content=\"Actualice a nuestro sistema de correo electr\u00f3nico avanzado para agilizar su comunicaci\u00f3n y aumentar la productividad.\" \/>\n<meta name=\"robots\" content=\"index, follow, max-snippet:-1, max-image-preview:large, max-video-preview:-1\" \/>\n<link rel=\"canonical\" href=\"https:\/\/cloudmlmsoftware.com\/es\/correos-electronicos\/\" \/>\n<meta property=\"og:locale\" content=\"es_ES\" \/>\n<meta property=\"og:type\" content=\"article\" \/>\n<meta property=\"og:title\" content=\"correos electr\u00f3nicos\" \/>\n<meta property=\"og:description\" content=\"Actualice a nuestro sistema de correo electr\u00f3nico avanzado para agilizar su comunicaci\u00f3n y aumentar la productividad.\" \/>\n<meta property=\"og:url\" content=\"https:\/\/cloudmlmsoftware.com\/es\/correos-electronicos\/\" \/>\n<meta property=\"og:site_name\" content=\"Cloud MLM Software\" \/>\n<meta property=\"article:modified_time\" content=\"2024-10-14T09:10:28+00:00\" \/>\n<meta name=\"twitter:card\" content=\"summary_large_image\" \/>\n<meta name=\"twitter:label1\" content=\"Tiempo de lectura\" \/>\n\t<meta name=\"twitter:data1\" content=\"3 minutos\" \/>\n<!-- \/ Yoast SEO Premium plugin. -->","yoast_head_json":{"title":"Sistema de correo electr\u00f3nico para una comunicaci\u00f3n eficiente","description":"Actualice a nuestro sistema de correo electr\u00f3nico avanzado para agilizar su comunicaci\u00f3n y aumentar la productividad.","robots":{"index":"index","follow":"follow","max-snippet":"max-snippet:-1","max-image-preview":"max-image-preview:large","max-video-preview":"max-video-preview:-1"},"canonical":"https:\/\/cloudmlmsoftware.com\/es\/correos-electronicos\/","og_locale":"es_ES","og_type":"article","og_title":"correos electr\u00f3nicos","og_description":"Actualice a nuestro sistema de correo electr\u00f3nico avanzado para agilizar su comunicaci\u00f3n y aumentar la productividad.","og_url":"https:\/\/cloudmlmsoftware.com\/es\/correos-electronicos\/","og_site_name":"Cloud MLM Software","article_modified_time":"2024-10-14T09:10:28+00:00","twitter_card":"summary_large_image","twitter_misc":{"Tiempo de lectura":"3 minutos"},"schema":{"@context":"https:\/\/schema.org","@graph":[{"@type":"WebPage","@id":"https:\/\/cloudmlmsoftware.com\/es\/correos-electronicos\/","url":"https:\/\/cloudmlmsoftware.com\/es\/correos-electronicos\/","name":"Sistema de correo electr\u00f3nico para una comunicaci\u00f3n eficiente","isPartOf":{"@id":"https:\/\/cloudmlmsoftware.com\/es\/#website"},"datePublished":"2024-05-22T13:10:45+00:00","dateModified":"2024-10-14T09:10:28+00:00","description":"Actualice a nuestro sistema de correo electr\u00f3nico avanzado para agilizar su comunicaci\u00f3n y aumentar la productividad.","breadcrumb":{"@id":"https:\/\/cloudmlmsoftware.com\/es\/correos-electronicos\/#breadcrumb"},"inLanguage":"es","potentialAction":[{"@type":"ReadAction","target":["https:\/\/cloudmlmsoftware.com\/es\/correos-electronicos\/"]}]},{"@type":"BreadcrumbList","@id":"https:\/\/cloudmlmsoftware.com\/es\/correos-electronicos\/#breadcrumb","itemListElement":[{"@type":"ListItem","position":1,"name":"Home","item":"https:\/\/cloudmlmsoftware.com\/es\/"},{"@type":"ListItem","position":2,"name":"correos electr\u00f3nicos"}]},{"@type":"WebSite","@id":"https:\/\/cloudmlmsoftware.com\/es\/#website","url":"https:\/\/cloudmlmsoftware.com\/es\/","name":"Cloud MLM Software","description":"","publisher":{"@id":"https:\/\/cloudmlmsoftware.com\/es\/#organization"},"potentialAction":[{"@type":"SearchAction","target":{"@type":"EntryPoint","urlTemplate":"https:\/\/cloudmlmsoftware.com\/es\/?s={search_term_string}"},"query-input":{"@type":"PropertyValueSpecification","valueRequired":true,"valueName":"search_term_string"}}],"inLanguage":"es"},{"@type":"Organization","@id":"https:\/\/cloudmlmsoftware.com\/es\/#organization","name":"Cloud MLM Software","url":"https:\/\/cloudmlmsoftware.com\/es\/","logo":{"@type":"ImageObject","inLanguage":"es","@id":"https:\/\/cloudmlmsoftware.com\/es\/#\/schema\/logo\/image\/","url":"https:\/\/cloudmlmsoftware.com\/wp-content\/uploads\/2024\/09\/cloudmlm-logo.webp","contentUrl":"https:\/\/cloudmlmsoftware.com\/wp-content\/uploads\/2024\/09\/cloudmlm-logo.webp","width":200,"height":40,"caption":"Cloud MLM Software"},"image":{"@id":"https:\/\/cloudmlmsoftware.com\/es\/#\/schema\/logo\/image\/"}}]}},"_links":{"self":[{"href":"https:\/\/cloudmlmsoftware.com\/es\/wp-json\/wp\/v2\/pages\/13870","targetHints":{"allow":["GET"]}}],"collection":[{"href":"https:\/\/cloudmlmsoftware.com\/es\/wp-json\/wp\/v2\/pages"}],"about":[{"href":"https:\/\/cloudmlmsoftware.com\/es\/wp-json\/wp\/v2\/types\/page"}],"author":[{"embeddable":true,"href":"https:\/\/cloudmlmsoftware.com\/es\/wp-json\/wp\/v2\/users\/1"}],"replies":[{"embeddable":true,"href":"https:\/\/cloudmlmsoftware.com\/es\/wp-json\/wp\/v2\/comments?post=13870"}],"version-history":[{"count":0,"href":"https:\/\/cloudmlmsoftware.com\/es\/wp-json\/wp\/v2\/pages\/13870\/revisions"}],"wp:attachment":[{"href":"https:\/\/cloudmlmsoftware.com\/es\/wp-json\/wp\/v2\/media?parent=13870"}],"curies":[{"name":"wp","href":"https:\/\/api.w.org\/{rel}","templated":true}]}}