{"id":13299,"date":"2024-03-22T13:59:08","date_gmt":"2024-03-22T13:59:08","guid":{"rendered":"https:\/\/cloudmlmsoftware.com\/servicios\/desarrollo-web\/"},"modified":"2024-11-08T08:44:43","modified_gmt":"2024-11-08T08:44:43","slug":"desarrollo-web","status":"publish","type":"page","link":"https:\/\/cloudmlmsoftware.com\/es\/services\/desarrollo-web\/","title":{"rendered":"desarrollo web"},"content":{"rendered":"\n<div class=\"bannerBgcolor BannerBg pt-16 relative overflow-hidden\">\n   <div class=\"animation-wrapper\">\n      <div class=\"particle particle-1\"><\/div>\n      <div class=\"particle particle-2\"><\/div>\n      <div class=\"particle particle-3\"><\/div>\n      <div class=\"particle particle-4\"><\/div>\n   <\/div>\n   <div class=\"container mx-auto pt-2 md:h-[600px] sm:h-[400px] h-[550px] overflow-hidden relative z-1\">\n      <div class=\"flex flex-wrap items-center\">\n         <div class=\"w-full md:w-10\/12 mx-auto text-center pt-10 mb-8\">\n            <h1 class=\"lg:text-mainTitleFontSize sm:text-3xl text-3xl text-white lg:leading-snug capitalize\">\n               Desarrollo <span class=\"font-bold animate-charcter-offwhite\">web<\/span>\n            <\/h1>\n            <p class=\"offWhite pt-3 text-md md:text-lg font-light md:w-11\/12 mx-auto\">Mejore su presencia en l\u00ednea con los servicios de desarrollo web de Cloud MLM Software Solutions. Desarrollamos sitios web responsivos, din\u00e1micos y f\u00e1ciles de usar que se adaptan a sus objetivos comerciales, garantizando una experiencia fluida y atractiva para sus usuarios.  <\/p>\n<div class=\"w-8\/12 mx-auto text-center pt-6\">\n<a href=\"https:\/\/demo.cloudmlmsoftware.com\" class=\"button primaryColor px-4 py-3 w-[132px] mx-auto rounded-md text-white md:flex text-sm md:text-md sm:block btn1\">Pruebe \n la demostraci\u00f3n gratuita <\/a>\n<\/div>\n         <\/div>\n        <div class=\"w-full p-4 relative z-9\">\n<img fetchpriority=\"high\" decoding=\"async\" src=\"https:\/\/cloudmlmsoftware.com\/wp-content\/themes\/cloudmlmdemo\/assets\/images\/banner\/ServicesBanner.webp\" alt=\"software mlm\" width=\"900\" height=\"643\" class=\"mx-auto\"\/>\n<img decoding=\"async\" src=\"\/wp-content\/uploads\/2024\/08\/seraniImg1.webp\" alt=\"software mlm\" width=\"32\" height=\"32\" class=\"sevraniImg sevraniImg1\"\/>\n<img decoding=\"async\" src=\"\/wp-content\/uploads\/2024\/08\/seraniImg2.webp\" alt=\"software mlm\" width=\"20\" height=\"20\" class=\"sevraniImg sevraniImg2\"\/>\n<img loading=\"lazy\" decoding=\"async\" src=\"\/wp-content\/uploads\/2024\/08\/seraniImg3.webp\" alt=\"software mlm\" width=\"28\" height=\"28\" class=\"sevraniImg sevraniImg3\"\/>\n<img loading=\"lazy\" decoding=\"async\" src=\"\/wp-content\/uploads\/2024\/08\/seraniImg4.webp\" alt=\"software mlm\" width=\"24\" height=\"24\" class=\"sevraniImg sevraniImg4\"\/>\n<img loading=\"lazy\" decoding=\"async\" src=\"\/wp-content\/uploads\/2024\/08\/seraniImg5.webp\" alt=\"software mlm\" width=\"34\" height=\"34\" class=\"sevraniImg sevraniImg5\"\/>\n<img loading=\"lazy\" decoding=\"async\" src=\"\/wp-content\/uploads\/2024\/08\/seraniImg6.webp\" alt=\"software mlm\" width=\"24\" height=\"24\" class=\"sevraniImg sevraniImg6\"\/>\n<img loading=\"lazy\" decoding=\"async\" src=\"\/wp-content\/uploads\/2024\/08\/seraniImg7.webp\" alt=\"software mlm\" width=\"24\" height=\"24\" class=\"sevraniImg sevraniImg7\"\/>\n<img loading=\"lazy\" decoding=\"async\" src=\"\/wp-content\/uploads\/2024\/08\/seraniImg8.webp\" alt=\"software mlm\" width=\"24\" height=\"24\" class=\"sevraniImg sevraniImg8\"\/>\n<\/div>\n      <\/div>\n   <\/div>\n<\/div>\n<!-- ************************************************************************************* -->\n<section class=\"p-sectionpadding\">\n   <div class=\"container mx-auto mt-20\">\n      <div class=\"relative darkblue rounded-2xl p-6 md:p-12 py-10 md:py-16 overflow-hidden\">\n         <!-- Left side box -->\n         <div class=\"flex flex-wrap md:flex-row flex-col-reverse items-center\">\n            <div class=\" w-full md:w-8\/12 pb-4 pr-0 md:pr-12\">\n               <h2 class=\"md:text-TitlesemiFontSize text-xl text-white lg:leading-snug capitalize\">\n                  <span class=\"font-bold\">Transforma tu negocio MLM online: \n<\/span> \n Soluciones Web Profesionales de Cloud MLM\n               <\/h2>\n               <p class=\"text-textpara offWhite font-light leading-6 py-3\">\nUn sitio web es crucial para un negocio de MLM, ya que ofrece una presencia profesional en l\u00ednea, contrataci\u00f3n optimizada y comunicaci\u00f3n eficiente. Proporciona herramientas para rastrear el desempe\u00f1o, administrar l\u00edneas descendentes y procesar transacciones, impulsando la credibilidad y el potencial de crecimiento. \n               <\/p>\n               <p class=\"text-textpara offWhite font-light leading-6 py-3\">Software Solutions es una empresa que proporciona sitios web para empresas de marketing multinivel. Ofrecemos caracter\u00edsticas y dise\u00f1os adaptados a las necesidades espec\u00edficas de las empresas de MLM. Hemos desarrollado muchos sitios web de MLM \u00fanicos centrados en objetivos comerciales, lo que nos convierte en la mejor empresa de desarrollo web del mundo.  \n               <\/p>\n            <\/div>\n            <div class=\"relative w-full md:w-4\/12 bottom-0 right-0 mb-6 md:mb-0\">\n               <img decoding=\"async\" src=\"\/wp-content\/uploads\/2024\/08\/webdevservcintro.webp\" alt=\"Imagen\" class=\"w-full\"\/>\n            <\/div>\n         <\/div>\n      <\/div>\n   <\/div>\n<\/section>\n<!-- ************************** -->\n<section class=\"p-sectionpadding\">\n   <div class=\"container mx-auto\">\n      <div class=\"w-full flex flex-wrap justify-between lg:space-x-8 space-x-0\">\n         <div class=\"lg:flex-1 w-full lg:w-6\/12 primaryColor px-7 pt-12 pb-6 md:pb-[100px] rounded-xl mt-5 text-lg relative overflow-hidden flex flex-col-reverse lg:flex-col\">\n            <div class=\"mt-3\">\n               <h3 class=\"text-2xl text-white lg:leading-snug capitalize\">Funciones \n de <span class=\"font-bold\">administraci\u00f3n<\/span>\n               <\/h3>\n               <ul class=\"flex flex-wrap mt-5 list1\">\n                  <li class=\"text-textpara offWhite leading-6 mb-3 ml-2\">Administrar el perfil del miembro<\/li>\n                  <li class=\"text-textpara offWhite leading-6 mb-3 ml-2\">\u00c1rea de inicio de sesi\u00f3n segura con acceso completo <\/li>\n                  <li class=\"text-textpara offWhite leading-6 mb-3 ml-2\">Administrar cuentas <\/li>\n                  <li class=\"text-textpara offWhite leading-6 mb-3 ml-2\">Administrar informes<\/li>\n                  <li class=\"text-textpara offWhite leading-6 mb-3 ml-2\">Enviar mensaje\/alertas<\/li>\n               <\/ul>\n            <\/div>\n            <img decoding=\"async\" src=\"\/wp-content\/uploads\/2024\/08\/directselling.webp\" alt=\"Imagen\" class=\"md:absolute bottom-0 right-0 w-[270px]\"\/>\n         <\/div>\n         <div class=\"lg:flex-1 w-full lg:w-6\/12 lighter px-7 pt-12 pb-6 md:pb-[100px] rounded-xl mt-5 text-lg relative overflow-hidden flex flex-col-reverse lg:flex-col\">\n            <div class=\"mt-3\">\n               <h3 class=\"text-2xl titleColor lg:leading-snug capitalize\">Funciones \n de <span class=\"font-bold\">usuario<\/span>\n               <\/h3>\n               <ul class=\"flex flex-wrap mt-5 list1\">\n                  <li class=\"text-textpara leading-6 mb-3 ml-2\">Registro en l\u00ednea<\/li>\n                  <li class=\"text-textpara leading-6 mb-3 ml-2\">\u00e1rbol geneal\u00f3gico<\/li>\n                  <li class=\"text-textpara leading-6 mb-3 ml-2\">Ver\/editar perfil de miembro<\/li>\n                  <li class=\"text-textpara leading-6 mb-3 ml-2\">Estado de los informes en l\u00ednea<\/li>\n                  <li class=\"text-textpara leading-6 mb-3 ml-2\">Encuentre detalles de incentivos<\/li>\n                  <li class=\"text-textpara leading-6 mb-3 ml-2\">Mensajer\u00eda en l\u00ednea<\/li>\n                  <li class=\"text-textpara leading-6 mb-3 ml-2\">Mesa de ayuda<\/li>\n               <\/ul>\n            <\/div>\n            <img decoding=\"async\" src=\"\/wp-content\/uploads\/2024\/08\/USERDB_Cloudtheme.webp\" alt=\"Imagen\" class=\"md:absolute bottom-0 right-0 w-[270px]\"\/>\n         <\/div>\n      <\/div>\n   <\/div>\n<\/section>\n<!-- ************************************************************************************* -->\n<section class=\"p-sectionpadding\">\n   <div class=\"container mx-auto\">\n      <div class=\"flex flex-wrap\">\n         <div class=\"w-full md:w-7\/12\">\n            <h3 class=\"lg:text-TitlesemiFontSize text-2xl titleColor lg:leading-snug mt-3 capitalize\">\n                <span class=\"font-bold\">Cosas a revisar <\/span> al seleccionar una \n empresa de desarrollo de sitios web\n            <\/h3>\n            <p class=\"text-textSubtitle contentColor text-lg font-semibold pt-5 leading-6 mb-3\">\n Algunos factores que debes considerar son,\n            <\/p>\n         <\/div>\n         <div class=\"w-full flex flex-wrap justify-between mt-10\">\n            <div class=\"w-full flex flex-wrap justify-between lg:space-x-5 space-x-0 space-y-5 lg:space-y-0\">\n               <div class=\"flex-1 w-full lg:w-9\/12\">\n                  <div class=\"w-full flex flex-wrap justify-between lg:space-x-5 space-x-0 space-y-5 lg:space-y-0\">\n                     <div class=\"flex-1 lighter w-full lg:w-8\/12 px-12 py-12 rounded-xl text-lg flex items-center\">\n Aseg\u00farese de que el sitio web de su empresa est\u00e9 dise\u00f1ado de acuerdo con sus especificaciones y seg\u00fan su conveniencia. Confirme que se aborden todas las preguntas y que la empresa de desarrollo de sitios web comprenda completamente sus requisitos.  <\/div>\n                     <div class=\"lighter w-full lg:w-4\/12 px-12 py-12 rounded-xl mt-3 text-lg w-full\">\n Elija una empresa que se ajuste a su presupuesto y comience a trabajar cuidadosamente con sus \n desarrolladores.\n                     <\/div>\n                  <\/div>\n               <\/div>\n               <div class=\"w-full darkblue lg:w-3\/12 text-white px-10 py-12 rounded-xl mt-3 text-lg w-full\">\n La experiencia es una variable fundamental a tener en cuenta a la hora de decidirse por una empresa \n de desarrollo web.\n               <\/div>\n            <\/div>\n            <div class=\"w-full flex flex-wrap justify-between lg:space-x-5 space-x-0\">\n               <div class=\"flex-1 w-full lg:w-9\/12 primaryColor px-7 py-12 text-white rounded-xl mt-5 text-lg w-full flex items-center\">\n Para asegurarse de que el sitio web de su empresa est\u00e9 dise\u00f1ado como lo necesita, cuando \n lo desee. Verifique que todas las preguntas est\u00e9n aclaradas y que la empresa de desarrollo de sitios web \n haya entendido lo que usted les pidi\u00f3 que hicieran. \n               <\/div>\n               <div class=\"w-full lg:w-3\/12 primaryColor px-8 py-12 rounded-xl mt-5 text-lg relative overflow-hidden min-h-[148px] lg:flex hidden w-full\">\n                  <img decoding=\"async\" src=\"\/wp-content\/uploads\/2024\/08\/WebsiteDevelopment3.webp\" alt=\"Imagen\" class=\"w-full\"\/>\n               <\/div>\n            <\/div>\n         <\/div>\n      <\/div>\n   <\/div>\n<\/section>\n<!-- ************************************************************************************* -->\n<section class=\"p-sectionpadding\">\n   <div class=\"container mx-auto\">\n      <div class=\"relative darklight rounded-2xl p-6 md:p-10 py-16 overflow-hidden\">\n         <!-- Left side box -->\n         <div class=\"flex flex-wrap md:flex-row flex-col-reverse items-center\">\n            <div class=\"relative hidden lg:block lg:w-4\/12 pr-0 md:pr-8\">\n               <img decoding=\"async\" src=\"\/wp-content\/uploads\/2024\/08\/webDevelopmentIntro.webp\" alt=\"Imagen\" class=\"w-full\"\/>\n            <\/div>\n            <div class=\" w-full lg:w-8\/12 pb-4\">\n               <h4 class=\"text-2xl titleColor text-white lg:leading-snug capitalize\">\n                  <span class=\"font-bold\">C\u00f3mo desbloquear el \u00e9xito:<\/span> \n encontrar el socio de desarrollo de sitios web adecuado para su presupuesto\n               <\/h4>\n               <p class=\"text-textpara offWhite font-light leading-6 py-3\">Antes de empezar a buscar una \n empresa proveedora de servicios de desarrollo de sitios web, debe decidir el presupuesto que \n est\u00e1 dispuesto a pagar. Aseg\u00farese de contratar una empresa como Cloud MLM Software Solutions que sea \n excelente y se ajuste a su presupuesto. Complete su propia investigaci\u00f3n y vea c\u00f3mo se crearon los precios y luego establezca un presupuesto y \n contin\u00fae con el siguiente paso.  \n               <\/p>\n               <p class=\"text-textpara offWhite font-light leading-6 pt-3\">Nuestra empresa puede desarrollar varios \n tipos de aplicaciones para su negocio y somos creativos en la creaci\u00f3n de aplicaciones comerciales. Esto incluye \n software MLM para web y Android. Desarrollamos aplicaciones de alta gama utilizando las \u00faltimas \n tecnolog\u00edas. Hemos trabajado exitosamente con muchas empresas de MLM para lograr el objetivo \n anterior f\u00e1cilmente y de manera adecuada.   \n               <\/p>\n            <\/div>\n         <\/div>\n      <\/div>\n   <\/div>\n<\/section>\n<!-- ==================== ========================================================= -->\n","protected":false},"excerpt":{"rendered":"<p>Desarrollo web Mejore su presencia en l\u00ednea con los servicios de desarrollo web de Cloud MLM Software Solutions. Desarrollamos sitios web responsivos, din\u00e1micos y f\u00e1ciles de usar que se adaptan a sus objetivos comerciales, garantizando una experiencia fluida y atractiva para sus usuarios. Pruebe la demostraci\u00f3n gratuita Transforma tu negocio MLM online: Soluciones Web Profesionales [&hellip;]<\/p>\n","protected":false},"author":1,"featured_media":0,"parent":8126,"menu_order":0,"comment_status":"closed","ping_status":"closed","template":"webdevelopment-page.php","meta":{"_acf_changed":false,"footnotes":""},"class_list":["post-13299","page","type-page","status-publish","hentry"],"acf":[],"yoast_head":"<!-- This site is optimized with the Yoast SEO Premium plugin v23.6 (Yoast SEO v25.9) - https:\/\/yoast.com\/wordpress\/plugins\/seo\/ -->\n<title>Servicios de desarrollo web | Cree sitios web modernos y escalables<\/title>\n<meta name=\"description\" content=\"Servicios de desarrollo web para crear sitios web modernos, escalables y responsivos. Mejore la funcionalidad y la experiencia del usuario.\" \/>\n<meta name=\"robots\" content=\"index, follow, max-snippet:-1, max-image-preview:large, max-video-preview:-1\" \/>\n<link rel=\"canonical\" href=\"https:\/\/cloudmlmsoftware.com\/es\/services\/desarrollo-web\/\" \/>\n<meta property=\"og:locale\" content=\"es_ES\" \/>\n<meta property=\"og:type\" content=\"article\" \/>\n<meta property=\"og:title\" content=\"desarrollo web\" \/>\n<meta property=\"og:description\" content=\"Servicios de desarrollo web para crear sitios web modernos, escalables y responsivos. Mejore la funcionalidad y la experiencia del usuario.\" \/>\n<meta property=\"og:url\" content=\"https:\/\/cloudmlmsoftware.com\/es\/services\/desarrollo-web\/\" \/>\n<meta property=\"og:site_name\" content=\"Cloud MLM Software\" \/>\n<meta property=\"article:modified_time\" content=\"2024-11-08T08:44:43+00:00\" \/>\n<meta property=\"og:image\" content=\"https:\/\/cloudmlmsoftware.com\/wp-content\/themes\/cloudmlmdemo\/assets\/images\/banner\/ServicesBanner.webp\" \/>\n<meta name=\"twitter:card\" content=\"summary_large_image\" \/>\n<meta name=\"twitter:label1\" content=\"Tiempo de lectura\" \/>\n\t<meta name=\"twitter:data1\" content=\"5 minutos\" \/>\n<!-- \/ Yoast SEO Premium plugin. -->","yoast_head_json":{"title":"Servicios de desarrollo web | Cree sitios web modernos y escalables","description":"Servicios de desarrollo web para crear sitios web modernos, escalables y responsivos. Mejore la funcionalidad y la experiencia del usuario.","robots":{"index":"index","follow":"follow","max-snippet":"max-snippet:-1","max-image-preview":"max-image-preview:large","max-video-preview":"max-video-preview:-1"},"canonical":"https:\/\/cloudmlmsoftware.com\/es\/services\/desarrollo-web\/","og_locale":"es_ES","og_type":"article","og_title":"desarrollo web","og_description":"Servicios de desarrollo web para crear sitios web modernos, escalables y responsivos. Mejore la funcionalidad y la experiencia del usuario.","og_url":"https:\/\/cloudmlmsoftware.com\/es\/services\/desarrollo-web\/","og_site_name":"Cloud MLM Software","article_modified_time":"2024-11-08T08:44:43+00:00","og_image":[{"url":"https:\/\/cloudmlmsoftware.com\/wp-content\/themes\/cloudmlmdemo\/assets\/images\/banner\/ServicesBanner.webp","type":"","width":"","height":""}],"twitter_card":"summary_large_image","twitter_misc":{"Tiempo de lectura":"5 minutos"},"schema":{"@context":"https:\/\/schema.org","@graph":[{"@type":"WebPage","@id":"https:\/\/cloudmlmsoftware.com\/es\/services\/desarrollo-web\/","url":"https:\/\/cloudmlmsoftware.com\/es\/services\/desarrollo-web\/","name":"Servicios de desarrollo web | Cree sitios web modernos y escalables","isPartOf":{"@id":"https:\/\/cloudmlmsoftware.com\/es\/#website"},"primaryImageOfPage":{"@id":"https:\/\/cloudmlmsoftware.com\/es\/services\/desarrollo-web\/#primaryimage"},"image":{"@id":"https:\/\/cloudmlmsoftware.com\/es\/services\/desarrollo-web\/#primaryimage"},"thumbnailUrl":"https:\/\/cloudmlmsoftware.com\/wp-content\/themes\/cloudmlmdemo\/assets\/images\/banner\/ServicesBanner.webp","datePublished":"2024-03-22T13:59:08+00:00","dateModified":"2024-11-08T08:44:43+00:00","description":"Servicios de desarrollo web para crear sitios web modernos, escalables y responsivos. Mejore la funcionalidad y la experiencia del usuario.","breadcrumb":{"@id":"https:\/\/cloudmlmsoftware.com\/es\/services\/desarrollo-web\/#breadcrumb"},"inLanguage":"es","potentialAction":[{"@type":"ReadAction","target":["https:\/\/cloudmlmsoftware.com\/es\/services\/desarrollo-web\/"]}]},{"@type":"ImageObject","inLanguage":"es","@id":"https:\/\/cloudmlmsoftware.com\/es\/services\/desarrollo-web\/#primaryimage","url":"https:\/\/cloudmlmsoftware.com\/wp-content\/themes\/cloudmlmdemo\/assets\/images\/banner\/ServicesBanner.webp","contentUrl":"https:\/\/cloudmlmsoftware.com\/wp-content\/themes\/cloudmlmdemo\/assets\/images\/banner\/ServicesBanner.webp"},{"@type":"BreadcrumbList","@id":"https:\/\/cloudmlmsoftware.com\/es\/services\/desarrollo-web\/#breadcrumb","itemListElement":[{"@type":"ListItem","position":1,"name":"Home","item":"https:\/\/cloudmlmsoftware.com\/es\/"},{"@type":"ListItem","position":2,"name":"Servicios","item":"https:\/\/cloudmlmsoftware.com\/es\/services\/"},{"@type":"ListItem","position":3,"name":"desarrollo web"}]},{"@type":"WebSite","@id":"https:\/\/cloudmlmsoftware.com\/es\/#website","url":"https:\/\/cloudmlmsoftware.com\/es\/","name":"Cloud MLM Software","description":"","publisher":{"@id":"https:\/\/cloudmlmsoftware.com\/es\/#organization"},"potentialAction":[{"@type":"SearchAction","target":{"@type":"EntryPoint","urlTemplate":"https:\/\/cloudmlmsoftware.com\/es\/?s={search_term_string}"},"query-input":{"@type":"PropertyValueSpecification","valueRequired":true,"valueName":"search_term_string"}}],"inLanguage":"es"},{"@type":"Organization","@id":"https:\/\/cloudmlmsoftware.com\/es\/#organization","name":"Cloud MLM Software","url":"https:\/\/cloudmlmsoftware.com\/es\/","logo":{"@type":"ImageObject","inLanguage":"es","@id":"https:\/\/cloudmlmsoftware.com\/es\/#\/schema\/logo\/image\/","url":"https:\/\/cloudmlmsoftware.com\/wp-content\/uploads\/2024\/09\/cloudmlm-logo.webp","contentUrl":"https:\/\/cloudmlmsoftware.com\/wp-content\/uploads\/2024\/09\/cloudmlm-logo.webp","width":200,"height":40,"caption":"Cloud MLM Software"},"image":{"@id":"https:\/\/cloudmlmsoftware.com\/es\/#\/schema\/logo\/image\/"}}]}},"_links":{"self":[{"href":"https:\/\/cloudmlmsoftware.com\/es\/wp-json\/wp\/v2\/pages\/13299","targetHints":{"allow":["GET"]}}],"collection":[{"href":"https:\/\/cloudmlmsoftware.com\/es\/wp-json\/wp\/v2\/pages"}],"about":[{"href":"https:\/\/cloudmlmsoftware.com\/es\/wp-json\/wp\/v2\/types\/page"}],"author":[{"embeddable":true,"href":"https:\/\/cloudmlmsoftware.com\/es\/wp-json\/wp\/v2\/users\/1"}],"replies":[{"embeddable":true,"href":"https:\/\/cloudmlmsoftware.com\/es\/wp-json\/wp\/v2\/comments?post=13299"}],"version-history":[{"count":0,"href":"https:\/\/cloudmlmsoftware.com\/es\/wp-json\/wp\/v2\/pages\/13299\/revisions"}],"up":[{"embeddable":true,"href":"https:\/\/cloudmlmsoftware.com\/es\/wp-json\/wp\/v2\/pages\/8126"}],"wp:attachment":[{"href":"https:\/\/cloudmlmsoftware.com\/es\/wp-json\/wp\/v2\/media?parent=13299"}],"curies":[{"name":"wp","href":"https:\/\/api.w.org\/{rel}","templated":true}]}}