{"id":13153,"date":"2024-03-22T05:18:17","date_gmt":"2024-03-22T05:18:17","guid":{"rendered":"https:\/\/cloudmlmsoftware.com\/servicios\/desarrollo-magento\/"},"modified":"2024-11-08T10:25:51","modified_gmt":"2024-11-08T10:25:51","slug":"desarrollo-de-magento","status":"publish","type":"page","link":"https:\/\/cloudmlmsoftware.com\/es\/services\/desarrollo-de-magento\/","title":{"rendered":"desarrollo-magento"},"content":{"rendered":"\n<div class=\"bannerBgcolor BannerBg pt-16 relative overflow-hidden\">\n   <div class=\"animation-wrapper\">\n      <div class=\"particle particle-1\"><\/div>\n      <div class=\"particle particle-2\"><\/div>\n      <div class=\"particle particle-3\"><\/div>\n      <div class=\"particle particle-4\"><\/div>\n   <\/div>\n   <div class=\"container mx-auto pt-2 md:h-[600px] sm:h-[400px] h-[500px] overflow-hidden relative z-1\">\n      <div class=\"flex flex-wrap items-center\">\n         <div class=\"w-full md:w-10\/12 mx-auto text-center pt-10 mb-8\">\n            <h1 class=\"lg:text-mainTitleFontSize sm:text-3xl text-3xl text-white lg:leading-snug capitalize\"> Desarrollo <span class=\"font-bold animate-charcter-offwhite\">Magento<\/span> <\/h1>\n            <p class=\"offWhite pt-3 text-md md:text-lg font-light md:w-11\/12 mx-auto\">Software Solutions es una empresa l\u00edder en desarrollo de Magento donde puede encontrar habilidades de Magento a nivel de maestr\u00eda. Ofrecemos sitios web Magento escalables de alto rendimiento para su negocio. <\/p>\n<div class=\"w-8\/12 mx-auto text-center pt-6\">\n<a href=\"https:\/\/demo.cloudmlmsoftware.com\" class=\"button primaryColor px-4 py-3 w-[132px] mx-auto rounded-md text-white md:flex text-sm md:text-md sm:block btn1\">Prueba la Demo Gratis <\/a>\n<\/div>\n         <\/div>\n         <div class=\"w-full p-4 relative z-9\">\n<img fetchpriority=\"high\" decoding=\"async\" src=\"https:\/\/cloudmlmsoftware.com\/wp-content\/themes\/cloudmlmdemo\/assets\/images\/banner\/ServicesBanner.webp\" alt=\"software mlm\" width=\"900\" height=\"643\" class=\"mx-auto\"\/>\n<img decoding=\"async\" src=\"\/wp-content\/uploads\/2024\/08\/seraniImg1.webp\" alt=\"software mlm\" width=\"32\" height=\"32\" class=\"sevraniImg sevraniImg1\"\/>\n<img decoding=\"async\" src=\"\/wp-content\/uploads\/2024\/08\/seraniImg2.webp\" alt=\"software mlm\" width=\"20\" height=\"20\" class=\"sevraniImg sevraniImg2\"\/>\n<img loading=\"lazy\" decoding=\"async\" src=\"\/wp-content\/uploads\/2024\/08\/seraniImg3.webp\" alt=\"software mlm\" width=\"28\" height=\"28\" class=\"sevraniImg sevraniImg3\"\/>\n<img loading=\"lazy\" decoding=\"async\" src=\"\/wp-content\/uploads\/2024\/08\/seraniImg4.webp\" alt=\"software mlm\" width=\"24\" height=\"24\" class=\"sevraniImg sevraniImg4\"\/>\n<img loading=\"lazy\" decoding=\"async\" src=\"\/wp-content\/uploads\/2024\/08\/seraniImg5.webp\" alt=\"software mlm\" width=\"34\" height=\"34\" class=\"sevraniImg sevraniImg5\"\/>\n<img loading=\"lazy\" decoding=\"async\" src=\"\/wp-content\/uploads\/2024\/08\/seraniImg6.webp\" alt=\"software mlm\" width=\"24\" height=\"24\" class=\"sevraniImg sevraniImg6\"\/>\n<img loading=\"lazy\" decoding=\"async\" src=\"\/wp-content\/uploads\/2024\/08\/seraniImg7.webp\" alt=\"software mlm\" width=\"24\" height=\"24\" class=\"sevraniImg sevraniImg7\"\/>\n<img loading=\"lazy\" decoding=\"async\" src=\"\/wp-content\/uploads\/2024\/08\/seraniImg8.webp\" alt=\"software mlm\" width=\"24\" height=\"24\" class=\"sevraniImg sevraniImg8\"\/>\n<\/div>\n      <\/div>\n   <\/div>\n<\/div>\n<!-- ************************************************************************************* --> \n<section class=\"p-sectionpadding\">\n   <div class=\"container mx-auto pt-20\">\n      <!-- Left side box --> \n      <div class=\"flex flex-wrap lg:space-x-8\">\n         <div class=\"relative hidden lg:flex lg:flex-1 w-full lg:w-4\/12 primaryColor rounded-2xl p-12 pb-0 mb-2\"> <img decoding=\"async\" src=\"\/wp-content\/uploads\/2024\/08\/majento3.webp\" alt=\"Imagen\" class=\"absolute bottom-0 left-0 right-0 mx-auto w-[70%]\"\/> <\/div>\n         <div class=\"w-full lg:w-8\/12 lighter flex-col flex justify-center rounded-2xl overflow-hidden p-12 mb-2\">\n            <h2 class=\"md:text-TitlesemiFontSize text-2xl lg:leading-snug capitalize\">Acerca del comercio electr\u00f3nico de <span class=\"font-bold\">Magento<\/span> <\/h2>\n            <p class=\"text-textpara font-light leading-6 py-3\">La plataforma de comercio electr\u00f3nico Magento es la opci\u00f3n de negocios de c\u00f3digo abierto de comercio electr\u00f3nico m\u00e1s grande y popular del mundo, con aproximadamente un 25 % de participaci\u00f3n de mercado. Es la soluci\u00f3n adecuada para los comerciantes en l\u00ednea, ya que brinda servicios importantes y facilidad de uso para los clientes y gerentes de tiendas. Con esta plataforma, puede mejorar f\u00e1cilmente la rentabilidad mediante una implementaci\u00f3n rentable, un mayor n\u00famero de visitantes, soporte multiling\u00fce y en varios pa\u00edses, etc.  <\/p>\n            <p class=\"text-textpara font-light leading-6 pb-3\">Se est\u00e1 desarrollando como el magnate de la industria CMS del comercio electr\u00f3nico. Contamos con un equipo de desarrolladores Magento certificados con a\u00f1os de experiencia con especializaci\u00f3n en la orientaci\u00f3n al comercio electr\u00f3nico en la web por lo que tambi\u00e9n presentamos dise\u00f1os web Magento personalizados. <\/p>\n         <\/div>\n      <\/div>\n   <\/div>\n<\/section>\n<!-- ************************** --> \n<section class=\"p-sectionpadding\">\n   <div class=\"container mx-auto\">\n      <!-- Left side box --> \n      <div class=\"flex flex-wrap items-center p-4\">\n         <div class=\" w-full md:w-6\/12 pb-4\">\n            <h3 class=\"md:text-TitlesemiFontSize text-2xl lg:leading-snug capitalize mt-4\"> Caracter\u00edsticas del <span class=\"font-bold\">desarrollo Magento de Cloud MLM<\/span> <\/h3>\n            <ul class=\"flex flex-wrap space-x-2 mt-5 list1\">\n               <li class=\"text-textpara contentColor font-light leading-6 mb-3 ml-2\">Soluciones personalizadas: ofrecemos soluciones personalizadas con integraci\u00f3n consistente<\/li>\n               <li class=\"text-textpara contentColor font-light leading-6 mb-3 ml-2\">Flexibilidad para seleccionar el servicio de Hosting<\/li>\n               <li class=\"text-textpara contentColor font-light leading-6 mb-3 ml-2\">Soporte de reloj -Vende tus productos 24 x 7 Horas<\/li>\n               <li class=\"text-textpara contentColor font-light leading-6 mb-3 ml-2\">M\u00f3dulos a medida<\/li>\n               <li class=\"text-textpara contentColor font-light leading-6 mb-3 ml-2\">Compra segura: ofrecemos un sistema de compras altamente seguro y protegido.<\/li>\n               <li class=\"text-textpara contentColor font-light leading-6 mb-3 ml-2\">Cargos de operaci\u00f3n bajos<\/li>\n               <li class=\"text-textpara contentColor font-light leading-6 mb-3 ml-2\">Precio: buscamos precios competitivos <\/li>\n               <li class=\"text-textpara contentColor font-light leading-6 mb-3 ml-2\">Comunidad activa <\/li>\n            <\/ul>\n         <\/div>\n         <div class=\"w-full md:w-6\/12 pl-0 md:pl-16 mt-4\"> <img decoding=\"async\" src=\"\/wp-content\/uploads\/2024\/08\/majentoApi.webp\" alt=\"Imagen\" class=\"w-full\"\/> <\/div>\n      <\/div>\n   <\/div>\n<\/section>\n<!-- ************************** --> \n<section class=\"p-sectionpadding\">\n   <div class=\"container mx-auto\">\n      <div class=\"relative darklight rounded-2xl p-12 md:p-12 py-16 overflow-hidden\">\n         <!-- Left side box --> \n         <div class=\"flex flex-wrap items-center mt-4\">\n            <div class=\"relative w-full md:w-3\/12 left-0 md:left-[-50px]\"> <img decoding=\"async\" src=\"\/wp-content\/uploads\/2024\/08\/cloud-magento.webp\" alt=\"Imagen\" class=\"w-full\"\/> <\/div>\n            <div class=\" w-full md:w-9\/12 pb-4 mt-4\">\n               <h3 class=\"md:text-TitlesemiFontSize text-2xl text-white lg:leading-snug capitalize\">\u00bfQu\u00e9 es el <span class=\"font-bold\">desarrollo de Magento?<\/span>  <\/h3>\n               <p class=\"text-textpara font-light leading-6 offWhite py-3\">Software Solutions tiene experiencia en trabajar en el campo del dise\u00f1o y desarrollo de Magento. Magento ofrece muchos beneficios: soluciones de comercio electr\u00f3nico personalizables y escalables, s\u00f3lidas capacidades de SEO, amplio mercado de complementos y extensiones, dise\u00f1o compatible con dispositivos m\u00f3viles, poderosas herramientas de marketing, administraci\u00f3n de m\u00faltiples tiendas y un s\u00f3lido soporte comunitario.  <\/p>\n            <\/div>\n         <\/div>\n      <\/div>\n   <\/div>\n<\/section>\n<!-- ************************** --> \n<section class=\"p-sectionpadding\">\n   <div class=\"container mx-auto\">\n      <div class=\"flex flex-wrap\">\n         <div class=\"w-full md:w-6\/12\">\n            <h3 class=\"lg:text-TitlesemiFontSize text-2xl titleColor lg:leading-snug mt-3\">  Algunos <span class=\"font-bold\"> beneficios <\/span>  <\/h3>\n            <p class=\"text-textSubtitle contentColor text-sm font-light pt-5 leading-6 mb-3\"> Magento te permite jugar bien tus cartas. Proporciona una colecci\u00f3n de funciones flexibles y miles de extensiones con las que se puede jugar para moldear una soluci\u00f3n perfecta para sus necesidades de comercio electr\u00f3nico.  <\/p>\n         <\/div>\n         <div class=\"w-full flex flex-wrap pt-2 justify-between\">\n            <div class=\"magentotBgDark px-16 py-16 rounded-xl mt-3 w-full lg:w-1\/3 lg:my-4 my-0 lg:mt-[27px] relative overflow-hidden\">\n               <img decoding=\"async\" src=\"\/wp-content\/uploads\/2024\/07\/magentologolight.webp\"\/> \n               <p class=\"text-white text-3xl mt-4\">Rico en funciones y potente<\/p>\n               <img decoding=\"async\" src=\"\/wp-content\/uploads\/2024\/07\/magentolightIcon.webp\" class=\"absolute bottom-[-20px] right-[-40px]\"\/> \n            <\/div>\n            <div class=\"w-full lg:w-1\/3 px-0 lg:px-4 lg:py-4 py-0 flex flex-col justify-between pl-0 lg:pl-8\">\n               <div class=\"lighter px-8 py-10 rounded-xl mt-3 text-lg text-center\"> Con nuestro equipo de desarrolladores de Magento profesional y aprobado, cada sitio web est\u00e1 completamente optimizado para lograr persistencia y eficacia. <\/div>\n               <div class=\"lighter px-10 py-12 rounded-xl mt-3 text-lg text-center\"> Protegemos las tiendas online de nuestros clientes Magento con seguimiento continuo y mejoras del sitio. Desde la integraci\u00f3n de nuevas funciones hasta los bloqueos de sitios web, brindamos protecci\u00f3n inmediata.  <\/div>\n            <\/div>\n            <div class=\"w-full lg:w-1\/3 px-0 lg:px-4 lg:py-4 py-0 flex flex-col justify-between\">\n               <div class=\"lighter px-10 py-12 rounded-xl mt-3 text-lg text-center\"> Servicios como la gesti\u00f3n de cat\u00e1logos y el comercio m\u00f3vil ayudan a ampliar su base de clientes, mientras que las herramientas de marketing y an\u00e1lisis ayudan a controlar qu\u00e9 funciona y qu\u00e9 no. <\/div>\n               <div class=\"lighter px-10 py-[55px] rounded-xl mt-3 text-lg text-center mt-8\"> Nuestros desarrolladores certificados de Magento crean extensiones confiables que aumentan la productividad y los ingresos. <\/div>\n            <\/div>\n         <\/div>\n      <\/div>\n   <\/div>\n<\/section>\n<!-- ************************************************************************************* --> \n<section class=\"p-sectionpadding\">\n   <div class=\"container mx-auto\">\n      <div class=\"flex flex-wrap items-center\">\n         <div class=\"w-full darkblue py-12 px-3 lg:px-12 rounded-2xl\">\n            <div class=\"relative z-10 pl-6 lg:pl-0\">\n               <div class=\"text-left lg:text-center\">\n                  <h3 class=\"text-white text-3xl lg:leading-snug capitalize mb-5 w-full lg:w-4\/12 mx-auto\"> Servicios de <span class=\"font-bold\">desarrollo de Magento<\/span> <\/h3>\n                  <p class=\"text-white mb-6 w-full lg:w-8\/12 mx-auto font-light\">Nuestro equipo de desarrolladores tiene plenas habilidades para desarrollar tiendas de comercio electr\u00f3nico actualizadas y de gran escala que se ajusten a los requisitos de su negocio. Si desea elegirnos para su proyecto, verifique nuestros servicios relacionados con Magento: <\/p>\n               <\/div>\n               <div class=\"flex flex-wrap mt-16 w-full md:w-10\/12 mx-auto\">\n                  <div class=\"w-full md:w-1\/2 font-light\">\n                     <ul class=\"flex flex-wrap space-x-2 list1 \">\n                        <li class=\"text-textpara offWhite font-light leading-6 mb-3 ml-2\">Dise\u00f1o de comercio electr\u00f3nico Magento<\/li>\n                        <li class=\"text-textpara offWhite font-light leading-6 mb-3 ml-2\">Personalizaci\u00f3n de Magento<\/li>\n                        <li class=\"text-textpara offWhite font-light leading-6 mb-3 ml-2\">Desarrollo de comercio electr\u00f3nico Magento<\/li>\n                        <li class=\"text-textpara offWhite font-light leading-6 mb-3 ml-2\">Desarrollo de temas de Magento<\/li>\n                        <li class=\"text-textpara offWhite font-light leading-6 mb-3 ml-2\">Desarrollo de escaparate personalizado de Magento<\/li>\n                        <li class=\"text-textpara offWhite font-light leading-6 mb-3 ml-2\">Desarrollo de sitios web Magento<\/li>\n                     <\/ul>\n                  <\/div>\n                  <div class=\"w-full md:w-1\/2 font-light\">\n                     <ul class=\"flex flex-wrap space-x-2 list1\">\n                        <li class=\"text-textpara offWhite font-light leading-6 mb-3 ml-2\">Servicios de dise\u00f1o de temas personalizados de Magento<\/li>\n                        <li class=\"text-textpara offWhite font-light leading-6 mb-3 ml-2\">Integraci\u00f3n de la pasarela de pago Magento<\/li>\n                        <li class=\"text-textpara offWhite font-light leading-6 mb-3 ml-2\">Servicios de optimizaci\u00f3n y marketing de comercio electr\u00f3nico de Magento<\/li>\n                        <li class=\"text-textpara offWhite font-light leading-6 mb-3 ml-2\">Integraci\u00f3n de m\u00e9todos de env\u00edo de Magento<\/li>\n                        <li class=\"text-textpara offWhite font-light leading-6 mb-3 ml-2\">Servicios de skining de Magento<\/li>\n                     <\/ul>\n                  <\/div>\n               <\/div>\n            <\/div>\n         <\/div>\n      <\/div>\n   <\/div>\n<\/section>\n<!-- ************************************************************************************* --> \n<section class=\"p-sectionpadding\">\n   <div class=\"container mx-auto\">\n      <div class=\"relative lighter rounded-2xl p-6 md:p-12 py-16 overflow-hidden\">\n         <!-- Left side box --> \n         <div class=\"flex flex-wrap md:flex-row flex-col-reverse\">\n            <div class=\" w-full md:w-9\/12 pb-4\">\n               <h4 class=\"md:text-TitlesemiFontSize text-2xl lg:leading-snug capitalize\"> Eficiencia en el desarrollo de sitios web <span class=\"font-bold\">Magento<\/span> <\/h4>\n               <p class=\"text-textpara font-light leading-6 py-3\">Hoy en d\u00eda, Magento se ha convertido en el primer nombre en dise\u00f1o y desarrollo de sitios web de comercio electr\u00f3nico. Cloud MLM Software Solutions es una eficiente empresa de desarrollo de sitios web Magento. Proporcionamos la plataforma \u00fatil para los servicios de desarrollo de Magento integrando capacidades para asegurar la mejor presencia comercial en el dominio web. Destacaremos los modelos de desarrollo Magento m\u00e1s destacados y rentables para el desarrollo de su comercio electr\u00f3nico.    <\/p>\n            <\/div>\n            <div class=\"relative w-full md:w-3\/12 bottom-0 right-0 mb-6 md:mb-0 pl-0 md:pl-12\"> <img decoding=\"async\" src=\"\/wp-content\/uploads\/2024\/08\/majento4.webp\" alt=\"Imagen\" class=\"w-full\"\/> <\/div>\n         <\/div>\n      <\/div>\n   <\/div>\n<\/section>\n","protected":false},"excerpt":{"rendered":"<p>Desarrollo Magento Software Solutions es una empresa l\u00edder en desarrollo de Magento donde puede encontrar habilidades de Magento a nivel de maestr\u00eda. Ofrecemos sitios web Magento escalables de alto rendimiento para su negocio. Prueba la Demo Gratis Acerca del comercio electr\u00f3nico de Magento La plataforma de comercio electr\u00f3nico Magento es la opci\u00f3n de negocios de [&hellip;]<\/p>\n","protected":false},"author":1,"featured_media":0,"parent":8126,"menu_order":0,"comment_status":"closed","ping_status":"closed","template":"magento-page.php","meta":{"_acf_changed":false,"footnotes":""},"class_list":["post-13153","page","type-page","status-publish","hentry"],"acf":[],"yoast_head":"<!-- This site is optimized with the Yoast SEO Premium plugin v23.6 (Yoast SEO v25.9) - https:\/\/yoast.com\/wordpress\/plugins\/seo\/ -->\n<title>Servicios de desarrollo de Magento | Cree sitios de comercio electr\u00f3nico s\u00f3lidos<\/title>\n<meta name=\"description\" content=\"Servicios de desarrollo de Magento que ofrecen soluciones de tienda en l\u00ednea ricas en funciones, seguras y f\u00e1ciles de usar para todos sus requisitos de comercio electr\u00f3nico.\" \/>\n<meta name=\"robots\" content=\"index, follow, max-snippet:-1, max-image-preview:large, max-video-preview:-1\" \/>\n<link rel=\"canonical\" href=\"https:\/\/cloudmlmsoftware.com\/es\/services\/desarrollo-de-magento\/\" \/>\n<meta property=\"og:locale\" content=\"es_ES\" \/>\n<meta property=\"og:type\" content=\"article\" \/>\n<meta property=\"og:title\" content=\"desarrollo-magento\" \/>\n<meta property=\"og:description\" content=\"Servicios de desarrollo de Magento que ofrecen soluciones de tienda en l\u00ednea ricas en funciones, seguras y f\u00e1ciles de usar para todos sus requisitos de comercio electr\u00f3nico.\" \/>\n<meta property=\"og:url\" content=\"https:\/\/cloudmlmsoftware.com\/es\/services\/desarrollo-de-magento\/\" \/>\n<meta property=\"og:site_name\" content=\"Cloud MLM Software\" \/>\n<meta property=\"article:modified_time\" content=\"2024-11-08T10:25:51+00:00\" \/>\n<meta property=\"og:image\" content=\"https:\/\/cloudmlmsoftware.com\/wp-content\/themes\/cloudmlmdemo\/assets\/images\/banner\/ServicesBanner.webp\" \/>\n<meta name=\"twitter:card\" content=\"summary_large_image\" \/>\n<meta name=\"twitter:label1\" content=\"Tiempo de lectura\" \/>\n\t<meta name=\"twitter:data1\" content=\"3 minutos\" \/>\n<!-- \/ Yoast SEO Premium plugin. -->","yoast_head_json":{"title":"Servicios de desarrollo de Magento | Cree sitios de comercio electr\u00f3nico s\u00f3lidos","description":"Servicios de desarrollo de Magento que ofrecen soluciones de tienda en l\u00ednea ricas en funciones, seguras y f\u00e1ciles de usar para todos sus requisitos de comercio electr\u00f3nico.","robots":{"index":"index","follow":"follow","max-snippet":"max-snippet:-1","max-image-preview":"max-image-preview:large","max-video-preview":"max-video-preview:-1"},"canonical":"https:\/\/cloudmlmsoftware.com\/es\/services\/desarrollo-de-magento\/","og_locale":"es_ES","og_type":"article","og_title":"desarrollo-magento","og_description":"Servicios de desarrollo de Magento que ofrecen soluciones de tienda en l\u00ednea ricas en funciones, seguras y f\u00e1ciles de usar para todos sus requisitos de comercio electr\u00f3nico.","og_url":"https:\/\/cloudmlmsoftware.com\/es\/services\/desarrollo-de-magento\/","og_site_name":"Cloud MLM Software","article_modified_time":"2024-11-08T10:25:51+00:00","og_image":[{"url":"https:\/\/cloudmlmsoftware.com\/wp-content\/themes\/cloudmlmdemo\/assets\/images\/banner\/ServicesBanner.webp","type":"","width":"","height":""}],"twitter_card":"summary_large_image","twitter_misc":{"Tiempo de lectura":"3 minutos"},"schema":{"@context":"https:\/\/schema.org","@graph":[{"@type":"WebPage","@id":"https:\/\/cloudmlmsoftware.com\/es\/services\/desarrollo-de-magento\/","url":"https:\/\/cloudmlmsoftware.com\/es\/services\/desarrollo-de-magento\/","name":"Servicios de desarrollo de Magento | Cree sitios de comercio electr\u00f3nico s\u00f3lidos","isPartOf":{"@id":"https:\/\/cloudmlmsoftware.com\/es\/#website"},"primaryImageOfPage":{"@id":"https:\/\/cloudmlmsoftware.com\/es\/services\/desarrollo-de-magento\/#primaryimage"},"image":{"@id":"https:\/\/cloudmlmsoftware.com\/es\/services\/desarrollo-de-magento\/#primaryimage"},"thumbnailUrl":"https:\/\/cloudmlmsoftware.com\/wp-content\/themes\/cloudmlmdemo\/assets\/images\/banner\/ServicesBanner.webp","datePublished":"2024-03-22T05:18:17+00:00","dateModified":"2024-11-08T10:25:51+00:00","description":"Servicios de desarrollo de Magento que ofrecen soluciones de tienda en l\u00ednea ricas en funciones, seguras y f\u00e1ciles de usar para todos sus requisitos de comercio electr\u00f3nico.","breadcrumb":{"@id":"https:\/\/cloudmlmsoftware.com\/es\/services\/desarrollo-de-magento\/#breadcrumb"},"inLanguage":"es","potentialAction":[{"@type":"ReadAction","target":["https:\/\/cloudmlmsoftware.com\/es\/services\/desarrollo-de-magento\/"]}]},{"@type":"ImageObject","inLanguage":"es","@id":"https:\/\/cloudmlmsoftware.com\/es\/services\/desarrollo-de-magento\/#primaryimage","url":"https:\/\/cloudmlmsoftware.com\/wp-content\/themes\/cloudmlmdemo\/assets\/images\/banner\/ServicesBanner.webp","contentUrl":"https:\/\/cloudmlmsoftware.com\/wp-content\/themes\/cloudmlmdemo\/assets\/images\/banner\/ServicesBanner.webp"},{"@type":"BreadcrumbList","@id":"https:\/\/cloudmlmsoftware.com\/es\/services\/desarrollo-de-magento\/#breadcrumb","itemListElement":[{"@type":"ListItem","position":1,"name":"Home","item":"https:\/\/cloudmlmsoftware.com\/es\/"},{"@type":"ListItem","position":2,"name":"Servicios","item":"https:\/\/cloudmlmsoftware.com\/es\/services\/"},{"@type":"ListItem","position":3,"name":"desarrollo-magento"}]},{"@type":"WebSite","@id":"https:\/\/cloudmlmsoftware.com\/es\/#website","url":"https:\/\/cloudmlmsoftware.com\/es\/","name":"Cloud MLM Software","description":"","publisher":{"@id":"https:\/\/cloudmlmsoftware.com\/es\/#organization"},"potentialAction":[{"@type":"SearchAction","target":{"@type":"EntryPoint","urlTemplate":"https:\/\/cloudmlmsoftware.com\/es\/?s={search_term_string}"},"query-input":{"@type":"PropertyValueSpecification","valueRequired":true,"valueName":"search_term_string"}}],"inLanguage":"es"},{"@type":"Organization","@id":"https:\/\/cloudmlmsoftware.com\/es\/#organization","name":"Cloud MLM Software","url":"https:\/\/cloudmlmsoftware.com\/es\/","logo":{"@type":"ImageObject","inLanguage":"es","@id":"https:\/\/cloudmlmsoftware.com\/es\/#\/schema\/logo\/image\/","url":"https:\/\/cloudmlmsoftware.com\/wp-content\/uploads\/2024\/09\/cloudmlm-logo.webp","contentUrl":"https:\/\/cloudmlmsoftware.com\/wp-content\/uploads\/2024\/09\/cloudmlm-logo.webp","width":200,"height":40,"caption":"Cloud MLM Software"},"image":{"@id":"https:\/\/cloudmlmsoftware.com\/es\/#\/schema\/logo\/image\/"}}]}},"_links":{"self":[{"href":"https:\/\/cloudmlmsoftware.com\/es\/wp-json\/wp\/v2\/pages\/13153","targetHints":{"allow":["GET"]}}],"collection":[{"href":"https:\/\/cloudmlmsoftware.com\/es\/wp-json\/wp\/v2\/pages"}],"about":[{"href":"https:\/\/cloudmlmsoftware.com\/es\/wp-json\/wp\/v2\/types\/page"}],"author":[{"embeddable":true,"href":"https:\/\/cloudmlmsoftware.com\/es\/wp-json\/wp\/v2\/users\/1"}],"replies":[{"embeddable":true,"href":"https:\/\/cloudmlmsoftware.com\/es\/wp-json\/wp\/v2\/comments?post=13153"}],"version-history":[{"count":0,"href":"https:\/\/cloudmlmsoftware.com\/es\/wp-json\/wp\/v2\/pages\/13153\/revisions"}],"up":[{"embeddable":true,"href":"https:\/\/cloudmlmsoftware.com\/es\/wp-json\/wp\/v2\/pages\/8126"}],"wp:attachment":[{"href":"https:\/\/cloudmlmsoftware.com\/es\/wp-json\/wp\/v2\/media?parent=13153"}],"curies":[{"name":"wp","href":"https:\/\/api.w.org\/{rel}","templated":true}]}}