{"id":13093,"date":"2024-03-21T13:51:56","date_gmt":"2024-03-21T13:51:56","guid":{"rendered":"https:\/\/cloudmlmsoftware.com\/servicios\/integracion-de-comercio-e\/"},"modified":"2024-11-08T09:48:14","modified_gmt":"2024-11-08T09:48:14","slug":"integracion-de-comercio-electronico","status":"publish","type":"page","link":"https:\/\/cloudmlmsoftware.com\/es\/services\/integracion-de-comercio-electronico\/","title":{"rendered":"integraci\u00f3n-de-comercio-e"},"content":{"rendered":"\n<div class=\"bannerBgcolor BannerBg pt-16 relative overflow-hidden\">\n   <div class=\"animation-wrapper\">\n      <div class=\"particle particle-1\"><\/div>\n      <div class=\"particle particle-2\"><\/div>\n      <div class=\"particle particle-3\"><\/div>\n      <div class=\"particle particle-4\"><\/div>\n   <\/div>\n   <div class=\"container mx-auto pt-2 md:h-[600px] sm:h-[400px] h-[500px] overflow-hidden relative z-1\">\n      <div class=\"flex flex-wrap items-center\">\n         <div class=\"w-full md:w-10\/12 mx-auto text-center pt-10 mb-8\">\n            <h1 class=\"lg:text-mainTitleFontSize sm:text-3xl text-3xl text-white lg:leading-snug capitalize\"> Integraci\u00f3n <span class=\"font-bold animate-charcter-offwhite\">de comercio electr\u00f3nico<\/span> <\/h1>\n            <p class=\"offWhite pt-3 text-md md:text-lg font-light md:w-11\/12 mx-auto\">El software incluye m\u00f3dulos principales para realizar la integraci\u00f3n con varias soluciones de comercio electr\u00f3nico. Contamos con un equipo de expertos asignado para integrar el comercio electr\u00f3nico con el software MLM. <\/p>\n<div class=\"w-8\/12 mx-auto text-center pt-6\">\n<a href=\"https:\/\/demo.cloudmlmsoftware.com\" class=\"button primaryColor px-4 py-3 w-[132px] mx-auto rounded-md text-white md:flex text-sm md:text-md sm:block btn1\">Pruebe \n la demostraci\u00f3n gratuita <\/a>\n<\/div>\n         <\/div>\n         <div class=\"w-full p-4 relative z-9\">\n<img fetchpriority=\"high\" decoding=\"async\" src=\"https:\/\/cloudmlmsoftware.com\/wp-content\/themes\/cloudmlmdemo\/assets\/images\/banner\/ServicesBanner.webp\" alt=\"software mlm\" width=\"900\" height=\"643\" class=\"mx-auto\"\/>\n<img decoding=\"async\" src=\"\/wp-content\/uploads\/2024\/08\/seraniImg1.webp\" alt=\"software mlm\" width=\"32\" height=\"32\" class=\"sevraniImg sevraniImg1\"\/>\n<img decoding=\"async\" src=\"\/wp-content\/uploads\/2024\/08\/seraniImg2.webp\" alt=\"software mlm\" width=\"20\" height=\"20\" class=\"sevraniImg sevraniImg2\"\/>\n<img loading=\"lazy\" decoding=\"async\" src=\"\/wp-content\/uploads\/2024\/08\/seraniImg3.webp\" alt=\"software mlm\" width=\"28\" height=\"28\" class=\"sevraniImg sevraniImg3\"\/>\n<img loading=\"lazy\" decoding=\"async\" src=\"\/wp-content\/uploads\/2024\/08\/seraniImg4.webp\" alt=\"software mlm\" width=\"24\" height=\"24\" class=\"sevraniImg sevraniImg4\"\/>\n<img loading=\"lazy\" decoding=\"async\" src=\"\/wp-content\/uploads\/2024\/08\/seraniImg5.webp\" alt=\"software mlm\" width=\"34\" height=\"34\" class=\"sevraniImg sevraniImg5\"\/>\n<img loading=\"lazy\" decoding=\"async\" src=\"\/wp-content\/uploads\/2024\/08\/seraniImg6.webp\" alt=\"software mlm\" width=\"24\" height=\"24\" class=\"sevraniImg sevraniImg6\"\/>\n<img loading=\"lazy\" decoding=\"async\" src=\"\/wp-content\/uploads\/2024\/08\/seraniImg7.webp\" alt=\"software mlm\" width=\"24\" height=\"24\" class=\"sevraniImg sevraniImg7\"\/>\n<img loading=\"lazy\" decoding=\"async\" src=\"\/wp-content\/uploads\/2024\/08\/seraniImg8.webp\" alt=\"software mlm\" width=\"24\" height=\"24\" class=\"sevraniImg sevraniImg8\"\/>\n<\/div>\n      <\/div>\n   <\/div>\n<\/div>\n      <!-- ************************************************************************************* --> \n \n<section class=\"p-sectionpadding\">\n   <div class=\"container mx-auto pt-20\">\n<div class=\"relative wordpressBg rounded-2xl p-7 sm:p-12 overflow-hidden mt-20\">\n         <div class=\"flex flex-wrap items-center\">\n            <div class=\"lg:flex-shrink-0 w-full lg:w-6\/12 mt-3 \">\n               <img decoding=\"async\" src=\"\/wp-content\/uploads\/2024\/10\/wordpress-logo.webp\" width=\"180\" height=\"51\" alt=\"software mlm\"\/> \n               <h4 class=\"lg:text-TitlesemiFontSize text-2xl text-slate-950 lg:leading-snug capitalize\">  integraci\u00f3n<\/h4>\n               <p class=\"text-textpara text-slate-950 font-light leading-6 py-3 pt-3 \">WordPress es un sistema de gesti\u00f3n de contenidos vers\u00e1til y muy utilizado, pero personalizarlo e integrarlo con otras plataformas puede resultar complicado. Nuestro equipo est\u00e1 especializado en el desarrollo de WordPress, incluido el dise\u00f1o de temas personalizados, la integraci\u00f3n de API y la conversi\u00f3n de sitios web existentes a WordPress. \n<\/p>\n               <p class=\"text-textpara text-slate-950 font-light leading-6 py-3 pt-3\">Con un proceso de desarrollo estructurado y una lista de comprobaci\u00f3n detallada, garantizamos una integraci\u00f3n impecable con WordPress. Tu sitio web tendr\u00e1 un rendimiento optimizado, estar\u00e1 libre de errores y recibir\u00e1 asistencia incluso despu\u00e9s de su lanzamiento. <\/p>\n             <p class=\"text-textpara text-slate-950 font-light leading-6 py-3 pt-3\">\u00bfTenemos un trato? Leer m\u00e1s sobre <a class=\"transition-transform transform-gpu hover:scale-[1.02] wordpressTextColor cursor-pointer\" href=\"https:\/\/cloudmlmsoftware.com\/es\/services\/integracion-de-woocommerce-con-el-software-mlm-en-la-nube\/\"><b>Desarrollo de WordPress<\/b>.<\/a> <\/p>\n            <\/div>\n            <div class=\"w-full lg:w-6\/12\">\n               <h4 class=\"text-md text-slate-950 font-light leading-6 py-3 pl-0 sm:pl-10\">  \u00bfPor qu\u00e9 elegir nuestro WordPress?<\/h4>\n               <ul class=\"mt-4 block pl-0 sm:pl-10\">\n                  <li class=\"flex items-center space-x-2 bg-white duration-300 py-3 px-4 rounded-xl mb-3 w-full md:w-auto\"> <img decoding=\"async\" src=\"\/wp-content\/uploads\/2024\/07\/list1.webp\" width=\"20\" height=\"20\" alt=\"software mlm\"\/> <b class=\"font-normal text-slate-950 text-sm\">Convertir PSD en temas WordPress personalizados<\/b> <\/li>\n                  <li class=\"flex items-center space-x-2 bg-white duration-300 py-3 px-4 rounded-xl mb-3 w-full md:w-auto\"> <img decoding=\"async\" src=\"\/wp-content\/uploads\/2024\/07\/list1.webp\" width=\"20\" height=\"20\" alt=\"software mlm\"\/> <b class=\"font-normal text-slate-950 text-sm\">Dise\u00f1o y desarrollo de temas WordPress personalizados<\/b> <\/li>\n                  <li class=\"flex items-center space-x-2 bg-white duration-300 py-3 px-4 rounded-xl mb-3 w-full md:w-auto\"> <img decoding=\"async\" src=\"\/wp-content\/uploads\/2024\/07\/list1.webp\" width=\"20\" height=\"20\" alt=\"software mlm\"\/> <b class=\"font-normal text-slate-950 text-sm\">Integrar WordPress con varias API<\/b> <\/li>\n                  <li class=\"flex items-center space-x-2 bg-white duration-300 py-3 px-4 rounded-xl mb-3 w-full md:w-auto\"> <img decoding=\"async\" src=\"\/wp-content\/uploads\/2024\/07\/list1.webp\" width=\"20\" height=\"20\" alt=\"software mlm\"\/> <b class=\"font-normal text-slate-950 text-sm\">Integrar WordPress con el software MLM<\/b> <\/li>\n               <\/ul>\n            <\/div>\n         <\/div>\n      <\/div>\n<!-- ************************************************************************************* --> \n\n      <div class=\"relative opencartBg rounded-2xl p-7 sm:p-12 overflow-hidden mt-20\">\n         <div class=\"flex flex-wrap items-center lg:flex-row flex-col-reverse\">\n            <div class=\"w-full lg:w-6\/12\">\n               <h2 class=\"text-lg text-slate-950 font-light leading-6 py-3 pr-0 sm:pr-10\"> Ofrecemos pr\u00e1cticas de codificaci\u00f3n de alto est\u00e1ndar para todos nuestros productos. Podemos: <\/h2>\n               <ul class=\"mt-4 block pr-0 sm:pr-10\">\n                  <li class=\"flex items-center space-x-2 bg-white duration-300 py-3 px-4 rounded-xl mb-3 w-full md:w-auto\"> <img decoding=\"async\" src=\"\/wp-content\/uploads\/2024\/07\/list1.webp\" width=\"20\" height=\"20\" alt=\"software mlm\"\/> <b class=\"font-normal text-slate-950 text-sm\">Convierta PSD a plantilla opencart.<\/b> <\/li>\n                  <li class=\"flex items-center space-x-2 bg-white duration-300 py-3 px-4 rounded-xl mb-3 w-full md:w-auto\"> <img decoding=\"async\" src=\"\/wp-content\/uploads\/2024\/07\/list1.webp\" width=\"20\" height=\"20\" alt=\"software mlm\"\/> <b class=\"font-normal text-slate-950 text-sm\">Dise\u00f1ar y desarrollar plantilla opencart desde cero.<\/b> <\/li>\n                  <li class=\"flex items-center space-x-2 bg-white duration-300 py-3 px-4 rounded-xl mb-3 w-full md:w-auto\"> <img decoding=\"async\" src=\"\/wp-content\/uploads\/2024\/07\/list1.webp\" width=\"20\" height=\"20\" alt=\"software mlm\"\/> <b class=\"font-normal text-slate-950 text-sm\">Integre opencart con varias API,<\/b> <\/li>\n                  <li class=\"flex items-center space-x-2 bg-white duration-300 py-3 px-4 rounded-xl mb-3 w-full md:w-auto\"> <img decoding=\"async\" src=\"\/wp-content\/uploads\/2024\/07\/list1.webp\" width=\"20\" height=\"20\" alt=\"software mlm\"\/> <b class=\"font-normal text-slate-950 text-sm\">Integre opencart con el software MLM.<\/b> <\/li>\n               <\/ul>\n            <\/div>\n            <div class=\"lg:flex-shrink-0 w-full lg:w-6\/12 mt-3\">\n               <img decoding=\"async\" src=\"\/wp-content\/uploads\/2024\/07\/opencart-logo.webp\" width=\"260\" height=\"51\" alt=\"software mlm\"\/> \n               <h3 class=\"lg:text-TitlesemiFontSize text-2xl text-slate-950 lg:leading-snug capitalize\"> Desarrollo <\/h3>\n               <p class=\"text-textpara contentColor font-light leading-6 py-3 pt-3 text-slate-950\">Opencart es el sistema de comercio electr\u00f3nico m\u00e1s popular y flexible que existe. Es de c\u00f3digo abierto y de uso gratuito, aunque puede resultarle dif\u00edcil personalizarlo seg\u00fan sus necesidades. Contamos con un equipo experto para el desarrollo de opencart, que incluye el dise\u00f1o, la integraci\u00f3n y la conversi\u00f3n de plantillas de opencart personalizadas a opencart de otros sitios web de comercio electr\u00f3nico existentes.  <\/p>\n               <p class=\"text-textpara text-slate-950 font-light leading-6 py-3 pt-3\">Con un conjunto de reglas fijas y una lista de verificaci\u00f3n para el desarrollo de opencart, lo hacemos perfectamente. por lo que nunca tiene errores ni est\u00e1 aislado despu\u00e9s de la producci\u00f3n.  <\/p>\n               <p class=\"text-textpara text-slate-950 font-light leading-6 py-3 pt-3\">Lea sobre el proceso de desarrollo en la <a class=\"opencartTextColor cursor-pointer\" href=\"https:\/\/cloudmlmsoftware.com\/es\/services\/desarrollo-opencart\/\"><b>p\u00e1gina de desarrollo de Opencart.<\/b><\/a><\/p>\n            <\/div>\n         <\/div>\n      <\/div>\n      <!-- ************************************************************************************* --> \n      <div class=\"relative magentotBg rounded-2xl p-7 sm:p-12 overflow-hidden mt-20\">\n         <div class=\"flex flex-wrap items-center\">\n            <div class=\"lg:flex-shrink-0 w-full lg:w-6\/12 mt-3 \">\n               <img decoding=\"async\" src=\"\/wp-content\/uploads\/2024\/07\/Magento-logo.webp\" width=\"180\" height=\"51\" alt=\"software mlm\"\/> \n               <h4 class=\"lg:text-TitlesemiFontSize text-2xl text-slate-950 lg:leading-snug capitalize\"> Desarrollo <\/h4>\n               <p class=\"text-textpara text-slate-950 font-light leading-6 py-3 pt-3 \">Magento ha sido reconocido como el favorito de los \u00faltimos a\u00f1os. Con su alta escalabilidad y seguridad, Magento est\u00e1 avanzando hacia la primera fila de soluciones de comercio electr\u00f3nico. <\/p>\n               <p class=\"text-textpara text-slate-950 font-light leading-6 py-3 pt-3\">El desarrollo de Magento se realiza mediante una planificaci\u00f3n y ejecuci\u00f3n profundas, pero no se preocupe, nos tomamos en serio su negocio, lo mejoramos por nuestra parte. <\/p>\n               <p class=\"text-textpara text-slate-950 font-light leading-6 py-3 pt-3\">\u00bfTenemos un trato? Lea m\u00e1s sobre la <a class=\"transition-transform transform-gpu hover:scale-[1.02] magentoTextColor cursor-pointer\" href=\"\"><b>p\u00e1gina de desarrollo de Magento.<\/b><\/a> <\/p>\n            <\/div>\n            <div class=\"w-full lg:w-6\/12\">\n               <h4 class=\"text-md text-slate-950 font-light leading-6 py-3 pl-0 sm:pl-10\"> El desarrollo de Magento est\u00e1 gestionado por un grupo de programadores talentosos que le facilitan el desarrollo de Magento. Aqu\u00ed podemos: <\/h4>\n               <ul class=\"mt-4 block pl-0 sm:pl-10\">\n                  <li class=\"flex items-center space-x-2 bg-white duration-300 py-3 px-4 rounded-xl mb-3 w-full md:w-auto\"> <img decoding=\"async\" src=\"\/wp-content\/uploads\/2024\/07\/list1.webp\" width=\"20\" height=\"20\" alt=\"software mlm\"\/> <b class=\"font-normal text-slate-950 text-sm\">Desarrollar plantilla PSD para Magento<\/b> <\/li>\n                  <li class=\"flex items-center space-x-2 bg-white duration-300 py-3 px-4 rounded-xl mb-3 w-full md:w-auto\"> <img decoding=\"async\" src=\"\/wp-content\/uploads\/2024\/07\/list1.webp\" width=\"20\" height=\"20\" alt=\"software mlm\"\/> <b class=\"font-normal text-slate-950 text-sm\">Dise\u00f1ar y desarrollar plantilla Magento.<\/b> <\/li>\n                  <li class=\"flex items-center space-x-2 bg-white duration-300 py-3 px-4 rounded-xl mb-3 w-full md:w-auto\"> <img decoding=\"async\" src=\"\/wp-content\/uploads\/2024\/07\/list1.webp\" width=\"20\" height=\"20\" alt=\"software mlm\"\/> <b class=\"font-normal text-slate-950 text-sm\">Integre Magento con varias API<\/b> <\/li>\n                  <li class=\"flex items-center space-x-2 bg-white duration-300 py-3 px-4 rounded-xl mb-3 w-full md:w-auto\"> <img decoding=\"async\" src=\"\/wp-content\/uploads\/2024\/07\/list1.webp\" width=\"20\" height=\"20\" alt=\"software mlm\"\/> <b class=\"font-normal text-slate-950 text-sm\">Integre Magento con el software MLM<\/b> <\/li>\n               <\/ul>\n            <\/div>\n         <\/div>\n      <\/div>\n      <!-- ************************************************************************************* --> \n      <div class=\"relative shopifyBg rounded-2xl p-7 sm:p-12 overflow-hidden mt-20\">\n         <div class=\"flex flex-wrap items-center\">\n            <div class=\"w-full lg:w-6\/12\">\n               <h4 class=\"text-md text-slate-950 font-light leading-6 py-3 pr-0 sm:pr-10\"> Nuestro enfoque meticuloso, guiado por un conjunto estructurado de reglas y una lista de verificaci\u00f3n exhaustiva, garantiza que nuestros proyectos de desarrollo de Shopify se ejecuten sin problemas, lo que resulta en integraciones estables y eficientes. <\/h4>\n               <ul class=\"mt-4 block pr-0 sm:pr-10\">\n                  <li class=\"flex items-center space-x-2 bg-white duration-300 py-3 px-4 rounded-xl mb-3 w-full md:w-auto\"> <img decoding=\"async\" src=\"\/wp-content\/uploads\/2024\/07\/list1.webp\" width=\"20\" height=\"20\" alt=\"software mlm\"\/> <b class=\"font-normal text-slate-950 text-sm\">Plantillas personalizadas de Shopify<\/b> <\/li>\n                  <li class=\"flex items-center space-x-2 bg-white duration-300 py-3 px-4 rounded-xl mb-3 w-full md:w-auto\"> <img decoding=\"async\" src=\"\/wp-content\/uploads\/2024\/07\/list1.webp\" width=\"20\" height=\"20\" alt=\"software mlm\"\/> <b class=\"font-normal text-slate-950 text-sm\">Dise\u00f1o de plantilla a medida<\/b> <\/li>\n                  <li class=\"flex items-center space-x-2 bg-white duration-300 py-3 px-4 rounded-xl mb-3 w-full md:w-auto\"> <img decoding=\"async\" src=\"\/wp-content\/uploads\/2024\/07\/list1.webp\" width=\"20\" height=\"20\" alt=\"software mlm\"\/> <b class=\"font-normal text-slate-950 text-sm\">Integraci\u00f3n API<\/b> <\/li>\n                  <li class=\"flex items-center space-x-2 bg-white duration-300 py-3 px-4 rounded-xl mb-3 w-full md:w-auto\"> <img decoding=\"async\" src=\"\/wp-content\/uploads\/2024\/07\/list1.webp\" width=\"20\" height=\"20\" alt=\"software mlm\"\/> <b class=\"font-normal text-slate-950 text-sm\">Integraci\u00f3n de software de marketing multinivel<\/b> <\/li>\n               <\/ul>\n            <\/div>\n            <div class=\"lg:flex-shrink-0 w-full lg:w-6\/12 mt-3 \">\n               <img decoding=\"async\" src=\"\/wp-content\/uploads\/2024\/08\/Shopify_Logo.webp\" width=\"180\" height=\"51\" alt=\"software mlm\"\/> \n               <h4 class=\"lg:text-TitlesemiFontSize text-2xl text-slate-950 lg:leading-snug capitalize\">  Integraci\u00f3n  <\/h4>\n               <p class=\"text-textpara text-slate-950 font-light leading-6 py-3 pt-3 \">Integraci\u00f3n de comercio electr\u00f3nico con Shopify by Cloud MLM Software<\/p>\n               <p class=\"text-textpara text-slate-950 font-light leading-6 py-3 pt-3\">Shopify se destaca como una plataforma l\u00edder de comercio electr\u00f3nico conocida por su versatilidad e interfaz f\u00e1cil de usar. Sin embargo, personalizarlo para que se ajuste a requisitos comerciales espec\u00edficos puede ser una tarea compleja. En Cloud MLM Software, nuestro equipo de expertos se destaca en el desarrollo de Shopify y ofrece servicios que van desde el dise\u00f1o de plantillas personalizadas hasta la perfecta integraci\u00f3n de sitios web de comercio electr\u00f3nico existentes en Shopify.   <\/p>\n               <p class=\"text-textpara text-slate-950 font-light leading-6 py-3 pt-3\">Para obtener informaci\u00f3n detallada sobre nuestro proceso de desarrollo, visita nuestra <a class=\"transition-transform transform-gpu hover:scale-[1.02] shopifyTextColor cursor-pointer\" href=\"https:\/\/cloudmlmsoftware.com\/es\/services\/integracion-de-shopify-en-el-software-cloud-mlm\/\"><b>p\u00e1gina de Desarrollo de Shopify.<\/b><\/a><\/p>\n            <\/div>\n         <\/div>\n      <\/div>\n      <!-- ************************************************************************************* --> \n   <\/div>\n<\/section>\n","protected":false},"excerpt":{"rendered":"<p>Integraci\u00f3n de comercio electr\u00f3nico El software incluye m\u00f3dulos principales para realizar la integraci\u00f3n con varias soluciones de comercio electr\u00f3nico. Contamos con un equipo de expertos asignado para integrar el comercio electr\u00f3nico con el software MLM. Pruebe la demostraci\u00f3n gratuita integraci\u00f3n WordPress es un sistema de gesti\u00f3n de contenidos vers\u00e1til y muy utilizado, pero personalizarlo e [&hellip;]<\/p>\n","protected":false},"author":1,"featured_media":0,"parent":8126,"menu_order":0,"comment_status":"closed","ping_status":"closed","template":"ecommerse-page.php","meta":{"_acf_changed":false,"footnotes":""},"class_list":["post-13093","page","type-page","status-publish","hentry"],"acf":[],"yoast_head":"<!-- This site is optimized with the Yoast SEO Premium plugin v23.6 (Yoast SEO v25.9) - https:\/\/yoast.com\/wordpress\/plugins\/seo\/ -->\n<title>Servicios de integraci\u00f3n de comercio electr\u00f3nico | Soluciones en l\u00ednea perfectas<\/title>\n<meta name=\"description\" content=\"Servicios de integraci\u00f3n de comercio electr\u00f3nico para conectar perfectamente su tienda. Aumente la eficiencia, agilice las operaciones y mejore la experiencia del usuario.\" \/>\n<meta name=\"robots\" content=\"index, follow, max-snippet:-1, max-image-preview:large, max-video-preview:-1\" \/>\n<link rel=\"canonical\" href=\"https:\/\/cloudmlmsoftware.com\/es\/services\/integracion-de-comercio-electronico\/\" \/>\n<meta property=\"og:locale\" content=\"es_ES\" \/>\n<meta property=\"og:type\" content=\"article\" \/>\n<meta property=\"og:title\" content=\"integraci\u00f3n-de-comercio-e\" \/>\n<meta property=\"og:description\" content=\"Servicios de integraci\u00f3n de comercio electr\u00f3nico para conectar perfectamente su tienda. Aumente la eficiencia, agilice las operaciones y mejore la experiencia del usuario.\" \/>\n<meta property=\"og:url\" content=\"https:\/\/cloudmlmsoftware.com\/es\/services\/integracion-de-comercio-electronico\/\" \/>\n<meta property=\"og:site_name\" content=\"Cloud MLM Software\" \/>\n<meta property=\"article:modified_time\" content=\"2024-11-08T09:48:14+00:00\" \/>\n<meta property=\"og:image\" content=\"https:\/\/cloudmlmsoftware.com\/wp-content\/themes\/cloudmlmdemo\/assets\/images\/banner\/ServicesBanner.webp\" \/>\n<meta name=\"twitter:card\" content=\"summary_large_image\" \/>\n<meta name=\"twitter:label1\" content=\"Tiempo de lectura\" \/>\n\t<meta name=\"twitter:data1\" content=\"7 minutos\" \/>\n<!-- \/ Yoast SEO Premium plugin. -->","yoast_head_json":{"title":"Servicios de integraci\u00f3n de comercio electr\u00f3nico | Soluciones en l\u00ednea perfectas","description":"Servicios de integraci\u00f3n de comercio electr\u00f3nico para conectar perfectamente su tienda. Aumente la eficiencia, agilice las operaciones y mejore la experiencia del usuario.","robots":{"index":"index","follow":"follow","max-snippet":"max-snippet:-1","max-image-preview":"max-image-preview:large","max-video-preview":"max-video-preview:-1"},"canonical":"https:\/\/cloudmlmsoftware.com\/es\/services\/integracion-de-comercio-electronico\/","og_locale":"es_ES","og_type":"article","og_title":"integraci\u00f3n-de-comercio-e","og_description":"Servicios de integraci\u00f3n de comercio electr\u00f3nico para conectar perfectamente su tienda. Aumente la eficiencia, agilice las operaciones y mejore la experiencia del usuario.","og_url":"https:\/\/cloudmlmsoftware.com\/es\/services\/integracion-de-comercio-electronico\/","og_site_name":"Cloud MLM Software","article_modified_time":"2024-11-08T09:48:14+00:00","og_image":[{"url":"https:\/\/cloudmlmsoftware.com\/wp-content\/themes\/cloudmlmdemo\/assets\/images\/banner\/ServicesBanner.webp","type":"","width":"","height":""}],"twitter_card":"summary_large_image","twitter_misc":{"Tiempo de lectura":"7 minutos"},"schema":{"@context":"https:\/\/schema.org","@graph":[{"@type":"WebPage","@id":"https:\/\/cloudmlmsoftware.com\/es\/services\/integracion-de-comercio-electronico\/","url":"https:\/\/cloudmlmsoftware.com\/es\/services\/integracion-de-comercio-electronico\/","name":"Servicios de integraci\u00f3n de comercio electr\u00f3nico | Soluciones en l\u00ednea perfectas","isPartOf":{"@id":"https:\/\/cloudmlmsoftware.com\/es\/#website"},"primaryImageOfPage":{"@id":"https:\/\/cloudmlmsoftware.com\/es\/services\/integracion-de-comercio-electronico\/#primaryimage"},"image":{"@id":"https:\/\/cloudmlmsoftware.com\/es\/services\/integracion-de-comercio-electronico\/#primaryimage"},"thumbnailUrl":"https:\/\/cloudmlmsoftware.com\/wp-content\/themes\/cloudmlmdemo\/assets\/images\/banner\/ServicesBanner.webp","datePublished":"2024-03-21T13:51:56+00:00","dateModified":"2024-11-08T09:48:14+00:00","description":"Servicios de integraci\u00f3n de comercio electr\u00f3nico para conectar perfectamente su tienda. Aumente la eficiencia, agilice las operaciones y mejore la experiencia del usuario.","breadcrumb":{"@id":"https:\/\/cloudmlmsoftware.com\/es\/services\/integracion-de-comercio-electronico\/#breadcrumb"},"inLanguage":"es","potentialAction":[{"@type":"ReadAction","target":["https:\/\/cloudmlmsoftware.com\/es\/services\/integracion-de-comercio-electronico\/"]}]},{"@type":"ImageObject","inLanguage":"es","@id":"https:\/\/cloudmlmsoftware.com\/es\/services\/integracion-de-comercio-electronico\/#primaryimage","url":"https:\/\/cloudmlmsoftware.com\/wp-content\/themes\/cloudmlmdemo\/assets\/images\/banner\/ServicesBanner.webp","contentUrl":"https:\/\/cloudmlmsoftware.com\/wp-content\/themes\/cloudmlmdemo\/assets\/images\/banner\/ServicesBanner.webp"},{"@type":"BreadcrumbList","@id":"https:\/\/cloudmlmsoftware.com\/es\/services\/integracion-de-comercio-electronico\/#breadcrumb","itemListElement":[{"@type":"ListItem","position":1,"name":"Home","item":"https:\/\/cloudmlmsoftware.com\/es\/"},{"@type":"ListItem","position":2,"name":"Servicios","item":"https:\/\/cloudmlmsoftware.com\/es\/services\/"},{"@type":"ListItem","position":3,"name":"integraci\u00f3n-de-comercio-e"}]},{"@type":"WebSite","@id":"https:\/\/cloudmlmsoftware.com\/es\/#website","url":"https:\/\/cloudmlmsoftware.com\/es\/","name":"Cloud MLM Software","description":"","publisher":{"@id":"https:\/\/cloudmlmsoftware.com\/es\/#organization"},"potentialAction":[{"@type":"SearchAction","target":{"@type":"EntryPoint","urlTemplate":"https:\/\/cloudmlmsoftware.com\/es\/?s={search_term_string}"},"query-input":{"@type":"PropertyValueSpecification","valueRequired":true,"valueName":"search_term_string"}}],"inLanguage":"es"},{"@type":"Organization","@id":"https:\/\/cloudmlmsoftware.com\/es\/#organization","name":"Cloud MLM Software","url":"https:\/\/cloudmlmsoftware.com\/es\/","logo":{"@type":"ImageObject","inLanguage":"es","@id":"https:\/\/cloudmlmsoftware.com\/es\/#\/schema\/logo\/image\/","url":"https:\/\/cloudmlmsoftware.com\/wp-content\/uploads\/2024\/09\/cloudmlm-logo.webp","contentUrl":"https:\/\/cloudmlmsoftware.com\/wp-content\/uploads\/2024\/09\/cloudmlm-logo.webp","width":200,"height":40,"caption":"Cloud MLM Software"},"image":{"@id":"https:\/\/cloudmlmsoftware.com\/es\/#\/schema\/logo\/image\/"}}]}},"_links":{"self":[{"href":"https:\/\/cloudmlmsoftware.com\/es\/wp-json\/wp\/v2\/pages\/13093","targetHints":{"allow":["GET"]}}],"collection":[{"href":"https:\/\/cloudmlmsoftware.com\/es\/wp-json\/wp\/v2\/pages"}],"about":[{"href":"https:\/\/cloudmlmsoftware.com\/es\/wp-json\/wp\/v2\/types\/page"}],"author":[{"embeddable":true,"href":"https:\/\/cloudmlmsoftware.com\/es\/wp-json\/wp\/v2\/users\/1"}],"replies":[{"embeddable":true,"href":"https:\/\/cloudmlmsoftware.com\/es\/wp-json\/wp\/v2\/comments?post=13093"}],"version-history":[{"count":0,"href":"https:\/\/cloudmlmsoftware.com\/es\/wp-json\/wp\/v2\/pages\/13093\/revisions"}],"up":[{"embeddable":true,"href":"https:\/\/cloudmlmsoftware.com\/es\/wp-json\/wp\/v2\/pages\/8126"}],"wp:attachment":[{"href":"https:\/\/cloudmlmsoftware.com\/es\/wp-json\/wp\/v2\/media?parent=13093"}],"curies":[{"name":"wp","href":"https:\/\/api.w.org\/{rel}","templated":true}]}}