{"id":12408,"date":"2024-05-22T13:37:59","date_gmt":"2024-05-22T13:37:59","guid":{"rendered":"https:\/\/cloudmlmsoftware.com\/respuesta-automatica\/"},"modified":"2024-11-08T04:45:00","modified_gmt":"2024-11-08T04:45:00","slug":"respuesta-automatica","status":"publish","type":"page","link":"https:\/\/cloudmlmsoftware.com\/es\/respuesta-automatica\/","title":{"rendered":"respuesta autom\u00e1tica"},"content":{"rendered":"\n<div class=\"bannerBgcolor BannerBg pt-16 pb-20 relative overflow-hidden\">\n        <div class=\"animation-wrapper\">\n            <div class=\"particle particle-1\"><\/div>\n            <div class=\"particle particle-2\"><\/div>\n            <div class=\"particle particle-3\"><\/div>\n            <div class=\"particle particle-4\"><\/div>\n        <\/div>\n\n        <div class=\"container mx-auto xl:h-[504px] lg:h-[450px] h-auto relative z-1\">\n            <div class=\"flex flex-wrap items-center\">\n                <div class=\"md:basis-5\/12 sm:basis-12\/12 pr-4 pr-0 py-14\">\n                    <img decoding=\"async\" src=\"\/wp-content\/uploads\/2024\/08\/Modulesbanner.webp\" width=\"467\" height=\"411\" alt=\"El mejor software de mlm en EE. UU.\" class=\"pulseBannerImg\"\/>\n                <\/div>\n                <div class=\"md:basis-7\/12 sm:basis-12\/12\">\n                    <h1 class=\"lg:text-mainTitleFontSize sm:text-3xl text-3xl text-white lg:leading-snug \"> <span class=\"font-bold animate-charcter-offwhite\">Respuesta<\/span> autom\u00e1tica \n                    <\/h1>\n\n\n                    <p class=\"offlightWhite pt-3 text-md\">La respuesta autom\u00e1tica es un programa de software que se utiliza para enviar correos electr\u00f3nicos autom\u00e1ticamente seg\u00fan horarios u opciones definidas por un usuario administrador.<\/p>\n                <\/div>\n\n            <\/div>\n        <\/div>\n    <\/div>\n    <!-- ************************************************************************************* -->\n\n    <section class=\"p-sectionpadding\">\n        <div class=\"container mx-auto pt-20\">\n            <div class=\"flex flex-wrap items-start md:items-center flex-col-reverse md:flex-row\">\n                <div class=\"flex-1 w-full pr-0 md:pr-7 pr-0 mt-3\">\n                    <div class=\"relative\">\n\n                        <h2 class=\"lg:text-TitlesemiFontSize text-2xl titleColor lg:leading-snug capitalize\"> \u00bfQu\u00e9 es una <span class=\"font-bold\">respuesta autom\u00e1tica?<\/span>\n                        <\/h2>\n\n                        <p class=\"pt-6 font-light leading-6 text-textpara contentColor\">Un usuario administrador puede establecer la hora, el asunto y las opciones avanzadas en el panel de administraci\u00f3n y promocionar su negocio a trav\u00e9s de correos electr\u00f3nicos automatizados. Tambi\u00e9n se define como una herramienta de marketing por correo electr\u00f3nico, es decir, el sistema puede enviar autom\u00e1ticamente mensajes personalizados o mensajes din\u00e1micos en un intervalo.  <\/p>\n                        <p class=\"pt-6 font-light leading-6 text-textpara contentColor\">Un software MLM con respuesta autom\u00e1tica puede ser una buena opci\u00f3n para usted si planea enviar correos electr\u00f3nicos desde su sistema. En Cloud MLM Software, puedes hacer uso del m\u00f3dulo de respuesta autom\u00e1tica en todas sus posibilidades. Tambi\u00e9n hemos optimizado el sistema para mejorar la velocidad y la precisi\u00f3n. Este m\u00f3dulo se puede administrar f\u00e1cilmente desde el lado del administrador.    <\/p>\n                    <\/div>\n                <\/div>\n                <div class=\"hidden lg:flex items-end justify-right w-[360px] primaryColor rounded-2xl pt-20 pl-10 ml-0 md:ml-10 mb-2 pb-0 overflow-hidden mt-3\">\n                    <img decoding=\"async\" src=\"\/wp-content\/uploads\/2024\/08\/atursondrIntro.webp\" alt=\"Imagen\" class=\"relative right-[-10px] w-full\"\/>\n                <\/div>\n            <\/div>\n        <\/div>\n    <\/section>\n\n    <!-- ================================================================================================ -->\n    <section class=\"p-sectionpadding\">\n        <div class=\"container mx-auto \">\n            <div class=\"relative darkblue rounded-2xl p-7 lg:p-12 py-16 overflow-hidden\">\n                <div class=\"flex flex-wrap items-center\">\n\n                    <div class=\"relative w-full lg:w-5\/12 pr-0 lg:pr-12\">\n                        <img decoding=\"async\" src=\"\/wp-content\/uploads\/2024\/08\/moduleautoresponder2.webp\" alt=\"Imagen\" class=\"mb-4 w-full\"\/>\n                    <\/div>\n\n                    <div class=\"lg:flex-shrink-0 w-full lg:w-7\/12 \">\n                        <h3 class=\"text-3xl text-white lg:leading-snug capitalize\">\n                             <span class=\"font-bold\">Caracter\u00edsticas<\/span> del m\u00f3dulo de <span class=\"font-bold\">respuesta autom\u00e1tica<\/span> <\/h3>\n                        <ul class=\"flex flex-wrap space-x-2 mt-4 ml-[-12px] list1 mt-6\">\n                            <li class=\"text-textpara text-white font-light leading-6 mb-3 ml-2\">Este s\u00f3lido sistema le facilita mejorar, liderar y beneficiarse de sus propias listas de marketing por correo electr\u00f3nico. <\/li>\n                            <li class=\"text-textpara text-white font-light leading-6 mb-3 ml-2\">Al utilizar las respuestas autom\u00e1ticas de marketing por correo electr\u00f3nico de Cloud MLM, todos, como empresas, organizaciones, clubes, personas de negocios y profesionales de negocios desde casa, pueden mantenerse en contacto f\u00e1cilmente con sus clientes, promesas y miembros desde cualquier computadora en cualquier parte del mundo.<\/li>\n                            <li class=\"text-textpara text-white font-light leading-6 mb-3 ml-2\">Puede agregar participantes en el sistema de respuesta autom\u00e1tica y eliminarlos cuando sea necesario.<\/li>\n                            <li class=\"text-textpara text-white font-light leading-6 mb-3 ml-2\">Su sistema cron automatizado funciona las 24 horas del d\u00eda, los 7 d\u00edas de la semana y utiliza s\u00f3lo bits de memoria para trabajar en segundo plano.<\/li>\n                            <li class=\"text-textpara text-white font-light leading-6 mb-3 ml-2\">Una vez que recibe la configuraci\u00f3n de su respuesta autom\u00e1tica, se ejecuta en piloto autom\u00e1tico.<\/li>\n                        <\/ul>\n                    <\/div>\n                <\/div>\n            <\/div>\n        <\/div>\n    <\/section>\n\n    <!-- ************************************************************************************* -->\n\n    <section class=\"p-sectionpadding\">\n        <div class=\"container mx-auto\">\n            <div class=\"flex flex-wrap\">\n                <div class=\"w-full\">\n                    <h3 class=\"lg:text-TitlesemiFontSize text-2xl titleColor lg:leading-snug mt-3\">  Algunos <span class=\"font-bold\"> beneficios <\/span> \n                    <\/h3>\n                    <p class=\"text-textSubtitle contentColor text-sm font-light pt-5 leading-6 mb-3\"> La funci\u00f3n de respuesta autom\u00e1tica de nuestro software Cloud MLM est\u00e1 dise\u00f1ada para agilizar la comunicaci\u00f3n y mejorar la interacci\u00f3n con su red. Esta herramienta env\u00eda autom\u00e1ticamente respuestas o mensajes oportunos y relevantes a sus clientes potenciales y clientes, garantizando una interacci\u00f3n continua sin esfuerzo manual. Al automatizar seguimientos, confirmaciones y mensajes promocionales, se reduce significativamente el tiempo de respuesta y se aumenta la eficiencia. Esto le permite mantener una presencia constante con sus contactos, lo que genera una mejor satisfacci\u00f3n del cliente y mayores tasas de conversi\u00f3n. Ya sea que est\u00e9 fomentando clientes potenciales o apoyando a clientes existentes, nuestra respuesta autom\u00e1tica garantiza que su negocio de MLM se comunique de manera efectiva y r\u00e1pida.     <\/p>\n                <\/div>\n\n                <div class=\"w-full flex flex-wrap pt-2 justify-between\">\n\n\n                    <div class=\"w-full lg:w-1\/3 pr-0 lg:pr-5 lg:py-4 py-0 flex flex-col justify-between\">\n                        <div class=\"lighter px-7 py-8 rounded-xl mt-3 text-lg h-full flex flex-col justify-center\">\n                            <h4 class=\"text-xl titleColor lg:leading-snug mb-3 font-semibold mb-2\">Nombre de la captura<\/h4>\n                            <p class=\"text-textSubtitle contentColor text-sm font-light leading-6\">Tomando nombres y direcciones de correo electr\u00f3nico e incluso n\u00fameros de tel\u00e9fono.<\/p>\n                        <\/div>\n                        <div class=\"darkblue px-7 py-8 rounded-xl mt-4 text-lg h-full\">\n                            <h4 class=\"text-xl text-white lg:leading-snug mb-4 font-semibold mt-2\">Enlace a las redes sociales <\/h4>\n                            <p class=\"text-textSubtitle text-white text-sm font-light leading-6\">Obtenga mejores t\u00edtulos y encabezados y podr\u00e1 obtener m\u00e1s personas.<\/p>\n                        <\/div>\n                    <\/div>\n\n                    <div class=\"w-full lg:w-1\/3 pr-0 lg:pr-5 lg:py-4 py-0 flex flex-col justify-between\">\n                        <div class=\"primaryColor px-7 py-8 rounded-xl mt-3 text-lg h-full \">\n                            <h4 class=\"text-xl text-white lg:leading-snug mb-3 font-semibold mb-2\">Enviar correos electr\u00f3nicos de difusi\u00f3n <\/h4>\n                            <p class=\"text-textSubtitle text-white text-sm font-light leading-6\">Cuando desee enviar un correo electr\u00f3nico en una fecha espec\u00edfica, no es necesario que se siente y env\u00ede ese d\u00eda, sino que agregue a la lista el correo a enviar. Esto es muy importante cuando se inicia un nuevo producto o se realizan ventas de otro producto. <\/p>\n                        <\/div>\n                        <div class=\"lighter px-7 lg:px-10 py-6 rounded-xl text-lg mt-3 lg:mt-4 h-full\">\n                            <h4 class=\"text-xl titleColor lg:leading-snug mb-3 font-semibold mb-2\">Enlace a blogs<\/h4>\n                            <p class=\"text-textSubtitle contentColor text-sm font-light leading-6\">Obtenga mejores resultados utilizando blogs<\/p>\n                        <\/div>\n                    <\/div>\n\n                    <div class=\"lighter px-7 lg:px-10 py-6 rounded-xl mt-3 w-full lg:w-1\/3 lg:my-4 my-0 lg:mt-[27px] relative overflow-hidden flex flex-col justify-center\">\n                        <h4 class=\"text-xl titleColor lg:leading-snug mb-4 font-semibold\">Enviar correos electr\u00f3nicos programados<\/h4>\n                        <p class=\"text-textSubtitle contentColor text-sm font-light leading-6\">Env\u00ede correos electr\u00f3nicos de forma programada. por ejemplo: cuando decide enviar 5 correos electr\u00f3nicos, en lugar de enviarlos cada d\u00eda, puede configurar y conservar los 5 correos electr\u00f3nicos con anticipaci\u00f3n y dar instrucciones de tal manera que se env\u00eden los correos electr\u00f3nicos en un intervalo de 1 d\u00eda a las personas. en la lista y adem\u00e1s puede ampliarlo a un per\u00edodo de un a\u00f1o.<\/p>\n                    <\/div>\n\n                <\/div>\n            <\/div>\n        <\/div>\n    <\/section>\n\n    <!-- ************************************************************************************* -->\n\n    <section class=\"p-sectionpadding\">\n        <div class=\"container mx-auto\">\n\n            <div class=\"w-full flex items-start flex-wrap pt-2 justify-between\">\n\n                <div class=\"primaryColor px-7 lg:px-12 py-16 rounded-2xl mt-3 w-full lg:w-1\/3 relative overflow-hidden\">\n                    <h4 class=\"text-3xl text-white lg:leading-snug mb-4 capitalize\">\n                         <span class=\"font-bold\">Tipos<\/span> de sistema de <span class=\"font-bold\">respuesta autom\u00e1tica MLM<\/span> <\/h4>\n\n\n                    <p class=\"text-textSubtitle text-white text-sm font-light leading-6\">Una buena respuesta autom\u00e1tica que le ayuda a utilizar los clientes potenciales que ha obtenido, poder importarlos y saber que se est\u00e1n enviando por correo. Existen 3 tipos b\u00e1sicos de sistemas en el mercado. Quiere decidir cu\u00e1l es el mejor y el adecuado para usted.  <\/p>\n                <\/div>\n\n                <div class=\"px-0 lg:px-12 mt-3 w-full lg:w-2\/3\">\n                    <ul class=\"mt-10 lg:mt-0\">\n\n                        <li class=\"text-textpara offWhite leading-6 mb-6 flex items-start\">\n                            <div class=\"darkblue p-2 rounded-2xl flex items-center justify-center w-[60px] h-[60px] mr-6\">\n                                <img decoding=\"async\" src=\"\/wp-content\/uploads\/2024\/07\/Bulk-Emailers-img.webp\" width=\"32\" height=\"32\" alt=\"software mlm\"\/>\n                            <\/div>\n\n                            <div class=\"flex-1\">\n                                <h4 class=\"text-xl titleColor lg:leading-snug mb-3 font-semibold mb-2\">Env\u00edos de correo electr\u00f3nico masivos <\/h4>\n                                <p class=\"titleColor\">En esto, transfieres mensajes una vez a la lista que has importado. Puede transferir diferentes horas a la misma lista, en caso de que sea el mismo mensaje, o transferir varios mensajes cada vez. <\/p>\n                            <\/div>\n                        <\/li>\n                        <!-- ********************** -->\n\n                        <li class=\"text-textpara offWhite leading-6 mb-6 flex items-start\">\n                            <div class=\"darkblue p-2 rounded-2xl flex items-center justify-center w-[60px] h-[60px] mr-6\">\n                                <img decoding=\"async\" src=\"\/wp-content\/uploads\/2024\/07\/Open-Loop-img.webp\" width=\"32\" height=\"32\" alt=\"software mlm\"\/>\n                            <\/div>\n\n                            <div class=\"flex-1\">\n                                <h4 class=\"text-xl titleColor lg:leading-snug mb-3 font-semibold mb-2\">Respondedores autom\u00e1ticos de bucle abierto <\/h4>\n                                <p class=\"titleColor\">Hoy en d\u00eda, los respondedores autom\u00e1ticos de circuito abierto son raros. Muchos ISP han estado filtrando correos electr\u00f3nicos de Open Loops AR. La \u00fanica manera de hacer realmente un circuito abierto hoy en d\u00eda es alojarlo usted mismo, lo que puede ser bastante costoso y es para personas t\u00e9cnicamente avanzadas (no muy duplicable).  <\/p>\n                            <\/div>\n                        <\/li>\n                        <!-- ********************** -->\n\n\n                        <li class=\"text-textpara offWhite leading-6 mb-6 flex items-start\">\n                            <div class=\"darkblue p-2 rounded-2xl flex items-center justify-center w-[60px] h-[60px] mr-6\">\n                                <img decoding=\"async\" src=\"\/wp-content\/uploads\/2024\/07\/Closed-Loop-img.webp\" width=\"32\" height=\"32\" alt=\"software mlm\"\/>\n                            <\/div>\n\n                            <div class=\"flex-1\">\n                                <h4 class=\"text-xl titleColor lg:leading-snug mb-3 font-semibold mb-2\">Autorespondedores de circuito cerrado <\/h4>\n                                <p class=\"titleColor\">Estos requieren que usted genere sus propios clientes potenciales a trav\u00e9s de una p\u00e1gina de captura de clientes potenciales. Los AR de circuito cerrado tienen la tasa de entrega m\u00e1s alta, pero no puede importar clientes potenciales que haya comprado en su sistema. Tambi\u00e9n le permiten configurar una serie de mensajes que se entregar\u00e1n a los clientes potenciales a lo largo del tiempo.  <\/p>\n                            <\/div>\n                        <\/li>\n                        <!-- ********************** -->\n\n\n                    <\/ul>\n                <\/div>\n            <\/div>\n        <\/div>\n    <\/section>\n    <!-- ============================================================================================= -->\n    <section class=\"p-sectionpadding\">\n\n        <div class=\"container mx-auto\">\n            <div class=\"flex flex-wrap items-center\">\n                <div class=\"w-full xl:w-9\/12 mx-auto pt-10 mb-8\">\n                    <h4 class=\"lg:text-TitlesemiFontSize text-2xl titleColor lg:leading-snug text-center lg:w-7\/12 md:w-full mx-auto mt-7 capitalize\">\n                        <span class=\"font-bold animate-charcter\">Claves<\/span> para <span class=\"font-bold animate-charcter\">tener \u00e9xito con los<\/span> AutoResponders <\/h4>\n                <\/div>\n                <div class=\"flex flex-wrap mt-8\">\n                    <div class=\"w-full lg:w-6\/12 mx-auto lg:pr-10 pr-0\">\n                        <ul class=\"flex flex-wrap ml-[-12px] list1 mt-6\">\n                            <li class=\"text-md font-light leading-6 mb-4 ml-2\">Aseg\u00farate de tener tu propio sitio web <\/li>\n                            <li class=\"text-md font-light leading-6 mb-4 ml-2\">Las compa\u00f1\u00edas de mlm tienen sus propios sitios web replicados y est\u00e1n bien una vez que tienes un prospecto realmente &#8220;atractivo&#8221; en juego. Pero cuando se trata de prospecci\u00f3n y creaci\u00f3n de listas, usted desea tener su propio sitio web por varias razones. <\/li>\n                            <li class=\"text-md font-light font-light leading-6 mb-4 ml-2\">Tener su propio sitio web le permite construir su propia credibilidad.<\/li>\n                            <li class=\"text-md font-light leading-6 mb-4 ml-2\">Tener su propio sitio web le permite establecer una relaci\u00f3n personal con los clientes potenciales.<\/li>\n                            <li class=\"text-md font-light leading-6 mb-4 ml-2\">Tener tu propio sitio web te ayuda a destacar en los resultados de los motores de b\u00fasqueda.<\/li>\n                            <li class=\"text-md font-light leading-6 mb-4 ml-2\">Tener tu propio sitio web te ayuda a destacar sobre tu competencia.<\/li>\n                            <li class=\"text-md font-light leading-6 mb-4 ml-2\">Su sitio web puede ser un sitio simple de una p\u00e1gina que brinde una descripci\u00f3n general de qui\u00e9n es usted, su negocio, su estilo de vida, etc. <\/li>\n                            <li class=\"text-md font-light leading-6 mb-4 ml-2\">Su sitio web debe invitar a los visitantes a solicitarle informaci\u00f3n gratuita. Esto nos lleva a la siguiente clave: <\/li>\n                        <\/ul>\n\n                    <\/div>\n\n                    <div class=\"w-full lg:w-6\/12 mx-auto lg:pl-10 pl-0\">\n                        <ul class=\"flex flex-wrap ml-[-12px] list1 mt-6\">\n\n                            <li class=\"text-md font-light leading-6 mb-4 ml-2\">Agregue un formulario de suscripci\u00f3n a su sitio web.<\/li>\n                            <li class=\"text-md font-light leading-6 mb-4 ml-2\">El formulario de suscripci\u00f3n debe solicitar un nombre y una direcci\u00f3n de correo electr\u00f3nico. Este formulario es la clave para convertir a los visitantes del sitio web en prospectos. <\/li>\n                            <li class=\"text-md font-light leading-6 mb-4 ml-2\">Sus mensajes de respuesta autom\u00e1tica son donde incluir\u00eda un enlace al sitio replicado ofrecido por su empresa de mlm.<\/li>\n                            <li class=\"text-md font-light leading-6 mb-4 ml-2\">Un beneficio adicional de crear sus propias listas espec\u00edficas con su propio sitio web y respuesta autom\u00e1tica es que si su empresa de mlm experimenta problemas, cierra o deja de estar disponible por cualquier motivo, podr\u00e1 continuar construyendo su propia credibilidad, cambiar a otra empresa y continuar con sus operaciones sin tener que empezar de nuevo desde el cero absoluto.<\/li>\n                            <li class=\"text-md font-light leading-6 mb-4 ml-2\">Entonces, en realidad, una respuesta autom\u00e1tica es algo que se utiliza para recopilar informaci\u00f3n y usted puede enviar correos electr\u00f3nicos a estas direcciones que incluyen mensajes de ventas, mensajes de marketing, que deben contener contenido de calidad que su cliente realmente deber\u00eda apreciar y promocionar su producto. <\/li>\n                        <\/ul>\n\n\n\n                    <\/div>\n                <\/div>\n\n            <\/div>\n        <\/div>\n    <\/section>\n","protected":false},"excerpt":{"rendered":"<p>Respuesta autom\u00e1tica La respuesta autom\u00e1tica es un programa de software que se utiliza para enviar correos electr\u00f3nicos autom\u00e1ticamente seg\u00fan horarios u opciones definidas por un usuario administrador. \u00bfQu\u00e9 es una respuesta autom\u00e1tica? Un usuario administrador puede establecer la hora, el asunto y las opciones avanzadas en el panel de administraci\u00f3n y promocionar su negocio a [&hellip;]<\/p>\n","protected":false},"author":1,"featured_media":0,"parent":0,"menu_order":0,"comment_status":"closed","ping_status":"closed","template":"moduleautoresponder-page.php","meta":{"_acf_changed":false,"footnotes":""},"class_list":["post-12408","page","type-page","status-publish","hentry"],"acf":[],"yoast_head":"<!-- This site is optimized with the Yoast SEO Premium plugin v23.6 (Yoast SEO v25.9) - https:\/\/yoast.com\/wordpress\/plugins\/seo\/ -->\n<title>Respondedor autom\u00e1tico inteligente | Automatice su comunicaci\u00f3n f\u00e1cilmente<\/title>\n<meta name=\"description\" content=\"Automatice su comunicaci\u00f3n con nuestro Auto Responder inteligente. Ahorre tiempo, aumente la participaci\u00f3n y brinde respuestas oportunas y sin esfuerzo.\" \/>\n<meta name=\"robots\" content=\"index, follow, max-snippet:-1, max-image-preview:large, max-video-preview:-1\" \/>\n<link rel=\"canonical\" href=\"https:\/\/cloudmlmsoftware.com\/es\/respuesta-automatica\/\" \/>\n<meta property=\"og:locale\" content=\"es_ES\" \/>\n<meta property=\"og:type\" content=\"article\" \/>\n<meta property=\"og:title\" content=\"respuesta autom\u00e1tica\" \/>\n<meta property=\"og:description\" content=\"Automatice su comunicaci\u00f3n con nuestro Auto Responder inteligente. Ahorre tiempo, aumente la participaci\u00f3n y brinde respuestas oportunas y sin esfuerzo.\" \/>\n<meta property=\"og:url\" content=\"https:\/\/cloudmlmsoftware.com\/es\/respuesta-automatica\/\" \/>\n<meta property=\"og:site_name\" content=\"Cloud MLM Software\" \/>\n<meta property=\"article:modified_time\" content=\"2024-11-08T04:45:00+00:00\" \/>\n<meta name=\"twitter:card\" content=\"summary_large_image\" \/>\n<meta name=\"twitter:label1\" content=\"Tiempo de lectura\" \/>\n\t<meta name=\"twitter:data1\" content=\"6 minutos\" \/>\n<!-- \/ Yoast SEO Premium plugin. -->","yoast_head_json":{"title":"Respondedor autom\u00e1tico inteligente | Automatice su comunicaci\u00f3n f\u00e1cilmente","description":"Automatice su comunicaci\u00f3n con nuestro Auto Responder inteligente. Ahorre tiempo, aumente la participaci\u00f3n y brinde respuestas oportunas y sin esfuerzo.","robots":{"index":"index","follow":"follow","max-snippet":"max-snippet:-1","max-image-preview":"max-image-preview:large","max-video-preview":"max-video-preview:-1"},"canonical":"https:\/\/cloudmlmsoftware.com\/es\/respuesta-automatica\/","og_locale":"es_ES","og_type":"article","og_title":"respuesta autom\u00e1tica","og_description":"Automatice su comunicaci\u00f3n con nuestro Auto Responder inteligente. Ahorre tiempo, aumente la participaci\u00f3n y brinde respuestas oportunas y sin esfuerzo.","og_url":"https:\/\/cloudmlmsoftware.com\/es\/respuesta-automatica\/","og_site_name":"Cloud MLM Software","article_modified_time":"2024-11-08T04:45:00+00:00","twitter_card":"summary_large_image","twitter_misc":{"Tiempo de lectura":"6 minutos"},"schema":{"@context":"https:\/\/schema.org","@graph":[{"@type":"WebPage","@id":"https:\/\/cloudmlmsoftware.com\/es\/respuesta-automatica\/","url":"https:\/\/cloudmlmsoftware.com\/es\/respuesta-automatica\/","name":"Respondedor autom\u00e1tico inteligente | Automatice su comunicaci\u00f3n f\u00e1cilmente","isPartOf":{"@id":"https:\/\/cloudmlmsoftware.com\/es\/#website"},"datePublished":"2024-05-22T13:37:59+00:00","dateModified":"2024-11-08T04:45:00+00:00","description":"Automatice su comunicaci\u00f3n con nuestro Auto Responder inteligente. Ahorre tiempo, aumente la participaci\u00f3n y brinde respuestas oportunas y sin esfuerzo.","breadcrumb":{"@id":"https:\/\/cloudmlmsoftware.com\/es\/respuesta-automatica\/#breadcrumb"},"inLanguage":"es","potentialAction":[{"@type":"ReadAction","target":["https:\/\/cloudmlmsoftware.com\/es\/respuesta-automatica\/"]}]},{"@type":"BreadcrumbList","@id":"https:\/\/cloudmlmsoftware.com\/es\/respuesta-automatica\/#breadcrumb","itemListElement":[{"@type":"ListItem","position":1,"name":"Home","item":"https:\/\/cloudmlmsoftware.com\/es\/"},{"@type":"ListItem","position":2,"name":"respuesta autom\u00e1tica"}]},{"@type":"WebSite","@id":"https:\/\/cloudmlmsoftware.com\/es\/#website","url":"https:\/\/cloudmlmsoftware.com\/es\/","name":"Cloud MLM Software","description":"","publisher":{"@id":"https:\/\/cloudmlmsoftware.com\/es\/#organization"},"potentialAction":[{"@type":"SearchAction","target":{"@type":"EntryPoint","urlTemplate":"https:\/\/cloudmlmsoftware.com\/es\/?s={search_term_string}"},"query-input":{"@type":"PropertyValueSpecification","valueRequired":true,"valueName":"search_term_string"}}],"inLanguage":"es"},{"@type":"Organization","@id":"https:\/\/cloudmlmsoftware.com\/es\/#organization","name":"Cloud MLM Software","url":"https:\/\/cloudmlmsoftware.com\/es\/","logo":{"@type":"ImageObject","inLanguage":"es","@id":"https:\/\/cloudmlmsoftware.com\/es\/#\/schema\/logo\/image\/","url":"https:\/\/cloudmlmsoftware.com\/wp-content\/uploads\/2024\/09\/cloudmlm-logo.webp","contentUrl":"https:\/\/cloudmlmsoftware.com\/wp-content\/uploads\/2024\/09\/cloudmlm-logo.webp","width":200,"height":40,"caption":"Cloud MLM Software"},"image":{"@id":"https:\/\/cloudmlmsoftware.com\/es\/#\/schema\/logo\/image\/"}}]}},"_links":{"self":[{"href":"https:\/\/cloudmlmsoftware.com\/es\/wp-json\/wp\/v2\/pages\/12408","targetHints":{"allow":["GET"]}}],"collection":[{"href":"https:\/\/cloudmlmsoftware.com\/es\/wp-json\/wp\/v2\/pages"}],"about":[{"href":"https:\/\/cloudmlmsoftware.com\/es\/wp-json\/wp\/v2\/types\/page"}],"author":[{"embeddable":true,"href":"https:\/\/cloudmlmsoftware.com\/es\/wp-json\/wp\/v2\/users\/1"}],"replies":[{"embeddable":true,"href":"https:\/\/cloudmlmsoftware.com\/es\/wp-json\/wp\/v2\/comments?post=12408"}],"version-history":[{"count":0,"href":"https:\/\/cloudmlmsoftware.com\/es\/wp-json\/wp\/v2\/pages\/12408\/revisions"}],"wp:attachment":[{"href":"https:\/\/cloudmlmsoftware.com\/es\/wp-json\/wp\/v2\/media?parent=12408"}],"curies":[{"name":"wp","href":"https:\/\/api.w.org\/{rel}","templated":true}]}}